{"id":7685,"date":"2021-05-14T08:24:25","date_gmt":"2021-05-14T08:24:25","guid":{"rendered":"https:\/\/wmtbaltic.lv\/?post_type=product&#038;p=7685"},"modified":"2025-03-18T14:15:12","modified_gmt":"2025-03-18T14:15:12","slug":"secabo-tp10-termoprese-80cm-x-100cm","status":"publish","type":"product","link":"https:\/\/wmtbaltic.lv\/en\/product\/secabo-tp10-termoprese-80cm-x-100cm\/","title":{"rendered":"Secabo TP10 termoprese 80cm x 100cm"},"content":{"rendered":"<p>Secabo TP10 ir jauna\u00a0 pneimatisk\u0101 termoprese\u00a0<span class=\"Y2IQFc\" lang=\"lv\">paredz\u0113ta profesion\u0101liem\u00a0<\/span>tie\u0161\u0101s drukas printeriem.<\/p>\n<p>Izm\u0113rs: 105cm x 90cm x 145cm<\/p>\n<p>Darba virsma: 80cm x 100cm<\/p>\n<p>Maks. spiediens:150 g\/cm\u00b2<\/p>\n<p>Maks. temperat\u016bra: 225 \u00b0C<\/p>\n<p>Svars bez iepakojuma: 320,00 kg<\/p>\n<p>Svars ar iepakojumu: 320,58 kg<\/p>\n<p><a href=\"https:\/\/download.secabo.com\/en\/secabo_TP10.pdf\">Ra\u017eot\u0101ja apraksts<\/a><\/p>\n<iframe loading=\"lazy\"  id=\"_ytid_95140\"  width=\"780\" height=\"439\"  data-origwidth=\"780\" data-origheight=\"439\" src=\"https:\/\/www.youtube.com\/embed\/YfPl-SWIpxY?enablejsapi=1&autoplay=0&cc_load_policy=0&cc_lang_pref=&iv_load_policy=1&loop=0&rel=1&fs=1&playsinline=0&autohide=2&theme=dark&color=red&controls=1&disablekb=0&\" class=\"__youtube_prefs__  no-lazyload\" title=\"YouTube player\"  allow=\"fullscreen; accelerometer; autoplay; clipboard-write; encrypted-media; gyroscope; picture-in-picture; web-share\" referrerpolicy=\"strict-origin-when-cross-origin\" allowfullscreen data-no-lazy=\"1\" data-skipgform_ajax_framebjll=\"\"><\/iframe>\n","protected":false},"excerpt":{"rendered":"Secabo TP10 ir jauna\u00a0 pneimatisk\u0101 termoprese\u00a0paredz\u0113ta profesion\u0101liem\u00a0tie\u0161\u0101s drukas printeriem. Izm\u0113rs: 105cm x 90cm x 145cm Darba virsma: 80cm x 100cm Maks. spiediens:150 g\/cm\u00b2 Maks. temperat\u016bra: 225 \u00b0C Svars bez iepakojuma: 320,00 kg Svars ar iepakojumu: 320,58 kg Ra\u017eot\u0101ja apraksts","protected":false},"featured_media":7686,"template":"","meta":[],"product_brand":[],"product_cat":[258,428,260],"product_tag":[591,729,586,734],"class_list":{"0":"post-7685","1":"product","2":"type-product","3":"status-publish","4":"has-post-thumbnail","6":"product_cat-iekartas-un-izejmateriali","7":"product_cat-plakanas-automatiskas-termopreses","8":"product_cat-termopreses-iekartas-un-izejmateriali","9":"product_tag-heat-transfer","10":"product_tag-iekartas","11":"product_tag-secabo","12":"product_tag-termoparnes","14":"first","15":"instock","16":"shipping-taxable","17":"purchasable","18":"product-type-simple"},"yoast_head":"<!-- This site is optimized with the Yoast SEO plugin v27.3 - https:\/\/yoast.com\/product\/yoast-seo-wordpress\/ -->\n<title>Secabo TP10 termoprese 80cm x 100cm - WMT Baltic<\/title>\n<meta name=\"description\" content=\"Secabo TP10 ir jauna\u00a0 pneimatisk\u0101 termoprese\u00a0paredz\u0113ta profesion\u0101liem tekstila printeriem lielu priek\u0161metu druk\u0101\u0161anai.\" \/>\n<meta name=\"robots\" content=\"index, follow, max-snippet:-1, max-image-preview:large, max-video-preview:-1\" \/>\n<link rel=\"canonical\" href=\"https:\/\/wmtbaltic.lv\/product\/secabo-tp10-termoprese-80cm-x-100cm\/\" \/>\n<meta property=\"og:locale\" content=\"en_US\" \/>\n<meta property=\"og:type\" content=\"article\" \/>\n<meta property=\"og:title\" content=\"Secabo TP10 termoprese 80cm x 100cm - WMT Baltic\" \/>\n<meta property=\"og:description\" content=\"Secabo TP10 ir jauna\u00a0 pneimatisk\u0101 termoprese\u00a0paredz\u0113ta profesion\u0101liem tekstila printeriem lielu priek\u0161metu druk\u0101\u0161anai.\" \/>\n<meta property=\"og:url\" content=\"https:\/\/wmtbaltic.lv\/product\/secabo-tp10-termoprese-80cm-x-100cm\/\" \/>\n<meta property=\"og:site_name\" content=\"WMT Baltic\" \/>\n<meta property=\"article:publisher\" content=\"https:\/\/www.facebook.com\/WMT.Baltic.viscom\/?locale=lv_LV\" \/>\n<meta property=\"article:modified_time\" content=\"2025-03-18T14:15:12+00:00\" \/>\n<meta property=\"og:image\" content=\"http:\/\/wmtbaltic.lv\/wp-content\/uploads\/2021\/05\/Y2hTM1lw-scaled.jpeg\" \/>\n\t<meta property=\"og:image:width\" content=\"2560\" \/>\n\t<meta property=\"og:image:height\" content=\"1938\" \/>\n\t<meta property=\"og:image:type\" content=\"image\/jpeg\" \/>\n<meta name=\"twitter:card\" content=\"summary_large_image\" \/>\n<meta name=\"twitter:label1\" content=\"Est. reading time\" \/>\n\t<meta name=\"twitter:data1\" content=\"1 minute\" \/>\n<script type=\"application\/ld+json\" class=\"yoast-schema-graph\">{\"@context\":\"https:\\\/\\\/schema.org\",\"@graph\":[{\"@type\":\"WebPage\",\"@id\":\"https:\\\/\\\/wmtbaltic.lv\\\/product\\\/secabo-tp10-termoprese-80cm-x-100cm\\\/\",\"url\":\"https:\\\/\\\/wmtbaltic.lv\\\/product\\\/secabo-tp10-termoprese-80cm-x-100cm\\\/\",\"name\":\"Secabo TP10 termoprese 80cm x 100cm - WMT Baltic\",\"isPartOf\":{\"@id\":\"https:\\\/\\\/wmtbaltic.lv\\\/#website\"},\"primaryImageOfPage\":{\"@id\":\"https:\\\/\\\/wmtbaltic.lv\\\/product\\\/secabo-tp10-termoprese-80cm-x-100cm\\\/#primaryimage\"},\"image\":{\"@id\":\"https:\\\/\\\/wmtbaltic.lv\\\/product\\\/secabo-tp10-termoprese-80cm-x-100cm\\\/#primaryimage\"},\"thumbnailUrl\":\"https:\\\/\\\/wmtbaltic.lv\\\/wp-content\\\/uploads\\\/2021\\\/05\\\/Y2hTM1lw-scaled.jpeg\",\"datePublished\":\"2021-05-14T08:24:25+00:00\",\"dateModified\":\"2025-03-18T14:15:12+00:00\",\"description\":\"Secabo TP10 ir jauna\u00a0 pneimatisk\u0101 termoprese\u00a0paredz\u0113ta profesion\u0101liem tekstila printeriem lielu priek\u0161metu druk\u0101\u0161anai.\",\"breadcrumb\":{\"@id\":\"https:\\\/\\\/wmtbaltic.lv\\\/product\\\/secabo-tp10-termoprese-80cm-x-100cm\\\/#breadcrumb\"},\"inLanguage\":\"en-US\",\"potentialAction\":[{\"@type\":\"ReadAction\",\"target\":[\"https:\\\/\\\/wmtbaltic.lv\\\/product\\\/secabo-tp10-termoprese-80cm-x-100cm\\\/\"]}]},{\"@type\":\"ImageObject\",\"inLanguage\":\"en-US\",\"@id\":\"https:\\\/\\\/wmtbaltic.lv\\\/product\\\/secabo-tp10-termoprese-80cm-x-100cm\\\/#primaryimage\",\"url\":\"https:\\\/\\\/wmtbaltic.lv\\\/wp-content\\\/uploads\\\/2021\\\/05\\\/Y2hTM1lw-scaled.jpeg\",\"contentUrl\":\"https:\\\/\\\/wmtbaltic.lv\\\/wp-content\\\/uploads\\\/2021\\\/05\\\/Y2hTM1lw-scaled.jpeg\",\"width\":2560,\"height\":1938},{\"@type\":\"BreadcrumbList\",\"@id\":\"https:\\\/\\\/wmtbaltic.lv\\\/product\\\/secabo-tp10-termoprese-80cm-x-100cm\\\/#breadcrumb\",\"itemListElement\":[{\"@type\":\"ListItem\",\"position\":1,\"name\":\"Home\",\"item\":\"https:\\\/\\\/wmtbaltic.lv\\\/en\\\/\"},{\"@type\":\"ListItem\",\"position\":2,\"name\":\"Shop\",\"item\":\"https:\\\/\\\/wmtbaltic.lv\\\/shop\\\/\"},{\"@type\":\"ListItem\",\"position\":3,\"name\":\"Secabo TP10 termoprese 80cm x 100cm\"}]},{\"@type\":\"WebSite\",\"@id\":\"https:\\\/\\\/wmtbaltic.lv\\\/#website\",\"url\":\"https:\\\/\\\/wmtbaltic.lv\\\/\",\"name\":\"WMT Baltic\",\"description\":\"Rekl\u0101mas produkti, pl\u0113ves\",\"publisher\":{\"@id\":\"https:\\\/\\\/wmtbaltic.lv\\\/#organization\"},\"potentialAction\":[{\"@type\":\"SearchAction\",\"target\":{\"@type\":\"EntryPoint\",\"urlTemplate\":\"https:\\\/\\\/wmtbaltic.lv\\\/?s={search_term_string}\"},\"query-input\":{\"@type\":\"PropertyValueSpecification\",\"valueRequired\":true,\"valueName\":\"search_term_string\"}}],\"inLanguage\":\"en-US\"},{\"@type\":\"Organization\",\"@id\":\"https:\\\/\\\/wmtbaltic.lv\\\/#organization\",\"name\":\"WMT Baltic\",\"url\":\"https:\\\/\\\/wmtbaltic.lv\\\/\",\"logo\":{\"@type\":\"ImageObject\",\"inLanguage\":\"en-US\",\"@id\":\"https:\\\/\\\/wmtbaltic.lv\\\/#\\\/schema\\\/logo\\\/image\\\/\",\"url\":\"https:\\\/\\\/wmtbaltic.lv\\\/wp-content\\\/uploads\\\/2024\\\/12\\\/wmt-baltic-sia_107142_9_420x180.jpg\",\"contentUrl\":\"https:\\\/\\\/wmtbaltic.lv\\\/wp-content\\\/uploads\\\/2024\\\/12\\\/wmt-baltic-sia_107142_9_420x180.jpg\",\"width\":420,\"height\":180,\"caption\":\"WMT Baltic\"},\"image\":{\"@id\":\"https:\\\/\\\/wmtbaltic.lv\\\/#\\\/schema\\\/logo\\\/image\\\/\"},\"sameAs\":[\"https:\\\/\\\/www.facebook.com\\\/WMT.Baltic.viscom\\\/?locale=lv_LV\",\"https:\\\/\\\/www.instagram.com\\\/viscom_wmt\\\/\"]}]}<\/script>\n<!-- \/ Yoast SEO plugin. -->","yoast_head_json":{"title":"Secabo TP10 termoprese 80cm x 100cm - WMT Baltic","description":"Secabo TP10 ir jauna\u00a0 pneimatisk\u0101 termoprese\u00a0paredz\u0113ta profesion\u0101liem tekstila printeriem lielu priek\u0161metu druk\u0101\u0161anai.","robots":{"index":"index","follow":"follow","max-snippet":"max-snippet:-1","max-image-preview":"max-image-preview:large","max-video-preview":"max-video-preview:-1"},"canonical":"https:\/\/wmtbaltic.lv\/product\/secabo-tp10-termoprese-80cm-x-100cm\/","og_locale":"en_US","og_type":"article","og_title":"Secabo TP10 termoprese 80cm x 100cm - WMT Baltic","og_description":"Secabo TP10 ir jauna\u00a0 pneimatisk\u0101 termoprese\u00a0paredz\u0113ta profesion\u0101liem tekstila printeriem lielu priek\u0161metu druk\u0101\u0161anai.","og_url":"https:\/\/wmtbaltic.lv\/product\/secabo-tp10-termoprese-80cm-x-100cm\/","og_site_name":"WMT Baltic","article_publisher":"https:\/\/www.facebook.com\/WMT.Baltic.viscom\/?locale=lv_LV","article_modified_time":"2025-03-18T14:15:12+00:00","og_image":[{"width":2560,"height":1938,"url":"http:\/\/wmtbaltic.lv\/wp-content\/uploads\/2021\/05\/Y2hTM1lw-scaled.jpeg","type":"image\/jpeg"}],"twitter_card":"summary_large_image","twitter_misc":{"Est. reading time":"1 minute"},"schema":{"@context":"https:\/\/schema.org","@graph":[{"@type":"WebPage","@id":"https:\/\/wmtbaltic.lv\/product\/secabo-tp10-termoprese-80cm-x-100cm\/","url":"https:\/\/wmtbaltic.lv\/product\/secabo-tp10-termoprese-80cm-x-100cm\/","name":"Secabo TP10 termoprese 80cm x 100cm - WMT Baltic","isPartOf":{"@id":"https:\/\/wmtbaltic.lv\/#website"},"primaryImageOfPage":{"@id":"https:\/\/wmtbaltic.lv\/product\/secabo-tp10-termoprese-80cm-x-100cm\/#primaryimage"},"image":{"@id":"https:\/\/wmtbaltic.lv\/product\/secabo-tp10-termoprese-80cm-x-100cm\/#primaryimage"},"thumbnailUrl":"https:\/\/wmtbaltic.lv\/wp-content\/uploads\/2021\/05\/Y2hTM1lw-scaled.jpeg","datePublished":"2021-05-14T08:24:25+00:00","dateModified":"2025-03-18T14:15:12+00:00","description":"Secabo TP10 ir jauna\u00a0 pneimatisk\u0101 termoprese\u00a0paredz\u0113ta profesion\u0101liem tekstila printeriem lielu priek\u0161metu druk\u0101\u0161anai.","breadcrumb":{"@id":"https:\/\/wmtbaltic.lv\/product\/secabo-tp10-termoprese-80cm-x-100cm\/#breadcrumb"},"inLanguage":"en-US","potentialAction":[{"@type":"ReadAction","target":["https:\/\/wmtbaltic.lv\/product\/secabo-tp10-termoprese-80cm-x-100cm\/"]}]},{"@type":"ImageObject","inLanguage":"en-US","@id":"https:\/\/wmtbaltic.lv\/product\/secabo-tp10-termoprese-80cm-x-100cm\/#primaryimage","url":"https:\/\/wmtbaltic.lv\/wp-content\/uploads\/2021\/05\/Y2hTM1lw-scaled.jpeg","contentUrl":"https:\/\/wmtbaltic.lv\/wp-content\/uploads\/2021\/05\/Y2hTM1lw-scaled.jpeg","width":2560,"height":1938},{"@type":"BreadcrumbList","@id":"https:\/\/wmtbaltic.lv\/product\/secabo-tp10-termoprese-80cm-x-100cm\/#breadcrumb","itemListElement":[{"@type":"ListItem","position":1,"name":"Home","item":"https:\/\/wmtbaltic.lv\/en\/"},{"@type":"ListItem","position":2,"name":"Shop","item":"https:\/\/wmtbaltic.lv\/shop\/"},{"@type":"ListItem","position":3,"name":"Secabo TP10 termoprese 80cm x 100cm"}]},{"@type":"WebSite","@id":"https:\/\/wmtbaltic.lv\/#website","url":"https:\/\/wmtbaltic.lv\/","name":"WMT Baltic","description":"Rekl\u0101mas produkti, pl\u0113ves","publisher":{"@id":"https:\/\/wmtbaltic.lv\/#organization"},"potentialAction":[{"@type":"SearchAction","target":{"@type":"EntryPoint","urlTemplate":"https:\/\/wmtbaltic.lv\/?s={search_term_string}"},"query-input":{"@type":"PropertyValueSpecification","valueRequired":true,"valueName":"search_term_string"}}],"inLanguage":"en-US"},{"@type":"Organization","@id":"https:\/\/wmtbaltic.lv\/#organization","name":"WMT Baltic","url":"https:\/\/wmtbaltic.lv\/","logo":{"@type":"ImageObject","inLanguage":"en-US","@id":"https:\/\/wmtbaltic.lv\/#\/schema\/logo\/image\/","url":"https:\/\/wmtbaltic.lv\/wp-content\/uploads\/2024\/12\/wmt-baltic-sia_107142_9_420x180.jpg","contentUrl":"https:\/\/wmtbaltic.lv\/wp-content\/uploads\/2024\/12\/wmt-baltic-sia_107142_9_420x180.jpg","width":420,"height":180,"caption":"WMT Baltic"},"image":{"@id":"https:\/\/wmtbaltic.lv\/#\/schema\/logo\/image\/"},"sameAs":["https:\/\/www.facebook.com\/WMT.Baltic.viscom\/?locale=lv_LV","https:\/\/www.instagram.com\/viscom_wmt\/"]}]}},"_links":{"self":[{"href":"https:\/\/wmtbaltic.lv\/en\/wp-json\/wp\/v2\/product\/7685","targetHints":{"allow":["GET"]}}],"collection":[{"href":"https:\/\/wmtbaltic.lv\/en\/wp-json\/wp\/v2\/product"}],"about":[{"href":"https:\/\/wmtbaltic.lv\/en\/wp-json\/wp\/v2\/types\/product"}],"wp:featuredmedia":[{"embeddable":true,"href":"https:\/\/wmtbaltic.lv\/en\/wp-json\/wp\/v2\/media\/7686"}],"wp:attachment":[{"href":"https:\/\/wmtbaltic.lv\/en\/wp-json\/wp\/v2\/media?parent=7685"}],"wp:term":[{"taxonomy":"product_brand","embeddable":true,"href":"https:\/\/wmtbaltic.lv\/en\/wp-json\/wp\/v2\/product_brand?post=7685"},{"taxonomy":"product_cat","embeddable":true,"href":"https:\/\/wmtbaltic.lv\/en\/wp-json\/wp\/v2\/product_cat?post=7685"},{"taxonomy":"product_tag","embeddable":true,"href":"https:\/\/wmtbaltic.lv\/en\/wp-json\/wp\/v2\/product_tag?post=7685"}],"curies":[{"name":"wp","href":"https:\/\/api.w.org\/{rel}","templated":true}]}}