{"id":17296,"date":"2025-01-08T09:00:41","date_gmt":"2025-01-08T09:00:41","guid":{"rendered":"https:\/\/wmtbaltic.lv\/?post_type=product&#038;p=17296"},"modified":"2025-01-09T14:05:43","modified_gmt":"2025-01-09T14:05:43","slug":"loklik-dual-tip-brush-pens-12-krasas","status":"publish","type":"product","link":"https:\/\/wmtbaltic.lv\/en\/product\/loklik-dual-tip-brush-pens-12-krasas\/","title":{"rendered":"Divpus\u0113jie flomasteri, 12 kr\u0101sas"},"content":{"rendered":"<p><span class=\"HwtZe\" lang=\"lv\"><span class=\"jCAhz ChMk0b\"><span class=\"ryNqvb\">LOKLiK\u00a0 pildspalvas-\u00a0 ir pieejamas 12 ko\u0161\u0101s kr\u0101s\u0101s ar platu un smalku galu.<\/span><\/span><\/span><\/p>\n<p><span class=\"HwtZe\" lang=\"lv\"> P<span class=\"jCAhz ChMk0b\"><span class=\"ryNqvb\">ildspalvas, kas ir ide\u0101li piem\u0113rotas burtu rakst\u012b\u0161anai, z\u012bm\u0113\u0161anai un kr\u0101so\u0161anai, nodro\u0161ina vienm\u0113r\u012bgu uzkl\u0101\u0161anu un spilgtus rezult\u0101tus visiem j\u016bsu rado\u0161ajiem projektiem.<\/span><\/span><\/span><\/p>\n<p><span class=\"HwtZe\" lang=\"lv\"><span class=\"jCAhz ChMk0b\"><span class=\"ryNqvb\">Pildspalvas ir izgatavotas uz akvare\u013ca b\u0101zes, bez smar\u017eas<\/span><\/span><\/span><\/p>\n<p><span class=\"HwtZe\" lang=\"lv\"><span class=\"jCAhz ChMk0b\"><span class=\"ryNqvb\">\u0160aj\u0101 iepakojum\u0101 ietilpst:<\/span><\/span><\/span><\/p>\n<p><span class=\"HwtZe\" lang=\"lv\"> <span class=\"jCAhz ChMk0b\"><span class=\"ryNqvb\">12 da\u017e\u0101du kr\u0101su\u00a0 pildspalvas ar ot\u0101m (Piem\u0113rots <\/span><\/span><\/span><span class=\"HwtZe\" lang=\"lv\"><span class=\"jCAhz ChMk0b\"><span class=\"ryNqvb\">Crafter un iCraft\u2122) <\/span><\/span> <\/span><\/p>\n<p><span class=\"HwtZe\" lang=\"lv\"><span class=\"jCAhz ChMk0b\"><span class=\"ryNqvb\">1 x pildspalvu tur\u0113t\u0101ja adapteris (tikai Crafter)<\/span><\/span><\/span><\/p>\n","protected":false},"excerpt":{"rendered":"LOKLiK\u00a0 pildspalvas-\u00a0 ir pieejamas 12 ko\u0161\u0101s kr\u0101s\u0101s ar platu un smalku galu. Pildspalvas, kas ir ide\u0101li piem\u0113rotas burtu rakst\u012b\u0161anai, z\u012bm\u0113\u0161anai un kr\u0101so\u0161anai, nodro\u0161ina vienm\u0113r\u012bgu uzkl\u0101\u0161anu un spilgtus rezult\u0101tus visiem j\u016bsu rado\u0161ajiem projektiem. Pildspalvas ir izgatavotas uz akvare\u013ca b\u0101zes, bez smar\u017eas \u0160aj\u0101 iepakojum\u0101 ietilpst: 12 da\u017e\u0101du kr\u0101su\u00a0 pildspalvas ar ot\u0101m (Piem\u0113rots Crafter un iCraft\u2122) 1 x [...]","protected":false},"featured_media":17297,"template":"","meta":[],"product_brand":[],"product_cat":[1558,260],"product_tag":[1561,1531],"class_list":{"0":"post-17296","1":"product","2":"type-product","3":"status-publish","4":"has-post-thumbnail","6":"product_cat-loklik-aksesuari","7":"product_cat-termopreses-iekartas-un-izejmateriali","8":"product_tag-brush-pens","9":"product_tag-loklik","11":"first","12":"instock","13":"shipping-taxable","14":"purchasable","15":"product-type-simple"},"yoast_head":"<!-- This site is optimized with the Yoast SEO plugin v27.3 - https:\/\/yoast.com\/product\/yoast-seo-wordpress\/ -->\n<title>Divpus\u0113jie flomasteri, 12 kr\u0101sas - WMT Baltic<\/title>\n<meta name=\"robots\" content=\"index, follow, max-snippet:-1, max-image-preview:large, max-video-preview:-1\" \/>\n<link rel=\"canonical\" href=\"https:\/\/wmtbaltic.lv\/product\/loklik-dual-tip-brush-pens-12-krasas\/\" \/>\n<meta property=\"og:locale\" content=\"en_US\" \/>\n<meta property=\"og:type\" content=\"article\" \/>\n<meta property=\"og:title\" content=\"Divpus\u0113jie flomasteri, 12 kr\u0101sas - WMT Baltic\" \/>\n<meta property=\"og:url\" content=\"https:\/\/wmtbaltic.lv\/product\/loklik-dual-tip-brush-pens-12-krasas\/\" \/>\n<meta property=\"og:site_name\" content=\"WMT Baltic\" \/>\n<meta property=\"article:publisher\" content=\"https:\/\/www.facebook.com\/WMT.Baltic.viscom\/?locale=lv_LV\" \/>\n<meta property=\"article:modified_time\" content=\"2025-01-09T14:05:43+00:00\" \/>\n<meta property=\"og:image\" content=\"http:\/\/wmtbaltic.lv\/wp-content\/uploads\/2025\/01\/loklik-dual-tip-brush-pens-12-colors.webp\" \/>\n\t<meta property=\"og:image:width\" content=\"1180\" \/>\n\t<meta property=\"og:image:height\" content=\"1180\" \/>\n\t<meta property=\"og:image:type\" content=\"image\/webp\" \/>\n<meta name=\"twitter:card\" content=\"summary_large_image\" \/>\n<meta name=\"twitter:label1\" content=\"Est. reading time\" \/>\n\t<meta name=\"twitter:data1\" content=\"1 minute\" \/>\n<script type=\"application\/ld+json\" class=\"yoast-schema-graph\">{\"@context\":\"https:\\\/\\\/schema.org\",\"@graph\":[{\"@type\":\"WebPage\",\"@id\":\"https:\\\/\\\/wmtbaltic.lv\\\/product\\\/loklik-dual-tip-brush-pens-12-krasas\\\/\",\"url\":\"https:\\\/\\\/wmtbaltic.lv\\\/product\\\/loklik-dual-tip-brush-pens-12-krasas\\\/\",\"name\":\"Divpus\u0113jie flomasteri, 12 kr\u0101sas - WMT Baltic\",\"isPartOf\":{\"@id\":\"https:\\\/\\\/wmtbaltic.lv\\\/#website\"},\"primaryImageOfPage\":{\"@id\":\"https:\\\/\\\/wmtbaltic.lv\\\/product\\\/loklik-dual-tip-brush-pens-12-krasas\\\/#primaryimage\"},\"image\":{\"@id\":\"https:\\\/\\\/wmtbaltic.lv\\\/product\\\/loklik-dual-tip-brush-pens-12-krasas\\\/#primaryimage\"},\"thumbnailUrl\":\"https:\\\/\\\/wmtbaltic.lv\\\/wp-content\\\/uploads\\\/2025\\\/01\\\/loklik-dual-tip-brush-pens-12-colors.webp\",\"datePublished\":\"2025-01-08T09:00:41+00:00\",\"dateModified\":\"2025-01-09T14:05:43+00:00\",\"breadcrumb\":{\"@id\":\"https:\\\/\\\/wmtbaltic.lv\\\/product\\\/loklik-dual-tip-brush-pens-12-krasas\\\/#breadcrumb\"},\"inLanguage\":\"en-US\",\"potentialAction\":[{\"@type\":\"ReadAction\",\"target\":[\"https:\\\/\\\/wmtbaltic.lv\\\/product\\\/loklik-dual-tip-brush-pens-12-krasas\\\/\"]}]},{\"@type\":\"ImageObject\",\"inLanguage\":\"en-US\",\"@id\":\"https:\\\/\\\/wmtbaltic.lv\\\/product\\\/loklik-dual-tip-brush-pens-12-krasas\\\/#primaryimage\",\"url\":\"https:\\\/\\\/wmtbaltic.lv\\\/wp-content\\\/uploads\\\/2025\\\/01\\\/loklik-dual-tip-brush-pens-12-colors.webp\",\"contentUrl\":\"https:\\\/\\\/wmtbaltic.lv\\\/wp-content\\\/uploads\\\/2025\\\/01\\\/loklik-dual-tip-brush-pens-12-colors.webp\",\"width\":1180,\"height\":1180},{\"@type\":\"BreadcrumbList\",\"@id\":\"https:\\\/\\\/wmtbaltic.lv\\\/product\\\/loklik-dual-tip-brush-pens-12-krasas\\\/#breadcrumb\",\"itemListElement\":[{\"@type\":\"ListItem\",\"position\":1,\"name\":\"Home\",\"item\":\"https:\\\/\\\/wmtbaltic.lv\\\/en\\\/\"},{\"@type\":\"ListItem\",\"position\":2,\"name\":\"Shop\",\"item\":\"https:\\\/\\\/wmtbaltic.lv\\\/shop\\\/\"},{\"@type\":\"ListItem\",\"position\":3,\"name\":\"Divpus\u0113jie flomasteri, 12 kr\u0101sas\"}]},{\"@type\":\"WebSite\",\"@id\":\"https:\\\/\\\/wmtbaltic.lv\\\/#website\",\"url\":\"https:\\\/\\\/wmtbaltic.lv\\\/\",\"name\":\"WMT Baltic\",\"description\":\"Rekl\u0101mas produkti, pl\u0113ves\",\"publisher\":{\"@id\":\"https:\\\/\\\/wmtbaltic.lv\\\/#organization\"},\"potentialAction\":[{\"@type\":\"SearchAction\",\"target\":{\"@type\":\"EntryPoint\",\"urlTemplate\":\"https:\\\/\\\/wmtbaltic.lv\\\/?s={search_term_string}\"},\"query-input\":{\"@type\":\"PropertyValueSpecification\",\"valueRequired\":true,\"valueName\":\"search_term_string\"}}],\"inLanguage\":\"en-US\"},{\"@type\":\"Organization\",\"@id\":\"https:\\\/\\\/wmtbaltic.lv\\\/#organization\",\"name\":\"WMT Baltic\",\"url\":\"https:\\\/\\\/wmtbaltic.lv\\\/\",\"logo\":{\"@type\":\"ImageObject\",\"inLanguage\":\"en-US\",\"@id\":\"https:\\\/\\\/wmtbaltic.lv\\\/#\\\/schema\\\/logo\\\/image\\\/\",\"url\":\"https:\\\/\\\/wmtbaltic.lv\\\/wp-content\\\/uploads\\\/2024\\\/12\\\/wmt-baltic-sia_107142_9_420x180.jpg\",\"contentUrl\":\"https:\\\/\\\/wmtbaltic.lv\\\/wp-content\\\/uploads\\\/2024\\\/12\\\/wmt-baltic-sia_107142_9_420x180.jpg\",\"width\":420,\"height\":180,\"caption\":\"WMT Baltic\"},\"image\":{\"@id\":\"https:\\\/\\\/wmtbaltic.lv\\\/#\\\/schema\\\/logo\\\/image\\\/\"},\"sameAs\":[\"https:\\\/\\\/www.facebook.com\\\/WMT.Baltic.viscom\\\/?locale=lv_LV\",\"https:\\\/\\\/www.instagram.com\\\/viscom_wmt\\\/\"]}]}<\/script>\n<!-- \/ Yoast SEO plugin. -->","yoast_head_json":{"title":"Divpus\u0113jie flomasteri, 12 kr\u0101sas - WMT Baltic","robots":{"index":"index","follow":"follow","max-snippet":"max-snippet:-1","max-image-preview":"max-image-preview:large","max-video-preview":"max-video-preview:-1"},"canonical":"https:\/\/wmtbaltic.lv\/product\/loklik-dual-tip-brush-pens-12-krasas\/","og_locale":"en_US","og_type":"article","og_title":"Divpus\u0113jie flomasteri, 12 kr\u0101sas - WMT Baltic","og_url":"https:\/\/wmtbaltic.lv\/product\/loklik-dual-tip-brush-pens-12-krasas\/","og_site_name":"WMT Baltic","article_publisher":"https:\/\/www.facebook.com\/WMT.Baltic.viscom\/?locale=lv_LV","article_modified_time":"2025-01-09T14:05:43+00:00","og_image":[{"width":1180,"height":1180,"url":"http:\/\/wmtbaltic.lv\/wp-content\/uploads\/2025\/01\/loklik-dual-tip-brush-pens-12-colors.webp","type":"image\/webp"}],"twitter_card":"summary_large_image","twitter_misc":{"Est. reading time":"1 minute"},"schema":{"@context":"https:\/\/schema.org","@graph":[{"@type":"WebPage","@id":"https:\/\/wmtbaltic.lv\/product\/loklik-dual-tip-brush-pens-12-krasas\/","url":"https:\/\/wmtbaltic.lv\/product\/loklik-dual-tip-brush-pens-12-krasas\/","name":"Divpus\u0113jie flomasteri, 12 kr\u0101sas - WMT Baltic","isPartOf":{"@id":"https:\/\/wmtbaltic.lv\/#website"},"primaryImageOfPage":{"@id":"https:\/\/wmtbaltic.lv\/product\/loklik-dual-tip-brush-pens-12-krasas\/#primaryimage"},"image":{"@id":"https:\/\/wmtbaltic.lv\/product\/loklik-dual-tip-brush-pens-12-krasas\/#primaryimage"},"thumbnailUrl":"https:\/\/wmtbaltic.lv\/wp-content\/uploads\/2025\/01\/loklik-dual-tip-brush-pens-12-colors.webp","datePublished":"2025-01-08T09:00:41+00:00","dateModified":"2025-01-09T14:05:43+00:00","breadcrumb":{"@id":"https:\/\/wmtbaltic.lv\/product\/loklik-dual-tip-brush-pens-12-krasas\/#breadcrumb"},"inLanguage":"en-US","potentialAction":[{"@type":"ReadAction","target":["https:\/\/wmtbaltic.lv\/product\/loklik-dual-tip-brush-pens-12-krasas\/"]}]},{"@type":"ImageObject","inLanguage":"en-US","@id":"https:\/\/wmtbaltic.lv\/product\/loklik-dual-tip-brush-pens-12-krasas\/#primaryimage","url":"https:\/\/wmtbaltic.lv\/wp-content\/uploads\/2025\/01\/loklik-dual-tip-brush-pens-12-colors.webp","contentUrl":"https:\/\/wmtbaltic.lv\/wp-content\/uploads\/2025\/01\/loklik-dual-tip-brush-pens-12-colors.webp","width":1180,"height":1180},{"@type":"BreadcrumbList","@id":"https:\/\/wmtbaltic.lv\/product\/loklik-dual-tip-brush-pens-12-krasas\/#breadcrumb","itemListElement":[{"@type":"ListItem","position":1,"name":"Home","item":"https:\/\/wmtbaltic.lv\/en\/"},{"@type":"ListItem","position":2,"name":"Shop","item":"https:\/\/wmtbaltic.lv\/shop\/"},{"@type":"ListItem","position":3,"name":"Divpus\u0113jie flomasteri, 12 kr\u0101sas"}]},{"@type":"WebSite","@id":"https:\/\/wmtbaltic.lv\/#website","url":"https:\/\/wmtbaltic.lv\/","name":"WMT Baltic","description":"Rekl\u0101mas produkti, pl\u0113ves","publisher":{"@id":"https:\/\/wmtbaltic.lv\/#organization"},"potentialAction":[{"@type":"SearchAction","target":{"@type":"EntryPoint","urlTemplate":"https:\/\/wmtbaltic.lv\/?s={search_term_string}"},"query-input":{"@type":"PropertyValueSpecification","valueRequired":true,"valueName":"search_term_string"}}],"inLanguage":"en-US"},{"@type":"Organization","@id":"https:\/\/wmtbaltic.lv\/#organization","name":"WMT Baltic","url":"https:\/\/wmtbaltic.lv\/","logo":{"@type":"ImageObject","inLanguage":"en-US","@id":"https:\/\/wmtbaltic.lv\/#\/schema\/logo\/image\/","url":"https:\/\/wmtbaltic.lv\/wp-content\/uploads\/2024\/12\/wmt-baltic-sia_107142_9_420x180.jpg","contentUrl":"https:\/\/wmtbaltic.lv\/wp-content\/uploads\/2024\/12\/wmt-baltic-sia_107142_9_420x180.jpg","width":420,"height":180,"caption":"WMT Baltic"},"image":{"@id":"https:\/\/wmtbaltic.lv\/#\/schema\/logo\/image\/"},"sameAs":["https:\/\/www.facebook.com\/WMT.Baltic.viscom\/?locale=lv_LV","https:\/\/www.instagram.com\/viscom_wmt\/"]}]}},"_links":{"self":[{"href":"https:\/\/wmtbaltic.lv\/en\/wp-json\/wp\/v2\/product\/17296","targetHints":{"allow":["GET"]}}],"collection":[{"href":"https:\/\/wmtbaltic.lv\/en\/wp-json\/wp\/v2\/product"}],"about":[{"href":"https:\/\/wmtbaltic.lv\/en\/wp-json\/wp\/v2\/types\/product"}],"wp:featuredmedia":[{"embeddable":true,"href":"https:\/\/wmtbaltic.lv\/en\/wp-json\/wp\/v2\/media\/17297"}],"wp:attachment":[{"href":"https:\/\/wmtbaltic.lv\/en\/wp-json\/wp\/v2\/media?parent=17296"}],"wp:term":[{"taxonomy":"product_brand","embeddable":true,"href":"https:\/\/wmtbaltic.lv\/en\/wp-json\/wp\/v2\/product_brand?post=17296"},{"taxonomy":"product_cat","embeddable":true,"href":"https:\/\/wmtbaltic.lv\/en\/wp-json\/wp\/v2\/product_cat?post=17296"},{"taxonomy":"product_tag","embeddable":true,"href":"https:\/\/wmtbaltic.lv\/en\/wp-json\/wp\/v2\/product_tag?post=17296"}],"curies":[{"name":"wp","href":"https:\/\/api.w.org\/{rel}","templated":true}]}}