{"id":9839,"date":"2021-10-07T07:38:25","date_gmt":"2021-10-07T07:38:25","guid":{"rendered":"https:\/\/wmtbaltic.lv\/?post_type=product&#038;p=9839"},"modified":"2025-11-25T11:43:54","modified_gmt":"2025-11-25T11:43:54","slug":"drukas-pleve-pp-nano-tack-white-mateta-1-37m","status":"publish","type":"product","link":"https:\/\/wmtbaltic.lv\/en\/product\/drukas-pleve-pp-nano-tack-white-mateta-1-37m\/","title":{"rendered":"Drukas pl\u0113ve PP NANO-TACK white, mat\u0113ta, 1.37m"},"content":{"rendered":"<p>Balta, mat\u0113ta PP pl\u0113ve ar nano-punktiem (pies\u016bcek\u0146iem). Biezums 175mk.\u00a0 Piem\u0113rota ekosolventa, lateksa un UV tint\u0113m.<\/p>\n<p><span class=\"HwtZe\" lang=\"lv\"><span class=\"jCAhz ChMk0b\"><span class=\"ryNqvb\">Uzkl\u0101jams uz vis\u0101m glud\u0101m virsm\u0101m, piem\u0113ram, stikla, met\u0101la, m\u0113bel\u0113m, automa\u0161\u012bnu virsb\u016bv\u0113m, ekr\u0101niem utt.<\/span><\/span> <span class=\"jCAhz ChMk0b\"><span class=\"ryNqvb\">\u013boti viegli no\u0146emams, bez l\u012bmes, viegli uzkl\u0101jams un \u0101tri no\u0146emams.<\/span><\/span> <span class=\"jCAhz ChMk0b\"><span class=\"ryNqvb\">Mazg\u0101jams ar \u016bdeni un atk\u0101rtoti lietojams.<\/span><\/span><\/span><\/p>\n<p>Pl\u0113ves platums 1.37\u00a0 m.<\/p>\n<p>Rull\u012b 50 m.<\/p>\n<p>Tehniskais apraksts: <a href=\"http:\/\/wmtbaltic.lv\/wp-content\/uploads\/2021\/10\/NANOTACK-PP-white-eng.pdf\">NANOTACK PP white eng<\/a><\/p>\n","protected":false},"excerpt":{"rendered":"Balta, mat\u0113ta PP pl\u0113ve ar nano-punktiem (pies\u016bcek\u0146iem). Biezums 175mk.\u00a0 Piem\u0113rota ekosolventa, lateksa un UV tint\u0113m. Uzkl\u0101jams uz vis\u0101m glud\u0101m virsm\u0101m, piem\u0113ram, stikla, met\u0101la, m\u0113bel\u0113m, automa\u0161\u012bnu virsb\u016bv\u0113m, ekr\u0101niem utt. \u013boti viegli no\u0146emams, bez l\u012bmes, viegli uzkl\u0101jams un \u0101tri no\u0146emams. Mazg\u0101jams ar \u016bdeni un atk\u0101rtoti lietojams. Pl\u0113ves platums 1.37\u00a0 m. Rull\u012b 50 m. Tehniskais apraksts: NANOTACK PP [...]","protected":false},"featured_media":9846,"comment_status":"closed","ping_status":"closed","template":"","meta":[],"product_brand":[],"product_cat":[136],"product_tag":[911,912,936],"class_list":{"0":"post-9839","1":"product","2":"type-product","3":"status-publish","4":"has-post-thumbnail","6":"product_cat-drukas-materiali-bez-limslana","7":"product_tag-cling-pleve","8":"product_tag-drukas-pleve-bez-limslana","9":"product_tag-nano-dots","11":"first","12":"instock","13":"shipping-taxable","14":"purchasable","15":"product-type-variable"},"yoast_head":"<!-- This site is optimized with the Yoast SEO plugin v27.4 - https:\/\/yoast.com\/product\/yoast-seo-wordpress\/ -->\n<title>DDrukas pl\u0113ve PP NANO-TACK white, mat\u0113ta, nopirkt R\u012bg\u0101<\/title>\n<meta name=\"description\" content=\"%\" \/>\n<meta name=\"robots\" content=\"index, follow, max-snippet:-1, max-image-preview:large, max-video-preview:-1\" \/>\n<link rel=\"canonical\" href=\"https:\/\/wmtbaltic.lv\/product\/drukas-pleve-pp-nano-tack-white-mateta-1-37m\/\" \/>\n<meta property=\"og:locale\" content=\"en_US\" \/>\n<meta property=\"og:type\" content=\"article\" \/>\n<meta property=\"og:title\" content=\"DDrukas pl\u0113ve PP NANO-TACK white, mat\u0113ta, nopirkt R\u012bg\u0101\" \/>\n<meta property=\"og:description\" content=\"%\" \/>\n<meta property=\"og:url\" content=\"https:\/\/wmtbaltic.lv\/product\/drukas-pleve-pp-nano-tack-white-mateta-1-37m\/\" \/>\n<meta property=\"og:site_name\" content=\"WMT Baltic\" \/>\n<meta property=\"article:publisher\" content=\"https:\/\/www.facebook.com\/WMT.Baltic.viscom\/?locale=lv_LV\" \/>\n<meta property=\"article:modified_time\" content=\"2025-11-25T11:43:54+00:00\" \/>\n<meta property=\"og:image\" content=\"http:\/\/wmtbaltic.lv\/wp-content\/uploads\/2021\/10\/WALLY-PET-NANO_DOT_3.jpg\" \/>\n\t<meta property=\"og:image:width\" content=\"750\" \/>\n\t<meta property=\"og:image:height\" content=\"797\" \/>\n\t<meta property=\"og:image:type\" content=\"image\/jpeg\" \/>\n<meta name=\"twitter:card\" content=\"summary_large_image\" \/>\n<meta name=\"twitter:label1\" content=\"Est. reading time\" \/>\n\t<meta name=\"twitter:data1\" content=\"1 minute\" \/>\n<script type=\"application\/ld+json\" class=\"yoast-schema-graph\">{\"@context\":\"https:\\\/\\\/schema.org\",\"@graph\":[{\"@type\":\"WebPage\",\"@id\":\"https:\\\/\\\/wmtbaltic.lv\\\/product\\\/drukas-pleve-pp-nano-tack-white-mateta-1-37m\\\/\",\"url\":\"https:\\\/\\\/wmtbaltic.lv\\\/product\\\/drukas-pleve-pp-nano-tack-white-mateta-1-37m\\\/\",\"name\":\"DDrukas pl\u0113ve PP NANO-TACK white, mat\u0113ta, nopirkt R\u012bg\u0101\",\"isPartOf\":{\"@id\":\"https:\\\/\\\/wmtbaltic.lv\\\/#website\"},\"primaryImageOfPage\":{\"@id\":\"https:\\\/\\\/wmtbaltic.lv\\\/product\\\/drukas-pleve-pp-nano-tack-white-mateta-1-37m\\\/#primaryimage\"},\"image\":{\"@id\":\"https:\\\/\\\/wmtbaltic.lv\\\/product\\\/drukas-pleve-pp-nano-tack-white-mateta-1-37m\\\/#primaryimage\"},\"thumbnailUrl\":\"https:\\\/\\\/wmtbaltic.lv\\\/wp-content\\\/uploads\\\/2021\\\/10\\\/WALLY-PET-NANO_DOT_3.jpg\",\"datePublished\":\"2021-10-07T07:38:25+00:00\",\"dateModified\":\"2025-11-25T11:43:54+00:00\",\"description\":\"%\",\"breadcrumb\":{\"@id\":\"https:\\\/\\\/wmtbaltic.lv\\\/product\\\/drukas-pleve-pp-nano-tack-white-mateta-1-37m\\\/#breadcrumb\"},\"inLanguage\":\"en-US\",\"potentialAction\":[{\"@type\":\"ReadAction\",\"target\":[\"https:\\\/\\\/wmtbaltic.lv\\\/product\\\/drukas-pleve-pp-nano-tack-white-mateta-1-37m\\\/\"]}]},{\"@type\":\"ImageObject\",\"inLanguage\":\"en-US\",\"@id\":\"https:\\\/\\\/wmtbaltic.lv\\\/product\\\/drukas-pleve-pp-nano-tack-white-mateta-1-37m\\\/#primaryimage\",\"url\":\"https:\\\/\\\/wmtbaltic.lv\\\/wp-content\\\/uploads\\\/2021\\\/10\\\/WALLY-PET-NANO_DOT_3.jpg\",\"contentUrl\":\"https:\\\/\\\/wmtbaltic.lv\\\/wp-content\\\/uploads\\\/2021\\\/10\\\/WALLY-PET-NANO_DOT_3.jpg\",\"width\":750,\"height\":797},{\"@type\":\"BreadcrumbList\",\"@id\":\"https:\\\/\\\/wmtbaltic.lv\\\/product\\\/drukas-pleve-pp-nano-tack-white-mateta-1-37m\\\/#breadcrumb\",\"itemListElement\":[{\"@type\":\"ListItem\",\"position\":1,\"name\":\"Home\",\"item\":\"https:\\\/\\\/wmtbaltic.lv\\\/en\\\/\"},{\"@type\":\"ListItem\",\"position\":2,\"name\":\"Products\",\"item\":\"https:\\\/\\\/wmtbaltic.lv\\\/en\\\/shop\\\/\"},{\"@type\":\"ListItem\",\"position\":3,\"name\":\"Drukas pl\u0113ve PP NANO-TACK white, mat\u0113ta, 1.37m\"}]},{\"@type\":\"WebSite\",\"@id\":\"https:\\\/\\\/wmtbaltic.lv\\\/#website\",\"url\":\"https:\\\/\\\/wmtbaltic.lv\\\/\",\"name\":\"WMT Baltic\",\"description\":\"Rekl\u0101mas produkti, pl\u0113ves\",\"publisher\":{\"@id\":\"https:\\\/\\\/wmtbaltic.lv\\\/#organization\"},\"potentialAction\":[{\"@type\":\"SearchAction\",\"target\":{\"@type\":\"EntryPoint\",\"urlTemplate\":\"https:\\\/\\\/wmtbaltic.lv\\\/?s={search_term_string}\"},\"query-input\":{\"@type\":\"PropertyValueSpecification\",\"valueRequired\":true,\"valueName\":\"search_term_string\"}}],\"inLanguage\":\"en-US\"},{\"@type\":\"Organization\",\"@id\":\"https:\\\/\\\/wmtbaltic.lv\\\/#organization\",\"name\":\"WMT Baltic\",\"url\":\"https:\\\/\\\/wmtbaltic.lv\\\/\",\"logo\":{\"@type\":\"ImageObject\",\"inLanguage\":\"en-US\",\"@id\":\"https:\\\/\\\/wmtbaltic.lv\\\/#\\\/schema\\\/logo\\\/image\\\/\",\"url\":\"https:\\\/\\\/wmtbaltic.lv\\\/wp-content\\\/uploads\\\/2024\\\/12\\\/wmt-baltic-sia_107142_9_420x180.jpg\",\"contentUrl\":\"https:\\\/\\\/wmtbaltic.lv\\\/wp-content\\\/uploads\\\/2024\\\/12\\\/wmt-baltic-sia_107142_9_420x180.jpg\",\"width\":420,\"height\":180,\"caption\":\"WMT Baltic\"},\"image\":{\"@id\":\"https:\\\/\\\/wmtbaltic.lv\\\/#\\\/schema\\\/logo\\\/image\\\/\"},\"sameAs\":[\"https:\\\/\\\/www.facebook.com\\\/WMT.Baltic.viscom\\\/?locale=lv_LV\",\"https:\\\/\\\/www.instagram.com\\\/viscom_wmt\\\/\"]}]}<\/script>\n<!-- \/ Yoast SEO plugin. -->","yoast_head_json":{"title":"DDrukas pl\u0113ve PP NANO-TACK white, mat\u0113ta, nopirkt R\u012bg\u0101","description":"%","robots":{"index":"index","follow":"follow","max-snippet":"max-snippet:-1","max-image-preview":"max-image-preview:large","max-video-preview":"max-video-preview:-1"},"canonical":"https:\/\/wmtbaltic.lv\/product\/drukas-pleve-pp-nano-tack-white-mateta-1-37m\/","og_locale":"en_US","og_type":"article","og_title":"DDrukas pl\u0113ve PP NANO-TACK white, mat\u0113ta, nopirkt R\u012bg\u0101","og_description":"%","og_url":"https:\/\/wmtbaltic.lv\/product\/drukas-pleve-pp-nano-tack-white-mateta-1-37m\/","og_site_name":"WMT Baltic","article_publisher":"https:\/\/www.facebook.com\/WMT.Baltic.viscom\/?locale=lv_LV","article_modified_time":"2025-11-25T11:43:54+00:00","og_image":[{"width":750,"height":797,"url":"http:\/\/wmtbaltic.lv\/wp-content\/uploads\/2021\/10\/WALLY-PET-NANO_DOT_3.jpg","type":"image\/jpeg"}],"twitter_card":"summary_large_image","twitter_misc":{"Est. reading time":"1 minute"},"schema":{"@context":"https:\/\/schema.org","@graph":[{"@type":"WebPage","@id":"https:\/\/wmtbaltic.lv\/product\/drukas-pleve-pp-nano-tack-white-mateta-1-37m\/","url":"https:\/\/wmtbaltic.lv\/product\/drukas-pleve-pp-nano-tack-white-mateta-1-37m\/","name":"DDrukas pl\u0113ve PP NANO-TACK white, mat\u0113ta, nopirkt R\u012bg\u0101","isPartOf":{"@id":"https:\/\/wmtbaltic.lv\/#website"},"primaryImageOfPage":{"@id":"https:\/\/wmtbaltic.lv\/product\/drukas-pleve-pp-nano-tack-white-mateta-1-37m\/#primaryimage"},"image":{"@id":"https:\/\/wmtbaltic.lv\/product\/drukas-pleve-pp-nano-tack-white-mateta-1-37m\/#primaryimage"},"thumbnailUrl":"https:\/\/wmtbaltic.lv\/wp-content\/uploads\/2021\/10\/WALLY-PET-NANO_DOT_3.jpg","datePublished":"2021-10-07T07:38:25+00:00","dateModified":"2025-11-25T11:43:54+00:00","description":"%","breadcrumb":{"@id":"https:\/\/wmtbaltic.lv\/product\/drukas-pleve-pp-nano-tack-white-mateta-1-37m\/#breadcrumb"},"inLanguage":"en-US","potentialAction":[{"@type":"ReadAction","target":["https:\/\/wmtbaltic.lv\/product\/drukas-pleve-pp-nano-tack-white-mateta-1-37m\/"]}]},{"@type":"ImageObject","inLanguage":"en-US","@id":"https:\/\/wmtbaltic.lv\/product\/drukas-pleve-pp-nano-tack-white-mateta-1-37m\/#primaryimage","url":"https:\/\/wmtbaltic.lv\/wp-content\/uploads\/2021\/10\/WALLY-PET-NANO_DOT_3.jpg","contentUrl":"https:\/\/wmtbaltic.lv\/wp-content\/uploads\/2021\/10\/WALLY-PET-NANO_DOT_3.jpg","width":750,"height":797},{"@type":"BreadcrumbList","@id":"https:\/\/wmtbaltic.lv\/product\/drukas-pleve-pp-nano-tack-white-mateta-1-37m\/#breadcrumb","itemListElement":[{"@type":"ListItem","position":1,"name":"Home","item":"https:\/\/wmtbaltic.lv\/en\/"},{"@type":"ListItem","position":2,"name":"Products","item":"https:\/\/wmtbaltic.lv\/en\/shop\/"},{"@type":"ListItem","position":3,"name":"Drukas pl\u0113ve PP NANO-TACK white, mat\u0113ta, 1.37m"}]},{"@type":"WebSite","@id":"https:\/\/wmtbaltic.lv\/#website","url":"https:\/\/wmtbaltic.lv\/","name":"WMT Baltic","description":"Rekl\u0101mas produkti, pl\u0113ves","publisher":{"@id":"https:\/\/wmtbaltic.lv\/#organization"},"potentialAction":[{"@type":"SearchAction","target":{"@type":"EntryPoint","urlTemplate":"https:\/\/wmtbaltic.lv\/?s={search_term_string}"},"query-input":{"@type":"PropertyValueSpecification","valueRequired":true,"valueName":"search_term_string"}}],"inLanguage":"en-US"},{"@type":"Organization","@id":"https:\/\/wmtbaltic.lv\/#organization","name":"WMT Baltic","url":"https:\/\/wmtbaltic.lv\/","logo":{"@type":"ImageObject","inLanguage":"en-US","@id":"https:\/\/wmtbaltic.lv\/#\/schema\/logo\/image\/","url":"https:\/\/wmtbaltic.lv\/wp-content\/uploads\/2024\/12\/wmt-baltic-sia_107142_9_420x180.jpg","contentUrl":"https:\/\/wmtbaltic.lv\/wp-content\/uploads\/2024\/12\/wmt-baltic-sia_107142_9_420x180.jpg","width":420,"height":180,"caption":"WMT Baltic"},"image":{"@id":"https:\/\/wmtbaltic.lv\/#\/schema\/logo\/image\/"},"sameAs":["https:\/\/www.facebook.com\/WMT.Baltic.viscom\/?locale=lv_LV","https:\/\/www.instagram.com\/viscom_wmt\/"]}]}},"_links":{"self":[{"href":"https:\/\/wmtbaltic.lv\/en\/wp-json\/wp\/v2\/product\/9839","targetHints":{"allow":["GET"]}}],"collection":[{"href":"https:\/\/wmtbaltic.lv\/en\/wp-json\/wp\/v2\/product"}],"about":[{"href":"https:\/\/wmtbaltic.lv\/en\/wp-json\/wp\/v2\/types\/product"}],"replies":[{"embeddable":true,"href":"https:\/\/wmtbaltic.lv\/en\/wp-json\/wp\/v2\/comments?post=9839"}],"wp:featuredmedia":[{"embeddable":true,"href":"https:\/\/wmtbaltic.lv\/en\/wp-json\/wp\/v2\/media\/9846"}],"wp:attachment":[{"href":"https:\/\/wmtbaltic.lv\/en\/wp-json\/wp\/v2\/media?parent=9839"}],"wp:term":[{"taxonomy":"product_brand","embeddable":true,"href":"https:\/\/wmtbaltic.lv\/en\/wp-json\/wp\/v2\/product_brand?post=9839"},{"taxonomy":"product_cat","embeddable":true,"href":"https:\/\/wmtbaltic.lv\/en\/wp-json\/wp\/v2\/product_cat?post=9839"},{"taxonomy":"product_tag","embeddable":true,"href":"https:\/\/wmtbaltic.lv\/en\/wp-json\/wp\/v2\/product_tag?post=9839"}],"curies":[{"name":"wp","href":"https:\/\/api.w.org\/{rel}","templated":true}]}}