{"id":9683,"date":"2021-09-27T12:54:36","date_gmt":"2021-09-27T12:54:36","guid":{"rendered":"https:\/\/wmtbaltic.lv\/?post_type=product&#038;p=9683"},"modified":"2021-12-21T08:37:13","modified_gmt":"2021-12-21T08:37:13","slug":"laminacijas-pleve-anti-grafiti-clear-pet-1-372m","status":"publish","type":"product","link":"https:\/\/wmtbaltic.lv\/en\/product\/laminacijas-pleve-anti-grafiti-clear-pet-1-372m\/","title":{"rendered":"Lamin\u0101cijas pl\u0113ve ANTI-GRAFITI Clear PET, 1.372m"},"content":{"rendered":"<p>\u012apa\u0161i caursp\u012bd\u012bga, glanc\u0113ta\u00a0 LH poliest\u0113ra\u00a0 l\u012bmpl\u0113ve aukstai lamin\u0101cijai, 20 mk. Pl\u0113vei piem\u012bt ANTIGRAFITI \u012bpa\u0161\u012bbas, t\u0101dej\u0101di pl\u0113vi var izmantot l\u0101 lamin\u0101tu pielieto\u0161anai gan iek\u0161telp\u0101s, gan \u0101ra apstak\u013cos antivandalisma nolik\u0101. Ekspluat\u0101cijas ilgums l\u012bdz 3 gadiem..<\/p>\n<p>Pl\u0113ves platums 1.372m.<\/p>\n<p>Rull\u012b 50 m.<\/p>\n<p>Tehniskais apraksts: <a href=\"http:\/\/wmtbaltic.lv\/wp-content\/uploads\/2021\/09\/RI_LAM-PET-20.pdf\">RI-LAM PET 20<\/a><\/p>\n","protected":false},"excerpt":{"rendered":"\u012apa\u0161i caursp\u012bd\u012bga, glanc\u0113ta\u00a0 LH poliest\u0113ra\u00a0 l\u012bmpl\u0113ve aukstai lamin\u0101cijai, 20 mk. Pl\u0113vei piem\u012bt ANTIGRAFITI \u012bpa\u0161\u012bbas, t\u0101dej\u0101di pl\u0113vi var izmantot l\u0101 lamin\u0101tu pielieto\u0161anai gan iek\u0161telp\u0101s, gan \u0101ra apstak\u013cos antivandalisma nolik\u0101. Ekspluat\u0101cijas ilgums l\u012bdz 3 gadiem.. Pl\u0113ves platums 1.372m. Rull\u012b 50 m. Tehniskais apraksts: RI-LAM PET 20","protected":false},"featured_media":9690,"template":"","meta":[],"product_brand":[],"product_cat":[602,447],"product_tag":[917,924],"class_list":{"0":"post-9683","1":"product","2":"type-product","3":"status-publish","4":"has-post-thumbnail","6":"product_cat-ritrama","7":"product_cat-specializetas-limpleves","8":"product_tag-aizsargpleves","9":"product_tag-antigrafiti-pleve","11":"first","12":"instock","13":"shipping-taxable","14":"purchasable","15":"product-type-variable"},"yoast_head":"<!-- This site is optimized with the Yoast SEO plugin v27.4 - https:\/\/yoast.com\/product\/yoast-seo-wordpress\/ -->\n<title>Lamin\u0101cijas pl\u0113ve ANTI-GRAFITI Clear PET, 1.372m, nopirkt veikal\u0101 R\u012bg\u0101<\/title>\n<meta name=\"robots\" content=\"index, follow, max-snippet:-1, max-image-preview:large, max-video-preview:-1\" \/>\n<link rel=\"canonical\" href=\"https:\/\/wmtbaltic.lv\/Produkts\/laminacijas-pleve-anti-grafiti-clear-pet-1-372m\/\" \/>\n<meta property=\"og:locale\" content=\"en_US\" \/>\n<meta property=\"og:type\" content=\"article\" \/>\n<meta property=\"og:title\" content=\"Lamin\u0101cijas pl\u0113ve ANTI-GRAFITI Clear PET, 1.372m, nopirkt veikal\u0101 R\u012bg\u0101\" \/>\n<meta property=\"og:url\" content=\"https:\/\/wmtbaltic.lv\/Produkts\/laminacijas-pleve-anti-grafiti-clear-pet-1-372m\/\" \/>\n<meta property=\"og:site_name\" content=\"WMT Baltic\" \/>\n<meta property=\"article:publisher\" content=\"https:\/\/www.facebook.com\/WMT.Baltic.viscom\/?locale=lv_LV\" \/>\n<meta property=\"article:modified_time\" content=\"2021-12-21T08:37:13+00:00\" \/>\n<meta property=\"og:image\" content=\"https:\/\/wmtbaltic.lv\/wp-content\/uploads\/2021\/09\/17_antigraffiti.jpg\" \/>\n\t<meta property=\"og:image:width\" content=\"649\" \/>\n\t<meta property=\"og:image:height\" content=\"371\" \/>\n\t<meta property=\"og:image:type\" content=\"image\/jpeg\" \/>\n<meta name=\"twitter:card\" content=\"summary_large_image\" \/>\n<meta name=\"twitter:label1\" content=\"Est. reading time\" \/>\n\t<meta name=\"twitter:data1\" content=\"1 minute\" \/>\n<script type=\"application\/ld+json\" class=\"yoast-schema-graph\">{\"@context\":\"https:\\\/\\\/schema.org\",\"@graph\":[{\"@type\":\"WebPage\",\"@id\":\"https:\\\/\\\/wmtbaltic.lv\\\/Produkts\\\/laminacijas-pleve-anti-grafiti-clear-pet-1-372m\\\/\",\"url\":\"https:\\\/\\\/wmtbaltic.lv\\\/Produkts\\\/laminacijas-pleve-anti-grafiti-clear-pet-1-372m\\\/\",\"name\":\"Lamin\u0101cijas pl\u0113ve ANTI-GRAFITI Clear PET, 1.372m, nopirkt veikal\u0101 R\u012bg\u0101\",\"isPartOf\":{\"@id\":\"https:\\\/\\\/wmtbaltic.lv\\\/#website\"},\"primaryImageOfPage\":{\"@id\":\"https:\\\/\\\/wmtbaltic.lv\\\/Produkts\\\/laminacijas-pleve-anti-grafiti-clear-pet-1-372m\\\/#primaryimage\"},\"image\":{\"@id\":\"https:\\\/\\\/wmtbaltic.lv\\\/Produkts\\\/laminacijas-pleve-anti-grafiti-clear-pet-1-372m\\\/#primaryimage\"},\"thumbnailUrl\":\"https:\\\/\\\/wmtbaltic.lv\\\/wp-content\\\/uploads\\\/2021\\\/09\\\/17_antigraffiti.jpg\",\"datePublished\":\"2021-09-27T12:54:36+00:00\",\"dateModified\":\"2021-12-21T08:37:13+00:00\",\"breadcrumb\":{\"@id\":\"https:\\\/\\\/wmtbaltic.lv\\\/Produkts\\\/laminacijas-pleve-anti-grafiti-clear-pet-1-372m\\\/#breadcrumb\"},\"inLanguage\":\"en-US\",\"potentialAction\":[{\"@type\":\"ReadAction\",\"target\":[\"https:\\\/\\\/wmtbaltic.lv\\\/Produkts\\\/laminacijas-pleve-anti-grafiti-clear-pet-1-372m\\\/\"]}]},{\"@type\":\"ImageObject\",\"inLanguage\":\"en-US\",\"@id\":\"https:\\\/\\\/wmtbaltic.lv\\\/Produkts\\\/laminacijas-pleve-anti-grafiti-clear-pet-1-372m\\\/#primaryimage\",\"url\":\"https:\\\/\\\/wmtbaltic.lv\\\/wp-content\\\/uploads\\\/2021\\\/09\\\/17_antigraffiti.jpg\",\"contentUrl\":\"https:\\\/\\\/wmtbaltic.lv\\\/wp-content\\\/uploads\\\/2021\\\/09\\\/17_antigraffiti.jpg\",\"width\":649,\"height\":371},{\"@type\":\"BreadcrumbList\",\"@id\":\"https:\\\/\\\/wmtbaltic.lv\\\/Produkts\\\/laminacijas-pleve-anti-grafiti-clear-pet-1-372m\\\/#breadcrumb\",\"itemListElement\":[{\"@type\":\"ListItem\",\"position\":1,\"name\":\"Home\",\"item\":\"https:\\\/\\\/wmtbaltic.lv\\\/en\\\/\"},{\"@type\":\"ListItem\",\"position\":2,\"name\":\"Shop\",\"item\":\"https:\\\/\\\/wmtbaltic.lv\\\/shop\\\/\"},{\"@type\":\"ListItem\",\"position\":3,\"name\":\"Lamin\u0101cijas pl\u0113ve ANTI-GRAFITI Clear PET, 1.372m\"}]},{\"@type\":\"WebSite\",\"@id\":\"https:\\\/\\\/wmtbaltic.lv\\\/#website\",\"url\":\"https:\\\/\\\/wmtbaltic.lv\\\/\",\"name\":\"WMT Baltic\",\"description\":\"Rekl\u0101mas produkti, pl\u0113ves\",\"publisher\":{\"@id\":\"https:\\\/\\\/wmtbaltic.lv\\\/#organization\"},\"potentialAction\":[{\"@type\":\"SearchAction\",\"target\":{\"@type\":\"EntryPoint\",\"urlTemplate\":\"https:\\\/\\\/wmtbaltic.lv\\\/?s={search_term_string}\"},\"query-input\":{\"@type\":\"PropertyValueSpecification\",\"valueRequired\":true,\"valueName\":\"search_term_string\"}}],\"inLanguage\":\"en-US\"},{\"@type\":\"Organization\",\"@id\":\"https:\\\/\\\/wmtbaltic.lv\\\/#organization\",\"name\":\"WMT Baltic\",\"url\":\"https:\\\/\\\/wmtbaltic.lv\\\/\",\"logo\":{\"@type\":\"ImageObject\",\"inLanguage\":\"en-US\",\"@id\":\"https:\\\/\\\/wmtbaltic.lv\\\/#\\\/schema\\\/logo\\\/image\\\/\",\"url\":\"https:\\\/\\\/wmtbaltic.lv\\\/wp-content\\\/uploads\\\/2024\\\/12\\\/wmt-baltic-sia_107142_9_420x180.jpg\",\"contentUrl\":\"https:\\\/\\\/wmtbaltic.lv\\\/wp-content\\\/uploads\\\/2024\\\/12\\\/wmt-baltic-sia_107142_9_420x180.jpg\",\"width\":420,\"height\":180,\"caption\":\"WMT Baltic\"},\"image\":{\"@id\":\"https:\\\/\\\/wmtbaltic.lv\\\/#\\\/schema\\\/logo\\\/image\\\/\"},\"sameAs\":[\"https:\\\/\\\/www.facebook.com\\\/WMT.Baltic.viscom\\\/?locale=lv_LV\",\"https:\\\/\\\/www.instagram.com\\\/viscom_wmt\\\/\"]}]}<\/script>\n<!-- \/ Yoast SEO plugin. -->","yoast_head_json":{"title":"Lamin\u0101cijas pl\u0113ve ANTI-GRAFITI Clear PET, 1.372m, nopirkt veikal\u0101 R\u012bg\u0101","robots":{"index":"index","follow":"follow","max-snippet":"max-snippet:-1","max-image-preview":"max-image-preview:large","max-video-preview":"max-video-preview:-1"},"canonical":"https:\/\/wmtbaltic.lv\/Produkts\/laminacijas-pleve-anti-grafiti-clear-pet-1-372m\/","og_locale":"en_US","og_type":"article","og_title":"Lamin\u0101cijas pl\u0113ve ANTI-GRAFITI Clear PET, 1.372m, nopirkt veikal\u0101 R\u012bg\u0101","og_url":"https:\/\/wmtbaltic.lv\/Produkts\/laminacijas-pleve-anti-grafiti-clear-pet-1-372m\/","og_site_name":"WMT Baltic","article_publisher":"https:\/\/www.facebook.com\/WMT.Baltic.viscom\/?locale=lv_LV","article_modified_time":"2021-12-21T08:37:13+00:00","og_image":[{"width":649,"height":371,"url":"https:\/\/wmtbaltic.lv\/wp-content\/uploads\/2021\/09\/17_antigraffiti.jpg","type":"image\/jpeg"}],"twitter_card":"summary_large_image","twitter_misc":{"Est. reading time":"1 minute"},"schema":{"@context":"https:\/\/schema.org","@graph":[{"@type":"WebPage","@id":"https:\/\/wmtbaltic.lv\/Produkts\/laminacijas-pleve-anti-grafiti-clear-pet-1-372m\/","url":"https:\/\/wmtbaltic.lv\/Produkts\/laminacijas-pleve-anti-grafiti-clear-pet-1-372m\/","name":"Lamin\u0101cijas pl\u0113ve ANTI-GRAFITI Clear PET, 1.372m, nopirkt veikal\u0101 R\u012bg\u0101","isPartOf":{"@id":"https:\/\/wmtbaltic.lv\/#website"},"primaryImageOfPage":{"@id":"https:\/\/wmtbaltic.lv\/Produkts\/laminacijas-pleve-anti-grafiti-clear-pet-1-372m\/#primaryimage"},"image":{"@id":"https:\/\/wmtbaltic.lv\/Produkts\/laminacijas-pleve-anti-grafiti-clear-pet-1-372m\/#primaryimage"},"thumbnailUrl":"https:\/\/wmtbaltic.lv\/wp-content\/uploads\/2021\/09\/17_antigraffiti.jpg","datePublished":"2021-09-27T12:54:36+00:00","dateModified":"2021-12-21T08:37:13+00:00","breadcrumb":{"@id":"https:\/\/wmtbaltic.lv\/Produkts\/laminacijas-pleve-anti-grafiti-clear-pet-1-372m\/#breadcrumb"},"inLanguage":"en-US","potentialAction":[{"@type":"ReadAction","target":["https:\/\/wmtbaltic.lv\/Produkts\/laminacijas-pleve-anti-grafiti-clear-pet-1-372m\/"]}]},{"@type":"ImageObject","inLanguage":"en-US","@id":"https:\/\/wmtbaltic.lv\/Produkts\/laminacijas-pleve-anti-grafiti-clear-pet-1-372m\/#primaryimage","url":"https:\/\/wmtbaltic.lv\/wp-content\/uploads\/2021\/09\/17_antigraffiti.jpg","contentUrl":"https:\/\/wmtbaltic.lv\/wp-content\/uploads\/2021\/09\/17_antigraffiti.jpg","width":649,"height":371},{"@type":"BreadcrumbList","@id":"https:\/\/wmtbaltic.lv\/Produkts\/laminacijas-pleve-anti-grafiti-clear-pet-1-372m\/#breadcrumb","itemListElement":[{"@type":"ListItem","position":1,"name":"Home","item":"https:\/\/wmtbaltic.lv\/en\/"},{"@type":"ListItem","position":2,"name":"Shop","item":"https:\/\/wmtbaltic.lv\/shop\/"},{"@type":"ListItem","position":3,"name":"Lamin\u0101cijas pl\u0113ve ANTI-GRAFITI Clear PET, 1.372m"}]},{"@type":"WebSite","@id":"https:\/\/wmtbaltic.lv\/#website","url":"https:\/\/wmtbaltic.lv\/","name":"WMT Baltic","description":"Rekl\u0101mas produkti, pl\u0113ves","publisher":{"@id":"https:\/\/wmtbaltic.lv\/#organization"},"potentialAction":[{"@type":"SearchAction","target":{"@type":"EntryPoint","urlTemplate":"https:\/\/wmtbaltic.lv\/?s={search_term_string}"},"query-input":{"@type":"PropertyValueSpecification","valueRequired":true,"valueName":"search_term_string"}}],"inLanguage":"en-US"},{"@type":"Organization","@id":"https:\/\/wmtbaltic.lv\/#organization","name":"WMT Baltic","url":"https:\/\/wmtbaltic.lv\/","logo":{"@type":"ImageObject","inLanguage":"en-US","@id":"https:\/\/wmtbaltic.lv\/#\/schema\/logo\/image\/","url":"https:\/\/wmtbaltic.lv\/wp-content\/uploads\/2024\/12\/wmt-baltic-sia_107142_9_420x180.jpg","contentUrl":"https:\/\/wmtbaltic.lv\/wp-content\/uploads\/2024\/12\/wmt-baltic-sia_107142_9_420x180.jpg","width":420,"height":180,"caption":"WMT Baltic"},"image":{"@id":"https:\/\/wmtbaltic.lv\/#\/schema\/logo\/image\/"},"sameAs":["https:\/\/www.facebook.com\/WMT.Baltic.viscom\/?locale=lv_LV","https:\/\/www.instagram.com\/viscom_wmt\/"]}]}},"_links":{"self":[{"href":"https:\/\/wmtbaltic.lv\/en\/wp-json\/wp\/v2\/product\/9683","targetHints":{"allow":["GET"]}}],"collection":[{"href":"https:\/\/wmtbaltic.lv\/en\/wp-json\/wp\/v2\/product"}],"about":[{"href":"https:\/\/wmtbaltic.lv\/en\/wp-json\/wp\/v2\/types\/product"}],"wp:featuredmedia":[{"embeddable":true,"href":"https:\/\/wmtbaltic.lv\/en\/wp-json\/wp\/v2\/media\/9690"}],"wp:attachment":[{"href":"https:\/\/wmtbaltic.lv\/en\/wp-json\/wp\/v2\/media?parent=9683"}],"wp:term":[{"taxonomy":"product_brand","embeddable":true,"href":"https:\/\/wmtbaltic.lv\/en\/wp-json\/wp\/v2\/product_brand?post=9683"},{"taxonomy":"product_cat","embeddable":true,"href":"https:\/\/wmtbaltic.lv\/en\/wp-json\/wp\/v2\/product_cat?post=9683"},{"taxonomy":"product_tag","embeddable":true,"href":"https:\/\/wmtbaltic.lv\/en\/wp-json\/wp\/v2\/product_tag?post=9683"}],"curies":[{"name":"wp","href":"https:\/\/api.w.org\/{rel}","templated":true}]}}