{"id":9671,"date":"2021-09-27T07:25:56","date_gmt":"2021-09-27T07:25:56","guid":{"rendered":"https:\/\/wmtbaltic.lv\/?post_type=product&#038;p=9671"},"modified":"2025-02-12T13:33:25","modified_gmt":"2025-02-12T13:33:25","slug":"drukas-pleve-ri-dot-white-matt-removable-1372m","status":"publish","type":"product","link":"https:\/\/wmtbaltic.lv\/en\/product\/drukas-pleve-ri-dot-white-matt-removable-1372m\/","title":{"rendered":"Drukas pl\u0113ve Ri-Dot White Matt Removable, 1,372m"},"content":{"rendered":"<p>Monom\u0113ra, balta, mat\u0113ta l\u012bmpl\u0113ve, 100 mk. L\u012bme caursp\u012bd\u012bga, viegli no\u0146emama. L\u012bmsl\u0101\u0146a \u012bpa\u0161a mikrostrukt\u016bra \u013cauj izvair\u012bties no gaisa burbul\u012b\u0161u veido\u0161anas, samazina aplik\u0101cijas p\u0101rneses laiku un atvieglo pl\u0113ves no\u0146em\u0161anu no virsmas.\u00a0 Piem\u0113rota ekosolventa, lateksa un UV tint\u0113m.<\/p>\n<p>Pl\u0113ves platums 1.372 m.<\/p>\n<p>Rull\u012b 50 m.<\/p>\n<p>Tehniskais apraksts: <a href=\"http:\/\/wmtbaltic.lv\/wp-content\/uploads\/2021\/09\/TDS___Ri_Dot_M100_Rem_PE___uk___issue_1_fc89.pdf\">Ri_Dot_M100_Rem<\/a><\/p>\n","protected":false},"excerpt":{"rendered":"Monom\u0113ra, balta, mat\u0113ta l\u012bmpl\u0113ve, 100 mk. L\u012bme caursp\u012bd\u012bga, viegli no\u0146emama. L\u012bmsl\u0101\u0146a \u012bpa\u0161a mikrostrukt\u016bra \u013cauj izvair\u012bties no gaisa burbul\u012b\u0161u veido\u0161anas, samazina aplik\u0101cijas p\u0101rneses laiku un atvieglo pl\u0113ves no\u0146em\u0161anu no virsmas.\u00a0 Piem\u0113rota ekosolventa, lateksa un UV tint\u0113m. Pl\u0113ves platums 1.372 m. Rull\u012b 50 m. Tehniskais apraksts: Ri_Dot_M100_Rem","protected":false},"featured_media":17664,"template":"","meta":[],"product_brand":[],"product_cat":[444,600,447],"product_tag":[923],"class_list":{"0":"post-9671","1":"product","2":"type-product","3":"status-publish","4":"has-post-thumbnail","6":"product_cat-monomeras-limpleves","7":"product_cat-neschen","8":"product_cat-specializetas-limpleves","9":"product_tag-easy-dot-pleve","11":"first","12":"instock","13":"shipping-taxable","14":"purchasable","15":"product-type-variable"},"yoast_head":"<!-- This site is optimized with the Yoast SEO plugin v27.4 - https:\/\/yoast.com\/product\/yoast-seo-wordpress\/ -->\n<title>Drukas pl\u0113ve Ri-Dot White Matt Removable , nopirkt veikal\u0101 R\u012bg\u0101<\/title>\n<meta name=\"robots\" content=\"index, follow, max-snippet:-1, max-image-preview:large, max-video-preview:-1\" \/>\n<link rel=\"canonical\" href=\"https:\/\/wmtbaltic.lv\/product\/drukas-pleve-ri-dot-white-matt-removable-1372m\/\" \/>\n<meta property=\"og:locale\" content=\"en_US\" \/>\n<meta property=\"og:type\" content=\"article\" \/>\n<meta property=\"og:title\" content=\"Drukas pl\u0113ve Ri-Dot White Matt Removable , nopirkt veikal\u0101 R\u012bg\u0101\" \/>\n<meta property=\"og:url\" content=\"https:\/\/wmtbaltic.lv\/product\/drukas-pleve-ri-dot-white-matt-removable-1372m\/\" \/>\n<meta property=\"og:site_name\" content=\"WMT Baltic\" \/>\n<meta property=\"article:publisher\" content=\"https:\/\/www.facebook.com\/WMT.Baltic.viscom\/?locale=lv_LV\" \/>\n<meta property=\"article:modified_time\" content=\"2025-02-12T13:33:25+00:00\" \/>\n<meta property=\"og:image\" content=\"http:\/\/wmtbaltic.lv\/wp-content\/uploads\/2021\/09\/ritrama-ri-dot.jpg\" \/>\n\t<meta property=\"og:image:width\" content=\"265\" \/>\n\t<meta property=\"og:image:height\" content=\"265\" \/>\n\t<meta property=\"og:image:type\" content=\"image\/jpeg\" \/>\n<meta name=\"twitter:card\" content=\"summary_large_image\" \/>\n<meta name=\"twitter:label1\" content=\"Est. reading time\" \/>\n\t<meta name=\"twitter:data1\" content=\"1 minute\" \/>\n<script type=\"application\/ld+json\" class=\"yoast-schema-graph\">{\"@context\":\"https:\\\/\\\/schema.org\",\"@graph\":[{\"@type\":\"WebPage\",\"@id\":\"https:\\\/\\\/wmtbaltic.lv\\\/product\\\/drukas-pleve-ri-dot-white-matt-removable-1372m\\\/\",\"url\":\"https:\\\/\\\/wmtbaltic.lv\\\/product\\\/drukas-pleve-ri-dot-white-matt-removable-1372m\\\/\",\"name\":\"Drukas pl\u0113ve Ri-Dot White Matt Removable , nopirkt veikal\u0101 R\u012bg\u0101\",\"isPartOf\":{\"@id\":\"https:\\\/\\\/wmtbaltic.lv\\\/#website\"},\"primaryImageOfPage\":{\"@id\":\"https:\\\/\\\/wmtbaltic.lv\\\/product\\\/drukas-pleve-ri-dot-white-matt-removable-1372m\\\/#primaryimage\"},\"image\":{\"@id\":\"https:\\\/\\\/wmtbaltic.lv\\\/product\\\/drukas-pleve-ri-dot-white-matt-removable-1372m\\\/#primaryimage\"},\"thumbnailUrl\":\"https:\\\/\\\/wmtbaltic.lv\\\/wp-content\\\/uploads\\\/2021\\\/09\\\/ritrama-ri-dot.jpg\",\"datePublished\":\"2021-09-27T07:25:56+00:00\",\"dateModified\":\"2025-02-12T13:33:25+00:00\",\"breadcrumb\":{\"@id\":\"https:\\\/\\\/wmtbaltic.lv\\\/product\\\/drukas-pleve-ri-dot-white-matt-removable-1372m\\\/#breadcrumb\"},\"inLanguage\":\"en-US\",\"potentialAction\":[{\"@type\":\"ReadAction\",\"target\":[\"https:\\\/\\\/wmtbaltic.lv\\\/product\\\/drukas-pleve-ri-dot-white-matt-removable-1372m\\\/\"]}]},{\"@type\":\"ImageObject\",\"inLanguage\":\"en-US\",\"@id\":\"https:\\\/\\\/wmtbaltic.lv\\\/product\\\/drukas-pleve-ri-dot-white-matt-removable-1372m\\\/#primaryimage\",\"url\":\"https:\\\/\\\/wmtbaltic.lv\\\/wp-content\\\/uploads\\\/2021\\\/09\\\/ritrama-ri-dot.jpg\",\"contentUrl\":\"https:\\\/\\\/wmtbaltic.lv\\\/wp-content\\\/uploads\\\/2021\\\/09\\\/ritrama-ri-dot.jpg\",\"width\":265,\"height\":265},{\"@type\":\"BreadcrumbList\",\"@id\":\"https:\\\/\\\/wmtbaltic.lv\\\/product\\\/drukas-pleve-ri-dot-white-matt-removable-1372m\\\/#breadcrumb\",\"itemListElement\":[{\"@type\":\"ListItem\",\"position\":1,\"name\":\"Home\",\"item\":\"https:\\\/\\\/wmtbaltic.lv\\\/en\\\/\"},{\"@type\":\"ListItem\",\"position\":2,\"name\":\"Shop\",\"item\":\"https:\\\/\\\/wmtbaltic.lv\\\/shop\\\/\"},{\"@type\":\"ListItem\",\"position\":3,\"name\":\"Drukas pl\u0113ve Ri-Dot White Matt Removable, 1,372m\"}]},{\"@type\":\"WebSite\",\"@id\":\"https:\\\/\\\/wmtbaltic.lv\\\/#website\",\"url\":\"https:\\\/\\\/wmtbaltic.lv\\\/\",\"name\":\"WMT Baltic\",\"description\":\"Rekl\u0101mas produkti, pl\u0113ves\",\"publisher\":{\"@id\":\"https:\\\/\\\/wmtbaltic.lv\\\/#organization\"},\"potentialAction\":[{\"@type\":\"SearchAction\",\"target\":{\"@type\":\"EntryPoint\",\"urlTemplate\":\"https:\\\/\\\/wmtbaltic.lv\\\/?s={search_term_string}\"},\"query-input\":{\"@type\":\"PropertyValueSpecification\",\"valueRequired\":true,\"valueName\":\"search_term_string\"}}],\"inLanguage\":\"en-US\"},{\"@type\":\"Organization\",\"@id\":\"https:\\\/\\\/wmtbaltic.lv\\\/#organization\",\"name\":\"WMT Baltic\",\"url\":\"https:\\\/\\\/wmtbaltic.lv\\\/\",\"logo\":{\"@type\":\"ImageObject\",\"inLanguage\":\"en-US\",\"@id\":\"https:\\\/\\\/wmtbaltic.lv\\\/#\\\/schema\\\/logo\\\/image\\\/\",\"url\":\"https:\\\/\\\/wmtbaltic.lv\\\/wp-content\\\/uploads\\\/2024\\\/12\\\/wmt-baltic-sia_107142_9_420x180.jpg\",\"contentUrl\":\"https:\\\/\\\/wmtbaltic.lv\\\/wp-content\\\/uploads\\\/2024\\\/12\\\/wmt-baltic-sia_107142_9_420x180.jpg\",\"width\":420,\"height\":180,\"caption\":\"WMT Baltic\"},\"image\":{\"@id\":\"https:\\\/\\\/wmtbaltic.lv\\\/#\\\/schema\\\/logo\\\/image\\\/\"},\"sameAs\":[\"https:\\\/\\\/www.facebook.com\\\/WMT.Baltic.viscom\\\/?locale=lv_LV\",\"https:\\\/\\\/www.instagram.com\\\/viscom_wmt\\\/\"]}]}<\/script>\n<!-- \/ Yoast SEO plugin. -->","yoast_head_json":{"title":"Drukas pl\u0113ve Ri-Dot White Matt Removable , nopirkt veikal\u0101 R\u012bg\u0101","robots":{"index":"index","follow":"follow","max-snippet":"max-snippet:-1","max-image-preview":"max-image-preview:large","max-video-preview":"max-video-preview:-1"},"canonical":"https:\/\/wmtbaltic.lv\/product\/drukas-pleve-ri-dot-white-matt-removable-1372m\/","og_locale":"en_US","og_type":"article","og_title":"Drukas pl\u0113ve Ri-Dot White Matt Removable , nopirkt veikal\u0101 R\u012bg\u0101","og_url":"https:\/\/wmtbaltic.lv\/product\/drukas-pleve-ri-dot-white-matt-removable-1372m\/","og_site_name":"WMT Baltic","article_publisher":"https:\/\/www.facebook.com\/WMT.Baltic.viscom\/?locale=lv_LV","article_modified_time":"2025-02-12T13:33:25+00:00","og_image":[{"width":265,"height":265,"url":"http:\/\/wmtbaltic.lv\/wp-content\/uploads\/2021\/09\/ritrama-ri-dot.jpg","type":"image\/jpeg"}],"twitter_card":"summary_large_image","twitter_misc":{"Est. reading time":"1 minute"},"schema":{"@context":"https:\/\/schema.org","@graph":[{"@type":"WebPage","@id":"https:\/\/wmtbaltic.lv\/product\/drukas-pleve-ri-dot-white-matt-removable-1372m\/","url":"https:\/\/wmtbaltic.lv\/product\/drukas-pleve-ri-dot-white-matt-removable-1372m\/","name":"Drukas pl\u0113ve Ri-Dot White Matt Removable , nopirkt veikal\u0101 R\u012bg\u0101","isPartOf":{"@id":"https:\/\/wmtbaltic.lv\/#website"},"primaryImageOfPage":{"@id":"https:\/\/wmtbaltic.lv\/product\/drukas-pleve-ri-dot-white-matt-removable-1372m\/#primaryimage"},"image":{"@id":"https:\/\/wmtbaltic.lv\/product\/drukas-pleve-ri-dot-white-matt-removable-1372m\/#primaryimage"},"thumbnailUrl":"https:\/\/wmtbaltic.lv\/wp-content\/uploads\/2021\/09\/ritrama-ri-dot.jpg","datePublished":"2021-09-27T07:25:56+00:00","dateModified":"2025-02-12T13:33:25+00:00","breadcrumb":{"@id":"https:\/\/wmtbaltic.lv\/product\/drukas-pleve-ri-dot-white-matt-removable-1372m\/#breadcrumb"},"inLanguage":"en-US","potentialAction":[{"@type":"ReadAction","target":["https:\/\/wmtbaltic.lv\/product\/drukas-pleve-ri-dot-white-matt-removable-1372m\/"]}]},{"@type":"ImageObject","inLanguage":"en-US","@id":"https:\/\/wmtbaltic.lv\/product\/drukas-pleve-ri-dot-white-matt-removable-1372m\/#primaryimage","url":"https:\/\/wmtbaltic.lv\/wp-content\/uploads\/2021\/09\/ritrama-ri-dot.jpg","contentUrl":"https:\/\/wmtbaltic.lv\/wp-content\/uploads\/2021\/09\/ritrama-ri-dot.jpg","width":265,"height":265},{"@type":"BreadcrumbList","@id":"https:\/\/wmtbaltic.lv\/product\/drukas-pleve-ri-dot-white-matt-removable-1372m\/#breadcrumb","itemListElement":[{"@type":"ListItem","position":1,"name":"Home","item":"https:\/\/wmtbaltic.lv\/en\/"},{"@type":"ListItem","position":2,"name":"Shop","item":"https:\/\/wmtbaltic.lv\/shop\/"},{"@type":"ListItem","position":3,"name":"Drukas pl\u0113ve Ri-Dot White Matt Removable, 1,372m"}]},{"@type":"WebSite","@id":"https:\/\/wmtbaltic.lv\/#website","url":"https:\/\/wmtbaltic.lv\/","name":"WMT Baltic","description":"Rekl\u0101mas produkti, pl\u0113ves","publisher":{"@id":"https:\/\/wmtbaltic.lv\/#organization"},"potentialAction":[{"@type":"SearchAction","target":{"@type":"EntryPoint","urlTemplate":"https:\/\/wmtbaltic.lv\/?s={search_term_string}"},"query-input":{"@type":"PropertyValueSpecification","valueRequired":true,"valueName":"search_term_string"}}],"inLanguage":"en-US"},{"@type":"Organization","@id":"https:\/\/wmtbaltic.lv\/#organization","name":"WMT Baltic","url":"https:\/\/wmtbaltic.lv\/","logo":{"@type":"ImageObject","inLanguage":"en-US","@id":"https:\/\/wmtbaltic.lv\/#\/schema\/logo\/image\/","url":"https:\/\/wmtbaltic.lv\/wp-content\/uploads\/2024\/12\/wmt-baltic-sia_107142_9_420x180.jpg","contentUrl":"https:\/\/wmtbaltic.lv\/wp-content\/uploads\/2024\/12\/wmt-baltic-sia_107142_9_420x180.jpg","width":420,"height":180,"caption":"WMT Baltic"},"image":{"@id":"https:\/\/wmtbaltic.lv\/#\/schema\/logo\/image\/"},"sameAs":["https:\/\/www.facebook.com\/WMT.Baltic.viscom\/?locale=lv_LV","https:\/\/www.instagram.com\/viscom_wmt\/"]}]}},"_links":{"self":[{"href":"https:\/\/wmtbaltic.lv\/en\/wp-json\/wp\/v2\/product\/9671","targetHints":{"allow":["GET"]}}],"collection":[{"href":"https:\/\/wmtbaltic.lv\/en\/wp-json\/wp\/v2\/product"}],"about":[{"href":"https:\/\/wmtbaltic.lv\/en\/wp-json\/wp\/v2\/types\/product"}],"wp:featuredmedia":[{"embeddable":true,"href":"https:\/\/wmtbaltic.lv\/en\/wp-json\/wp\/v2\/media\/17664"}],"wp:attachment":[{"href":"https:\/\/wmtbaltic.lv\/en\/wp-json\/wp\/v2\/media?parent=9671"}],"wp:term":[{"taxonomy":"product_brand","embeddable":true,"href":"https:\/\/wmtbaltic.lv\/en\/wp-json\/wp\/v2\/product_brand?post=9671"},{"taxonomy":"product_cat","embeddable":true,"href":"https:\/\/wmtbaltic.lv\/en\/wp-json\/wp\/v2\/product_cat?post=9671"},{"taxonomy":"product_tag","embeddable":true,"href":"https:\/\/wmtbaltic.lv\/en\/wp-json\/wp\/v2\/product_tag?post=9671"}],"curies":[{"name":"wp","href":"https:\/\/api.w.org\/{rel}","templated":true}]}}