{"id":967,"date":"2020-07-16T09:27:25","date_gmt":"2020-07-16T09:27:25","guid":{"rendered":"http:\/\/wmtbaltic.lv\/\/?post_type=product&#038;p=967"},"modified":"2020-07-16T09:27:25","modified_gmt":"2020-07-16T09:27:25","slug":"glancetas-pleves-xf-3","status":"publish","type":"product","link":"https:\/\/wmtbaltic.lv\/en\/product\/glancetas-pleves-xf-3\/","title":{"rendered":"Glanc\u0113tas pl\u0113ves XF  3"},"content":{"rendered":"<p align=\"justify\">Melnas un baltas l\u012bmpl\u0113ves ekspluat\u0101cijas ilgums \u0101ra apst\u0101k\u013cos ir l\u012bdz 5 gadiem, kr\u0101sain\u0101m l\u012bmpl\u0113v\u0113m l\u012bdz 3 gadiem.<\/p>\n<div><a class=\"loadbrochure\" href=\"http:\/\/www.adv24.lv\/file.php?id=219\"><strong><a href=\"http:\/\/wmtbaltic.lv\/\/wp-content\/uploads\/2020\/07\/pdf-1.png\"><img loading=\"lazy\" decoding=\"async\" class=\"alignnone size-full wp-image-914\" src=\"http:\/\/wmtbaltic.lv\/\/wp-content\/uploads\/2020\/07\/pdf-1.png\" alt=\"\" width=\"30\" height=\"36\" \/><\/a>Tehniskais apraksts<\/strong><\/a><\/div>\n","protected":false},"excerpt":{"rendered":"<p align=\"justify\"><strong>XF 3 Gloss Economy Serie<\/strong><\/p>\r\n<p align=\"justify\"><\/p>\r\n<p align=\"justify\">Glanc\u0113ta, monom\u0113ra, kalandr\u0113ta, gaismu necaurlaid\u012bga, PVH l\u012bmpl\u0113ve. Pl\u0113ves biezums 72 mikronas.\u00a0<strong>XF 3\u00a0<\/strong>pl\u0113ve ir ide\u0101li piem\u0113rota dekorot\u012bv\u0101 dizaina risin\u0101jumiem gan iek\u0161telp\u0101s, gan \u0101ra apst\u0101k\u013cos. Pl\u0113ve ir piem\u0113rota lieto\u0161anai (l\u012bm\u0113\u0161anai) uz glud\u0101m un taisn\u0101m virsm\u0101m, t\u0101d\u0101m k\u0101, kr\u0101sotas sienas, stikls, akrils, alum\u012bnijs u.c. K\u0101 ar\u012b l\u012bmpl\u0113vi var lietot rekl\u0101mai uz automa\u0161\u012bn\u0101m un stikla vitr\u012bn\u0101m.<\/p>","protected":false},"featured_media":0,"template":"","meta":[],"product_brand":[],"product_cat":[83],"product_tag":[],"class_list":{"0":"post-967","1":"product","2":"type-product","3":"status-publish","5":"product_cat-uncategorized-lv","7":"first","8":"instock","9":"shipping-taxable","10":"product-type-simple"},"yoast_head":"<!-- This site is optimized with the Yoast SEO plugin v27.4 - https:\/\/yoast.com\/product\/yoast-seo-wordpress\/ -->\n<title>Glanc\u0113tas pl\u0113ves XF 3 - WMT Baltic<\/title>\n<meta name=\"robots\" content=\"index, follow, max-snippet:-1, max-image-preview:large, max-video-preview:-1\" \/>\n<link rel=\"canonical\" href=\"https:\/\/wmtbaltic.lv\/Produkts\/glancetas-pleves-xf-3\/\" \/>\n<meta property=\"og:locale\" content=\"en_US\" \/>\n<meta property=\"og:type\" content=\"article\" \/>\n<meta property=\"og:title\" content=\"Glanc\u0113tas pl\u0113ves XF 3 - WMT Baltic\" \/>\n<meta property=\"og:description\" content=\"XF 3 Gloss Economy Serie  Glanc\u0113ta, monom\u0113ra, kalandr\u0113ta, gaismu necaurlaid\u012bga, PVH l\u012bmpl\u0113ve. Pl\u0113ves biezums 72 mikronas.\u00a0XF 3\u00a0pl\u0113ve ir ide\u0101li piem\u0113rota dekorot\u012bv\u0101 dizaina risin\u0101jumiem gan iek\u0161telp\u0101s, gan \u0101ra apst\u0101k\u013cos. Pl\u0113ve ir piem\u0113rota lieto\u0161anai (l\u012bm\u0113\u0161anai) uz glud\u0101m un taisn\u0101m virsm\u0101m, t\u0101d\u0101m k\u0101, kr\u0101sotas sienas, stikls, akrils, alum\u012bnijs u.c. K\u0101 ar\u012b l\u012bmpl\u0113vi var lietot rekl\u0101mai uz automa\u0161\u012bn\u0101m un stikla vitr\u012bn\u0101m.\" \/>\n<meta property=\"og:url\" content=\"https:\/\/wmtbaltic.lv\/Produkts\/glancetas-pleves-xf-3\/\" \/>\n<meta property=\"og:site_name\" content=\"WMT Baltic\" \/>\n<meta property=\"article:publisher\" content=\"https:\/\/www.facebook.com\/WMT.Baltic.viscom\/?locale=lv_LV\" \/>\n<meta property=\"og:image\" content=\"http:\/\/wmtbaltic.lv\/\/wp-content\/uploads\/2020\/07\/pdf-1.png\" \/>\n<meta name=\"twitter:card\" content=\"summary_large_image\" \/>\n<script type=\"application\/ld+json\" class=\"yoast-schema-graph\">{\"@context\":\"https:\\\/\\\/schema.org\",\"@graph\":[{\"@type\":\"WebPage\",\"@id\":\"https:\\\/\\\/wmtbaltic.lv\\\/Produkts\\\/glancetas-pleves-xf-3\\\/\",\"url\":\"https:\\\/\\\/wmtbaltic.lv\\\/Produkts\\\/glancetas-pleves-xf-3\\\/\",\"name\":\"Glanc\u0113tas pl\u0113ves XF 3 - WMT Baltic\",\"isPartOf\":{\"@id\":\"https:\\\/\\\/wmtbaltic.lv\\\/#website\"},\"primaryImageOfPage\":{\"@id\":\"https:\\\/\\\/wmtbaltic.lv\\\/Produkts\\\/glancetas-pleves-xf-3\\\/#primaryimage\"},\"image\":{\"@id\":\"https:\\\/\\\/wmtbaltic.lv\\\/Produkts\\\/glancetas-pleves-xf-3\\\/#primaryimage\"},\"thumbnailUrl\":\"http:\\\/\\\/wmtbaltic.lv\\\/\\\/wp-content\\\/uploads\\\/2020\\\/07\\\/pdf-1.png\",\"datePublished\":\"2020-07-16T09:27:25+00:00\",\"breadcrumb\":{\"@id\":\"https:\\\/\\\/wmtbaltic.lv\\\/Produkts\\\/glancetas-pleves-xf-3\\\/#breadcrumb\"},\"inLanguage\":\"en-US\",\"potentialAction\":[{\"@type\":\"ReadAction\",\"target\":[\"https:\\\/\\\/wmtbaltic.lv\\\/Produkts\\\/glancetas-pleves-xf-3\\\/\"]}]},{\"@type\":\"ImageObject\",\"inLanguage\":\"en-US\",\"@id\":\"https:\\\/\\\/wmtbaltic.lv\\\/Produkts\\\/glancetas-pleves-xf-3\\\/#primaryimage\",\"url\":\"http:\\\/\\\/wmtbaltic.lv\\\/\\\/wp-content\\\/uploads\\\/2020\\\/07\\\/pdf-1.png\",\"contentUrl\":\"http:\\\/\\\/wmtbaltic.lv\\\/\\\/wp-content\\\/uploads\\\/2020\\\/07\\\/pdf-1.png\"},{\"@type\":\"BreadcrumbList\",\"@id\":\"https:\\\/\\\/wmtbaltic.lv\\\/Produkts\\\/glancetas-pleves-xf-3\\\/#breadcrumb\",\"itemListElement\":[{\"@type\":\"ListItem\",\"position\":1,\"name\":\"Home\",\"item\":\"https:\\\/\\\/wmtbaltic.lv\\\/en\\\/\"},{\"@type\":\"ListItem\",\"position\":2,\"name\":\"Shop\",\"item\":\"https:\\\/\\\/wmtbaltic.lv\\\/shop\\\/\"},{\"@type\":\"ListItem\",\"position\":3,\"name\":\"Glanc\u0113tas pl\u0113ves XF 3\"}]},{\"@type\":\"WebSite\",\"@id\":\"https:\\\/\\\/wmtbaltic.lv\\\/#website\",\"url\":\"https:\\\/\\\/wmtbaltic.lv\\\/\",\"name\":\"WMT Baltic\",\"description\":\"Rekl\u0101mas produkti, pl\u0113ves\",\"publisher\":{\"@id\":\"https:\\\/\\\/wmtbaltic.lv\\\/#organization\"},\"potentialAction\":[{\"@type\":\"SearchAction\",\"target\":{\"@type\":\"EntryPoint\",\"urlTemplate\":\"https:\\\/\\\/wmtbaltic.lv\\\/?s={search_term_string}\"},\"query-input\":{\"@type\":\"PropertyValueSpecification\",\"valueRequired\":true,\"valueName\":\"search_term_string\"}}],\"inLanguage\":\"en-US\"},{\"@type\":\"Organization\",\"@id\":\"https:\\\/\\\/wmtbaltic.lv\\\/#organization\",\"name\":\"WMT Baltic\",\"url\":\"https:\\\/\\\/wmtbaltic.lv\\\/\",\"logo\":{\"@type\":\"ImageObject\",\"inLanguage\":\"en-US\",\"@id\":\"https:\\\/\\\/wmtbaltic.lv\\\/#\\\/schema\\\/logo\\\/image\\\/\",\"url\":\"https:\\\/\\\/wmtbaltic.lv\\\/wp-content\\\/uploads\\\/2024\\\/12\\\/wmt-baltic-sia_107142_9_420x180.jpg\",\"contentUrl\":\"https:\\\/\\\/wmtbaltic.lv\\\/wp-content\\\/uploads\\\/2024\\\/12\\\/wmt-baltic-sia_107142_9_420x180.jpg\",\"width\":420,\"height\":180,\"caption\":\"WMT Baltic\"},\"image\":{\"@id\":\"https:\\\/\\\/wmtbaltic.lv\\\/#\\\/schema\\\/logo\\\/image\\\/\"},\"sameAs\":[\"https:\\\/\\\/www.facebook.com\\\/WMT.Baltic.viscom\\\/?locale=lv_LV\",\"https:\\\/\\\/www.instagram.com\\\/viscom_wmt\\\/\"]}]}<\/script>\n<!-- \/ Yoast SEO plugin. -->","yoast_head_json":{"title":"Glanc\u0113tas pl\u0113ves XF 3 - WMT Baltic","robots":{"index":"index","follow":"follow","max-snippet":"max-snippet:-1","max-image-preview":"max-image-preview:large","max-video-preview":"max-video-preview:-1"},"canonical":"https:\/\/wmtbaltic.lv\/Produkts\/glancetas-pleves-xf-3\/","og_locale":"en_US","og_type":"article","og_title":"Glanc\u0113tas pl\u0113ves XF 3 - WMT Baltic","og_description":"XF 3 Gloss Economy Serie  Glanc\u0113ta, monom\u0113ra, kalandr\u0113ta, gaismu necaurlaid\u012bga, PVH l\u012bmpl\u0113ve. Pl\u0113ves biezums 72 mikronas.\u00a0XF 3\u00a0pl\u0113ve ir ide\u0101li piem\u0113rota dekorot\u012bv\u0101 dizaina risin\u0101jumiem gan iek\u0161telp\u0101s, gan \u0101ra apst\u0101k\u013cos. Pl\u0113ve ir piem\u0113rota lieto\u0161anai (l\u012bm\u0113\u0161anai) uz glud\u0101m un taisn\u0101m virsm\u0101m, t\u0101d\u0101m k\u0101, kr\u0101sotas sienas, stikls, akrils, alum\u012bnijs u.c. K\u0101 ar\u012b l\u012bmpl\u0113vi var lietot rekl\u0101mai uz automa\u0161\u012bn\u0101m un stikla vitr\u012bn\u0101m.","og_url":"https:\/\/wmtbaltic.lv\/Produkts\/glancetas-pleves-xf-3\/","og_site_name":"WMT Baltic","article_publisher":"https:\/\/www.facebook.com\/WMT.Baltic.viscom\/?locale=lv_LV","og_image":[{"url":"http:\/\/wmtbaltic.lv\/\/wp-content\/uploads\/2020\/07\/pdf-1.png","type":"","width":"","height":""}],"twitter_card":"summary_large_image","schema":{"@context":"https:\/\/schema.org","@graph":[{"@type":"WebPage","@id":"https:\/\/wmtbaltic.lv\/Produkts\/glancetas-pleves-xf-3\/","url":"https:\/\/wmtbaltic.lv\/Produkts\/glancetas-pleves-xf-3\/","name":"Glanc\u0113tas pl\u0113ves XF 3 - WMT Baltic","isPartOf":{"@id":"https:\/\/wmtbaltic.lv\/#website"},"primaryImageOfPage":{"@id":"https:\/\/wmtbaltic.lv\/Produkts\/glancetas-pleves-xf-3\/#primaryimage"},"image":{"@id":"https:\/\/wmtbaltic.lv\/Produkts\/glancetas-pleves-xf-3\/#primaryimage"},"thumbnailUrl":"http:\/\/wmtbaltic.lv\/\/wp-content\/uploads\/2020\/07\/pdf-1.png","datePublished":"2020-07-16T09:27:25+00:00","breadcrumb":{"@id":"https:\/\/wmtbaltic.lv\/Produkts\/glancetas-pleves-xf-3\/#breadcrumb"},"inLanguage":"en-US","potentialAction":[{"@type":"ReadAction","target":["https:\/\/wmtbaltic.lv\/Produkts\/glancetas-pleves-xf-3\/"]}]},{"@type":"ImageObject","inLanguage":"en-US","@id":"https:\/\/wmtbaltic.lv\/Produkts\/glancetas-pleves-xf-3\/#primaryimage","url":"http:\/\/wmtbaltic.lv\/\/wp-content\/uploads\/2020\/07\/pdf-1.png","contentUrl":"http:\/\/wmtbaltic.lv\/\/wp-content\/uploads\/2020\/07\/pdf-1.png"},{"@type":"BreadcrumbList","@id":"https:\/\/wmtbaltic.lv\/Produkts\/glancetas-pleves-xf-3\/#breadcrumb","itemListElement":[{"@type":"ListItem","position":1,"name":"Home","item":"https:\/\/wmtbaltic.lv\/en\/"},{"@type":"ListItem","position":2,"name":"Shop","item":"https:\/\/wmtbaltic.lv\/shop\/"},{"@type":"ListItem","position":3,"name":"Glanc\u0113tas pl\u0113ves XF 3"}]},{"@type":"WebSite","@id":"https:\/\/wmtbaltic.lv\/#website","url":"https:\/\/wmtbaltic.lv\/","name":"WMT Baltic","description":"Rekl\u0101mas produkti, pl\u0113ves","publisher":{"@id":"https:\/\/wmtbaltic.lv\/#organization"},"potentialAction":[{"@type":"SearchAction","target":{"@type":"EntryPoint","urlTemplate":"https:\/\/wmtbaltic.lv\/?s={search_term_string}"},"query-input":{"@type":"PropertyValueSpecification","valueRequired":true,"valueName":"search_term_string"}}],"inLanguage":"en-US"},{"@type":"Organization","@id":"https:\/\/wmtbaltic.lv\/#organization","name":"WMT Baltic","url":"https:\/\/wmtbaltic.lv\/","logo":{"@type":"ImageObject","inLanguage":"en-US","@id":"https:\/\/wmtbaltic.lv\/#\/schema\/logo\/image\/","url":"https:\/\/wmtbaltic.lv\/wp-content\/uploads\/2024\/12\/wmt-baltic-sia_107142_9_420x180.jpg","contentUrl":"https:\/\/wmtbaltic.lv\/wp-content\/uploads\/2024\/12\/wmt-baltic-sia_107142_9_420x180.jpg","width":420,"height":180,"caption":"WMT Baltic"},"image":{"@id":"https:\/\/wmtbaltic.lv\/#\/schema\/logo\/image\/"},"sameAs":["https:\/\/www.facebook.com\/WMT.Baltic.viscom\/?locale=lv_LV","https:\/\/www.instagram.com\/viscom_wmt\/"]}]}},"_links":{"self":[{"href":"https:\/\/wmtbaltic.lv\/en\/wp-json\/wp\/v2\/product\/967","targetHints":{"allow":["GET"]}}],"collection":[{"href":"https:\/\/wmtbaltic.lv\/en\/wp-json\/wp\/v2\/product"}],"about":[{"href":"https:\/\/wmtbaltic.lv\/en\/wp-json\/wp\/v2\/types\/product"}],"wp:attachment":[{"href":"https:\/\/wmtbaltic.lv\/en\/wp-json\/wp\/v2\/media?parent=967"}],"wp:term":[{"taxonomy":"product_brand","embeddable":true,"href":"https:\/\/wmtbaltic.lv\/en\/wp-json\/wp\/v2\/product_brand?post=967"},{"taxonomy":"product_cat","embeddable":true,"href":"https:\/\/wmtbaltic.lv\/en\/wp-json\/wp\/v2\/product_cat?post=967"},{"taxonomy":"product_tag","embeddable":true,"href":"https:\/\/wmtbaltic.lv\/en\/wp-json\/wp\/v2\/product_tag?post=967"}],"curies":[{"name":"wp","href":"https:\/\/api.w.org\/{rel}","templated":true}]}}