{"id":9628,"date":"2021-09-24T11:11:49","date_gmt":"2021-09-24T11:11:49","guid":{"rendered":"https:\/\/wmtbaltic.lv\/?post_type=product&#038;p=9628"},"modified":"2025-10-22T12:07:42","modified_gmt":"2025-10-22T12:07:42","slug":"perforeta-drukas-pleve-one-way-vision-nightday-1-37m","status":"publish","type":"product","link":"https:\/\/wmtbaltic.lv\/en\/product\/perforeta-drukas-pleve-one-way-vision-nightday-1-37m\/","title":{"rendered":"Perfor\u0113ta drukas pl\u0113ve One Way Vision Night&#038;Day, 1.37m"},"content":{"rendered":"<p>Speci\u0101la dizaina monom\u0113ra, perfor\u0113ta , balta, glanc\u0113ta PVH pl\u0113ve, 140 mk. L\u012bme caursp\u012bd\u012bga, viegli no\u0146emama. perfor\u0101cijas diametrs &#8211; 1,5mm.\u00a0 At\u0161\u0137ir\u012bb\u0101 no standarta perfor\u0113t\u0101m pl\u0113v\u0113m, att\u0113ls b\u016bs redzams ar\u012b tad, kad iek\u0161telpu apgaismojums ir iesl\u0113gts un \u0101r\u0101 ir tum\u0161s.\u00a0 Piem\u0113rota ekosolventa, lateksa un UV tint\u0113m.<\/p>\n<p>Pl\u0113ves platums 1.37 m.<\/p>\n<p>Rull\u012b 30 m.<\/p>\n<p>Tehniskais apraksts: <a href=\"http:\/\/wmtbaltic.lv\/wp-content\/uploads\/2021\/09\/OWV-12500_monom_NightDay_ENG.pdf\">OWV _monom_Night&amp;Day<\/a><\/p>\n","protected":false},"excerpt":{"rendered":"Speci\u0101la dizaina monom\u0113ra, perfor\u0113ta , balta, glanc\u0113ta PVH pl\u0113ve, 140 mk. L\u012bme caursp\u012bd\u012bga, viegli no\u0146emama. perfor\u0101cijas diametrs - 1,5mm.\u00a0 At\u0161\u0137ir\u012bb\u0101 no standarta perfor\u0113t\u0101m pl\u0113v\u0113m, att\u0113ls b\u016bs redzams ar\u012b tad, kad iek\u0161telpu apgaismojums ir iesl\u0113gts un \u0101r\u0101 ir tum\u0161s.\u00a0 Piem\u0113rota ekosolventa, lateksa un UV tint\u0113m. Pl\u0113ves platums 1.37 m. Rull\u012b 30 m. Tehniskais apraksts: OWV _monom_Night&amp;Day","protected":false},"featured_media":9636,"template":"","meta":[],"product_brand":[],"product_cat":[447],"product_tag":[922,920,921],"class_list":{"0":"post-9628","1":"product","2":"type-product","3":"status-publish","4":"has-post-thumbnail","6":"product_cat-specializetas-limpleves","7":"product_tag-backlit-pleve","8":"product_tag-perforeta-drukas-limpleve","9":"product_tag-reklama-uz-logiem","11":"first","12":"instock","13":"shipping-taxable","14":"purchasable","15":"product-type-variable"},"yoast_head":"<!-- This site is optimized with the Yoast SEO plugin v27.4 - https:\/\/yoast.com\/product\/yoast-seo-wordpress\/ -->\n<title>Perfor\u0113ta drukas pl\u0113ve One Way Vision Night&amp;Day, nopirkt veikal\u0101 R\u012bg\u0101<\/title>\n<meta name=\"robots\" content=\"index, follow, max-snippet:-1, max-image-preview:large, max-video-preview:-1\" \/>\n<link rel=\"canonical\" href=\"https:\/\/wmtbaltic.lv\/product\/perforeta-drukas-pleve-one-way-vision-nightday-1-37m\/\" \/>\n<meta property=\"og:locale\" content=\"en_US\" \/>\n<meta property=\"og:type\" content=\"article\" \/>\n<meta property=\"og:title\" content=\"Perfor\u0113ta drukas pl\u0113ve One Way Vision Night&amp;Day, nopirkt veikal\u0101 R\u012bg\u0101\" \/>\n<meta property=\"og:url\" content=\"https:\/\/wmtbaltic.lv\/product\/perforeta-drukas-pleve-one-way-vision-nightday-1-37m\/\" \/>\n<meta property=\"og:site_name\" content=\"WMT Baltic\" \/>\n<meta property=\"article:publisher\" content=\"https:\/\/www.facebook.com\/WMT.Baltic.viscom\/?locale=lv_LV\" \/>\n<meta property=\"article:modified_time\" content=\"2025-10-22T12:07:42+00:00\" \/>\n<meta property=\"og:image\" content=\"http:\/\/wmtbaltic.lv\/wp-content\/uploads\/2021\/09\/One-way-Vision-Night_Day.jpg\" \/>\n\t<meta property=\"og:image:width\" content=\"205\" \/>\n\t<meta property=\"og:image:height\" content=\"205\" \/>\n\t<meta property=\"og:image:type\" content=\"image\/jpeg\" \/>\n<meta name=\"twitter:card\" content=\"summary_large_image\" \/>\n<meta name=\"twitter:label1\" content=\"Est. reading time\" \/>\n\t<meta name=\"twitter:data1\" content=\"1 minute\" \/>\n<script type=\"application\/ld+json\" class=\"yoast-schema-graph\">{\"@context\":\"https:\\\/\\\/schema.org\",\"@graph\":[{\"@type\":\"WebPage\",\"@id\":\"https:\\\/\\\/wmtbaltic.lv\\\/product\\\/perforeta-drukas-pleve-one-way-vision-nightday-1-37m\\\/\",\"url\":\"https:\\\/\\\/wmtbaltic.lv\\\/product\\\/perforeta-drukas-pleve-one-way-vision-nightday-1-37m\\\/\",\"name\":\"Perfor\u0113ta drukas pl\u0113ve One Way Vision Night&Day, nopirkt veikal\u0101 R\u012bg\u0101\",\"isPartOf\":{\"@id\":\"https:\\\/\\\/wmtbaltic.lv\\\/#website\"},\"primaryImageOfPage\":{\"@id\":\"https:\\\/\\\/wmtbaltic.lv\\\/product\\\/perforeta-drukas-pleve-one-way-vision-nightday-1-37m\\\/#primaryimage\"},\"image\":{\"@id\":\"https:\\\/\\\/wmtbaltic.lv\\\/product\\\/perforeta-drukas-pleve-one-way-vision-nightday-1-37m\\\/#primaryimage\"},\"thumbnailUrl\":\"https:\\\/\\\/wmtbaltic.lv\\\/wp-content\\\/uploads\\\/2021\\\/09\\\/One-way-Vision-Night_Day.jpg\",\"datePublished\":\"2021-09-24T11:11:49+00:00\",\"dateModified\":\"2025-10-22T12:07:42+00:00\",\"breadcrumb\":{\"@id\":\"https:\\\/\\\/wmtbaltic.lv\\\/product\\\/perforeta-drukas-pleve-one-way-vision-nightday-1-37m\\\/#breadcrumb\"},\"inLanguage\":\"en-US\",\"potentialAction\":[{\"@type\":\"ReadAction\",\"target\":[\"https:\\\/\\\/wmtbaltic.lv\\\/product\\\/perforeta-drukas-pleve-one-way-vision-nightday-1-37m\\\/\"]}]},{\"@type\":\"ImageObject\",\"inLanguage\":\"en-US\",\"@id\":\"https:\\\/\\\/wmtbaltic.lv\\\/product\\\/perforeta-drukas-pleve-one-way-vision-nightday-1-37m\\\/#primaryimage\",\"url\":\"https:\\\/\\\/wmtbaltic.lv\\\/wp-content\\\/uploads\\\/2021\\\/09\\\/One-way-Vision-Night_Day.jpg\",\"contentUrl\":\"https:\\\/\\\/wmtbaltic.lv\\\/wp-content\\\/uploads\\\/2021\\\/09\\\/One-way-Vision-Night_Day.jpg\",\"width\":205,\"height\":205},{\"@type\":\"BreadcrumbList\",\"@id\":\"https:\\\/\\\/wmtbaltic.lv\\\/product\\\/perforeta-drukas-pleve-one-way-vision-nightday-1-37m\\\/#breadcrumb\",\"itemListElement\":[{\"@type\":\"ListItem\",\"position\":1,\"name\":\"Home\",\"item\":\"https:\\\/\\\/wmtbaltic.lv\\\/en\\\/\"},{\"@type\":\"ListItem\",\"position\":2,\"name\":\"Shop\",\"item\":\"https:\\\/\\\/wmtbaltic.lv\\\/shop\\\/\"},{\"@type\":\"ListItem\",\"position\":3,\"name\":\"Perfor\u0113ta drukas pl\u0113ve One Way Vision Night&#038;Day, 1.37m\"}]},{\"@type\":\"WebSite\",\"@id\":\"https:\\\/\\\/wmtbaltic.lv\\\/#website\",\"url\":\"https:\\\/\\\/wmtbaltic.lv\\\/\",\"name\":\"WMT Baltic\",\"description\":\"Rekl\u0101mas produkti, pl\u0113ves\",\"publisher\":{\"@id\":\"https:\\\/\\\/wmtbaltic.lv\\\/#organization\"},\"potentialAction\":[{\"@type\":\"SearchAction\",\"target\":{\"@type\":\"EntryPoint\",\"urlTemplate\":\"https:\\\/\\\/wmtbaltic.lv\\\/?s={search_term_string}\"},\"query-input\":{\"@type\":\"PropertyValueSpecification\",\"valueRequired\":true,\"valueName\":\"search_term_string\"}}],\"inLanguage\":\"en-US\"},{\"@type\":\"Organization\",\"@id\":\"https:\\\/\\\/wmtbaltic.lv\\\/#organization\",\"name\":\"WMT Baltic\",\"url\":\"https:\\\/\\\/wmtbaltic.lv\\\/\",\"logo\":{\"@type\":\"ImageObject\",\"inLanguage\":\"en-US\",\"@id\":\"https:\\\/\\\/wmtbaltic.lv\\\/#\\\/schema\\\/logo\\\/image\\\/\",\"url\":\"https:\\\/\\\/wmtbaltic.lv\\\/wp-content\\\/uploads\\\/2024\\\/12\\\/wmt-baltic-sia_107142_9_420x180.jpg\",\"contentUrl\":\"https:\\\/\\\/wmtbaltic.lv\\\/wp-content\\\/uploads\\\/2024\\\/12\\\/wmt-baltic-sia_107142_9_420x180.jpg\",\"width\":420,\"height\":180,\"caption\":\"WMT Baltic\"},\"image\":{\"@id\":\"https:\\\/\\\/wmtbaltic.lv\\\/#\\\/schema\\\/logo\\\/image\\\/\"},\"sameAs\":[\"https:\\\/\\\/www.facebook.com\\\/WMT.Baltic.viscom\\\/?locale=lv_LV\",\"https:\\\/\\\/www.instagram.com\\\/viscom_wmt\\\/\"]}]}<\/script>\n<!-- \/ Yoast SEO plugin. -->","yoast_head_json":{"title":"Perfor\u0113ta drukas pl\u0113ve One Way Vision Night&Day, nopirkt veikal\u0101 R\u012bg\u0101","robots":{"index":"index","follow":"follow","max-snippet":"max-snippet:-1","max-image-preview":"max-image-preview:large","max-video-preview":"max-video-preview:-1"},"canonical":"https:\/\/wmtbaltic.lv\/product\/perforeta-drukas-pleve-one-way-vision-nightday-1-37m\/","og_locale":"en_US","og_type":"article","og_title":"Perfor\u0113ta drukas pl\u0113ve One Way Vision Night&Day, nopirkt veikal\u0101 R\u012bg\u0101","og_url":"https:\/\/wmtbaltic.lv\/product\/perforeta-drukas-pleve-one-way-vision-nightday-1-37m\/","og_site_name":"WMT Baltic","article_publisher":"https:\/\/www.facebook.com\/WMT.Baltic.viscom\/?locale=lv_LV","article_modified_time":"2025-10-22T12:07:42+00:00","og_image":[{"width":205,"height":205,"url":"http:\/\/wmtbaltic.lv\/wp-content\/uploads\/2021\/09\/One-way-Vision-Night_Day.jpg","type":"image\/jpeg"}],"twitter_card":"summary_large_image","twitter_misc":{"Est. reading time":"1 minute"},"schema":{"@context":"https:\/\/schema.org","@graph":[{"@type":"WebPage","@id":"https:\/\/wmtbaltic.lv\/product\/perforeta-drukas-pleve-one-way-vision-nightday-1-37m\/","url":"https:\/\/wmtbaltic.lv\/product\/perforeta-drukas-pleve-one-way-vision-nightday-1-37m\/","name":"Perfor\u0113ta drukas pl\u0113ve One Way Vision Night&Day, nopirkt veikal\u0101 R\u012bg\u0101","isPartOf":{"@id":"https:\/\/wmtbaltic.lv\/#website"},"primaryImageOfPage":{"@id":"https:\/\/wmtbaltic.lv\/product\/perforeta-drukas-pleve-one-way-vision-nightday-1-37m\/#primaryimage"},"image":{"@id":"https:\/\/wmtbaltic.lv\/product\/perforeta-drukas-pleve-one-way-vision-nightday-1-37m\/#primaryimage"},"thumbnailUrl":"https:\/\/wmtbaltic.lv\/wp-content\/uploads\/2021\/09\/One-way-Vision-Night_Day.jpg","datePublished":"2021-09-24T11:11:49+00:00","dateModified":"2025-10-22T12:07:42+00:00","breadcrumb":{"@id":"https:\/\/wmtbaltic.lv\/product\/perforeta-drukas-pleve-one-way-vision-nightday-1-37m\/#breadcrumb"},"inLanguage":"en-US","potentialAction":[{"@type":"ReadAction","target":["https:\/\/wmtbaltic.lv\/product\/perforeta-drukas-pleve-one-way-vision-nightday-1-37m\/"]}]},{"@type":"ImageObject","inLanguage":"en-US","@id":"https:\/\/wmtbaltic.lv\/product\/perforeta-drukas-pleve-one-way-vision-nightday-1-37m\/#primaryimage","url":"https:\/\/wmtbaltic.lv\/wp-content\/uploads\/2021\/09\/One-way-Vision-Night_Day.jpg","contentUrl":"https:\/\/wmtbaltic.lv\/wp-content\/uploads\/2021\/09\/One-way-Vision-Night_Day.jpg","width":205,"height":205},{"@type":"BreadcrumbList","@id":"https:\/\/wmtbaltic.lv\/product\/perforeta-drukas-pleve-one-way-vision-nightday-1-37m\/#breadcrumb","itemListElement":[{"@type":"ListItem","position":1,"name":"Home","item":"https:\/\/wmtbaltic.lv\/en\/"},{"@type":"ListItem","position":2,"name":"Shop","item":"https:\/\/wmtbaltic.lv\/shop\/"},{"@type":"ListItem","position":3,"name":"Perfor\u0113ta drukas pl\u0113ve One Way Vision Night&#038;Day, 1.37m"}]},{"@type":"WebSite","@id":"https:\/\/wmtbaltic.lv\/#website","url":"https:\/\/wmtbaltic.lv\/","name":"WMT Baltic","description":"Rekl\u0101mas produkti, pl\u0113ves","publisher":{"@id":"https:\/\/wmtbaltic.lv\/#organization"},"potentialAction":[{"@type":"SearchAction","target":{"@type":"EntryPoint","urlTemplate":"https:\/\/wmtbaltic.lv\/?s={search_term_string}"},"query-input":{"@type":"PropertyValueSpecification","valueRequired":true,"valueName":"search_term_string"}}],"inLanguage":"en-US"},{"@type":"Organization","@id":"https:\/\/wmtbaltic.lv\/#organization","name":"WMT Baltic","url":"https:\/\/wmtbaltic.lv\/","logo":{"@type":"ImageObject","inLanguage":"en-US","@id":"https:\/\/wmtbaltic.lv\/#\/schema\/logo\/image\/","url":"https:\/\/wmtbaltic.lv\/wp-content\/uploads\/2024\/12\/wmt-baltic-sia_107142_9_420x180.jpg","contentUrl":"https:\/\/wmtbaltic.lv\/wp-content\/uploads\/2024\/12\/wmt-baltic-sia_107142_9_420x180.jpg","width":420,"height":180,"caption":"WMT Baltic"},"image":{"@id":"https:\/\/wmtbaltic.lv\/#\/schema\/logo\/image\/"},"sameAs":["https:\/\/www.facebook.com\/WMT.Baltic.viscom\/?locale=lv_LV","https:\/\/www.instagram.com\/viscom_wmt\/"]}]}},"_links":{"self":[{"href":"https:\/\/wmtbaltic.lv\/en\/wp-json\/wp\/v2\/product\/9628","targetHints":{"allow":["GET"]}}],"collection":[{"href":"https:\/\/wmtbaltic.lv\/en\/wp-json\/wp\/v2\/product"}],"about":[{"href":"https:\/\/wmtbaltic.lv\/en\/wp-json\/wp\/v2\/types\/product"}],"wp:featuredmedia":[{"embeddable":true,"href":"https:\/\/wmtbaltic.lv\/en\/wp-json\/wp\/v2\/media\/9636"}],"wp:attachment":[{"href":"https:\/\/wmtbaltic.lv\/en\/wp-json\/wp\/v2\/media?parent=9628"}],"wp:term":[{"taxonomy":"product_brand","embeddable":true,"href":"https:\/\/wmtbaltic.lv\/en\/wp-json\/wp\/v2\/product_brand?post=9628"},{"taxonomy":"product_cat","embeddable":true,"href":"https:\/\/wmtbaltic.lv\/en\/wp-json\/wp\/v2\/product_cat?post=9628"},{"taxonomy":"product_tag","embeddable":true,"href":"https:\/\/wmtbaltic.lv\/en\/wp-json\/wp\/v2\/product_tag?post=9628"}],"curies":[{"name":"wp","href":"https:\/\/api.w.org\/{rel}","templated":true}]}}