{"id":9588,"date":"2021-09-23T08:29:45","date_gmt":"2021-09-23T08:29:45","guid":{"rendered":"https:\/\/wmtbaltic.lv\/?post_type=product&#038;p=9588"},"modified":"2022-05-11T10:59:13","modified_gmt":"2022-05-11T10:59:13","slug":"drukas-pleve-mirror-gold-doming-vinyl-1-00-m","status":"publish","type":"product","link":"https:\/\/wmtbaltic.lv\/en\/product\/drukas-pleve-mirror-gold-doming-vinyl-1-00-m\/","title":{"rendered":"Drukas pl\u0113ve Mirror Gold doming vinyl, 1.00 m"},"content":{"rendered":"<p>Metaliz\u0113ta, glanc\u0113ta, zelta PVH l\u012bmpl\u0113ve speciali izstrad\u0101ta 3D uzl\u012bmju ra\u017eo\u0161anai. Paredz\u0113ta plotergrie\u0161anai un drukai ar solventa, ekosolventa un UV tint\u0113m, sietspiedei<\/p>\n<p>Cena par teko\u0161o metru.<\/p>\n<p>Pl\u0113ves platums 1.00m.<\/p>\n<p>Rull\u012b 50 m.<\/p>\n<p>Tehniskais apraksts: <a href=\"http:\/\/wmtbaltic.lv\/wp-content\/uploads\/2021\/09\/TDS_doming_GOLD_vynil.pdf\">TDS_doming_GOLD_vinyl<\/a><\/p>\n","protected":false},"excerpt":{"rendered":"Metaliz\u0113ta, glanc\u0113ta, zelta PVH l\u012bmpl\u0113ve speciali izstrad\u0101ta 3D uzl\u012bmju ra\u017eo\u0161anai. Paredz\u0113ta plotergrie\u0161anai un drukai ar solventa, ekosolventa un UV tint\u0113m, sietspiedei Cena par teko\u0161o metru. Pl\u0113ves platums 1.00m. Rull\u012b 50 m. Tehniskais apraksts: TDS_doming_GOLD_vinyl","protected":false},"featured_media":9168,"template":"","meta":[],"product_brand":[],"product_cat":[181],"product_tag":[915],"class_list":{"0":"post-9588","1":"product","2":"type-product","3":"status-publish","4":"has-post-thumbnail","6":"product_cat-limpleves-3d-uzlimem","7":"product_tag-3d-uzlime","9":"first","10":"instock","11":"shipping-taxable","12":"purchasable","13":"product-type-simple"},"yoast_head":"<!-- This site is optimized with the Yoast SEO plugin v27.4 - https:\/\/yoast.com\/product\/yoast-seo-wordpress\/ -->\n<title>Drukas pl\u0113ve Mirror Gold doming vinyl, 1.00 m , nopirkt R\u012bg\u0101<\/title>\n<meta name=\"description\" content=\"Spogu\u013cpl\u0113ve Mirror Gold Vinyl, nopirkt R\u012bg\u0101\" \/>\n<meta name=\"robots\" content=\"index, follow, max-snippet:-1, max-image-preview:large, max-video-preview:-1\" \/>\n<link rel=\"canonical\" href=\"https:\/\/wmtbaltic.lv\/Produkts\/drukas-pleve-mirror-gold-doming-vinyl-1-00-m\/\" \/>\n<meta property=\"og:locale\" content=\"en_US\" \/>\n<meta property=\"og:type\" content=\"article\" \/>\n<meta property=\"og:title\" content=\"Drukas pl\u0113ve Mirror Gold doming vinyl, 1.00 m , nopirkt R\u012bg\u0101\" \/>\n<meta property=\"og:description\" content=\"Spogu\u013cpl\u0113ve Mirror Gold Vinyl, nopirkt R\u012bg\u0101\" \/>\n<meta property=\"og:url\" content=\"https:\/\/wmtbaltic.lv\/Produkts\/drukas-pleve-mirror-gold-doming-vinyl-1-00-m\/\" \/>\n<meta property=\"og:site_name\" content=\"WMT Baltic\" \/>\n<meta property=\"article:publisher\" content=\"https:\/\/www.facebook.com\/WMT.Baltic.viscom\/?locale=lv_LV\" \/>\n<meta property=\"article:modified_time\" content=\"2022-05-11T10:59:13+00:00\" \/>\n<meta property=\"og:image\" content=\"http:\/\/wmtbaltic.lv\/wp-content\/uploads\/2021\/09\/20_doming-gold.jpg\" \/>\n\t<meta property=\"og:image:width\" content=\"500\" \/>\n\t<meta property=\"og:image:height\" content=\"333\" \/>\n\t<meta property=\"og:image:type\" content=\"image\/jpeg\" \/>\n<meta name=\"twitter:card\" content=\"summary_large_image\" \/>\n<meta name=\"twitter:label1\" content=\"Est. reading time\" \/>\n\t<meta name=\"twitter:data1\" content=\"1 minute\" \/>\n<script type=\"application\/ld+json\" class=\"yoast-schema-graph\">{\"@context\":\"https:\\\/\\\/schema.org\",\"@graph\":[{\"@type\":\"WebPage\",\"@id\":\"https:\\\/\\\/wmtbaltic.lv\\\/Produkts\\\/drukas-pleve-mirror-gold-doming-vinyl-1-00-m\\\/\",\"url\":\"https:\\\/\\\/wmtbaltic.lv\\\/Produkts\\\/drukas-pleve-mirror-gold-doming-vinyl-1-00-m\\\/\",\"name\":\"Drukas pl\u0113ve Mirror Gold doming vinyl, 1.00 m , nopirkt R\u012bg\u0101\",\"isPartOf\":{\"@id\":\"https:\\\/\\\/wmtbaltic.lv\\\/#website\"},\"primaryImageOfPage\":{\"@id\":\"https:\\\/\\\/wmtbaltic.lv\\\/Produkts\\\/drukas-pleve-mirror-gold-doming-vinyl-1-00-m\\\/#primaryimage\"},\"image\":{\"@id\":\"https:\\\/\\\/wmtbaltic.lv\\\/Produkts\\\/drukas-pleve-mirror-gold-doming-vinyl-1-00-m\\\/#primaryimage\"},\"thumbnailUrl\":\"https:\\\/\\\/wmtbaltic.lv\\\/wp-content\\\/uploads\\\/2021\\\/09\\\/20_doming-gold.jpg\",\"datePublished\":\"2021-09-23T08:29:45+00:00\",\"dateModified\":\"2022-05-11T10:59:13+00:00\",\"description\":\"Spogu\u013cpl\u0113ve Mirror Gold Vinyl, nopirkt R\u012bg\u0101\",\"breadcrumb\":{\"@id\":\"https:\\\/\\\/wmtbaltic.lv\\\/Produkts\\\/drukas-pleve-mirror-gold-doming-vinyl-1-00-m\\\/#breadcrumb\"},\"inLanguage\":\"en-US\",\"potentialAction\":[{\"@type\":\"ReadAction\",\"target\":[\"https:\\\/\\\/wmtbaltic.lv\\\/Produkts\\\/drukas-pleve-mirror-gold-doming-vinyl-1-00-m\\\/\"]}]},{\"@type\":\"ImageObject\",\"inLanguage\":\"en-US\",\"@id\":\"https:\\\/\\\/wmtbaltic.lv\\\/Produkts\\\/drukas-pleve-mirror-gold-doming-vinyl-1-00-m\\\/#primaryimage\",\"url\":\"https:\\\/\\\/wmtbaltic.lv\\\/wp-content\\\/uploads\\\/2021\\\/09\\\/20_doming-gold.jpg\",\"contentUrl\":\"https:\\\/\\\/wmtbaltic.lv\\\/wp-content\\\/uploads\\\/2021\\\/09\\\/20_doming-gold.jpg\",\"width\":500,\"height\":333},{\"@type\":\"BreadcrumbList\",\"@id\":\"https:\\\/\\\/wmtbaltic.lv\\\/Produkts\\\/drukas-pleve-mirror-gold-doming-vinyl-1-00-m\\\/#breadcrumb\",\"itemListElement\":[{\"@type\":\"ListItem\",\"position\":1,\"name\":\"Home\",\"item\":\"https:\\\/\\\/wmtbaltic.lv\\\/en\\\/\"},{\"@type\":\"ListItem\",\"position\":2,\"name\":\"Shop\",\"item\":\"https:\\\/\\\/wmtbaltic.lv\\\/shop\\\/\"},{\"@type\":\"ListItem\",\"position\":3,\"name\":\"Drukas pl\u0113ve Mirror Gold doming vinyl, 1.00 m\"}]},{\"@type\":\"WebSite\",\"@id\":\"https:\\\/\\\/wmtbaltic.lv\\\/#website\",\"url\":\"https:\\\/\\\/wmtbaltic.lv\\\/\",\"name\":\"WMT Baltic\",\"description\":\"Rekl\u0101mas produkti, pl\u0113ves\",\"publisher\":{\"@id\":\"https:\\\/\\\/wmtbaltic.lv\\\/#organization\"},\"potentialAction\":[{\"@type\":\"SearchAction\",\"target\":{\"@type\":\"EntryPoint\",\"urlTemplate\":\"https:\\\/\\\/wmtbaltic.lv\\\/?s={search_term_string}\"},\"query-input\":{\"@type\":\"PropertyValueSpecification\",\"valueRequired\":true,\"valueName\":\"search_term_string\"}}],\"inLanguage\":\"en-US\"},{\"@type\":\"Organization\",\"@id\":\"https:\\\/\\\/wmtbaltic.lv\\\/#organization\",\"name\":\"WMT Baltic\",\"url\":\"https:\\\/\\\/wmtbaltic.lv\\\/\",\"logo\":{\"@type\":\"ImageObject\",\"inLanguage\":\"en-US\",\"@id\":\"https:\\\/\\\/wmtbaltic.lv\\\/#\\\/schema\\\/logo\\\/image\\\/\",\"url\":\"https:\\\/\\\/wmtbaltic.lv\\\/wp-content\\\/uploads\\\/2024\\\/12\\\/wmt-baltic-sia_107142_9_420x180.jpg\",\"contentUrl\":\"https:\\\/\\\/wmtbaltic.lv\\\/wp-content\\\/uploads\\\/2024\\\/12\\\/wmt-baltic-sia_107142_9_420x180.jpg\",\"width\":420,\"height\":180,\"caption\":\"WMT Baltic\"},\"image\":{\"@id\":\"https:\\\/\\\/wmtbaltic.lv\\\/#\\\/schema\\\/logo\\\/image\\\/\"},\"sameAs\":[\"https:\\\/\\\/www.facebook.com\\\/WMT.Baltic.viscom\\\/?locale=lv_LV\",\"https:\\\/\\\/www.instagram.com\\\/viscom_wmt\\\/\"]}]}<\/script>\n<!-- \/ Yoast SEO plugin. -->","yoast_head_json":{"title":"Drukas pl\u0113ve Mirror Gold doming vinyl, 1.00 m , nopirkt R\u012bg\u0101","description":"Spogu\u013cpl\u0113ve Mirror Gold Vinyl, nopirkt R\u012bg\u0101","robots":{"index":"index","follow":"follow","max-snippet":"max-snippet:-1","max-image-preview":"max-image-preview:large","max-video-preview":"max-video-preview:-1"},"canonical":"https:\/\/wmtbaltic.lv\/Produkts\/drukas-pleve-mirror-gold-doming-vinyl-1-00-m\/","og_locale":"en_US","og_type":"article","og_title":"Drukas pl\u0113ve Mirror Gold doming vinyl, 1.00 m , nopirkt R\u012bg\u0101","og_description":"Spogu\u013cpl\u0113ve Mirror Gold Vinyl, nopirkt R\u012bg\u0101","og_url":"https:\/\/wmtbaltic.lv\/Produkts\/drukas-pleve-mirror-gold-doming-vinyl-1-00-m\/","og_site_name":"WMT Baltic","article_publisher":"https:\/\/www.facebook.com\/WMT.Baltic.viscom\/?locale=lv_LV","article_modified_time":"2022-05-11T10:59:13+00:00","og_image":[{"width":500,"height":333,"url":"http:\/\/wmtbaltic.lv\/wp-content\/uploads\/2021\/09\/20_doming-gold.jpg","type":"image\/jpeg"}],"twitter_card":"summary_large_image","twitter_misc":{"Est. reading time":"1 minute"},"schema":{"@context":"https:\/\/schema.org","@graph":[{"@type":"WebPage","@id":"https:\/\/wmtbaltic.lv\/Produkts\/drukas-pleve-mirror-gold-doming-vinyl-1-00-m\/","url":"https:\/\/wmtbaltic.lv\/Produkts\/drukas-pleve-mirror-gold-doming-vinyl-1-00-m\/","name":"Drukas pl\u0113ve Mirror Gold doming vinyl, 1.00 m , nopirkt R\u012bg\u0101","isPartOf":{"@id":"https:\/\/wmtbaltic.lv\/#website"},"primaryImageOfPage":{"@id":"https:\/\/wmtbaltic.lv\/Produkts\/drukas-pleve-mirror-gold-doming-vinyl-1-00-m\/#primaryimage"},"image":{"@id":"https:\/\/wmtbaltic.lv\/Produkts\/drukas-pleve-mirror-gold-doming-vinyl-1-00-m\/#primaryimage"},"thumbnailUrl":"https:\/\/wmtbaltic.lv\/wp-content\/uploads\/2021\/09\/20_doming-gold.jpg","datePublished":"2021-09-23T08:29:45+00:00","dateModified":"2022-05-11T10:59:13+00:00","description":"Spogu\u013cpl\u0113ve Mirror Gold Vinyl, nopirkt R\u012bg\u0101","breadcrumb":{"@id":"https:\/\/wmtbaltic.lv\/Produkts\/drukas-pleve-mirror-gold-doming-vinyl-1-00-m\/#breadcrumb"},"inLanguage":"en-US","potentialAction":[{"@type":"ReadAction","target":["https:\/\/wmtbaltic.lv\/Produkts\/drukas-pleve-mirror-gold-doming-vinyl-1-00-m\/"]}]},{"@type":"ImageObject","inLanguage":"en-US","@id":"https:\/\/wmtbaltic.lv\/Produkts\/drukas-pleve-mirror-gold-doming-vinyl-1-00-m\/#primaryimage","url":"https:\/\/wmtbaltic.lv\/wp-content\/uploads\/2021\/09\/20_doming-gold.jpg","contentUrl":"https:\/\/wmtbaltic.lv\/wp-content\/uploads\/2021\/09\/20_doming-gold.jpg","width":500,"height":333},{"@type":"BreadcrumbList","@id":"https:\/\/wmtbaltic.lv\/Produkts\/drukas-pleve-mirror-gold-doming-vinyl-1-00-m\/#breadcrumb","itemListElement":[{"@type":"ListItem","position":1,"name":"Home","item":"https:\/\/wmtbaltic.lv\/en\/"},{"@type":"ListItem","position":2,"name":"Shop","item":"https:\/\/wmtbaltic.lv\/shop\/"},{"@type":"ListItem","position":3,"name":"Drukas pl\u0113ve Mirror Gold doming vinyl, 1.00 m"}]},{"@type":"WebSite","@id":"https:\/\/wmtbaltic.lv\/#website","url":"https:\/\/wmtbaltic.lv\/","name":"WMT Baltic","description":"Rekl\u0101mas produkti, pl\u0113ves","publisher":{"@id":"https:\/\/wmtbaltic.lv\/#organization"},"potentialAction":[{"@type":"SearchAction","target":{"@type":"EntryPoint","urlTemplate":"https:\/\/wmtbaltic.lv\/?s={search_term_string}"},"query-input":{"@type":"PropertyValueSpecification","valueRequired":true,"valueName":"search_term_string"}}],"inLanguage":"en-US"},{"@type":"Organization","@id":"https:\/\/wmtbaltic.lv\/#organization","name":"WMT Baltic","url":"https:\/\/wmtbaltic.lv\/","logo":{"@type":"ImageObject","inLanguage":"en-US","@id":"https:\/\/wmtbaltic.lv\/#\/schema\/logo\/image\/","url":"https:\/\/wmtbaltic.lv\/wp-content\/uploads\/2024\/12\/wmt-baltic-sia_107142_9_420x180.jpg","contentUrl":"https:\/\/wmtbaltic.lv\/wp-content\/uploads\/2024\/12\/wmt-baltic-sia_107142_9_420x180.jpg","width":420,"height":180,"caption":"WMT Baltic"},"image":{"@id":"https:\/\/wmtbaltic.lv\/#\/schema\/logo\/image\/"},"sameAs":["https:\/\/www.facebook.com\/WMT.Baltic.viscom\/?locale=lv_LV","https:\/\/www.instagram.com\/viscom_wmt\/"]}]}},"_links":{"self":[{"href":"https:\/\/wmtbaltic.lv\/en\/wp-json\/wp\/v2\/product\/9588","targetHints":{"allow":["GET"]}}],"collection":[{"href":"https:\/\/wmtbaltic.lv\/en\/wp-json\/wp\/v2\/product"}],"about":[{"href":"https:\/\/wmtbaltic.lv\/en\/wp-json\/wp\/v2\/types\/product"}],"wp:featuredmedia":[{"embeddable":true,"href":"https:\/\/wmtbaltic.lv\/en\/wp-json\/wp\/v2\/media\/9168"}],"wp:attachment":[{"href":"https:\/\/wmtbaltic.lv\/en\/wp-json\/wp\/v2\/media?parent=9588"}],"wp:term":[{"taxonomy":"product_brand","embeddable":true,"href":"https:\/\/wmtbaltic.lv\/en\/wp-json\/wp\/v2\/product_brand?post=9588"},{"taxonomy":"product_cat","embeddable":true,"href":"https:\/\/wmtbaltic.lv\/en\/wp-json\/wp\/v2\/product_cat?post=9588"},{"taxonomy":"product_tag","embeddable":true,"href":"https:\/\/wmtbaltic.lv\/en\/wp-json\/wp\/v2\/product_tag?post=9588"}],"curies":[{"name":"wp","href":"https:\/\/api.w.org\/{rel}","templated":true}]}}