{"id":9520,"date":"2021-09-20T12:16:18","date_gmt":"2021-09-20T12:16:18","guid":{"rendered":"https:\/\/wmtbaltic.lv\/?post_type=product&#038;p=9520"},"modified":"2021-09-20T12:44:18","modified_gmt":"2021-09-20T12:44:18","slug":"drukas-pleve-solo-electrostatic-clear-glanceta-1-37m","status":"publish","type":"product","link":"https:\/\/wmtbaltic.lv\/en\/product\/drukas-pleve-solo-electrostatic-clear-glanceta-1-37m\/","title":{"rendered":"Drukas pl\u0113ve SOLO Electrostatic clear, glanc\u0113ta, 1.37m"},"content":{"rendered":"<p>Caursp\u012bd\u012bga, glanc\u0113ta PVH pl\u0113ve bez l\u012bmsl\u0101\u0146a. Biezums 150mk.\u00a0 Piem\u0113rota solventa, eko-solventa, lateks un UV tint\u0113m.<\/p>\n<p>Pl\u0113ves platums 1.37\u00a0 m.<\/p>\n<p>Rull\u012b 50 m.<\/p>\n<p>Tehniskais apraksts: <a href=\"http:\/\/wmtbaltic.lv\/wp-content\/uploads\/2021\/09\/DIGIT_150_CLING_Transparent_Gloss_en_01.pdf\">SOLO Electrostatic<\/a><\/p>\n","protected":false},"excerpt":{"rendered":"Caursp\u012bd\u012bga, glanc\u0113ta PVH pl\u0113ve bez l\u012bmsl\u0101\u0146a. Biezums 150mk.\u00a0 Piem\u0113rota solventa, eko-solventa, lateks un UV tint\u0113m. Pl\u0113ves platums 1.37\u00a0 m. Rull\u012b 50 m. Tehniskais apraksts: SOLO Electrostatic","protected":false},"featured_media":9523,"comment_status":"closed","ping_status":"closed","template":"","meta":[],"product_brand":[],"product_cat":[136,603],"product_tag":[911,913,914],"class_list":{"0":"post-9520","1":"product","2":"type-product","3":"status-publish","4":"has-post-thumbnail","6":"product_cat-drukas-materiali-bez-limslana","7":"product_cat-kemica","8":"product_tag-cling-pleve","9":"product_tag-logu-grafika","10":"product_tag-pleve-bez-limslana","12":"first","13":"instock","14":"shipping-taxable","15":"purchasable","16":"product-type-variable"},"yoast_head":"<!-- This site is optimized with the Yoast SEO plugin v27.4 - https:\/\/yoast.com\/product\/yoast-seo-wordpress\/ -->\n<title>Drukas pl\u0113ve SOLO Electrostatic clear, glanc\u0113ta, 1.37m , nopirkt R\u012bg\u0101<\/title>\n<meta name=\"robots\" content=\"index, follow, max-snippet:-1, max-image-preview:large, max-video-preview:-1\" \/>\n<link rel=\"canonical\" href=\"https:\/\/wmtbaltic.lv\/Produkts\/drukas-pleve-solo-electrostatic-clear-glanceta-1-37m\/\" \/>\n<meta property=\"og:locale\" content=\"en_US\" \/>\n<meta property=\"og:type\" content=\"article\" \/>\n<meta property=\"og:title\" content=\"Drukas pl\u0113ve SOLO Electrostatic clear, glanc\u0113ta, 1.37m , nopirkt R\u012bg\u0101\" \/>\n<meta property=\"og:url\" content=\"https:\/\/wmtbaltic.lv\/Produkts\/drukas-pleve-solo-electrostatic-clear-glanceta-1-37m\/\" \/>\n<meta property=\"og:site_name\" content=\"WMT Baltic\" \/>\n<meta property=\"article:publisher\" content=\"https:\/\/www.facebook.com\/WMT.Baltic.viscom\/?locale=lv_LV\" \/>\n<meta property=\"article:modified_time\" content=\"2021-09-20T12:44:18+00:00\" \/>\n<meta property=\"og:image\" content=\"https:\/\/wmtbaltic.lv\/wp-content\/uploads\/2021\/09\/18_elektrostatic.png\" \/>\n\t<meta property=\"og:image:width\" content=\"500\" \/>\n\t<meta property=\"og:image:height\" content=\"499\" \/>\n\t<meta property=\"og:image:type\" content=\"image\/png\" \/>\n<meta name=\"twitter:card\" content=\"summary_large_image\" \/>\n<meta name=\"twitter:label1\" content=\"Est. reading time\" \/>\n\t<meta name=\"twitter:data1\" content=\"1 minute\" \/>\n<script type=\"application\/ld+json\" class=\"yoast-schema-graph\">{\"@context\":\"https:\\\/\\\/schema.org\",\"@graph\":[{\"@type\":\"WebPage\",\"@id\":\"https:\\\/\\\/wmtbaltic.lv\\\/Produkts\\\/drukas-pleve-solo-electrostatic-clear-glanceta-1-37m\\\/\",\"url\":\"https:\\\/\\\/wmtbaltic.lv\\\/Produkts\\\/drukas-pleve-solo-electrostatic-clear-glanceta-1-37m\\\/\",\"name\":\"Drukas pl\u0113ve SOLO Electrostatic clear, glanc\u0113ta, 1.37m , nopirkt R\u012bg\u0101\",\"isPartOf\":{\"@id\":\"https:\\\/\\\/wmtbaltic.lv\\\/#website\"},\"primaryImageOfPage\":{\"@id\":\"https:\\\/\\\/wmtbaltic.lv\\\/Produkts\\\/drukas-pleve-solo-electrostatic-clear-glanceta-1-37m\\\/#primaryimage\"},\"image\":{\"@id\":\"https:\\\/\\\/wmtbaltic.lv\\\/Produkts\\\/drukas-pleve-solo-electrostatic-clear-glanceta-1-37m\\\/#primaryimage\"},\"thumbnailUrl\":\"https:\\\/\\\/wmtbaltic.lv\\\/wp-content\\\/uploads\\\/2021\\\/09\\\/18_elektrostatic.png\",\"datePublished\":\"2021-09-20T12:16:18+00:00\",\"dateModified\":\"2021-09-20T12:44:18+00:00\",\"breadcrumb\":{\"@id\":\"https:\\\/\\\/wmtbaltic.lv\\\/Produkts\\\/drukas-pleve-solo-electrostatic-clear-glanceta-1-37m\\\/#breadcrumb\"},\"inLanguage\":\"en-US\",\"potentialAction\":[{\"@type\":\"ReadAction\",\"target\":[\"https:\\\/\\\/wmtbaltic.lv\\\/Produkts\\\/drukas-pleve-solo-electrostatic-clear-glanceta-1-37m\\\/\"]}]},{\"@type\":\"ImageObject\",\"inLanguage\":\"en-US\",\"@id\":\"https:\\\/\\\/wmtbaltic.lv\\\/Produkts\\\/drukas-pleve-solo-electrostatic-clear-glanceta-1-37m\\\/#primaryimage\",\"url\":\"https:\\\/\\\/wmtbaltic.lv\\\/wp-content\\\/uploads\\\/2021\\\/09\\\/18_elektrostatic.png\",\"contentUrl\":\"https:\\\/\\\/wmtbaltic.lv\\\/wp-content\\\/uploads\\\/2021\\\/09\\\/18_elektrostatic.png\",\"width\":500,\"height\":499},{\"@type\":\"BreadcrumbList\",\"@id\":\"https:\\\/\\\/wmtbaltic.lv\\\/Produkts\\\/drukas-pleve-solo-electrostatic-clear-glanceta-1-37m\\\/#breadcrumb\",\"itemListElement\":[{\"@type\":\"ListItem\",\"position\":1,\"name\":\"Home\",\"item\":\"https:\\\/\\\/wmtbaltic.lv\\\/en\\\/\"},{\"@type\":\"ListItem\",\"position\":2,\"name\":\"Products\",\"item\":\"https:\\\/\\\/wmtbaltic.lv\\\/en\\\/shop\\\/\"},{\"@type\":\"ListItem\",\"position\":3,\"name\":\"Drukas pl\u0113ve SOLO Electrostatic clear, glanc\u0113ta, 1.37m\"}]},{\"@type\":\"WebSite\",\"@id\":\"https:\\\/\\\/wmtbaltic.lv\\\/#website\",\"url\":\"https:\\\/\\\/wmtbaltic.lv\\\/\",\"name\":\"WMT Baltic\",\"description\":\"Rekl\u0101mas produkti, pl\u0113ves\",\"publisher\":{\"@id\":\"https:\\\/\\\/wmtbaltic.lv\\\/#organization\"},\"potentialAction\":[{\"@type\":\"SearchAction\",\"target\":{\"@type\":\"EntryPoint\",\"urlTemplate\":\"https:\\\/\\\/wmtbaltic.lv\\\/?s={search_term_string}\"},\"query-input\":{\"@type\":\"PropertyValueSpecification\",\"valueRequired\":true,\"valueName\":\"search_term_string\"}}],\"inLanguage\":\"en-US\"},{\"@type\":\"Organization\",\"@id\":\"https:\\\/\\\/wmtbaltic.lv\\\/#organization\",\"name\":\"WMT Baltic\",\"url\":\"https:\\\/\\\/wmtbaltic.lv\\\/\",\"logo\":{\"@type\":\"ImageObject\",\"inLanguage\":\"en-US\",\"@id\":\"https:\\\/\\\/wmtbaltic.lv\\\/#\\\/schema\\\/logo\\\/image\\\/\",\"url\":\"https:\\\/\\\/wmtbaltic.lv\\\/wp-content\\\/uploads\\\/2024\\\/12\\\/wmt-baltic-sia_107142_9_420x180.jpg\",\"contentUrl\":\"https:\\\/\\\/wmtbaltic.lv\\\/wp-content\\\/uploads\\\/2024\\\/12\\\/wmt-baltic-sia_107142_9_420x180.jpg\",\"width\":420,\"height\":180,\"caption\":\"WMT Baltic\"},\"image\":{\"@id\":\"https:\\\/\\\/wmtbaltic.lv\\\/#\\\/schema\\\/logo\\\/image\\\/\"},\"sameAs\":[\"https:\\\/\\\/www.facebook.com\\\/WMT.Baltic.viscom\\\/?locale=lv_LV\",\"https:\\\/\\\/www.instagram.com\\\/viscom_wmt\\\/\"]}]}<\/script>\n<!-- \/ Yoast SEO plugin. -->","yoast_head_json":{"title":"Drukas pl\u0113ve SOLO Electrostatic clear, glanc\u0113ta, 1.37m , nopirkt R\u012bg\u0101","robots":{"index":"index","follow":"follow","max-snippet":"max-snippet:-1","max-image-preview":"max-image-preview:large","max-video-preview":"max-video-preview:-1"},"canonical":"https:\/\/wmtbaltic.lv\/Produkts\/drukas-pleve-solo-electrostatic-clear-glanceta-1-37m\/","og_locale":"en_US","og_type":"article","og_title":"Drukas pl\u0113ve SOLO Electrostatic clear, glanc\u0113ta, 1.37m , nopirkt R\u012bg\u0101","og_url":"https:\/\/wmtbaltic.lv\/Produkts\/drukas-pleve-solo-electrostatic-clear-glanceta-1-37m\/","og_site_name":"WMT Baltic","article_publisher":"https:\/\/www.facebook.com\/WMT.Baltic.viscom\/?locale=lv_LV","article_modified_time":"2021-09-20T12:44:18+00:00","og_image":[{"width":500,"height":499,"url":"https:\/\/wmtbaltic.lv\/wp-content\/uploads\/2021\/09\/18_elektrostatic.png","type":"image\/png"}],"twitter_card":"summary_large_image","twitter_misc":{"Est. reading time":"1 minute"},"schema":{"@context":"https:\/\/schema.org","@graph":[{"@type":"WebPage","@id":"https:\/\/wmtbaltic.lv\/Produkts\/drukas-pleve-solo-electrostatic-clear-glanceta-1-37m\/","url":"https:\/\/wmtbaltic.lv\/Produkts\/drukas-pleve-solo-electrostatic-clear-glanceta-1-37m\/","name":"Drukas pl\u0113ve SOLO Electrostatic clear, glanc\u0113ta, 1.37m , nopirkt R\u012bg\u0101","isPartOf":{"@id":"https:\/\/wmtbaltic.lv\/#website"},"primaryImageOfPage":{"@id":"https:\/\/wmtbaltic.lv\/Produkts\/drukas-pleve-solo-electrostatic-clear-glanceta-1-37m\/#primaryimage"},"image":{"@id":"https:\/\/wmtbaltic.lv\/Produkts\/drukas-pleve-solo-electrostatic-clear-glanceta-1-37m\/#primaryimage"},"thumbnailUrl":"https:\/\/wmtbaltic.lv\/wp-content\/uploads\/2021\/09\/18_elektrostatic.png","datePublished":"2021-09-20T12:16:18+00:00","dateModified":"2021-09-20T12:44:18+00:00","breadcrumb":{"@id":"https:\/\/wmtbaltic.lv\/Produkts\/drukas-pleve-solo-electrostatic-clear-glanceta-1-37m\/#breadcrumb"},"inLanguage":"en-US","potentialAction":[{"@type":"ReadAction","target":["https:\/\/wmtbaltic.lv\/Produkts\/drukas-pleve-solo-electrostatic-clear-glanceta-1-37m\/"]}]},{"@type":"ImageObject","inLanguage":"en-US","@id":"https:\/\/wmtbaltic.lv\/Produkts\/drukas-pleve-solo-electrostatic-clear-glanceta-1-37m\/#primaryimage","url":"https:\/\/wmtbaltic.lv\/wp-content\/uploads\/2021\/09\/18_elektrostatic.png","contentUrl":"https:\/\/wmtbaltic.lv\/wp-content\/uploads\/2021\/09\/18_elektrostatic.png","width":500,"height":499},{"@type":"BreadcrumbList","@id":"https:\/\/wmtbaltic.lv\/Produkts\/drukas-pleve-solo-electrostatic-clear-glanceta-1-37m\/#breadcrumb","itemListElement":[{"@type":"ListItem","position":1,"name":"Home","item":"https:\/\/wmtbaltic.lv\/en\/"},{"@type":"ListItem","position":2,"name":"Products","item":"https:\/\/wmtbaltic.lv\/en\/shop\/"},{"@type":"ListItem","position":3,"name":"Drukas pl\u0113ve SOLO Electrostatic clear, glanc\u0113ta, 1.37m"}]},{"@type":"WebSite","@id":"https:\/\/wmtbaltic.lv\/#website","url":"https:\/\/wmtbaltic.lv\/","name":"WMT Baltic","description":"Rekl\u0101mas produkti, pl\u0113ves","publisher":{"@id":"https:\/\/wmtbaltic.lv\/#organization"},"potentialAction":[{"@type":"SearchAction","target":{"@type":"EntryPoint","urlTemplate":"https:\/\/wmtbaltic.lv\/?s={search_term_string}"},"query-input":{"@type":"PropertyValueSpecification","valueRequired":true,"valueName":"search_term_string"}}],"inLanguage":"en-US"},{"@type":"Organization","@id":"https:\/\/wmtbaltic.lv\/#organization","name":"WMT Baltic","url":"https:\/\/wmtbaltic.lv\/","logo":{"@type":"ImageObject","inLanguage":"en-US","@id":"https:\/\/wmtbaltic.lv\/#\/schema\/logo\/image\/","url":"https:\/\/wmtbaltic.lv\/wp-content\/uploads\/2024\/12\/wmt-baltic-sia_107142_9_420x180.jpg","contentUrl":"https:\/\/wmtbaltic.lv\/wp-content\/uploads\/2024\/12\/wmt-baltic-sia_107142_9_420x180.jpg","width":420,"height":180,"caption":"WMT Baltic"},"image":{"@id":"https:\/\/wmtbaltic.lv\/#\/schema\/logo\/image\/"},"sameAs":["https:\/\/www.facebook.com\/WMT.Baltic.viscom\/?locale=lv_LV","https:\/\/www.instagram.com\/viscom_wmt\/"]}]}},"_links":{"self":[{"href":"https:\/\/wmtbaltic.lv\/en\/wp-json\/wp\/v2\/product\/9520","targetHints":{"allow":["GET"]}}],"collection":[{"href":"https:\/\/wmtbaltic.lv\/en\/wp-json\/wp\/v2\/product"}],"about":[{"href":"https:\/\/wmtbaltic.lv\/en\/wp-json\/wp\/v2\/types\/product"}],"replies":[{"embeddable":true,"href":"https:\/\/wmtbaltic.lv\/en\/wp-json\/wp\/v2\/comments?post=9520"}],"wp:featuredmedia":[{"embeddable":true,"href":"https:\/\/wmtbaltic.lv\/en\/wp-json\/wp\/v2\/media\/9523"}],"wp:attachment":[{"href":"https:\/\/wmtbaltic.lv\/en\/wp-json\/wp\/v2\/media?parent=9520"}],"wp:term":[{"taxonomy":"product_brand","embeddable":true,"href":"https:\/\/wmtbaltic.lv\/en\/wp-json\/wp\/v2\/product_brand?post=9520"},{"taxonomy":"product_cat","embeddable":true,"href":"https:\/\/wmtbaltic.lv\/en\/wp-json\/wp\/v2\/product_cat?post=9520"},{"taxonomy":"product_tag","embeddable":true,"href":"https:\/\/wmtbaltic.lv\/en\/wp-json\/wp\/v2\/product_tag?post=9520"}],"curies":[{"name":"wp","href":"https:\/\/api.w.org\/{rel}","templated":true}]}}