{"id":9095,"date":"2021-09-09T11:05:16","date_gmt":"2021-09-09T11:05:16","guid":{"rendered":"https:\/\/wmtbaltic.lv\/?post_type=product&#038;p=9095"},"modified":"2023-06-15T07:39:04","modified_gmt":"2023-06-15T07:39:04","slug":"product-sheet-black-barrier-flexi-belt-post-economy-with-25-m-black-belt-bbeblack-freestanding-post-with-3-sided-belt-clip-and-2-5-m-belt-ideal-for-queue-guidance-great","status":"publish","type":"product","link":"https:\/\/wmtbaltic.lv\/en\/product\/product-sheet-black-barrier-flexi-belt-post-economy-with-25-m-black-belt-bbeblack-freestanding-post-with-3-sided-belt-clip-and-2-5-m-belt-ideal-for-queue-guidance-great\/","title":{"rendered":"Norobe\u017eojuma sist\u0113ma Barier Belt"},"content":{"rendered":"<p>Barier Belt ir norobe\u017eojuma sist\u0113ma, kas b\u016bs ide\u0101la telpu norobe\u017eo\u0161anai un\u00a0 zon\u0113\u0161anai ne tikai pas\u0101kumos, bet ar\u012b lidost\u0101s un stacij\u0101s.<\/p>\n<p>Stabi\u0146i ir pieejami meln\u0101 un sudraba kr\u0101s\u0101.<br \/>\nLenta &#8211; meln\u0101 kr\u0101s\u0101, lentes garums 2,5 m.<\/p>\n<p>Tehnisk\u0101 inform\u0101cija: \u00a0 <a href=\"http:\/\/wmtbaltic.lv\/wp-content\/uploads\/2021\/09\/BBECHROME_EN.pdf\">BBECHROME_EN<\/a><\/p>\n<p>Tehnisk\u0101 inform\u0101cija:\u00a0 <a href=\"http:\/\/wmtbaltic.lv\/wp-content\/uploads\/2021\/09\/BBEBLACK_EN.pdf\">BBEBLACK_EN<\/a><\/p>\n","protected":false},"excerpt":{"rendered":"Barier Belt ir norobe\u017eojuma sist\u0113ma, kas b\u016bs ide\u0101la telpu norobe\u017eo\u0161anai un\u00a0 zon\u0113\u0161anai ne tikai pas\u0101kumos, bet ar\u012b lidost\u0101s un stacij\u0101s. Stabi\u0146i ir pieejami meln\u0101 un sudraba kr\u0101s\u0101. Lenta - meln\u0101 kr\u0101s\u0101, lentes garums 2,5 m. Tehnisk\u0101 inform\u0101cija: \u00a0 BBECHROME_EN Tehnisk\u0101 inform\u0101cija:\u00a0 BBEBLACK_EN","protected":false},"featured_media":14530,"comment_status":"closed","ping_status":"closed","template":"","meta":[],"product_brand":[],"product_cat":[64],"product_tag":[1227],"class_list":{"0":"post-9095","1":"product","2":"type-product","3":"status-publish","4":"has-post-thumbnail","6":"product_cat-stendi-roll-up-baneru-sistemas","7":"product_tag-norobezojuma-stabini","9":"first","10":"onbackorder","11":"shipping-taxable","12":"purchasable","13":"product-type-variable"},"yoast_head":"<!-- This site is optimized with the Yoast SEO plugin v27.5 - https:\/\/yoast.com\/product\/yoast-seo-wordpress\/ -->\n<title>Norobe\u017eojuma sist\u0113ma Basic Leader, nopirkt veikal\u0101 R\u012bg\u0101<\/title>\n<meta name=\"robots\" content=\"index, follow, max-snippet:-1, max-image-preview:large, max-video-preview:-1\" \/>\n<link rel=\"canonical\" href=\"https:\/\/wmtbaltic.lv\/Produkts\/product-sheet-black-barrier-flexi-belt-post-economy-with-25-m-black-belt-bbeblack-freestanding-post-with-3-sided-belt-clip-and-2-5-m-belt-ideal-for-queue-guidance-great\/\" \/>\n<meta property=\"og:locale\" content=\"en_US\" \/>\n<meta property=\"og:type\" content=\"article\" \/>\n<meta property=\"og:title\" content=\"Norobe\u017eojuma sist\u0113ma Basic Leader, nopirkt veikal\u0101 R\u012bg\u0101\" \/>\n<meta property=\"og:url\" content=\"https:\/\/wmtbaltic.lv\/Produkts\/product-sheet-black-barrier-flexi-belt-post-economy-with-25-m-black-belt-bbeblack-freestanding-post-with-3-sided-belt-clip-and-2-5-m-belt-ideal-for-queue-guidance-great\/\" \/>\n<meta property=\"og:site_name\" content=\"WMT Baltic\" \/>\n<meta property=\"article:publisher\" content=\"https:\/\/www.facebook.com\/WMT.Baltic.viscom\/?locale=lv_LV\" \/>\n<meta property=\"article:modified_time\" content=\"2023-06-15T07:39:04+00:00\" \/>\n<meta property=\"og:image\" content=\"http:\/\/wmtbaltic.lv\/wp-content\/uploads\/2021\/09\/BBECHROME_4.jpg\" \/>\n\t<meta property=\"og:image:width\" content=\"774\" \/>\n\t<meta property=\"og:image:height\" content=\"774\" \/>\n\t<meta property=\"og:image:type\" content=\"image\/jpeg\" \/>\n<meta name=\"twitter:card\" content=\"summary_large_image\" \/>\n<meta name=\"twitter:label1\" content=\"Est. reading time\" \/>\n\t<meta name=\"twitter:data1\" content=\"1 minute\" \/>\n<script type=\"application\/ld+json\" class=\"yoast-schema-graph\">{\"@context\":\"https:\\\/\\\/schema.org\",\"@graph\":[{\"@type\":\"WebPage\",\"@id\":\"https:\\\/\\\/wmtbaltic.lv\\\/Produkts\\\/product-sheet-black-barrier-flexi-belt-post-economy-with-25-m-black-belt-bbeblack-freestanding-post-with-3-sided-belt-clip-and-2-5-m-belt-ideal-for-queue-guidance-great\\\/\",\"url\":\"https:\\\/\\\/wmtbaltic.lv\\\/Produkts\\\/product-sheet-black-barrier-flexi-belt-post-economy-with-25-m-black-belt-bbeblack-freestanding-post-with-3-sided-belt-clip-and-2-5-m-belt-ideal-for-queue-guidance-great\\\/\",\"name\":\"Norobe\u017eojuma sist\u0113ma Basic Leader, nopirkt veikal\u0101 R\u012bg\u0101\",\"isPartOf\":{\"@id\":\"https:\\\/\\\/wmtbaltic.lv\\\/#website\"},\"primaryImageOfPage\":{\"@id\":\"https:\\\/\\\/wmtbaltic.lv\\\/Produkts\\\/product-sheet-black-barrier-flexi-belt-post-economy-with-25-m-black-belt-bbeblack-freestanding-post-with-3-sided-belt-clip-and-2-5-m-belt-ideal-for-queue-guidance-great\\\/#primaryimage\"},\"image\":{\"@id\":\"https:\\\/\\\/wmtbaltic.lv\\\/Produkts\\\/product-sheet-black-barrier-flexi-belt-post-economy-with-25-m-black-belt-bbeblack-freestanding-post-with-3-sided-belt-clip-and-2-5-m-belt-ideal-for-queue-guidance-great\\\/#primaryimage\"},\"thumbnailUrl\":\"https:\\\/\\\/wmtbaltic.lv\\\/wp-content\\\/uploads\\\/2021\\\/09\\\/BBECHROME_4.jpg\",\"datePublished\":\"2021-09-09T11:05:16+00:00\",\"dateModified\":\"2023-06-15T07:39:04+00:00\",\"breadcrumb\":{\"@id\":\"https:\\\/\\\/wmtbaltic.lv\\\/Produkts\\\/product-sheet-black-barrier-flexi-belt-post-economy-with-25-m-black-belt-bbeblack-freestanding-post-with-3-sided-belt-clip-and-2-5-m-belt-ideal-for-queue-guidance-great\\\/#breadcrumb\"},\"inLanguage\":\"en-US\",\"potentialAction\":[{\"@type\":\"ReadAction\",\"target\":[\"https:\\\/\\\/wmtbaltic.lv\\\/Produkts\\\/product-sheet-black-barrier-flexi-belt-post-economy-with-25-m-black-belt-bbeblack-freestanding-post-with-3-sided-belt-clip-and-2-5-m-belt-ideal-for-queue-guidance-great\\\/\"]}]},{\"@type\":\"ImageObject\",\"inLanguage\":\"en-US\",\"@id\":\"https:\\\/\\\/wmtbaltic.lv\\\/Produkts\\\/product-sheet-black-barrier-flexi-belt-post-economy-with-25-m-black-belt-bbeblack-freestanding-post-with-3-sided-belt-clip-and-2-5-m-belt-ideal-for-queue-guidance-great\\\/#primaryimage\",\"url\":\"https:\\\/\\\/wmtbaltic.lv\\\/wp-content\\\/uploads\\\/2021\\\/09\\\/BBECHROME_4.jpg\",\"contentUrl\":\"https:\\\/\\\/wmtbaltic.lv\\\/wp-content\\\/uploads\\\/2021\\\/09\\\/BBECHROME_4.jpg\",\"width\":774,\"height\":774},{\"@type\":\"BreadcrumbList\",\"@id\":\"https:\\\/\\\/wmtbaltic.lv\\\/Produkts\\\/product-sheet-black-barrier-flexi-belt-post-economy-with-25-m-black-belt-bbeblack-freestanding-post-with-3-sided-belt-clip-and-2-5-m-belt-ideal-for-queue-guidance-great\\\/#breadcrumb\",\"itemListElement\":[{\"@type\":\"ListItem\",\"position\":1,\"name\":\"Home\",\"item\":\"https:\\\/\\\/wmtbaltic.lv\\\/en\\\/\"},{\"@type\":\"ListItem\",\"position\":2,\"name\":\"Products\",\"item\":\"https:\\\/\\\/wmtbaltic.lv\\\/en\\\/shop\\\/\"},{\"@type\":\"ListItem\",\"position\":3,\"name\":\"Norobe\u017eojuma sist\u0113ma Barier Belt\"}]},{\"@type\":\"WebSite\",\"@id\":\"https:\\\/\\\/wmtbaltic.lv\\\/#website\",\"url\":\"https:\\\/\\\/wmtbaltic.lv\\\/\",\"name\":\"WMT Baltic\",\"description\":\"Rekl\u0101mas produkti, pl\u0113ves\",\"publisher\":{\"@id\":\"https:\\\/\\\/wmtbaltic.lv\\\/#organization\"},\"potentialAction\":[{\"@type\":\"SearchAction\",\"target\":{\"@type\":\"EntryPoint\",\"urlTemplate\":\"https:\\\/\\\/wmtbaltic.lv\\\/?s={search_term_string}\"},\"query-input\":{\"@type\":\"PropertyValueSpecification\",\"valueRequired\":true,\"valueName\":\"search_term_string\"}}],\"inLanguage\":\"en-US\"},{\"@type\":\"Organization\",\"@id\":\"https:\\\/\\\/wmtbaltic.lv\\\/#organization\",\"name\":\"WMT Baltic\",\"url\":\"https:\\\/\\\/wmtbaltic.lv\\\/\",\"logo\":{\"@type\":\"ImageObject\",\"inLanguage\":\"en-US\",\"@id\":\"https:\\\/\\\/wmtbaltic.lv\\\/#\\\/schema\\\/logo\\\/image\\\/\",\"url\":\"https:\\\/\\\/wmtbaltic.lv\\\/wp-content\\\/uploads\\\/2024\\\/12\\\/wmt-baltic-sia_107142_9_420x180.jpg\",\"contentUrl\":\"https:\\\/\\\/wmtbaltic.lv\\\/wp-content\\\/uploads\\\/2024\\\/12\\\/wmt-baltic-sia_107142_9_420x180.jpg\",\"width\":420,\"height\":180,\"caption\":\"WMT Baltic\"},\"image\":{\"@id\":\"https:\\\/\\\/wmtbaltic.lv\\\/#\\\/schema\\\/logo\\\/image\\\/\"},\"sameAs\":[\"https:\\\/\\\/www.facebook.com\\\/WMT.Baltic.viscom\\\/?locale=lv_LV\",\"https:\\\/\\\/www.instagram.com\\\/viscom_wmt\\\/\"]}]}<\/script>\n<!-- \/ Yoast SEO plugin. -->","yoast_head_json":{"title":"Norobe\u017eojuma sist\u0113ma Basic Leader, nopirkt veikal\u0101 R\u012bg\u0101","robots":{"index":"index","follow":"follow","max-snippet":"max-snippet:-1","max-image-preview":"max-image-preview:large","max-video-preview":"max-video-preview:-1"},"canonical":"https:\/\/wmtbaltic.lv\/Produkts\/product-sheet-black-barrier-flexi-belt-post-economy-with-25-m-black-belt-bbeblack-freestanding-post-with-3-sided-belt-clip-and-2-5-m-belt-ideal-for-queue-guidance-great\/","og_locale":"en_US","og_type":"article","og_title":"Norobe\u017eojuma sist\u0113ma Basic Leader, nopirkt veikal\u0101 R\u012bg\u0101","og_url":"https:\/\/wmtbaltic.lv\/Produkts\/product-sheet-black-barrier-flexi-belt-post-economy-with-25-m-black-belt-bbeblack-freestanding-post-with-3-sided-belt-clip-and-2-5-m-belt-ideal-for-queue-guidance-great\/","og_site_name":"WMT Baltic","article_publisher":"https:\/\/www.facebook.com\/WMT.Baltic.viscom\/?locale=lv_LV","article_modified_time":"2023-06-15T07:39:04+00:00","og_image":[{"width":774,"height":774,"url":"http:\/\/wmtbaltic.lv\/wp-content\/uploads\/2021\/09\/BBECHROME_4.jpg","type":"image\/jpeg"}],"twitter_card":"summary_large_image","twitter_misc":{"Est. reading time":"1 minute"},"schema":{"@context":"https:\/\/schema.org","@graph":[{"@type":"WebPage","@id":"https:\/\/wmtbaltic.lv\/Produkts\/product-sheet-black-barrier-flexi-belt-post-economy-with-25-m-black-belt-bbeblack-freestanding-post-with-3-sided-belt-clip-and-2-5-m-belt-ideal-for-queue-guidance-great\/","url":"https:\/\/wmtbaltic.lv\/Produkts\/product-sheet-black-barrier-flexi-belt-post-economy-with-25-m-black-belt-bbeblack-freestanding-post-with-3-sided-belt-clip-and-2-5-m-belt-ideal-for-queue-guidance-great\/","name":"Norobe\u017eojuma sist\u0113ma Basic Leader, nopirkt veikal\u0101 R\u012bg\u0101","isPartOf":{"@id":"https:\/\/wmtbaltic.lv\/#website"},"primaryImageOfPage":{"@id":"https:\/\/wmtbaltic.lv\/Produkts\/product-sheet-black-barrier-flexi-belt-post-economy-with-25-m-black-belt-bbeblack-freestanding-post-with-3-sided-belt-clip-and-2-5-m-belt-ideal-for-queue-guidance-great\/#primaryimage"},"image":{"@id":"https:\/\/wmtbaltic.lv\/Produkts\/product-sheet-black-barrier-flexi-belt-post-economy-with-25-m-black-belt-bbeblack-freestanding-post-with-3-sided-belt-clip-and-2-5-m-belt-ideal-for-queue-guidance-great\/#primaryimage"},"thumbnailUrl":"https:\/\/wmtbaltic.lv\/wp-content\/uploads\/2021\/09\/BBECHROME_4.jpg","datePublished":"2021-09-09T11:05:16+00:00","dateModified":"2023-06-15T07:39:04+00:00","breadcrumb":{"@id":"https:\/\/wmtbaltic.lv\/Produkts\/product-sheet-black-barrier-flexi-belt-post-economy-with-25-m-black-belt-bbeblack-freestanding-post-with-3-sided-belt-clip-and-2-5-m-belt-ideal-for-queue-guidance-great\/#breadcrumb"},"inLanguage":"en-US","potentialAction":[{"@type":"ReadAction","target":["https:\/\/wmtbaltic.lv\/Produkts\/product-sheet-black-barrier-flexi-belt-post-economy-with-25-m-black-belt-bbeblack-freestanding-post-with-3-sided-belt-clip-and-2-5-m-belt-ideal-for-queue-guidance-great\/"]}]},{"@type":"ImageObject","inLanguage":"en-US","@id":"https:\/\/wmtbaltic.lv\/Produkts\/product-sheet-black-barrier-flexi-belt-post-economy-with-25-m-black-belt-bbeblack-freestanding-post-with-3-sided-belt-clip-and-2-5-m-belt-ideal-for-queue-guidance-great\/#primaryimage","url":"https:\/\/wmtbaltic.lv\/wp-content\/uploads\/2021\/09\/BBECHROME_4.jpg","contentUrl":"https:\/\/wmtbaltic.lv\/wp-content\/uploads\/2021\/09\/BBECHROME_4.jpg","width":774,"height":774},{"@type":"BreadcrumbList","@id":"https:\/\/wmtbaltic.lv\/Produkts\/product-sheet-black-barrier-flexi-belt-post-economy-with-25-m-black-belt-bbeblack-freestanding-post-with-3-sided-belt-clip-and-2-5-m-belt-ideal-for-queue-guidance-great\/#breadcrumb","itemListElement":[{"@type":"ListItem","position":1,"name":"Home","item":"https:\/\/wmtbaltic.lv\/en\/"},{"@type":"ListItem","position":2,"name":"Products","item":"https:\/\/wmtbaltic.lv\/en\/shop\/"},{"@type":"ListItem","position":3,"name":"Norobe\u017eojuma sist\u0113ma Barier Belt"}]},{"@type":"WebSite","@id":"https:\/\/wmtbaltic.lv\/#website","url":"https:\/\/wmtbaltic.lv\/","name":"WMT Baltic","description":"Rekl\u0101mas produkti, pl\u0113ves","publisher":{"@id":"https:\/\/wmtbaltic.lv\/#organization"},"potentialAction":[{"@type":"SearchAction","target":{"@type":"EntryPoint","urlTemplate":"https:\/\/wmtbaltic.lv\/?s={search_term_string}"},"query-input":{"@type":"PropertyValueSpecification","valueRequired":true,"valueName":"search_term_string"}}],"inLanguage":"en-US"},{"@type":"Organization","@id":"https:\/\/wmtbaltic.lv\/#organization","name":"WMT Baltic","url":"https:\/\/wmtbaltic.lv\/","logo":{"@type":"ImageObject","inLanguage":"en-US","@id":"https:\/\/wmtbaltic.lv\/#\/schema\/logo\/image\/","url":"https:\/\/wmtbaltic.lv\/wp-content\/uploads\/2024\/12\/wmt-baltic-sia_107142_9_420x180.jpg","contentUrl":"https:\/\/wmtbaltic.lv\/wp-content\/uploads\/2024\/12\/wmt-baltic-sia_107142_9_420x180.jpg","width":420,"height":180,"caption":"WMT Baltic"},"image":{"@id":"https:\/\/wmtbaltic.lv\/#\/schema\/logo\/image\/"},"sameAs":["https:\/\/www.facebook.com\/WMT.Baltic.viscom\/?locale=lv_LV","https:\/\/www.instagram.com\/viscom_wmt\/"]}]}},"_links":{"self":[{"href":"https:\/\/wmtbaltic.lv\/en\/wp-json\/wp\/v2\/product\/9095","targetHints":{"allow":["GET"]}}],"collection":[{"href":"https:\/\/wmtbaltic.lv\/en\/wp-json\/wp\/v2\/product"}],"about":[{"href":"https:\/\/wmtbaltic.lv\/en\/wp-json\/wp\/v2\/types\/product"}],"replies":[{"embeddable":true,"href":"https:\/\/wmtbaltic.lv\/en\/wp-json\/wp\/v2\/comments?post=9095"}],"wp:featuredmedia":[{"embeddable":true,"href":"https:\/\/wmtbaltic.lv\/en\/wp-json\/wp\/v2\/media\/14530"}],"wp:attachment":[{"href":"https:\/\/wmtbaltic.lv\/en\/wp-json\/wp\/v2\/media?parent=9095"}],"wp:term":[{"taxonomy":"product_brand","embeddable":true,"href":"https:\/\/wmtbaltic.lv\/en\/wp-json\/wp\/v2\/product_brand?post=9095"},{"taxonomy":"product_cat","embeddable":true,"href":"https:\/\/wmtbaltic.lv\/en\/wp-json\/wp\/v2\/product_cat?post=9095"},{"taxonomy":"product_tag","embeddable":true,"href":"https:\/\/wmtbaltic.lv\/en\/wp-json\/wp\/v2\/product_tag?post=9095"}],"curies":[{"name":"wp","href":"https:\/\/api.w.org\/{rel}","templated":true}]}}