{"id":8974,"date":"2021-09-02T11:54:40","date_gmt":"2021-09-02T11:54:40","guid":{"rendered":"https:\/\/wmtbaltic.lv\/?post_type=product&#038;p=8974"},"modified":"2024-01-29T11:01:31","modified_gmt":"2024-01-29T11:01:31","slug":"magnetiska-limpleve-white-pvc-600-adh-1-02m","status":"publish","type":"product","link":"https:\/\/wmtbaltic.lv\/en\/product\/magnetiska-limpleve-white-pvc-600-adh-1-02m\/","title":{"rendered":"Magn\u0113tisk\u0101 l\u012bmpl\u0113ve White PVC 600 ADH, 1.02m"},"content":{"rendered":"<p>Magn\u0113tisk\u0101 pl\u0113ve ar l\u012bmsl\u0101ni tiek izmantot\u0101 k\u0101 magn\u0113tisk\u0101 pamatne.<br \/>\nKombin\u0101cij\u0101 (Adhesive Magnetic + Ferro Sheet) pied\u0101v\u0101 pla\u0161as pielieto\u0161anas iesp\u0113jas mont\u0101\u017eai, \u0101trai nomai\u0146ai vai daudzk\u0101rt\u0113jai p\u0101rkl\u0101\u0161anai (l\u012bdz 6 Ferro loksnes sl\u0101\u0146iem).<br \/>\nIde\u0101li piem\u0113rota bie\u017eai un \u0101trai rekl\u0101mas vai inform\u0101cijas nomai\u0146ai &#8211; veikaliem, birojiem, transportam, kafejn\u012bc\u0101m un t.t.<\/p>\n<p>\u0160is produkts nav piem\u0113rots druk\u0101\u0161anai, bet tiek izmantots tikai k\u0101 pamatne, uz kuras var uzkl\u0101t Ferro Sheet PP, PVC un PET vai Magnetic PP, PVC un PET.<\/p>\n<p>Adhesive Magnetic var izmantot ar\u012b \u012bslaic\u012bgai lieto\u0161anai \u0101rpus telp\u0101m (3-6 m\u0113ne\u0161i).<\/p>\n<p>Pl\u0113ves platums 1.02 m.<\/p>\n<p>\u200bJa v\u0113laties nopirkt\u00a0 rull\u012b 15m spiediet <a href=\"https:\/\/wmtbaltic.lv\/Produkts\/magnetiska-limpleve-white-pvc-600-adh-1-02-x-15m\/\">\u0160EIT!<\/a><\/p>\n<p>&nbsp;<\/p>\n<p><strong>Jei norite \u012fsigyti magnetin\u0117 lipni pl\u0117vel\u0117 White PVC 600 ADH, 1.02m prek\u0119 m\u016bs\u0173 ofise Lietuvoje,Vilniuje \u201dWMT Vilnius\u201dkambinkite: +37065562119, ra\u0161ykite: <a href=\"mailto:info@wmt.lt\">info@wmt.lt<\/a><\/strong><\/p>\n<p><strong>Bendravimui su ofisu Rygoje WMT Baltic SIA, Skambinkite: +371 67800830,ra\u0161ykite:\u00a0<a href=\"mailto:info@adv24.lv\">info@adv24.lv<\/a><\/strong><\/p>\n","protected":false},"excerpt":{"rendered":"Magn\u0113tisk\u0101 pl\u0113ve ar l\u012bmsl\u0101ni tiek izmantot\u0101 k\u0101 magn\u0113tisk\u0101 pamatne. Kombin\u0101cij\u0101 (Adhesive Magnetic + Ferro Sheet) pied\u0101v\u0101 pla\u0161as pielieto\u0161anas iesp\u0113jas mont\u0101\u017eai, \u0101trai nomai\u0146ai vai daudzk\u0101rt\u0113jai p\u0101rkl\u0101\u0161anai (l\u012bdz 6 Ferro loksnes sl\u0101\u0146iem). Ide\u0101li piem\u0113rota bie\u017eai un \u0101trai rekl\u0101mas vai inform\u0101cijas nomai\u0146ai - veikaliem, birojiem, transportam, kafejn\u012bc\u0101m un t.t. \u0160is produkts nav piem\u0113rots druk\u0101\u0161anai, bet tiek izmantots tikai [...]","protected":false},"featured_media":8977,"template":"","meta":[],"product_brand":[],"product_cat":[416,179],"product_tag":[863,879],"class_list":{"0":"post-8974","1":"product","2":"type-product","3":"status-publish","4":"has-post-thumbnail","6":"product_cat-magnetiskas-limpleves","7":"product_cat-magnetiskas-pleves-drukai-nopirkt-riga","8":"product_tag-magnetiska-pleve","9":"product_tag-paslimejosa-magnetiska-pleve","11":"first","12":"instock","13":"shipping-taxable","14":"purchasable","15":"product-type-simple"},"yoast_head":"<!-- This site is optimized with the Yoast SEO plugin v27.4 - https:\/\/yoast.com\/product\/yoast-seo-wordpress\/ -->\n<title>Magn\u0113tiska l\u012bmpl\u0113ve White PVC 600 ADH, 1.02m , nopirkt veikal\u0101 R\u012bg\u0101<\/title>\n<meta name=\"description\" content=\"Magn\u0113tisk\u0101 pl\u0113ve ar l\u012bmsl\u0101ni tiek izmantot\u0101 k\u0101 magn\u0113tisk\u0101 pamatne.\" \/>\n<meta name=\"robots\" content=\"index, follow, max-snippet:-1, max-image-preview:large, max-video-preview:-1\" \/>\n<link rel=\"canonical\" href=\"https:\/\/wmtbaltic.lv\/Produkts\/magnetiska-limpleve-white-pvc-600-adh-1-02m\/\" \/>\n<meta property=\"og:locale\" content=\"en_US\" \/>\n<meta property=\"og:type\" content=\"article\" \/>\n<meta property=\"og:title\" content=\"Magn\u0113tiska l\u012bmpl\u0113ve White PVC 600 ADH, 1.02m , nopirkt veikal\u0101 R\u012bg\u0101\" \/>\n<meta property=\"og:description\" content=\"Magn\u0113tisk\u0101 pl\u0113ve ar l\u012bmsl\u0101ni tiek izmantot\u0101 k\u0101 magn\u0113tisk\u0101 pamatne.\" \/>\n<meta property=\"og:url\" content=\"https:\/\/wmtbaltic.lv\/Produkts\/magnetiska-limpleve-white-pvc-600-adh-1-02m\/\" \/>\n<meta property=\"og:site_name\" content=\"WMT Baltic\" \/>\n<meta property=\"article:publisher\" content=\"https:\/\/www.facebook.com\/WMT.Baltic.viscom\/?locale=lv_LV\" \/>\n<meta property=\"article:modified_time\" content=\"2024-01-29T11:01:31+00:00\" \/>\n<meta property=\"og:image\" content=\"http:\/\/wmtbaltic.lv\/wp-content\/uploads\/2021\/09\/Magnetiska-limpleve-White-600-ADH_2-scaled.jpg\" \/>\n\t<meta property=\"og:image:width\" content=\"2560\" \/>\n\t<meta property=\"og:image:height\" content=\"1707\" \/>\n\t<meta property=\"og:image:type\" content=\"image\/jpeg\" \/>\n<meta name=\"twitter:card\" content=\"summary_large_image\" \/>\n<meta name=\"twitter:label1\" content=\"Est. reading time\" \/>\n\t<meta name=\"twitter:data1\" content=\"1 minute\" \/>\n<script type=\"application\/ld+json\" class=\"yoast-schema-graph\">{\"@context\":\"https:\\\/\\\/schema.org\",\"@graph\":[{\"@type\":\"WebPage\",\"@id\":\"https:\\\/\\\/wmtbaltic.lv\\\/Produkts\\\/magnetiska-limpleve-white-pvc-600-adh-1-02m\\\/\",\"url\":\"https:\\\/\\\/wmtbaltic.lv\\\/Produkts\\\/magnetiska-limpleve-white-pvc-600-adh-1-02m\\\/\",\"name\":\"Magn\u0113tiska l\u012bmpl\u0113ve White PVC 600 ADH, 1.02m , nopirkt veikal\u0101 R\u012bg\u0101\",\"isPartOf\":{\"@id\":\"https:\\\/\\\/wmtbaltic.lv\\\/#website\"},\"primaryImageOfPage\":{\"@id\":\"https:\\\/\\\/wmtbaltic.lv\\\/Produkts\\\/magnetiska-limpleve-white-pvc-600-adh-1-02m\\\/#primaryimage\"},\"image\":{\"@id\":\"https:\\\/\\\/wmtbaltic.lv\\\/Produkts\\\/magnetiska-limpleve-white-pvc-600-adh-1-02m\\\/#primaryimage\"},\"thumbnailUrl\":\"https:\\\/\\\/wmtbaltic.lv\\\/wp-content\\\/uploads\\\/2021\\\/09\\\/Magnetiska-limpleve-White-600-ADH_2-scaled.jpg\",\"datePublished\":\"2021-09-02T11:54:40+00:00\",\"dateModified\":\"2024-01-29T11:01:31+00:00\",\"description\":\"Magn\u0113tisk\u0101 pl\u0113ve ar l\u012bmsl\u0101ni tiek izmantot\u0101 k\u0101 magn\u0113tisk\u0101 pamatne.\",\"breadcrumb\":{\"@id\":\"https:\\\/\\\/wmtbaltic.lv\\\/Produkts\\\/magnetiska-limpleve-white-pvc-600-adh-1-02m\\\/#breadcrumb\"},\"inLanguage\":\"en-US\",\"potentialAction\":[{\"@type\":\"ReadAction\",\"target\":[\"https:\\\/\\\/wmtbaltic.lv\\\/Produkts\\\/magnetiska-limpleve-white-pvc-600-adh-1-02m\\\/\"]}]},{\"@type\":\"ImageObject\",\"inLanguage\":\"en-US\",\"@id\":\"https:\\\/\\\/wmtbaltic.lv\\\/Produkts\\\/magnetiska-limpleve-white-pvc-600-adh-1-02m\\\/#primaryimage\",\"url\":\"https:\\\/\\\/wmtbaltic.lv\\\/wp-content\\\/uploads\\\/2021\\\/09\\\/Magnetiska-limpleve-White-600-ADH_2-scaled.jpg\",\"contentUrl\":\"https:\\\/\\\/wmtbaltic.lv\\\/wp-content\\\/uploads\\\/2021\\\/09\\\/Magnetiska-limpleve-White-600-ADH_2-scaled.jpg\",\"width\":2560,\"height\":1707},{\"@type\":\"BreadcrumbList\",\"@id\":\"https:\\\/\\\/wmtbaltic.lv\\\/Produkts\\\/magnetiska-limpleve-white-pvc-600-adh-1-02m\\\/#breadcrumb\",\"itemListElement\":[{\"@type\":\"ListItem\",\"position\":1,\"name\":\"Home\",\"item\":\"https:\\\/\\\/wmtbaltic.lv\\\/en\\\/\"},{\"@type\":\"ListItem\",\"position\":2,\"name\":\"Shop\",\"item\":\"https:\\\/\\\/wmtbaltic.lv\\\/shop\\\/\"},{\"@type\":\"ListItem\",\"position\":3,\"name\":\"Magn\u0113tisk\u0101 l\u012bmpl\u0113ve White PVC 600 ADH, 1.02m\"}]},{\"@type\":\"WebSite\",\"@id\":\"https:\\\/\\\/wmtbaltic.lv\\\/#website\",\"url\":\"https:\\\/\\\/wmtbaltic.lv\\\/\",\"name\":\"WMT Baltic\",\"description\":\"Rekl\u0101mas produkti, pl\u0113ves\",\"publisher\":{\"@id\":\"https:\\\/\\\/wmtbaltic.lv\\\/#organization\"},\"potentialAction\":[{\"@type\":\"SearchAction\",\"target\":{\"@type\":\"EntryPoint\",\"urlTemplate\":\"https:\\\/\\\/wmtbaltic.lv\\\/?s={search_term_string}\"},\"query-input\":{\"@type\":\"PropertyValueSpecification\",\"valueRequired\":true,\"valueName\":\"search_term_string\"}}],\"inLanguage\":\"en-US\"},{\"@type\":\"Organization\",\"@id\":\"https:\\\/\\\/wmtbaltic.lv\\\/#organization\",\"name\":\"WMT Baltic\",\"url\":\"https:\\\/\\\/wmtbaltic.lv\\\/\",\"logo\":{\"@type\":\"ImageObject\",\"inLanguage\":\"en-US\",\"@id\":\"https:\\\/\\\/wmtbaltic.lv\\\/#\\\/schema\\\/logo\\\/image\\\/\",\"url\":\"https:\\\/\\\/wmtbaltic.lv\\\/wp-content\\\/uploads\\\/2024\\\/12\\\/wmt-baltic-sia_107142_9_420x180.jpg\",\"contentUrl\":\"https:\\\/\\\/wmtbaltic.lv\\\/wp-content\\\/uploads\\\/2024\\\/12\\\/wmt-baltic-sia_107142_9_420x180.jpg\",\"width\":420,\"height\":180,\"caption\":\"WMT Baltic\"},\"image\":{\"@id\":\"https:\\\/\\\/wmtbaltic.lv\\\/#\\\/schema\\\/logo\\\/image\\\/\"},\"sameAs\":[\"https:\\\/\\\/www.facebook.com\\\/WMT.Baltic.viscom\\\/?locale=lv_LV\",\"https:\\\/\\\/www.instagram.com\\\/viscom_wmt\\\/\"]}]}<\/script>\n<!-- \/ Yoast SEO plugin. -->","yoast_head_json":{"title":"Magn\u0113tiska l\u012bmpl\u0113ve White PVC 600 ADH, 1.02m , nopirkt veikal\u0101 R\u012bg\u0101","description":"Magn\u0113tisk\u0101 pl\u0113ve ar l\u012bmsl\u0101ni tiek izmantot\u0101 k\u0101 magn\u0113tisk\u0101 pamatne.","robots":{"index":"index","follow":"follow","max-snippet":"max-snippet:-1","max-image-preview":"max-image-preview:large","max-video-preview":"max-video-preview:-1"},"canonical":"https:\/\/wmtbaltic.lv\/Produkts\/magnetiska-limpleve-white-pvc-600-adh-1-02m\/","og_locale":"en_US","og_type":"article","og_title":"Magn\u0113tiska l\u012bmpl\u0113ve White PVC 600 ADH, 1.02m , nopirkt veikal\u0101 R\u012bg\u0101","og_description":"Magn\u0113tisk\u0101 pl\u0113ve ar l\u012bmsl\u0101ni tiek izmantot\u0101 k\u0101 magn\u0113tisk\u0101 pamatne.","og_url":"https:\/\/wmtbaltic.lv\/Produkts\/magnetiska-limpleve-white-pvc-600-adh-1-02m\/","og_site_name":"WMT Baltic","article_publisher":"https:\/\/www.facebook.com\/WMT.Baltic.viscom\/?locale=lv_LV","article_modified_time":"2024-01-29T11:01:31+00:00","og_image":[{"width":2560,"height":1707,"url":"http:\/\/wmtbaltic.lv\/wp-content\/uploads\/2021\/09\/Magnetiska-limpleve-White-600-ADH_2-scaled.jpg","type":"image\/jpeg"}],"twitter_card":"summary_large_image","twitter_misc":{"Est. reading time":"1 minute"},"schema":{"@context":"https:\/\/schema.org","@graph":[{"@type":"WebPage","@id":"https:\/\/wmtbaltic.lv\/Produkts\/magnetiska-limpleve-white-pvc-600-adh-1-02m\/","url":"https:\/\/wmtbaltic.lv\/Produkts\/magnetiska-limpleve-white-pvc-600-adh-1-02m\/","name":"Magn\u0113tiska l\u012bmpl\u0113ve White PVC 600 ADH, 1.02m , nopirkt veikal\u0101 R\u012bg\u0101","isPartOf":{"@id":"https:\/\/wmtbaltic.lv\/#website"},"primaryImageOfPage":{"@id":"https:\/\/wmtbaltic.lv\/Produkts\/magnetiska-limpleve-white-pvc-600-adh-1-02m\/#primaryimage"},"image":{"@id":"https:\/\/wmtbaltic.lv\/Produkts\/magnetiska-limpleve-white-pvc-600-adh-1-02m\/#primaryimage"},"thumbnailUrl":"https:\/\/wmtbaltic.lv\/wp-content\/uploads\/2021\/09\/Magnetiska-limpleve-White-600-ADH_2-scaled.jpg","datePublished":"2021-09-02T11:54:40+00:00","dateModified":"2024-01-29T11:01:31+00:00","description":"Magn\u0113tisk\u0101 pl\u0113ve ar l\u012bmsl\u0101ni tiek izmantot\u0101 k\u0101 magn\u0113tisk\u0101 pamatne.","breadcrumb":{"@id":"https:\/\/wmtbaltic.lv\/Produkts\/magnetiska-limpleve-white-pvc-600-adh-1-02m\/#breadcrumb"},"inLanguage":"en-US","potentialAction":[{"@type":"ReadAction","target":["https:\/\/wmtbaltic.lv\/Produkts\/magnetiska-limpleve-white-pvc-600-adh-1-02m\/"]}]},{"@type":"ImageObject","inLanguage":"en-US","@id":"https:\/\/wmtbaltic.lv\/Produkts\/magnetiska-limpleve-white-pvc-600-adh-1-02m\/#primaryimage","url":"https:\/\/wmtbaltic.lv\/wp-content\/uploads\/2021\/09\/Magnetiska-limpleve-White-600-ADH_2-scaled.jpg","contentUrl":"https:\/\/wmtbaltic.lv\/wp-content\/uploads\/2021\/09\/Magnetiska-limpleve-White-600-ADH_2-scaled.jpg","width":2560,"height":1707},{"@type":"BreadcrumbList","@id":"https:\/\/wmtbaltic.lv\/Produkts\/magnetiska-limpleve-white-pvc-600-adh-1-02m\/#breadcrumb","itemListElement":[{"@type":"ListItem","position":1,"name":"Home","item":"https:\/\/wmtbaltic.lv\/en\/"},{"@type":"ListItem","position":2,"name":"Shop","item":"https:\/\/wmtbaltic.lv\/shop\/"},{"@type":"ListItem","position":3,"name":"Magn\u0113tisk\u0101 l\u012bmpl\u0113ve White PVC 600 ADH, 1.02m"}]},{"@type":"WebSite","@id":"https:\/\/wmtbaltic.lv\/#website","url":"https:\/\/wmtbaltic.lv\/","name":"WMT Baltic","description":"Rekl\u0101mas produkti, pl\u0113ves","publisher":{"@id":"https:\/\/wmtbaltic.lv\/#organization"},"potentialAction":[{"@type":"SearchAction","target":{"@type":"EntryPoint","urlTemplate":"https:\/\/wmtbaltic.lv\/?s={search_term_string}"},"query-input":{"@type":"PropertyValueSpecification","valueRequired":true,"valueName":"search_term_string"}}],"inLanguage":"en-US"},{"@type":"Organization","@id":"https:\/\/wmtbaltic.lv\/#organization","name":"WMT Baltic","url":"https:\/\/wmtbaltic.lv\/","logo":{"@type":"ImageObject","inLanguage":"en-US","@id":"https:\/\/wmtbaltic.lv\/#\/schema\/logo\/image\/","url":"https:\/\/wmtbaltic.lv\/wp-content\/uploads\/2024\/12\/wmt-baltic-sia_107142_9_420x180.jpg","contentUrl":"https:\/\/wmtbaltic.lv\/wp-content\/uploads\/2024\/12\/wmt-baltic-sia_107142_9_420x180.jpg","width":420,"height":180,"caption":"WMT Baltic"},"image":{"@id":"https:\/\/wmtbaltic.lv\/#\/schema\/logo\/image\/"},"sameAs":["https:\/\/www.facebook.com\/WMT.Baltic.viscom\/?locale=lv_LV","https:\/\/www.instagram.com\/viscom_wmt\/"]}]}},"_links":{"self":[{"href":"https:\/\/wmtbaltic.lv\/en\/wp-json\/wp\/v2\/product\/8974","targetHints":{"allow":["GET"]}}],"collection":[{"href":"https:\/\/wmtbaltic.lv\/en\/wp-json\/wp\/v2\/product"}],"about":[{"href":"https:\/\/wmtbaltic.lv\/en\/wp-json\/wp\/v2\/types\/product"}],"wp:featuredmedia":[{"embeddable":true,"href":"https:\/\/wmtbaltic.lv\/en\/wp-json\/wp\/v2\/media\/8977"}],"wp:attachment":[{"href":"https:\/\/wmtbaltic.lv\/en\/wp-json\/wp\/v2\/media?parent=8974"}],"wp:term":[{"taxonomy":"product_brand","embeddable":true,"href":"https:\/\/wmtbaltic.lv\/en\/wp-json\/wp\/v2\/product_brand?post=8974"},{"taxonomy":"product_cat","embeddable":true,"href":"https:\/\/wmtbaltic.lv\/en\/wp-json\/wp\/v2\/product_cat?post=8974"},{"taxonomy":"product_tag","embeddable":true,"href":"https:\/\/wmtbaltic.lv\/en\/wp-json\/wp\/v2\/product_tag?post=8974"}],"curies":[{"name":"wp","href":"https:\/\/api.w.org\/{rel}","templated":true}]}}