{"id":8912,"date":"2021-08-27T12:53:12","date_gmt":"2021-08-27T12:53:12","guid":{"rendered":"https:\/\/wmtbaltic.lv\/?post_type=product&#038;p=8912"},"modified":"2024-01-29T11:18:42","modified_gmt":"2024-01-29T11:18:42","slug":"magnetiska-loksne-ar-limslani-brown-adh-foam-600-300600mm","status":"publish","type":"product","link":"https:\/\/wmtbaltic.lv\/en\/product\/magnetiska-loksne-ar-limslani-brown-adh-foam-600-300600mm\/","title":{"rendered":"Magn\u0113tiska loksne ar l\u012bmsl\u0101ni Brown ADH Foam 600, 300*600mm"},"content":{"rendered":"<p><strong>Brown ADH Foam 500<\/strong> \u2013 magn\u0113tisk\u0101 loksne ar br\u016bnu virsmu un l\u012bmsl\u0101ni. Paredz\u0113ta piel\u012bm\u0113\u0161anai uz nel\u012bdz\u0113n\u0101m virsm\u0101m.<\/p>\n<div class=\"dePhmb\" aria-live=\"polite\">\n<div class=\"eyKpYb\" data-language=\"lv\" data-original-language=\"en\" data-result-index=\"0\">\n<div class=\"J0lOec\"><span class=\"VIiyi\" lang=\"lv\"><span class=\"JLqJ4b ChMk0b\" data-language-for-alternatives=\"lv\" data-language-to-translate-into=\"en\" data-phrase-index=\"0\" data-number-of-phrases=\"2\"><span class=\"Q4iAWc\">\u0160is produkts nav piem\u0113rots druk\u0101\u0161anai, bet tiek izmantots tikai k\u0101 pamatne, uz kuras var uzkl\u0101t Ferro Sheet PP, PVC un PET vai Magnetic PP, PVC un PET.<\/span><\/span> <span class=\"JLqJ4b ChMk0b\" data-language-for-alternatives=\"lv\" data-language-to-translate-into=\"en\" data-phrase-index=\"1\" data-number-of-phrases=\"2\"><span class=\"Q4iAWc\">Adhesive Magnetic faktiski tiek izmantots, lai izveidotu magn\u0113tisku sienu vai paneli.<\/span><\/span><\/span><\/div>\n<\/div>\n<\/div>\n<p>Loksnes izm\u0113rs: 300 x 600 mm<\/p>\n<p>Biezums 500 \u00b5<\/p>\n<p>Cena par loksni.<\/p>\n<p>&nbsp;<\/p>\n<p><strong>Jei norite \u012fsigyti magnetinis lak\u0161tas su klijais Brown ADH Foam 600, 300*600mm<\/strong> <strong>prek\u0119 m\u016bs\u0173 ofise Lietuvoje,Vilniuje \u201dWMT Vilnius\u201dkambinkite: +37065562119, ra\u0161ykite: <a href=\"mailto:info@wmt.lt\">info@wmt.lt<\/a><\/strong><\/p>\n<p><strong>Bendravimui su ofisu Rygoje WMT Baltic SIA, Skambinkite: +371 67800830,ra\u0161ykite:\u00a0<a href=\"mailto:info@adv24.lv\">info@adv24.lv<\/a><\/strong><\/p>\n","protected":false},"excerpt":{"rendered":"Brown ADH Foam 500 \u2013 magn\u0113tisk\u0101 loksne ar br\u016bnu virsmu un l\u012bmsl\u0101ni. Paredz\u0113ta piel\u012bm\u0113\u0161anai uz nel\u012bdz\u0113n\u0101m virsm\u0101m. \u0160is produkts nav piem\u0113rots druk\u0101\u0161anai, bet tiek izmantots tikai k\u0101 pamatne, uz kuras var uzkl\u0101t Ferro Sheet PP, PVC un PET vai Magnetic PP, PVC un PET. Adhesive Magnetic faktiski tiek izmantots, lai izveidotu magn\u0113tisku sienu vai paneli. [...]","protected":false},"featured_media":8914,"template":"","meta":[],"product_brand":[],"product_cat":[416],"product_tag":[864,1121,863,487],"class_list":{"0":"post-8912","1":"product","2":"type-product","3":"status-publish","4":"has-post-thumbnail","6":"product_cat-magnetiskas-limpleves","7":"product_tag-magneti-drukai","8":"product_tag-magnetiska-loksne","9":"product_tag-magnetiska-pleve","10":"product_tag-magnets","12":"first","13":"instock","14":"shipping-taxable","15":"purchasable","16":"product-type-simple"},"yoast_head":"<!-- This site is optimized with the Yoast SEO plugin v27.5 - https:\/\/yoast.com\/product\/yoast-seo-wordpress\/ -->\n<title>Magn\u0113tiska loksne ar l\u012bmsl\u0101ni Brown ADH Foam 600, nopirkt veikal\u0101 R\u012bg\u0101<\/title>\n<meta name=\"description\" content=\"%\" \/>\n<meta name=\"robots\" content=\"index, follow, max-snippet:-1, max-image-preview:large, max-video-preview:-1\" \/>\n<link rel=\"canonical\" href=\"https:\/\/wmtbaltic.lv\/Produkts\/magnetiska-loksne-ar-limslani-brown-adh-foam-600-300600mm\/\" \/>\n<meta property=\"og:locale\" content=\"en_US\" \/>\n<meta property=\"og:type\" content=\"article\" \/>\n<meta property=\"og:title\" content=\"Magn\u0113tiska loksne ar l\u012bmsl\u0101ni Brown ADH Foam 600, nopirkt veikal\u0101 R\u012bg\u0101\" \/>\n<meta property=\"og:description\" content=\"%\" \/>\n<meta property=\"og:url\" content=\"https:\/\/wmtbaltic.lv\/Produkts\/magnetiska-loksne-ar-limslani-brown-adh-foam-600-300600mm\/\" \/>\n<meta property=\"og:site_name\" content=\"WMT Baltic\" \/>\n<meta property=\"article:publisher\" content=\"https:\/\/www.facebook.com\/WMT.Baltic.viscom\/?locale=lv_LV\" \/>\n<meta property=\"article:modified_time\" content=\"2024-01-29T11:18:42+00:00\" \/>\n<meta property=\"og:image\" content=\"http:\/\/wmtbaltic.lv\/wp-content\/uploads\/2021\/08\/Magnetiska-loksne-ar-limslani_2.jpg\" \/>\n\t<meta property=\"og:image:width\" content=\"262\" \/>\n\t<meta property=\"og:image:height\" content=\"262\" \/>\n\t<meta property=\"og:image:type\" content=\"image\/jpeg\" \/>\n<meta name=\"twitter:card\" content=\"summary_large_image\" \/>\n<meta name=\"twitter:label1\" content=\"Est. reading time\" \/>\n\t<meta name=\"twitter:data1\" content=\"1 minute\" \/>\n<script type=\"application\/ld+json\" class=\"yoast-schema-graph\">{\"@context\":\"https:\\\/\\\/schema.org\",\"@graph\":[{\"@type\":\"WebPage\",\"@id\":\"https:\\\/\\\/wmtbaltic.lv\\\/Produkts\\\/magnetiska-loksne-ar-limslani-brown-adh-foam-600-300600mm\\\/\",\"url\":\"https:\\\/\\\/wmtbaltic.lv\\\/Produkts\\\/magnetiska-loksne-ar-limslani-brown-adh-foam-600-300600mm\\\/\",\"name\":\"Magn\u0113tiska loksne ar l\u012bmsl\u0101ni Brown ADH Foam 600, nopirkt veikal\u0101 R\u012bg\u0101\",\"isPartOf\":{\"@id\":\"https:\\\/\\\/wmtbaltic.lv\\\/#website\"},\"primaryImageOfPage\":{\"@id\":\"https:\\\/\\\/wmtbaltic.lv\\\/Produkts\\\/magnetiska-loksne-ar-limslani-brown-adh-foam-600-300600mm\\\/#primaryimage\"},\"image\":{\"@id\":\"https:\\\/\\\/wmtbaltic.lv\\\/Produkts\\\/magnetiska-loksne-ar-limslani-brown-adh-foam-600-300600mm\\\/#primaryimage\"},\"thumbnailUrl\":\"https:\\\/\\\/wmtbaltic.lv\\\/wp-content\\\/uploads\\\/2021\\\/08\\\/Magnetiska-loksne-ar-limslani_2.jpg\",\"datePublished\":\"2021-08-27T12:53:12+00:00\",\"dateModified\":\"2024-01-29T11:18:42+00:00\",\"description\":\"%\",\"breadcrumb\":{\"@id\":\"https:\\\/\\\/wmtbaltic.lv\\\/Produkts\\\/magnetiska-loksne-ar-limslani-brown-adh-foam-600-300600mm\\\/#breadcrumb\"},\"inLanguage\":\"en-US\",\"potentialAction\":[{\"@type\":\"ReadAction\",\"target\":[\"https:\\\/\\\/wmtbaltic.lv\\\/Produkts\\\/magnetiska-loksne-ar-limslani-brown-adh-foam-600-300600mm\\\/\"]}]},{\"@type\":\"ImageObject\",\"inLanguage\":\"en-US\",\"@id\":\"https:\\\/\\\/wmtbaltic.lv\\\/Produkts\\\/magnetiska-loksne-ar-limslani-brown-adh-foam-600-300600mm\\\/#primaryimage\",\"url\":\"https:\\\/\\\/wmtbaltic.lv\\\/wp-content\\\/uploads\\\/2021\\\/08\\\/Magnetiska-loksne-ar-limslani_2.jpg\",\"contentUrl\":\"https:\\\/\\\/wmtbaltic.lv\\\/wp-content\\\/uploads\\\/2021\\\/08\\\/Magnetiska-loksne-ar-limslani_2.jpg\",\"width\":262,\"height\":262},{\"@type\":\"BreadcrumbList\",\"@id\":\"https:\\\/\\\/wmtbaltic.lv\\\/Produkts\\\/magnetiska-loksne-ar-limslani-brown-adh-foam-600-300600mm\\\/#breadcrumb\",\"itemListElement\":[{\"@type\":\"ListItem\",\"position\":1,\"name\":\"Home\",\"item\":\"https:\\\/\\\/wmtbaltic.lv\\\/en\\\/\"},{\"@type\":\"ListItem\",\"position\":2,\"name\":\"Shop\",\"item\":\"https:\\\/\\\/wmtbaltic.lv\\\/shop\\\/\"},{\"@type\":\"ListItem\",\"position\":3,\"name\":\"Magn\u0113tiska loksne ar l\u012bmsl\u0101ni Brown ADH Foam 600, 300*600mm\"}]},{\"@type\":\"WebSite\",\"@id\":\"https:\\\/\\\/wmtbaltic.lv\\\/#website\",\"url\":\"https:\\\/\\\/wmtbaltic.lv\\\/\",\"name\":\"WMT Baltic\",\"description\":\"Rekl\u0101mas produkti, pl\u0113ves\",\"publisher\":{\"@id\":\"https:\\\/\\\/wmtbaltic.lv\\\/#organization\"},\"potentialAction\":[{\"@type\":\"SearchAction\",\"target\":{\"@type\":\"EntryPoint\",\"urlTemplate\":\"https:\\\/\\\/wmtbaltic.lv\\\/?s={search_term_string}\"},\"query-input\":{\"@type\":\"PropertyValueSpecification\",\"valueRequired\":true,\"valueName\":\"search_term_string\"}}],\"inLanguage\":\"en-US\"},{\"@type\":\"Organization\",\"@id\":\"https:\\\/\\\/wmtbaltic.lv\\\/#organization\",\"name\":\"WMT Baltic\",\"url\":\"https:\\\/\\\/wmtbaltic.lv\\\/\",\"logo\":{\"@type\":\"ImageObject\",\"inLanguage\":\"en-US\",\"@id\":\"https:\\\/\\\/wmtbaltic.lv\\\/#\\\/schema\\\/logo\\\/image\\\/\",\"url\":\"https:\\\/\\\/wmtbaltic.lv\\\/wp-content\\\/uploads\\\/2024\\\/12\\\/wmt-baltic-sia_107142_9_420x180.jpg\",\"contentUrl\":\"https:\\\/\\\/wmtbaltic.lv\\\/wp-content\\\/uploads\\\/2024\\\/12\\\/wmt-baltic-sia_107142_9_420x180.jpg\",\"width\":420,\"height\":180,\"caption\":\"WMT Baltic\"},\"image\":{\"@id\":\"https:\\\/\\\/wmtbaltic.lv\\\/#\\\/schema\\\/logo\\\/image\\\/\"},\"sameAs\":[\"https:\\\/\\\/www.facebook.com\\\/WMT.Baltic.viscom\\\/?locale=lv_LV\",\"https:\\\/\\\/www.instagram.com\\\/viscom_wmt\\\/\"]}]}<\/script>\n<!-- \/ Yoast SEO plugin. -->","yoast_head_json":{"title":"Magn\u0113tiska loksne ar l\u012bmsl\u0101ni Brown ADH Foam 600, nopirkt veikal\u0101 R\u012bg\u0101","description":"%","robots":{"index":"index","follow":"follow","max-snippet":"max-snippet:-1","max-image-preview":"max-image-preview:large","max-video-preview":"max-video-preview:-1"},"canonical":"https:\/\/wmtbaltic.lv\/Produkts\/magnetiska-loksne-ar-limslani-brown-adh-foam-600-300600mm\/","og_locale":"en_US","og_type":"article","og_title":"Magn\u0113tiska loksne ar l\u012bmsl\u0101ni Brown ADH Foam 600, nopirkt veikal\u0101 R\u012bg\u0101","og_description":"%","og_url":"https:\/\/wmtbaltic.lv\/Produkts\/magnetiska-loksne-ar-limslani-brown-adh-foam-600-300600mm\/","og_site_name":"WMT Baltic","article_publisher":"https:\/\/www.facebook.com\/WMT.Baltic.viscom\/?locale=lv_LV","article_modified_time":"2024-01-29T11:18:42+00:00","og_image":[{"width":262,"height":262,"url":"http:\/\/wmtbaltic.lv\/wp-content\/uploads\/2021\/08\/Magnetiska-loksne-ar-limslani_2.jpg","type":"image\/jpeg"}],"twitter_card":"summary_large_image","twitter_misc":{"Est. reading time":"1 minute"},"schema":{"@context":"https:\/\/schema.org","@graph":[{"@type":"WebPage","@id":"https:\/\/wmtbaltic.lv\/Produkts\/magnetiska-loksne-ar-limslani-brown-adh-foam-600-300600mm\/","url":"https:\/\/wmtbaltic.lv\/Produkts\/magnetiska-loksne-ar-limslani-brown-adh-foam-600-300600mm\/","name":"Magn\u0113tiska loksne ar l\u012bmsl\u0101ni Brown ADH Foam 600, nopirkt veikal\u0101 R\u012bg\u0101","isPartOf":{"@id":"https:\/\/wmtbaltic.lv\/#website"},"primaryImageOfPage":{"@id":"https:\/\/wmtbaltic.lv\/Produkts\/magnetiska-loksne-ar-limslani-brown-adh-foam-600-300600mm\/#primaryimage"},"image":{"@id":"https:\/\/wmtbaltic.lv\/Produkts\/magnetiska-loksne-ar-limslani-brown-adh-foam-600-300600mm\/#primaryimage"},"thumbnailUrl":"https:\/\/wmtbaltic.lv\/wp-content\/uploads\/2021\/08\/Magnetiska-loksne-ar-limslani_2.jpg","datePublished":"2021-08-27T12:53:12+00:00","dateModified":"2024-01-29T11:18:42+00:00","description":"%","breadcrumb":{"@id":"https:\/\/wmtbaltic.lv\/Produkts\/magnetiska-loksne-ar-limslani-brown-adh-foam-600-300600mm\/#breadcrumb"},"inLanguage":"en-US","potentialAction":[{"@type":"ReadAction","target":["https:\/\/wmtbaltic.lv\/Produkts\/magnetiska-loksne-ar-limslani-brown-adh-foam-600-300600mm\/"]}]},{"@type":"ImageObject","inLanguage":"en-US","@id":"https:\/\/wmtbaltic.lv\/Produkts\/magnetiska-loksne-ar-limslani-brown-adh-foam-600-300600mm\/#primaryimage","url":"https:\/\/wmtbaltic.lv\/wp-content\/uploads\/2021\/08\/Magnetiska-loksne-ar-limslani_2.jpg","contentUrl":"https:\/\/wmtbaltic.lv\/wp-content\/uploads\/2021\/08\/Magnetiska-loksne-ar-limslani_2.jpg","width":262,"height":262},{"@type":"BreadcrumbList","@id":"https:\/\/wmtbaltic.lv\/Produkts\/magnetiska-loksne-ar-limslani-brown-adh-foam-600-300600mm\/#breadcrumb","itemListElement":[{"@type":"ListItem","position":1,"name":"Home","item":"https:\/\/wmtbaltic.lv\/en\/"},{"@type":"ListItem","position":2,"name":"Shop","item":"https:\/\/wmtbaltic.lv\/shop\/"},{"@type":"ListItem","position":3,"name":"Magn\u0113tiska loksne ar l\u012bmsl\u0101ni Brown ADH Foam 600, 300*600mm"}]},{"@type":"WebSite","@id":"https:\/\/wmtbaltic.lv\/#website","url":"https:\/\/wmtbaltic.lv\/","name":"WMT Baltic","description":"Rekl\u0101mas produkti, pl\u0113ves","publisher":{"@id":"https:\/\/wmtbaltic.lv\/#organization"},"potentialAction":[{"@type":"SearchAction","target":{"@type":"EntryPoint","urlTemplate":"https:\/\/wmtbaltic.lv\/?s={search_term_string}"},"query-input":{"@type":"PropertyValueSpecification","valueRequired":true,"valueName":"search_term_string"}}],"inLanguage":"en-US"},{"@type":"Organization","@id":"https:\/\/wmtbaltic.lv\/#organization","name":"WMT Baltic","url":"https:\/\/wmtbaltic.lv\/","logo":{"@type":"ImageObject","inLanguage":"en-US","@id":"https:\/\/wmtbaltic.lv\/#\/schema\/logo\/image\/","url":"https:\/\/wmtbaltic.lv\/wp-content\/uploads\/2024\/12\/wmt-baltic-sia_107142_9_420x180.jpg","contentUrl":"https:\/\/wmtbaltic.lv\/wp-content\/uploads\/2024\/12\/wmt-baltic-sia_107142_9_420x180.jpg","width":420,"height":180,"caption":"WMT Baltic"},"image":{"@id":"https:\/\/wmtbaltic.lv\/#\/schema\/logo\/image\/"},"sameAs":["https:\/\/www.facebook.com\/WMT.Baltic.viscom\/?locale=lv_LV","https:\/\/www.instagram.com\/viscom_wmt\/"]}]}},"_links":{"self":[{"href":"https:\/\/wmtbaltic.lv\/en\/wp-json\/wp\/v2\/product\/8912","targetHints":{"allow":["GET"]}}],"collection":[{"href":"https:\/\/wmtbaltic.lv\/en\/wp-json\/wp\/v2\/product"}],"about":[{"href":"https:\/\/wmtbaltic.lv\/en\/wp-json\/wp\/v2\/types\/product"}],"wp:featuredmedia":[{"embeddable":true,"href":"https:\/\/wmtbaltic.lv\/en\/wp-json\/wp\/v2\/media\/8914"}],"wp:attachment":[{"href":"https:\/\/wmtbaltic.lv\/en\/wp-json\/wp\/v2\/media?parent=8912"}],"wp:term":[{"taxonomy":"product_brand","embeddable":true,"href":"https:\/\/wmtbaltic.lv\/en\/wp-json\/wp\/v2\/product_brand?post=8912"},{"taxonomy":"product_cat","embeddable":true,"href":"https:\/\/wmtbaltic.lv\/en\/wp-json\/wp\/v2\/product_cat?post=8912"},{"taxonomy":"product_tag","embeddable":true,"href":"https:\/\/wmtbaltic.lv\/en\/wp-json\/wp\/v2\/product_tag?post=8912"}],"curies":[{"name":"wp","href":"https:\/\/api.w.org\/{rel}","templated":true}]}}