{"id":8650,"date":"2021-08-04T06:13:00","date_gmt":"2021-08-04T06:13:00","guid":{"rendered":"https:\/\/wmtbaltic.lv\/?post_type=product&#038;p=8650"},"modified":"2022-05-17T08:34:38","modified_gmt":"2022-05-17T08:34:38","slug":"uzlex-t-ruler-linealu-komplekts-termoparnesei-sml","status":"publish","type":"product","link":"https:\/\/wmtbaltic.lv\/en\/product\/uzlex-t-ruler-linealu-komplekts-termoparnesei-sml\/","title":{"rendered":"UZLEX T-Ruler line\u0101lu komplekts termop\u0101rnesei (S,M,L)"},"content":{"rendered":"<p>T-kreklu line\u0101ls paredz\u0113ts prec\u012bzai un vienm\u0113r\u012bgai termop\u0101rnesei uz da\u017e\u0101da izm\u0113ra T-krekliem. T-kreklu line\u0101ls var \u0101tri pal\u012bdz\u0113t izl\u012bdzin\u0101t T-krekla dizainu pa labi, pa kreisi, k\u0101 ar\u012b centraliz\u0113t. Uz caursp\u012bd\u012bga t-krekla line\u0101la baltie un melnie cipari, lai b\u016btu redzami gan uz gai\u0161a, gan uz tum\u0161a tekstila. Pieejamas 3 da\u017e\u0101di izm\u0113ri.<\/p>\n","protected":false},"excerpt":{"rendered":"T-kreklu line\u0101ls paredz\u0113ts prec\u012bzai un vienm\u0113r\u012bgai termop\u0101rnesei uz da\u017e\u0101da izm\u0113ra T-krekliem. T-kreklu line\u0101ls var \u0101tri pal\u012bdz\u0113t izl\u012bdzin\u0101t T-krekla dizainu pa labi, pa kreisi, k\u0101 ar\u012b centraliz\u0113t. Uz caursp\u012bd\u012bga t-krekla line\u0101la baltie un melnie cipari, lai b\u016btu redzami gan uz gai\u0161a, gan uz tum\u0161a tekstila. Pieejamas 3 da\u017e\u0101di izm\u0113ri.","protected":false},"featured_media":8695,"comment_status":"closed","ping_status":"closed","template":"","meta":[],"product_brand":[],"product_cat":[258,61,306],"product_tag":[862,682,861,860,858,859,532,529],"class_list":{"0":"post-8650","1":"product","2":"type-product","3":"status-publish","4":"has-post-thumbnail","6":"product_cat-iekartas-un-izejmateriali","7":"product_cat-instrumenti-aksesuari","8":"product_cat-lineali","9":"product_tag-l","10":"product_tag-lineals","11":"product_tag-m","12":"product_tag-s","13":"product_tag-t-kreklu-lineals","14":"product_tag-tekstil","15":"product_tag-termoparnese","16":"product_tag-termoprese","18":"first","19":"instock","20":"shipping-taxable","21":"purchasable","22":"product-type-simple"},"yoast_head":"<!-- This site is optimized with the Yoast SEO plugin v27.4 - https:\/\/yoast.com\/product\/yoast-seo-wordpress\/ -->\n<title>UZLEX T-Ruler line\u0101lu komplekts termop\u0101rnesei (S,M,L) - WMT Baltic<\/title>\n<meta name=\"description\" content=\"T-kreklu line\u0101ls termop\u0101rnesei paredz\u0113ts prec\u012bzai un vienm\u0113r\u012bgai termop\u0101rnesei uz da\u017e\u0101da izm\u0113ra T-krekliem.\" \/>\n<meta name=\"robots\" content=\"index, follow, max-snippet:-1, max-image-preview:large, max-video-preview:-1\" \/>\n<link rel=\"canonical\" href=\"https:\/\/wmtbaltic.lv\/Produkts\/uzlex-t-ruler-linealu-komplekts-termoparnesei-sml\/\" \/>\n<meta property=\"og:locale\" content=\"en_US\" \/>\n<meta property=\"og:type\" content=\"article\" \/>\n<meta property=\"og:title\" content=\"UZLEX T-Ruler line\u0101lu komplekts termop\u0101rnesei (S,M,L) - WMT Baltic\" \/>\n<meta property=\"og:description\" content=\"T-kreklu line\u0101ls termop\u0101rnesei paredz\u0113ts prec\u012bzai un vienm\u0113r\u012bgai termop\u0101rnesei uz da\u017e\u0101da izm\u0113ra T-krekliem.\" \/>\n<meta property=\"og:url\" content=\"https:\/\/wmtbaltic.lv\/Produkts\/uzlex-t-ruler-linealu-komplekts-termoparnesei-sml\/\" \/>\n<meta property=\"og:site_name\" content=\"WMT Baltic\" \/>\n<meta property=\"article:publisher\" content=\"https:\/\/www.facebook.com\/WMT.Baltic.viscom\/?locale=lv_LV\" \/>\n<meta property=\"article:modified_time\" content=\"2022-05-17T08:34:38+00:00\" \/>\n<meta property=\"og:image\" content=\"http:\/\/wmtbaltic.lv\/wp-content\/uploads\/2021\/08\/TRULLERI_15-scaled.jpg\" \/>\n\t<meta property=\"og:image:width\" content=\"2560\" \/>\n\t<meta property=\"og:image:height\" content=\"2557\" \/>\n\t<meta property=\"og:image:type\" content=\"image\/jpeg\" \/>\n<meta name=\"twitter:card\" content=\"summary_large_image\" \/>\n<meta name=\"twitter:label1\" content=\"Est. reading time\" \/>\n\t<meta name=\"twitter:data1\" content=\"1 minute\" \/>\n<script type=\"application\/ld+json\" class=\"yoast-schema-graph\">{\"@context\":\"https:\\\/\\\/schema.org\",\"@graph\":[{\"@type\":\"WebPage\",\"@id\":\"https:\\\/\\\/wmtbaltic.lv\\\/Produkts\\\/uzlex-t-ruler-linealu-komplekts-termoparnesei-sml\\\/\",\"url\":\"https:\\\/\\\/wmtbaltic.lv\\\/Produkts\\\/uzlex-t-ruler-linealu-komplekts-termoparnesei-sml\\\/\",\"name\":\"UZLEX T-Ruler line\u0101lu komplekts termop\u0101rnesei (S,M,L) - WMT Baltic\",\"isPartOf\":{\"@id\":\"https:\\\/\\\/wmtbaltic.lv\\\/#website\"},\"primaryImageOfPage\":{\"@id\":\"https:\\\/\\\/wmtbaltic.lv\\\/Produkts\\\/uzlex-t-ruler-linealu-komplekts-termoparnesei-sml\\\/#primaryimage\"},\"image\":{\"@id\":\"https:\\\/\\\/wmtbaltic.lv\\\/Produkts\\\/uzlex-t-ruler-linealu-komplekts-termoparnesei-sml\\\/#primaryimage\"},\"thumbnailUrl\":\"https:\\\/\\\/wmtbaltic.lv\\\/wp-content\\\/uploads\\\/2021\\\/08\\\/TRULLERI_15-scaled.jpg\",\"datePublished\":\"2021-08-04T06:13:00+00:00\",\"dateModified\":\"2022-05-17T08:34:38+00:00\",\"description\":\"T-kreklu line\u0101ls termop\u0101rnesei paredz\u0113ts prec\u012bzai un vienm\u0113r\u012bgai termop\u0101rnesei uz da\u017e\u0101da izm\u0113ra T-krekliem.\",\"breadcrumb\":{\"@id\":\"https:\\\/\\\/wmtbaltic.lv\\\/Produkts\\\/uzlex-t-ruler-linealu-komplekts-termoparnesei-sml\\\/#breadcrumb\"},\"inLanguage\":\"en-US\",\"potentialAction\":[{\"@type\":\"ReadAction\",\"target\":[\"https:\\\/\\\/wmtbaltic.lv\\\/Produkts\\\/uzlex-t-ruler-linealu-komplekts-termoparnesei-sml\\\/\"]}]},{\"@type\":\"ImageObject\",\"inLanguage\":\"en-US\",\"@id\":\"https:\\\/\\\/wmtbaltic.lv\\\/Produkts\\\/uzlex-t-ruler-linealu-komplekts-termoparnesei-sml\\\/#primaryimage\",\"url\":\"https:\\\/\\\/wmtbaltic.lv\\\/wp-content\\\/uploads\\\/2021\\\/08\\\/TRULLERI_15-scaled.jpg\",\"contentUrl\":\"https:\\\/\\\/wmtbaltic.lv\\\/wp-content\\\/uploads\\\/2021\\\/08\\\/TRULLERI_15-scaled.jpg\",\"width\":2560,\"height\":2557},{\"@type\":\"BreadcrumbList\",\"@id\":\"https:\\\/\\\/wmtbaltic.lv\\\/Produkts\\\/uzlex-t-ruler-linealu-komplekts-termoparnesei-sml\\\/#breadcrumb\",\"itemListElement\":[{\"@type\":\"ListItem\",\"position\":1,\"name\":\"Home\",\"item\":\"https:\\\/\\\/wmtbaltic.lv\\\/en\\\/\"},{\"@type\":\"ListItem\",\"position\":2,\"name\":\"Products\",\"item\":\"https:\\\/\\\/wmtbaltic.lv\\\/en\\\/shop\\\/\"},{\"@type\":\"ListItem\",\"position\":3,\"name\":\"UZLEX T-Ruler line\u0101lu komplekts termop\u0101rnesei (S,M,L)\"}]},{\"@type\":\"WebSite\",\"@id\":\"https:\\\/\\\/wmtbaltic.lv\\\/#website\",\"url\":\"https:\\\/\\\/wmtbaltic.lv\\\/\",\"name\":\"WMT Baltic\",\"description\":\"Rekl\u0101mas produkti, pl\u0113ves\",\"publisher\":{\"@id\":\"https:\\\/\\\/wmtbaltic.lv\\\/#organization\"},\"potentialAction\":[{\"@type\":\"SearchAction\",\"target\":{\"@type\":\"EntryPoint\",\"urlTemplate\":\"https:\\\/\\\/wmtbaltic.lv\\\/?s={search_term_string}\"},\"query-input\":{\"@type\":\"PropertyValueSpecification\",\"valueRequired\":true,\"valueName\":\"search_term_string\"}}],\"inLanguage\":\"en-US\"},{\"@type\":\"Organization\",\"@id\":\"https:\\\/\\\/wmtbaltic.lv\\\/#organization\",\"name\":\"WMT Baltic\",\"url\":\"https:\\\/\\\/wmtbaltic.lv\\\/\",\"logo\":{\"@type\":\"ImageObject\",\"inLanguage\":\"en-US\",\"@id\":\"https:\\\/\\\/wmtbaltic.lv\\\/#\\\/schema\\\/logo\\\/image\\\/\",\"url\":\"https:\\\/\\\/wmtbaltic.lv\\\/wp-content\\\/uploads\\\/2024\\\/12\\\/wmt-baltic-sia_107142_9_420x180.jpg\",\"contentUrl\":\"https:\\\/\\\/wmtbaltic.lv\\\/wp-content\\\/uploads\\\/2024\\\/12\\\/wmt-baltic-sia_107142_9_420x180.jpg\",\"width\":420,\"height\":180,\"caption\":\"WMT Baltic\"},\"image\":{\"@id\":\"https:\\\/\\\/wmtbaltic.lv\\\/#\\\/schema\\\/logo\\\/image\\\/\"},\"sameAs\":[\"https:\\\/\\\/www.facebook.com\\\/WMT.Baltic.viscom\\\/?locale=lv_LV\",\"https:\\\/\\\/www.instagram.com\\\/viscom_wmt\\\/\"]}]}<\/script>\n<!-- \/ Yoast SEO plugin. -->","yoast_head_json":{"title":"UZLEX T-Ruler line\u0101lu komplekts termop\u0101rnesei (S,M,L) - WMT Baltic","description":"T-kreklu line\u0101ls termop\u0101rnesei paredz\u0113ts prec\u012bzai un vienm\u0113r\u012bgai termop\u0101rnesei uz da\u017e\u0101da izm\u0113ra T-krekliem.","robots":{"index":"index","follow":"follow","max-snippet":"max-snippet:-1","max-image-preview":"max-image-preview:large","max-video-preview":"max-video-preview:-1"},"canonical":"https:\/\/wmtbaltic.lv\/Produkts\/uzlex-t-ruler-linealu-komplekts-termoparnesei-sml\/","og_locale":"en_US","og_type":"article","og_title":"UZLEX T-Ruler line\u0101lu komplekts termop\u0101rnesei (S,M,L) - WMT Baltic","og_description":"T-kreklu line\u0101ls termop\u0101rnesei paredz\u0113ts prec\u012bzai un vienm\u0113r\u012bgai termop\u0101rnesei uz da\u017e\u0101da izm\u0113ra T-krekliem.","og_url":"https:\/\/wmtbaltic.lv\/Produkts\/uzlex-t-ruler-linealu-komplekts-termoparnesei-sml\/","og_site_name":"WMT Baltic","article_publisher":"https:\/\/www.facebook.com\/WMT.Baltic.viscom\/?locale=lv_LV","article_modified_time":"2022-05-17T08:34:38+00:00","og_image":[{"width":2560,"height":2557,"url":"http:\/\/wmtbaltic.lv\/wp-content\/uploads\/2021\/08\/TRULLERI_15-scaled.jpg","type":"image\/jpeg"}],"twitter_card":"summary_large_image","twitter_misc":{"Est. reading time":"1 minute"},"schema":{"@context":"https:\/\/schema.org","@graph":[{"@type":"WebPage","@id":"https:\/\/wmtbaltic.lv\/Produkts\/uzlex-t-ruler-linealu-komplekts-termoparnesei-sml\/","url":"https:\/\/wmtbaltic.lv\/Produkts\/uzlex-t-ruler-linealu-komplekts-termoparnesei-sml\/","name":"UZLEX T-Ruler line\u0101lu komplekts termop\u0101rnesei (S,M,L) - WMT Baltic","isPartOf":{"@id":"https:\/\/wmtbaltic.lv\/#website"},"primaryImageOfPage":{"@id":"https:\/\/wmtbaltic.lv\/Produkts\/uzlex-t-ruler-linealu-komplekts-termoparnesei-sml\/#primaryimage"},"image":{"@id":"https:\/\/wmtbaltic.lv\/Produkts\/uzlex-t-ruler-linealu-komplekts-termoparnesei-sml\/#primaryimage"},"thumbnailUrl":"https:\/\/wmtbaltic.lv\/wp-content\/uploads\/2021\/08\/TRULLERI_15-scaled.jpg","datePublished":"2021-08-04T06:13:00+00:00","dateModified":"2022-05-17T08:34:38+00:00","description":"T-kreklu line\u0101ls termop\u0101rnesei paredz\u0113ts prec\u012bzai un vienm\u0113r\u012bgai termop\u0101rnesei uz da\u017e\u0101da izm\u0113ra T-krekliem.","breadcrumb":{"@id":"https:\/\/wmtbaltic.lv\/Produkts\/uzlex-t-ruler-linealu-komplekts-termoparnesei-sml\/#breadcrumb"},"inLanguage":"en-US","potentialAction":[{"@type":"ReadAction","target":["https:\/\/wmtbaltic.lv\/Produkts\/uzlex-t-ruler-linealu-komplekts-termoparnesei-sml\/"]}]},{"@type":"ImageObject","inLanguage":"en-US","@id":"https:\/\/wmtbaltic.lv\/Produkts\/uzlex-t-ruler-linealu-komplekts-termoparnesei-sml\/#primaryimage","url":"https:\/\/wmtbaltic.lv\/wp-content\/uploads\/2021\/08\/TRULLERI_15-scaled.jpg","contentUrl":"https:\/\/wmtbaltic.lv\/wp-content\/uploads\/2021\/08\/TRULLERI_15-scaled.jpg","width":2560,"height":2557},{"@type":"BreadcrumbList","@id":"https:\/\/wmtbaltic.lv\/Produkts\/uzlex-t-ruler-linealu-komplekts-termoparnesei-sml\/#breadcrumb","itemListElement":[{"@type":"ListItem","position":1,"name":"Home","item":"https:\/\/wmtbaltic.lv\/en\/"},{"@type":"ListItem","position":2,"name":"Products","item":"https:\/\/wmtbaltic.lv\/en\/shop\/"},{"@type":"ListItem","position":3,"name":"UZLEX T-Ruler line\u0101lu komplekts termop\u0101rnesei (S,M,L)"}]},{"@type":"WebSite","@id":"https:\/\/wmtbaltic.lv\/#website","url":"https:\/\/wmtbaltic.lv\/","name":"WMT Baltic","description":"Rekl\u0101mas produkti, pl\u0113ves","publisher":{"@id":"https:\/\/wmtbaltic.lv\/#organization"},"potentialAction":[{"@type":"SearchAction","target":{"@type":"EntryPoint","urlTemplate":"https:\/\/wmtbaltic.lv\/?s={search_term_string}"},"query-input":{"@type":"PropertyValueSpecification","valueRequired":true,"valueName":"search_term_string"}}],"inLanguage":"en-US"},{"@type":"Organization","@id":"https:\/\/wmtbaltic.lv\/#organization","name":"WMT Baltic","url":"https:\/\/wmtbaltic.lv\/","logo":{"@type":"ImageObject","inLanguage":"en-US","@id":"https:\/\/wmtbaltic.lv\/#\/schema\/logo\/image\/","url":"https:\/\/wmtbaltic.lv\/wp-content\/uploads\/2024\/12\/wmt-baltic-sia_107142_9_420x180.jpg","contentUrl":"https:\/\/wmtbaltic.lv\/wp-content\/uploads\/2024\/12\/wmt-baltic-sia_107142_9_420x180.jpg","width":420,"height":180,"caption":"WMT Baltic"},"image":{"@id":"https:\/\/wmtbaltic.lv\/#\/schema\/logo\/image\/"},"sameAs":["https:\/\/www.facebook.com\/WMT.Baltic.viscom\/?locale=lv_LV","https:\/\/www.instagram.com\/viscom_wmt\/"]}]}},"_links":{"self":[{"href":"https:\/\/wmtbaltic.lv\/en\/wp-json\/wp\/v2\/product\/8650","targetHints":{"allow":["GET"]}}],"collection":[{"href":"https:\/\/wmtbaltic.lv\/en\/wp-json\/wp\/v2\/product"}],"about":[{"href":"https:\/\/wmtbaltic.lv\/en\/wp-json\/wp\/v2\/types\/product"}],"replies":[{"embeddable":true,"href":"https:\/\/wmtbaltic.lv\/en\/wp-json\/wp\/v2\/comments?post=8650"}],"wp:featuredmedia":[{"embeddable":true,"href":"https:\/\/wmtbaltic.lv\/en\/wp-json\/wp\/v2\/media\/8695"}],"wp:attachment":[{"href":"https:\/\/wmtbaltic.lv\/en\/wp-json\/wp\/v2\/media?parent=8650"}],"wp:term":[{"taxonomy":"product_brand","embeddable":true,"href":"https:\/\/wmtbaltic.lv\/en\/wp-json\/wp\/v2\/product_brand?post=8650"},{"taxonomy":"product_cat","embeddable":true,"href":"https:\/\/wmtbaltic.lv\/en\/wp-json\/wp\/v2\/product_cat?post=8650"},{"taxonomy":"product_tag","embeddable":true,"href":"https:\/\/wmtbaltic.lv\/en\/wp-json\/wp\/v2\/product_tag?post=8650"}],"curies":[{"name":"wp","href":"https:\/\/api.w.org\/{rel}","templated":true}]}}