{"id":8647,"date":"2021-08-04T05:50:17","date_gmt":"2021-08-04T05:50:17","guid":{"rendered":"https:\/\/wmtbaltic.lv\/?post_type=product&#038;p=8647"},"modified":"2022-05-17T08:17:59","modified_gmt":"2022-05-17T08:17:59","slug":"uzlex-t-ruler-lineals-termoparnesei-m-32x13cm-kakls-16-5cm","status":"publish","type":"product","link":"https:\/\/wmtbaltic.lv\/en\/product\/uzlex-t-ruler-lineals-termoparnesei-m-32x13cm-kakls-16-5cm\/","title":{"rendered":"UZLEX T-Ruler line\u0101ls termop\u0101rnesei (M, 32x13cm, kakls 16.5cm)"},"content":{"rendered":"<p>T-kreklu line\u0101ls var \u0101tri pal\u012bdz\u0113t izl\u012bdzin\u0101t T-krekla dizainu pa labi, pa kreisi, k\u0101 ar\u012b centraliz\u0113t.<\/p>\n<p>Uz caursp\u012bd\u012bga t-krekla line\u0101la baltie un melnie cipari, lai b\u016btu redzami gan uz gai\u0161a, gan uz tum\u0161a tekstila.<\/p>\n","protected":false},"excerpt":{"rendered":"T-kreklu line\u0101ls var \u0101tri pal\u012bdz\u0113t izl\u012bdzin\u0101t T-krekla dizainu pa labi, pa kreisi, k\u0101 ar\u012b centraliz\u0113t. Uz caursp\u012bd\u012bga t-krekla line\u0101la baltie un melnie cipari, lai b\u016btu redzami gan uz gai\u0161a, gan uz tum\u0161a tekstila.","protected":false},"featured_media":8648,"comment_status":"closed","ping_status":"closed","template":"","meta":[],"product_brand":[],"product_cat":[61,306,309],"product_tag":[682,858,859,532],"class_list":{"0":"post-8647","1":"product","2":"type-product","3":"status-publish","4":"has-post-thumbnail","6":"product_cat-instrumenti-aksesuari","7":"product_cat-lineali","8":"product_cat-nazi-un-lineali","9":"product_tag-lineals","10":"product_tag-t-kreklu-lineals","11":"product_tag-tekstil","12":"product_tag-termoparnese","14":"first","15":"instock","16":"shipping-taxable","17":"purchasable","18":"product-type-simple"},"yoast_head":"<!-- This site is optimized with the Yoast SEO plugin v27.4 - https:\/\/yoast.com\/product\/yoast-seo-wordpress\/ -->\n<title>UZLEX T-Ruler line\u0101ls termop\u0101rnesei (M, 32x13cm, kakls 16.5cm) - WMT Baltic<\/title>\n<meta name=\"description\" content=\"T-kreklu line\u0101ls termop\u0101rnesei var \u0101tri pal\u012bdz\u0113t izl\u012bdzin\u0101t T-krekla dizainu pa labi, pa kreisi, k\u0101 ar\u012b centraliz\u0113t.\" \/>\n<meta name=\"robots\" content=\"index, follow, max-snippet:-1, max-image-preview:large, max-video-preview:-1\" \/>\n<link rel=\"canonical\" href=\"https:\/\/wmtbaltic.lv\/Produkts\/uzlex-t-ruler-lineals-termoparnesei-m-32x13cm-kakls-16-5cm\/\" \/>\n<meta property=\"og:locale\" content=\"en_US\" \/>\n<meta property=\"og:type\" content=\"article\" \/>\n<meta property=\"og:title\" content=\"UZLEX T-Ruler line\u0101ls termop\u0101rnesei (M, 32x13cm, kakls 16.5cm) - WMT Baltic\" \/>\n<meta property=\"og:description\" content=\"T-kreklu line\u0101ls termop\u0101rnesei var \u0101tri pal\u012bdz\u0113t izl\u012bdzin\u0101t T-krekla dizainu pa labi, pa kreisi, k\u0101 ar\u012b centraliz\u0113t.\" \/>\n<meta property=\"og:url\" content=\"https:\/\/wmtbaltic.lv\/Produkts\/uzlex-t-ruler-lineals-termoparnesei-m-32x13cm-kakls-16-5cm\/\" \/>\n<meta property=\"og:site_name\" content=\"WMT Baltic\" \/>\n<meta property=\"article:publisher\" content=\"https:\/\/www.facebook.com\/WMT.Baltic.viscom\/?locale=lv_LV\" \/>\n<meta property=\"article:modified_time\" content=\"2022-05-17T08:17:59+00:00\" \/>\n<meta property=\"og:image\" content=\"http:\/\/wmtbaltic.lv\/wp-content\/uploads\/2021\/08\/d944c0fa-662b-4e33-9458-816f947db281.jpg\" \/>\n\t<meta property=\"og:image:width\" content=\"1200\" \/>\n\t<meta property=\"og:image:height\" content=\"1600\" \/>\n\t<meta property=\"og:image:type\" content=\"image\/jpeg\" \/>\n<meta name=\"twitter:card\" content=\"summary_large_image\" \/>\n<meta name=\"twitter:label1\" content=\"Est. reading time\" \/>\n\t<meta name=\"twitter:data1\" content=\"1 minute\" \/>\n<script type=\"application\/ld+json\" class=\"yoast-schema-graph\">{\"@context\":\"https:\\\/\\\/schema.org\",\"@graph\":[{\"@type\":\"WebPage\",\"@id\":\"https:\\\/\\\/wmtbaltic.lv\\\/Produkts\\\/uzlex-t-ruler-lineals-termoparnesei-m-32x13cm-kakls-16-5cm\\\/\",\"url\":\"https:\\\/\\\/wmtbaltic.lv\\\/Produkts\\\/uzlex-t-ruler-lineals-termoparnesei-m-32x13cm-kakls-16-5cm\\\/\",\"name\":\"UZLEX T-Ruler line\u0101ls termop\u0101rnesei (M, 32x13cm, kakls 16.5cm) - WMT Baltic\",\"isPartOf\":{\"@id\":\"https:\\\/\\\/wmtbaltic.lv\\\/#website\"},\"primaryImageOfPage\":{\"@id\":\"https:\\\/\\\/wmtbaltic.lv\\\/Produkts\\\/uzlex-t-ruler-lineals-termoparnesei-m-32x13cm-kakls-16-5cm\\\/#primaryimage\"},\"image\":{\"@id\":\"https:\\\/\\\/wmtbaltic.lv\\\/Produkts\\\/uzlex-t-ruler-lineals-termoparnesei-m-32x13cm-kakls-16-5cm\\\/#primaryimage\"},\"thumbnailUrl\":\"https:\\\/\\\/wmtbaltic.lv\\\/wp-content\\\/uploads\\\/2021\\\/08\\\/d944c0fa-662b-4e33-9458-816f947db281.jpg\",\"datePublished\":\"2021-08-04T05:50:17+00:00\",\"dateModified\":\"2022-05-17T08:17:59+00:00\",\"description\":\"T-kreklu line\u0101ls termop\u0101rnesei var \u0101tri pal\u012bdz\u0113t izl\u012bdzin\u0101t T-krekla dizainu pa labi, pa kreisi, k\u0101 ar\u012b centraliz\u0113t.\",\"breadcrumb\":{\"@id\":\"https:\\\/\\\/wmtbaltic.lv\\\/Produkts\\\/uzlex-t-ruler-lineals-termoparnesei-m-32x13cm-kakls-16-5cm\\\/#breadcrumb\"},\"inLanguage\":\"en-US\",\"potentialAction\":[{\"@type\":\"ReadAction\",\"target\":[\"https:\\\/\\\/wmtbaltic.lv\\\/Produkts\\\/uzlex-t-ruler-lineals-termoparnesei-m-32x13cm-kakls-16-5cm\\\/\"]}]},{\"@type\":\"ImageObject\",\"inLanguage\":\"en-US\",\"@id\":\"https:\\\/\\\/wmtbaltic.lv\\\/Produkts\\\/uzlex-t-ruler-lineals-termoparnesei-m-32x13cm-kakls-16-5cm\\\/#primaryimage\",\"url\":\"https:\\\/\\\/wmtbaltic.lv\\\/wp-content\\\/uploads\\\/2021\\\/08\\\/d944c0fa-662b-4e33-9458-816f947db281.jpg\",\"contentUrl\":\"https:\\\/\\\/wmtbaltic.lv\\\/wp-content\\\/uploads\\\/2021\\\/08\\\/d944c0fa-662b-4e33-9458-816f947db281.jpg\",\"width\":1200,\"height\":1600},{\"@type\":\"BreadcrumbList\",\"@id\":\"https:\\\/\\\/wmtbaltic.lv\\\/Produkts\\\/uzlex-t-ruler-lineals-termoparnesei-m-32x13cm-kakls-16-5cm\\\/#breadcrumb\",\"itemListElement\":[{\"@type\":\"ListItem\",\"position\":1,\"name\":\"Home\",\"item\":\"https:\\\/\\\/wmtbaltic.lv\\\/en\\\/\"},{\"@type\":\"ListItem\",\"position\":2,\"name\":\"Products\",\"item\":\"https:\\\/\\\/wmtbaltic.lv\\\/en\\\/shop\\\/\"},{\"@type\":\"ListItem\",\"position\":3,\"name\":\"UZLEX T-Ruler line\u0101ls termop\u0101rnesei (M, 32x13cm, kakls 16.5cm)\"}]},{\"@type\":\"WebSite\",\"@id\":\"https:\\\/\\\/wmtbaltic.lv\\\/#website\",\"url\":\"https:\\\/\\\/wmtbaltic.lv\\\/\",\"name\":\"WMT Baltic\",\"description\":\"Rekl\u0101mas produkti, pl\u0113ves\",\"publisher\":{\"@id\":\"https:\\\/\\\/wmtbaltic.lv\\\/#organization\"},\"potentialAction\":[{\"@type\":\"SearchAction\",\"target\":{\"@type\":\"EntryPoint\",\"urlTemplate\":\"https:\\\/\\\/wmtbaltic.lv\\\/?s={search_term_string}\"},\"query-input\":{\"@type\":\"PropertyValueSpecification\",\"valueRequired\":true,\"valueName\":\"search_term_string\"}}],\"inLanguage\":\"en-US\"},{\"@type\":\"Organization\",\"@id\":\"https:\\\/\\\/wmtbaltic.lv\\\/#organization\",\"name\":\"WMT Baltic\",\"url\":\"https:\\\/\\\/wmtbaltic.lv\\\/\",\"logo\":{\"@type\":\"ImageObject\",\"inLanguage\":\"en-US\",\"@id\":\"https:\\\/\\\/wmtbaltic.lv\\\/#\\\/schema\\\/logo\\\/image\\\/\",\"url\":\"https:\\\/\\\/wmtbaltic.lv\\\/wp-content\\\/uploads\\\/2024\\\/12\\\/wmt-baltic-sia_107142_9_420x180.jpg\",\"contentUrl\":\"https:\\\/\\\/wmtbaltic.lv\\\/wp-content\\\/uploads\\\/2024\\\/12\\\/wmt-baltic-sia_107142_9_420x180.jpg\",\"width\":420,\"height\":180,\"caption\":\"WMT Baltic\"},\"image\":{\"@id\":\"https:\\\/\\\/wmtbaltic.lv\\\/#\\\/schema\\\/logo\\\/image\\\/\"},\"sameAs\":[\"https:\\\/\\\/www.facebook.com\\\/WMT.Baltic.viscom\\\/?locale=lv_LV\",\"https:\\\/\\\/www.instagram.com\\\/viscom_wmt\\\/\"]}]}<\/script>\n<!-- \/ Yoast SEO plugin. -->","yoast_head_json":{"title":"UZLEX T-Ruler line\u0101ls termop\u0101rnesei (M, 32x13cm, kakls 16.5cm) - WMT Baltic","description":"T-kreklu line\u0101ls termop\u0101rnesei var \u0101tri pal\u012bdz\u0113t izl\u012bdzin\u0101t T-krekla dizainu pa labi, pa kreisi, k\u0101 ar\u012b centraliz\u0113t.","robots":{"index":"index","follow":"follow","max-snippet":"max-snippet:-1","max-image-preview":"max-image-preview:large","max-video-preview":"max-video-preview:-1"},"canonical":"https:\/\/wmtbaltic.lv\/Produkts\/uzlex-t-ruler-lineals-termoparnesei-m-32x13cm-kakls-16-5cm\/","og_locale":"en_US","og_type":"article","og_title":"UZLEX T-Ruler line\u0101ls termop\u0101rnesei (M, 32x13cm, kakls 16.5cm) - WMT Baltic","og_description":"T-kreklu line\u0101ls termop\u0101rnesei var \u0101tri pal\u012bdz\u0113t izl\u012bdzin\u0101t T-krekla dizainu pa labi, pa kreisi, k\u0101 ar\u012b centraliz\u0113t.","og_url":"https:\/\/wmtbaltic.lv\/Produkts\/uzlex-t-ruler-lineals-termoparnesei-m-32x13cm-kakls-16-5cm\/","og_site_name":"WMT Baltic","article_publisher":"https:\/\/www.facebook.com\/WMT.Baltic.viscom\/?locale=lv_LV","article_modified_time":"2022-05-17T08:17:59+00:00","og_image":[{"width":1200,"height":1600,"url":"http:\/\/wmtbaltic.lv\/wp-content\/uploads\/2021\/08\/d944c0fa-662b-4e33-9458-816f947db281.jpg","type":"image\/jpeg"}],"twitter_card":"summary_large_image","twitter_misc":{"Est. reading time":"1 minute"},"schema":{"@context":"https:\/\/schema.org","@graph":[{"@type":"WebPage","@id":"https:\/\/wmtbaltic.lv\/Produkts\/uzlex-t-ruler-lineals-termoparnesei-m-32x13cm-kakls-16-5cm\/","url":"https:\/\/wmtbaltic.lv\/Produkts\/uzlex-t-ruler-lineals-termoparnesei-m-32x13cm-kakls-16-5cm\/","name":"UZLEX T-Ruler line\u0101ls termop\u0101rnesei (M, 32x13cm, kakls 16.5cm) - WMT Baltic","isPartOf":{"@id":"https:\/\/wmtbaltic.lv\/#website"},"primaryImageOfPage":{"@id":"https:\/\/wmtbaltic.lv\/Produkts\/uzlex-t-ruler-lineals-termoparnesei-m-32x13cm-kakls-16-5cm\/#primaryimage"},"image":{"@id":"https:\/\/wmtbaltic.lv\/Produkts\/uzlex-t-ruler-lineals-termoparnesei-m-32x13cm-kakls-16-5cm\/#primaryimage"},"thumbnailUrl":"https:\/\/wmtbaltic.lv\/wp-content\/uploads\/2021\/08\/d944c0fa-662b-4e33-9458-816f947db281.jpg","datePublished":"2021-08-04T05:50:17+00:00","dateModified":"2022-05-17T08:17:59+00:00","description":"T-kreklu line\u0101ls termop\u0101rnesei var \u0101tri pal\u012bdz\u0113t izl\u012bdzin\u0101t T-krekla dizainu pa labi, pa kreisi, k\u0101 ar\u012b centraliz\u0113t.","breadcrumb":{"@id":"https:\/\/wmtbaltic.lv\/Produkts\/uzlex-t-ruler-lineals-termoparnesei-m-32x13cm-kakls-16-5cm\/#breadcrumb"},"inLanguage":"en-US","potentialAction":[{"@type":"ReadAction","target":["https:\/\/wmtbaltic.lv\/Produkts\/uzlex-t-ruler-lineals-termoparnesei-m-32x13cm-kakls-16-5cm\/"]}]},{"@type":"ImageObject","inLanguage":"en-US","@id":"https:\/\/wmtbaltic.lv\/Produkts\/uzlex-t-ruler-lineals-termoparnesei-m-32x13cm-kakls-16-5cm\/#primaryimage","url":"https:\/\/wmtbaltic.lv\/wp-content\/uploads\/2021\/08\/d944c0fa-662b-4e33-9458-816f947db281.jpg","contentUrl":"https:\/\/wmtbaltic.lv\/wp-content\/uploads\/2021\/08\/d944c0fa-662b-4e33-9458-816f947db281.jpg","width":1200,"height":1600},{"@type":"BreadcrumbList","@id":"https:\/\/wmtbaltic.lv\/Produkts\/uzlex-t-ruler-lineals-termoparnesei-m-32x13cm-kakls-16-5cm\/#breadcrumb","itemListElement":[{"@type":"ListItem","position":1,"name":"Home","item":"https:\/\/wmtbaltic.lv\/en\/"},{"@type":"ListItem","position":2,"name":"Products","item":"https:\/\/wmtbaltic.lv\/en\/shop\/"},{"@type":"ListItem","position":3,"name":"UZLEX T-Ruler line\u0101ls termop\u0101rnesei (M, 32x13cm, kakls 16.5cm)"}]},{"@type":"WebSite","@id":"https:\/\/wmtbaltic.lv\/#website","url":"https:\/\/wmtbaltic.lv\/","name":"WMT Baltic","description":"Rekl\u0101mas produkti, pl\u0113ves","publisher":{"@id":"https:\/\/wmtbaltic.lv\/#organization"},"potentialAction":[{"@type":"SearchAction","target":{"@type":"EntryPoint","urlTemplate":"https:\/\/wmtbaltic.lv\/?s={search_term_string}"},"query-input":{"@type":"PropertyValueSpecification","valueRequired":true,"valueName":"search_term_string"}}],"inLanguage":"en-US"},{"@type":"Organization","@id":"https:\/\/wmtbaltic.lv\/#organization","name":"WMT Baltic","url":"https:\/\/wmtbaltic.lv\/","logo":{"@type":"ImageObject","inLanguage":"en-US","@id":"https:\/\/wmtbaltic.lv\/#\/schema\/logo\/image\/","url":"https:\/\/wmtbaltic.lv\/wp-content\/uploads\/2024\/12\/wmt-baltic-sia_107142_9_420x180.jpg","contentUrl":"https:\/\/wmtbaltic.lv\/wp-content\/uploads\/2024\/12\/wmt-baltic-sia_107142_9_420x180.jpg","width":420,"height":180,"caption":"WMT Baltic"},"image":{"@id":"https:\/\/wmtbaltic.lv\/#\/schema\/logo\/image\/"},"sameAs":["https:\/\/www.facebook.com\/WMT.Baltic.viscom\/?locale=lv_LV","https:\/\/www.instagram.com\/viscom_wmt\/"]}]}},"_links":{"self":[{"href":"https:\/\/wmtbaltic.lv\/en\/wp-json\/wp\/v2\/product\/8647","targetHints":{"allow":["GET"]}}],"collection":[{"href":"https:\/\/wmtbaltic.lv\/en\/wp-json\/wp\/v2\/product"}],"about":[{"href":"https:\/\/wmtbaltic.lv\/en\/wp-json\/wp\/v2\/types\/product"}],"replies":[{"embeddable":true,"href":"https:\/\/wmtbaltic.lv\/en\/wp-json\/wp\/v2\/comments?post=8647"}],"wp:featuredmedia":[{"embeddable":true,"href":"https:\/\/wmtbaltic.lv\/en\/wp-json\/wp\/v2\/media\/8648"}],"wp:attachment":[{"href":"https:\/\/wmtbaltic.lv\/en\/wp-json\/wp\/v2\/media?parent=8647"}],"wp:term":[{"taxonomy":"product_brand","embeddable":true,"href":"https:\/\/wmtbaltic.lv\/en\/wp-json\/wp\/v2\/product_brand?post=8647"},{"taxonomy":"product_cat","embeddable":true,"href":"https:\/\/wmtbaltic.lv\/en\/wp-json\/wp\/v2\/product_cat?post=8647"},{"taxonomy":"product_tag","embeddable":true,"href":"https:\/\/wmtbaltic.lv\/en\/wp-json\/wp\/v2\/product_tag?post=8647"}],"curies":[{"name":"wp","href":"https:\/\/api.w.org\/{rel}","templated":true}]}}