{"id":8604,"date":"2021-07-30T11:52:10","date_gmt":"2021-07-30T11:52:10","guid":{"rendered":"https:\/\/wmtbaltic.lv\/?post_type=product&#038;p=8604"},"modified":"2021-07-30T11:52:12","modified_gmt":"2021-07-30T11:52:12","slug":"pildspalva-mazu-detalu-tirisanai","status":"publish","type":"product","link":"https:\/\/wmtbaltic.lv\/en\/product\/pildspalva-mazu-detalu-tirisanai\/","title":{"rendered":"Pildspalva mazu deta\u013cu t\u012br\u012b\u0161anai"},"content":{"rendered":"<p>Pildspalva mazu deta\u013cu t\u012br\u012b\u0161anai<\/p>\n","protected":false},"excerpt":{"rendered":"Pildspalva mazu deta\u013cu t\u012br\u012b\u0161anai","protected":false},"featured_media":8607,"template":"","meta":[],"product_brand":[],"product_cat":[200,61,314],"product_tag":[378,291,851,342,849,841],"class_list":{"0":"post-8604","1":"product","2":"type-product","3":"status-publish","4":"has-post-thumbnail","6":"product_cat-aksesuari-aplimesanai","7":"product_cat-instrumenti-aksesuari","8":"product_cat-paligriki","9":"product_tag-aksesuari","10":"product_tag-aplimesana","11":"product_tag-detlas","12":"product_tag-instrumenti","13":"product_tag-pildspalva","14":"product_tag-tirisana","16":"first","17":"instock","18":"shipping-taxable","19":"purchasable","20":"product-type-simple"},"yoast_head":"<!-- This site is optimized with the Yoast SEO plugin v27.3 - https:\/\/yoast.com\/product\/yoast-seo-wordpress\/ -->\n<title>Pildspalva mazu deta\u013cu t\u012br\u012b\u0161anai - WMT Baltic<\/title>\n<meta name=\"description\" content=\"Instrumenti un aksesu\u0101ri apl\u012bm\u0113\u0161anai pildspalva mazu deta\u013cu t\u012br\u012b\u0161anai. Wmtrbaltic veikals R\u012bga Latvia ,Tools uzlex\" \/>\n<meta name=\"robots\" content=\"index, follow, max-snippet:-1, max-image-preview:large, max-video-preview:-1\" \/>\n<link rel=\"canonical\" href=\"https:\/\/wmtbaltic.lv\/Produkts\/pildspalva-mazu-detalu-tirisanai\/\" \/>\n<meta property=\"og:locale\" content=\"en_US\" \/>\n<meta property=\"og:type\" content=\"article\" \/>\n<meta property=\"og:title\" content=\"Pildspalva mazu deta\u013cu t\u012br\u012b\u0161anai - WMT Baltic\" \/>\n<meta property=\"og:description\" content=\"Instrumenti un aksesu\u0101ri apl\u012bm\u0113\u0161anai pildspalva mazu deta\u013cu t\u012br\u012b\u0161anai. Wmtrbaltic veikals R\u012bga Latvia ,Tools uzlex\" \/>\n<meta property=\"og:url\" content=\"https:\/\/wmtbaltic.lv\/Produkts\/pildspalva-mazu-detalu-tirisanai\/\" \/>\n<meta property=\"og:site_name\" content=\"WMT Baltic\" \/>\n<meta property=\"article:publisher\" content=\"https:\/\/www.facebook.com\/WMT.Baltic.viscom\/?locale=lv_LV\" \/>\n<meta property=\"article:modified_time\" content=\"2021-07-30T11:52:12+00:00\" \/>\n<meta property=\"og:image\" content=\"https:\/\/wmtbaltic.lv\/wp-content\/uploads\/2021\/07\/tools.uzlex_.eu_weeding.pen_red-1.jpg\" \/>\n\t<meta property=\"og:image:width\" content=\"971\" \/>\n\t<meta property=\"og:image:height\" content=\"758\" \/>\n\t<meta property=\"og:image:type\" content=\"image\/jpeg\" \/>\n<meta name=\"twitter:card\" content=\"summary_large_image\" \/>\n<meta name=\"twitter:label1\" content=\"Est. reading time\" \/>\n\t<meta name=\"twitter:data1\" content=\"1 minute\" \/>\n<script type=\"application\/ld+json\" class=\"yoast-schema-graph\">{\"@context\":\"https:\\\/\\\/schema.org\",\"@graph\":[{\"@type\":\"WebPage\",\"@id\":\"https:\\\/\\\/wmtbaltic.lv\\\/Produkts\\\/pildspalva-mazu-detalu-tirisanai\\\/\",\"url\":\"https:\\\/\\\/wmtbaltic.lv\\\/Produkts\\\/pildspalva-mazu-detalu-tirisanai\\\/\",\"name\":\"Pildspalva mazu deta\u013cu t\u012br\u012b\u0161anai - WMT Baltic\",\"isPartOf\":{\"@id\":\"https:\\\/\\\/wmtbaltic.lv\\\/#website\"},\"primaryImageOfPage\":{\"@id\":\"https:\\\/\\\/wmtbaltic.lv\\\/Produkts\\\/pildspalva-mazu-detalu-tirisanai\\\/#primaryimage\"},\"image\":{\"@id\":\"https:\\\/\\\/wmtbaltic.lv\\\/Produkts\\\/pildspalva-mazu-detalu-tirisanai\\\/#primaryimage\"},\"thumbnailUrl\":\"https:\\\/\\\/wmtbaltic.lv\\\/wp-content\\\/uploads\\\/2021\\\/07\\\/tools.uzlex_.eu_weeding.pen_red-1.jpg\",\"datePublished\":\"2021-07-30T11:52:10+00:00\",\"dateModified\":\"2021-07-30T11:52:12+00:00\",\"description\":\"Instrumenti un aksesu\u0101ri apl\u012bm\u0113\u0161anai pildspalva mazu deta\u013cu t\u012br\u012b\u0161anai. Wmtrbaltic veikals R\u012bga Latvia ,Tools uzlex\",\"breadcrumb\":{\"@id\":\"https:\\\/\\\/wmtbaltic.lv\\\/Produkts\\\/pildspalva-mazu-detalu-tirisanai\\\/#breadcrumb\"},\"inLanguage\":\"en-US\",\"potentialAction\":[{\"@type\":\"ReadAction\",\"target\":[\"https:\\\/\\\/wmtbaltic.lv\\\/Produkts\\\/pildspalva-mazu-detalu-tirisanai\\\/\"]}]},{\"@type\":\"ImageObject\",\"inLanguage\":\"en-US\",\"@id\":\"https:\\\/\\\/wmtbaltic.lv\\\/Produkts\\\/pildspalva-mazu-detalu-tirisanai\\\/#primaryimage\",\"url\":\"https:\\\/\\\/wmtbaltic.lv\\\/wp-content\\\/uploads\\\/2021\\\/07\\\/tools.uzlex_.eu_weeding.pen_red-1.jpg\",\"contentUrl\":\"https:\\\/\\\/wmtbaltic.lv\\\/wp-content\\\/uploads\\\/2021\\\/07\\\/tools.uzlex_.eu_weeding.pen_red-1.jpg\",\"width\":971,\"height\":758},{\"@type\":\"BreadcrumbList\",\"@id\":\"https:\\\/\\\/wmtbaltic.lv\\\/Produkts\\\/pildspalva-mazu-detalu-tirisanai\\\/#breadcrumb\",\"itemListElement\":[{\"@type\":\"ListItem\",\"position\":1,\"name\":\"Home\",\"item\":\"https:\\\/\\\/wmtbaltic.lv\\\/en\\\/\"},{\"@type\":\"ListItem\",\"position\":2,\"name\":\"Shop\",\"item\":\"https:\\\/\\\/wmtbaltic.lv\\\/shop\\\/\"},{\"@type\":\"ListItem\",\"position\":3,\"name\":\"Pildspalva mazu deta\u013cu t\u012br\u012b\u0161anai\"}]},{\"@type\":\"WebSite\",\"@id\":\"https:\\\/\\\/wmtbaltic.lv\\\/#website\",\"url\":\"https:\\\/\\\/wmtbaltic.lv\\\/\",\"name\":\"WMT Baltic\",\"description\":\"Rekl\u0101mas produkti, pl\u0113ves\",\"publisher\":{\"@id\":\"https:\\\/\\\/wmtbaltic.lv\\\/#organization\"},\"potentialAction\":[{\"@type\":\"SearchAction\",\"target\":{\"@type\":\"EntryPoint\",\"urlTemplate\":\"https:\\\/\\\/wmtbaltic.lv\\\/?s={search_term_string}\"},\"query-input\":{\"@type\":\"PropertyValueSpecification\",\"valueRequired\":true,\"valueName\":\"search_term_string\"}}],\"inLanguage\":\"en-US\"},{\"@type\":\"Organization\",\"@id\":\"https:\\\/\\\/wmtbaltic.lv\\\/#organization\",\"name\":\"WMT Baltic\",\"url\":\"https:\\\/\\\/wmtbaltic.lv\\\/\",\"logo\":{\"@type\":\"ImageObject\",\"inLanguage\":\"en-US\",\"@id\":\"https:\\\/\\\/wmtbaltic.lv\\\/#\\\/schema\\\/logo\\\/image\\\/\",\"url\":\"https:\\\/\\\/wmtbaltic.lv\\\/wp-content\\\/uploads\\\/2024\\\/12\\\/wmt-baltic-sia_107142_9_420x180.jpg\",\"contentUrl\":\"https:\\\/\\\/wmtbaltic.lv\\\/wp-content\\\/uploads\\\/2024\\\/12\\\/wmt-baltic-sia_107142_9_420x180.jpg\",\"width\":420,\"height\":180,\"caption\":\"WMT Baltic\"},\"image\":{\"@id\":\"https:\\\/\\\/wmtbaltic.lv\\\/#\\\/schema\\\/logo\\\/image\\\/\"},\"sameAs\":[\"https:\\\/\\\/www.facebook.com\\\/WMT.Baltic.viscom\\\/?locale=lv_LV\",\"https:\\\/\\\/www.instagram.com\\\/viscom_wmt\\\/\"]}]}<\/script>\n<!-- \/ Yoast SEO plugin. -->","yoast_head_json":{"title":"Pildspalva mazu deta\u013cu t\u012br\u012b\u0161anai - WMT Baltic","description":"Instrumenti un aksesu\u0101ri apl\u012bm\u0113\u0161anai pildspalva mazu deta\u013cu t\u012br\u012b\u0161anai. Wmtrbaltic veikals R\u012bga Latvia ,Tools uzlex","robots":{"index":"index","follow":"follow","max-snippet":"max-snippet:-1","max-image-preview":"max-image-preview:large","max-video-preview":"max-video-preview:-1"},"canonical":"https:\/\/wmtbaltic.lv\/Produkts\/pildspalva-mazu-detalu-tirisanai\/","og_locale":"en_US","og_type":"article","og_title":"Pildspalva mazu deta\u013cu t\u012br\u012b\u0161anai - WMT Baltic","og_description":"Instrumenti un aksesu\u0101ri apl\u012bm\u0113\u0161anai pildspalva mazu deta\u013cu t\u012br\u012b\u0161anai. Wmtrbaltic veikals R\u012bga Latvia ,Tools uzlex","og_url":"https:\/\/wmtbaltic.lv\/Produkts\/pildspalva-mazu-detalu-tirisanai\/","og_site_name":"WMT Baltic","article_publisher":"https:\/\/www.facebook.com\/WMT.Baltic.viscom\/?locale=lv_LV","article_modified_time":"2021-07-30T11:52:12+00:00","og_image":[{"width":971,"height":758,"url":"https:\/\/wmtbaltic.lv\/wp-content\/uploads\/2021\/07\/tools.uzlex_.eu_weeding.pen_red-1.jpg","type":"image\/jpeg"}],"twitter_card":"summary_large_image","twitter_misc":{"Est. reading time":"1 minute"},"schema":{"@context":"https:\/\/schema.org","@graph":[{"@type":"WebPage","@id":"https:\/\/wmtbaltic.lv\/Produkts\/pildspalva-mazu-detalu-tirisanai\/","url":"https:\/\/wmtbaltic.lv\/Produkts\/pildspalva-mazu-detalu-tirisanai\/","name":"Pildspalva mazu deta\u013cu t\u012br\u012b\u0161anai - WMT Baltic","isPartOf":{"@id":"https:\/\/wmtbaltic.lv\/#website"},"primaryImageOfPage":{"@id":"https:\/\/wmtbaltic.lv\/Produkts\/pildspalva-mazu-detalu-tirisanai\/#primaryimage"},"image":{"@id":"https:\/\/wmtbaltic.lv\/Produkts\/pildspalva-mazu-detalu-tirisanai\/#primaryimage"},"thumbnailUrl":"https:\/\/wmtbaltic.lv\/wp-content\/uploads\/2021\/07\/tools.uzlex_.eu_weeding.pen_red-1.jpg","datePublished":"2021-07-30T11:52:10+00:00","dateModified":"2021-07-30T11:52:12+00:00","description":"Instrumenti un aksesu\u0101ri apl\u012bm\u0113\u0161anai pildspalva mazu deta\u013cu t\u012br\u012b\u0161anai. Wmtrbaltic veikals R\u012bga Latvia ,Tools uzlex","breadcrumb":{"@id":"https:\/\/wmtbaltic.lv\/Produkts\/pildspalva-mazu-detalu-tirisanai\/#breadcrumb"},"inLanguage":"en-US","potentialAction":[{"@type":"ReadAction","target":["https:\/\/wmtbaltic.lv\/Produkts\/pildspalva-mazu-detalu-tirisanai\/"]}]},{"@type":"ImageObject","inLanguage":"en-US","@id":"https:\/\/wmtbaltic.lv\/Produkts\/pildspalva-mazu-detalu-tirisanai\/#primaryimage","url":"https:\/\/wmtbaltic.lv\/wp-content\/uploads\/2021\/07\/tools.uzlex_.eu_weeding.pen_red-1.jpg","contentUrl":"https:\/\/wmtbaltic.lv\/wp-content\/uploads\/2021\/07\/tools.uzlex_.eu_weeding.pen_red-1.jpg","width":971,"height":758},{"@type":"BreadcrumbList","@id":"https:\/\/wmtbaltic.lv\/Produkts\/pildspalva-mazu-detalu-tirisanai\/#breadcrumb","itemListElement":[{"@type":"ListItem","position":1,"name":"Home","item":"https:\/\/wmtbaltic.lv\/en\/"},{"@type":"ListItem","position":2,"name":"Shop","item":"https:\/\/wmtbaltic.lv\/shop\/"},{"@type":"ListItem","position":3,"name":"Pildspalva mazu deta\u013cu t\u012br\u012b\u0161anai"}]},{"@type":"WebSite","@id":"https:\/\/wmtbaltic.lv\/#website","url":"https:\/\/wmtbaltic.lv\/","name":"WMT Baltic","description":"Rekl\u0101mas produkti, pl\u0113ves","publisher":{"@id":"https:\/\/wmtbaltic.lv\/#organization"},"potentialAction":[{"@type":"SearchAction","target":{"@type":"EntryPoint","urlTemplate":"https:\/\/wmtbaltic.lv\/?s={search_term_string}"},"query-input":{"@type":"PropertyValueSpecification","valueRequired":true,"valueName":"search_term_string"}}],"inLanguage":"en-US"},{"@type":"Organization","@id":"https:\/\/wmtbaltic.lv\/#organization","name":"WMT Baltic","url":"https:\/\/wmtbaltic.lv\/","logo":{"@type":"ImageObject","inLanguage":"en-US","@id":"https:\/\/wmtbaltic.lv\/#\/schema\/logo\/image\/","url":"https:\/\/wmtbaltic.lv\/wp-content\/uploads\/2024\/12\/wmt-baltic-sia_107142_9_420x180.jpg","contentUrl":"https:\/\/wmtbaltic.lv\/wp-content\/uploads\/2024\/12\/wmt-baltic-sia_107142_9_420x180.jpg","width":420,"height":180,"caption":"WMT Baltic"},"image":{"@id":"https:\/\/wmtbaltic.lv\/#\/schema\/logo\/image\/"},"sameAs":["https:\/\/www.facebook.com\/WMT.Baltic.viscom\/?locale=lv_LV","https:\/\/www.instagram.com\/viscom_wmt\/"]}]}},"_links":{"self":[{"href":"https:\/\/wmtbaltic.lv\/en\/wp-json\/wp\/v2\/product\/8604","targetHints":{"allow":["GET"]}}],"collection":[{"href":"https:\/\/wmtbaltic.lv\/en\/wp-json\/wp\/v2\/product"}],"about":[{"href":"https:\/\/wmtbaltic.lv\/en\/wp-json\/wp\/v2\/types\/product"}],"wp:featuredmedia":[{"embeddable":true,"href":"https:\/\/wmtbaltic.lv\/en\/wp-json\/wp\/v2\/media\/8607"}],"wp:attachment":[{"href":"https:\/\/wmtbaltic.lv\/en\/wp-json\/wp\/v2\/media?parent=8604"}],"wp:term":[{"taxonomy":"product_brand","embeddable":true,"href":"https:\/\/wmtbaltic.lv\/en\/wp-json\/wp\/v2\/product_brand?post=8604"},{"taxonomy":"product_cat","embeddable":true,"href":"https:\/\/wmtbaltic.lv\/en\/wp-json\/wp\/v2\/product_cat?post=8604"},{"taxonomy":"product_tag","embeddable":true,"href":"https:\/\/wmtbaltic.lv\/en\/wp-json\/wp\/v2\/product_tag?post=8604"}],"curies":[{"name":"wp","href":"https:\/\/api.w.org\/{rel}","templated":true}]}}