{"id":8563,"date":"2021-07-30T06:08:15","date_gmt":"2021-07-30T06:08:15","guid":{"rendered":"https:\/\/wmtbaltic.lv\/?post_type=product&#038;p=8563"},"modified":"2023-02-06T08:44:27","modified_gmt":"2023-02-06T08:44:27","slug":"ekosolventa-tintes-printeriem-chimigraf-ecopure","status":"publish","type":"product","link":"https:\/\/wmtbaltic.lv\/en\/product\/ekosolventa-tintes-printeriem-chimigraf-ecopure\/","title":{"rendered":"Ekosolventa tintes printeriem Chimigraf EcoPure"},"content":{"rendered":"<p>Ecosolventa tintes Chimigraf ecoPure\u00a0 \u2014 ir ekolo\u0123iska \u0161\u0137\u012bdin\u0101t\u0101ja b\u0101zes tintes, kas speci\u0101li paredz\u0113tas ra\u017eot\u0101jiem, kas r\u016bp\u0113jas par vidi, person\u0101la vesel\u012bbu un klientiem. Tintes ecoPure v2 nodro\u0161ina izcilu drukas kvalit\u0101ti interjera grafikai un augstu aizsardz\u012bbu pret skr\u0101p\u0113jumiem.<\/p>\n<ul>\n<li style=\"font-weight: 400;\">Sader\u012bgas ar drukas galvi\u0146am Epson DX4, DX5, DX7<\/li>\n<li style=\"font-weight: 400;\">Notur\u012bgas pretizbal\u0113\u0161anu\u0101ra apst\u0101k\u013cos l\u012bdz 24 m\u0113ne\u0161iem,<\/li>\n<li style=\"font-weight: 400;\">Uzglab\u0101\u0161anas laiks: 12 m\u0113ne\u0161i,<\/li>\n<li style=\"font-weight: 400;\">Darba temperat\u016bra: 18 &#8230; 27C,<\/li>\n<li style=\"font-weight: 400;\">Darba mitrums: 30 .. 80%,<\/li>\n<li style=\"font-weight: 400;\">Transport\u0113\u0161anas temperat\u016bra: -10 &#8230; 40C,<\/li>\n<li style=\"font-weight: 400;\">Kr\u0101sas: CMYK,LC,LM, Cleaning liquied.<\/li>\n<\/ul>\n<p style=\"font-weight: 400;\">Pieejama pudel\u0113s tilpum\u0101 1l un 440ml k\u0101rtrid\u017ei.<\/p>\n<p><strong>S\u012bk\u0101ka inform\u0101cija:<\/strong>\u00a0Darba dien\u0101s no plkst. 9:00\u00a0l\u012bdz 18:00<\/p>\n<p>WMT Baltic SIA<br \/>\nA.Deglava 166b<br \/>\nR\u012bga, LV-1021<br \/>\n<strong>T\u0101lr: +371 67800830<span id=\"softomate_highlight_0\" class=\"skype_tb_injection\" title=\"Call this phone number in Latvia with Skype: +37167800833\"><span class=\"skype_tb_nop\">\u00a0\u00a0<\/span><\/span>e-mail: info@<a href=\"mailto:info@signmaker.lv\">signmaker.lv<\/a><\/strong><\/p>\n<p style=\"font-weight: 400;\">\n","protected":false},"excerpt":{"rendered":"Ecosolventa tintes Chimigraf ecoPure\u00a0 \u2014 ir ekolo\u0123iska \u0161\u0137\u012bdin\u0101t\u0101ja b\u0101zes tintes, kas speci\u0101li paredz\u0113tas ra\u017eot\u0101jiem, kas r\u016bp\u0113jas par vidi, person\u0101la vesel\u012bbu un klientiem. Tintes ecoPure v2 nodro\u0161ina izcilu drukas kvalit\u0101ti interjera grafikai un augstu aizsardz\u012bbu pret skr\u0101p\u0113jumiem. Sader\u012bgas ar drukas galvi\u0146am Epson DX4, DX5, DX7 Notur\u012bgas pretizbal\u0113\u0161anu\u0101ra apst\u0101k\u013cos l\u012bdz 24 m\u0113ne\u0161iem, Uzglab\u0101\u0161anas laiks: 12 m\u0113ne\u0161i, Darba [...]","protected":false},"featured_media":8566,"comment_status":"closed","ping_status":"closed","template":"","meta":[],"product_brand":[],"product_cat":[768,258,767],"product_tag":[1024,835,1025,503,771],"class_list":{"0":"post-8563","1":"product","2":"type-product","3":"status-publish","4":"has-post-thumbnail","6":"product_cat-ekosolvnta-eko-uv-tintes","7":"product_cat-iekartas-un-izejmateriali","8":"product_cat-tintes-printeriem","9":"product_tag-chimigraf","10":"product_tag-cmyk","11":"product_tag-eco-pure-tintes","12":"product_tag-roland-dg","13":"product_tag-tintes","15":"first","16":"instock","17":"shipping-taxable","18":"purchasable","19":"product-type-variable"},"yoast_head":"<!-- This site is optimized with the Yoast SEO plugin v27.4 - https:\/\/yoast.com\/product\/yoast-seo-wordpress\/ -->\n<title>Ekosolventa tintes printeriem Chimigraf EcoPure nopirkt veikal\u0101 R\u012bg\u0101<\/title>\n<meta name=\"description\" content=\"Ecosolventa tintes Chimigraf ecoPure v2 \u2014 ir ekolo\u0123iska \u0161\u0137\u012bdin\u0101t\u0101ja b\u0101zes tintes.Tintes ecoPure v2 nodro\u0161ina izcilu drukas kvalit\u0101ti.\" \/>\n<meta name=\"robots\" content=\"index, follow, max-snippet:-1, max-image-preview:large, max-video-preview:-1\" \/>\n<link rel=\"canonical\" href=\"https:\/\/wmtbaltic.lv\/Produkts\/ekosolventa-tintes-printeriem-chimigraf-ecopure\/\" \/>\n<meta property=\"og:locale\" content=\"en_US\" \/>\n<meta property=\"og:type\" content=\"article\" \/>\n<meta property=\"og:title\" content=\"Ekosolventa tintes printeriem Chimigraf EcoPure nopirkt veikal\u0101 R\u012bg\u0101\" \/>\n<meta property=\"og:description\" content=\"Ecosolventa tintes Chimigraf ecoPure v2 \u2014 ir ekolo\u0123iska \u0161\u0137\u012bdin\u0101t\u0101ja b\u0101zes tintes.Tintes ecoPure v2 nodro\u0161ina izcilu drukas kvalit\u0101ti.\" \/>\n<meta property=\"og:url\" content=\"https:\/\/wmtbaltic.lv\/Produkts\/ekosolventa-tintes-printeriem-chimigraf-ecopure\/\" \/>\n<meta property=\"og:site_name\" content=\"WMT Baltic\" \/>\n<meta property=\"article:publisher\" content=\"https:\/\/www.facebook.com\/WMT.Baltic.viscom\/?locale=lv_LV\" \/>\n<meta property=\"article:modified_time\" content=\"2023-02-06T08:44:27+00:00\" \/>\n<meta property=\"og:image\" content=\"http:\/\/wmtbaltic.lv\/wp-content\/uploads\/2021\/07\/pic-8.jpg\" \/>\n\t<meta property=\"og:image:width\" content=\"701\" \/>\n\t<meta property=\"og:image:height\" content=\"536\" \/>\n\t<meta property=\"og:image:type\" content=\"image\/jpeg\" \/>\n<meta name=\"twitter:card\" content=\"summary_large_image\" \/>\n<meta name=\"twitter:label1\" content=\"Est. reading time\" \/>\n\t<meta name=\"twitter:data1\" content=\"1 minute\" \/>\n<script type=\"application\/ld+json\" class=\"yoast-schema-graph\">{\"@context\":\"https:\\\/\\\/schema.org\",\"@graph\":[{\"@type\":\"WebPage\",\"@id\":\"https:\\\/\\\/wmtbaltic.lv\\\/Produkts\\\/ekosolventa-tintes-printeriem-chimigraf-ecopure\\\/\",\"url\":\"https:\\\/\\\/wmtbaltic.lv\\\/Produkts\\\/ekosolventa-tintes-printeriem-chimigraf-ecopure\\\/\",\"name\":\"Ekosolventa tintes printeriem Chimigraf EcoPure nopirkt veikal\u0101 R\u012bg\u0101\",\"isPartOf\":{\"@id\":\"https:\\\/\\\/wmtbaltic.lv\\\/#website\"},\"primaryImageOfPage\":{\"@id\":\"https:\\\/\\\/wmtbaltic.lv\\\/Produkts\\\/ekosolventa-tintes-printeriem-chimigraf-ecopure\\\/#primaryimage\"},\"image\":{\"@id\":\"https:\\\/\\\/wmtbaltic.lv\\\/Produkts\\\/ekosolventa-tintes-printeriem-chimigraf-ecopure\\\/#primaryimage\"},\"thumbnailUrl\":\"https:\\\/\\\/wmtbaltic.lv\\\/wp-content\\\/uploads\\\/2021\\\/07\\\/pic-8.jpg\",\"datePublished\":\"2021-07-30T06:08:15+00:00\",\"dateModified\":\"2023-02-06T08:44:27+00:00\",\"description\":\"Ecosolventa tintes Chimigraf ecoPure v2 \u2014 ir ekolo\u0123iska \u0161\u0137\u012bdin\u0101t\u0101ja b\u0101zes tintes.Tintes ecoPure v2 nodro\u0161ina izcilu drukas kvalit\u0101ti.\",\"breadcrumb\":{\"@id\":\"https:\\\/\\\/wmtbaltic.lv\\\/Produkts\\\/ekosolventa-tintes-printeriem-chimigraf-ecopure\\\/#breadcrumb\"},\"inLanguage\":\"en-US\",\"potentialAction\":[{\"@type\":\"ReadAction\",\"target\":[\"https:\\\/\\\/wmtbaltic.lv\\\/Produkts\\\/ekosolventa-tintes-printeriem-chimigraf-ecopure\\\/\"]}]},{\"@type\":\"ImageObject\",\"inLanguage\":\"en-US\",\"@id\":\"https:\\\/\\\/wmtbaltic.lv\\\/Produkts\\\/ekosolventa-tintes-printeriem-chimigraf-ecopure\\\/#primaryimage\",\"url\":\"https:\\\/\\\/wmtbaltic.lv\\\/wp-content\\\/uploads\\\/2021\\\/07\\\/pic-8.jpg\",\"contentUrl\":\"https:\\\/\\\/wmtbaltic.lv\\\/wp-content\\\/uploads\\\/2021\\\/07\\\/pic-8.jpg\",\"width\":701,\"height\":536},{\"@type\":\"BreadcrumbList\",\"@id\":\"https:\\\/\\\/wmtbaltic.lv\\\/Produkts\\\/ekosolventa-tintes-printeriem-chimigraf-ecopure\\\/#breadcrumb\",\"itemListElement\":[{\"@type\":\"ListItem\",\"position\":1,\"name\":\"Home\",\"item\":\"https:\\\/\\\/wmtbaltic.lv\\\/en\\\/\"},{\"@type\":\"ListItem\",\"position\":2,\"name\":\"Products\",\"item\":\"https:\\\/\\\/wmtbaltic.lv\\\/en\\\/shop\\\/\"},{\"@type\":\"ListItem\",\"position\":3,\"name\":\"Ekosolventa tintes printeriem Chimigraf EcoPure\"}]},{\"@type\":\"WebSite\",\"@id\":\"https:\\\/\\\/wmtbaltic.lv\\\/#website\",\"url\":\"https:\\\/\\\/wmtbaltic.lv\\\/\",\"name\":\"WMT Baltic\",\"description\":\"Rekl\u0101mas produkti, pl\u0113ves\",\"publisher\":{\"@id\":\"https:\\\/\\\/wmtbaltic.lv\\\/#organization\"},\"potentialAction\":[{\"@type\":\"SearchAction\",\"target\":{\"@type\":\"EntryPoint\",\"urlTemplate\":\"https:\\\/\\\/wmtbaltic.lv\\\/?s={search_term_string}\"},\"query-input\":{\"@type\":\"PropertyValueSpecification\",\"valueRequired\":true,\"valueName\":\"search_term_string\"}}],\"inLanguage\":\"en-US\"},{\"@type\":\"Organization\",\"@id\":\"https:\\\/\\\/wmtbaltic.lv\\\/#organization\",\"name\":\"WMT Baltic\",\"url\":\"https:\\\/\\\/wmtbaltic.lv\\\/\",\"logo\":{\"@type\":\"ImageObject\",\"inLanguage\":\"en-US\",\"@id\":\"https:\\\/\\\/wmtbaltic.lv\\\/#\\\/schema\\\/logo\\\/image\\\/\",\"url\":\"https:\\\/\\\/wmtbaltic.lv\\\/wp-content\\\/uploads\\\/2024\\\/12\\\/wmt-baltic-sia_107142_9_420x180.jpg\",\"contentUrl\":\"https:\\\/\\\/wmtbaltic.lv\\\/wp-content\\\/uploads\\\/2024\\\/12\\\/wmt-baltic-sia_107142_9_420x180.jpg\",\"width\":420,\"height\":180,\"caption\":\"WMT Baltic\"},\"image\":{\"@id\":\"https:\\\/\\\/wmtbaltic.lv\\\/#\\\/schema\\\/logo\\\/image\\\/\"},\"sameAs\":[\"https:\\\/\\\/www.facebook.com\\\/WMT.Baltic.viscom\\\/?locale=lv_LV\",\"https:\\\/\\\/www.instagram.com\\\/viscom_wmt\\\/\"]}]}<\/script>\n<!-- \/ Yoast SEO plugin. -->","yoast_head_json":{"title":"Ekosolventa tintes printeriem Chimigraf EcoPure nopirkt veikal\u0101 R\u012bg\u0101","description":"Ecosolventa tintes Chimigraf ecoPure v2 \u2014 ir ekolo\u0123iska \u0161\u0137\u012bdin\u0101t\u0101ja b\u0101zes tintes.Tintes ecoPure v2 nodro\u0161ina izcilu drukas kvalit\u0101ti.","robots":{"index":"index","follow":"follow","max-snippet":"max-snippet:-1","max-image-preview":"max-image-preview:large","max-video-preview":"max-video-preview:-1"},"canonical":"https:\/\/wmtbaltic.lv\/Produkts\/ekosolventa-tintes-printeriem-chimigraf-ecopure\/","og_locale":"en_US","og_type":"article","og_title":"Ekosolventa tintes printeriem Chimigraf EcoPure nopirkt veikal\u0101 R\u012bg\u0101","og_description":"Ecosolventa tintes Chimigraf ecoPure v2 \u2014 ir ekolo\u0123iska \u0161\u0137\u012bdin\u0101t\u0101ja b\u0101zes tintes.Tintes ecoPure v2 nodro\u0161ina izcilu drukas kvalit\u0101ti.","og_url":"https:\/\/wmtbaltic.lv\/Produkts\/ekosolventa-tintes-printeriem-chimigraf-ecopure\/","og_site_name":"WMT Baltic","article_publisher":"https:\/\/www.facebook.com\/WMT.Baltic.viscom\/?locale=lv_LV","article_modified_time":"2023-02-06T08:44:27+00:00","og_image":[{"width":701,"height":536,"url":"http:\/\/wmtbaltic.lv\/wp-content\/uploads\/2021\/07\/pic-8.jpg","type":"image\/jpeg"}],"twitter_card":"summary_large_image","twitter_misc":{"Est. reading time":"1 minute"},"schema":{"@context":"https:\/\/schema.org","@graph":[{"@type":"WebPage","@id":"https:\/\/wmtbaltic.lv\/Produkts\/ekosolventa-tintes-printeriem-chimigraf-ecopure\/","url":"https:\/\/wmtbaltic.lv\/Produkts\/ekosolventa-tintes-printeriem-chimigraf-ecopure\/","name":"Ekosolventa tintes printeriem Chimigraf EcoPure nopirkt veikal\u0101 R\u012bg\u0101","isPartOf":{"@id":"https:\/\/wmtbaltic.lv\/#website"},"primaryImageOfPage":{"@id":"https:\/\/wmtbaltic.lv\/Produkts\/ekosolventa-tintes-printeriem-chimigraf-ecopure\/#primaryimage"},"image":{"@id":"https:\/\/wmtbaltic.lv\/Produkts\/ekosolventa-tintes-printeriem-chimigraf-ecopure\/#primaryimage"},"thumbnailUrl":"https:\/\/wmtbaltic.lv\/wp-content\/uploads\/2021\/07\/pic-8.jpg","datePublished":"2021-07-30T06:08:15+00:00","dateModified":"2023-02-06T08:44:27+00:00","description":"Ecosolventa tintes Chimigraf ecoPure v2 \u2014 ir ekolo\u0123iska \u0161\u0137\u012bdin\u0101t\u0101ja b\u0101zes tintes.Tintes ecoPure v2 nodro\u0161ina izcilu drukas kvalit\u0101ti.","breadcrumb":{"@id":"https:\/\/wmtbaltic.lv\/Produkts\/ekosolventa-tintes-printeriem-chimigraf-ecopure\/#breadcrumb"},"inLanguage":"en-US","potentialAction":[{"@type":"ReadAction","target":["https:\/\/wmtbaltic.lv\/Produkts\/ekosolventa-tintes-printeriem-chimigraf-ecopure\/"]}]},{"@type":"ImageObject","inLanguage":"en-US","@id":"https:\/\/wmtbaltic.lv\/Produkts\/ekosolventa-tintes-printeriem-chimigraf-ecopure\/#primaryimage","url":"https:\/\/wmtbaltic.lv\/wp-content\/uploads\/2021\/07\/pic-8.jpg","contentUrl":"https:\/\/wmtbaltic.lv\/wp-content\/uploads\/2021\/07\/pic-8.jpg","width":701,"height":536},{"@type":"BreadcrumbList","@id":"https:\/\/wmtbaltic.lv\/Produkts\/ekosolventa-tintes-printeriem-chimigraf-ecopure\/#breadcrumb","itemListElement":[{"@type":"ListItem","position":1,"name":"Home","item":"https:\/\/wmtbaltic.lv\/en\/"},{"@type":"ListItem","position":2,"name":"Products","item":"https:\/\/wmtbaltic.lv\/en\/shop\/"},{"@type":"ListItem","position":3,"name":"Ekosolventa tintes printeriem Chimigraf EcoPure"}]},{"@type":"WebSite","@id":"https:\/\/wmtbaltic.lv\/#website","url":"https:\/\/wmtbaltic.lv\/","name":"WMT Baltic","description":"Rekl\u0101mas produkti, pl\u0113ves","publisher":{"@id":"https:\/\/wmtbaltic.lv\/#organization"},"potentialAction":[{"@type":"SearchAction","target":{"@type":"EntryPoint","urlTemplate":"https:\/\/wmtbaltic.lv\/?s={search_term_string}"},"query-input":{"@type":"PropertyValueSpecification","valueRequired":true,"valueName":"search_term_string"}}],"inLanguage":"en-US"},{"@type":"Organization","@id":"https:\/\/wmtbaltic.lv\/#organization","name":"WMT Baltic","url":"https:\/\/wmtbaltic.lv\/","logo":{"@type":"ImageObject","inLanguage":"en-US","@id":"https:\/\/wmtbaltic.lv\/#\/schema\/logo\/image\/","url":"https:\/\/wmtbaltic.lv\/wp-content\/uploads\/2024\/12\/wmt-baltic-sia_107142_9_420x180.jpg","contentUrl":"https:\/\/wmtbaltic.lv\/wp-content\/uploads\/2024\/12\/wmt-baltic-sia_107142_9_420x180.jpg","width":420,"height":180,"caption":"WMT Baltic"},"image":{"@id":"https:\/\/wmtbaltic.lv\/#\/schema\/logo\/image\/"},"sameAs":["https:\/\/www.facebook.com\/WMT.Baltic.viscom\/?locale=lv_LV","https:\/\/www.instagram.com\/viscom_wmt\/"]}]}},"_links":{"self":[{"href":"https:\/\/wmtbaltic.lv\/en\/wp-json\/wp\/v2\/product\/8563","targetHints":{"allow":["GET"]}}],"collection":[{"href":"https:\/\/wmtbaltic.lv\/en\/wp-json\/wp\/v2\/product"}],"about":[{"href":"https:\/\/wmtbaltic.lv\/en\/wp-json\/wp\/v2\/types\/product"}],"replies":[{"embeddable":true,"href":"https:\/\/wmtbaltic.lv\/en\/wp-json\/wp\/v2\/comments?post=8563"}],"wp:featuredmedia":[{"embeddable":true,"href":"https:\/\/wmtbaltic.lv\/en\/wp-json\/wp\/v2\/media\/8566"}],"wp:attachment":[{"href":"https:\/\/wmtbaltic.lv\/en\/wp-json\/wp\/v2\/media?parent=8563"}],"wp:term":[{"taxonomy":"product_brand","embeddable":true,"href":"https:\/\/wmtbaltic.lv\/en\/wp-json\/wp\/v2\/product_brand?post=8563"},{"taxonomy":"product_cat","embeddable":true,"href":"https:\/\/wmtbaltic.lv\/en\/wp-json\/wp\/v2\/product_cat?post=8563"},{"taxonomy":"product_tag","embeddable":true,"href":"https:\/\/wmtbaltic.lv\/en\/wp-json\/wp\/v2\/product_tag?post=8563"}],"curies":[{"name":"wp","href":"https:\/\/api.w.org\/{rel}","templated":true}]}}