{"id":8552,"date":"2021-07-30T05:52:05","date_gmt":"2021-07-30T05:52:05","guid":{"rendered":"https:\/\/wmtbaltic.lv\/?post_type=product&#038;p=8552"},"modified":"2021-11-24T09:55:57","modified_gmt":"2021-11-24T09:55:57","slug":"tinsu-padeves-sistema","status":"publish","type":"product","link":"https:\/\/wmtbaltic.lv\/en\/product\/tinsu-padeves-sistema\/","title":{"rendered":"Tin\u0161u padeves sist\u0113ma"},"content":{"rendered":"<p>Sist\u0113mas paredz\u0113ta lieto\u0161anai ar Roland \/ Mimaki \/ Mutoh lielform\u0101ta printeriem.<\/p>\n<p>S\u012bk\u0101ka inform\u0101cija: Darba dien\u0101s no plkst. 9:00\u00a0l\u012bdz 18:00<\/p>\n<p><span style=\"font-size: small;\"><span style=\"color: #666666;\">WMT Baltic SIA<br \/>\nA.Deglava 166b<br \/>\nR\u012bga, LV-1021<br \/>\nT\u0101lr: +371\u00a0<strong>67800830 , <\/strong><\/span><\/span><span style=\"color: #666666; font-size: small;\">e-mail: info@<\/span><a href=\"mailto:info@signmaker.lv\"><span style=\"color: #666666; font-size: small;\">signmaker.lv<\/span><\/a><\/p>\n","protected":false},"excerpt":{"rendered":"Sist\u0113mas paredz\u0113ta lieto\u0161anai ar Roland \/ Mimaki \/ Mutoh lielform\u0101ta printeriem. S\u012bk\u0101ka inform\u0101cija: Darba dien\u0101s no plkst. 9:00\u00a0l\u012bdz 18:00 WMT Baltic SIA A.Deglava 166b R\u012bga, LV-1021 T\u0101lr: +371\u00a067800830 , e-mail: info@signmaker.lv","protected":false},"featured_media":8555,"comment_status":"closed","ping_status":"closed","template":"","meta":[],"product_brand":[],"product_cat":[768,30,767],"product_tag":[774,773,833,834,500,497,771],"class_list":{"0":"post-8552","1":"product","2":"type-product","3":"status-publish","4":"has-post-thumbnail","6":"product_cat-ekosolvnta-eko-uv-tintes","7":"product_cat-rezerves-dalas-un-tintes","8":"product_cat-tintes-printeriem","9":"product_tag-eko-uv-tintes","10":"product_tag-ekosolventa","11":"product_tag-mimaki","12":"product_tag-mutoh","13":"product_tag-printeris","14":"product_tag-roland","15":"product_tag-tintes","17":"first","18":"instock","19":"shipping-taxable","20":"purchasable","21":"product-type-variable"},"yoast_head":"<!-- This site is optimized with the Yoast SEO plugin v27.4 - https:\/\/yoast.com\/product\/yoast-seo-wordpress\/ -->\n<title>Tin\u0161u padeves sist\u0113ma, nopirkt veikal\u0101 R\u012bg\u0101<\/title>\n<meta name=\"description\" content=\",Rezerves da\u013cas un tintes. Sist\u0113mas paredz\u0113ta lieto\u0161anai ar Roland \/ Mimaki \/ Mutoh lielform\u0101ta printeriem. wmtbaltic veikals\" \/>\n<meta name=\"robots\" content=\"index, follow, max-snippet:-1, max-image-preview:large, max-video-preview:-1\" \/>\n<link rel=\"canonical\" href=\"https:\/\/wmtbaltic.lv\/Produkts\/tinsu-padeves-sistema\/\" \/>\n<meta property=\"og:locale\" content=\"en_US\" \/>\n<meta property=\"og:type\" content=\"article\" \/>\n<meta property=\"og:title\" content=\"Tin\u0161u padeves sist\u0113ma, nopirkt veikal\u0101 R\u012bg\u0101\" \/>\n<meta property=\"og:description\" content=\",Rezerves da\u013cas un tintes. Sist\u0113mas paredz\u0113ta lieto\u0161anai ar Roland \/ Mimaki \/ Mutoh lielform\u0101ta printeriem. wmtbaltic veikals\" \/>\n<meta property=\"og:url\" content=\"https:\/\/wmtbaltic.lv\/Produkts\/tinsu-padeves-sistema\/\" \/>\n<meta property=\"og:site_name\" content=\"WMT Baltic\" \/>\n<meta property=\"article:publisher\" content=\"https:\/\/www.facebook.com\/WMT.Baltic.viscom\/?locale=lv_LV\" \/>\n<meta property=\"article:modified_time\" content=\"2021-11-24T09:55:57+00:00\" \/>\n<meta property=\"og:image\" content=\"https:\/\/wmtbaltic.lv\/wp-content\/uploads\/2021\/07\/pic-1-7.jpg\" \/>\n\t<meta property=\"og:image:width\" content=\"696\" \/>\n\t<meta property=\"og:image:height\" content=\"580\" \/>\n\t<meta property=\"og:image:type\" content=\"image\/jpeg\" \/>\n<meta name=\"twitter:card\" content=\"summary_large_image\" \/>\n<meta name=\"twitter:label1\" content=\"Est. reading time\" \/>\n\t<meta name=\"twitter:data1\" content=\"1 minute\" \/>\n<script type=\"application\/ld+json\" class=\"yoast-schema-graph\">{\"@context\":\"https:\\\/\\\/schema.org\",\"@graph\":[{\"@type\":\"WebPage\",\"@id\":\"https:\\\/\\\/wmtbaltic.lv\\\/Produkts\\\/tinsu-padeves-sistema\\\/\",\"url\":\"https:\\\/\\\/wmtbaltic.lv\\\/Produkts\\\/tinsu-padeves-sistema\\\/\",\"name\":\"Tin\u0161u padeves sist\u0113ma, nopirkt veikal\u0101 R\u012bg\u0101\",\"isPartOf\":{\"@id\":\"https:\\\/\\\/wmtbaltic.lv\\\/#website\"},\"primaryImageOfPage\":{\"@id\":\"https:\\\/\\\/wmtbaltic.lv\\\/Produkts\\\/tinsu-padeves-sistema\\\/#primaryimage\"},\"image\":{\"@id\":\"https:\\\/\\\/wmtbaltic.lv\\\/Produkts\\\/tinsu-padeves-sistema\\\/#primaryimage\"},\"thumbnailUrl\":\"https:\\\/\\\/wmtbaltic.lv\\\/wp-content\\\/uploads\\\/2021\\\/07\\\/pic-1-7.jpg\",\"datePublished\":\"2021-07-30T05:52:05+00:00\",\"dateModified\":\"2021-11-24T09:55:57+00:00\",\"description\":\",Rezerves da\u013cas un tintes. Sist\u0113mas paredz\u0113ta lieto\u0161anai ar Roland \\\/ Mimaki \\\/ Mutoh lielform\u0101ta printeriem. wmtbaltic veikals\",\"breadcrumb\":{\"@id\":\"https:\\\/\\\/wmtbaltic.lv\\\/Produkts\\\/tinsu-padeves-sistema\\\/#breadcrumb\"},\"inLanguage\":\"en-US\",\"potentialAction\":[{\"@type\":\"ReadAction\",\"target\":[\"https:\\\/\\\/wmtbaltic.lv\\\/Produkts\\\/tinsu-padeves-sistema\\\/\"]}]},{\"@type\":\"ImageObject\",\"inLanguage\":\"en-US\",\"@id\":\"https:\\\/\\\/wmtbaltic.lv\\\/Produkts\\\/tinsu-padeves-sistema\\\/#primaryimage\",\"url\":\"https:\\\/\\\/wmtbaltic.lv\\\/wp-content\\\/uploads\\\/2021\\\/07\\\/pic-1-7.jpg\",\"contentUrl\":\"https:\\\/\\\/wmtbaltic.lv\\\/wp-content\\\/uploads\\\/2021\\\/07\\\/pic-1-7.jpg\",\"width\":696,\"height\":580},{\"@type\":\"BreadcrumbList\",\"@id\":\"https:\\\/\\\/wmtbaltic.lv\\\/Produkts\\\/tinsu-padeves-sistema\\\/#breadcrumb\",\"itemListElement\":[{\"@type\":\"ListItem\",\"position\":1,\"name\":\"Home\",\"item\":\"https:\\\/\\\/wmtbaltic.lv\\\/en\\\/\"},{\"@type\":\"ListItem\",\"position\":2,\"name\":\"Products\",\"item\":\"https:\\\/\\\/wmtbaltic.lv\\\/en\\\/shop\\\/\"},{\"@type\":\"ListItem\",\"position\":3,\"name\":\"Tin\u0161u padeves sist\u0113ma\"}]},{\"@type\":\"WebSite\",\"@id\":\"https:\\\/\\\/wmtbaltic.lv\\\/#website\",\"url\":\"https:\\\/\\\/wmtbaltic.lv\\\/\",\"name\":\"WMT Baltic\",\"description\":\"Rekl\u0101mas produkti, pl\u0113ves\",\"publisher\":{\"@id\":\"https:\\\/\\\/wmtbaltic.lv\\\/#organization\"},\"potentialAction\":[{\"@type\":\"SearchAction\",\"target\":{\"@type\":\"EntryPoint\",\"urlTemplate\":\"https:\\\/\\\/wmtbaltic.lv\\\/?s={search_term_string}\"},\"query-input\":{\"@type\":\"PropertyValueSpecification\",\"valueRequired\":true,\"valueName\":\"search_term_string\"}}],\"inLanguage\":\"en-US\"},{\"@type\":\"Organization\",\"@id\":\"https:\\\/\\\/wmtbaltic.lv\\\/#organization\",\"name\":\"WMT Baltic\",\"url\":\"https:\\\/\\\/wmtbaltic.lv\\\/\",\"logo\":{\"@type\":\"ImageObject\",\"inLanguage\":\"en-US\",\"@id\":\"https:\\\/\\\/wmtbaltic.lv\\\/#\\\/schema\\\/logo\\\/image\\\/\",\"url\":\"https:\\\/\\\/wmtbaltic.lv\\\/wp-content\\\/uploads\\\/2024\\\/12\\\/wmt-baltic-sia_107142_9_420x180.jpg\",\"contentUrl\":\"https:\\\/\\\/wmtbaltic.lv\\\/wp-content\\\/uploads\\\/2024\\\/12\\\/wmt-baltic-sia_107142_9_420x180.jpg\",\"width\":420,\"height\":180,\"caption\":\"WMT Baltic\"},\"image\":{\"@id\":\"https:\\\/\\\/wmtbaltic.lv\\\/#\\\/schema\\\/logo\\\/image\\\/\"},\"sameAs\":[\"https:\\\/\\\/www.facebook.com\\\/WMT.Baltic.viscom\\\/?locale=lv_LV\",\"https:\\\/\\\/www.instagram.com\\\/viscom_wmt\\\/\"]}]}<\/script>\n<!-- \/ Yoast SEO plugin. -->","yoast_head_json":{"title":"Tin\u0161u padeves sist\u0113ma, nopirkt veikal\u0101 R\u012bg\u0101","description":",Rezerves da\u013cas un tintes. Sist\u0113mas paredz\u0113ta lieto\u0161anai ar Roland \/ Mimaki \/ Mutoh lielform\u0101ta printeriem. wmtbaltic veikals","robots":{"index":"index","follow":"follow","max-snippet":"max-snippet:-1","max-image-preview":"max-image-preview:large","max-video-preview":"max-video-preview:-1"},"canonical":"https:\/\/wmtbaltic.lv\/Produkts\/tinsu-padeves-sistema\/","og_locale":"en_US","og_type":"article","og_title":"Tin\u0161u padeves sist\u0113ma, nopirkt veikal\u0101 R\u012bg\u0101","og_description":",Rezerves da\u013cas un tintes. Sist\u0113mas paredz\u0113ta lieto\u0161anai ar Roland \/ Mimaki \/ Mutoh lielform\u0101ta printeriem. wmtbaltic veikals","og_url":"https:\/\/wmtbaltic.lv\/Produkts\/tinsu-padeves-sistema\/","og_site_name":"WMT Baltic","article_publisher":"https:\/\/www.facebook.com\/WMT.Baltic.viscom\/?locale=lv_LV","article_modified_time":"2021-11-24T09:55:57+00:00","og_image":[{"width":696,"height":580,"url":"https:\/\/wmtbaltic.lv\/wp-content\/uploads\/2021\/07\/pic-1-7.jpg","type":"image\/jpeg"}],"twitter_card":"summary_large_image","twitter_misc":{"Est. reading time":"1 minute"},"schema":{"@context":"https:\/\/schema.org","@graph":[{"@type":"WebPage","@id":"https:\/\/wmtbaltic.lv\/Produkts\/tinsu-padeves-sistema\/","url":"https:\/\/wmtbaltic.lv\/Produkts\/tinsu-padeves-sistema\/","name":"Tin\u0161u padeves sist\u0113ma, nopirkt veikal\u0101 R\u012bg\u0101","isPartOf":{"@id":"https:\/\/wmtbaltic.lv\/#website"},"primaryImageOfPage":{"@id":"https:\/\/wmtbaltic.lv\/Produkts\/tinsu-padeves-sistema\/#primaryimage"},"image":{"@id":"https:\/\/wmtbaltic.lv\/Produkts\/tinsu-padeves-sistema\/#primaryimage"},"thumbnailUrl":"https:\/\/wmtbaltic.lv\/wp-content\/uploads\/2021\/07\/pic-1-7.jpg","datePublished":"2021-07-30T05:52:05+00:00","dateModified":"2021-11-24T09:55:57+00:00","description":",Rezerves da\u013cas un tintes. Sist\u0113mas paredz\u0113ta lieto\u0161anai ar Roland \/ Mimaki \/ Mutoh lielform\u0101ta printeriem. wmtbaltic veikals","breadcrumb":{"@id":"https:\/\/wmtbaltic.lv\/Produkts\/tinsu-padeves-sistema\/#breadcrumb"},"inLanguage":"en-US","potentialAction":[{"@type":"ReadAction","target":["https:\/\/wmtbaltic.lv\/Produkts\/tinsu-padeves-sistema\/"]}]},{"@type":"ImageObject","inLanguage":"en-US","@id":"https:\/\/wmtbaltic.lv\/Produkts\/tinsu-padeves-sistema\/#primaryimage","url":"https:\/\/wmtbaltic.lv\/wp-content\/uploads\/2021\/07\/pic-1-7.jpg","contentUrl":"https:\/\/wmtbaltic.lv\/wp-content\/uploads\/2021\/07\/pic-1-7.jpg","width":696,"height":580},{"@type":"BreadcrumbList","@id":"https:\/\/wmtbaltic.lv\/Produkts\/tinsu-padeves-sistema\/#breadcrumb","itemListElement":[{"@type":"ListItem","position":1,"name":"Home","item":"https:\/\/wmtbaltic.lv\/en\/"},{"@type":"ListItem","position":2,"name":"Products","item":"https:\/\/wmtbaltic.lv\/en\/shop\/"},{"@type":"ListItem","position":3,"name":"Tin\u0161u padeves sist\u0113ma"}]},{"@type":"WebSite","@id":"https:\/\/wmtbaltic.lv\/#website","url":"https:\/\/wmtbaltic.lv\/","name":"WMT Baltic","description":"Rekl\u0101mas produkti, pl\u0113ves","publisher":{"@id":"https:\/\/wmtbaltic.lv\/#organization"},"potentialAction":[{"@type":"SearchAction","target":{"@type":"EntryPoint","urlTemplate":"https:\/\/wmtbaltic.lv\/?s={search_term_string}"},"query-input":{"@type":"PropertyValueSpecification","valueRequired":true,"valueName":"search_term_string"}}],"inLanguage":"en-US"},{"@type":"Organization","@id":"https:\/\/wmtbaltic.lv\/#organization","name":"WMT Baltic","url":"https:\/\/wmtbaltic.lv\/","logo":{"@type":"ImageObject","inLanguage":"en-US","@id":"https:\/\/wmtbaltic.lv\/#\/schema\/logo\/image\/","url":"https:\/\/wmtbaltic.lv\/wp-content\/uploads\/2024\/12\/wmt-baltic-sia_107142_9_420x180.jpg","contentUrl":"https:\/\/wmtbaltic.lv\/wp-content\/uploads\/2024\/12\/wmt-baltic-sia_107142_9_420x180.jpg","width":420,"height":180,"caption":"WMT Baltic"},"image":{"@id":"https:\/\/wmtbaltic.lv\/#\/schema\/logo\/image\/"},"sameAs":["https:\/\/www.facebook.com\/WMT.Baltic.viscom\/?locale=lv_LV","https:\/\/www.instagram.com\/viscom_wmt\/"]}]}},"_links":{"self":[{"href":"https:\/\/wmtbaltic.lv\/en\/wp-json\/wp\/v2\/product\/8552","targetHints":{"allow":["GET"]}}],"collection":[{"href":"https:\/\/wmtbaltic.lv\/en\/wp-json\/wp\/v2\/product"}],"about":[{"href":"https:\/\/wmtbaltic.lv\/en\/wp-json\/wp\/v2\/types\/product"}],"replies":[{"embeddable":true,"href":"https:\/\/wmtbaltic.lv\/en\/wp-json\/wp\/v2\/comments?post=8552"}],"wp:featuredmedia":[{"embeddable":true,"href":"https:\/\/wmtbaltic.lv\/en\/wp-json\/wp\/v2\/media\/8555"}],"wp:attachment":[{"href":"https:\/\/wmtbaltic.lv\/en\/wp-json\/wp\/v2\/media?parent=8552"}],"wp:term":[{"taxonomy":"product_brand","embeddable":true,"href":"https:\/\/wmtbaltic.lv\/en\/wp-json\/wp\/v2\/product_brand?post=8552"},{"taxonomy":"product_cat","embeddable":true,"href":"https:\/\/wmtbaltic.lv\/en\/wp-json\/wp\/v2\/product_cat?post=8552"},{"taxonomy":"product_tag","embeddable":true,"href":"https:\/\/wmtbaltic.lv\/en\/wp-json\/wp\/v2\/product_tag?post=8552"}],"curies":[{"name":"wp","href":"https:\/\/api.w.org\/{rel}","templated":true}]}}