{"id":8516,"date":"2021-07-29T11:31:45","date_gmt":"2021-07-29T11:31:45","guid":{"rendered":"https:\/\/wmtbaltic.lv\/?post_type=product&#038;p=8516"},"modified":"2022-04-22T07:52:10","modified_gmt":"2022-04-22T07:52:10","slug":"light-led-clic-vienpusejs-a0","status":"publish","type":"product","link":"https:\/\/wmtbaltic.lv\/en\/product\/light-led-clic-vienpusejs-a0\/","title":{"rendered":"Light LED Clic, vienpus\u0113js, A0"},"content":{"rendered":"<p><b>R\u0101mis Light LED Clic, vienpus\u0113js, A0<\/b><\/p>\n<p>R\u0101mja biezums 23mm. Clic saspied\u0113jmeh\u0101nisms \u013cauj \u0101tri un \u0113rti nomain\u012bt att\u0113lu. Light LED gaismas kastes Jums \u013caus b\u016btiski uzlabot savu rekl\u0101mu diennakts tum\u0161aj\u0101 laik\u0101.<\/p>\n<p>Plak\u0101ta izm\u0113rs: A0 (841 x 1189mm)<\/p>\n<p><img loading=\"lazy\" decoding=\"async\" class=\"size-medium wp-image-8436 alignnone\" src=\"http:\/\/wmtbaltic.lv\/wp-content\/uploads\/2021\/07\/izmeri-300x116.jpg\" alt=\"\" width=\"300\" height=\"116\" srcset=\"https:\/\/wmtbaltic.lv\/wp-content\/uploads\/2021\/07\/izmeri-300x116.jpg 300w, https:\/\/wmtbaltic.lv\/wp-content\/uploads\/2021\/07\/izmeri.jpg 552w\" sizes=\"auto, (max-width: 300px) 100vw, 300px\" \/><\/p>\n<p>Clic profils sudraba kr\u0101s\u0101.<\/p>\n<p>Izgatavojam ar\u012b nestandarta risin\u0101jumus.<\/p>\n<p>Dro\u0161i zvaniet vai rakstiet:<\/p>\n<p>Talr.: + 371 67 800 829,\u00a0 +371 26 596 474<\/p>\n<p>e-pasts:\u00a0<a class=\"moz-txt-link-abbreviated\" href=\"mailto:support@wmt.lv\">support@wmt.lv<\/a><\/p>\n<p><strong><a href=\"http:\/\/wmtbaltic.lv\/wp-content\/uploads\/2021\/07\/ULTRATHIN_LIGHT_LED_FRAMES_WEB.pdf\">Pl\u0101nie LED gaismas r\u0101mji<\/a><\/strong><\/p>\n<p>&nbsp;<\/p>\n","protected":false},"excerpt":{"rendered":"R\u0101mis Light LED Clic, vienpus\u0113js, A0 R\u0101mja biezums 23mm. Clic saspied\u0113jmeh\u0101nisms \u013cauj \u0101tri un \u0113rti nomain\u012bt att\u0113lu. Light LED gaismas kastes Jums \u013caus b\u016btiski uzlabot savu rekl\u0101mu diennakts tum\u0161aj\u0101 laik\u0101. Plak\u0101ta izm\u0113rs: A0 (841 x 1189mm) Clic profils sudraba kr\u0101s\u0101. Izgatavojam ar\u012b nestandarta risin\u0101jumus. Dro\u0161i zvaniet vai rakstiet: Talr.: + 371 67 800 829,\u00a0 +371 [...]","protected":false},"featured_media":8500,"comment_status":"closed","ping_status":"closed","template":"","meta":[],"product_brand":[],"product_cat":[799],"product_tag":[573,825,814,815,299],"class_list":{"0":"post-8516","1":"product","2":"type-product","3":"status-publish","4":"has-post-thumbnail","6":"product_cat-light-led-clic","7":"product_tag-aluminija-profils","8":"product_tag-clic","9":"product_tag-gaismas-panelis","10":"product_tag-izgaismots-ramis","11":"product_tag-reklama","13":"first","14":"instock","15":"shipping-taxable","16":"purchasable","17":"product-type-simple"},"yoast_head":"<!-- This site is optimized with the Yoast SEO plugin v27.5 - https:\/\/yoast.com\/product\/yoast-seo-wordpress\/ -->\n<title>Light LED Clic, vienpus\u0113js, A0 - WMT Baltic veikal\u0101 R\u012bg\u0101<\/title>\n<meta name=\"robots\" content=\"index, follow, max-snippet:-1, max-image-preview:large, max-video-preview:-1\" \/>\n<link rel=\"canonical\" href=\"https:\/\/wmtbaltic.lv\/Produkts\/light-led-clic-vienpusejs-a0\/\" \/>\n<meta property=\"og:locale\" content=\"en_US\" \/>\n<meta property=\"og:type\" content=\"article\" \/>\n<meta property=\"og:title\" content=\"Light LED Clic, vienpus\u0113js, A0 - WMT Baltic veikal\u0101 R\u012bg\u0101\" \/>\n<meta property=\"og:url\" content=\"https:\/\/wmtbaltic.lv\/Produkts\/light-led-clic-vienpusejs-a0\/\" \/>\n<meta property=\"og:site_name\" content=\"WMT Baltic\" \/>\n<meta property=\"article:publisher\" content=\"https:\/\/www.facebook.com\/WMT.Baltic.viscom\/?locale=lv_LV\" \/>\n<meta property=\"article:modified_time\" content=\"2022-04-22T07:52:10+00:00\" \/>\n<meta property=\"og:image\" content=\"http:\/\/wmtbaltic.lv\/wp-content\/uploads\/2021\/07\/light_led_vienpusejs_1.jpg\" \/>\n\t<meta property=\"og:image:width\" content=\"878\" \/>\n\t<meta property=\"og:image:height\" content=\"1245\" \/>\n\t<meta property=\"og:image:type\" content=\"image\/jpeg\" \/>\n<meta name=\"twitter:card\" content=\"summary_large_image\" \/>\n<meta name=\"twitter:label1\" content=\"Est. reading time\" \/>\n\t<meta name=\"twitter:data1\" content=\"1 minute\" \/>\n<script type=\"application\/ld+json\" class=\"yoast-schema-graph\">{\"@context\":\"https:\\\/\\\/schema.org\",\"@graph\":[{\"@type\":\"WebPage\",\"@id\":\"https:\\\/\\\/wmtbaltic.lv\\\/Produkts\\\/light-led-clic-vienpusejs-a0\\\/\",\"url\":\"https:\\\/\\\/wmtbaltic.lv\\\/Produkts\\\/light-led-clic-vienpusejs-a0\\\/\",\"name\":\"Light LED Clic, vienpus\u0113js, A0 - WMT Baltic veikal\u0101 R\u012bg\u0101\",\"isPartOf\":{\"@id\":\"https:\\\/\\\/wmtbaltic.lv\\\/#website\"},\"primaryImageOfPage\":{\"@id\":\"https:\\\/\\\/wmtbaltic.lv\\\/Produkts\\\/light-led-clic-vienpusejs-a0\\\/#primaryimage\"},\"image\":{\"@id\":\"https:\\\/\\\/wmtbaltic.lv\\\/Produkts\\\/light-led-clic-vienpusejs-a0\\\/#primaryimage\"},\"thumbnailUrl\":\"https:\\\/\\\/wmtbaltic.lv\\\/wp-content\\\/uploads\\\/2021\\\/07\\\/light_led_vienpusejs_1.jpg\",\"datePublished\":\"2021-07-29T11:31:45+00:00\",\"dateModified\":\"2022-04-22T07:52:10+00:00\",\"breadcrumb\":{\"@id\":\"https:\\\/\\\/wmtbaltic.lv\\\/Produkts\\\/light-led-clic-vienpusejs-a0\\\/#breadcrumb\"},\"inLanguage\":\"en-US\",\"potentialAction\":[{\"@type\":\"ReadAction\",\"target\":[\"https:\\\/\\\/wmtbaltic.lv\\\/Produkts\\\/light-led-clic-vienpusejs-a0\\\/\"]}]},{\"@type\":\"ImageObject\",\"inLanguage\":\"en-US\",\"@id\":\"https:\\\/\\\/wmtbaltic.lv\\\/Produkts\\\/light-led-clic-vienpusejs-a0\\\/#primaryimage\",\"url\":\"https:\\\/\\\/wmtbaltic.lv\\\/wp-content\\\/uploads\\\/2021\\\/07\\\/light_led_vienpusejs_1.jpg\",\"contentUrl\":\"https:\\\/\\\/wmtbaltic.lv\\\/wp-content\\\/uploads\\\/2021\\\/07\\\/light_led_vienpusejs_1.jpg\",\"width\":878,\"height\":1245},{\"@type\":\"BreadcrumbList\",\"@id\":\"https:\\\/\\\/wmtbaltic.lv\\\/Produkts\\\/light-led-clic-vienpusejs-a0\\\/#breadcrumb\",\"itemListElement\":[{\"@type\":\"ListItem\",\"position\":1,\"name\":\"Home\",\"item\":\"https:\\\/\\\/wmtbaltic.lv\\\/en\\\/\"},{\"@type\":\"ListItem\",\"position\":2,\"name\":\"Products\",\"item\":\"https:\\\/\\\/wmtbaltic.lv\\\/en\\\/shop\\\/\"},{\"@type\":\"ListItem\",\"position\":3,\"name\":\"Light LED Clic, vienpus\u0113js, A0\"}]},{\"@type\":\"WebSite\",\"@id\":\"https:\\\/\\\/wmtbaltic.lv\\\/#website\",\"url\":\"https:\\\/\\\/wmtbaltic.lv\\\/\",\"name\":\"WMT Baltic\",\"description\":\"Rekl\u0101mas produkti, pl\u0113ves\",\"publisher\":{\"@id\":\"https:\\\/\\\/wmtbaltic.lv\\\/#organization\"},\"potentialAction\":[{\"@type\":\"SearchAction\",\"target\":{\"@type\":\"EntryPoint\",\"urlTemplate\":\"https:\\\/\\\/wmtbaltic.lv\\\/?s={search_term_string}\"},\"query-input\":{\"@type\":\"PropertyValueSpecification\",\"valueRequired\":true,\"valueName\":\"search_term_string\"}}],\"inLanguage\":\"en-US\"},{\"@type\":\"Organization\",\"@id\":\"https:\\\/\\\/wmtbaltic.lv\\\/#organization\",\"name\":\"WMT Baltic\",\"url\":\"https:\\\/\\\/wmtbaltic.lv\\\/\",\"logo\":{\"@type\":\"ImageObject\",\"inLanguage\":\"en-US\",\"@id\":\"https:\\\/\\\/wmtbaltic.lv\\\/#\\\/schema\\\/logo\\\/image\\\/\",\"url\":\"https:\\\/\\\/wmtbaltic.lv\\\/wp-content\\\/uploads\\\/2024\\\/12\\\/wmt-baltic-sia_107142_9_420x180.jpg\",\"contentUrl\":\"https:\\\/\\\/wmtbaltic.lv\\\/wp-content\\\/uploads\\\/2024\\\/12\\\/wmt-baltic-sia_107142_9_420x180.jpg\",\"width\":420,\"height\":180,\"caption\":\"WMT Baltic\"},\"image\":{\"@id\":\"https:\\\/\\\/wmtbaltic.lv\\\/#\\\/schema\\\/logo\\\/image\\\/\"},\"sameAs\":[\"https:\\\/\\\/www.facebook.com\\\/WMT.Baltic.viscom\\\/?locale=lv_LV\",\"https:\\\/\\\/www.instagram.com\\\/viscom_wmt\\\/\"]}]}<\/script>\n<!-- \/ Yoast SEO plugin. -->","yoast_head_json":{"title":"Light LED Clic, vienpus\u0113js, A0 - WMT Baltic veikal\u0101 R\u012bg\u0101","robots":{"index":"index","follow":"follow","max-snippet":"max-snippet:-1","max-image-preview":"max-image-preview:large","max-video-preview":"max-video-preview:-1"},"canonical":"https:\/\/wmtbaltic.lv\/Produkts\/light-led-clic-vienpusejs-a0\/","og_locale":"en_US","og_type":"article","og_title":"Light LED Clic, vienpus\u0113js, A0 - WMT Baltic veikal\u0101 R\u012bg\u0101","og_url":"https:\/\/wmtbaltic.lv\/Produkts\/light-led-clic-vienpusejs-a0\/","og_site_name":"WMT Baltic","article_publisher":"https:\/\/www.facebook.com\/WMT.Baltic.viscom\/?locale=lv_LV","article_modified_time":"2022-04-22T07:52:10+00:00","og_image":[{"width":878,"height":1245,"url":"http:\/\/wmtbaltic.lv\/wp-content\/uploads\/2021\/07\/light_led_vienpusejs_1.jpg","type":"image\/jpeg"}],"twitter_card":"summary_large_image","twitter_misc":{"Est. reading time":"1 minute"},"schema":{"@context":"https:\/\/schema.org","@graph":[{"@type":"WebPage","@id":"https:\/\/wmtbaltic.lv\/Produkts\/light-led-clic-vienpusejs-a0\/","url":"https:\/\/wmtbaltic.lv\/Produkts\/light-led-clic-vienpusejs-a0\/","name":"Light LED Clic, vienpus\u0113js, A0 - WMT Baltic veikal\u0101 R\u012bg\u0101","isPartOf":{"@id":"https:\/\/wmtbaltic.lv\/#website"},"primaryImageOfPage":{"@id":"https:\/\/wmtbaltic.lv\/Produkts\/light-led-clic-vienpusejs-a0\/#primaryimage"},"image":{"@id":"https:\/\/wmtbaltic.lv\/Produkts\/light-led-clic-vienpusejs-a0\/#primaryimage"},"thumbnailUrl":"https:\/\/wmtbaltic.lv\/wp-content\/uploads\/2021\/07\/light_led_vienpusejs_1.jpg","datePublished":"2021-07-29T11:31:45+00:00","dateModified":"2022-04-22T07:52:10+00:00","breadcrumb":{"@id":"https:\/\/wmtbaltic.lv\/Produkts\/light-led-clic-vienpusejs-a0\/#breadcrumb"},"inLanguage":"en-US","potentialAction":[{"@type":"ReadAction","target":["https:\/\/wmtbaltic.lv\/Produkts\/light-led-clic-vienpusejs-a0\/"]}]},{"@type":"ImageObject","inLanguage":"en-US","@id":"https:\/\/wmtbaltic.lv\/Produkts\/light-led-clic-vienpusejs-a0\/#primaryimage","url":"https:\/\/wmtbaltic.lv\/wp-content\/uploads\/2021\/07\/light_led_vienpusejs_1.jpg","contentUrl":"https:\/\/wmtbaltic.lv\/wp-content\/uploads\/2021\/07\/light_led_vienpusejs_1.jpg","width":878,"height":1245},{"@type":"BreadcrumbList","@id":"https:\/\/wmtbaltic.lv\/Produkts\/light-led-clic-vienpusejs-a0\/#breadcrumb","itemListElement":[{"@type":"ListItem","position":1,"name":"Home","item":"https:\/\/wmtbaltic.lv\/en\/"},{"@type":"ListItem","position":2,"name":"Products","item":"https:\/\/wmtbaltic.lv\/en\/shop\/"},{"@type":"ListItem","position":3,"name":"Light LED Clic, vienpus\u0113js, A0"}]},{"@type":"WebSite","@id":"https:\/\/wmtbaltic.lv\/#website","url":"https:\/\/wmtbaltic.lv\/","name":"WMT Baltic","description":"Rekl\u0101mas produkti, pl\u0113ves","publisher":{"@id":"https:\/\/wmtbaltic.lv\/#organization"},"potentialAction":[{"@type":"SearchAction","target":{"@type":"EntryPoint","urlTemplate":"https:\/\/wmtbaltic.lv\/?s={search_term_string}"},"query-input":{"@type":"PropertyValueSpecification","valueRequired":true,"valueName":"search_term_string"}}],"inLanguage":"en-US"},{"@type":"Organization","@id":"https:\/\/wmtbaltic.lv\/#organization","name":"WMT Baltic","url":"https:\/\/wmtbaltic.lv\/","logo":{"@type":"ImageObject","inLanguage":"en-US","@id":"https:\/\/wmtbaltic.lv\/#\/schema\/logo\/image\/","url":"https:\/\/wmtbaltic.lv\/wp-content\/uploads\/2024\/12\/wmt-baltic-sia_107142_9_420x180.jpg","contentUrl":"https:\/\/wmtbaltic.lv\/wp-content\/uploads\/2024\/12\/wmt-baltic-sia_107142_9_420x180.jpg","width":420,"height":180,"caption":"WMT Baltic"},"image":{"@id":"https:\/\/wmtbaltic.lv\/#\/schema\/logo\/image\/"},"sameAs":["https:\/\/www.facebook.com\/WMT.Baltic.viscom\/?locale=lv_LV","https:\/\/www.instagram.com\/viscom_wmt\/"]}]}},"_links":{"self":[{"href":"https:\/\/wmtbaltic.lv\/en\/wp-json\/wp\/v2\/product\/8516","targetHints":{"allow":["GET"]}}],"collection":[{"href":"https:\/\/wmtbaltic.lv\/en\/wp-json\/wp\/v2\/product"}],"about":[{"href":"https:\/\/wmtbaltic.lv\/en\/wp-json\/wp\/v2\/types\/product"}],"replies":[{"embeddable":true,"href":"https:\/\/wmtbaltic.lv\/en\/wp-json\/wp\/v2\/comments?post=8516"}],"wp:featuredmedia":[{"embeddable":true,"href":"https:\/\/wmtbaltic.lv\/en\/wp-json\/wp\/v2\/media\/8500"}],"wp:attachment":[{"href":"https:\/\/wmtbaltic.lv\/en\/wp-json\/wp\/v2\/media?parent=8516"}],"wp:term":[{"taxonomy":"product_brand","embeddable":true,"href":"https:\/\/wmtbaltic.lv\/en\/wp-json\/wp\/v2\/product_brand?post=8516"},{"taxonomy":"product_cat","embeddable":true,"href":"https:\/\/wmtbaltic.lv\/en\/wp-json\/wp\/v2\/product_cat?post=8516"},{"taxonomy":"product_tag","embeddable":true,"href":"https:\/\/wmtbaltic.lv\/en\/wp-json\/wp\/v2\/product_tag?post=8516"}],"curies":[{"name":"wp","href":"https:\/\/api.w.org\/{rel}","templated":true}]}}