{"id":8393,"date":"2021-07-28T12:40:29","date_gmt":"2021-07-28T12:40:29","guid":{"rendered":"https:\/\/wmtbaltic.lv\/?post_type=product&#038;p=8393"},"modified":"2021-07-28T12:40:30","modified_gmt":"2021-07-28T12:40:30","slug":"elastigs-rulla-turetajs-50x590","status":"publish","type":"product","link":"https:\/\/wmtbaltic.lv\/en\/product\/elastigs-rulla-turetajs-50x590\/","title":{"rendered":"Elast\u012bgs ru\u013c\u013ca tur\u0113tajs 50&#215;590"},"content":{"rendered":"<p>Elast\u012bgs ru\u013c\u013ca tur\u0113tajs 50&#215;590<\/p>\n","protected":false},"excerpt":{"rendered":"Elast\u012bgs ru\u013c\u013ca tur\u0113tajs 50x590","protected":false},"featured_media":8394,"comment_status":"closed","ping_status":"closed","template":"","meta":[],"product_brand":[],"product_cat":[308,61,310],"product_tag":[378,803,802,687],"class_list":{"0":"post-8393","1":"product","2":"type-product","3":"status-publish","4":"has-post-thumbnail","6":"product_cat-darbavietas-organizacija","7":"product_cat-instrumenti-aksesuari","8":"product_cat-rullu-turetaji","9":"product_tag-aksesuari","10":"product_tag-elastigs","11":"product_tag-rillu","12":"product_tag-turetajs","14":"first","15":"instock","16":"shipping-taxable","17":"purchasable","18":"product-type-simple"},"yoast_head":"<!-- This site is optimized with the Yoast SEO plugin v27.5 - https:\/\/yoast.com\/product\/yoast-seo-wordpress\/ -->\n<title>Elast\u012bgs ru\u013c\u013ca tur\u0113tajs 50x590 - WMT Baltic<\/title>\n<meta name=\"description\" content=\"INSTRUMENTI, AKSESU\u0100RI, Darbavietas organiz\u0101cija, Ru\u013c\u013cu tur\u0113taji - Wmt baltic veikals R\u012bga , Latvija. Tools Uzlex\" \/>\n<meta name=\"robots\" content=\"index, follow, max-snippet:-1, max-image-preview:large, max-video-preview:-1\" \/>\n<link rel=\"canonical\" href=\"https:\/\/wmtbaltic.lv\/Produkts\/elastigs-rulla-turetajs-50x590\/\" \/>\n<meta property=\"og:locale\" content=\"en_US\" \/>\n<meta property=\"og:type\" content=\"article\" \/>\n<meta property=\"og:title\" content=\"Elast\u012bgs ru\u013c\u013ca tur\u0113tajs 50x590 - WMT Baltic\" \/>\n<meta property=\"og:description\" content=\"INSTRUMENTI, AKSESU\u0100RI, Darbavietas organiz\u0101cija, Ru\u013c\u013cu tur\u0113taji - Wmt baltic veikals R\u012bga , Latvija. Tools Uzlex\" \/>\n<meta property=\"og:url\" content=\"https:\/\/wmtbaltic.lv\/Produkts\/elastigs-rulla-turetajs-50x590\/\" \/>\n<meta property=\"og:site_name\" content=\"WMT Baltic\" \/>\n<meta property=\"article:publisher\" content=\"https:\/\/www.facebook.com\/WMT.Baltic.viscom\/?locale=lv_LV\" \/>\n<meta property=\"article:modified_time\" content=\"2021-07-28T12:40:30+00:00\" \/>\n<meta property=\"og:image\" content=\"https:\/\/wmtbaltic.lv\/wp-content\/uploads\/2021\/07\/tools.uzlex_.eu_catalogue_IMG_7212_19-01-17_HD.jpg\" \/>\n\t<meta property=\"og:image:width\" content=\"1854\" \/>\n\t<meta property=\"og:image:height\" content=\"932\" \/>\n\t<meta property=\"og:image:type\" content=\"image\/jpeg\" \/>\n<meta name=\"twitter:card\" content=\"summary_large_image\" \/>\n<script type=\"application\/ld+json\" class=\"yoast-schema-graph\">{\"@context\":\"https:\\\/\\\/schema.org\",\"@graph\":[{\"@type\":\"WebPage\",\"@id\":\"https:\\\/\\\/wmtbaltic.lv\\\/Produkts\\\/elastigs-rulla-turetajs-50x590\\\/\",\"url\":\"https:\\\/\\\/wmtbaltic.lv\\\/Produkts\\\/elastigs-rulla-turetajs-50x590\\\/\",\"name\":\"Elast\u012bgs ru\u013c\u013ca tur\u0113tajs 50x590 - WMT Baltic\",\"isPartOf\":{\"@id\":\"https:\\\/\\\/wmtbaltic.lv\\\/#website\"},\"primaryImageOfPage\":{\"@id\":\"https:\\\/\\\/wmtbaltic.lv\\\/Produkts\\\/elastigs-rulla-turetajs-50x590\\\/#primaryimage\"},\"image\":{\"@id\":\"https:\\\/\\\/wmtbaltic.lv\\\/Produkts\\\/elastigs-rulla-turetajs-50x590\\\/#primaryimage\"},\"thumbnailUrl\":\"https:\\\/\\\/wmtbaltic.lv\\\/wp-content\\\/uploads\\\/2021\\\/07\\\/tools.uzlex_.eu_catalogue_IMG_7212_19-01-17_HD.jpg\",\"datePublished\":\"2021-07-28T12:40:29+00:00\",\"dateModified\":\"2021-07-28T12:40:30+00:00\",\"description\":\"INSTRUMENTI, AKSESU\u0100RI, Darbavietas organiz\u0101cija, Ru\u013c\u013cu tur\u0113taji - Wmt baltic veikals R\u012bga , Latvija. Tools Uzlex\",\"breadcrumb\":{\"@id\":\"https:\\\/\\\/wmtbaltic.lv\\\/Produkts\\\/elastigs-rulla-turetajs-50x590\\\/#breadcrumb\"},\"inLanguage\":\"en-US\",\"potentialAction\":[{\"@type\":\"ReadAction\",\"target\":[\"https:\\\/\\\/wmtbaltic.lv\\\/Produkts\\\/elastigs-rulla-turetajs-50x590\\\/\"]}]},{\"@type\":\"ImageObject\",\"inLanguage\":\"en-US\",\"@id\":\"https:\\\/\\\/wmtbaltic.lv\\\/Produkts\\\/elastigs-rulla-turetajs-50x590\\\/#primaryimage\",\"url\":\"https:\\\/\\\/wmtbaltic.lv\\\/wp-content\\\/uploads\\\/2021\\\/07\\\/tools.uzlex_.eu_catalogue_IMG_7212_19-01-17_HD.jpg\",\"contentUrl\":\"https:\\\/\\\/wmtbaltic.lv\\\/wp-content\\\/uploads\\\/2021\\\/07\\\/tools.uzlex_.eu_catalogue_IMG_7212_19-01-17_HD.jpg\",\"width\":1854,\"height\":932},{\"@type\":\"BreadcrumbList\",\"@id\":\"https:\\\/\\\/wmtbaltic.lv\\\/Produkts\\\/elastigs-rulla-turetajs-50x590\\\/#breadcrumb\",\"itemListElement\":[{\"@type\":\"ListItem\",\"position\":1,\"name\":\"Home\",\"item\":\"https:\\\/\\\/wmtbaltic.lv\\\/en\\\/\"},{\"@type\":\"ListItem\",\"position\":2,\"name\":\"Products\",\"item\":\"https:\\\/\\\/wmtbaltic.lv\\\/en\\\/shop\\\/\"},{\"@type\":\"ListItem\",\"position\":3,\"name\":\"Elast\u012bgs ru\u013c\u013ca tur\u0113tajs 50&#215;590\"}]},{\"@type\":\"WebSite\",\"@id\":\"https:\\\/\\\/wmtbaltic.lv\\\/#website\",\"url\":\"https:\\\/\\\/wmtbaltic.lv\\\/\",\"name\":\"WMT Baltic\",\"description\":\"Rekl\u0101mas produkti, pl\u0113ves\",\"publisher\":{\"@id\":\"https:\\\/\\\/wmtbaltic.lv\\\/#organization\"},\"potentialAction\":[{\"@type\":\"SearchAction\",\"target\":{\"@type\":\"EntryPoint\",\"urlTemplate\":\"https:\\\/\\\/wmtbaltic.lv\\\/?s={search_term_string}\"},\"query-input\":{\"@type\":\"PropertyValueSpecification\",\"valueRequired\":true,\"valueName\":\"search_term_string\"}}],\"inLanguage\":\"en-US\"},{\"@type\":\"Organization\",\"@id\":\"https:\\\/\\\/wmtbaltic.lv\\\/#organization\",\"name\":\"WMT Baltic\",\"url\":\"https:\\\/\\\/wmtbaltic.lv\\\/\",\"logo\":{\"@type\":\"ImageObject\",\"inLanguage\":\"en-US\",\"@id\":\"https:\\\/\\\/wmtbaltic.lv\\\/#\\\/schema\\\/logo\\\/image\\\/\",\"url\":\"https:\\\/\\\/wmtbaltic.lv\\\/wp-content\\\/uploads\\\/2024\\\/12\\\/wmt-baltic-sia_107142_9_420x180.jpg\",\"contentUrl\":\"https:\\\/\\\/wmtbaltic.lv\\\/wp-content\\\/uploads\\\/2024\\\/12\\\/wmt-baltic-sia_107142_9_420x180.jpg\",\"width\":420,\"height\":180,\"caption\":\"WMT Baltic\"},\"image\":{\"@id\":\"https:\\\/\\\/wmtbaltic.lv\\\/#\\\/schema\\\/logo\\\/image\\\/\"},\"sameAs\":[\"https:\\\/\\\/www.facebook.com\\\/WMT.Baltic.viscom\\\/?locale=lv_LV\",\"https:\\\/\\\/www.instagram.com\\\/viscom_wmt\\\/\"]}]}<\/script>\n<!-- \/ Yoast SEO plugin. -->","yoast_head_json":{"title":"Elast\u012bgs ru\u013c\u013ca tur\u0113tajs 50x590 - WMT Baltic","description":"INSTRUMENTI, AKSESU\u0100RI, Darbavietas organiz\u0101cija, Ru\u013c\u013cu tur\u0113taji - Wmt baltic veikals R\u012bga , Latvija. Tools Uzlex","robots":{"index":"index","follow":"follow","max-snippet":"max-snippet:-1","max-image-preview":"max-image-preview:large","max-video-preview":"max-video-preview:-1"},"canonical":"https:\/\/wmtbaltic.lv\/Produkts\/elastigs-rulla-turetajs-50x590\/","og_locale":"en_US","og_type":"article","og_title":"Elast\u012bgs ru\u013c\u013ca tur\u0113tajs 50x590 - WMT Baltic","og_description":"INSTRUMENTI, AKSESU\u0100RI, Darbavietas organiz\u0101cija, Ru\u013c\u013cu tur\u0113taji - Wmt baltic veikals R\u012bga , Latvija. Tools Uzlex","og_url":"https:\/\/wmtbaltic.lv\/Produkts\/elastigs-rulla-turetajs-50x590\/","og_site_name":"WMT Baltic","article_publisher":"https:\/\/www.facebook.com\/WMT.Baltic.viscom\/?locale=lv_LV","article_modified_time":"2021-07-28T12:40:30+00:00","og_image":[{"width":1854,"height":932,"url":"https:\/\/wmtbaltic.lv\/wp-content\/uploads\/2021\/07\/tools.uzlex_.eu_catalogue_IMG_7212_19-01-17_HD.jpg","type":"image\/jpeg"}],"twitter_card":"summary_large_image","schema":{"@context":"https:\/\/schema.org","@graph":[{"@type":"WebPage","@id":"https:\/\/wmtbaltic.lv\/Produkts\/elastigs-rulla-turetajs-50x590\/","url":"https:\/\/wmtbaltic.lv\/Produkts\/elastigs-rulla-turetajs-50x590\/","name":"Elast\u012bgs ru\u013c\u013ca tur\u0113tajs 50x590 - WMT Baltic","isPartOf":{"@id":"https:\/\/wmtbaltic.lv\/#website"},"primaryImageOfPage":{"@id":"https:\/\/wmtbaltic.lv\/Produkts\/elastigs-rulla-turetajs-50x590\/#primaryimage"},"image":{"@id":"https:\/\/wmtbaltic.lv\/Produkts\/elastigs-rulla-turetajs-50x590\/#primaryimage"},"thumbnailUrl":"https:\/\/wmtbaltic.lv\/wp-content\/uploads\/2021\/07\/tools.uzlex_.eu_catalogue_IMG_7212_19-01-17_HD.jpg","datePublished":"2021-07-28T12:40:29+00:00","dateModified":"2021-07-28T12:40:30+00:00","description":"INSTRUMENTI, AKSESU\u0100RI, Darbavietas organiz\u0101cija, Ru\u013c\u013cu tur\u0113taji - Wmt baltic veikals R\u012bga , Latvija. Tools Uzlex","breadcrumb":{"@id":"https:\/\/wmtbaltic.lv\/Produkts\/elastigs-rulla-turetajs-50x590\/#breadcrumb"},"inLanguage":"en-US","potentialAction":[{"@type":"ReadAction","target":["https:\/\/wmtbaltic.lv\/Produkts\/elastigs-rulla-turetajs-50x590\/"]}]},{"@type":"ImageObject","inLanguage":"en-US","@id":"https:\/\/wmtbaltic.lv\/Produkts\/elastigs-rulla-turetajs-50x590\/#primaryimage","url":"https:\/\/wmtbaltic.lv\/wp-content\/uploads\/2021\/07\/tools.uzlex_.eu_catalogue_IMG_7212_19-01-17_HD.jpg","contentUrl":"https:\/\/wmtbaltic.lv\/wp-content\/uploads\/2021\/07\/tools.uzlex_.eu_catalogue_IMG_7212_19-01-17_HD.jpg","width":1854,"height":932},{"@type":"BreadcrumbList","@id":"https:\/\/wmtbaltic.lv\/Produkts\/elastigs-rulla-turetajs-50x590\/#breadcrumb","itemListElement":[{"@type":"ListItem","position":1,"name":"Home","item":"https:\/\/wmtbaltic.lv\/en\/"},{"@type":"ListItem","position":2,"name":"Products","item":"https:\/\/wmtbaltic.lv\/en\/shop\/"},{"@type":"ListItem","position":3,"name":"Elast\u012bgs ru\u013c\u013ca tur\u0113tajs 50&#215;590"}]},{"@type":"WebSite","@id":"https:\/\/wmtbaltic.lv\/#website","url":"https:\/\/wmtbaltic.lv\/","name":"WMT Baltic","description":"Rekl\u0101mas produkti, pl\u0113ves","publisher":{"@id":"https:\/\/wmtbaltic.lv\/#organization"},"potentialAction":[{"@type":"SearchAction","target":{"@type":"EntryPoint","urlTemplate":"https:\/\/wmtbaltic.lv\/?s={search_term_string}"},"query-input":{"@type":"PropertyValueSpecification","valueRequired":true,"valueName":"search_term_string"}}],"inLanguage":"en-US"},{"@type":"Organization","@id":"https:\/\/wmtbaltic.lv\/#organization","name":"WMT Baltic","url":"https:\/\/wmtbaltic.lv\/","logo":{"@type":"ImageObject","inLanguage":"en-US","@id":"https:\/\/wmtbaltic.lv\/#\/schema\/logo\/image\/","url":"https:\/\/wmtbaltic.lv\/wp-content\/uploads\/2024\/12\/wmt-baltic-sia_107142_9_420x180.jpg","contentUrl":"https:\/\/wmtbaltic.lv\/wp-content\/uploads\/2024\/12\/wmt-baltic-sia_107142_9_420x180.jpg","width":420,"height":180,"caption":"WMT Baltic"},"image":{"@id":"https:\/\/wmtbaltic.lv\/#\/schema\/logo\/image\/"},"sameAs":["https:\/\/www.facebook.com\/WMT.Baltic.viscom\/?locale=lv_LV","https:\/\/www.instagram.com\/viscom_wmt\/"]}]}},"_links":{"self":[{"href":"https:\/\/wmtbaltic.lv\/en\/wp-json\/wp\/v2\/product\/8393","targetHints":{"allow":["GET"]}}],"collection":[{"href":"https:\/\/wmtbaltic.lv\/en\/wp-json\/wp\/v2\/product"}],"about":[{"href":"https:\/\/wmtbaltic.lv\/en\/wp-json\/wp\/v2\/types\/product"}],"replies":[{"embeddable":true,"href":"https:\/\/wmtbaltic.lv\/en\/wp-json\/wp\/v2\/comments?post=8393"}],"wp:featuredmedia":[{"embeddable":true,"href":"https:\/\/wmtbaltic.lv\/en\/wp-json\/wp\/v2\/media\/8394"}],"wp:attachment":[{"href":"https:\/\/wmtbaltic.lv\/en\/wp-json\/wp\/v2\/media?parent=8393"}],"wp:term":[{"taxonomy":"product_brand","embeddable":true,"href":"https:\/\/wmtbaltic.lv\/en\/wp-json\/wp\/v2\/product_brand?post=8393"},{"taxonomy":"product_cat","embeddable":true,"href":"https:\/\/wmtbaltic.lv\/en\/wp-json\/wp\/v2\/product_cat?post=8393"},{"taxonomy":"product_tag","embeddable":true,"href":"https:\/\/wmtbaltic.lv\/en\/wp-json\/wp\/v2\/product_tag?post=8393"}],"curies":[{"name":"wp","href":"https:\/\/api.w.org\/{rel}","templated":true}]}}