{"id":8320,"date":"2021-07-27T05:58:26","date_gmt":"2021-07-27T05:58:26","guid":{"rendered":"https:\/\/wmtbaltic.lv\/?post_type=product&#038;p=8320"},"modified":"2026-01-08T09:22:50","modified_gmt":"2026-01-08T09:22:50","slug":"tintes-uv-printeriem-roland-eco-uv4-220ml","status":"publish","type":"product","link":"https:\/\/wmtbaltic.lv\/en\/product\/tintes-uv-printeriem-roland-eco-uv4-220ml\/","title":{"rendered":"Tintes UV printeriem Roland ECO-UV4, 220ml"},"content":{"rendered":"<p>ECO-UV tintes speci\u0101li izstr\u0101d\u0101tas Roland DG VersaUV s\u0113rijas printeriem.<br \/>\n\u013bauj izveidot izcilas kvalit\u0101tes att\u0113lus jebkur\u0101 drukas \u0101trum\u0101, nodro\u0161inot augstas intensit\u0101tes kr\u0101sas un vispla\u0161\u0101ko to\u0146u gammu.<br \/>\nViegli uzkl\u0101jas uz praktiski jebkura materi\u0101la \u2013 ar p\u0101rkl\u0101jumu vai bez p\u0101rkl\u0101juma \u2013 ieskaitot plastmasu, koku, met\u0101lu, foliju, pap\u012bru, pl\u0113ves, vinilu un citus.<br \/>\nECO-UV tintes ir \u0101rk\u0101rt\u012bgi iztur\u012bgas pret meh\u0101niskiem un \u0137\u012bmiskiem boj\u0101jumiem, k\u0101 ar\u012b nodro\u0161ina izcilu iztur\u012bbu \u0101ra grafikai. Ir iesp\u0113jams izgatavot elast\u012bgu grafiku, ko var viegli uzkl\u0101t uz izstr\u0101d\u0101jumu l\u012bkumiem un mal\u0101m, neplais\u0101jot.<\/p>\n<p>Cena par kartrid\u017eu.<\/p>\n<p>Kartrid\u017ea tilpums 220ml<\/p>\n<p>&nbsp;<\/p>\n<p><strong>S\u012bk\u0101ka inform\u0101cija:<\/strong><\/p>\n<p>Darba dien\u0101s no plkst. 9:00\u00a0l\u012bdz 18:00<\/p>\n<p>WMT Baltic SIA<br \/>\nA.Deglava 166b<br \/>\nR\u012bga, LV-1021<br \/>\nT\u0101lr: +371 67800830<span id=\"softomate_highlight_0\" class=\"skype_tb_injection\" title=\"Call this phone number in Latvia with Skype: +37167800833\"><span class=\"skype_tb_nop\"><strong>\u00a0\u00a0<\/strong><\/span><\/span>e-mail: info@<a href=\"mailto:info@signmaker.lv\">signmaker.lv<\/a><\/p>\n","protected":false},"excerpt":{"rendered":"ECO-UV tintes speci\u0101li izstr\u0101d\u0101tas Roland DG VersaUV s\u0113rijas printeriem. \u013bauj izveidot izcilas kvalit\u0101tes att\u0113lus jebkur\u0101 drukas \u0101trum\u0101, nodro\u0161inot augstas intensit\u0101tes kr\u0101sas un vispla\u0161\u0101ko to\u0146u gammu. Viegli uzkl\u0101jas uz praktiski jebkura materi\u0101la \u2013 ar p\u0101rkl\u0101jumu vai bez p\u0101rkl\u0101juma \u2013 ieskaitot plastmasu, koku, met\u0101lu, foliju, pap\u012bru, pl\u0113ves, vinilu un citus. ECO-UV tintes ir \u0101rk\u0101rt\u012bgi iztur\u012bgas pret meh\u0101niskiem [...]","protected":false},"featured_media":8323,"template":"","meta":[],"product_brand":[],"product_cat":[768,767],"product_tag":[429,784,789,786,497,771,785],"class_list":{"0":"post-8320","1":"product","2":"type-product","3":"status-publish","4":"has-post-thumbnail","6":"product_cat-ekosolvnta-eko-uv-tintes","7":"product_cat-tintes-printeriem","8":"product_tag-druka","9":"product_tag-eco","10":"product_tag-inks","11":"product_tag-kartridzi","12":"product_tag-roland","13":"product_tag-tintes","14":"product_tag-uv4","16":"first","17":"instock","18":"shipping-taxable","19":"purchasable","20":"product-type-variable"},"yoast_head":"<!-- This site is optimized with the Yoast SEO plugin v27.4 - https:\/\/yoast.com\/product\/yoast-seo-wordpress\/ -->\n<title>Tintes UV printeriem Roland ECO-UV4, nopirkt veikal\u0101 R\u012bg\u0101<\/title>\n<meta name=\"description\" content=\"Roland ECO-UV4 tintes printerim . M\u0113s esam ofici\u0101lie Roland DG p\u0101rst\u0101vji Latvij\u0101. Wmtbaltic veikals R\u012bga , Latvia\" \/>\n<meta name=\"robots\" content=\"index, follow, max-snippet:-1, max-image-preview:large, max-video-preview:-1\" \/>\n<link rel=\"canonical\" href=\"https:\/\/wmtbaltic.lv\/product\/tintes-uv-printeriem-roland-eco-uv4-220ml\/\" \/>\n<meta property=\"og:locale\" content=\"en_US\" \/>\n<meta property=\"og:type\" content=\"article\" \/>\n<meta property=\"og:title\" content=\"Tintes UV printeriem Roland ECO-UV4, nopirkt veikal\u0101 R\u012bg\u0101\" \/>\n<meta property=\"og:description\" content=\"Roland ECO-UV4 tintes printerim . M\u0113s esam ofici\u0101lie Roland DG p\u0101rst\u0101vji Latvij\u0101. Wmtbaltic veikals R\u012bga , Latvia\" \/>\n<meta property=\"og:url\" content=\"https:\/\/wmtbaltic.lv\/product\/tintes-uv-printeriem-roland-eco-uv4-220ml\/\" \/>\n<meta property=\"og:site_name\" content=\"WMT Baltic\" \/>\n<meta property=\"article:publisher\" content=\"https:\/\/www.facebook.com\/WMT.Baltic.viscom\/?locale=lv_LV\" \/>\n<meta property=\"article:modified_time\" content=\"2026-01-08T09:22:50+00:00\" \/>\n<meta property=\"og:image\" content=\"http:\/\/wmtbaltic.lv\/wp-content\/uploads\/2021\/07\/pic-5.jpg\" \/>\n\t<meta property=\"og:image:width\" content=\"682\" \/>\n\t<meta property=\"og:image:height\" content=\"574\" \/>\n\t<meta property=\"og:image:type\" content=\"image\/jpeg\" \/>\n<meta name=\"twitter:card\" content=\"summary_large_image\" \/>\n<meta name=\"twitter:label1\" content=\"Est. reading time\" \/>\n\t<meta name=\"twitter:data1\" content=\"1 minute\" \/>\n<script type=\"application\/ld+json\" class=\"yoast-schema-graph\">{\"@context\":\"https:\\\/\\\/schema.org\",\"@graph\":[{\"@type\":\"WebPage\",\"@id\":\"https:\\\/\\\/wmtbaltic.lv\\\/product\\\/tintes-uv-printeriem-roland-eco-uv4-220ml\\\/\",\"url\":\"https:\\\/\\\/wmtbaltic.lv\\\/product\\\/tintes-uv-printeriem-roland-eco-uv4-220ml\\\/\",\"name\":\"Tintes UV printeriem Roland ECO-UV4, nopirkt veikal\u0101 R\u012bg\u0101\",\"isPartOf\":{\"@id\":\"https:\\\/\\\/wmtbaltic.lv\\\/#website\"},\"primaryImageOfPage\":{\"@id\":\"https:\\\/\\\/wmtbaltic.lv\\\/product\\\/tintes-uv-printeriem-roland-eco-uv4-220ml\\\/#primaryimage\"},\"image\":{\"@id\":\"https:\\\/\\\/wmtbaltic.lv\\\/product\\\/tintes-uv-printeriem-roland-eco-uv4-220ml\\\/#primaryimage\"},\"thumbnailUrl\":\"https:\\\/\\\/wmtbaltic.lv\\\/wp-content\\\/uploads\\\/2021\\\/07\\\/pic-5.jpg\",\"datePublished\":\"2021-07-27T05:58:26+00:00\",\"dateModified\":\"2026-01-08T09:22:50+00:00\",\"description\":\"Roland ECO-UV4 tintes printerim . M\u0113s esam ofici\u0101lie Roland DG p\u0101rst\u0101vji Latvij\u0101. Wmtbaltic veikals R\u012bga , Latvia\",\"breadcrumb\":{\"@id\":\"https:\\\/\\\/wmtbaltic.lv\\\/product\\\/tintes-uv-printeriem-roland-eco-uv4-220ml\\\/#breadcrumb\"},\"inLanguage\":\"en-US\",\"potentialAction\":[{\"@type\":\"ReadAction\",\"target\":[\"https:\\\/\\\/wmtbaltic.lv\\\/product\\\/tintes-uv-printeriem-roland-eco-uv4-220ml\\\/\"]}]},{\"@type\":\"ImageObject\",\"inLanguage\":\"en-US\",\"@id\":\"https:\\\/\\\/wmtbaltic.lv\\\/product\\\/tintes-uv-printeriem-roland-eco-uv4-220ml\\\/#primaryimage\",\"url\":\"https:\\\/\\\/wmtbaltic.lv\\\/wp-content\\\/uploads\\\/2021\\\/07\\\/pic-5.jpg\",\"contentUrl\":\"https:\\\/\\\/wmtbaltic.lv\\\/wp-content\\\/uploads\\\/2021\\\/07\\\/pic-5.jpg\",\"width\":682,\"height\":574},{\"@type\":\"BreadcrumbList\",\"@id\":\"https:\\\/\\\/wmtbaltic.lv\\\/product\\\/tintes-uv-printeriem-roland-eco-uv4-220ml\\\/#breadcrumb\",\"itemListElement\":[{\"@type\":\"ListItem\",\"position\":1,\"name\":\"Home\",\"item\":\"https:\\\/\\\/wmtbaltic.lv\\\/en\\\/\"},{\"@type\":\"ListItem\",\"position\":2,\"name\":\"Shop\",\"item\":\"https:\\\/\\\/wmtbaltic.lv\\\/shop\\\/\"},{\"@type\":\"ListItem\",\"position\":3,\"name\":\"Tintes UV printeriem Roland ECO-UV4, 220ml\"}]},{\"@type\":\"WebSite\",\"@id\":\"https:\\\/\\\/wmtbaltic.lv\\\/#website\",\"url\":\"https:\\\/\\\/wmtbaltic.lv\\\/\",\"name\":\"WMT Baltic\",\"description\":\"Rekl\u0101mas produkti, pl\u0113ves\",\"publisher\":{\"@id\":\"https:\\\/\\\/wmtbaltic.lv\\\/#organization\"},\"potentialAction\":[{\"@type\":\"SearchAction\",\"target\":{\"@type\":\"EntryPoint\",\"urlTemplate\":\"https:\\\/\\\/wmtbaltic.lv\\\/?s={search_term_string}\"},\"query-input\":{\"@type\":\"PropertyValueSpecification\",\"valueRequired\":true,\"valueName\":\"search_term_string\"}}],\"inLanguage\":\"en-US\"},{\"@type\":\"Organization\",\"@id\":\"https:\\\/\\\/wmtbaltic.lv\\\/#organization\",\"name\":\"WMT Baltic\",\"url\":\"https:\\\/\\\/wmtbaltic.lv\\\/\",\"logo\":{\"@type\":\"ImageObject\",\"inLanguage\":\"en-US\",\"@id\":\"https:\\\/\\\/wmtbaltic.lv\\\/#\\\/schema\\\/logo\\\/image\\\/\",\"url\":\"https:\\\/\\\/wmtbaltic.lv\\\/wp-content\\\/uploads\\\/2024\\\/12\\\/wmt-baltic-sia_107142_9_420x180.jpg\",\"contentUrl\":\"https:\\\/\\\/wmtbaltic.lv\\\/wp-content\\\/uploads\\\/2024\\\/12\\\/wmt-baltic-sia_107142_9_420x180.jpg\",\"width\":420,\"height\":180,\"caption\":\"WMT Baltic\"},\"image\":{\"@id\":\"https:\\\/\\\/wmtbaltic.lv\\\/#\\\/schema\\\/logo\\\/image\\\/\"},\"sameAs\":[\"https:\\\/\\\/www.facebook.com\\\/WMT.Baltic.viscom\\\/?locale=lv_LV\",\"https:\\\/\\\/www.instagram.com\\\/viscom_wmt\\\/\"]}]}<\/script>\n<!-- \/ Yoast SEO plugin. -->","yoast_head_json":{"title":"Tintes UV printeriem Roland ECO-UV4, nopirkt veikal\u0101 R\u012bg\u0101","description":"Roland ECO-UV4 tintes printerim . M\u0113s esam ofici\u0101lie Roland DG p\u0101rst\u0101vji Latvij\u0101. Wmtbaltic veikals R\u012bga , Latvia","robots":{"index":"index","follow":"follow","max-snippet":"max-snippet:-1","max-image-preview":"max-image-preview:large","max-video-preview":"max-video-preview:-1"},"canonical":"https:\/\/wmtbaltic.lv\/product\/tintes-uv-printeriem-roland-eco-uv4-220ml\/","og_locale":"en_US","og_type":"article","og_title":"Tintes UV printeriem Roland ECO-UV4, nopirkt veikal\u0101 R\u012bg\u0101","og_description":"Roland ECO-UV4 tintes printerim . M\u0113s esam ofici\u0101lie Roland DG p\u0101rst\u0101vji Latvij\u0101. Wmtbaltic veikals R\u012bga , Latvia","og_url":"https:\/\/wmtbaltic.lv\/product\/tintes-uv-printeriem-roland-eco-uv4-220ml\/","og_site_name":"WMT Baltic","article_publisher":"https:\/\/www.facebook.com\/WMT.Baltic.viscom\/?locale=lv_LV","article_modified_time":"2026-01-08T09:22:50+00:00","og_image":[{"width":682,"height":574,"url":"http:\/\/wmtbaltic.lv\/wp-content\/uploads\/2021\/07\/pic-5.jpg","type":"image\/jpeg"}],"twitter_card":"summary_large_image","twitter_misc":{"Est. reading time":"1 minute"},"schema":{"@context":"https:\/\/schema.org","@graph":[{"@type":"WebPage","@id":"https:\/\/wmtbaltic.lv\/product\/tintes-uv-printeriem-roland-eco-uv4-220ml\/","url":"https:\/\/wmtbaltic.lv\/product\/tintes-uv-printeriem-roland-eco-uv4-220ml\/","name":"Tintes UV printeriem Roland ECO-UV4, nopirkt veikal\u0101 R\u012bg\u0101","isPartOf":{"@id":"https:\/\/wmtbaltic.lv\/#website"},"primaryImageOfPage":{"@id":"https:\/\/wmtbaltic.lv\/product\/tintes-uv-printeriem-roland-eco-uv4-220ml\/#primaryimage"},"image":{"@id":"https:\/\/wmtbaltic.lv\/product\/tintes-uv-printeriem-roland-eco-uv4-220ml\/#primaryimage"},"thumbnailUrl":"https:\/\/wmtbaltic.lv\/wp-content\/uploads\/2021\/07\/pic-5.jpg","datePublished":"2021-07-27T05:58:26+00:00","dateModified":"2026-01-08T09:22:50+00:00","description":"Roland ECO-UV4 tintes printerim . M\u0113s esam ofici\u0101lie Roland DG p\u0101rst\u0101vji Latvij\u0101. Wmtbaltic veikals R\u012bga , Latvia","breadcrumb":{"@id":"https:\/\/wmtbaltic.lv\/product\/tintes-uv-printeriem-roland-eco-uv4-220ml\/#breadcrumb"},"inLanguage":"en-US","potentialAction":[{"@type":"ReadAction","target":["https:\/\/wmtbaltic.lv\/product\/tintes-uv-printeriem-roland-eco-uv4-220ml\/"]}]},{"@type":"ImageObject","inLanguage":"en-US","@id":"https:\/\/wmtbaltic.lv\/product\/tintes-uv-printeriem-roland-eco-uv4-220ml\/#primaryimage","url":"https:\/\/wmtbaltic.lv\/wp-content\/uploads\/2021\/07\/pic-5.jpg","contentUrl":"https:\/\/wmtbaltic.lv\/wp-content\/uploads\/2021\/07\/pic-5.jpg","width":682,"height":574},{"@type":"BreadcrumbList","@id":"https:\/\/wmtbaltic.lv\/product\/tintes-uv-printeriem-roland-eco-uv4-220ml\/#breadcrumb","itemListElement":[{"@type":"ListItem","position":1,"name":"Home","item":"https:\/\/wmtbaltic.lv\/en\/"},{"@type":"ListItem","position":2,"name":"Shop","item":"https:\/\/wmtbaltic.lv\/shop\/"},{"@type":"ListItem","position":3,"name":"Tintes UV printeriem Roland ECO-UV4, 220ml"}]},{"@type":"WebSite","@id":"https:\/\/wmtbaltic.lv\/#website","url":"https:\/\/wmtbaltic.lv\/","name":"WMT Baltic","description":"Rekl\u0101mas produkti, pl\u0113ves","publisher":{"@id":"https:\/\/wmtbaltic.lv\/#organization"},"potentialAction":[{"@type":"SearchAction","target":{"@type":"EntryPoint","urlTemplate":"https:\/\/wmtbaltic.lv\/?s={search_term_string}"},"query-input":{"@type":"PropertyValueSpecification","valueRequired":true,"valueName":"search_term_string"}}],"inLanguage":"en-US"},{"@type":"Organization","@id":"https:\/\/wmtbaltic.lv\/#organization","name":"WMT Baltic","url":"https:\/\/wmtbaltic.lv\/","logo":{"@type":"ImageObject","inLanguage":"en-US","@id":"https:\/\/wmtbaltic.lv\/#\/schema\/logo\/image\/","url":"https:\/\/wmtbaltic.lv\/wp-content\/uploads\/2024\/12\/wmt-baltic-sia_107142_9_420x180.jpg","contentUrl":"https:\/\/wmtbaltic.lv\/wp-content\/uploads\/2024\/12\/wmt-baltic-sia_107142_9_420x180.jpg","width":420,"height":180,"caption":"WMT Baltic"},"image":{"@id":"https:\/\/wmtbaltic.lv\/#\/schema\/logo\/image\/"},"sameAs":["https:\/\/www.facebook.com\/WMT.Baltic.viscom\/?locale=lv_LV","https:\/\/www.instagram.com\/viscom_wmt\/"]}]}},"_links":{"self":[{"href":"https:\/\/wmtbaltic.lv\/en\/wp-json\/wp\/v2\/product\/8320","targetHints":{"allow":["GET"]}}],"collection":[{"href":"https:\/\/wmtbaltic.lv\/en\/wp-json\/wp\/v2\/product"}],"about":[{"href":"https:\/\/wmtbaltic.lv\/en\/wp-json\/wp\/v2\/types\/product"}],"wp:featuredmedia":[{"embeddable":true,"href":"https:\/\/wmtbaltic.lv\/en\/wp-json\/wp\/v2\/media\/8323"}],"wp:attachment":[{"href":"https:\/\/wmtbaltic.lv\/en\/wp-json\/wp\/v2\/media?parent=8320"}],"wp:term":[{"taxonomy":"product_brand","embeddable":true,"href":"https:\/\/wmtbaltic.lv\/en\/wp-json\/wp\/v2\/product_brand?post=8320"},{"taxonomy":"product_cat","embeddable":true,"href":"https:\/\/wmtbaltic.lv\/en\/wp-json\/wp\/v2\/product_cat?post=8320"},{"taxonomy":"product_tag","embeddable":true,"href":"https:\/\/wmtbaltic.lv\/en\/wp-json\/wp\/v2\/product_tag?post=8320"}],"curies":[{"name":"wp","href":"https:\/\/api.w.org\/{rel}","templated":true}]}}