{"id":8313,"date":"2021-07-26T13:54:28","date_gmt":"2021-07-26T13:54:28","guid":{"rendered":"https:\/\/wmtbaltic.lv\/?post_type=product&#038;p=8313"},"modified":"2026-01-08T09:20:20","modified_gmt":"2026-01-08T09:20:20","slug":"ekosolventa-tintes-roland-truevis-tr2","status":"publish","type":"product","link":"https:\/\/wmtbaltic.lv\/en\/product\/ekosolventa-tintes-roland-truevis-tr2\/","title":{"rendered":"Ekosolventa tintes Roland TrueVis TR2"},"content":{"rendered":"<p>TR2 tintes izmanto\u0161ana ar TrueVIS VG2 printeriem\/griez\u0113jiem, kas apr\u012bkoti ar FlexFire\u2122 drukas galvi\u0146\u0101m, nodro\u0161ina visaugst\u0101ko drukas precizit\u0101ti. Katrs tintes piliens tiek uzkl\u0101ts tie\u0161i tur, kur tas ir nepiecie\u0161ams, t\u0101d\u0113j\u0101di nodro\u0161inot izcilu grafiku un konsekventu kr\u0101su sadal\u012bjumu pat liela \u0101truma druk\u0101\u0161anas re\u017e\u012bmos.<\/p>\n<p>Grafika ir gatava 6 stund\u0101s, kas dod iesp\u0113ju izpild\u012bt pas\u016bt\u012bjumus vienas dienas laik\u0101<br \/>\n\u0100r\u0101 grafikas kalpo\u0161anas laiks bez lamin\u0113\u0161anas &#8211; 3 gadi<br \/>\n\u0112rti iepakojumi pa 500 cm3<\/p>\n<p>GREENGUARD Gold Certified TR2 tintes ir lieliski piem\u0113rotas lieto\u0161anai iek\u0161telp\u0101s, jo t\u0101m praktiski nav smar\u017eas un t\u0101p\u0113c tam nav nepiecie\u0161ama \u012bpa\u0161a ventil\u0101cija. Turkl\u0101t \u0161\u012bs tintes pied\u0101v\u0101 izcilu iztur\u012bbu pret meh\u0101niskiem boj\u0101jumiem un aptuveni 200% stiep\u0161an\u0101s sp\u0113ju, padarot to ide\u0101li piem\u0113rotu pilnas automa\u0161\u012bnas apl\u012bm\u0113\u0161anas grafikas izgatavo\u0161anai.<\/p>\n<p><strong>S\u012bk\u0101ka inform\u0101cija:<\/strong>\u00a0Darba dien\u0101s no plkst. 9:00\u00a0l\u012bdz 18:00<\/p>\n<p>WMT Baltic SIA<br \/>\nA.Deglava 166b<br \/>\nR\u012bga, LV-1021<br \/>\nT\u0101lr: +371 67800830<span id=\"softomate_highlight_0\" class=\"skype_tb_injection\" title=\"Call this phone number in Latvia with Skype: +37167800833\"><span class=\"skype_tb_nop\"><strong>\u00a0\u00a0<\/strong><\/span><\/span>e-mail: info@<a href=\"mailto:info@signmaker.lv\">signmaker.lv<\/a><\/p>\n","protected":false},"excerpt":{"rendered":"TR2 tintes izmanto\u0161ana ar TrueVIS VG2 printeriem\/griez\u0113jiem, kas apr\u012bkoti ar FlexFire\u2122 drukas galvi\u0146\u0101m, nodro\u0161ina visaugst\u0101ko drukas precizit\u0101ti. Katrs tintes piliens tiek uzkl\u0101ts tie\u0161i tur, kur tas ir nepiecie\u0161ams, t\u0101d\u0113j\u0101di nodro\u0161inot izcilu grafiku un konsekventu kr\u0101su sadal\u012bjumu pat liela \u0101truma druk\u0101\u0161anas re\u017e\u012bmos. Grafika ir gatava 6 stund\u0101s, kas dod iesp\u0113ju izpild\u012bt pas\u016bt\u012bjumus vienas dienas laik\u0101 \u0100r\u0101 [...]","protected":false},"featured_media":11450,"template":"","meta":[],"product_brand":[],"product_cat":[768],"product_tag":[429,500,771,1055],"class_list":{"0":"post-8313","1":"product","2":"type-product","3":"status-publish","4":"has-post-thumbnail","6":"product_cat-ekosolvnta-eko-uv-tintes","7":"product_tag-druka","8":"product_tag-printeris","9":"product_tag-tintes","10":"product_tag-truevis","12":"first","13":"instock","14":"shipping-taxable","15":"purchasable","16":"product-type-variable"},"yoast_head":"<!-- This site is optimized with the Yoast SEO plugin v27.4 - https:\/\/yoast.com\/product\/yoast-seo-wordpress\/ -->\n<title>Ekosolventa tintes Roland TrueVis TR2, nopirkt veikal\u0101 R\u012bg\u0101<\/title>\n<meta name=\"description\" content=\"Tintes dom\u0101tas jaun\u0101s paaudzes Epson printeriem SC-S40610, SC-S60610, SC-S80610. Epson. Tintes drukai Tintes printerim\" \/>\n<meta name=\"robots\" content=\"index, follow, max-snippet:-1, max-image-preview:large, max-video-preview:-1\" \/>\n<link rel=\"canonical\" href=\"https:\/\/wmtbaltic.lv\/product\/ekosolventa-tintes-roland-truevis-tr2\/\" \/>\n<meta property=\"og:locale\" content=\"en_US\" \/>\n<meta property=\"og:type\" content=\"article\" \/>\n<meta property=\"og:title\" content=\"Ekosolventa tintes Roland TrueVis TR2, nopirkt veikal\u0101 R\u012bg\u0101\" \/>\n<meta property=\"og:description\" content=\"Tintes dom\u0101tas jaun\u0101s paaudzes Epson printeriem SC-S40610, SC-S60610, SC-S80610. Epson. Tintes drukai Tintes printerim\" \/>\n<meta property=\"og:url\" content=\"https:\/\/wmtbaltic.lv\/product\/ekosolventa-tintes-roland-truevis-tr2\/\" \/>\n<meta property=\"og:site_name\" content=\"WMT Baltic\" \/>\n<meta property=\"article:publisher\" content=\"https:\/\/www.facebook.com\/WMT.Baltic.viscom\/?locale=lv_LV\" \/>\n<meta property=\"article:modified_time\" content=\"2026-01-08T09:20:20+00:00\" \/>\n<meta property=\"og:image\" content=\"http:\/\/wmtbaltic.lv\/wp-content\/uploads\/2021\/07\/tv-500-haupt-truevis-kompatible-tinte-fuer-roland-truevis-vg-und.png\" \/>\n\t<meta property=\"og:image:width\" content=\"1232\" \/>\n\t<meta property=\"og:image:height\" content=\"813\" \/>\n\t<meta property=\"og:image:type\" content=\"image\/png\" \/>\n<meta name=\"twitter:card\" content=\"summary_large_image\" \/>\n<meta name=\"twitter:label1\" content=\"Est. reading time\" \/>\n\t<meta name=\"twitter:data1\" content=\"1 minute\" \/>\n<script type=\"application\/ld+json\" class=\"yoast-schema-graph\">{\"@context\":\"https:\\\/\\\/schema.org\",\"@graph\":[{\"@type\":\"WebPage\",\"@id\":\"https:\\\/\\\/wmtbaltic.lv\\\/product\\\/ekosolventa-tintes-roland-truevis-tr2\\\/\",\"url\":\"https:\\\/\\\/wmtbaltic.lv\\\/product\\\/ekosolventa-tintes-roland-truevis-tr2\\\/\",\"name\":\"Ekosolventa tintes Roland TrueVis TR2, nopirkt veikal\u0101 R\u012bg\u0101\",\"isPartOf\":{\"@id\":\"https:\\\/\\\/wmtbaltic.lv\\\/#website\"},\"primaryImageOfPage\":{\"@id\":\"https:\\\/\\\/wmtbaltic.lv\\\/product\\\/ekosolventa-tintes-roland-truevis-tr2\\\/#primaryimage\"},\"image\":{\"@id\":\"https:\\\/\\\/wmtbaltic.lv\\\/product\\\/ekosolventa-tintes-roland-truevis-tr2\\\/#primaryimage\"},\"thumbnailUrl\":\"https:\\\/\\\/wmtbaltic.lv\\\/wp-content\\\/uploads\\\/2021\\\/07\\\/tv-500-haupt-truevis-kompatible-tinte-fuer-roland-truevis-vg-und.png\",\"datePublished\":\"2021-07-26T13:54:28+00:00\",\"dateModified\":\"2026-01-08T09:20:20+00:00\",\"description\":\"Tintes dom\u0101tas jaun\u0101s paaudzes Epson printeriem SC-S40610, SC-S60610, SC-S80610. Epson. Tintes drukai Tintes printerim\",\"breadcrumb\":{\"@id\":\"https:\\\/\\\/wmtbaltic.lv\\\/product\\\/ekosolventa-tintes-roland-truevis-tr2\\\/#breadcrumb\"},\"inLanguage\":\"en-US\",\"potentialAction\":[{\"@type\":\"ReadAction\",\"target\":[\"https:\\\/\\\/wmtbaltic.lv\\\/product\\\/ekosolventa-tintes-roland-truevis-tr2\\\/\"]}]},{\"@type\":\"ImageObject\",\"inLanguage\":\"en-US\",\"@id\":\"https:\\\/\\\/wmtbaltic.lv\\\/product\\\/ekosolventa-tintes-roland-truevis-tr2\\\/#primaryimage\",\"url\":\"https:\\\/\\\/wmtbaltic.lv\\\/wp-content\\\/uploads\\\/2021\\\/07\\\/tv-500-haupt-truevis-kompatible-tinte-fuer-roland-truevis-vg-und.png\",\"contentUrl\":\"https:\\\/\\\/wmtbaltic.lv\\\/wp-content\\\/uploads\\\/2021\\\/07\\\/tv-500-haupt-truevis-kompatible-tinte-fuer-roland-truevis-vg-und.png\",\"width\":1232,\"height\":813},{\"@type\":\"BreadcrumbList\",\"@id\":\"https:\\\/\\\/wmtbaltic.lv\\\/product\\\/ekosolventa-tintes-roland-truevis-tr2\\\/#breadcrumb\",\"itemListElement\":[{\"@type\":\"ListItem\",\"position\":1,\"name\":\"Home\",\"item\":\"https:\\\/\\\/wmtbaltic.lv\\\/en\\\/\"},{\"@type\":\"ListItem\",\"position\":2,\"name\":\"Shop\",\"item\":\"https:\\\/\\\/wmtbaltic.lv\\\/shop\\\/\"},{\"@type\":\"ListItem\",\"position\":3,\"name\":\"Ekosolventa tintes Roland TrueVis TR2\"}]},{\"@type\":\"WebSite\",\"@id\":\"https:\\\/\\\/wmtbaltic.lv\\\/#website\",\"url\":\"https:\\\/\\\/wmtbaltic.lv\\\/\",\"name\":\"WMT Baltic\",\"description\":\"Rekl\u0101mas produkti, pl\u0113ves\",\"publisher\":{\"@id\":\"https:\\\/\\\/wmtbaltic.lv\\\/#organization\"},\"potentialAction\":[{\"@type\":\"SearchAction\",\"target\":{\"@type\":\"EntryPoint\",\"urlTemplate\":\"https:\\\/\\\/wmtbaltic.lv\\\/?s={search_term_string}\"},\"query-input\":{\"@type\":\"PropertyValueSpecification\",\"valueRequired\":true,\"valueName\":\"search_term_string\"}}],\"inLanguage\":\"en-US\"},{\"@type\":\"Organization\",\"@id\":\"https:\\\/\\\/wmtbaltic.lv\\\/#organization\",\"name\":\"WMT Baltic\",\"url\":\"https:\\\/\\\/wmtbaltic.lv\\\/\",\"logo\":{\"@type\":\"ImageObject\",\"inLanguage\":\"en-US\",\"@id\":\"https:\\\/\\\/wmtbaltic.lv\\\/#\\\/schema\\\/logo\\\/image\\\/\",\"url\":\"https:\\\/\\\/wmtbaltic.lv\\\/wp-content\\\/uploads\\\/2024\\\/12\\\/wmt-baltic-sia_107142_9_420x180.jpg\",\"contentUrl\":\"https:\\\/\\\/wmtbaltic.lv\\\/wp-content\\\/uploads\\\/2024\\\/12\\\/wmt-baltic-sia_107142_9_420x180.jpg\",\"width\":420,\"height\":180,\"caption\":\"WMT Baltic\"},\"image\":{\"@id\":\"https:\\\/\\\/wmtbaltic.lv\\\/#\\\/schema\\\/logo\\\/image\\\/\"},\"sameAs\":[\"https:\\\/\\\/www.facebook.com\\\/WMT.Baltic.viscom\\\/?locale=lv_LV\",\"https:\\\/\\\/www.instagram.com\\\/viscom_wmt\\\/\"]}]}<\/script>\n<!-- \/ Yoast SEO plugin. -->","yoast_head_json":{"title":"Ekosolventa tintes Roland TrueVis TR2, nopirkt veikal\u0101 R\u012bg\u0101","description":"Tintes dom\u0101tas jaun\u0101s paaudzes Epson printeriem SC-S40610, SC-S60610, SC-S80610. Epson. Tintes drukai Tintes printerim","robots":{"index":"index","follow":"follow","max-snippet":"max-snippet:-1","max-image-preview":"max-image-preview:large","max-video-preview":"max-video-preview:-1"},"canonical":"https:\/\/wmtbaltic.lv\/product\/ekosolventa-tintes-roland-truevis-tr2\/","og_locale":"en_US","og_type":"article","og_title":"Ekosolventa tintes Roland TrueVis TR2, nopirkt veikal\u0101 R\u012bg\u0101","og_description":"Tintes dom\u0101tas jaun\u0101s paaudzes Epson printeriem SC-S40610, SC-S60610, SC-S80610. Epson. Tintes drukai Tintes printerim","og_url":"https:\/\/wmtbaltic.lv\/product\/ekosolventa-tintes-roland-truevis-tr2\/","og_site_name":"WMT Baltic","article_publisher":"https:\/\/www.facebook.com\/WMT.Baltic.viscom\/?locale=lv_LV","article_modified_time":"2026-01-08T09:20:20+00:00","og_image":[{"width":1232,"height":813,"url":"http:\/\/wmtbaltic.lv\/wp-content\/uploads\/2021\/07\/tv-500-haupt-truevis-kompatible-tinte-fuer-roland-truevis-vg-und.png","type":"image\/png"}],"twitter_card":"summary_large_image","twitter_misc":{"Est. reading time":"1 minute"},"schema":{"@context":"https:\/\/schema.org","@graph":[{"@type":"WebPage","@id":"https:\/\/wmtbaltic.lv\/product\/ekosolventa-tintes-roland-truevis-tr2\/","url":"https:\/\/wmtbaltic.lv\/product\/ekosolventa-tintes-roland-truevis-tr2\/","name":"Ekosolventa tintes Roland TrueVis TR2, nopirkt veikal\u0101 R\u012bg\u0101","isPartOf":{"@id":"https:\/\/wmtbaltic.lv\/#website"},"primaryImageOfPage":{"@id":"https:\/\/wmtbaltic.lv\/product\/ekosolventa-tintes-roland-truevis-tr2\/#primaryimage"},"image":{"@id":"https:\/\/wmtbaltic.lv\/product\/ekosolventa-tintes-roland-truevis-tr2\/#primaryimage"},"thumbnailUrl":"https:\/\/wmtbaltic.lv\/wp-content\/uploads\/2021\/07\/tv-500-haupt-truevis-kompatible-tinte-fuer-roland-truevis-vg-und.png","datePublished":"2021-07-26T13:54:28+00:00","dateModified":"2026-01-08T09:20:20+00:00","description":"Tintes dom\u0101tas jaun\u0101s paaudzes Epson printeriem SC-S40610, SC-S60610, SC-S80610. Epson. Tintes drukai Tintes printerim","breadcrumb":{"@id":"https:\/\/wmtbaltic.lv\/product\/ekosolventa-tintes-roland-truevis-tr2\/#breadcrumb"},"inLanguage":"en-US","potentialAction":[{"@type":"ReadAction","target":["https:\/\/wmtbaltic.lv\/product\/ekosolventa-tintes-roland-truevis-tr2\/"]}]},{"@type":"ImageObject","inLanguage":"en-US","@id":"https:\/\/wmtbaltic.lv\/product\/ekosolventa-tintes-roland-truevis-tr2\/#primaryimage","url":"https:\/\/wmtbaltic.lv\/wp-content\/uploads\/2021\/07\/tv-500-haupt-truevis-kompatible-tinte-fuer-roland-truevis-vg-und.png","contentUrl":"https:\/\/wmtbaltic.lv\/wp-content\/uploads\/2021\/07\/tv-500-haupt-truevis-kompatible-tinte-fuer-roland-truevis-vg-und.png","width":1232,"height":813},{"@type":"BreadcrumbList","@id":"https:\/\/wmtbaltic.lv\/product\/ekosolventa-tintes-roland-truevis-tr2\/#breadcrumb","itemListElement":[{"@type":"ListItem","position":1,"name":"Home","item":"https:\/\/wmtbaltic.lv\/en\/"},{"@type":"ListItem","position":2,"name":"Shop","item":"https:\/\/wmtbaltic.lv\/shop\/"},{"@type":"ListItem","position":3,"name":"Ekosolventa tintes Roland TrueVis TR2"}]},{"@type":"WebSite","@id":"https:\/\/wmtbaltic.lv\/#website","url":"https:\/\/wmtbaltic.lv\/","name":"WMT Baltic","description":"Rekl\u0101mas produkti, pl\u0113ves","publisher":{"@id":"https:\/\/wmtbaltic.lv\/#organization"},"potentialAction":[{"@type":"SearchAction","target":{"@type":"EntryPoint","urlTemplate":"https:\/\/wmtbaltic.lv\/?s={search_term_string}"},"query-input":{"@type":"PropertyValueSpecification","valueRequired":true,"valueName":"search_term_string"}}],"inLanguage":"en-US"},{"@type":"Organization","@id":"https:\/\/wmtbaltic.lv\/#organization","name":"WMT Baltic","url":"https:\/\/wmtbaltic.lv\/","logo":{"@type":"ImageObject","inLanguage":"en-US","@id":"https:\/\/wmtbaltic.lv\/#\/schema\/logo\/image\/","url":"https:\/\/wmtbaltic.lv\/wp-content\/uploads\/2024\/12\/wmt-baltic-sia_107142_9_420x180.jpg","contentUrl":"https:\/\/wmtbaltic.lv\/wp-content\/uploads\/2024\/12\/wmt-baltic-sia_107142_9_420x180.jpg","width":420,"height":180,"caption":"WMT Baltic"},"image":{"@id":"https:\/\/wmtbaltic.lv\/#\/schema\/logo\/image\/"},"sameAs":["https:\/\/www.facebook.com\/WMT.Baltic.viscom\/?locale=lv_LV","https:\/\/www.instagram.com\/viscom_wmt\/"]}]}},"_links":{"self":[{"href":"https:\/\/wmtbaltic.lv\/en\/wp-json\/wp\/v2\/product\/8313","targetHints":{"allow":["GET"]}}],"collection":[{"href":"https:\/\/wmtbaltic.lv\/en\/wp-json\/wp\/v2\/product"}],"about":[{"href":"https:\/\/wmtbaltic.lv\/en\/wp-json\/wp\/v2\/types\/product"}],"wp:featuredmedia":[{"embeddable":true,"href":"https:\/\/wmtbaltic.lv\/en\/wp-json\/wp\/v2\/media\/11450"}],"wp:attachment":[{"href":"https:\/\/wmtbaltic.lv\/en\/wp-json\/wp\/v2\/media?parent=8313"}],"wp:term":[{"taxonomy":"product_brand","embeddable":true,"href":"https:\/\/wmtbaltic.lv\/en\/wp-json\/wp\/v2\/product_brand?post=8313"},{"taxonomy":"product_cat","embeddable":true,"href":"https:\/\/wmtbaltic.lv\/en\/wp-json\/wp\/v2\/product_cat?post=8313"},{"taxonomy":"product_tag","embeddable":true,"href":"https:\/\/wmtbaltic.lv\/en\/wp-json\/wp\/v2\/product_tag?post=8313"}],"curies":[{"name":"wp","href":"https:\/\/api.w.org\/{rel}","templated":true}]}}