{"id":8306,"date":"2021-07-26T13:41:45","date_gmt":"2021-07-26T13:41:45","guid":{"rendered":"https:\/\/wmtbaltic.lv\/?post_type=product&#038;p=8306"},"modified":"2026-01-08T08:43:02","modified_gmt":"2026-01-08T08:43:02","slug":"ekosolventa-tintes-roland-eco-sol-max-max2","status":"publish","type":"product","link":"https:\/\/wmtbaltic.lv\/en\/product\/ekosolventa-tintes-roland-eco-sol-max-max2\/","title":{"rendered":"Ekosolventa tintes Roland Eco-Sol Max\/ Max2"},"content":{"rendered":"<p style=\"margin: 0in; margin-bottom: .0001pt; background: white;\"><span style=\"color: #000000;\"><strong><span style=\"font-size: 10pt; font-family: Tahoma, sans-serif;\">Eco-Sol Max tintes priek\u0161roc\u012bbas:<\/span><\/strong><\/span><\/p>\n<p style=\"margin: 0in 0in 0.0001pt; background: white; border-spacing: 0px; font-variant-ligatures: normal; font-variant-caps: normal; orphans: 2; text-align: start; widows: 2; -webkit-text-stroke-width: 0px; word-spacing: 0px;\"><span style=\"font-size: 10pt; font-family: Tahoma, sans-serif; color: #000000;\">-augsts \u017e\u016b\u0161anas \u0101trums,<\/span><\/p>\n<p style=\"margin: 0in 0in 0.0001pt; background: white; border-spacing: 0px; font-variant-ligatures: normal; font-variant-caps: normal; orphans: 2; text-align: start; widows: 2; -webkit-text-stroke-width: 0px; word-spacing: 0px;\"><span style=\"font-size: 10pt; font-family: Tahoma, sans-serif; color: #000000;\">-liela pies\u0101tin\u0101t\u012bba,<\/span><\/p>\n<p style=\"margin: 0in 0in 0.0001pt; background: white; border-spacing: 0px; font-variant-ligatures: normal; font-variant-caps: normal; orphans: 2; text-align: start; widows: 2; -webkit-text-stroke-width: 0px; word-spacing: 0px;\"><span style=\"font-size: 10pt; font-family: Tahoma, sans-serif; color: #000000;\">-pla\u0161a kr\u0101su gamma,<\/span><\/p>\n<p style=\"margin: 0in 0in 0.0001pt; background: white; border-spacing: 0px; font-variant-ligatures: normal; font-variant-caps: normal; orphans: 2; text-align: start; widows: 2; -webkit-text-stroke-width: 0px; word-spacing: 0px;\"><span style=\"font-size: 10pt; font-family: Tahoma, sans-serif; color: #000000;\">-notur\u012bba pret meh\u0101niskaj\u0101m iedarb\u012bb\u0101m,<\/span><\/p>\n<p style=\"margin: 0in 0in 0.0001pt; background: white; border-spacing: 0px; font-variant-ligatures: normal; font-variant-caps: normal; orphans: 2; text-align: start; widows: 2; -webkit-text-stroke-width: 0px; word-spacing: 0px;\"><span style=\"font-size: 10pt; font-family: Tahoma, sans-serif; color: #000000;\">-zemas pa\u0161izmaksas,<\/span><\/p>\n<p style=\"margin: 0in 0in 0.0001pt; background: white; border-spacing: 0px; font-variant-ligatures: normal; font-variant-caps: normal; orphans: 2; text-align: start; widows: 2; -webkit-text-stroke-width: 0px; word-spacing: 0px;\"><span style=\"font-size: 10pt; font-family: Tahoma, sans-serif; color: #000000;\">-savienojam\u012bba ar vair\u0101kiem materi\u0101liem bez speci\u0101las aizkl\u0101\u0161anas.<\/span><\/p>\n<p>&nbsp;<\/p>\n<p style=\"margin: 0in 0in 0.0001pt; background: white; border-spacing: 0px; font-variant-ligatures: normal; font-variant-caps: normal; orphans: 2; text-align: start; widows: 2; -webkit-text-stroke-width: 0px; word-spacing: 0px;\"><span style=\"color: #000000;\"><span style=\"font-size: small;\">\u00a0<\/span><span style=\"font-size: small;\">Eco-Sol Max un Eco-Sol Max2 tintes ir faktiski bez smakas un neprasa papildus ventil\u0101ciju.\u00a0<\/span><\/span><\/p>\n<p><span style=\"color: #000000;\"><span style=\"font-size: small;\">S\u012bk\u0101ka inform\u0101cija: <\/span><span style=\"font-size: small;\">Darba dien\u0101s no plkst. 9:00\u00a0l\u012bdz 18:00<\/span><\/span><\/p>\n<p><span style=\"color: #000000;\"><span style=\"font-size: small;\">WMT Baltic SIA<br \/>\nA.Deglava 166b<br \/>\nR\u012bga, LV-1021<br \/>\nT\u0101lr: +371 67800830<span id=\"softomate_highlight_0\" class=\"skype_tb_injection\" title=\"Call this phone number in Latvia with Skype: +37167800833\"><span class=\"skype_tb_nop\"><strong>\u00a0\u00a0<\/strong><\/span><\/span><\/span><span style=\"font-size: small;\">e-mail: info@<\/span><a style=\"color: #000000;\" href=\"mailto:info@signmaker.lv\"><span style=\"font-size: small;\">signmaker.lv<\/span><\/a><\/span><\/p>\n","protected":false},"excerpt":{"rendered":"Eco-Sol Max tintes priek\u0161roc\u012bbas: -augsts \u017e\u016b\u0161anas \u0101trums, -liela pies\u0101tin\u0101t\u012bba, -pla\u0161a kr\u0101su gamma, -notur\u012bba pret meh\u0101niskaj\u0101m iedarb\u012bb\u0101m, -zemas pa\u0161izmaksas, -savienojam\u012bba ar vair\u0101kiem materi\u0101liem bez speci\u0101las aizkl\u0101\u0161anas. &nbsp; \u00a0Eco-Sol Max un Eco-Sol Max2 tintes ir faktiski bez smakas un neprasa papildus ventil\u0101ciju.\u00a0 S\u012bk\u0101ka inform\u0101cija: Darba dien\u0101s no plkst. 9:00\u00a0l\u012bdz 18:00 WMT Baltic SIA A.Deglava 166b R\u012bga, LV-1021 [...]","protected":false},"featured_media":8311,"comment_status":"closed","ping_status":"closed","template":"","meta":[],"product_brand":[],"product_cat":[768,767],"product_tag":[429,770,773,775,777,776,497,771],"class_list":{"0":"post-8306","1":"product","2":"type-product","3":"status-publish","4":"has-post-thumbnail","6":"product_cat-ekosolvnta-eko-uv-tintes","7":"product_cat-tintes-printeriem","8":"product_tag-druka","9":"product_tag-eco-sol","10":"product_tag-ekosolventa","11":"product_tag-ink","12":"product_tag-izturigas-tintes","13":"product_tag-max2","14":"product_tag-roland","15":"product_tag-tintes","17":"first","18":"instock","19":"shipping-taxable","20":"purchasable","21":"product-type-variable"},"yoast_head":"<!-- This site is optimized with the Yoast SEO plugin v27.4 - https:\/\/yoast.com\/product\/yoast-seo-wordpress\/ -->\n<title>Ekosolventa tintes Roland Eco-Sol Max\/ Max2<\/title>\n<meta name=\"description\" content=\"Eco-Sol Max un Eco-Sol Max2 ir \u016bdens un UV iztur\u012bgas tintes ar termi\u0146u l\u012bdz 3 gadiem \u0101r\u0113jos apst\u0101k\u013cos. Roland DG\" \/>\n<meta name=\"robots\" content=\"index, follow, max-snippet:-1, max-image-preview:large, max-video-preview:-1\" \/>\n<link rel=\"canonical\" href=\"https:\/\/wmtbaltic.lv\/product\/ekosolventa-tintes-roland-eco-sol-max-max2\/\" \/>\n<meta property=\"og:locale\" content=\"en_US\" \/>\n<meta property=\"og:type\" content=\"article\" \/>\n<meta property=\"og:title\" content=\"Ekosolventa tintes Roland Eco-Sol Max\/ Max2\" \/>\n<meta property=\"og:description\" content=\"Eco-Sol Max un Eco-Sol Max2 ir \u016bdens un UV iztur\u012bgas tintes ar termi\u0146u l\u012bdz 3 gadiem \u0101r\u0113jos apst\u0101k\u013cos. Roland DG\" \/>\n<meta property=\"og:url\" content=\"https:\/\/wmtbaltic.lv\/product\/ekosolventa-tintes-roland-eco-sol-max-max2\/\" \/>\n<meta property=\"og:site_name\" content=\"WMT Baltic\" \/>\n<meta property=\"article:publisher\" content=\"https:\/\/www.facebook.com\/WMT.Baltic.viscom\/?locale=lv_LV\" \/>\n<meta property=\"article:modified_time\" content=\"2026-01-08T08:43:02+00:00\" \/>\n<meta property=\"og:image\" content=\"http:\/\/wmtbaltic.lv\/wp-content\/uploads\/2021\/07\/roland-original-eco-sol-max-2-1.png\" \/>\n\t<meta property=\"og:image:width\" content=\"619\" \/>\n\t<meta property=\"og:image:height\" content=\"415\" \/>\n\t<meta property=\"og:image:type\" content=\"image\/png\" \/>\n<meta name=\"twitter:card\" content=\"summary_large_image\" \/>\n<meta name=\"twitter:label1\" content=\"Est. reading time\" \/>\n\t<meta name=\"twitter:data1\" content=\"1 minute\" \/>\n<script type=\"application\/ld+json\" class=\"yoast-schema-graph\">{\"@context\":\"https:\\\/\\\/schema.org\",\"@graph\":[{\"@type\":\"WebPage\",\"@id\":\"https:\\\/\\\/wmtbaltic.lv\\\/product\\\/ekosolventa-tintes-roland-eco-sol-max-max2\\\/\",\"url\":\"https:\\\/\\\/wmtbaltic.lv\\\/product\\\/ekosolventa-tintes-roland-eco-sol-max-max2\\\/\",\"name\":\"Ekosolventa tintes Roland Eco-Sol Max\\\/ Max2\",\"isPartOf\":{\"@id\":\"https:\\\/\\\/wmtbaltic.lv\\\/#website\"},\"primaryImageOfPage\":{\"@id\":\"https:\\\/\\\/wmtbaltic.lv\\\/product\\\/ekosolventa-tintes-roland-eco-sol-max-max2\\\/#primaryimage\"},\"image\":{\"@id\":\"https:\\\/\\\/wmtbaltic.lv\\\/product\\\/ekosolventa-tintes-roland-eco-sol-max-max2\\\/#primaryimage\"},\"thumbnailUrl\":\"https:\\\/\\\/wmtbaltic.lv\\\/wp-content\\\/uploads\\\/2021\\\/07\\\/roland-original-eco-sol-max-2-1.png\",\"datePublished\":\"2021-07-26T13:41:45+00:00\",\"dateModified\":\"2026-01-08T08:43:02+00:00\",\"description\":\"Eco-Sol Max un Eco-Sol Max2 ir \u016bdens un UV iztur\u012bgas tintes ar termi\u0146u l\u012bdz 3 gadiem \u0101r\u0113jos apst\u0101k\u013cos. Roland DG\",\"breadcrumb\":{\"@id\":\"https:\\\/\\\/wmtbaltic.lv\\\/product\\\/ekosolventa-tintes-roland-eco-sol-max-max2\\\/#breadcrumb\"},\"inLanguage\":\"en-US\",\"potentialAction\":[{\"@type\":\"ReadAction\",\"target\":[\"https:\\\/\\\/wmtbaltic.lv\\\/product\\\/ekosolventa-tintes-roland-eco-sol-max-max2\\\/\"]}]},{\"@type\":\"ImageObject\",\"inLanguage\":\"en-US\",\"@id\":\"https:\\\/\\\/wmtbaltic.lv\\\/product\\\/ekosolventa-tintes-roland-eco-sol-max-max2\\\/#primaryimage\",\"url\":\"https:\\\/\\\/wmtbaltic.lv\\\/wp-content\\\/uploads\\\/2021\\\/07\\\/roland-original-eco-sol-max-2-1.png\",\"contentUrl\":\"https:\\\/\\\/wmtbaltic.lv\\\/wp-content\\\/uploads\\\/2021\\\/07\\\/roland-original-eco-sol-max-2-1.png\",\"width\":619,\"height\":415},{\"@type\":\"BreadcrumbList\",\"@id\":\"https:\\\/\\\/wmtbaltic.lv\\\/product\\\/ekosolventa-tintes-roland-eco-sol-max-max2\\\/#breadcrumb\",\"itemListElement\":[{\"@type\":\"ListItem\",\"position\":1,\"name\":\"Home\",\"item\":\"https:\\\/\\\/wmtbaltic.lv\\\/en\\\/\"},{\"@type\":\"ListItem\",\"position\":2,\"name\":\"Products\",\"item\":\"https:\\\/\\\/wmtbaltic.lv\\\/en\\\/shop\\\/\"},{\"@type\":\"ListItem\",\"position\":3,\"name\":\"Ekosolventa tintes Roland Eco-Sol Max\\\/ Max2\"}]},{\"@type\":\"WebSite\",\"@id\":\"https:\\\/\\\/wmtbaltic.lv\\\/#website\",\"url\":\"https:\\\/\\\/wmtbaltic.lv\\\/\",\"name\":\"WMT Baltic\",\"description\":\"Rekl\u0101mas produkti, pl\u0113ves\",\"publisher\":{\"@id\":\"https:\\\/\\\/wmtbaltic.lv\\\/#organization\"},\"potentialAction\":[{\"@type\":\"SearchAction\",\"target\":{\"@type\":\"EntryPoint\",\"urlTemplate\":\"https:\\\/\\\/wmtbaltic.lv\\\/?s={search_term_string}\"},\"query-input\":{\"@type\":\"PropertyValueSpecification\",\"valueRequired\":true,\"valueName\":\"search_term_string\"}}],\"inLanguage\":\"en-US\"},{\"@type\":\"Organization\",\"@id\":\"https:\\\/\\\/wmtbaltic.lv\\\/#organization\",\"name\":\"WMT Baltic\",\"url\":\"https:\\\/\\\/wmtbaltic.lv\\\/\",\"logo\":{\"@type\":\"ImageObject\",\"inLanguage\":\"en-US\",\"@id\":\"https:\\\/\\\/wmtbaltic.lv\\\/#\\\/schema\\\/logo\\\/image\\\/\",\"url\":\"https:\\\/\\\/wmtbaltic.lv\\\/wp-content\\\/uploads\\\/2024\\\/12\\\/wmt-baltic-sia_107142_9_420x180.jpg\",\"contentUrl\":\"https:\\\/\\\/wmtbaltic.lv\\\/wp-content\\\/uploads\\\/2024\\\/12\\\/wmt-baltic-sia_107142_9_420x180.jpg\",\"width\":420,\"height\":180,\"caption\":\"WMT Baltic\"},\"image\":{\"@id\":\"https:\\\/\\\/wmtbaltic.lv\\\/#\\\/schema\\\/logo\\\/image\\\/\"},\"sameAs\":[\"https:\\\/\\\/www.facebook.com\\\/WMT.Baltic.viscom\\\/?locale=lv_LV\",\"https:\\\/\\\/www.instagram.com\\\/viscom_wmt\\\/\"]}]}<\/script>\n<!-- \/ Yoast SEO plugin. -->","yoast_head_json":{"title":"Ekosolventa tintes Roland Eco-Sol Max\/ Max2","description":"Eco-Sol Max un Eco-Sol Max2 ir \u016bdens un UV iztur\u012bgas tintes ar termi\u0146u l\u012bdz 3 gadiem \u0101r\u0113jos apst\u0101k\u013cos. Roland DG","robots":{"index":"index","follow":"follow","max-snippet":"max-snippet:-1","max-image-preview":"max-image-preview:large","max-video-preview":"max-video-preview:-1"},"canonical":"https:\/\/wmtbaltic.lv\/product\/ekosolventa-tintes-roland-eco-sol-max-max2\/","og_locale":"en_US","og_type":"article","og_title":"Ekosolventa tintes Roland Eco-Sol Max\/ Max2","og_description":"Eco-Sol Max un Eco-Sol Max2 ir \u016bdens un UV iztur\u012bgas tintes ar termi\u0146u l\u012bdz 3 gadiem \u0101r\u0113jos apst\u0101k\u013cos. Roland DG","og_url":"https:\/\/wmtbaltic.lv\/product\/ekosolventa-tintes-roland-eco-sol-max-max2\/","og_site_name":"WMT Baltic","article_publisher":"https:\/\/www.facebook.com\/WMT.Baltic.viscom\/?locale=lv_LV","article_modified_time":"2026-01-08T08:43:02+00:00","og_image":[{"width":619,"height":415,"url":"http:\/\/wmtbaltic.lv\/wp-content\/uploads\/2021\/07\/roland-original-eco-sol-max-2-1.png","type":"image\/png"}],"twitter_card":"summary_large_image","twitter_misc":{"Est. reading time":"1 minute"},"schema":{"@context":"https:\/\/schema.org","@graph":[{"@type":"WebPage","@id":"https:\/\/wmtbaltic.lv\/product\/ekosolventa-tintes-roland-eco-sol-max-max2\/","url":"https:\/\/wmtbaltic.lv\/product\/ekosolventa-tintes-roland-eco-sol-max-max2\/","name":"Ekosolventa tintes Roland Eco-Sol Max\/ Max2","isPartOf":{"@id":"https:\/\/wmtbaltic.lv\/#website"},"primaryImageOfPage":{"@id":"https:\/\/wmtbaltic.lv\/product\/ekosolventa-tintes-roland-eco-sol-max-max2\/#primaryimage"},"image":{"@id":"https:\/\/wmtbaltic.lv\/product\/ekosolventa-tintes-roland-eco-sol-max-max2\/#primaryimage"},"thumbnailUrl":"https:\/\/wmtbaltic.lv\/wp-content\/uploads\/2021\/07\/roland-original-eco-sol-max-2-1.png","datePublished":"2021-07-26T13:41:45+00:00","dateModified":"2026-01-08T08:43:02+00:00","description":"Eco-Sol Max un Eco-Sol Max2 ir \u016bdens un UV iztur\u012bgas tintes ar termi\u0146u l\u012bdz 3 gadiem \u0101r\u0113jos apst\u0101k\u013cos. Roland DG","breadcrumb":{"@id":"https:\/\/wmtbaltic.lv\/product\/ekosolventa-tintes-roland-eco-sol-max-max2\/#breadcrumb"},"inLanguage":"en-US","potentialAction":[{"@type":"ReadAction","target":["https:\/\/wmtbaltic.lv\/product\/ekosolventa-tintes-roland-eco-sol-max-max2\/"]}]},{"@type":"ImageObject","inLanguage":"en-US","@id":"https:\/\/wmtbaltic.lv\/product\/ekosolventa-tintes-roland-eco-sol-max-max2\/#primaryimage","url":"https:\/\/wmtbaltic.lv\/wp-content\/uploads\/2021\/07\/roland-original-eco-sol-max-2-1.png","contentUrl":"https:\/\/wmtbaltic.lv\/wp-content\/uploads\/2021\/07\/roland-original-eco-sol-max-2-1.png","width":619,"height":415},{"@type":"BreadcrumbList","@id":"https:\/\/wmtbaltic.lv\/product\/ekosolventa-tintes-roland-eco-sol-max-max2\/#breadcrumb","itemListElement":[{"@type":"ListItem","position":1,"name":"Home","item":"https:\/\/wmtbaltic.lv\/en\/"},{"@type":"ListItem","position":2,"name":"Products","item":"https:\/\/wmtbaltic.lv\/en\/shop\/"},{"@type":"ListItem","position":3,"name":"Ekosolventa tintes Roland Eco-Sol Max\/ Max2"}]},{"@type":"WebSite","@id":"https:\/\/wmtbaltic.lv\/#website","url":"https:\/\/wmtbaltic.lv\/","name":"WMT Baltic","description":"Rekl\u0101mas produkti, pl\u0113ves","publisher":{"@id":"https:\/\/wmtbaltic.lv\/#organization"},"potentialAction":[{"@type":"SearchAction","target":{"@type":"EntryPoint","urlTemplate":"https:\/\/wmtbaltic.lv\/?s={search_term_string}"},"query-input":{"@type":"PropertyValueSpecification","valueRequired":true,"valueName":"search_term_string"}}],"inLanguage":"en-US"},{"@type":"Organization","@id":"https:\/\/wmtbaltic.lv\/#organization","name":"WMT Baltic","url":"https:\/\/wmtbaltic.lv\/","logo":{"@type":"ImageObject","inLanguage":"en-US","@id":"https:\/\/wmtbaltic.lv\/#\/schema\/logo\/image\/","url":"https:\/\/wmtbaltic.lv\/wp-content\/uploads\/2024\/12\/wmt-baltic-sia_107142_9_420x180.jpg","contentUrl":"https:\/\/wmtbaltic.lv\/wp-content\/uploads\/2024\/12\/wmt-baltic-sia_107142_9_420x180.jpg","width":420,"height":180,"caption":"WMT Baltic"},"image":{"@id":"https:\/\/wmtbaltic.lv\/#\/schema\/logo\/image\/"},"sameAs":["https:\/\/www.facebook.com\/WMT.Baltic.viscom\/?locale=lv_LV","https:\/\/www.instagram.com\/viscom_wmt\/"]}]}},"_links":{"self":[{"href":"https:\/\/wmtbaltic.lv\/en\/wp-json\/wp\/v2\/product\/8306","targetHints":{"allow":["GET"]}}],"collection":[{"href":"https:\/\/wmtbaltic.lv\/en\/wp-json\/wp\/v2\/product"}],"about":[{"href":"https:\/\/wmtbaltic.lv\/en\/wp-json\/wp\/v2\/types\/product"}],"replies":[{"embeddable":true,"href":"https:\/\/wmtbaltic.lv\/en\/wp-json\/wp\/v2\/comments?post=8306"}],"wp:featuredmedia":[{"embeddable":true,"href":"https:\/\/wmtbaltic.lv\/en\/wp-json\/wp\/v2\/media\/8311"}],"wp:attachment":[{"href":"https:\/\/wmtbaltic.lv\/en\/wp-json\/wp\/v2\/media?parent=8306"}],"wp:term":[{"taxonomy":"product_brand","embeddable":true,"href":"https:\/\/wmtbaltic.lv\/en\/wp-json\/wp\/v2\/product_brand?post=8306"},{"taxonomy":"product_cat","embeddable":true,"href":"https:\/\/wmtbaltic.lv\/en\/wp-json\/wp\/v2\/product_cat?post=8306"},{"taxonomy":"product_tag","embeddable":true,"href":"https:\/\/wmtbaltic.lv\/en\/wp-json\/wp\/v2\/product_tag?post=8306"}],"curies":[{"name":"wp","href":"https:\/\/api.w.org\/{rel}","templated":true}]}}