{"id":8276,"date":"2021-07-12T07:18:48","date_gmt":"2021-07-12T07:18:48","guid":{"rendered":"https:\/\/wmtbaltic.lv\/?post_type=product&#038;p=8276"},"modified":"2021-09-03T08:42:04","modified_gmt":"2021-09-03T08:42:04","slug":"galda-griezejploteris-t-tape-tx-24","status":"publish","type":"product","link":"https:\/\/wmtbaltic.lv\/en\/product\/galda-griezejploteris-t-tape-tx-24\/","title":{"rendered":"Galda griez\u0113jploteris T-TAPE XT-24"},"content":{"rendered":"<p style=\"font-weight: 400;\">Galda griez\u0113jploteris T-TAPE XT-24 ar augstu grie\u0161anas kvalit\u0101ti un \u0113rtu vad\u012bbu ir ide\u0101l\u0101 iek\u0101rta katram rekl\u0101mas ra\u017eot\u0101jam.<\/p>\n<p>T-TAPE XT-24 Dom\u0101ts termop\u0101rneses materi\u0101lu, flex- un flock, atstarojo\u0161o l\u012bmpl\u0113vju, k\u0101 ar\u012b citu materi\u0101lu izmanto\u0161anai.<\/p>\n<p>Ar \u0161\u012b plotera pal\u012bdz\u012bbu var izgatavot da\u017eada veida logotipus, uzl\u012bmes, piekari\u0146us, autografiku, trafaretus.<\/p>\n<p style=\"font-weight: 400;\">-Galda griez\u0113jploteris ir savietojams ar Windows XP, 2000, Vista, 7, 8, 10, k\u0101 ar\u012b CorelDRAW.<\/p>\n<p align=\"left\">Parametri:<\/p>\n<ul>\n<li>Meh\u0101niska precizit\u0101te : 0.05mm<\/li>\n<li>Max. grie\u0161anas \u0101trums: 500 m\/sek.<\/li>\n<li>Na\u017ea spiediens: 0-500gr<\/li>\n<li>Materi\u0161li:\u00a0 vis\u0101da veida l\u012bmpl\u0113ves, trafaretu, atstarojo\u0161\u0101s, termop\u0101rneses pl\u0113ves.<\/li>\n<li>Pildspalvas funkcoja pl\u0101nu un sh\u0113mu z\u012bm\u0113\u0161anai.<\/li>\n<li>USBun Serial (com-port) ports<\/li>\n<\/ul>\n<p>&nbsp;<\/p>\n","protected":false},"excerpt":{"rendered":"Galda griez\u0113jploteris T-TAPE XT-24 ar augstu grie\u0161anas kvalit\u0101ti un \u0113rtu vad\u012bbu ir ide\u0101l\u0101 iek\u0101rta katram rekl\u0101mas ra\u017eot\u0101jam. T-TAPE XT-24 Dom\u0101ts termop\u0101rneses materi\u0101lu, flex- un flock, atstarojo\u0161o l\u012bmpl\u0113vju, k\u0101 ar\u012b citu materi\u0101lu izmanto\u0161anai. Ar \u0161\u012b plotera pal\u012bdz\u012bbu var izgatavot da\u017eada veida logotipus, uzl\u012bmes, piekari\u0146us, autografiku, trafaretus. -Galda griez\u0113jploteris ir savietojams ar Windows XP, 2000, Vista, 7, [...]","protected":false},"featured_media":8283,"template":"","meta":[],"product_brand":[],"product_cat":[262,258],"product_tag":[502,729,501,766],"class_list":{"0":"post-8276","1":"product","2":"type-product","3":"status-publish","4":"has-post-thumbnail","6":"product_cat-greishanas-ploteri","7":"product_cat-iekartas-un-izejmateriali","8":"product_tag-griesana","9":"product_tag-iekartas","10":"product_tag-ploteris","11":"product_tag-t-tape-tx-24","13":"first","14":"instock","15":"shipping-taxable","16":"purchasable","17":"product-type-simple"},"yoast_head":"<!-- This site is optimized with the Yoast SEO plugin v27.4 - https:\/\/yoast.com\/product\/yoast-seo-wordpress\/ -->\n<title>Galda griez\u0113jploteris T-TAPE XT-24 - WMT Baltic<\/title>\n<meta name=\"description\" content=\"- Galda griez\u0113jploteris T-TAPE XT-24 ar augstu grie\u0161anas kvalit\u0101ti un \u0113rtu vad\u012bbu. Veikals R\u012bga wmtbaltic.lv\" \/>\n<meta name=\"robots\" content=\"index, follow, max-snippet:-1, max-image-preview:large, max-video-preview:-1\" \/>\n<link rel=\"canonical\" href=\"https:\/\/wmtbaltic.lv\/Produkts\/galda-griezejploteris-t-tape-tx-24\/\" \/>\n<meta property=\"og:locale\" content=\"en_US\" \/>\n<meta property=\"og:type\" content=\"article\" \/>\n<meta property=\"og:title\" content=\"Galda griez\u0113jploteris T-TAPE XT-24 - WMT Baltic\" \/>\n<meta property=\"og:description\" content=\"- Galda griez\u0113jploteris T-TAPE XT-24 ar augstu grie\u0161anas kvalit\u0101ti un \u0113rtu vad\u012bbu. Veikals R\u012bga wmtbaltic.lv\" \/>\n<meta property=\"og:url\" content=\"https:\/\/wmtbaltic.lv\/Produkts\/galda-griezejploteris-t-tape-tx-24\/\" \/>\n<meta property=\"og:site_name\" content=\"WMT Baltic\" \/>\n<meta property=\"article:publisher\" content=\"https:\/\/www.facebook.com\/WMT.Baltic.viscom\/?locale=lv_LV\" \/>\n<meta property=\"article:modified_time\" content=\"2021-09-03T08:42:04+00:00\" \/>\n<meta property=\"og:image\" content=\"https:\/\/wmtbaltic.lv\/wp-content\/uploads\/2021\/07\/pic-3.jpg\" \/>\n\t<meta property=\"og:image:width\" content=\"631\" \/>\n\t<meta property=\"og:image:height\" content=\"526\" \/>\n\t<meta property=\"og:image:type\" content=\"image\/jpeg\" \/>\n<meta name=\"twitter:card\" content=\"summary_large_image\" \/>\n<meta name=\"twitter:label1\" content=\"Est. reading time\" \/>\n\t<meta name=\"twitter:data1\" content=\"1 minute\" \/>\n<script type=\"application\/ld+json\" class=\"yoast-schema-graph\">{\"@context\":\"https:\\\/\\\/schema.org\",\"@graph\":[{\"@type\":\"WebPage\",\"@id\":\"https:\\\/\\\/wmtbaltic.lv\\\/Produkts\\\/galda-griezejploteris-t-tape-tx-24\\\/\",\"url\":\"https:\\\/\\\/wmtbaltic.lv\\\/Produkts\\\/galda-griezejploteris-t-tape-tx-24\\\/\",\"name\":\"Galda griez\u0113jploteris T-TAPE XT-24 - WMT Baltic\",\"isPartOf\":{\"@id\":\"https:\\\/\\\/wmtbaltic.lv\\\/#website\"},\"primaryImageOfPage\":{\"@id\":\"https:\\\/\\\/wmtbaltic.lv\\\/Produkts\\\/galda-griezejploteris-t-tape-tx-24\\\/#primaryimage\"},\"image\":{\"@id\":\"https:\\\/\\\/wmtbaltic.lv\\\/Produkts\\\/galda-griezejploteris-t-tape-tx-24\\\/#primaryimage\"},\"thumbnailUrl\":\"https:\\\/\\\/wmtbaltic.lv\\\/wp-content\\\/uploads\\\/2021\\\/07\\\/pic-3.jpg\",\"datePublished\":\"2021-07-12T07:18:48+00:00\",\"dateModified\":\"2021-09-03T08:42:04+00:00\",\"description\":\"- Galda griez\u0113jploteris T-TAPE XT-24 ar augstu grie\u0161anas kvalit\u0101ti un \u0113rtu vad\u012bbu. Veikals R\u012bga wmtbaltic.lv\",\"breadcrumb\":{\"@id\":\"https:\\\/\\\/wmtbaltic.lv\\\/Produkts\\\/galda-griezejploteris-t-tape-tx-24\\\/#breadcrumb\"},\"inLanguage\":\"en-US\",\"potentialAction\":[{\"@type\":\"ReadAction\",\"target\":[\"https:\\\/\\\/wmtbaltic.lv\\\/Produkts\\\/galda-griezejploteris-t-tape-tx-24\\\/\"]}]},{\"@type\":\"ImageObject\",\"inLanguage\":\"en-US\",\"@id\":\"https:\\\/\\\/wmtbaltic.lv\\\/Produkts\\\/galda-griezejploteris-t-tape-tx-24\\\/#primaryimage\",\"url\":\"https:\\\/\\\/wmtbaltic.lv\\\/wp-content\\\/uploads\\\/2021\\\/07\\\/pic-3.jpg\",\"contentUrl\":\"https:\\\/\\\/wmtbaltic.lv\\\/wp-content\\\/uploads\\\/2021\\\/07\\\/pic-3.jpg\",\"width\":631,\"height\":526},{\"@type\":\"BreadcrumbList\",\"@id\":\"https:\\\/\\\/wmtbaltic.lv\\\/Produkts\\\/galda-griezejploteris-t-tape-tx-24\\\/#breadcrumb\",\"itemListElement\":[{\"@type\":\"ListItem\",\"position\":1,\"name\":\"Home\",\"item\":\"https:\\\/\\\/wmtbaltic.lv\\\/en\\\/\"},{\"@type\":\"ListItem\",\"position\":2,\"name\":\"Shop\",\"item\":\"https:\\\/\\\/wmtbaltic.lv\\\/shop\\\/\"},{\"@type\":\"ListItem\",\"position\":3,\"name\":\"Galda griez\u0113jploteris T-TAPE XT-24\"}]},{\"@type\":\"WebSite\",\"@id\":\"https:\\\/\\\/wmtbaltic.lv\\\/#website\",\"url\":\"https:\\\/\\\/wmtbaltic.lv\\\/\",\"name\":\"WMT Baltic\",\"description\":\"Rekl\u0101mas produkti, pl\u0113ves\",\"publisher\":{\"@id\":\"https:\\\/\\\/wmtbaltic.lv\\\/#organization\"},\"potentialAction\":[{\"@type\":\"SearchAction\",\"target\":{\"@type\":\"EntryPoint\",\"urlTemplate\":\"https:\\\/\\\/wmtbaltic.lv\\\/?s={search_term_string}\"},\"query-input\":{\"@type\":\"PropertyValueSpecification\",\"valueRequired\":true,\"valueName\":\"search_term_string\"}}],\"inLanguage\":\"en-US\"},{\"@type\":\"Organization\",\"@id\":\"https:\\\/\\\/wmtbaltic.lv\\\/#organization\",\"name\":\"WMT Baltic\",\"url\":\"https:\\\/\\\/wmtbaltic.lv\\\/\",\"logo\":{\"@type\":\"ImageObject\",\"inLanguage\":\"en-US\",\"@id\":\"https:\\\/\\\/wmtbaltic.lv\\\/#\\\/schema\\\/logo\\\/image\\\/\",\"url\":\"https:\\\/\\\/wmtbaltic.lv\\\/wp-content\\\/uploads\\\/2024\\\/12\\\/wmt-baltic-sia_107142_9_420x180.jpg\",\"contentUrl\":\"https:\\\/\\\/wmtbaltic.lv\\\/wp-content\\\/uploads\\\/2024\\\/12\\\/wmt-baltic-sia_107142_9_420x180.jpg\",\"width\":420,\"height\":180,\"caption\":\"WMT Baltic\"},\"image\":{\"@id\":\"https:\\\/\\\/wmtbaltic.lv\\\/#\\\/schema\\\/logo\\\/image\\\/\"},\"sameAs\":[\"https:\\\/\\\/www.facebook.com\\\/WMT.Baltic.viscom\\\/?locale=lv_LV\",\"https:\\\/\\\/www.instagram.com\\\/viscom_wmt\\\/\"]}]}<\/script>\n<!-- \/ Yoast SEO plugin. -->","yoast_head_json":{"title":"Galda griez\u0113jploteris T-TAPE XT-24 - WMT Baltic","description":"- Galda griez\u0113jploteris T-TAPE XT-24 ar augstu grie\u0161anas kvalit\u0101ti un \u0113rtu vad\u012bbu. Veikals R\u012bga wmtbaltic.lv","robots":{"index":"index","follow":"follow","max-snippet":"max-snippet:-1","max-image-preview":"max-image-preview:large","max-video-preview":"max-video-preview:-1"},"canonical":"https:\/\/wmtbaltic.lv\/Produkts\/galda-griezejploteris-t-tape-tx-24\/","og_locale":"en_US","og_type":"article","og_title":"Galda griez\u0113jploteris T-TAPE XT-24 - WMT Baltic","og_description":"- Galda griez\u0113jploteris T-TAPE XT-24 ar augstu grie\u0161anas kvalit\u0101ti un \u0113rtu vad\u012bbu. Veikals R\u012bga wmtbaltic.lv","og_url":"https:\/\/wmtbaltic.lv\/Produkts\/galda-griezejploteris-t-tape-tx-24\/","og_site_name":"WMT Baltic","article_publisher":"https:\/\/www.facebook.com\/WMT.Baltic.viscom\/?locale=lv_LV","article_modified_time":"2021-09-03T08:42:04+00:00","og_image":[{"width":631,"height":526,"url":"https:\/\/wmtbaltic.lv\/wp-content\/uploads\/2021\/07\/pic-3.jpg","type":"image\/jpeg"}],"twitter_card":"summary_large_image","twitter_misc":{"Est. reading time":"1 minute"},"schema":{"@context":"https:\/\/schema.org","@graph":[{"@type":"WebPage","@id":"https:\/\/wmtbaltic.lv\/Produkts\/galda-griezejploteris-t-tape-tx-24\/","url":"https:\/\/wmtbaltic.lv\/Produkts\/galda-griezejploteris-t-tape-tx-24\/","name":"Galda griez\u0113jploteris T-TAPE XT-24 - WMT Baltic","isPartOf":{"@id":"https:\/\/wmtbaltic.lv\/#website"},"primaryImageOfPage":{"@id":"https:\/\/wmtbaltic.lv\/Produkts\/galda-griezejploteris-t-tape-tx-24\/#primaryimage"},"image":{"@id":"https:\/\/wmtbaltic.lv\/Produkts\/galda-griezejploteris-t-tape-tx-24\/#primaryimage"},"thumbnailUrl":"https:\/\/wmtbaltic.lv\/wp-content\/uploads\/2021\/07\/pic-3.jpg","datePublished":"2021-07-12T07:18:48+00:00","dateModified":"2021-09-03T08:42:04+00:00","description":"- Galda griez\u0113jploteris T-TAPE XT-24 ar augstu grie\u0161anas kvalit\u0101ti un \u0113rtu vad\u012bbu. Veikals R\u012bga wmtbaltic.lv","breadcrumb":{"@id":"https:\/\/wmtbaltic.lv\/Produkts\/galda-griezejploteris-t-tape-tx-24\/#breadcrumb"},"inLanguage":"en-US","potentialAction":[{"@type":"ReadAction","target":["https:\/\/wmtbaltic.lv\/Produkts\/galda-griezejploteris-t-tape-tx-24\/"]}]},{"@type":"ImageObject","inLanguage":"en-US","@id":"https:\/\/wmtbaltic.lv\/Produkts\/galda-griezejploteris-t-tape-tx-24\/#primaryimage","url":"https:\/\/wmtbaltic.lv\/wp-content\/uploads\/2021\/07\/pic-3.jpg","contentUrl":"https:\/\/wmtbaltic.lv\/wp-content\/uploads\/2021\/07\/pic-3.jpg","width":631,"height":526},{"@type":"BreadcrumbList","@id":"https:\/\/wmtbaltic.lv\/Produkts\/galda-griezejploteris-t-tape-tx-24\/#breadcrumb","itemListElement":[{"@type":"ListItem","position":1,"name":"Home","item":"https:\/\/wmtbaltic.lv\/en\/"},{"@type":"ListItem","position":2,"name":"Shop","item":"https:\/\/wmtbaltic.lv\/shop\/"},{"@type":"ListItem","position":3,"name":"Galda griez\u0113jploteris T-TAPE XT-24"}]},{"@type":"WebSite","@id":"https:\/\/wmtbaltic.lv\/#website","url":"https:\/\/wmtbaltic.lv\/","name":"WMT Baltic","description":"Rekl\u0101mas produkti, pl\u0113ves","publisher":{"@id":"https:\/\/wmtbaltic.lv\/#organization"},"potentialAction":[{"@type":"SearchAction","target":{"@type":"EntryPoint","urlTemplate":"https:\/\/wmtbaltic.lv\/?s={search_term_string}"},"query-input":{"@type":"PropertyValueSpecification","valueRequired":true,"valueName":"search_term_string"}}],"inLanguage":"en-US"},{"@type":"Organization","@id":"https:\/\/wmtbaltic.lv\/#organization","name":"WMT Baltic","url":"https:\/\/wmtbaltic.lv\/","logo":{"@type":"ImageObject","inLanguage":"en-US","@id":"https:\/\/wmtbaltic.lv\/#\/schema\/logo\/image\/","url":"https:\/\/wmtbaltic.lv\/wp-content\/uploads\/2024\/12\/wmt-baltic-sia_107142_9_420x180.jpg","contentUrl":"https:\/\/wmtbaltic.lv\/wp-content\/uploads\/2024\/12\/wmt-baltic-sia_107142_9_420x180.jpg","width":420,"height":180,"caption":"WMT Baltic"},"image":{"@id":"https:\/\/wmtbaltic.lv\/#\/schema\/logo\/image\/"},"sameAs":["https:\/\/www.facebook.com\/WMT.Baltic.viscom\/?locale=lv_LV","https:\/\/www.instagram.com\/viscom_wmt\/"]}]}},"_links":{"self":[{"href":"https:\/\/wmtbaltic.lv\/en\/wp-json\/wp\/v2\/product\/8276","targetHints":{"allow":["GET"]}}],"collection":[{"href":"https:\/\/wmtbaltic.lv\/en\/wp-json\/wp\/v2\/product"}],"about":[{"href":"https:\/\/wmtbaltic.lv\/en\/wp-json\/wp\/v2\/types\/product"}],"wp:featuredmedia":[{"embeddable":true,"href":"https:\/\/wmtbaltic.lv\/en\/wp-json\/wp\/v2\/media\/8283"}],"wp:attachment":[{"href":"https:\/\/wmtbaltic.lv\/en\/wp-json\/wp\/v2\/media?parent=8276"}],"wp:term":[{"taxonomy":"product_brand","embeddable":true,"href":"https:\/\/wmtbaltic.lv\/en\/wp-json\/wp\/v2\/product_brand?post=8276"},{"taxonomy":"product_cat","embeddable":true,"href":"https:\/\/wmtbaltic.lv\/en\/wp-json\/wp\/v2\/product_cat?post=8276"},{"taxonomy":"product_tag","embeddable":true,"href":"https:\/\/wmtbaltic.lv\/en\/wp-json\/wp\/v2\/product_tag?post=8276"}],"curies":[{"name":"wp","href":"https:\/\/api.w.org\/{rel}","templated":true}]}}