{"id":8025,"date":"2021-06-02T07:33:09","date_gmt":"2021-06-02T07:33:09","guid":{"rendered":"https:\/\/wmtbaltic.lv\/?post_type=product&#038;p=8025"},"modified":"2023-10-20T10:09:33","modified_gmt":"2023-10-20T10:09:33","slug":"roland-dg-truevis-sg3-300-lielformata-printeris-griezejis","status":"publish","type":"product","link":"https:\/\/wmtbaltic.lv\/en\/product\/roland-dg-truevis-sg3-300-lielformata-printeris-griezejis\/","title":{"rendered":"Roland DG TrueVIS SG3 300, lielform\u0101ta printeris\/griez\u0113js"},"content":{"rendered":"<p>TrueVIS SG3 s\u0113rijas lielform\u0101ta printeri \/ griez\u0113ji nodro\u0161ina izcilas kr\u0101sas un grie\u0161anas funkcijas. Nepiecie\u0161ama iek\u0101rta, kas no J\u016bsu m\u0101j\u0101m, biroja vai darbn\u012bcas var izgatavot da\u017e\u0101das augstas kvalit\u0101tes drukas materi\u0101lus. TrueVIS SG3 s\u0113rijas ir \u013coti vienk\u0101r\u0161s printeris\/griez\u0113js ar izcil\u0101m drukas iesp\u0113j\u0101m un pielago\u0161anas funkcij\u0101m.<\/p>\n<p><strong>\u012apa\u0161\u012bbas:<\/strong><\/p>\n<p>\u2013 Print\u0113\u0161anas metode: Pjezostr\u016bklas<br \/>\n\u2013 Tintes: TrueVIS INK 500ml pouch (\u010detras kr\u0101sas).<br \/>\n<strong>\u2013\u00a0<\/strong>Druk\u0101jam\u0101 materi\u0101la plat\u012bba: no 182 l\u012bdz 762 mm<br \/>\n\u2013 Druk\u0101jam\u0101 materi\u0101la\u00a0 biezumms: Maks. 1.0 mm\u00a0 ar pamatni druk\u0101\u0161anai; Maks. 0.4 mm\u00a0 ar\u00a0 pamatni\u00a0 un 0.22 mm\u00a0 bez pamatnes , grie\u0161anai.<br \/>\n\u2013 Ru\u013c\u013ca \u0101r\u0113jas diametrs : Maks. 250 mm<br \/>\n\u2013 Druk\u0101jam\u0101 materi\u0101las svars: Maks.30kg<br \/>\n\u2013 Drukas rezol\u016bcija: Maks. 1200 dpi<br \/>\n\u2013 Izm\u0113rs: 2,022 (W) x 748 (D) x 1,320 mm (H)<br \/>\n\u2013 Svars: 150 kg<br \/>\n\u2013 Komplekt\u0101: Dedicated stands, power cord, Media take-up unit, media holders, replacement blade for separating knife, cleaning liquid, drain bottle, User&#8217;s Manual, Software(VersaWorks, Roland DG Connect), etc.<\/p>\n<div class=\"text\">\n<p><a href=\"http:\/\/wmtbaltic.lv\/wp-content\/uploads\/2021\/06\/Datasheet_TrueVIS_SG3_20220201_EN_FINAL-2.pdf\">TrueVIS_SG3_300_broshure<\/a><\/p>\n<\/div>\n","protected":false},"excerpt":{"rendered":"TrueVIS SG3 s\u0113rijas lielform\u0101ta printeri \/ griez\u0113ji nodro\u0161ina izcilas kr\u0101sas un grie\u0161anas funkcijas. Nepiecie\u0161ama iek\u0101rta, kas no J\u016bsu m\u0101j\u0101m, biroja vai darbn\u012bcas var izgatavot da\u017e\u0101das augstas kvalit\u0101tes drukas materi\u0101lus. TrueVIS SG3 s\u0113rijas ir \u013coti vienk\u0101r\u0161s printeris\/griez\u0113js ar izcil\u0101m drukas iesp\u0113j\u0101m un pielago\u0161anas funkcij\u0101m. \u012apa\u0161\u012bbas: \u2013 Print\u0113\u0161anas metode: Pjezostr\u016bklas \u2013 Tintes: TrueVIS INK 500ml pouch (\u010detras [...]","protected":false},"featured_media":14007,"template":"","meta":[],"product_brand":[],"product_cat":[1273,258],"product_tag":[755,756,497,1181,525],"class_list":{"0":"post-8025","1":"product","2":"type-product","3":"status-publish","4":"has-post-thumbnail","6":"product_cat-eko-solventa-printeri","7":"product_cat-iekartas-un-izejmateriali","8":"product_tag-griezejis","9":"product_tag-lielformata-printeri","10":"product_tag-roland","11":"product_tag-sg3_300","12":"product_tag-uv-druka","14":"first","15":"instock","16":"shipping-taxable","17":"product-type-simple"},"yoast_head":"<!-- This site is optimized with the Yoast SEO plugin v27.4 - https:\/\/yoast.com\/product\/yoast-seo-wordpress\/ -->\n<title>Roland DG TrueVIS SG3 300, lielform\u0101ta printeris\/griez\u0113js - WMT Baltic<\/title>\n<meta name=\"description\" content=\"TrueVIS SG3 s\u0113rijas lielform\u0101ta printeri \/ griez\u0113ji nodro\u0161ina izcilas kr\u0101sas un grie\u0161anas funkcijas. Jaun\u0101s TR tintes sniedz bag\u0101t\u012bgas kr\u0101sas.\" \/>\n<meta name=\"robots\" content=\"index, follow, max-snippet:-1, max-image-preview:large, max-video-preview:-1\" \/>\n<link rel=\"canonical\" href=\"https:\/\/wmtbaltic.lv\/Produkts\/roland-dg-truevis-sg3-300-lielformata-printeris-griezejis\/\" \/>\n<meta property=\"og:locale\" content=\"en_US\" \/>\n<meta property=\"og:type\" content=\"article\" \/>\n<meta property=\"og:title\" content=\"Roland DG TrueVIS SG3 300, lielform\u0101ta printeris\/griez\u0113js - WMT Baltic\" \/>\n<meta property=\"og:description\" content=\"TrueVIS SG3 s\u0113rijas lielform\u0101ta printeri \/ griez\u0113ji nodro\u0161ina izcilas kr\u0101sas un grie\u0161anas funkcijas. Jaun\u0101s TR tintes sniedz bag\u0101t\u012bgas kr\u0101sas.\" \/>\n<meta property=\"og:url\" content=\"https:\/\/wmtbaltic.lv\/Produkts\/roland-dg-truevis-sg3-300-lielformata-printeris-griezejis\/\" \/>\n<meta property=\"og:site_name\" content=\"WMT Baltic\" \/>\n<meta property=\"article:publisher\" content=\"https:\/\/www.facebook.com\/WMT.Baltic.viscom\/?locale=lv_LV\" \/>\n<meta property=\"article:modified_time\" content=\"2023-10-20T10:09:33+00:00\" \/>\n<meta property=\"og:image\" content=\"http:\/\/wmtbaltic.lv\/wp-content\/uploads\/2021\/06\/sg3-300_catimage-1400x1050-2.jpg\" \/>\n\t<meta property=\"og:image:width\" content=\"700\" \/>\n\t<meta property=\"og:image:height\" content=\"525\" \/>\n\t<meta property=\"og:image:type\" content=\"image\/jpeg\" \/>\n<meta name=\"twitter:card\" content=\"summary_large_image\" \/>\n<meta name=\"twitter:label1\" content=\"Est. reading time\" \/>\n\t<meta name=\"twitter:data1\" content=\"1 minute\" \/>\n<script type=\"application\/ld+json\" class=\"yoast-schema-graph\">{\"@context\":\"https:\\\/\\\/schema.org\",\"@graph\":[{\"@type\":\"WebPage\",\"@id\":\"https:\\\/\\\/wmtbaltic.lv\\\/Produkts\\\/roland-dg-truevis-sg3-300-lielformata-printeris-griezejis\\\/\",\"url\":\"https:\\\/\\\/wmtbaltic.lv\\\/Produkts\\\/roland-dg-truevis-sg3-300-lielformata-printeris-griezejis\\\/\",\"name\":\"Roland DG TrueVIS SG3 300, lielform\u0101ta printeris\\\/griez\u0113js - WMT Baltic\",\"isPartOf\":{\"@id\":\"https:\\\/\\\/wmtbaltic.lv\\\/#website\"},\"primaryImageOfPage\":{\"@id\":\"https:\\\/\\\/wmtbaltic.lv\\\/Produkts\\\/roland-dg-truevis-sg3-300-lielformata-printeris-griezejis\\\/#primaryimage\"},\"image\":{\"@id\":\"https:\\\/\\\/wmtbaltic.lv\\\/Produkts\\\/roland-dg-truevis-sg3-300-lielformata-printeris-griezejis\\\/#primaryimage\"},\"thumbnailUrl\":\"https:\\\/\\\/wmtbaltic.lv\\\/wp-content\\\/uploads\\\/2021\\\/06\\\/sg3-300_catimage-1400x1050-2.jpg\",\"datePublished\":\"2021-06-02T07:33:09+00:00\",\"dateModified\":\"2023-10-20T10:09:33+00:00\",\"description\":\"TrueVIS SG3 s\u0113rijas lielform\u0101ta printeri \\\/ griez\u0113ji nodro\u0161ina izcilas kr\u0101sas un grie\u0161anas funkcijas. Jaun\u0101s TR tintes sniedz bag\u0101t\u012bgas kr\u0101sas.\",\"breadcrumb\":{\"@id\":\"https:\\\/\\\/wmtbaltic.lv\\\/Produkts\\\/roland-dg-truevis-sg3-300-lielformata-printeris-griezejis\\\/#breadcrumb\"},\"inLanguage\":\"en-US\",\"potentialAction\":[{\"@type\":\"ReadAction\",\"target\":[\"https:\\\/\\\/wmtbaltic.lv\\\/Produkts\\\/roland-dg-truevis-sg3-300-lielformata-printeris-griezejis\\\/\"]}]},{\"@type\":\"ImageObject\",\"inLanguage\":\"en-US\",\"@id\":\"https:\\\/\\\/wmtbaltic.lv\\\/Produkts\\\/roland-dg-truevis-sg3-300-lielformata-printeris-griezejis\\\/#primaryimage\",\"url\":\"https:\\\/\\\/wmtbaltic.lv\\\/wp-content\\\/uploads\\\/2021\\\/06\\\/sg3-300_catimage-1400x1050-2.jpg\",\"contentUrl\":\"https:\\\/\\\/wmtbaltic.lv\\\/wp-content\\\/uploads\\\/2021\\\/06\\\/sg3-300_catimage-1400x1050-2.jpg\",\"width\":700,\"height\":525},{\"@type\":\"BreadcrumbList\",\"@id\":\"https:\\\/\\\/wmtbaltic.lv\\\/Produkts\\\/roland-dg-truevis-sg3-300-lielformata-printeris-griezejis\\\/#breadcrumb\",\"itemListElement\":[{\"@type\":\"ListItem\",\"position\":1,\"name\":\"Home\",\"item\":\"https:\\\/\\\/wmtbaltic.lv\\\/en\\\/\"},{\"@type\":\"ListItem\",\"position\":2,\"name\":\"Shop\",\"item\":\"https:\\\/\\\/wmtbaltic.lv\\\/shop\\\/\"},{\"@type\":\"ListItem\",\"position\":3,\"name\":\"Roland DG TrueVIS SG3 300, lielform\u0101ta printeris\\\/griez\u0113js\"}]},{\"@type\":\"WebSite\",\"@id\":\"https:\\\/\\\/wmtbaltic.lv\\\/#website\",\"url\":\"https:\\\/\\\/wmtbaltic.lv\\\/\",\"name\":\"WMT Baltic\",\"description\":\"Rekl\u0101mas produkti, pl\u0113ves\",\"publisher\":{\"@id\":\"https:\\\/\\\/wmtbaltic.lv\\\/#organization\"},\"potentialAction\":[{\"@type\":\"SearchAction\",\"target\":{\"@type\":\"EntryPoint\",\"urlTemplate\":\"https:\\\/\\\/wmtbaltic.lv\\\/?s={search_term_string}\"},\"query-input\":{\"@type\":\"PropertyValueSpecification\",\"valueRequired\":true,\"valueName\":\"search_term_string\"}}],\"inLanguage\":\"en-US\"},{\"@type\":\"Organization\",\"@id\":\"https:\\\/\\\/wmtbaltic.lv\\\/#organization\",\"name\":\"WMT Baltic\",\"url\":\"https:\\\/\\\/wmtbaltic.lv\\\/\",\"logo\":{\"@type\":\"ImageObject\",\"inLanguage\":\"en-US\",\"@id\":\"https:\\\/\\\/wmtbaltic.lv\\\/#\\\/schema\\\/logo\\\/image\\\/\",\"url\":\"https:\\\/\\\/wmtbaltic.lv\\\/wp-content\\\/uploads\\\/2024\\\/12\\\/wmt-baltic-sia_107142_9_420x180.jpg\",\"contentUrl\":\"https:\\\/\\\/wmtbaltic.lv\\\/wp-content\\\/uploads\\\/2024\\\/12\\\/wmt-baltic-sia_107142_9_420x180.jpg\",\"width\":420,\"height\":180,\"caption\":\"WMT Baltic\"},\"image\":{\"@id\":\"https:\\\/\\\/wmtbaltic.lv\\\/#\\\/schema\\\/logo\\\/image\\\/\"},\"sameAs\":[\"https:\\\/\\\/www.facebook.com\\\/WMT.Baltic.viscom\\\/?locale=lv_LV\",\"https:\\\/\\\/www.instagram.com\\\/viscom_wmt\\\/\"]}]}<\/script>\n<!-- \/ Yoast SEO plugin. -->","yoast_head_json":{"title":"Roland DG TrueVIS SG3 300, lielform\u0101ta printeris\/griez\u0113js - WMT Baltic","description":"TrueVIS SG3 s\u0113rijas lielform\u0101ta printeri \/ griez\u0113ji nodro\u0161ina izcilas kr\u0101sas un grie\u0161anas funkcijas. Jaun\u0101s TR tintes sniedz bag\u0101t\u012bgas kr\u0101sas.","robots":{"index":"index","follow":"follow","max-snippet":"max-snippet:-1","max-image-preview":"max-image-preview:large","max-video-preview":"max-video-preview:-1"},"canonical":"https:\/\/wmtbaltic.lv\/Produkts\/roland-dg-truevis-sg3-300-lielformata-printeris-griezejis\/","og_locale":"en_US","og_type":"article","og_title":"Roland DG TrueVIS SG3 300, lielform\u0101ta printeris\/griez\u0113js - WMT Baltic","og_description":"TrueVIS SG3 s\u0113rijas lielform\u0101ta printeri \/ griez\u0113ji nodro\u0161ina izcilas kr\u0101sas un grie\u0161anas funkcijas. Jaun\u0101s TR tintes sniedz bag\u0101t\u012bgas kr\u0101sas.","og_url":"https:\/\/wmtbaltic.lv\/Produkts\/roland-dg-truevis-sg3-300-lielformata-printeris-griezejis\/","og_site_name":"WMT Baltic","article_publisher":"https:\/\/www.facebook.com\/WMT.Baltic.viscom\/?locale=lv_LV","article_modified_time":"2023-10-20T10:09:33+00:00","og_image":[{"width":700,"height":525,"url":"http:\/\/wmtbaltic.lv\/wp-content\/uploads\/2021\/06\/sg3-300_catimage-1400x1050-2.jpg","type":"image\/jpeg"}],"twitter_card":"summary_large_image","twitter_misc":{"Est. reading time":"1 minute"},"schema":{"@context":"https:\/\/schema.org","@graph":[{"@type":"WebPage","@id":"https:\/\/wmtbaltic.lv\/Produkts\/roland-dg-truevis-sg3-300-lielformata-printeris-griezejis\/","url":"https:\/\/wmtbaltic.lv\/Produkts\/roland-dg-truevis-sg3-300-lielformata-printeris-griezejis\/","name":"Roland DG TrueVIS SG3 300, lielform\u0101ta printeris\/griez\u0113js - WMT Baltic","isPartOf":{"@id":"https:\/\/wmtbaltic.lv\/#website"},"primaryImageOfPage":{"@id":"https:\/\/wmtbaltic.lv\/Produkts\/roland-dg-truevis-sg3-300-lielformata-printeris-griezejis\/#primaryimage"},"image":{"@id":"https:\/\/wmtbaltic.lv\/Produkts\/roland-dg-truevis-sg3-300-lielformata-printeris-griezejis\/#primaryimage"},"thumbnailUrl":"https:\/\/wmtbaltic.lv\/wp-content\/uploads\/2021\/06\/sg3-300_catimage-1400x1050-2.jpg","datePublished":"2021-06-02T07:33:09+00:00","dateModified":"2023-10-20T10:09:33+00:00","description":"TrueVIS SG3 s\u0113rijas lielform\u0101ta printeri \/ griez\u0113ji nodro\u0161ina izcilas kr\u0101sas un grie\u0161anas funkcijas. Jaun\u0101s TR tintes sniedz bag\u0101t\u012bgas kr\u0101sas.","breadcrumb":{"@id":"https:\/\/wmtbaltic.lv\/Produkts\/roland-dg-truevis-sg3-300-lielformata-printeris-griezejis\/#breadcrumb"},"inLanguage":"en-US","potentialAction":[{"@type":"ReadAction","target":["https:\/\/wmtbaltic.lv\/Produkts\/roland-dg-truevis-sg3-300-lielformata-printeris-griezejis\/"]}]},{"@type":"ImageObject","inLanguage":"en-US","@id":"https:\/\/wmtbaltic.lv\/Produkts\/roland-dg-truevis-sg3-300-lielformata-printeris-griezejis\/#primaryimage","url":"https:\/\/wmtbaltic.lv\/wp-content\/uploads\/2021\/06\/sg3-300_catimage-1400x1050-2.jpg","contentUrl":"https:\/\/wmtbaltic.lv\/wp-content\/uploads\/2021\/06\/sg3-300_catimage-1400x1050-2.jpg","width":700,"height":525},{"@type":"BreadcrumbList","@id":"https:\/\/wmtbaltic.lv\/Produkts\/roland-dg-truevis-sg3-300-lielformata-printeris-griezejis\/#breadcrumb","itemListElement":[{"@type":"ListItem","position":1,"name":"Home","item":"https:\/\/wmtbaltic.lv\/en\/"},{"@type":"ListItem","position":2,"name":"Shop","item":"https:\/\/wmtbaltic.lv\/shop\/"},{"@type":"ListItem","position":3,"name":"Roland DG TrueVIS SG3 300, lielform\u0101ta printeris\/griez\u0113js"}]},{"@type":"WebSite","@id":"https:\/\/wmtbaltic.lv\/#website","url":"https:\/\/wmtbaltic.lv\/","name":"WMT Baltic","description":"Rekl\u0101mas produkti, pl\u0113ves","publisher":{"@id":"https:\/\/wmtbaltic.lv\/#organization"},"potentialAction":[{"@type":"SearchAction","target":{"@type":"EntryPoint","urlTemplate":"https:\/\/wmtbaltic.lv\/?s={search_term_string}"},"query-input":{"@type":"PropertyValueSpecification","valueRequired":true,"valueName":"search_term_string"}}],"inLanguage":"en-US"},{"@type":"Organization","@id":"https:\/\/wmtbaltic.lv\/#organization","name":"WMT Baltic","url":"https:\/\/wmtbaltic.lv\/","logo":{"@type":"ImageObject","inLanguage":"en-US","@id":"https:\/\/wmtbaltic.lv\/#\/schema\/logo\/image\/","url":"https:\/\/wmtbaltic.lv\/wp-content\/uploads\/2024\/12\/wmt-baltic-sia_107142_9_420x180.jpg","contentUrl":"https:\/\/wmtbaltic.lv\/wp-content\/uploads\/2024\/12\/wmt-baltic-sia_107142_9_420x180.jpg","width":420,"height":180,"caption":"WMT Baltic"},"image":{"@id":"https:\/\/wmtbaltic.lv\/#\/schema\/logo\/image\/"},"sameAs":["https:\/\/www.facebook.com\/WMT.Baltic.viscom\/?locale=lv_LV","https:\/\/www.instagram.com\/viscom_wmt\/"]}]}},"_links":{"self":[{"href":"https:\/\/wmtbaltic.lv\/en\/wp-json\/wp\/v2\/product\/8025","targetHints":{"allow":["GET"]}}],"collection":[{"href":"https:\/\/wmtbaltic.lv\/en\/wp-json\/wp\/v2\/product"}],"about":[{"href":"https:\/\/wmtbaltic.lv\/en\/wp-json\/wp\/v2\/types\/product"}],"wp:featuredmedia":[{"embeddable":true,"href":"https:\/\/wmtbaltic.lv\/en\/wp-json\/wp\/v2\/media\/14007"}],"wp:attachment":[{"href":"https:\/\/wmtbaltic.lv\/en\/wp-json\/wp\/v2\/media?parent=8025"}],"wp:term":[{"taxonomy":"product_brand","embeddable":true,"href":"https:\/\/wmtbaltic.lv\/en\/wp-json\/wp\/v2\/product_brand?post=8025"},{"taxonomy":"product_cat","embeddable":true,"href":"https:\/\/wmtbaltic.lv\/en\/wp-json\/wp\/v2\/product_cat?post=8025"},{"taxonomy":"product_tag","embeddable":true,"href":"https:\/\/wmtbaltic.lv\/en\/wp-json\/wp\/v2\/product_tag?post=8025"}],"curies":[{"name":"wp","href":"https:\/\/api.w.org\/{rel}","templated":true}]}}