{"id":7971,"date":"2021-05-31T12:58:29","date_gmt":"2021-05-31T12:58:29","guid":{"rendered":"https:\/\/wmtbaltic.lv\/?post_type=product&#038;p=7971"},"modified":"2023-10-20T10:17:35","modified_gmt":"2023-10-20T10:17:35","slug":"roland-dg-versauv-lec2-640-printeris-griezejs","status":"publish","type":"product","link":"https:\/\/wmtbaltic.lv\/en\/product\/roland-dg-versauv-lec2-640-printeris-griezejs\/","title":{"rendered":"Roland DG VersaUV LEC2-640 printeris\/griez\u0113js"},"content":{"rendered":"<p>VersaUV LEC2 s\u0113rijas printeri \/ griez\u0113ji ir veidoti t\u0101, lai druk\u0101tu produkciju ar pievienotu stilu un iespaidu. Izv\u0113lieties Versa UV LEC2-640, druk\u0101jot augst\u0101k\u0101s kvalit\u0101tes iek\u0161telpu displejiem, rekl\u0101mkarogiem, POP displejiem, izk\u0101rtn\u0113m un augst\u0101k\u0101s kvalit\u0101tes grafikai.Integr\u0113t\u0101 grie\u0161ana, vien\u0101 oper\u0101cij\u0101 izveidojiet prototipus un prec\u012bzi izgrieziet sare\u017e\u0123\u012btas uzl\u012bmes un eti\u0137etes.<\/p>\n<p>-Augst\u0101k\u0101 kvalit\u0101te: ar prec\u012bzu punktu izvietojumu un uzlabotu galvas tehnolo\u0123iju drukas kvalit\u0101te iztur viscie\u0161\u0101ko p\u0101rbaudi.<br \/>\n-\u012apa\u0161ie efekti: izceliet deta\u013cas, izj\u016btiet fakt\u016bras un izveidojiet reljefu ar redzamu un taust\u0101mu uzsvaru.<br \/>\n-Integr\u0113t\u0101 grie\u0161ana: vien\u0101 oper\u0101cij\u0101 izveidojiet prototipus un prec\u012bzi izgrieziet sare\u017e\u0123\u012btas uzl\u012bmes un eti\u0137etes.<br \/>\n-LEC2&#8211; 640 roll-to-roll \u2013 iek\u0101rtas, kas \u013cauj druk\u0101t, izgriezt, tais\u012bt perfor\u0113to griezumu, k\u0101 ar\u012b pievienot att\u0113lam tekst\u016bru un glanc\u0113tas virsmas efektu.<br \/>\n-Ar ECO-UV EUV5 tint\u0113m uz LEC2-640 iek\u0101rt\u0101m var druk\u0101t uz da\u017e\u0101d\u0101m virsm\u0101m: folijas, BOPP, PE, PET, PVC, pl\u0113ves, baneri, u.c.<\/p>\n<p>Premium tin\u0161u konfigur\u0101cija, kas \u013cauj papla\u0161in\u0101t CMYK kr\u0101su atveido\u0161anu:<br \/>\n-GLOSS INK &#8211; radiet imit\u0113tu reljefu un sp\u012bdumu apdari;<br \/>\n-ONBOARD PRIMER &#8211; prec\u012bzi uzkl\u0101jiet grunti uz drukas laukuma, lai nodro\u0161in\u0101tu materi\u0101lu savietojam\u012bbu;<\/p>\n<p>-WHITE INK &#8211; druk\u0101jiet baltas deta\u013cas vai pievienojiet apak\u0161sl\u0101\u0146us tum\u0161iem vai caursp\u012bd\u012bgiem materi\u0101liem.<\/p>\n<p><strong>\u012apa\u0161\u012bbas:<\/strong><\/p>\n<p>\u2013 Print\u0113\u0161anas metode: Pjezostr\u016bklas<\/p>\n<p>\u2013 Druk\u0101jam\u0101 materi\u0101las platums :210 l\u012bdz 1625 mm<br \/>\n\u2013 Tintes:ECO-UV (EUV5) 220 ml\u00a0 (Balta ) un 500 ml ( kr\u0101sainas tintes , primer)<br \/>\n\u2013 Druk\u0101jam\u0101 materi\u0101la\u00a0 biezumms:Maks. 1.00 mm ar pamatni druk\u0101\u0161anai \/Maks. 0.4 mm ar pamatni 0.22 mm bez pamatnes , grie\u0161anai.<br \/>\n\u2013 Druk\u0101jam\u0101 materi\u0101las svars: Max. 40 kg<br \/>\n\u2013 Drukas rezol\u016bcija: Max. 1440 dpi<br \/>\n\u2013 Jaudas pras\u012bbas: AC100 to 240 V \u00b1 10%, 2.1 A, 50\/60 Hz<br \/>\n\u2013 Elektr\u012bbas pat\u0113ri\u0146\u0161: maksim\u0101li 290 W darba proces\u0101, 40W \u2013 miera re\u017eim\u0101;<br \/>\n\u2013 Izm\u0113rs: 2,819 (W) \u00d7 781 (D) \u00d7 1,316 (H)<br \/>\n\u2013 Svars: 163 kg<br \/>\n\u2013 Komplekt\u0101: VersaWorks 6 RIP Software, Roland DG Printer Status Monitor, dedicated stand, power cable, blade, blade holder, media clamps, media holders, replacement blade for separating knife, cleaning liquid, drain bottle, user&#8217;s manual etc.<\/p>\n<p><a href=\"http:\/\/wmtbaltic.lv\/wp-content\/uploads\/2021\/05\/LEC2-Brochure-Eng-WEB-1.pdf\">LEC2 Brochure Eng WEB (1)<\/a><\/p>\n<iframe loading=\"lazy\"  id=\"_ytid_67823\"  width=\"780\" height=\"439\"  data-origwidth=\"780\" data-origheight=\"439\" src=\"https:\/\/www.youtube.com\/embed\/mxjHU6j6NDk?enablejsapi=1&autoplay=0&cc_load_policy=0&cc_lang_pref=&iv_load_policy=1&loop=0&rel=1&fs=1&playsinline=0&autohide=2&theme=dark&color=red&controls=1&disablekb=0&\" class=\"__youtube_prefs__  no-lazyload\" title=\"YouTube player\"  allow=\"fullscreen; accelerometer; autoplay; clipboard-write; encrypted-media; gyroscope; picture-in-picture; web-share\" referrerpolicy=\"strict-origin-when-cross-origin\" allowfullscreen data-no-lazy=\"1\" data-skipgform_ajax_framebjll=\"\"><\/iframe>\n","protected":false},"excerpt":{"rendered":"VersaUV LEC2 s\u0113rijas printeri \/ griez\u0113ji ir veidoti t\u0101, lai druk\u0101tu produkciju ar pievienotu stilu un iespaidu. Izv\u0113lieties Versa UV LEC2-640, druk\u0101jot augst\u0101k\u0101s kvalit\u0101tes iek\u0161telpu displejiem, rekl\u0101mkarogiem, POP displejiem, izk\u0101rtn\u0113m un augst\u0101k\u0101s kvalit\u0101tes grafikai.Integr\u0113t\u0101 grie\u0161ana, vien\u0101 oper\u0101cij\u0101 izveidojiet prototipus un prec\u012bzi izgrieziet sare\u017e\u0123\u012btas uzl\u012bmes un eti\u0137etes. -Augst\u0101k\u0101 kvalit\u0101te: ar prec\u012bzu punktu izvietojumu un uzlabotu galvas [...]","protected":false},"featured_media":8071,"comment_status":"closed","ping_status":"closed","template":"","meta":[],"product_brand":[],"product_cat":[258,83,1272],"product_tag":[523,752,500,497,525],"class_list":{"0":"post-7971","1":"product","2":"type-product","3":"status-publish","4":"has-post-thumbnail","6":"product_cat-iekartas-un-izejmateriali","7":"product_cat-uncategorized-lv","8":"product_cat-uv-printeri","9":"product_tag-apdruka","10":"product_tag-lec2-640","11":"product_tag-printeris","12":"product_tag-roland","13":"product_tag-uv-druka","15":"first","16":"instock","17":"shipping-taxable","18":"product-type-simple"},"yoast_head":"<!-- This site is optimized with the Yoast SEO plugin v27.4 - https:\/\/yoast.com\/product\/yoast-seo-wordpress\/ -->\n<title>VersaUV LEC2-640 printeris\/griez\u0113js WMT Baltic veikals<\/title>\n<meta name=\"description\" content=\"VersaUV LEC2 s\u0113rijas printeri \/ griez\u0113ji ir veidoti t\u0101, lai druk\u0101tu produkciju ar pievienotu stilu un iespaidu\" \/>\n<meta name=\"robots\" content=\"index, follow, max-snippet:-1, max-image-preview:large, max-video-preview:-1\" \/>\n<link rel=\"canonical\" href=\"https:\/\/wmtbaltic.lv\/Produkts\/roland-dg-versauv-lec2-640-printeris-griezejs\/\" \/>\n<meta property=\"og:locale\" content=\"en_US\" \/>\n<meta property=\"og:type\" content=\"article\" \/>\n<meta property=\"og:title\" content=\"VersaUV LEC2-640 printeris\/griez\u0113js WMT Baltic veikals\" \/>\n<meta property=\"og:description\" content=\"VersaUV LEC2 s\u0113rijas printeri \/ griez\u0113ji ir veidoti t\u0101, lai druk\u0101tu produkciju ar pievienotu stilu un iespaidu\" \/>\n<meta property=\"og:url\" content=\"https:\/\/wmtbaltic.lv\/Produkts\/roland-dg-versauv-lec2-640-printeris-griezejs\/\" \/>\n<meta property=\"og:site_name\" content=\"WMT Baltic\" \/>\n<meta property=\"article:publisher\" content=\"https:\/\/www.facebook.com\/WMT.Baltic.viscom\/?locale=lv_LV\" \/>\n<meta property=\"article:modified_time\" content=\"2023-10-20T10:17:35+00:00\" \/>\n<meta property=\"og:image\" content=\"http:\/\/wmtbaltic.lv\/wp-content\/uploads\/2021\/05\/lec2-640-2.png\" \/>\n\t<meta property=\"og:image:width\" content=\"985\" \/>\n\t<meta property=\"og:image:height\" content=\"642\" \/>\n\t<meta property=\"og:image:type\" content=\"image\/png\" \/>\n<meta name=\"twitter:card\" content=\"summary_large_image\" \/>\n<meta name=\"twitter:label1\" content=\"Est. reading time\" \/>\n\t<meta name=\"twitter:data1\" content=\"2 minutes\" \/>\n<script type=\"application\/ld+json\" class=\"yoast-schema-graph\">{\"@context\":\"https:\\\/\\\/schema.org\",\"@graph\":[{\"@type\":\"WebPage\",\"@id\":\"https:\\\/\\\/wmtbaltic.lv\\\/Produkts\\\/roland-dg-versauv-lec2-640-printeris-griezejs\\\/\",\"url\":\"https:\\\/\\\/wmtbaltic.lv\\\/Produkts\\\/roland-dg-versauv-lec2-640-printeris-griezejs\\\/\",\"name\":\"VersaUV LEC2-640 printeris\\\/griez\u0113js WMT Baltic veikals\",\"isPartOf\":{\"@id\":\"https:\\\/\\\/wmtbaltic.lv\\\/#website\"},\"primaryImageOfPage\":{\"@id\":\"https:\\\/\\\/wmtbaltic.lv\\\/Produkts\\\/roland-dg-versauv-lec2-640-printeris-griezejs\\\/#primaryimage\"},\"image\":{\"@id\":\"https:\\\/\\\/wmtbaltic.lv\\\/Produkts\\\/roland-dg-versauv-lec2-640-printeris-griezejs\\\/#primaryimage\"},\"thumbnailUrl\":\"https:\\\/\\\/wmtbaltic.lv\\\/wp-content\\\/uploads\\\/2021\\\/05\\\/lec2-640-2.png\",\"datePublished\":\"2021-05-31T12:58:29+00:00\",\"dateModified\":\"2023-10-20T10:17:35+00:00\",\"description\":\"VersaUV LEC2 s\u0113rijas printeri \\\/ griez\u0113ji ir veidoti t\u0101, lai druk\u0101tu produkciju ar pievienotu stilu un iespaidu\",\"breadcrumb\":{\"@id\":\"https:\\\/\\\/wmtbaltic.lv\\\/Produkts\\\/roland-dg-versauv-lec2-640-printeris-griezejs\\\/#breadcrumb\"},\"inLanguage\":\"en-US\",\"potentialAction\":[{\"@type\":\"ReadAction\",\"target\":[\"https:\\\/\\\/wmtbaltic.lv\\\/Produkts\\\/roland-dg-versauv-lec2-640-printeris-griezejs\\\/\"]}]},{\"@type\":\"ImageObject\",\"inLanguage\":\"en-US\",\"@id\":\"https:\\\/\\\/wmtbaltic.lv\\\/Produkts\\\/roland-dg-versauv-lec2-640-printeris-griezejs\\\/#primaryimage\",\"url\":\"https:\\\/\\\/wmtbaltic.lv\\\/wp-content\\\/uploads\\\/2021\\\/05\\\/lec2-640-2.png\",\"contentUrl\":\"https:\\\/\\\/wmtbaltic.lv\\\/wp-content\\\/uploads\\\/2021\\\/05\\\/lec2-640-2.png\",\"width\":985,\"height\":642},{\"@type\":\"BreadcrumbList\",\"@id\":\"https:\\\/\\\/wmtbaltic.lv\\\/Produkts\\\/roland-dg-versauv-lec2-640-printeris-griezejs\\\/#breadcrumb\",\"itemListElement\":[{\"@type\":\"ListItem\",\"position\":1,\"name\":\"Home\",\"item\":\"https:\\\/\\\/wmtbaltic.lv\\\/en\\\/\"},{\"@type\":\"ListItem\",\"position\":2,\"name\":\"Products\",\"item\":\"https:\\\/\\\/wmtbaltic.lv\\\/en\\\/shop\\\/\"},{\"@type\":\"ListItem\",\"position\":3,\"name\":\"Roland DG VersaUV LEC2-640 printeris\\\/griez\u0113js\"}]},{\"@type\":\"WebSite\",\"@id\":\"https:\\\/\\\/wmtbaltic.lv\\\/#website\",\"url\":\"https:\\\/\\\/wmtbaltic.lv\\\/\",\"name\":\"WMT Baltic\",\"description\":\"Rekl\u0101mas produkti, pl\u0113ves\",\"publisher\":{\"@id\":\"https:\\\/\\\/wmtbaltic.lv\\\/#organization\"},\"potentialAction\":[{\"@type\":\"SearchAction\",\"target\":{\"@type\":\"EntryPoint\",\"urlTemplate\":\"https:\\\/\\\/wmtbaltic.lv\\\/?s={search_term_string}\"},\"query-input\":{\"@type\":\"PropertyValueSpecification\",\"valueRequired\":true,\"valueName\":\"search_term_string\"}}],\"inLanguage\":\"en-US\"},{\"@type\":\"Organization\",\"@id\":\"https:\\\/\\\/wmtbaltic.lv\\\/#organization\",\"name\":\"WMT Baltic\",\"url\":\"https:\\\/\\\/wmtbaltic.lv\\\/\",\"logo\":{\"@type\":\"ImageObject\",\"inLanguage\":\"en-US\",\"@id\":\"https:\\\/\\\/wmtbaltic.lv\\\/#\\\/schema\\\/logo\\\/image\\\/\",\"url\":\"https:\\\/\\\/wmtbaltic.lv\\\/wp-content\\\/uploads\\\/2024\\\/12\\\/wmt-baltic-sia_107142_9_420x180.jpg\",\"contentUrl\":\"https:\\\/\\\/wmtbaltic.lv\\\/wp-content\\\/uploads\\\/2024\\\/12\\\/wmt-baltic-sia_107142_9_420x180.jpg\",\"width\":420,\"height\":180,\"caption\":\"WMT Baltic\"},\"image\":{\"@id\":\"https:\\\/\\\/wmtbaltic.lv\\\/#\\\/schema\\\/logo\\\/image\\\/\"},\"sameAs\":[\"https:\\\/\\\/www.facebook.com\\\/WMT.Baltic.viscom\\\/?locale=lv_LV\",\"https:\\\/\\\/www.instagram.com\\\/viscom_wmt\\\/\"]}]}<\/script>\n<!-- \/ Yoast SEO plugin. -->","yoast_head_json":{"title":"VersaUV LEC2-640 printeris\/griez\u0113js WMT Baltic veikals","description":"VersaUV LEC2 s\u0113rijas printeri \/ griez\u0113ji ir veidoti t\u0101, lai druk\u0101tu produkciju ar pievienotu stilu un iespaidu","robots":{"index":"index","follow":"follow","max-snippet":"max-snippet:-1","max-image-preview":"max-image-preview:large","max-video-preview":"max-video-preview:-1"},"canonical":"https:\/\/wmtbaltic.lv\/Produkts\/roland-dg-versauv-lec2-640-printeris-griezejs\/","og_locale":"en_US","og_type":"article","og_title":"VersaUV LEC2-640 printeris\/griez\u0113js WMT Baltic veikals","og_description":"VersaUV LEC2 s\u0113rijas printeri \/ griez\u0113ji ir veidoti t\u0101, lai druk\u0101tu produkciju ar pievienotu stilu un iespaidu","og_url":"https:\/\/wmtbaltic.lv\/Produkts\/roland-dg-versauv-lec2-640-printeris-griezejs\/","og_site_name":"WMT Baltic","article_publisher":"https:\/\/www.facebook.com\/WMT.Baltic.viscom\/?locale=lv_LV","article_modified_time":"2023-10-20T10:17:35+00:00","og_image":[{"width":985,"height":642,"url":"http:\/\/wmtbaltic.lv\/wp-content\/uploads\/2021\/05\/lec2-640-2.png","type":"image\/png"}],"twitter_card":"summary_large_image","twitter_misc":{"Est. reading time":"2 minutes"},"schema":{"@context":"https:\/\/schema.org","@graph":[{"@type":"WebPage","@id":"https:\/\/wmtbaltic.lv\/Produkts\/roland-dg-versauv-lec2-640-printeris-griezejs\/","url":"https:\/\/wmtbaltic.lv\/Produkts\/roland-dg-versauv-lec2-640-printeris-griezejs\/","name":"VersaUV LEC2-640 printeris\/griez\u0113js WMT Baltic veikals","isPartOf":{"@id":"https:\/\/wmtbaltic.lv\/#website"},"primaryImageOfPage":{"@id":"https:\/\/wmtbaltic.lv\/Produkts\/roland-dg-versauv-lec2-640-printeris-griezejs\/#primaryimage"},"image":{"@id":"https:\/\/wmtbaltic.lv\/Produkts\/roland-dg-versauv-lec2-640-printeris-griezejs\/#primaryimage"},"thumbnailUrl":"https:\/\/wmtbaltic.lv\/wp-content\/uploads\/2021\/05\/lec2-640-2.png","datePublished":"2021-05-31T12:58:29+00:00","dateModified":"2023-10-20T10:17:35+00:00","description":"VersaUV LEC2 s\u0113rijas printeri \/ griez\u0113ji ir veidoti t\u0101, lai druk\u0101tu produkciju ar pievienotu stilu un iespaidu","breadcrumb":{"@id":"https:\/\/wmtbaltic.lv\/Produkts\/roland-dg-versauv-lec2-640-printeris-griezejs\/#breadcrumb"},"inLanguage":"en-US","potentialAction":[{"@type":"ReadAction","target":["https:\/\/wmtbaltic.lv\/Produkts\/roland-dg-versauv-lec2-640-printeris-griezejs\/"]}]},{"@type":"ImageObject","inLanguage":"en-US","@id":"https:\/\/wmtbaltic.lv\/Produkts\/roland-dg-versauv-lec2-640-printeris-griezejs\/#primaryimage","url":"https:\/\/wmtbaltic.lv\/wp-content\/uploads\/2021\/05\/lec2-640-2.png","contentUrl":"https:\/\/wmtbaltic.lv\/wp-content\/uploads\/2021\/05\/lec2-640-2.png","width":985,"height":642},{"@type":"BreadcrumbList","@id":"https:\/\/wmtbaltic.lv\/Produkts\/roland-dg-versauv-lec2-640-printeris-griezejs\/#breadcrumb","itemListElement":[{"@type":"ListItem","position":1,"name":"Home","item":"https:\/\/wmtbaltic.lv\/en\/"},{"@type":"ListItem","position":2,"name":"Products","item":"https:\/\/wmtbaltic.lv\/en\/shop\/"},{"@type":"ListItem","position":3,"name":"Roland DG VersaUV LEC2-640 printeris\/griez\u0113js"}]},{"@type":"WebSite","@id":"https:\/\/wmtbaltic.lv\/#website","url":"https:\/\/wmtbaltic.lv\/","name":"WMT Baltic","description":"Rekl\u0101mas produkti, pl\u0113ves","publisher":{"@id":"https:\/\/wmtbaltic.lv\/#organization"},"potentialAction":[{"@type":"SearchAction","target":{"@type":"EntryPoint","urlTemplate":"https:\/\/wmtbaltic.lv\/?s={search_term_string}"},"query-input":{"@type":"PropertyValueSpecification","valueRequired":true,"valueName":"search_term_string"}}],"inLanguage":"en-US"},{"@type":"Organization","@id":"https:\/\/wmtbaltic.lv\/#organization","name":"WMT Baltic","url":"https:\/\/wmtbaltic.lv\/","logo":{"@type":"ImageObject","inLanguage":"en-US","@id":"https:\/\/wmtbaltic.lv\/#\/schema\/logo\/image\/","url":"https:\/\/wmtbaltic.lv\/wp-content\/uploads\/2024\/12\/wmt-baltic-sia_107142_9_420x180.jpg","contentUrl":"https:\/\/wmtbaltic.lv\/wp-content\/uploads\/2024\/12\/wmt-baltic-sia_107142_9_420x180.jpg","width":420,"height":180,"caption":"WMT Baltic"},"image":{"@id":"https:\/\/wmtbaltic.lv\/#\/schema\/logo\/image\/"},"sameAs":["https:\/\/www.facebook.com\/WMT.Baltic.viscom\/?locale=lv_LV","https:\/\/www.instagram.com\/viscom_wmt\/"]}]}},"_links":{"self":[{"href":"https:\/\/wmtbaltic.lv\/en\/wp-json\/wp\/v2\/product\/7971","targetHints":{"allow":["GET"]}}],"collection":[{"href":"https:\/\/wmtbaltic.lv\/en\/wp-json\/wp\/v2\/product"}],"about":[{"href":"https:\/\/wmtbaltic.lv\/en\/wp-json\/wp\/v2\/types\/product"}],"replies":[{"embeddable":true,"href":"https:\/\/wmtbaltic.lv\/en\/wp-json\/wp\/v2\/comments?post=7971"}],"wp:featuredmedia":[{"embeddable":true,"href":"https:\/\/wmtbaltic.lv\/en\/wp-json\/wp\/v2\/media\/8071"}],"wp:attachment":[{"href":"https:\/\/wmtbaltic.lv\/en\/wp-json\/wp\/v2\/media?parent=7971"}],"wp:term":[{"taxonomy":"product_brand","embeddable":true,"href":"https:\/\/wmtbaltic.lv\/en\/wp-json\/wp\/v2\/product_brand?post=7971"},{"taxonomy":"product_cat","embeddable":true,"href":"https:\/\/wmtbaltic.lv\/en\/wp-json\/wp\/v2\/product_cat?post=7971"},{"taxonomy":"product_tag","embeddable":true,"href":"https:\/\/wmtbaltic.lv\/en\/wp-json\/wp\/v2\/product_tag?post=7971"}],"curies":[{"name":"wp","href":"https:\/\/api.w.org\/{rel}","templated":true}]}}