{"id":7904,"date":"2021-05-24T14:07:13","date_gmt":"2021-05-24T14:07:13","guid":{"rendered":"https:\/\/wmtbaltic.lv\/?post_type=product&#038;p=7904"},"modified":"2024-01-29T09:59:42","modified_gmt":"2024-01-29T09:59:42","slug":"vitrazas-limpleve-glasscolour-aslan-ct-113-11383-light-blue1-25m","status":"publish","type":"product","link":"https:\/\/wmtbaltic.lv\/en\/product\/vitrazas-limpleve-glasscolour-aslan-ct-113-11383-light-blue1-25m\/","title":{"rendered":"Vitr\u0101\u017eas l\u012bmpl\u0113ve GlassColour ASLAN CT 113\/11383 light blue,1.25m"},"content":{"rendered":"<p>Cena par teko\u0161o metru.<\/p>\n<p>Pl\u0113ves platums 1.25m.<\/p>\n<p>Rull\u012b 25m.<\/p>\n<p>&nbsp;<\/p>\n<p><strong>Jei norite \u012fsigyti vitra\u017ein\u0117 lipni pl\u0117vel\u0117 GlassColour ASLAN CT 113\/11383 light blue,1.25m m<\/strong><strong>prek\u0119 m\u016bs\u0173 ofise Lietuvoje,Vilniuje \u201dWMT Vilnius\u201dkambinkite: +37065562119, ra\u0161ykite:\u00a0<a href=\"mailto:info@wmt.lt\">info@wmt.lt<\/a><\/strong><\/p>\n<p><strong>Bendravimui su ofisu Rygoje WMT Baltic SIA, Skambinkite: +371 67800830,ra\u0161ykite:\u00a0<a href=\"mailto:info@adv24.lv\">info@adv24.lv<\/a><\/strong><\/p>\n","protected":false},"excerpt":{"rendered":"Cena par teko\u0161o metru. Pl\u0113ves platums 1.25m. Rull\u012b 25m. &nbsp; Jei norite \u012fsigyti vitra\u017ein\u0117 lipni pl\u0117vel\u0117 GlassColour ASLAN CT 113\/11383 light blue,1.25m mprek\u0119 m\u016bs\u0173 ofise Lietuvoje,Vilniuje \u201dWMT Vilnius\u201dkambinkite: +37065562119, ra\u0161ykite:\u00a0info@wmt.lt Bendravimui su ofisu Rygoje WMT Baltic SIA, Skambinkite: +371 67800830,ra\u0161ykite:\u00a0info@adv24.lv","protected":false},"featured_media":7907,"template":"","meta":[],"product_brand":[],"product_cat":[544,413],"product_tag":[441,739],"class_list":{"0":"post-7904","1":"product","2":"type-product","3":"status-publish","4":"has-post-thumbnail","6":"product_cat-aslan","7":"product_cat-limpleves-ar-dekorativo-dizainu","8":"product_tag-krasainas_pleves","9":"product_tag-vitrazas_pleves","11":"first","12":"instock","13":"shipping-taxable","14":"purchasable","15":"product-type-variable"},"yoast_head":"<!-- This site is optimized with the Yoast SEO plugin v27.4 - https:\/\/yoast.com\/product\/yoast-seo-wordpress\/ -->\n<title>Vitr\u0101\u017eas l\u012bmpl\u0113ve GlassColour ASLAN CT 113\/11383 light blue,nopirkt<\/title>\n<meta name=\"description\" content=\"%\" \/>\n<meta name=\"robots\" content=\"index, follow, max-snippet:-1, max-image-preview:large, max-video-preview:-1\" \/>\n<link rel=\"canonical\" href=\"https:\/\/wmtbaltic.lv\/Produkts\/vitrazas-limpleve-glasscolour-aslan-ct-113-11383-light-blue1-25m\/\" \/>\n<meta property=\"og:locale\" content=\"en_US\" \/>\n<meta property=\"og:type\" content=\"article\" \/>\n<meta property=\"og:title\" content=\"Vitr\u0101\u017eas l\u012bmpl\u0113ve GlassColour ASLAN CT 113\/11383 light blue,nopirkt\" \/>\n<meta property=\"og:description\" content=\"%\" \/>\n<meta property=\"og:url\" content=\"https:\/\/wmtbaltic.lv\/Produkts\/vitrazas-limpleve-glasscolour-aslan-ct-113-11383-light-blue1-25m\/\" \/>\n<meta property=\"og:site_name\" content=\"WMT Baltic\" \/>\n<meta property=\"article:publisher\" content=\"https:\/\/www.facebook.com\/WMT.Baltic.viscom\/?locale=lv_LV\" \/>\n<meta property=\"article:modified_time\" content=\"2024-01-29T09:59:42+00:00\" \/>\n<meta property=\"og:image\" content=\"http:\/\/wmtbaltic.lv\/wp-content\/uploads\/2021\/05\/ASLAN_11383.jpg\" \/>\n\t<meta property=\"og:image:width\" content=\"250\" \/>\n\t<meta property=\"og:image:height\" content=\"269\" \/>\n\t<meta property=\"og:image:type\" content=\"image\/jpeg\" \/>\n<meta name=\"twitter:card\" content=\"summary_large_image\" \/>\n<meta name=\"twitter:label1\" content=\"Est. reading time\" \/>\n\t<meta name=\"twitter:data1\" content=\"1 minute\" \/>\n<script type=\"application\/ld+json\" class=\"yoast-schema-graph\">{\"@context\":\"https:\\\/\\\/schema.org\",\"@graph\":[{\"@type\":\"WebPage\",\"@id\":\"https:\\\/\\\/wmtbaltic.lv\\\/Produkts\\\/vitrazas-limpleve-glasscolour-aslan-ct-113-11383-light-blue1-25m\\\/\",\"url\":\"https:\\\/\\\/wmtbaltic.lv\\\/Produkts\\\/vitrazas-limpleve-glasscolour-aslan-ct-113-11383-light-blue1-25m\\\/\",\"name\":\"Vitr\u0101\u017eas l\u012bmpl\u0113ve GlassColour ASLAN CT 113\\\/11383 light blue,nopirkt\",\"isPartOf\":{\"@id\":\"https:\\\/\\\/wmtbaltic.lv\\\/#website\"},\"primaryImageOfPage\":{\"@id\":\"https:\\\/\\\/wmtbaltic.lv\\\/Produkts\\\/vitrazas-limpleve-glasscolour-aslan-ct-113-11383-light-blue1-25m\\\/#primaryimage\"},\"image\":{\"@id\":\"https:\\\/\\\/wmtbaltic.lv\\\/Produkts\\\/vitrazas-limpleve-glasscolour-aslan-ct-113-11383-light-blue1-25m\\\/#primaryimage\"},\"thumbnailUrl\":\"https:\\\/\\\/wmtbaltic.lv\\\/wp-content\\\/uploads\\\/2021\\\/05\\\/ASLAN_11383.jpg\",\"datePublished\":\"2021-05-24T14:07:13+00:00\",\"dateModified\":\"2024-01-29T09:59:42+00:00\",\"description\":\"%\",\"breadcrumb\":{\"@id\":\"https:\\\/\\\/wmtbaltic.lv\\\/Produkts\\\/vitrazas-limpleve-glasscolour-aslan-ct-113-11383-light-blue1-25m\\\/#breadcrumb\"},\"inLanguage\":\"en-US\",\"potentialAction\":[{\"@type\":\"ReadAction\",\"target\":[\"https:\\\/\\\/wmtbaltic.lv\\\/Produkts\\\/vitrazas-limpleve-glasscolour-aslan-ct-113-11383-light-blue1-25m\\\/\"]}]},{\"@type\":\"ImageObject\",\"inLanguage\":\"en-US\",\"@id\":\"https:\\\/\\\/wmtbaltic.lv\\\/Produkts\\\/vitrazas-limpleve-glasscolour-aslan-ct-113-11383-light-blue1-25m\\\/#primaryimage\",\"url\":\"https:\\\/\\\/wmtbaltic.lv\\\/wp-content\\\/uploads\\\/2021\\\/05\\\/ASLAN_11383.jpg\",\"contentUrl\":\"https:\\\/\\\/wmtbaltic.lv\\\/wp-content\\\/uploads\\\/2021\\\/05\\\/ASLAN_11383.jpg\",\"width\":250,\"height\":269},{\"@type\":\"BreadcrumbList\",\"@id\":\"https:\\\/\\\/wmtbaltic.lv\\\/Produkts\\\/vitrazas-limpleve-glasscolour-aslan-ct-113-11383-light-blue1-25m\\\/#breadcrumb\",\"itemListElement\":[{\"@type\":\"ListItem\",\"position\":1,\"name\":\"Home\",\"item\":\"https:\\\/\\\/wmtbaltic.lv\\\/en\\\/\"},{\"@type\":\"ListItem\",\"position\":2,\"name\":\"Shop\",\"item\":\"https:\\\/\\\/wmtbaltic.lv\\\/shop\\\/\"},{\"@type\":\"ListItem\",\"position\":3,\"name\":\"Vitr\u0101\u017eas l\u012bmpl\u0113ve GlassColour ASLAN CT 113\\\/11383 light blue,1.25m\"}]},{\"@type\":\"WebSite\",\"@id\":\"https:\\\/\\\/wmtbaltic.lv\\\/#website\",\"url\":\"https:\\\/\\\/wmtbaltic.lv\\\/\",\"name\":\"WMT Baltic\",\"description\":\"Rekl\u0101mas produkti, pl\u0113ves\",\"publisher\":{\"@id\":\"https:\\\/\\\/wmtbaltic.lv\\\/#organization\"},\"potentialAction\":[{\"@type\":\"SearchAction\",\"target\":{\"@type\":\"EntryPoint\",\"urlTemplate\":\"https:\\\/\\\/wmtbaltic.lv\\\/?s={search_term_string}\"},\"query-input\":{\"@type\":\"PropertyValueSpecification\",\"valueRequired\":true,\"valueName\":\"search_term_string\"}}],\"inLanguage\":\"en-US\"},{\"@type\":\"Organization\",\"@id\":\"https:\\\/\\\/wmtbaltic.lv\\\/#organization\",\"name\":\"WMT Baltic\",\"url\":\"https:\\\/\\\/wmtbaltic.lv\\\/\",\"logo\":{\"@type\":\"ImageObject\",\"inLanguage\":\"en-US\",\"@id\":\"https:\\\/\\\/wmtbaltic.lv\\\/#\\\/schema\\\/logo\\\/image\\\/\",\"url\":\"https:\\\/\\\/wmtbaltic.lv\\\/wp-content\\\/uploads\\\/2024\\\/12\\\/wmt-baltic-sia_107142_9_420x180.jpg\",\"contentUrl\":\"https:\\\/\\\/wmtbaltic.lv\\\/wp-content\\\/uploads\\\/2024\\\/12\\\/wmt-baltic-sia_107142_9_420x180.jpg\",\"width\":420,\"height\":180,\"caption\":\"WMT Baltic\"},\"image\":{\"@id\":\"https:\\\/\\\/wmtbaltic.lv\\\/#\\\/schema\\\/logo\\\/image\\\/\"},\"sameAs\":[\"https:\\\/\\\/www.facebook.com\\\/WMT.Baltic.viscom\\\/?locale=lv_LV\",\"https:\\\/\\\/www.instagram.com\\\/viscom_wmt\\\/\"]}]}<\/script>\n<!-- \/ Yoast SEO plugin. -->","yoast_head_json":{"title":"Vitr\u0101\u017eas l\u012bmpl\u0113ve GlassColour ASLAN CT 113\/11383 light blue,nopirkt","description":"%","robots":{"index":"index","follow":"follow","max-snippet":"max-snippet:-1","max-image-preview":"max-image-preview:large","max-video-preview":"max-video-preview:-1"},"canonical":"https:\/\/wmtbaltic.lv\/Produkts\/vitrazas-limpleve-glasscolour-aslan-ct-113-11383-light-blue1-25m\/","og_locale":"en_US","og_type":"article","og_title":"Vitr\u0101\u017eas l\u012bmpl\u0113ve GlassColour ASLAN CT 113\/11383 light blue,nopirkt","og_description":"%","og_url":"https:\/\/wmtbaltic.lv\/Produkts\/vitrazas-limpleve-glasscolour-aslan-ct-113-11383-light-blue1-25m\/","og_site_name":"WMT Baltic","article_publisher":"https:\/\/www.facebook.com\/WMT.Baltic.viscom\/?locale=lv_LV","article_modified_time":"2024-01-29T09:59:42+00:00","og_image":[{"width":250,"height":269,"url":"http:\/\/wmtbaltic.lv\/wp-content\/uploads\/2021\/05\/ASLAN_11383.jpg","type":"image\/jpeg"}],"twitter_card":"summary_large_image","twitter_misc":{"Est. reading time":"1 minute"},"schema":{"@context":"https:\/\/schema.org","@graph":[{"@type":"WebPage","@id":"https:\/\/wmtbaltic.lv\/Produkts\/vitrazas-limpleve-glasscolour-aslan-ct-113-11383-light-blue1-25m\/","url":"https:\/\/wmtbaltic.lv\/Produkts\/vitrazas-limpleve-glasscolour-aslan-ct-113-11383-light-blue1-25m\/","name":"Vitr\u0101\u017eas l\u012bmpl\u0113ve GlassColour ASLAN CT 113\/11383 light blue,nopirkt","isPartOf":{"@id":"https:\/\/wmtbaltic.lv\/#website"},"primaryImageOfPage":{"@id":"https:\/\/wmtbaltic.lv\/Produkts\/vitrazas-limpleve-glasscolour-aslan-ct-113-11383-light-blue1-25m\/#primaryimage"},"image":{"@id":"https:\/\/wmtbaltic.lv\/Produkts\/vitrazas-limpleve-glasscolour-aslan-ct-113-11383-light-blue1-25m\/#primaryimage"},"thumbnailUrl":"https:\/\/wmtbaltic.lv\/wp-content\/uploads\/2021\/05\/ASLAN_11383.jpg","datePublished":"2021-05-24T14:07:13+00:00","dateModified":"2024-01-29T09:59:42+00:00","description":"%","breadcrumb":{"@id":"https:\/\/wmtbaltic.lv\/Produkts\/vitrazas-limpleve-glasscolour-aslan-ct-113-11383-light-blue1-25m\/#breadcrumb"},"inLanguage":"en-US","potentialAction":[{"@type":"ReadAction","target":["https:\/\/wmtbaltic.lv\/Produkts\/vitrazas-limpleve-glasscolour-aslan-ct-113-11383-light-blue1-25m\/"]}]},{"@type":"ImageObject","inLanguage":"en-US","@id":"https:\/\/wmtbaltic.lv\/Produkts\/vitrazas-limpleve-glasscolour-aslan-ct-113-11383-light-blue1-25m\/#primaryimage","url":"https:\/\/wmtbaltic.lv\/wp-content\/uploads\/2021\/05\/ASLAN_11383.jpg","contentUrl":"https:\/\/wmtbaltic.lv\/wp-content\/uploads\/2021\/05\/ASLAN_11383.jpg","width":250,"height":269},{"@type":"BreadcrumbList","@id":"https:\/\/wmtbaltic.lv\/Produkts\/vitrazas-limpleve-glasscolour-aslan-ct-113-11383-light-blue1-25m\/#breadcrumb","itemListElement":[{"@type":"ListItem","position":1,"name":"Home","item":"https:\/\/wmtbaltic.lv\/en\/"},{"@type":"ListItem","position":2,"name":"Shop","item":"https:\/\/wmtbaltic.lv\/shop\/"},{"@type":"ListItem","position":3,"name":"Vitr\u0101\u017eas l\u012bmpl\u0113ve GlassColour ASLAN CT 113\/11383 light blue,1.25m"}]},{"@type":"WebSite","@id":"https:\/\/wmtbaltic.lv\/#website","url":"https:\/\/wmtbaltic.lv\/","name":"WMT Baltic","description":"Rekl\u0101mas produkti, pl\u0113ves","publisher":{"@id":"https:\/\/wmtbaltic.lv\/#organization"},"potentialAction":[{"@type":"SearchAction","target":{"@type":"EntryPoint","urlTemplate":"https:\/\/wmtbaltic.lv\/?s={search_term_string}"},"query-input":{"@type":"PropertyValueSpecification","valueRequired":true,"valueName":"search_term_string"}}],"inLanguage":"en-US"},{"@type":"Organization","@id":"https:\/\/wmtbaltic.lv\/#organization","name":"WMT Baltic","url":"https:\/\/wmtbaltic.lv\/","logo":{"@type":"ImageObject","inLanguage":"en-US","@id":"https:\/\/wmtbaltic.lv\/#\/schema\/logo\/image\/","url":"https:\/\/wmtbaltic.lv\/wp-content\/uploads\/2024\/12\/wmt-baltic-sia_107142_9_420x180.jpg","contentUrl":"https:\/\/wmtbaltic.lv\/wp-content\/uploads\/2024\/12\/wmt-baltic-sia_107142_9_420x180.jpg","width":420,"height":180,"caption":"WMT Baltic"},"image":{"@id":"https:\/\/wmtbaltic.lv\/#\/schema\/logo\/image\/"},"sameAs":["https:\/\/www.facebook.com\/WMT.Baltic.viscom\/?locale=lv_LV","https:\/\/www.instagram.com\/viscom_wmt\/"]}]}},"_links":{"self":[{"href":"https:\/\/wmtbaltic.lv\/en\/wp-json\/wp\/v2\/product\/7904","targetHints":{"allow":["GET"]}}],"collection":[{"href":"https:\/\/wmtbaltic.lv\/en\/wp-json\/wp\/v2\/product"}],"about":[{"href":"https:\/\/wmtbaltic.lv\/en\/wp-json\/wp\/v2\/types\/product"}],"wp:featuredmedia":[{"embeddable":true,"href":"https:\/\/wmtbaltic.lv\/en\/wp-json\/wp\/v2\/media\/7907"}],"wp:attachment":[{"href":"https:\/\/wmtbaltic.lv\/en\/wp-json\/wp\/v2\/media?parent=7904"}],"wp:term":[{"taxonomy":"product_brand","embeddable":true,"href":"https:\/\/wmtbaltic.lv\/en\/wp-json\/wp\/v2\/product_brand?post=7904"},{"taxonomy":"product_cat","embeddable":true,"href":"https:\/\/wmtbaltic.lv\/en\/wp-json\/wp\/v2\/product_cat?post=7904"},{"taxonomy":"product_tag","embeddable":true,"href":"https:\/\/wmtbaltic.lv\/en\/wp-json\/wp\/v2\/product_tag?post=7904"}],"curies":[{"name":"wp","href":"https:\/\/api.w.org\/{rel}","templated":true}]}}