{"id":7739,"date":"2021-05-20T11:05:21","date_gmt":"2021-05-20T11:05:21","guid":{"rendered":"https:\/\/wmtbaltic.lv\/?post_type=product&#038;p=7739"},"modified":"2024-01-29T07:16:33","modified_gmt":"2024-01-29T07:16:33","slug":"limpleve-solo-frosted-glass-1-37m","status":"publish","type":"product","link":"https:\/\/wmtbaltic.lv\/en\/product\/limpleve-solo-frosted-glass-1-37m\/","title":{"rendered":"L\u012bmpl\u0113ve SOLO Frosted Glass, 1.37m"},"content":{"rendered":"<p>Polim\u0113ra puscaursp\u012bd\u012bga sudraba kr\u0101sas PVC l\u012bmpl\u0113ve 80 \u00b5 ar sarmas efektu, piem\u0113rota drukai ar solventa un ekosolventa tint\u0113m. \u012apa\u0161i piem\u0113rota lieto\u0161anai uz plakan\u0101m un izliekt\u0101m virsm\u0101m. Neatst\u0101j l\u012bmi, ja pareizi uzkl\u0101ta. Laba \u016bdens iztur\u012bba.<\/p>\n<p>&nbsp;<\/p>\n<p><strong>Pied\u0101v\u0101jam ar\u012b plotergrie\u0161anas pakalpojumus: +371 67800830 | info@adv24.lv<\/strong><\/p>\n<p>&nbsp;<\/p>\n<p>Cena par teko\u0161o metru.<\/p>\n<p>Pl\u0113ves platums 1.37m.<\/p>\n<p>Rull\u012b 50 m.<\/p>\n<p>Tehniskais apraksts: <a href=\"http:\/\/wmtbaltic.lv\/wp-content\/uploads\/2021\/05\/SOLO_DECOGLASS_SoloFrostedGlass_TechnicalDataSheet.pdf\">SOLO_DECOGLASS_SoloFrostedGlass_TechnicalDataSheet<\/a><\/p>\n<p>&nbsp;<\/p>\n<p>&nbsp;<\/p>\n<p><strong>Jei norite \u012fsigyti lipni pl\u0117vel\u0117 SOLO Frosted Glass, 1.37m prek\u0119 m\u016bs\u0173 ofise Lietuvoje,Vilniuje \u201dWMT Vilnius\u201dkambinkite: +37065562119, ra\u0161ykite: <a href=\"mailto:info@wmt.lt\">info@wmt.lt<\/a><\/strong><\/p>\n<p><strong>Bendravimui su ofisu Rygoje WMT Baltic SIA, Skambinkite: +371 67800830,ra\u0161ykite:\u00a0<a href=\"mailto:info@adv24.lv\">info@adv24.lv<\/a><\/strong><\/p>\n","protected":false},"excerpt":{"rendered":"Polim\u0113ra puscaursp\u012bd\u012bga sudraba kr\u0101sas PVC l\u012bmpl\u0113ve 80 \u00b5 ar sarmas efektu, piem\u0113rota drukai ar solventa un ekosolventa tint\u0113m. \u012apa\u0161i piem\u0113rota lieto\u0161anai uz plakan\u0101m un izliekt\u0101m virsm\u0101m. Neatst\u0101j l\u012bmi, ja pareizi uzkl\u0101ta. Laba \u016bdens iztur\u012bba. &nbsp; Pied\u0101v\u0101jam ar\u012b plotergrie\u0161anas pakalpojumus: +371 67800830 | info@adv24.lv &nbsp; Cena par teko\u0161o metru. Pl\u0113ves platums 1.37m. Rull\u012b 50 m. Tehniskais [...]","protected":false},"featured_media":7742,"comment_status":"closed","ping_status":"closed","template":"","meta":[],"product_brand":[],"product_cat":[423],"product_tag":[],"class_list":{"0":"post-7739","1":"product","2":"type-product","3":"status-publish","4":"has-post-thumbnail","6":"product_cat-limpleves-ar-smilsstrukla-efektu-2","8":"first","9":"instock","10":"shipping-taxable","11":"purchasable","12":"product-type-variable"},"yoast_head":"<!-- This site is optimized with the Yoast SEO plugin v27.4 - https:\/\/yoast.com\/product\/yoast-seo-wordpress\/ -->\n<title>L\u012bmpl\u0113ve SOLO Frosted Glass, 1.37m , nopirkt R\u012bg\u0101<\/title>\n<meta name=\"robots\" content=\"index, follow, max-snippet:-1, max-image-preview:large, max-video-preview:-1\" \/>\n<link rel=\"canonical\" href=\"https:\/\/wmtbaltic.lv\/Produkts\/limpleve-solo-frosted-glass-1-37m\/\" \/>\n<meta property=\"og:locale\" content=\"en_US\" \/>\n<meta property=\"og:type\" content=\"article\" \/>\n<meta property=\"og:title\" content=\"L\u012bmpl\u0113ve SOLO Frosted Glass, 1.37m , nopirkt R\u012bg\u0101\" \/>\n<meta property=\"og:url\" content=\"https:\/\/wmtbaltic.lv\/Produkts\/limpleve-solo-frosted-glass-1-37m\/\" \/>\n<meta property=\"og:site_name\" content=\"WMT Baltic\" \/>\n<meta property=\"article:publisher\" content=\"https:\/\/www.facebook.com\/WMT.Baltic.viscom\/?locale=lv_LV\" \/>\n<meta property=\"article:modified_time\" content=\"2024-01-29T07:16:33+00:00\" \/>\n<meta property=\"og:image\" content=\"http:\/\/wmtbaltic.lv\/wp-content\/uploads\/2021\/05\/19_Frosted-Glass-scaled.jpg\" \/>\n\t<meta property=\"og:image:width\" content=\"2560\" \/>\n\t<meta property=\"og:image:height\" content=\"2457\" \/>\n\t<meta property=\"og:image:type\" content=\"image\/jpeg\" \/>\n<meta name=\"twitter:card\" content=\"summary_large_image\" \/>\n<meta name=\"twitter:label1\" content=\"Est. reading time\" \/>\n\t<meta name=\"twitter:data1\" content=\"1 minute\" \/>\n<script type=\"application\/ld+json\" class=\"yoast-schema-graph\">{\"@context\":\"https:\\\/\\\/schema.org\",\"@graph\":[{\"@type\":\"WebPage\",\"@id\":\"https:\\\/\\\/wmtbaltic.lv\\\/Produkts\\\/limpleve-solo-frosted-glass-1-37m\\\/\",\"url\":\"https:\\\/\\\/wmtbaltic.lv\\\/Produkts\\\/limpleve-solo-frosted-glass-1-37m\\\/\",\"name\":\"L\u012bmpl\u0113ve SOLO Frosted Glass, 1.37m , nopirkt R\u012bg\u0101\",\"isPartOf\":{\"@id\":\"https:\\\/\\\/wmtbaltic.lv\\\/#website\"},\"primaryImageOfPage\":{\"@id\":\"https:\\\/\\\/wmtbaltic.lv\\\/Produkts\\\/limpleve-solo-frosted-glass-1-37m\\\/#primaryimage\"},\"image\":{\"@id\":\"https:\\\/\\\/wmtbaltic.lv\\\/Produkts\\\/limpleve-solo-frosted-glass-1-37m\\\/#primaryimage\"},\"thumbnailUrl\":\"https:\\\/\\\/wmtbaltic.lv\\\/wp-content\\\/uploads\\\/2021\\\/05\\\/19_Frosted-Glass-scaled.jpg\",\"datePublished\":\"2021-05-20T11:05:21+00:00\",\"dateModified\":\"2024-01-29T07:16:33+00:00\",\"breadcrumb\":{\"@id\":\"https:\\\/\\\/wmtbaltic.lv\\\/Produkts\\\/limpleve-solo-frosted-glass-1-37m\\\/#breadcrumb\"},\"inLanguage\":\"en-US\",\"potentialAction\":[{\"@type\":\"ReadAction\",\"target\":[\"https:\\\/\\\/wmtbaltic.lv\\\/Produkts\\\/limpleve-solo-frosted-glass-1-37m\\\/\"]}]},{\"@type\":\"ImageObject\",\"inLanguage\":\"en-US\",\"@id\":\"https:\\\/\\\/wmtbaltic.lv\\\/Produkts\\\/limpleve-solo-frosted-glass-1-37m\\\/#primaryimage\",\"url\":\"https:\\\/\\\/wmtbaltic.lv\\\/wp-content\\\/uploads\\\/2021\\\/05\\\/19_Frosted-Glass-scaled.jpg\",\"contentUrl\":\"https:\\\/\\\/wmtbaltic.lv\\\/wp-content\\\/uploads\\\/2021\\\/05\\\/19_Frosted-Glass-scaled.jpg\",\"width\":2560,\"height\":2457},{\"@type\":\"BreadcrumbList\",\"@id\":\"https:\\\/\\\/wmtbaltic.lv\\\/Produkts\\\/limpleve-solo-frosted-glass-1-37m\\\/#breadcrumb\",\"itemListElement\":[{\"@type\":\"ListItem\",\"position\":1,\"name\":\"Home\",\"item\":\"https:\\\/\\\/wmtbaltic.lv\\\/en\\\/\"},{\"@type\":\"ListItem\",\"position\":2,\"name\":\"Products\",\"item\":\"https:\\\/\\\/wmtbaltic.lv\\\/en\\\/shop\\\/\"},{\"@type\":\"ListItem\",\"position\":3,\"name\":\"L\u012bmpl\u0113ve SOLO Frosted Glass, 1.37m\"}]},{\"@type\":\"WebSite\",\"@id\":\"https:\\\/\\\/wmtbaltic.lv\\\/#website\",\"url\":\"https:\\\/\\\/wmtbaltic.lv\\\/\",\"name\":\"WMT Baltic\",\"description\":\"Rekl\u0101mas produkti, pl\u0113ves\",\"publisher\":{\"@id\":\"https:\\\/\\\/wmtbaltic.lv\\\/#organization\"},\"potentialAction\":[{\"@type\":\"SearchAction\",\"target\":{\"@type\":\"EntryPoint\",\"urlTemplate\":\"https:\\\/\\\/wmtbaltic.lv\\\/?s={search_term_string}\"},\"query-input\":{\"@type\":\"PropertyValueSpecification\",\"valueRequired\":true,\"valueName\":\"search_term_string\"}}],\"inLanguage\":\"en-US\"},{\"@type\":\"Organization\",\"@id\":\"https:\\\/\\\/wmtbaltic.lv\\\/#organization\",\"name\":\"WMT Baltic\",\"url\":\"https:\\\/\\\/wmtbaltic.lv\\\/\",\"logo\":{\"@type\":\"ImageObject\",\"inLanguage\":\"en-US\",\"@id\":\"https:\\\/\\\/wmtbaltic.lv\\\/#\\\/schema\\\/logo\\\/image\\\/\",\"url\":\"https:\\\/\\\/wmtbaltic.lv\\\/wp-content\\\/uploads\\\/2024\\\/12\\\/wmt-baltic-sia_107142_9_420x180.jpg\",\"contentUrl\":\"https:\\\/\\\/wmtbaltic.lv\\\/wp-content\\\/uploads\\\/2024\\\/12\\\/wmt-baltic-sia_107142_9_420x180.jpg\",\"width\":420,\"height\":180,\"caption\":\"WMT Baltic\"},\"image\":{\"@id\":\"https:\\\/\\\/wmtbaltic.lv\\\/#\\\/schema\\\/logo\\\/image\\\/\"},\"sameAs\":[\"https:\\\/\\\/www.facebook.com\\\/WMT.Baltic.viscom\\\/?locale=lv_LV\",\"https:\\\/\\\/www.instagram.com\\\/viscom_wmt\\\/\"]}]}<\/script>\n<!-- \/ Yoast SEO plugin. -->","yoast_head_json":{"title":"L\u012bmpl\u0113ve SOLO Frosted Glass, 1.37m , nopirkt R\u012bg\u0101","robots":{"index":"index","follow":"follow","max-snippet":"max-snippet:-1","max-image-preview":"max-image-preview:large","max-video-preview":"max-video-preview:-1"},"canonical":"https:\/\/wmtbaltic.lv\/Produkts\/limpleve-solo-frosted-glass-1-37m\/","og_locale":"en_US","og_type":"article","og_title":"L\u012bmpl\u0113ve SOLO Frosted Glass, 1.37m , nopirkt R\u012bg\u0101","og_url":"https:\/\/wmtbaltic.lv\/Produkts\/limpleve-solo-frosted-glass-1-37m\/","og_site_name":"WMT Baltic","article_publisher":"https:\/\/www.facebook.com\/WMT.Baltic.viscom\/?locale=lv_LV","article_modified_time":"2024-01-29T07:16:33+00:00","og_image":[{"width":2560,"height":2457,"url":"http:\/\/wmtbaltic.lv\/wp-content\/uploads\/2021\/05\/19_Frosted-Glass-scaled.jpg","type":"image\/jpeg"}],"twitter_card":"summary_large_image","twitter_misc":{"Est. reading time":"1 minute"},"schema":{"@context":"https:\/\/schema.org","@graph":[{"@type":"WebPage","@id":"https:\/\/wmtbaltic.lv\/Produkts\/limpleve-solo-frosted-glass-1-37m\/","url":"https:\/\/wmtbaltic.lv\/Produkts\/limpleve-solo-frosted-glass-1-37m\/","name":"L\u012bmpl\u0113ve SOLO Frosted Glass, 1.37m , nopirkt R\u012bg\u0101","isPartOf":{"@id":"https:\/\/wmtbaltic.lv\/#website"},"primaryImageOfPage":{"@id":"https:\/\/wmtbaltic.lv\/Produkts\/limpleve-solo-frosted-glass-1-37m\/#primaryimage"},"image":{"@id":"https:\/\/wmtbaltic.lv\/Produkts\/limpleve-solo-frosted-glass-1-37m\/#primaryimage"},"thumbnailUrl":"https:\/\/wmtbaltic.lv\/wp-content\/uploads\/2021\/05\/19_Frosted-Glass-scaled.jpg","datePublished":"2021-05-20T11:05:21+00:00","dateModified":"2024-01-29T07:16:33+00:00","breadcrumb":{"@id":"https:\/\/wmtbaltic.lv\/Produkts\/limpleve-solo-frosted-glass-1-37m\/#breadcrumb"},"inLanguage":"en-US","potentialAction":[{"@type":"ReadAction","target":["https:\/\/wmtbaltic.lv\/Produkts\/limpleve-solo-frosted-glass-1-37m\/"]}]},{"@type":"ImageObject","inLanguage":"en-US","@id":"https:\/\/wmtbaltic.lv\/Produkts\/limpleve-solo-frosted-glass-1-37m\/#primaryimage","url":"https:\/\/wmtbaltic.lv\/wp-content\/uploads\/2021\/05\/19_Frosted-Glass-scaled.jpg","contentUrl":"https:\/\/wmtbaltic.lv\/wp-content\/uploads\/2021\/05\/19_Frosted-Glass-scaled.jpg","width":2560,"height":2457},{"@type":"BreadcrumbList","@id":"https:\/\/wmtbaltic.lv\/Produkts\/limpleve-solo-frosted-glass-1-37m\/#breadcrumb","itemListElement":[{"@type":"ListItem","position":1,"name":"Home","item":"https:\/\/wmtbaltic.lv\/en\/"},{"@type":"ListItem","position":2,"name":"Products","item":"https:\/\/wmtbaltic.lv\/en\/shop\/"},{"@type":"ListItem","position":3,"name":"L\u012bmpl\u0113ve SOLO Frosted Glass, 1.37m"}]},{"@type":"WebSite","@id":"https:\/\/wmtbaltic.lv\/#website","url":"https:\/\/wmtbaltic.lv\/","name":"WMT Baltic","description":"Rekl\u0101mas produkti, pl\u0113ves","publisher":{"@id":"https:\/\/wmtbaltic.lv\/#organization"},"potentialAction":[{"@type":"SearchAction","target":{"@type":"EntryPoint","urlTemplate":"https:\/\/wmtbaltic.lv\/?s={search_term_string}"},"query-input":{"@type":"PropertyValueSpecification","valueRequired":true,"valueName":"search_term_string"}}],"inLanguage":"en-US"},{"@type":"Organization","@id":"https:\/\/wmtbaltic.lv\/#organization","name":"WMT Baltic","url":"https:\/\/wmtbaltic.lv\/","logo":{"@type":"ImageObject","inLanguage":"en-US","@id":"https:\/\/wmtbaltic.lv\/#\/schema\/logo\/image\/","url":"https:\/\/wmtbaltic.lv\/wp-content\/uploads\/2024\/12\/wmt-baltic-sia_107142_9_420x180.jpg","contentUrl":"https:\/\/wmtbaltic.lv\/wp-content\/uploads\/2024\/12\/wmt-baltic-sia_107142_9_420x180.jpg","width":420,"height":180,"caption":"WMT Baltic"},"image":{"@id":"https:\/\/wmtbaltic.lv\/#\/schema\/logo\/image\/"},"sameAs":["https:\/\/www.facebook.com\/WMT.Baltic.viscom\/?locale=lv_LV","https:\/\/www.instagram.com\/viscom_wmt\/"]}]}},"_links":{"self":[{"href":"https:\/\/wmtbaltic.lv\/en\/wp-json\/wp\/v2\/product\/7739","targetHints":{"allow":["GET"]}}],"collection":[{"href":"https:\/\/wmtbaltic.lv\/en\/wp-json\/wp\/v2\/product"}],"about":[{"href":"https:\/\/wmtbaltic.lv\/en\/wp-json\/wp\/v2\/types\/product"}],"replies":[{"embeddable":true,"href":"https:\/\/wmtbaltic.lv\/en\/wp-json\/wp\/v2\/comments?post=7739"}],"wp:featuredmedia":[{"embeddable":true,"href":"https:\/\/wmtbaltic.lv\/en\/wp-json\/wp\/v2\/media\/7742"}],"wp:attachment":[{"href":"https:\/\/wmtbaltic.lv\/en\/wp-json\/wp\/v2\/media?parent=7739"}],"wp:term":[{"taxonomy":"product_brand","embeddable":true,"href":"https:\/\/wmtbaltic.lv\/en\/wp-json\/wp\/v2\/product_brand?post=7739"},{"taxonomy":"product_cat","embeddable":true,"href":"https:\/\/wmtbaltic.lv\/en\/wp-json\/wp\/v2\/product_cat?post=7739"},{"taxonomy":"product_tag","embeddable":true,"href":"https:\/\/wmtbaltic.lv\/en\/wp-json\/wp\/v2\/product_tag?post=7739"}],"curies":[{"name":"wp","href":"https:\/\/api.w.org\/{rel}","templated":true}]}}