{"id":7630,"date":"2021-05-13T12:42:37","date_gmt":"2021-05-13T12:42:37","guid":{"rendered":"https:\/\/wmtbaltic.lv\/?post_type=product&#038;p=7630"},"modified":"2025-09-17T08:39:23","modified_gmt":"2025-09-17T08:39:23","slug":"secabo-ts7-smart-automatiska-termoprese-40cm-x-50cm-ar-bluetooth","status":"publish","type":"product","link":"https:\/\/wmtbaltic.lv\/en\/product\/secabo-ts7-smart-automatiska-termoprese-40cm-x-50cm-ar-bluetooth\/","title":{"rendered":"Secabo TS7 SMART autom\u0101tisk\u0101 termoprese 40cm x 50cm ar Bluetooth"},"content":{"rendered":"<p>Secabo TS7 SMART\u00a0 autom\u0101tisk\u0101 termoprese apr\u012bkota ar Bluetooth tehnolo\u0123iju, kas \u013cauj kontrol\u0113t termopresi ar telefona bezmaksas aplik\u0101ciju \u201cSecabo Smart Transfer\u201d. Aplik\u0101cija \u013cauj lietot\u0101jiem vienk\u0101r\u0161i ievad\u012bt auduma veidu un p\u0101rneses materi\u0101lu, nekav\u0113joties ieg\u016bt atbilsto\u0161\u0101s temperat\u016bras, laika un spiediena kombin\u0101cijas.<\/p>\n<p>Darba galda izm\u0113rs:\u00a0: 40cm x 50cm<br \/>\nMaks. spiediens:\u00a0 250 g \/ cm \u00b2<br \/>\nMaks. temperat\u016bra: 225 \u00b0C<br \/>\nElektroener\u0123ijas pat\u0113ri\u0146\u0161:\u00a0 AC voltage 230V \/ 50Hz &#8211; 60Hz, 2kW<br \/>\nSvars bez iepakojuma: 63,00 kg<br \/>\nSvars ar iepakojumu: 72,00 kg<br \/>\nZ\u012bmols: Secabo<\/p>\n<p><a href=\"https:\/\/download.secabo.com\/193ea16a2aaad44fdbf366b3aeb91c05.pdf\">Ra\u017eot\u0101ja apraksts<\/a><\/p>\n<p><a href=\"https:\/\/download.secabo.com\/193ea16a2aaad44fdbf366b3aeb91c05.pdf\"><em><iframe loading=\"lazy\"  id=\"_ytid_55541\"  width=\"780\" height=\"439\"  data-origwidth=\"780\" data-origheight=\"439\" src=\"https:\/\/www.youtube.com\/embed\/5MPIVqauq3c?enablejsapi=1&autoplay=0&cc_load_policy=0&cc_lang_pref=&iv_load_policy=1&loop=0&rel=1&fs=1&playsinline=0&autohide=2&theme=dark&color=red&controls=1&disablekb=0&\" class=\"__youtube_prefs__  no-lazyload\" title=\"YouTube player\"  allow=\"fullscreen; accelerometer; autoplay; clipboard-write; encrypted-media; gyroscope; picture-in-picture; web-share\" referrerpolicy=\"strict-origin-when-cross-origin\" allowfullscreen data-no-lazy=\"1\" data-skipgform_ajax_framebjll=\"\"><\/iframe><\/em><\/a><\/p>\n<pre id=\"tw-target-text\" class=\"tw-data-text tw-text-large XcVN5d tw-ta\" dir=\"ltr\" data-placeholder=\"\u041f\u0435\u0440\u0435\u0432\u043e\u0434\"><\/pre>\n","protected":false},"excerpt":{"rendered":"Secabo TS7 SMART\u00a0 autom\u0101tisk\u0101 termoprese apr\u012bkota ar Bluetooth tehnolo\u0123iju, kas \u013cauj kontrol\u0113t termopresi ar telefona bezmaksas aplik\u0101ciju \u201cSecabo Smart Transfer\u201d. Aplik\u0101cija \u013cauj lietot\u0101jiem vienk\u0101r\u0161i ievad\u012bt auduma veidu un p\u0101rneses materi\u0101lu, nekav\u0113joties ieg\u016bt atbilsto\u0161\u0101s temperat\u016bras, laika un spiediena kombin\u0101cijas. Darba galda izm\u0113rs:\u00a0: 40cm x 50cm Maks. spiediens:\u00a0 250 g \/ cm \u00b2 Maks. temperat\u016bra: 225 \u00b0C [...]","protected":false},"featured_media":7633,"template":"","meta":[],"product_brand":[],"product_cat":[258,428,260],"product_tag":[591,586,532,737,735,736],"class_list":{"0":"post-7630","1":"product","2":"type-product","3":"status-publish","4":"has-post-thumbnail","6":"product_cat-iekartas-un-izejmateriali","7":"product_cat-plakanas-automatiskas-termopreses","8":"product_cat-termopreses-iekartas-un-izejmateriali","9":"product_tag-heat-transfer","10":"product_tag-secabo","11":"product_tag-termoparnese","12":"product_tag-termoprese-apraksts","13":"product_tag-ts7","14":"product_tag-utomatiska","16":"first","17":"instock","18":"shipping-taxable","19":"purchasable","20":"product-type-simple"},"yoast_head":"<!-- This site is optimized with the Yoast SEO plugin v27.5 - https:\/\/yoast.com\/product\/yoast-seo-wordpress\/ -->\n<title>Secabo TS7 SMARTautom\u0101tiska termoprese 40cm x 50cm ar Bluetooth<\/title>\n<meta name=\"description\" content=\"Secabo TS7 SMART\u00a0 autom\u0101tisk\u0101 termoprese apr\u012bkota ar Bluetooth tehnolo\u0123iju Darba galda izm\u0113rs:\u00a0: 40cm x 50cm. WMT Baltic R\u012bga veikals\" \/>\n<meta name=\"robots\" content=\"index, follow, max-snippet:-1, max-image-preview:large, max-video-preview:-1\" \/>\n<link rel=\"canonical\" href=\"https:\/\/wmtbaltic.lv\/product\/secabo-ts7-smart-automatiska-termoprese-40cm-x-50cm-ar-bluetooth\/\" \/>\n<meta property=\"og:locale\" content=\"en_US\" \/>\n<meta property=\"og:type\" content=\"article\" \/>\n<meta property=\"og:title\" content=\"Secabo TS7 SMARTautom\u0101tiska termoprese 40cm x 50cm ar Bluetooth\" \/>\n<meta property=\"og:description\" content=\"Secabo TS7 SMART\u00a0 autom\u0101tisk\u0101 termoprese apr\u012bkota ar Bluetooth tehnolo\u0123iju Darba galda izm\u0113rs:\u00a0: 40cm x 50cm. WMT Baltic R\u012bga veikals\" \/>\n<meta property=\"og:url\" content=\"https:\/\/wmtbaltic.lv\/product\/secabo-ts7-smart-automatiska-termoprese-40cm-x-50cm-ar-bluetooth\/\" \/>\n<meta property=\"og:site_name\" content=\"WMT Baltic\" \/>\n<meta property=\"article:publisher\" content=\"https:\/\/www.facebook.com\/WMT.Baltic.viscom\/?locale=lv_LV\" \/>\n<meta property=\"article:modified_time\" content=\"2025-09-17T08:39:23+00:00\" \/>\n<meta property=\"og:image\" content=\"http:\/\/wmtbaltic.lv\/wp-content\/uploads\/2021\/05\/0G2ENBtQ-scaled.jpeg\" \/>\n\t<meta property=\"og:image:width\" content=\"2273\" \/>\n\t<meta property=\"og:image:height\" content=\"2560\" \/>\n\t<meta property=\"og:image:type\" content=\"image\/jpeg\" \/>\n<meta name=\"twitter:card\" content=\"summary_large_image\" \/>\n<meta name=\"twitter:label1\" content=\"Est. reading time\" \/>\n\t<meta name=\"twitter:data1\" content=\"1 minute\" \/>\n<script type=\"application\/ld+json\" class=\"yoast-schema-graph\">{\"@context\":\"https:\\\/\\\/schema.org\",\"@graph\":[{\"@type\":\"WebPage\",\"@id\":\"https:\\\/\\\/wmtbaltic.lv\\\/product\\\/secabo-ts7-smart-automatiska-termoprese-40cm-x-50cm-ar-bluetooth\\\/\",\"url\":\"https:\\\/\\\/wmtbaltic.lv\\\/product\\\/secabo-ts7-smart-automatiska-termoprese-40cm-x-50cm-ar-bluetooth\\\/\",\"name\":\"Secabo TS7 SMARTautom\u0101tiska termoprese 40cm x 50cm ar Bluetooth\",\"isPartOf\":{\"@id\":\"https:\\\/\\\/wmtbaltic.lv\\\/#website\"},\"primaryImageOfPage\":{\"@id\":\"https:\\\/\\\/wmtbaltic.lv\\\/product\\\/secabo-ts7-smart-automatiska-termoprese-40cm-x-50cm-ar-bluetooth\\\/#primaryimage\"},\"image\":{\"@id\":\"https:\\\/\\\/wmtbaltic.lv\\\/product\\\/secabo-ts7-smart-automatiska-termoprese-40cm-x-50cm-ar-bluetooth\\\/#primaryimage\"},\"thumbnailUrl\":\"https:\\\/\\\/wmtbaltic.lv\\\/wp-content\\\/uploads\\\/2021\\\/05\\\/0G2ENBtQ-scaled.jpeg\",\"datePublished\":\"2021-05-13T12:42:37+00:00\",\"dateModified\":\"2025-09-17T08:39:23+00:00\",\"description\":\"Secabo TS7 SMART\u00a0 autom\u0101tisk\u0101 termoprese apr\u012bkota ar Bluetooth tehnolo\u0123iju Darba galda izm\u0113rs:\u00a0: 40cm x 50cm. WMT Baltic R\u012bga veikals\",\"breadcrumb\":{\"@id\":\"https:\\\/\\\/wmtbaltic.lv\\\/product\\\/secabo-ts7-smart-automatiska-termoprese-40cm-x-50cm-ar-bluetooth\\\/#breadcrumb\"},\"inLanguage\":\"en-US\",\"potentialAction\":[{\"@type\":\"ReadAction\",\"target\":[\"https:\\\/\\\/wmtbaltic.lv\\\/product\\\/secabo-ts7-smart-automatiska-termoprese-40cm-x-50cm-ar-bluetooth\\\/\"]}]},{\"@type\":\"ImageObject\",\"inLanguage\":\"en-US\",\"@id\":\"https:\\\/\\\/wmtbaltic.lv\\\/product\\\/secabo-ts7-smart-automatiska-termoprese-40cm-x-50cm-ar-bluetooth\\\/#primaryimage\",\"url\":\"https:\\\/\\\/wmtbaltic.lv\\\/wp-content\\\/uploads\\\/2021\\\/05\\\/0G2ENBtQ-scaled.jpeg\",\"contentUrl\":\"https:\\\/\\\/wmtbaltic.lv\\\/wp-content\\\/uploads\\\/2021\\\/05\\\/0G2ENBtQ-scaled.jpeg\",\"width\":2273,\"height\":2560},{\"@type\":\"BreadcrumbList\",\"@id\":\"https:\\\/\\\/wmtbaltic.lv\\\/product\\\/secabo-ts7-smart-automatiska-termoprese-40cm-x-50cm-ar-bluetooth\\\/#breadcrumb\",\"itemListElement\":[{\"@type\":\"ListItem\",\"position\":1,\"name\":\"Home\",\"item\":\"https:\\\/\\\/wmtbaltic.lv\\\/en\\\/\"},{\"@type\":\"ListItem\",\"position\":2,\"name\":\"Shop\",\"item\":\"https:\\\/\\\/wmtbaltic.lv\\\/shop\\\/\"},{\"@type\":\"ListItem\",\"position\":3,\"name\":\"Secabo TS7 SMART autom\u0101tisk\u0101 termoprese 40cm x 50cm ar Bluetooth\"}]},{\"@type\":\"WebSite\",\"@id\":\"https:\\\/\\\/wmtbaltic.lv\\\/#website\",\"url\":\"https:\\\/\\\/wmtbaltic.lv\\\/\",\"name\":\"WMT Baltic\",\"description\":\"Rekl\u0101mas produkti, pl\u0113ves\",\"publisher\":{\"@id\":\"https:\\\/\\\/wmtbaltic.lv\\\/#organization\"},\"potentialAction\":[{\"@type\":\"SearchAction\",\"target\":{\"@type\":\"EntryPoint\",\"urlTemplate\":\"https:\\\/\\\/wmtbaltic.lv\\\/?s={search_term_string}\"},\"query-input\":{\"@type\":\"PropertyValueSpecification\",\"valueRequired\":true,\"valueName\":\"search_term_string\"}}],\"inLanguage\":\"en-US\"},{\"@type\":\"Organization\",\"@id\":\"https:\\\/\\\/wmtbaltic.lv\\\/#organization\",\"name\":\"WMT Baltic\",\"url\":\"https:\\\/\\\/wmtbaltic.lv\\\/\",\"logo\":{\"@type\":\"ImageObject\",\"inLanguage\":\"en-US\",\"@id\":\"https:\\\/\\\/wmtbaltic.lv\\\/#\\\/schema\\\/logo\\\/image\\\/\",\"url\":\"https:\\\/\\\/wmtbaltic.lv\\\/wp-content\\\/uploads\\\/2024\\\/12\\\/wmt-baltic-sia_107142_9_420x180.jpg\",\"contentUrl\":\"https:\\\/\\\/wmtbaltic.lv\\\/wp-content\\\/uploads\\\/2024\\\/12\\\/wmt-baltic-sia_107142_9_420x180.jpg\",\"width\":420,\"height\":180,\"caption\":\"WMT Baltic\"},\"image\":{\"@id\":\"https:\\\/\\\/wmtbaltic.lv\\\/#\\\/schema\\\/logo\\\/image\\\/\"},\"sameAs\":[\"https:\\\/\\\/www.facebook.com\\\/WMT.Baltic.viscom\\\/?locale=lv_LV\",\"https:\\\/\\\/www.instagram.com\\\/viscom_wmt\\\/\"]}]}<\/script>\n<!-- \/ Yoast SEO plugin. -->","yoast_head_json":{"title":"Secabo TS7 SMARTautom\u0101tiska termoprese 40cm x 50cm ar Bluetooth","description":"Secabo TS7 SMART\u00a0 autom\u0101tisk\u0101 termoprese apr\u012bkota ar Bluetooth tehnolo\u0123iju Darba galda izm\u0113rs:\u00a0: 40cm x 50cm. WMT Baltic R\u012bga veikals","robots":{"index":"index","follow":"follow","max-snippet":"max-snippet:-1","max-image-preview":"max-image-preview:large","max-video-preview":"max-video-preview:-1"},"canonical":"https:\/\/wmtbaltic.lv\/product\/secabo-ts7-smart-automatiska-termoprese-40cm-x-50cm-ar-bluetooth\/","og_locale":"en_US","og_type":"article","og_title":"Secabo TS7 SMARTautom\u0101tiska termoprese 40cm x 50cm ar Bluetooth","og_description":"Secabo TS7 SMART\u00a0 autom\u0101tisk\u0101 termoprese apr\u012bkota ar Bluetooth tehnolo\u0123iju Darba galda izm\u0113rs:\u00a0: 40cm x 50cm. WMT Baltic R\u012bga veikals","og_url":"https:\/\/wmtbaltic.lv\/product\/secabo-ts7-smart-automatiska-termoprese-40cm-x-50cm-ar-bluetooth\/","og_site_name":"WMT Baltic","article_publisher":"https:\/\/www.facebook.com\/WMT.Baltic.viscom\/?locale=lv_LV","article_modified_time":"2025-09-17T08:39:23+00:00","og_image":[{"width":2273,"height":2560,"url":"http:\/\/wmtbaltic.lv\/wp-content\/uploads\/2021\/05\/0G2ENBtQ-scaled.jpeg","type":"image\/jpeg"}],"twitter_card":"summary_large_image","twitter_misc":{"Est. reading time":"1 minute"},"schema":{"@context":"https:\/\/schema.org","@graph":[{"@type":"WebPage","@id":"https:\/\/wmtbaltic.lv\/product\/secabo-ts7-smart-automatiska-termoprese-40cm-x-50cm-ar-bluetooth\/","url":"https:\/\/wmtbaltic.lv\/product\/secabo-ts7-smart-automatiska-termoprese-40cm-x-50cm-ar-bluetooth\/","name":"Secabo TS7 SMARTautom\u0101tiska termoprese 40cm x 50cm ar Bluetooth","isPartOf":{"@id":"https:\/\/wmtbaltic.lv\/#website"},"primaryImageOfPage":{"@id":"https:\/\/wmtbaltic.lv\/product\/secabo-ts7-smart-automatiska-termoprese-40cm-x-50cm-ar-bluetooth\/#primaryimage"},"image":{"@id":"https:\/\/wmtbaltic.lv\/product\/secabo-ts7-smart-automatiska-termoprese-40cm-x-50cm-ar-bluetooth\/#primaryimage"},"thumbnailUrl":"https:\/\/wmtbaltic.lv\/wp-content\/uploads\/2021\/05\/0G2ENBtQ-scaled.jpeg","datePublished":"2021-05-13T12:42:37+00:00","dateModified":"2025-09-17T08:39:23+00:00","description":"Secabo TS7 SMART\u00a0 autom\u0101tisk\u0101 termoprese apr\u012bkota ar Bluetooth tehnolo\u0123iju Darba galda izm\u0113rs:\u00a0: 40cm x 50cm. WMT Baltic R\u012bga veikals","breadcrumb":{"@id":"https:\/\/wmtbaltic.lv\/product\/secabo-ts7-smart-automatiska-termoprese-40cm-x-50cm-ar-bluetooth\/#breadcrumb"},"inLanguage":"en-US","potentialAction":[{"@type":"ReadAction","target":["https:\/\/wmtbaltic.lv\/product\/secabo-ts7-smart-automatiska-termoprese-40cm-x-50cm-ar-bluetooth\/"]}]},{"@type":"ImageObject","inLanguage":"en-US","@id":"https:\/\/wmtbaltic.lv\/product\/secabo-ts7-smart-automatiska-termoprese-40cm-x-50cm-ar-bluetooth\/#primaryimage","url":"https:\/\/wmtbaltic.lv\/wp-content\/uploads\/2021\/05\/0G2ENBtQ-scaled.jpeg","contentUrl":"https:\/\/wmtbaltic.lv\/wp-content\/uploads\/2021\/05\/0G2ENBtQ-scaled.jpeg","width":2273,"height":2560},{"@type":"BreadcrumbList","@id":"https:\/\/wmtbaltic.lv\/product\/secabo-ts7-smart-automatiska-termoprese-40cm-x-50cm-ar-bluetooth\/#breadcrumb","itemListElement":[{"@type":"ListItem","position":1,"name":"Home","item":"https:\/\/wmtbaltic.lv\/en\/"},{"@type":"ListItem","position":2,"name":"Shop","item":"https:\/\/wmtbaltic.lv\/shop\/"},{"@type":"ListItem","position":3,"name":"Secabo TS7 SMART autom\u0101tisk\u0101 termoprese 40cm x 50cm ar Bluetooth"}]},{"@type":"WebSite","@id":"https:\/\/wmtbaltic.lv\/#website","url":"https:\/\/wmtbaltic.lv\/","name":"WMT Baltic","description":"Rekl\u0101mas produkti, pl\u0113ves","publisher":{"@id":"https:\/\/wmtbaltic.lv\/#organization"},"potentialAction":[{"@type":"SearchAction","target":{"@type":"EntryPoint","urlTemplate":"https:\/\/wmtbaltic.lv\/?s={search_term_string}"},"query-input":{"@type":"PropertyValueSpecification","valueRequired":true,"valueName":"search_term_string"}}],"inLanguage":"en-US"},{"@type":"Organization","@id":"https:\/\/wmtbaltic.lv\/#organization","name":"WMT Baltic","url":"https:\/\/wmtbaltic.lv\/","logo":{"@type":"ImageObject","inLanguage":"en-US","@id":"https:\/\/wmtbaltic.lv\/#\/schema\/logo\/image\/","url":"https:\/\/wmtbaltic.lv\/wp-content\/uploads\/2024\/12\/wmt-baltic-sia_107142_9_420x180.jpg","contentUrl":"https:\/\/wmtbaltic.lv\/wp-content\/uploads\/2024\/12\/wmt-baltic-sia_107142_9_420x180.jpg","width":420,"height":180,"caption":"WMT Baltic"},"image":{"@id":"https:\/\/wmtbaltic.lv\/#\/schema\/logo\/image\/"},"sameAs":["https:\/\/www.facebook.com\/WMT.Baltic.viscom\/?locale=lv_LV","https:\/\/www.instagram.com\/viscom_wmt\/"]}]}},"_links":{"self":[{"href":"https:\/\/wmtbaltic.lv\/en\/wp-json\/wp\/v2\/product\/7630","targetHints":{"allow":["GET"]}}],"collection":[{"href":"https:\/\/wmtbaltic.lv\/en\/wp-json\/wp\/v2\/product"}],"about":[{"href":"https:\/\/wmtbaltic.lv\/en\/wp-json\/wp\/v2\/types\/product"}],"wp:featuredmedia":[{"embeddable":true,"href":"https:\/\/wmtbaltic.lv\/en\/wp-json\/wp\/v2\/media\/7633"}],"wp:attachment":[{"href":"https:\/\/wmtbaltic.lv\/en\/wp-json\/wp\/v2\/media?parent=7630"}],"wp:term":[{"taxonomy":"product_brand","embeddable":true,"href":"https:\/\/wmtbaltic.lv\/en\/wp-json\/wp\/v2\/product_brand?post=7630"},{"taxonomy":"product_cat","embeddable":true,"href":"https:\/\/wmtbaltic.lv\/en\/wp-json\/wp\/v2\/product_cat?post=7630"},{"taxonomy":"product_tag","embeddable":true,"href":"https:\/\/wmtbaltic.lv\/en\/wp-json\/wp\/v2\/product_tag?post=7630"}],"curies":[{"name":"wp","href":"https:\/\/api.w.org\/{rel}","templated":true}]}}