{"id":7615,"date":"2021-05-13T07:35:47","date_gmt":"2021-05-13T07:35:47","guid":{"rendered":"https:\/\/wmtbaltic.lv\/?post_type=product&#038;p=7615"},"modified":"2025-09-17T08:37:55","modified_gmt":"2025-09-17T08:37:55","slug":"termoprese-secabo-ts7-40cm-x-50cm","status":"publish","type":"product","link":"https:\/\/wmtbaltic.lv\/en\/product\/termoprese-secabo-ts7-40cm-x-50cm\/","title":{"rendered":"Secabo TS7 Termoprese  40cm x 50cm"},"content":{"rendered":"<p>Secabo TS7 ir piem\u0113rots vis\u0101m izplat\u012bt\u0101kaj\u0101m termop\u0101rneses veidem, un to var izmantot gandr\u012bz vis\u0101s termop\u0101rneses tehnolo\u0123iju jom\u0101s.<\/p>\n<p>Secabo TS7 autom\u0101tisk\u0101s atv\u0113r\u0161anas un autom\u0101tisk\u0101 pagrieziena funkcija \u013cauj str\u0101d\u0101t v\u0113l elast\u012bg\u0101k un \u0113rt\u0101k.<\/p>\n<p>Izm\u0113rs: 64cmx70cm x58cm<\/p>\n<p>Darba virsma: 40cm x 50cm<\/p>\n<p>Maks. spiediens: 170 g\/cm\u00b2<\/p>\n<p>Maks. temperat\u016bra: 225 \u00b0C<\/p>\n<p>Elektroener\u0123ijas pat\u0113ri\u0146\u0161: AC 230V \/ 50Hz-60Hz,1.8kW<\/p>\n<p>Svars bez iepakojuma: 75,00 kg<\/p>\n<p>Svars ar iepakojumu: 91,29 kg<\/p>\n<p>Z\u012bmols: Secabo<\/p>\n<p><a href=\"https:\/\/download.secabo.com\/96e1f6830627f66695c2e26d126fd8c8.pdf\">Instruction manual Secabo TS7<\/a><\/p>\n<p><a href=\"https:\/\/download.secabo.com\/a9bfbdc0712cb9cba6b486b79a3d732e.pdf\">Brochure Secabo TS Series<\/a><\/p>\n<iframe loading=\"lazy\"  id=\"_ytid_93564\"  width=\"780\" height=\"439\"  data-origwidth=\"780\" data-origheight=\"439\" src=\"https:\/\/www.youtube.com\/embed\/p37vsPZMVis?enablejsapi=1&autoplay=0&cc_load_policy=0&cc_lang_pref=&iv_load_policy=1&loop=0&rel=1&fs=1&playsinline=0&autohide=2&theme=dark&color=red&controls=1&disablekb=0&\" class=\"__youtube_prefs__  no-lazyload\" title=\"YouTube player\"  allow=\"fullscreen; accelerometer; autoplay; clipboard-write; encrypted-media; gyroscope; picture-in-picture; web-share\" referrerpolicy=\"strict-origin-when-cross-origin\" allowfullscreen data-no-lazy=\"1\" data-skipgform_ajax_framebjll=\"\"><\/iframe>\n","protected":false},"excerpt":{"rendered":"Secabo TS7 ir piem\u0113rots vis\u0101m izplat\u012bt\u0101kaj\u0101m termop\u0101rneses veidem, un to var izmantot gandr\u012bz vis\u0101s termop\u0101rneses tehnolo\u0123iju jom\u0101s. Secabo TS7 autom\u0101tisk\u0101s atv\u0113r\u0161anas un autom\u0101tisk\u0101 pagrieziena funkcija \u013cauj str\u0101d\u0101t v\u0113l elast\u012bg\u0101k un \u0113rt\u0101k. Izm\u0113rs: 64cmx70cm x58cm Darba virsma: 40cm x 50cm Maks. spiediens: 170 g\/cm\u00b2 Maks. temperat\u016bra: 225 \u00b0C Elektroener\u0123ijas pat\u0113ri\u0146\u0161: AC 230V \/ 50Hz-60Hz,1.8kW Svars bez [...]","protected":false},"featured_media":7620,"template":"","meta":[],"product_brand":[],"product_cat":[258,428,260],"product_tag":[591,729,586,734,735],"class_list":{"0":"post-7615","1":"product","2":"type-product","3":"status-publish","4":"has-post-thumbnail","6":"product_cat-iekartas-un-izejmateriali","7":"product_cat-plakanas-automatiskas-termopreses","8":"product_cat-termopreses-iekartas-un-izejmateriali","9":"product_tag-heat-transfer","10":"product_tag-iekartas","11":"product_tag-secabo","12":"product_tag-termoparnes","13":"product_tag-ts7","15":"first","16":"instock","17":"shipping-taxable","18":"purchasable","19":"product-type-simple"},"yoast_head":"<!-- This site is optimized with the Yoast SEO plugin v27.3 - https:\/\/yoast.com\/product\/yoast-seo-wordpress\/ -->\n<title>Secabo TS7 Termoprese 40cm x 50cm<\/title>\n<meta name=\"description\" content=\"Secabo TS7 ir piem\u0113rots vis\u0101m izplat\u012bt\u0101kaj\u0101m termop\u0101rneses veidem, un to var izmantot gandr\u012bz vis\u0101s termop\u0101rneses tehnolo\u0123iju jom\u0101s.\" \/>\n<meta name=\"robots\" content=\"index, follow, max-snippet:-1, max-image-preview:large, max-video-preview:-1\" \/>\n<link rel=\"canonical\" href=\"https:\/\/wmtbaltic.lv\/product\/termoprese-secabo-ts7-40cm-x-50cm\/\" \/>\n<meta property=\"og:locale\" content=\"en_US\" \/>\n<meta property=\"og:type\" content=\"article\" \/>\n<meta property=\"og:title\" content=\"Secabo TS7 Termoprese 40cm x 50cm\" \/>\n<meta property=\"og:description\" content=\"Secabo TS7 ir piem\u0113rots vis\u0101m izplat\u012bt\u0101kaj\u0101m termop\u0101rneses veidem, un to var izmantot gandr\u012bz vis\u0101s termop\u0101rneses tehnolo\u0123iju jom\u0101s.\" \/>\n<meta property=\"og:url\" content=\"https:\/\/wmtbaltic.lv\/product\/termoprese-secabo-ts7-40cm-x-50cm\/\" \/>\n<meta property=\"og:site_name\" content=\"WMT Baltic\" \/>\n<meta property=\"article:publisher\" content=\"https:\/\/www.facebook.com\/WMT.Baltic.viscom\/?locale=lv_LV\" \/>\n<meta property=\"article:modified_time\" content=\"2025-09-17T08:37:55+00:00\" \/>\n<meta property=\"og:image\" content=\"http:\/\/wmtbaltic.lv\/wp-content\/uploads\/2021\/05\/y3f1_bCw-scaled.jpeg\" \/>\n\t<meta property=\"og:image:width\" content=\"2560\" \/>\n\t<meta property=\"og:image:height\" content=\"1742\" \/>\n\t<meta property=\"og:image:type\" content=\"image\/jpeg\" \/>\n<meta name=\"twitter:card\" content=\"summary_large_image\" \/>\n<meta name=\"twitter:label1\" content=\"Est. reading time\" \/>\n\t<meta name=\"twitter:data1\" content=\"1 minute\" \/>\n<script type=\"application\/ld+json\" class=\"yoast-schema-graph\">{\"@context\":\"https:\\\/\\\/schema.org\",\"@graph\":[{\"@type\":\"WebPage\",\"@id\":\"https:\\\/\\\/wmtbaltic.lv\\\/product\\\/termoprese-secabo-ts7-40cm-x-50cm\\\/\",\"url\":\"https:\\\/\\\/wmtbaltic.lv\\\/product\\\/termoprese-secabo-ts7-40cm-x-50cm\\\/\",\"name\":\"Secabo TS7 Termoprese 40cm x 50cm\",\"isPartOf\":{\"@id\":\"https:\\\/\\\/wmtbaltic.lv\\\/#website\"},\"primaryImageOfPage\":{\"@id\":\"https:\\\/\\\/wmtbaltic.lv\\\/product\\\/termoprese-secabo-ts7-40cm-x-50cm\\\/#primaryimage\"},\"image\":{\"@id\":\"https:\\\/\\\/wmtbaltic.lv\\\/product\\\/termoprese-secabo-ts7-40cm-x-50cm\\\/#primaryimage\"},\"thumbnailUrl\":\"https:\\\/\\\/wmtbaltic.lv\\\/wp-content\\\/uploads\\\/2021\\\/05\\\/y3f1_bCw-scaled.jpeg\",\"datePublished\":\"2021-05-13T07:35:47+00:00\",\"dateModified\":\"2025-09-17T08:37:55+00:00\",\"description\":\"Secabo TS7 ir piem\u0113rots vis\u0101m izplat\u012bt\u0101kaj\u0101m termop\u0101rneses veidem, un to var izmantot gandr\u012bz vis\u0101s termop\u0101rneses tehnolo\u0123iju jom\u0101s.\",\"breadcrumb\":{\"@id\":\"https:\\\/\\\/wmtbaltic.lv\\\/product\\\/termoprese-secabo-ts7-40cm-x-50cm\\\/#breadcrumb\"},\"inLanguage\":\"en-US\",\"potentialAction\":[{\"@type\":\"ReadAction\",\"target\":[\"https:\\\/\\\/wmtbaltic.lv\\\/product\\\/termoprese-secabo-ts7-40cm-x-50cm\\\/\"]}]},{\"@type\":\"ImageObject\",\"inLanguage\":\"en-US\",\"@id\":\"https:\\\/\\\/wmtbaltic.lv\\\/product\\\/termoprese-secabo-ts7-40cm-x-50cm\\\/#primaryimage\",\"url\":\"https:\\\/\\\/wmtbaltic.lv\\\/wp-content\\\/uploads\\\/2021\\\/05\\\/y3f1_bCw-scaled.jpeg\",\"contentUrl\":\"https:\\\/\\\/wmtbaltic.lv\\\/wp-content\\\/uploads\\\/2021\\\/05\\\/y3f1_bCw-scaled.jpeg\",\"width\":2560,\"height\":1742},{\"@type\":\"BreadcrumbList\",\"@id\":\"https:\\\/\\\/wmtbaltic.lv\\\/product\\\/termoprese-secabo-ts7-40cm-x-50cm\\\/#breadcrumb\",\"itemListElement\":[{\"@type\":\"ListItem\",\"position\":1,\"name\":\"Home\",\"item\":\"https:\\\/\\\/wmtbaltic.lv\\\/en\\\/\"},{\"@type\":\"ListItem\",\"position\":2,\"name\":\"Shop\",\"item\":\"https:\\\/\\\/wmtbaltic.lv\\\/shop\\\/\"},{\"@type\":\"ListItem\",\"position\":3,\"name\":\"Secabo TS7 Termoprese 40cm x 50cm\"}]},{\"@type\":\"WebSite\",\"@id\":\"https:\\\/\\\/wmtbaltic.lv\\\/#website\",\"url\":\"https:\\\/\\\/wmtbaltic.lv\\\/\",\"name\":\"WMT Baltic\",\"description\":\"Rekl\u0101mas produkti, pl\u0113ves\",\"publisher\":{\"@id\":\"https:\\\/\\\/wmtbaltic.lv\\\/#organization\"},\"potentialAction\":[{\"@type\":\"SearchAction\",\"target\":{\"@type\":\"EntryPoint\",\"urlTemplate\":\"https:\\\/\\\/wmtbaltic.lv\\\/?s={search_term_string}\"},\"query-input\":{\"@type\":\"PropertyValueSpecification\",\"valueRequired\":true,\"valueName\":\"search_term_string\"}}],\"inLanguage\":\"en-US\"},{\"@type\":\"Organization\",\"@id\":\"https:\\\/\\\/wmtbaltic.lv\\\/#organization\",\"name\":\"WMT Baltic\",\"url\":\"https:\\\/\\\/wmtbaltic.lv\\\/\",\"logo\":{\"@type\":\"ImageObject\",\"inLanguage\":\"en-US\",\"@id\":\"https:\\\/\\\/wmtbaltic.lv\\\/#\\\/schema\\\/logo\\\/image\\\/\",\"url\":\"https:\\\/\\\/wmtbaltic.lv\\\/wp-content\\\/uploads\\\/2024\\\/12\\\/wmt-baltic-sia_107142_9_420x180.jpg\",\"contentUrl\":\"https:\\\/\\\/wmtbaltic.lv\\\/wp-content\\\/uploads\\\/2024\\\/12\\\/wmt-baltic-sia_107142_9_420x180.jpg\",\"width\":420,\"height\":180,\"caption\":\"WMT Baltic\"},\"image\":{\"@id\":\"https:\\\/\\\/wmtbaltic.lv\\\/#\\\/schema\\\/logo\\\/image\\\/\"},\"sameAs\":[\"https:\\\/\\\/www.facebook.com\\\/WMT.Baltic.viscom\\\/?locale=lv_LV\",\"https:\\\/\\\/www.instagram.com\\\/viscom_wmt\\\/\"]}]}<\/script>\n<!-- \/ Yoast SEO plugin. -->","yoast_head_json":{"title":"Secabo TS7 Termoprese 40cm x 50cm","description":"Secabo TS7 ir piem\u0113rots vis\u0101m izplat\u012bt\u0101kaj\u0101m termop\u0101rneses veidem, un to var izmantot gandr\u012bz vis\u0101s termop\u0101rneses tehnolo\u0123iju jom\u0101s.","robots":{"index":"index","follow":"follow","max-snippet":"max-snippet:-1","max-image-preview":"max-image-preview:large","max-video-preview":"max-video-preview:-1"},"canonical":"https:\/\/wmtbaltic.lv\/product\/termoprese-secabo-ts7-40cm-x-50cm\/","og_locale":"en_US","og_type":"article","og_title":"Secabo TS7 Termoprese 40cm x 50cm","og_description":"Secabo TS7 ir piem\u0113rots vis\u0101m izplat\u012bt\u0101kaj\u0101m termop\u0101rneses veidem, un to var izmantot gandr\u012bz vis\u0101s termop\u0101rneses tehnolo\u0123iju jom\u0101s.","og_url":"https:\/\/wmtbaltic.lv\/product\/termoprese-secabo-ts7-40cm-x-50cm\/","og_site_name":"WMT Baltic","article_publisher":"https:\/\/www.facebook.com\/WMT.Baltic.viscom\/?locale=lv_LV","article_modified_time":"2025-09-17T08:37:55+00:00","og_image":[{"width":2560,"height":1742,"url":"http:\/\/wmtbaltic.lv\/wp-content\/uploads\/2021\/05\/y3f1_bCw-scaled.jpeg","type":"image\/jpeg"}],"twitter_card":"summary_large_image","twitter_misc":{"Est. reading time":"1 minute"},"schema":{"@context":"https:\/\/schema.org","@graph":[{"@type":"WebPage","@id":"https:\/\/wmtbaltic.lv\/product\/termoprese-secabo-ts7-40cm-x-50cm\/","url":"https:\/\/wmtbaltic.lv\/product\/termoprese-secabo-ts7-40cm-x-50cm\/","name":"Secabo TS7 Termoprese 40cm x 50cm","isPartOf":{"@id":"https:\/\/wmtbaltic.lv\/#website"},"primaryImageOfPage":{"@id":"https:\/\/wmtbaltic.lv\/product\/termoprese-secabo-ts7-40cm-x-50cm\/#primaryimage"},"image":{"@id":"https:\/\/wmtbaltic.lv\/product\/termoprese-secabo-ts7-40cm-x-50cm\/#primaryimage"},"thumbnailUrl":"https:\/\/wmtbaltic.lv\/wp-content\/uploads\/2021\/05\/y3f1_bCw-scaled.jpeg","datePublished":"2021-05-13T07:35:47+00:00","dateModified":"2025-09-17T08:37:55+00:00","description":"Secabo TS7 ir piem\u0113rots vis\u0101m izplat\u012bt\u0101kaj\u0101m termop\u0101rneses veidem, un to var izmantot gandr\u012bz vis\u0101s termop\u0101rneses tehnolo\u0123iju jom\u0101s.","breadcrumb":{"@id":"https:\/\/wmtbaltic.lv\/product\/termoprese-secabo-ts7-40cm-x-50cm\/#breadcrumb"},"inLanguage":"en-US","potentialAction":[{"@type":"ReadAction","target":["https:\/\/wmtbaltic.lv\/product\/termoprese-secabo-ts7-40cm-x-50cm\/"]}]},{"@type":"ImageObject","inLanguage":"en-US","@id":"https:\/\/wmtbaltic.lv\/product\/termoprese-secabo-ts7-40cm-x-50cm\/#primaryimage","url":"https:\/\/wmtbaltic.lv\/wp-content\/uploads\/2021\/05\/y3f1_bCw-scaled.jpeg","contentUrl":"https:\/\/wmtbaltic.lv\/wp-content\/uploads\/2021\/05\/y3f1_bCw-scaled.jpeg","width":2560,"height":1742},{"@type":"BreadcrumbList","@id":"https:\/\/wmtbaltic.lv\/product\/termoprese-secabo-ts7-40cm-x-50cm\/#breadcrumb","itemListElement":[{"@type":"ListItem","position":1,"name":"Home","item":"https:\/\/wmtbaltic.lv\/en\/"},{"@type":"ListItem","position":2,"name":"Shop","item":"https:\/\/wmtbaltic.lv\/shop\/"},{"@type":"ListItem","position":3,"name":"Secabo TS7 Termoprese 40cm x 50cm"}]},{"@type":"WebSite","@id":"https:\/\/wmtbaltic.lv\/#website","url":"https:\/\/wmtbaltic.lv\/","name":"WMT Baltic","description":"Rekl\u0101mas produkti, pl\u0113ves","publisher":{"@id":"https:\/\/wmtbaltic.lv\/#organization"},"potentialAction":[{"@type":"SearchAction","target":{"@type":"EntryPoint","urlTemplate":"https:\/\/wmtbaltic.lv\/?s={search_term_string}"},"query-input":{"@type":"PropertyValueSpecification","valueRequired":true,"valueName":"search_term_string"}}],"inLanguage":"en-US"},{"@type":"Organization","@id":"https:\/\/wmtbaltic.lv\/#organization","name":"WMT Baltic","url":"https:\/\/wmtbaltic.lv\/","logo":{"@type":"ImageObject","inLanguage":"en-US","@id":"https:\/\/wmtbaltic.lv\/#\/schema\/logo\/image\/","url":"https:\/\/wmtbaltic.lv\/wp-content\/uploads\/2024\/12\/wmt-baltic-sia_107142_9_420x180.jpg","contentUrl":"https:\/\/wmtbaltic.lv\/wp-content\/uploads\/2024\/12\/wmt-baltic-sia_107142_9_420x180.jpg","width":420,"height":180,"caption":"WMT Baltic"},"image":{"@id":"https:\/\/wmtbaltic.lv\/#\/schema\/logo\/image\/"},"sameAs":["https:\/\/www.facebook.com\/WMT.Baltic.viscom\/?locale=lv_LV","https:\/\/www.instagram.com\/viscom_wmt\/"]}]}},"_links":{"self":[{"href":"https:\/\/wmtbaltic.lv\/en\/wp-json\/wp\/v2\/product\/7615","targetHints":{"allow":["GET"]}}],"collection":[{"href":"https:\/\/wmtbaltic.lv\/en\/wp-json\/wp\/v2\/product"}],"about":[{"href":"https:\/\/wmtbaltic.lv\/en\/wp-json\/wp\/v2\/types\/product"}],"wp:featuredmedia":[{"embeddable":true,"href":"https:\/\/wmtbaltic.lv\/en\/wp-json\/wp\/v2\/media\/7620"}],"wp:attachment":[{"href":"https:\/\/wmtbaltic.lv\/en\/wp-json\/wp\/v2\/media?parent=7615"}],"wp:term":[{"taxonomy":"product_brand","embeddable":true,"href":"https:\/\/wmtbaltic.lv\/en\/wp-json\/wp\/v2\/product_brand?post=7615"},{"taxonomy":"product_cat","embeddable":true,"href":"https:\/\/wmtbaltic.lv\/en\/wp-json\/wp\/v2\/product_cat?post=7615"},{"taxonomy":"product_tag","embeddable":true,"href":"https:\/\/wmtbaltic.lv\/en\/wp-json\/wp\/v2\/product_tag?post=7615"}],"curies":[{"name":"wp","href":"https:\/\/api.w.org\/{rel}","templated":true}]}}