{"id":7606,"date":"2021-05-12T08:35:10","date_gmt":"2021-05-12T08:35:10","guid":{"rendered":"https:\/\/wmtbaltic.lv\/?post_type=product&#038;p=7606"},"modified":"2025-09-17T08:41:18","modified_gmt":"2025-09-17T08:41:18","slug":"secabo-tpd7-pneimatiska-termoprese-40-x-50-cm","status":"publish","type":"product","link":"https:\/\/wmtbaltic.lv\/en\/product\/secabo-tpd7-pneimatiska-termoprese-40-x-50-cm\/","title":{"rendered":"Secabo TPD7 pneimatisk\u0101 termoprese 2 x 40 x 50 cm"},"content":{"rendered":"<p>Jaun\u0101 Secabo TPD7 pneimatisk\u0101 termoprese ar dubulto plati, piem\u0113rota profesion\u0101lai un lielapjoma apstr\u0101dei. Termoprese TPD7 atbalsta visas izplat\u012bt\u0101s p\u0101rneses metodes.<\/p>\n<p>Izm\u0113rs : 100cm x 58cm x 75cm<\/p>\n<p><span class=\"Y2IQFc\" lang=\"lv\">Darba virsma: 2x40cmx50cm<\/span><\/p>\n<p>Maks. spiediens: 350 g\/cm\u00b2<\/p>\n<p>Maks. temperat\u016bra: 225 \u00b0C<\/p>\n<p>Elektroener\u0123ijas pat\u0113ri\u0146\u0161: AC 230V \/ 50Hz &#8211; 60Hz, 1.8kW<\/p>\n<p>Svars bez iepakojuma: 88,00 kg<\/p>\n<p>Svars ar iepakojumu: 115,88 kg<\/p>\n<p>Z\u012bmols: Secabo<\/p>\n<p><a href=\"https:\/\/download.secabo.com\/en\/secabo_TPD7.pdf\" target=\"_blank\" rel=\"noopener\">Instruction manual Secabo TPD7,EN<\/a><\/p>\n<iframe loading=\"lazy\"  id=\"_ytid_40097\"  width=\"780\" height=\"439\"  data-origwidth=\"780\" data-origheight=\"439\" src=\"https:\/\/www.youtube.com\/embed\/vYgkj8FszwA?enablejsapi=1&autoplay=0&cc_load_policy=0&cc_lang_pref=&iv_load_policy=1&loop=0&rel=1&fs=1&playsinline=0&autohide=2&theme=dark&color=red&controls=1&disablekb=0&\" class=\"__youtube_prefs__  no-lazyload\" title=\"YouTube player\"  allow=\"fullscreen; accelerometer; autoplay; clipboard-write; encrypted-media; gyroscope; picture-in-picture; web-share\" referrerpolicy=\"strict-origin-when-cross-origin\" allowfullscreen data-no-lazy=\"1\" data-skipgform_ajax_framebjll=\"\"><\/iframe>\n<div class=\"col-xs-12\">\n<div class=\"row\"><\/div>\n<\/div>\n","protected":false},"excerpt":{"rendered":"Jaun\u0101 Secabo TPD7 pneimatisk\u0101 termoprese ar dubulto plati, piem\u0113rota profesion\u0101lai un lielapjoma apstr\u0101dei. Termoprese TPD7 atbalsta visas izplat\u012bt\u0101s p\u0101rneses metodes. Izm\u0113rs : 100cm x 58cm x 75cm Darba virsma: 2x40cmx50cm Maks. spiediens: 350 g\/cm\u00b2 Maks. temperat\u016bra: 225 \u00b0C Elektroener\u0123ijas pat\u0113ri\u0146\u0161: AC 230V \/ 50Hz - 60Hz, 1.8kW Svars bez iepakojuma: 88,00 kg Svars ar iepakojumu: [...]","protected":false},"featured_media":7607,"template":"","meta":[],"product_brand":[],"product_cat":[258,428,260],"product_tag":[591,586,532,733],"class_list":{"0":"post-7606","1":"product","2":"type-product","3":"status-publish","4":"has-post-thumbnail","6":"product_cat-iekartas-un-izejmateriali","7":"product_cat-plakanas-automatiskas-termopreses","8":"product_cat-termopreses-iekartas-un-izejmateriali","9":"product_tag-heat-transfer","10":"product_tag-secabo","11":"product_tag-termoparnese","12":"product_tag-tpd7","14":"first","15":"instock","16":"shipping-taxable","17":"purchasable","18":"product-type-simple"},"yoast_head":"<!-- This site is optimized with the Yoast SEO plugin v27.5 - https:\/\/yoast.com\/product\/yoast-seo-wordpress\/ -->\n<title>Secabo TPD7 pneimatisk\u0101 termoprese 2 x 40 x 50 cm - WMT Baltic<\/title>\n<meta name=\"description\" content=\"Secabo TPD7 pneimatisk\u0101 dubultplates termoprese. Jaun\u0101 termoprese TPD7 ir ide\u0101li piem\u0113rota profesion\u0101lai un lielapjoma apstr\u0101dei.\" \/>\n<meta name=\"robots\" content=\"index, follow, max-snippet:-1, max-image-preview:large, max-video-preview:-1\" \/>\n<link rel=\"canonical\" href=\"https:\/\/wmtbaltic.lv\/product\/secabo-tpd7-pneimatiska-termoprese-40-x-50-cm\/\" \/>\n<meta property=\"og:locale\" content=\"en_US\" \/>\n<meta property=\"og:type\" content=\"article\" \/>\n<meta property=\"og:title\" content=\"Secabo TPD7 pneimatisk\u0101 termoprese 2 x 40 x 50 cm - WMT Baltic\" \/>\n<meta property=\"og:description\" content=\"Secabo TPD7 pneimatisk\u0101 dubultplates termoprese. Jaun\u0101 termoprese TPD7 ir ide\u0101li piem\u0113rota profesion\u0101lai un lielapjoma apstr\u0101dei.\" \/>\n<meta property=\"og:url\" content=\"https:\/\/wmtbaltic.lv\/product\/secabo-tpd7-pneimatiska-termoprese-40-x-50-cm\/\" \/>\n<meta property=\"og:site_name\" content=\"WMT Baltic\" \/>\n<meta property=\"article:publisher\" content=\"https:\/\/www.facebook.com\/WMT.Baltic.viscom\/?locale=lv_LV\" \/>\n<meta property=\"article:modified_time\" content=\"2025-09-17T08:41:18+00:00\" \/>\n<meta property=\"og:image\" content=\"http:\/\/wmtbaltic.lv\/wp-content\/uploads\/2021\/05\/c03BgwXQ-scaled.jpeg\" \/>\n\t<meta property=\"og:image:width\" content=\"2560\" \/>\n\t<meta property=\"og:image:height\" content=\"1985\" \/>\n\t<meta property=\"og:image:type\" content=\"image\/jpeg\" \/>\n<meta name=\"twitter:card\" content=\"summary_large_image\" \/>\n<meta name=\"twitter:label1\" content=\"Est. reading time\" \/>\n\t<meta name=\"twitter:data1\" content=\"1 minute\" \/>\n<script type=\"application\/ld+json\" class=\"yoast-schema-graph\">{\"@context\":\"https:\\\/\\\/schema.org\",\"@graph\":[{\"@type\":\"WebPage\",\"@id\":\"https:\\\/\\\/wmtbaltic.lv\\\/product\\\/secabo-tpd7-pneimatiska-termoprese-40-x-50-cm\\\/\",\"url\":\"https:\\\/\\\/wmtbaltic.lv\\\/product\\\/secabo-tpd7-pneimatiska-termoprese-40-x-50-cm\\\/\",\"name\":\"Secabo TPD7 pneimatisk\u0101 termoprese 2 x 40 x 50 cm - WMT Baltic\",\"isPartOf\":{\"@id\":\"https:\\\/\\\/wmtbaltic.lv\\\/#website\"},\"primaryImageOfPage\":{\"@id\":\"https:\\\/\\\/wmtbaltic.lv\\\/product\\\/secabo-tpd7-pneimatiska-termoprese-40-x-50-cm\\\/#primaryimage\"},\"image\":{\"@id\":\"https:\\\/\\\/wmtbaltic.lv\\\/product\\\/secabo-tpd7-pneimatiska-termoprese-40-x-50-cm\\\/#primaryimage\"},\"thumbnailUrl\":\"https:\\\/\\\/wmtbaltic.lv\\\/wp-content\\\/uploads\\\/2021\\\/05\\\/c03BgwXQ-scaled.jpeg\",\"datePublished\":\"2021-05-12T08:35:10+00:00\",\"dateModified\":\"2025-09-17T08:41:18+00:00\",\"description\":\"Secabo TPD7 pneimatisk\u0101 dubultplates termoprese. Jaun\u0101 termoprese TPD7 ir ide\u0101li piem\u0113rota profesion\u0101lai un lielapjoma apstr\u0101dei.\",\"breadcrumb\":{\"@id\":\"https:\\\/\\\/wmtbaltic.lv\\\/product\\\/secabo-tpd7-pneimatiska-termoprese-40-x-50-cm\\\/#breadcrumb\"},\"inLanguage\":\"en-US\",\"potentialAction\":[{\"@type\":\"ReadAction\",\"target\":[\"https:\\\/\\\/wmtbaltic.lv\\\/product\\\/secabo-tpd7-pneimatiska-termoprese-40-x-50-cm\\\/\"]}]},{\"@type\":\"ImageObject\",\"inLanguage\":\"en-US\",\"@id\":\"https:\\\/\\\/wmtbaltic.lv\\\/product\\\/secabo-tpd7-pneimatiska-termoprese-40-x-50-cm\\\/#primaryimage\",\"url\":\"https:\\\/\\\/wmtbaltic.lv\\\/wp-content\\\/uploads\\\/2021\\\/05\\\/c03BgwXQ-scaled.jpeg\",\"contentUrl\":\"https:\\\/\\\/wmtbaltic.lv\\\/wp-content\\\/uploads\\\/2021\\\/05\\\/c03BgwXQ-scaled.jpeg\",\"width\":2560,\"height\":1985},{\"@type\":\"BreadcrumbList\",\"@id\":\"https:\\\/\\\/wmtbaltic.lv\\\/product\\\/secabo-tpd7-pneimatiska-termoprese-40-x-50-cm\\\/#breadcrumb\",\"itemListElement\":[{\"@type\":\"ListItem\",\"position\":1,\"name\":\"Home\",\"item\":\"https:\\\/\\\/wmtbaltic.lv\\\/en\\\/\"},{\"@type\":\"ListItem\",\"position\":2,\"name\":\"Shop\",\"item\":\"https:\\\/\\\/wmtbaltic.lv\\\/shop\\\/\"},{\"@type\":\"ListItem\",\"position\":3,\"name\":\"Secabo TPD7 pneimatisk\u0101 termoprese 2 x 40 x 50 cm\"}]},{\"@type\":\"WebSite\",\"@id\":\"https:\\\/\\\/wmtbaltic.lv\\\/#website\",\"url\":\"https:\\\/\\\/wmtbaltic.lv\\\/\",\"name\":\"WMT Baltic\",\"description\":\"Rekl\u0101mas produkti, pl\u0113ves\",\"publisher\":{\"@id\":\"https:\\\/\\\/wmtbaltic.lv\\\/#organization\"},\"potentialAction\":[{\"@type\":\"SearchAction\",\"target\":{\"@type\":\"EntryPoint\",\"urlTemplate\":\"https:\\\/\\\/wmtbaltic.lv\\\/?s={search_term_string}\"},\"query-input\":{\"@type\":\"PropertyValueSpecification\",\"valueRequired\":true,\"valueName\":\"search_term_string\"}}],\"inLanguage\":\"en-US\"},{\"@type\":\"Organization\",\"@id\":\"https:\\\/\\\/wmtbaltic.lv\\\/#organization\",\"name\":\"WMT Baltic\",\"url\":\"https:\\\/\\\/wmtbaltic.lv\\\/\",\"logo\":{\"@type\":\"ImageObject\",\"inLanguage\":\"en-US\",\"@id\":\"https:\\\/\\\/wmtbaltic.lv\\\/#\\\/schema\\\/logo\\\/image\\\/\",\"url\":\"https:\\\/\\\/wmtbaltic.lv\\\/wp-content\\\/uploads\\\/2024\\\/12\\\/wmt-baltic-sia_107142_9_420x180.jpg\",\"contentUrl\":\"https:\\\/\\\/wmtbaltic.lv\\\/wp-content\\\/uploads\\\/2024\\\/12\\\/wmt-baltic-sia_107142_9_420x180.jpg\",\"width\":420,\"height\":180,\"caption\":\"WMT Baltic\"},\"image\":{\"@id\":\"https:\\\/\\\/wmtbaltic.lv\\\/#\\\/schema\\\/logo\\\/image\\\/\"},\"sameAs\":[\"https:\\\/\\\/www.facebook.com\\\/WMT.Baltic.viscom\\\/?locale=lv_LV\",\"https:\\\/\\\/www.instagram.com\\\/viscom_wmt\\\/\"]}]}<\/script>\n<!-- \/ Yoast SEO plugin. -->","yoast_head_json":{"title":"Secabo TPD7 pneimatisk\u0101 termoprese 2 x 40 x 50 cm - WMT Baltic","description":"Secabo TPD7 pneimatisk\u0101 dubultplates termoprese. Jaun\u0101 termoprese TPD7 ir ide\u0101li piem\u0113rota profesion\u0101lai un lielapjoma apstr\u0101dei.","robots":{"index":"index","follow":"follow","max-snippet":"max-snippet:-1","max-image-preview":"max-image-preview:large","max-video-preview":"max-video-preview:-1"},"canonical":"https:\/\/wmtbaltic.lv\/product\/secabo-tpd7-pneimatiska-termoprese-40-x-50-cm\/","og_locale":"en_US","og_type":"article","og_title":"Secabo TPD7 pneimatisk\u0101 termoprese 2 x 40 x 50 cm - WMT Baltic","og_description":"Secabo TPD7 pneimatisk\u0101 dubultplates termoprese. Jaun\u0101 termoprese TPD7 ir ide\u0101li piem\u0113rota profesion\u0101lai un lielapjoma apstr\u0101dei.","og_url":"https:\/\/wmtbaltic.lv\/product\/secabo-tpd7-pneimatiska-termoprese-40-x-50-cm\/","og_site_name":"WMT Baltic","article_publisher":"https:\/\/www.facebook.com\/WMT.Baltic.viscom\/?locale=lv_LV","article_modified_time":"2025-09-17T08:41:18+00:00","og_image":[{"width":2560,"height":1985,"url":"http:\/\/wmtbaltic.lv\/wp-content\/uploads\/2021\/05\/c03BgwXQ-scaled.jpeg","type":"image\/jpeg"}],"twitter_card":"summary_large_image","twitter_misc":{"Est. reading time":"1 minute"},"schema":{"@context":"https:\/\/schema.org","@graph":[{"@type":"WebPage","@id":"https:\/\/wmtbaltic.lv\/product\/secabo-tpd7-pneimatiska-termoprese-40-x-50-cm\/","url":"https:\/\/wmtbaltic.lv\/product\/secabo-tpd7-pneimatiska-termoprese-40-x-50-cm\/","name":"Secabo TPD7 pneimatisk\u0101 termoprese 2 x 40 x 50 cm - WMT Baltic","isPartOf":{"@id":"https:\/\/wmtbaltic.lv\/#website"},"primaryImageOfPage":{"@id":"https:\/\/wmtbaltic.lv\/product\/secabo-tpd7-pneimatiska-termoprese-40-x-50-cm\/#primaryimage"},"image":{"@id":"https:\/\/wmtbaltic.lv\/product\/secabo-tpd7-pneimatiska-termoprese-40-x-50-cm\/#primaryimage"},"thumbnailUrl":"https:\/\/wmtbaltic.lv\/wp-content\/uploads\/2021\/05\/c03BgwXQ-scaled.jpeg","datePublished":"2021-05-12T08:35:10+00:00","dateModified":"2025-09-17T08:41:18+00:00","description":"Secabo TPD7 pneimatisk\u0101 dubultplates termoprese. Jaun\u0101 termoprese TPD7 ir ide\u0101li piem\u0113rota profesion\u0101lai un lielapjoma apstr\u0101dei.","breadcrumb":{"@id":"https:\/\/wmtbaltic.lv\/product\/secabo-tpd7-pneimatiska-termoprese-40-x-50-cm\/#breadcrumb"},"inLanguage":"en-US","potentialAction":[{"@type":"ReadAction","target":["https:\/\/wmtbaltic.lv\/product\/secabo-tpd7-pneimatiska-termoprese-40-x-50-cm\/"]}]},{"@type":"ImageObject","inLanguage":"en-US","@id":"https:\/\/wmtbaltic.lv\/product\/secabo-tpd7-pneimatiska-termoprese-40-x-50-cm\/#primaryimage","url":"https:\/\/wmtbaltic.lv\/wp-content\/uploads\/2021\/05\/c03BgwXQ-scaled.jpeg","contentUrl":"https:\/\/wmtbaltic.lv\/wp-content\/uploads\/2021\/05\/c03BgwXQ-scaled.jpeg","width":2560,"height":1985},{"@type":"BreadcrumbList","@id":"https:\/\/wmtbaltic.lv\/product\/secabo-tpd7-pneimatiska-termoprese-40-x-50-cm\/#breadcrumb","itemListElement":[{"@type":"ListItem","position":1,"name":"Home","item":"https:\/\/wmtbaltic.lv\/en\/"},{"@type":"ListItem","position":2,"name":"Shop","item":"https:\/\/wmtbaltic.lv\/shop\/"},{"@type":"ListItem","position":3,"name":"Secabo TPD7 pneimatisk\u0101 termoprese 2 x 40 x 50 cm"}]},{"@type":"WebSite","@id":"https:\/\/wmtbaltic.lv\/#website","url":"https:\/\/wmtbaltic.lv\/","name":"WMT Baltic","description":"Rekl\u0101mas produkti, pl\u0113ves","publisher":{"@id":"https:\/\/wmtbaltic.lv\/#organization"},"potentialAction":[{"@type":"SearchAction","target":{"@type":"EntryPoint","urlTemplate":"https:\/\/wmtbaltic.lv\/?s={search_term_string}"},"query-input":{"@type":"PropertyValueSpecification","valueRequired":true,"valueName":"search_term_string"}}],"inLanguage":"en-US"},{"@type":"Organization","@id":"https:\/\/wmtbaltic.lv\/#organization","name":"WMT Baltic","url":"https:\/\/wmtbaltic.lv\/","logo":{"@type":"ImageObject","inLanguage":"en-US","@id":"https:\/\/wmtbaltic.lv\/#\/schema\/logo\/image\/","url":"https:\/\/wmtbaltic.lv\/wp-content\/uploads\/2024\/12\/wmt-baltic-sia_107142_9_420x180.jpg","contentUrl":"https:\/\/wmtbaltic.lv\/wp-content\/uploads\/2024\/12\/wmt-baltic-sia_107142_9_420x180.jpg","width":420,"height":180,"caption":"WMT Baltic"},"image":{"@id":"https:\/\/wmtbaltic.lv\/#\/schema\/logo\/image\/"},"sameAs":["https:\/\/www.facebook.com\/WMT.Baltic.viscom\/?locale=lv_LV","https:\/\/www.instagram.com\/viscom_wmt\/"]}]}},"_links":{"self":[{"href":"https:\/\/wmtbaltic.lv\/en\/wp-json\/wp\/v2\/product\/7606","targetHints":{"allow":["GET"]}}],"collection":[{"href":"https:\/\/wmtbaltic.lv\/en\/wp-json\/wp\/v2\/product"}],"about":[{"href":"https:\/\/wmtbaltic.lv\/en\/wp-json\/wp\/v2\/types\/product"}],"wp:featuredmedia":[{"embeddable":true,"href":"https:\/\/wmtbaltic.lv\/en\/wp-json\/wp\/v2\/media\/7607"}],"wp:attachment":[{"href":"https:\/\/wmtbaltic.lv\/en\/wp-json\/wp\/v2\/media?parent=7606"}],"wp:term":[{"taxonomy":"product_brand","embeddable":true,"href":"https:\/\/wmtbaltic.lv\/en\/wp-json\/wp\/v2\/product_brand?post=7606"},{"taxonomy":"product_cat","embeddable":true,"href":"https:\/\/wmtbaltic.lv\/en\/wp-json\/wp\/v2\/product_cat?post=7606"},{"taxonomy":"product_tag","embeddable":true,"href":"https:\/\/wmtbaltic.lv\/en\/wp-json\/wp\/v2\/product_tag?post=7606"}],"curies":[{"name":"wp","href":"https:\/\/api.w.org\/{rel}","templated":true}]}}