{"id":7571,"date":"2021-05-12T07:48:41","date_gmt":"2021-05-12T07:48:41","guid":{"rendered":"https:\/\/wmtbaltic.lv\/?post_type=product&#038;p=7571"},"modified":"2025-09-11T08:26:35","modified_gmt":"2025-09-11T08:26:35","slug":"secabo-tcc-smart-automatiska-cepuru-termoprese-ar-bluetooth","status":"publish","type":"product","link":"https:\/\/wmtbaltic.lv\/en\/product\/secabo-tcc-smart-automatiska-cepuru-termoprese-ar-bluetooth\/","title":{"rendered":"Secabo TCC SMART termoprese cepur\u0113m ar Bluetooth"},"content":{"rendered":"<p>Secabo TCC smart autom\u0101tisk\u0101\u00a0 termoprese cepuru un citu izstr\u0101d\u0101jumu apdarei. TCC SMART kontrolieris ir apr\u012bkots ar Bluetooth un \u00a0ir pieejama\u00a0 bezmaksas lietotne Secabo SMART. Secabo SMART\u00a0 Transfer \u013cauj kontrol\u0113t termopreses darbu.<\/p>\n<p>Darba virsma: 15cm x 8cm<br \/>\nMaks. le\u0146\u0137is: 35\u00b0<br \/>\nMaks. temperat\u016bra: 220 \u00b0C<br \/>\nElektroener\u0123ijas pat\u0113ri\u0146\u0161:AC voltage 230V\/50Hz &#8211; 60Hz, 1.0kW.<br \/>\nSvars bez iepakojuma:20,00 kg<br \/>\nSvars ar iepakojumu: 22,00 kg<br \/>\nZ\u012bmols: Secabo<\/p>\n<p><a href=\"https:\/\/download.secabo.com\/d3f00c16d407dc1bea7d47177b3cb2fe.pdf\"><strong>Ra\u017eot\u0101ja apraksts<iframe loading=\"lazy\"  id=\"_ytid_68673\"  width=\"780\" height=\"439\"  data-origwidth=\"780\" data-origheight=\"439\" src=\"https:\/\/www.youtube.com\/embed\/ZuDzQ13QRh4?enablejsapi=1&autoplay=0&cc_load_policy=0&cc_lang_pref=&iv_load_policy=1&loop=0&rel=1&fs=1&playsinline=0&autohide=2&theme=dark&color=red&controls=1&disablekb=0&\" class=\"__youtube_prefs__  no-lazyload\" title=\"YouTube player\"  allow=\"fullscreen; accelerometer; autoplay; clipboard-write; encrypted-media; gyroscope; picture-in-picture; web-share\" referrerpolicy=\"strict-origin-when-cross-origin\" allowfullscreen data-no-lazy=\"1\" data-skipgform_ajax_framebjll=\"\"><\/iframe><\/strong><\/a><\/p>\n","protected":false},"excerpt":{"rendered":"Secabo TCC smart autom\u0101tisk\u0101\u00a0 termoprese cepuru un citu izstr\u0101d\u0101jumu apdarei. TCC SMART kontrolieris ir apr\u012bkots ar Bluetooth un \u00a0ir pieejama\u00a0 bezmaksas lietotne Secabo SMART. Secabo SMART\u00a0 Transfer \u013cauj kontrol\u0113t termopreses darbu. Darba virsma: 15cm x 8cm Maks. le\u0146\u0137is: 35\u00b0 Maks. temperat\u016bra: 220 \u00b0C Elektroener\u0123ijas pat\u0113ri\u0146\u0161:AC voltage 230V\/50Hz - 60Hz, 1.0kW. Svars bez iepakojuma:20,00 kg Svars [...]","protected":false},"featured_media":7575,"comment_status":"closed","ping_status":"closed","template":"","meta":[],"product_brand":[],"product_cat":[258,244,260],"product_tag":[533,732,597,586,532],"class_list":{"0":"post-7571","1":"product","2":"type-product","3":"status-publish","4":"has-post-thumbnail","6":"product_cat-iekartas-un-izejmateriali","7":"product_cat-specialas-termopreses","8":"product_cat-termopreses-iekartas-un-izejmateriali","9":"product_tag-automatiska","10":"product_tag-bluetooth","11":"product_tag-prese","12":"product_tag-secabo","13":"product_tag-termoparnese","15":"first","16":"instock","17":"shipping-taxable","18":"purchasable","19":"product-type-simple"},"yoast_head":"<!-- This site is optimized with the Yoast SEO plugin v27.6 - https:\/\/yoast.com\/product\/yoast-seo-wordpress\/ -->\n<title>Secabo TCC SMART termoprese cepur\u0113m ar Bluetooth.<\/title>\n<meta name=\"description\" content=\"Secabo TCC SMART automt\u0101isk\u0101 termoprese cepuru un citu izstr\u0101d\u0101jumu apdarei. TCC SMART kontrolieris ir apr\u012bkots ar Bluetooth.\" \/>\n<meta name=\"robots\" content=\"index, follow, max-snippet:-1, max-image-preview:large, max-video-preview:-1\" \/>\n<link rel=\"canonical\" href=\"https:\/\/wmtbaltic.lv\/product\/secabo-tcc-smart-automatiska-cepuru-termoprese-ar-bluetooth\/\" \/>\n<meta property=\"og:locale\" content=\"en_US\" \/>\n<meta property=\"og:type\" content=\"article\" \/>\n<meta property=\"og:title\" content=\"Secabo TCC SMART termoprese cepur\u0113m ar Bluetooth.\" \/>\n<meta property=\"og:description\" content=\"Secabo TCC SMART automt\u0101isk\u0101 termoprese cepuru un citu izstr\u0101d\u0101jumu apdarei. TCC SMART kontrolieris ir apr\u012bkots ar Bluetooth.\" \/>\n<meta property=\"og:url\" content=\"https:\/\/wmtbaltic.lv\/product\/secabo-tcc-smart-automatiska-cepuru-termoprese-ar-bluetooth\/\" \/>\n<meta property=\"og:site_name\" content=\"WMT Baltic\" \/>\n<meta property=\"article:publisher\" content=\"https:\/\/www.facebook.com\/WMT.Baltic.viscom\/?locale=lv_LV\" \/>\n<meta property=\"article:modified_time\" content=\"2025-09-11T08:26:35+00:00\" \/>\n<meta property=\"og:image\" content=\"http:\/\/wmtbaltic.lv\/wp-content\/uploads\/2021\/05\/3b-azEIL-953x1024.png\" \/>\n\t<meta property=\"og:image:width\" content=\"953\" \/>\n\t<meta property=\"og:image:height\" content=\"1024\" \/>\n\t<meta property=\"og:image:type\" content=\"image\/png\" \/>\n<meta name=\"twitter:card\" content=\"summary_large_image\" \/>\n<meta name=\"twitter:label1\" content=\"Est. reading time\" \/>\n\t<meta name=\"twitter:data1\" content=\"1 minute\" \/>\n<script type=\"application\/ld+json\" class=\"yoast-schema-graph\">{\"@context\":\"https:\\\/\\\/schema.org\",\"@graph\":[{\"@type\":\"WebPage\",\"@id\":\"https:\\\/\\\/wmtbaltic.lv\\\/product\\\/secabo-tcc-smart-automatiska-cepuru-termoprese-ar-bluetooth\\\/\",\"url\":\"https:\\\/\\\/wmtbaltic.lv\\\/product\\\/secabo-tcc-smart-automatiska-cepuru-termoprese-ar-bluetooth\\\/\",\"name\":\"Secabo TCC SMART termoprese cepur\u0113m ar Bluetooth.\",\"isPartOf\":{\"@id\":\"https:\\\/\\\/wmtbaltic.lv\\\/#website\"},\"primaryImageOfPage\":{\"@id\":\"https:\\\/\\\/wmtbaltic.lv\\\/product\\\/secabo-tcc-smart-automatiska-cepuru-termoprese-ar-bluetooth\\\/#primaryimage\"},\"image\":{\"@id\":\"https:\\\/\\\/wmtbaltic.lv\\\/product\\\/secabo-tcc-smart-automatiska-cepuru-termoprese-ar-bluetooth\\\/#primaryimage\"},\"thumbnailUrl\":\"https:\\\/\\\/wmtbaltic.lv\\\/wp-content\\\/uploads\\\/2021\\\/05\\\/3b-azEIL.png\",\"datePublished\":\"2021-05-12T07:48:41+00:00\",\"dateModified\":\"2025-09-11T08:26:35+00:00\",\"description\":\"Secabo TCC SMART automt\u0101isk\u0101 termoprese cepuru un citu izstr\u0101d\u0101jumu apdarei. TCC SMART kontrolieris ir apr\u012bkots ar Bluetooth.\",\"breadcrumb\":{\"@id\":\"https:\\\/\\\/wmtbaltic.lv\\\/product\\\/secabo-tcc-smart-automatiska-cepuru-termoprese-ar-bluetooth\\\/#breadcrumb\"},\"inLanguage\":\"en-US\",\"potentialAction\":[{\"@type\":\"ReadAction\",\"target\":[\"https:\\\/\\\/wmtbaltic.lv\\\/product\\\/secabo-tcc-smart-automatiska-cepuru-termoprese-ar-bluetooth\\\/\"]}]},{\"@type\":\"ImageObject\",\"inLanguage\":\"en-US\",\"@id\":\"https:\\\/\\\/wmtbaltic.lv\\\/product\\\/secabo-tcc-smart-automatiska-cepuru-termoprese-ar-bluetooth\\\/#primaryimage\",\"url\":\"https:\\\/\\\/wmtbaltic.lv\\\/wp-content\\\/uploads\\\/2021\\\/05\\\/3b-azEIL.png\",\"contentUrl\":\"https:\\\/\\\/wmtbaltic.lv\\\/wp-content\\\/uploads\\\/2021\\\/05\\\/3b-azEIL.png\",\"width\":2904,\"height\":3120},{\"@type\":\"BreadcrumbList\",\"@id\":\"https:\\\/\\\/wmtbaltic.lv\\\/product\\\/secabo-tcc-smart-automatiska-cepuru-termoprese-ar-bluetooth\\\/#breadcrumb\",\"itemListElement\":[{\"@type\":\"ListItem\",\"position\":1,\"name\":\"Home\",\"item\":\"https:\\\/\\\/wmtbaltic.lv\\\/en\\\/\"},{\"@type\":\"ListItem\",\"position\":2,\"name\":\"Products\",\"item\":\"https:\\\/\\\/wmtbaltic.lv\\\/en\\\/shop\\\/\"},{\"@type\":\"ListItem\",\"position\":3,\"name\":\"Secabo TCC SMART termoprese cepur\u0113m ar Bluetooth\"}]},{\"@type\":\"WebSite\",\"@id\":\"https:\\\/\\\/wmtbaltic.lv\\\/#website\",\"url\":\"https:\\\/\\\/wmtbaltic.lv\\\/\",\"name\":\"WMT Baltic\",\"description\":\"Rekl\u0101mas produkti, pl\u0113ves\",\"publisher\":{\"@id\":\"https:\\\/\\\/wmtbaltic.lv\\\/#organization\"},\"potentialAction\":[{\"@type\":\"SearchAction\",\"target\":{\"@type\":\"EntryPoint\",\"urlTemplate\":\"https:\\\/\\\/wmtbaltic.lv\\\/?s={search_term_string}\"},\"query-input\":{\"@type\":\"PropertyValueSpecification\",\"valueRequired\":true,\"valueName\":\"search_term_string\"}}],\"inLanguage\":\"en-US\"},{\"@type\":\"Organization\",\"@id\":\"https:\\\/\\\/wmtbaltic.lv\\\/#organization\",\"name\":\"WMT Baltic\",\"url\":\"https:\\\/\\\/wmtbaltic.lv\\\/\",\"logo\":{\"@type\":\"ImageObject\",\"inLanguage\":\"en-US\",\"@id\":\"https:\\\/\\\/wmtbaltic.lv\\\/#\\\/schema\\\/logo\\\/image\\\/\",\"url\":\"https:\\\/\\\/wmtbaltic.lv\\\/wp-content\\\/uploads\\\/2024\\\/12\\\/wmt-baltic-sia_107142_9_420x180.jpg\",\"contentUrl\":\"https:\\\/\\\/wmtbaltic.lv\\\/wp-content\\\/uploads\\\/2024\\\/12\\\/wmt-baltic-sia_107142_9_420x180.jpg\",\"width\":420,\"height\":180,\"caption\":\"WMT Baltic\"},\"image\":{\"@id\":\"https:\\\/\\\/wmtbaltic.lv\\\/#\\\/schema\\\/logo\\\/image\\\/\"},\"sameAs\":[\"https:\\\/\\\/www.facebook.com\\\/WMT.Baltic.viscom\\\/?locale=lv_LV\",\"https:\\\/\\\/www.instagram.com\\\/viscom_wmt\\\/\"]}]}<\/script>\n<!-- \/ Yoast SEO plugin. -->","yoast_head_json":{"title":"Secabo TCC SMART termoprese cepur\u0113m ar Bluetooth.","description":"Secabo TCC SMART automt\u0101isk\u0101 termoprese cepuru un citu izstr\u0101d\u0101jumu apdarei. TCC SMART kontrolieris ir apr\u012bkots ar Bluetooth.","robots":{"index":"index","follow":"follow","max-snippet":"max-snippet:-1","max-image-preview":"max-image-preview:large","max-video-preview":"max-video-preview:-1"},"canonical":"https:\/\/wmtbaltic.lv\/product\/secabo-tcc-smart-automatiska-cepuru-termoprese-ar-bluetooth\/","og_locale":"en_US","og_type":"article","og_title":"Secabo TCC SMART termoprese cepur\u0113m ar Bluetooth.","og_description":"Secabo TCC SMART automt\u0101isk\u0101 termoprese cepuru un citu izstr\u0101d\u0101jumu apdarei. TCC SMART kontrolieris ir apr\u012bkots ar Bluetooth.","og_url":"https:\/\/wmtbaltic.lv\/product\/secabo-tcc-smart-automatiska-cepuru-termoprese-ar-bluetooth\/","og_site_name":"WMT Baltic","article_publisher":"https:\/\/www.facebook.com\/WMT.Baltic.viscom\/?locale=lv_LV","article_modified_time":"2025-09-11T08:26:35+00:00","og_image":[{"width":953,"height":1024,"url":"http:\/\/wmtbaltic.lv\/wp-content\/uploads\/2021\/05\/3b-azEIL-953x1024.png","type":"image\/png"}],"twitter_card":"summary_large_image","twitter_misc":{"Est. reading time":"1 minute"},"schema":{"@context":"https:\/\/schema.org","@graph":[{"@type":"WebPage","@id":"https:\/\/wmtbaltic.lv\/product\/secabo-tcc-smart-automatiska-cepuru-termoprese-ar-bluetooth\/","url":"https:\/\/wmtbaltic.lv\/product\/secabo-tcc-smart-automatiska-cepuru-termoprese-ar-bluetooth\/","name":"Secabo TCC SMART termoprese cepur\u0113m ar Bluetooth.","isPartOf":{"@id":"https:\/\/wmtbaltic.lv\/#website"},"primaryImageOfPage":{"@id":"https:\/\/wmtbaltic.lv\/product\/secabo-tcc-smart-automatiska-cepuru-termoprese-ar-bluetooth\/#primaryimage"},"image":{"@id":"https:\/\/wmtbaltic.lv\/product\/secabo-tcc-smart-automatiska-cepuru-termoprese-ar-bluetooth\/#primaryimage"},"thumbnailUrl":"https:\/\/wmtbaltic.lv\/wp-content\/uploads\/2021\/05\/3b-azEIL.png","datePublished":"2021-05-12T07:48:41+00:00","dateModified":"2025-09-11T08:26:35+00:00","description":"Secabo TCC SMART automt\u0101isk\u0101 termoprese cepuru un citu izstr\u0101d\u0101jumu apdarei. TCC SMART kontrolieris ir apr\u012bkots ar Bluetooth.","breadcrumb":{"@id":"https:\/\/wmtbaltic.lv\/product\/secabo-tcc-smart-automatiska-cepuru-termoprese-ar-bluetooth\/#breadcrumb"},"inLanguage":"en-US","potentialAction":[{"@type":"ReadAction","target":["https:\/\/wmtbaltic.lv\/product\/secabo-tcc-smart-automatiska-cepuru-termoprese-ar-bluetooth\/"]}]},{"@type":"ImageObject","inLanguage":"en-US","@id":"https:\/\/wmtbaltic.lv\/product\/secabo-tcc-smart-automatiska-cepuru-termoprese-ar-bluetooth\/#primaryimage","url":"https:\/\/wmtbaltic.lv\/wp-content\/uploads\/2021\/05\/3b-azEIL.png","contentUrl":"https:\/\/wmtbaltic.lv\/wp-content\/uploads\/2021\/05\/3b-azEIL.png","width":2904,"height":3120},{"@type":"BreadcrumbList","@id":"https:\/\/wmtbaltic.lv\/product\/secabo-tcc-smart-automatiska-cepuru-termoprese-ar-bluetooth\/#breadcrumb","itemListElement":[{"@type":"ListItem","position":1,"name":"Home","item":"https:\/\/wmtbaltic.lv\/en\/"},{"@type":"ListItem","position":2,"name":"Products","item":"https:\/\/wmtbaltic.lv\/en\/shop\/"},{"@type":"ListItem","position":3,"name":"Secabo TCC SMART termoprese cepur\u0113m ar Bluetooth"}]},{"@type":"WebSite","@id":"https:\/\/wmtbaltic.lv\/#website","url":"https:\/\/wmtbaltic.lv\/","name":"WMT Baltic","description":"Rekl\u0101mas produkti, pl\u0113ves","publisher":{"@id":"https:\/\/wmtbaltic.lv\/#organization"},"potentialAction":[{"@type":"SearchAction","target":{"@type":"EntryPoint","urlTemplate":"https:\/\/wmtbaltic.lv\/?s={search_term_string}"},"query-input":{"@type":"PropertyValueSpecification","valueRequired":true,"valueName":"search_term_string"}}],"inLanguage":"en-US"},{"@type":"Organization","@id":"https:\/\/wmtbaltic.lv\/#organization","name":"WMT Baltic","url":"https:\/\/wmtbaltic.lv\/","logo":{"@type":"ImageObject","inLanguage":"en-US","@id":"https:\/\/wmtbaltic.lv\/#\/schema\/logo\/image\/","url":"https:\/\/wmtbaltic.lv\/wp-content\/uploads\/2024\/12\/wmt-baltic-sia_107142_9_420x180.jpg","contentUrl":"https:\/\/wmtbaltic.lv\/wp-content\/uploads\/2024\/12\/wmt-baltic-sia_107142_9_420x180.jpg","width":420,"height":180,"caption":"WMT Baltic"},"image":{"@id":"https:\/\/wmtbaltic.lv\/#\/schema\/logo\/image\/"},"sameAs":["https:\/\/www.facebook.com\/WMT.Baltic.viscom\/?locale=lv_LV","https:\/\/www.instagram.com\/viscom_wmt\/"]}]}},"_links":{"self":[{"href":"https:\/\/wmtbaltic.lv\/en\/wp-json\/wp\/v2\/product\/7571","targetHints":{"allow":["GET"]}}],"collection":[{"href":"https:\/\/wmtbaltic.lv\/en\/wp-json\/wp\/v2\/product"}],"about":[{"href":"https:\/\/wmtbaltic.lv\/en\/wp-json\/wp\/v2\/types\/product"}],"replies":[{"embeddable":true,"href":"https:\/\/wmtbaltic.lv\/en\/wp-json\/wp\/v2\/comments?post=7571"}],"wp:featuredmedia":[{"embeddable":true,"href":"https:\/\/wmtbaltic.lv\/en\/wp-json\/wp\/v2\/media\/7575"}],"wp:attachment":[{"href":"https:\/\/wmtbaltic.lv\/en\/wp-json\/wp\/v2\/media?parent=7571"}],"wp:term":[{"taxonomy":"product_brand","embeddable":true,"href":"https:\/\/wmtbaltic.lv\/en\/wp-json\/wp\/v2\/product_brand?post=7571"},{"taxonomy":"product_cat","embeddable":true,"href":"https:\/\/wmtbaltic.lv\/en\/wp-json\/wp\/v2\/product_cat?post=7571"},{"taxonomy":"product_tag","embeddable":true,"href":"https:\/\/wmtbaltic.lv\/en\/wp-json\/wp\/v2\/product_tag?post=7571"}],"curies":[{"name":"wp","href":"https:\/\/api.w.org\/{rel}","templated":true}]}}