{"id":7558,"date":"2021-05-11T08:53:50","date_gmt":"2021-05-11T08:53:50","guid":{"rendered":"https:\/\/wmtbaltic.lv\/?post_type=product&#038;p=7558"},"modified":"2022-11-24T09:35:19","modified_gmt":"2022-11-24T09:35:19","slug":"secabo-tm5-termoprese-kruzem","status":"publish","type":"product","link":"https:\/\/wmtbaltic.lv\/en\/product\/secabo-tm5-termoprese-kruzem\/","title":{"rendered":"Secabo TM5 termoprese kr\u016bz\u0113m"},"content":{"rendered":"<p>Secabo TM5 termoprese kr\u016bz\u0113m. Izmantojot TM5\u00a0 termopresi vienlaikus var p\u0101rnest att\u0113lu l\u012bdz 5 kr\u016bz\u0113m.<\/p>\n<p>Secabo TM5 ide\u0101li piem\u0113rota sublim\u0101cijas p\u0101rne\u0161anai uz keramikas kr\u016bz\u0113m un l\u012bdz\u012bgiem priek\u0161metiem.<\/p>\n<p>Digit\u0101lie kontrolieri prec\u012bzi un dro\u0161i kontrol\u0113 sildelementu temperat\u016bru un laiku.<\/p>\n<p>Komplekt\u0101cij\u0101 ietilpst 5 kr\u016bzes (325 ml) un\u00a0rezerves sildelements.<\/p>\n<p>Izm\u0113rs: 92 x 36 x 35 cm<\/p>\n<p>Kr\u016bzes maksim\u0101lais augstums: 12 cm<br \/>\nKr\u016bzes maksim\u0101lais diametrs: 7.5 &#8211; 9.0cm<br \/>\nMaks. temperat\u016bra:\u00a0 225 \u00b0C<br \/>\nElektroener\u0123ijas pat\u0113ri\u0146\u0161: 230V \/ 50Hz &#8211; 60Hz, 5x 350W<br \/>\nSvars : 35,00 kg<br \/>\nZ\u012bmols: Secabo<\/p>\n<p><a href=\"https:\/\/download.secabo.com\/2ea7791d7114f062bd1813425488e373.pdf\"><strong>Ra\u017eot\u0101ja apraksts<\/strong><\/a><\/p>\n","protected":false},"excerpt":{"rendered":"Secabo TM5 termoprese kr\u016bz\u0113m. Izmantojot TM5\u00a0 termopresi vienlaikus var p\u0101rnest att\u0113lu l\u012bdz 5 kr\u016bz\u0113m. Secabo TM5 ide\u0101li piem\u0113rota sublim\u0101cijas p\u0101rne\u0161anai uz keramikas kr\u016bz\u0113m un l\u012bdz\u012bgiem priek\u0161metiem. Digit\u0101lie kontrolieri prec\u012bzi un dro\u0161i kontrol\u0113 sildelementu temperat\u016bru un laiku. Komplekt\u0101cij\u0101 ietilpst 5 kr\u016bzes (325 ml) un\u00a0rezerves sildelements. Izm\u0113rs: 92 x 36 x 35 cm Kr\u016bzes maksim\u0101lais augstums: 12 [...]","protected":false},"featured_media":7559,"template":"","meta":[],"product_brand":[],"product_cat":[258,244,260],"product_tag":[491,586,532,529],"class_list":{"0":"post-7558","1":"product","2":"type-product","3":"status-publish","4":"has-post-thumbnail","6":"product_cat-iekartas-un-izejmateriali","7":"product_cat-specialas-termopreses","8":"product_cat-termopreses-iekartas-un-izejmateriali","9":"product_tag-iekarta","10":"product_tag-secabo","11":"product_tag-termoparnese","12":"product_tag-termoprese","14":"first","15":"instock","16":"shipping-taxable","17":"purchasable","18":"product-type-simple"},"yoast_head":"<!-- This site is optimized with the Yoast SEO plugin v27.3 - https:\/\/yoast.com\/product\/yoast-seo-wordpress\/ -->\n<title>Secabo TM5 termoprese kr\u016bz\u0113m pas\u016bt\u012bt veikal\u0101 R\u012bg\u0101<\/title>\n<meta name=\"description\" content=\"Secabo TM5 termoprese kr\u016bz\u0113m. Izmantojot TM5\u00a0 termopresi vienlaikus var p\u0101rnest att\u0113lu l\u012bdz 5 kr\u016bz\u0113m. Secabo TM5 ide\u0101li piem\u0113rota sublim\u0101cijas p\u0101rne\u0161anai uz keramikas kr\u016bz\u0113m un l\u012bdz\u012bgiem priek\u0161metiem.Komplekt\u0101cij\u0101 ietilpst 5 kr\u016bzes (325 ml) un\u00a0rezerves sildelements. WMT Baltic R\u012bga veiklas\" \/>\n<meta name=\"robots\" content=\"index, follow, max-snippet:-1, max-image-preview:large, max-video-preview:-1\" \/>\n<link rel=\"canonical\" href=\"https:\/\/wmtbaltic.lv\/Produkts\/secabo-tm5-termoprese-kruzem\/\" \/>\n<meta property=\"og:locale\" content=\"en_US\" \/>\n<meta property=\"og:type\" content=\"article\" \/>\n<meta property=\"og:title\" content=\"Secabo TM5 termoprese kr\u016bz\u0113m pas\u016bt\u012bt veikal\u0101 R\u012bg\u0101\" \/>\n<meta property=\"og:description\" content=\"Secabo TM5 termoprese kr\u016bz\u0113m. Izmantojot TM5\u00a0 termopresi vienlaikus var p\u0101rnest att\u0113lu l\u012bdz 5 kr\u016bz\u0113m. Secabo TM5 ide\u0101li piem\u0113rota sublim\u0101cijas p\u0101rne\u0161anai uz keramikas kr\u016bz\u0113m un l\u012bdz\u012bgiem priek\u0161metiem.Komplekt\u0101cij\u0101 ietilpst 5 kr\u016bzes (325 ml) un\u00a0rezerves sildelements. WMT Baltic R\u012bga veiklas\" \/>\n<meta property=\"og:url\" content=\"https:\/\/wmtbaltic.lv\/Produkts\/secabo-tm5-termoprese-kruzem\/\" \/>\n<meta property=\"og:site_name\" content=\"WMT Baltic\" \/>\n<meta property=\"article:publisher\" content=\"https:\/\/www.facebook.com\/WMT.Baltic.viscom\/?locale=lv_LV\" \/>\n<meta property=\"article:modified_time\" content=\"2022-11-24T09:35:19+00:00\" \/>\n<meta property=\"og:image\" content=\"http:\/\/wmtbaltic.lv\/wp-content\/uploads\/2021\/05\/Gj425f1A-scaled.jpeg\" \/>\n\t<meta property=\"og:image:width\" content=\"2560\" \/>\n\t<meta property=\"og:image:height\" content=\"1652\" \/>\n\t<meta property=\"og:image:type\" content=\"image\/jpeg\" \/>\n<meta name=\"twitter:card\" content=\"summary_large_image\" \/>\n<meta name=\"twitter:label1\" content=\"Est. reading time\" \/>\n\t<meta name=\"twitter:data1\" content=\"1 minute\" \/>\n<script type=\"application\/ld+json\" class=\"yoast-schema-graph\">{\"@context\":\"https:\\\/\\\/schema.org\",\"@graph\":[{\"@type\":\"WebPage\",\"@id\":\"https:\\\/\\\/wmtbaltic.lv\\\/Produkts\\\/secabo-tm5-termoprese-kruzem\\\/\",\"url\":\"https:\\\/\\\/wmtbaltic.lv\\\/Produkts\\\/secabo-tm5-termoprese-kruzem\\\/\",\"name\":\"Secabo TM5 termoprese kr\u016bz\u0113m pas\u016bt\u012bt veikal\u0101 R\u012bg\u0101\",\"isPartOf\":{\"@id\":\"https:\\\/\\\/wmtbaltic.lv\\\/#website\"},\"primaryImageOfPage\":{\"@id\":\"https:\\\/\\\/wmtbaltic.lv\\\/Produkts\\\/secabo-tm5-termoprese-kruzem\\\/#primaryimage\"},\"image\":{\"@id\":\"https:\\\/\\\/wmtbaltic.lv\\\/Produkts\\\/secabo-tm5-termoprese-kruzem\\\/#primaryimage\"},\"thumbnailUrl\":\"https:\\\/\\\/wmtbaltic.lv\\\/wp-content\\\/uploads\\\/2021\\\/05\\\/Gj425f1A-scaled.jpeg\",\"datePublished\":\"2021-05-11T08:53:50+00:00\",\"dateModified\":\"2022-11-24T09:35:19+00:00\",\"description\":\"Secabo TM5 termoprese kr\u016bz\u0113m. Izmantojot TM5\u00a0 termopresi vienlaikus var p\u0101rnest att\u0113lu l\u012bdz 5 kr\u016bz\u0113m. Secabo TM5 ide\u0101li piem\u0113rota sublim\u0101cijas p\u0101rne\u0161anai uz keramikas kr\u016bz\u0113m un l\u012bdz\u012bgiem priek\u0161metiem.Komplekt\u0101cij\u0101 ietilpst 5 kr\u016bzes (325 ml) un\u00a0rezerves sildelements. WMT Baltic R\u012bga veiklas\",\"breadcrumb\":{\"@id\":\"https:\\\/\\\/wmtbaltic.lv\\\/Produkts\\\/secabo-tm5-termoprese-kruzem\\\/#breadcrumb\"},\"inLanguage\":\"en-US\",\"potentialAction\":[{\"@type\":\"ReadAction\",\"target\":[\"https:\\\/\\\/wmtbaltic.lv\\\/Produkts\\\/secabo-tm5-termoprese-kruzem\\\/\"]}]},{\"@type\":\"ImageObject\",\"inLanguage\":\"en-US\",\"@id\":\"https:\\\/\\\/wmtbaltic.lv\\\/Produkts\\\/secabo-tm5-termoprese-kruzem\\\/#primaryimage\",\"url\":\"https:\\\/\\\/wmtbaltic.lv\\\/wp-content\\\/uploads\\\/2021\\\/05\\\/Gj425f1A-scaled.jpeg\",\"contentUrl\":\"https:\\\/\\\/wmtbaltic.lv\\\/wp-content\\\/uploads\\\/2021\\\/05\\\/Gj425f1A-scaled.jpeg\",\"width\":2560,\"height\":1652},{\"@type\":\"BreadcrumbList\",\"@id\":\"https:\\\/\\\/wmtbaltic.lv\\\/Produkts\\\/secabo-tm5-termoprese-kruzem\\\/#breadcrumb\",\"itemListElement\":[{\"@type\":\"ListItem\",\"position\":1,\"name\":\"Home\",\"item\":\"https:\\\/\\\/wmtbaltic.lv\\\/en\\\/\"},{\"@type\":\"ListItem\",\"position\":2,\"name\":\"Shop\",\"item\":\"https:\\\/\\\/wmtbaltic.lv\\\/shop\\\/\"},{\"@type\":\"ListItem\",\"position\":3,\"name\":\"Secabo TM5 termoprese kr\u016bz\u0113m\"}]},{\"@type\":\"WebSite\",\"@id\":\"https:\\\/\\\/wmtbaltic.lv\\\/#website\",\"url\":\"https:\\\/\\\/wmtbaltic.lv\\\/\",\"name\":\"WMT Baltic\",\"description\":\"Rekl\u0101mas produkti, pl\u0113ves\",\"publisher\":{\"@id\":\"https:\\\/\\\/wmtbaltic.lv\\\/#organization\"},\"potentialAction\":[{\"@type\":\"SearchAction\",\"target\":{\"@type\":\"EntryPoint\",\"urlTemplate\":\"https:\\\/\\\/wmtbaltic.lv\\\/?s={search_term_string}\"},\"query-input\":{\"@type\":\"PropertyValueSpecification\",\"valueRequired\":true,\"valueName\":\"search_term_string\"}}],\"inLanguage\":\"en-US\"},{\"@type\":\"Organization\",\"@id\":\"https:\\\/\\\/wmtbaltic.lv\\\/#organization\",\"name\":\"WMT Baltic\",\"url\":\"https:\\\/\\\/wmtbaltic.lv\\\/\",\"logo\":{\"@type\":\"ImageObject\",\"inLanguage\":\"en-US\",\"@id\":\"https:\\\/\\\/wmtbaltic.lv\\\/#\\\/schema\\\/logo\\\/image\\\/\",\"url\":\"https:\\\/\\\/wmtbaltic.lv\\\/wp-content\\\/uploads\\\/2024\\\/12\\\/wmt-baltic-sia_107142_9_420x180.jpg\",\"contentUrl\":\"https:\\\/\\\/wmtbaltic.lv\\\/wp-content\\\/uploads\\\/2024\\\/12\\\/wmt-baltic-sia_107142_9_420x180.jpg\",\"width\":420,\"height\":180,\"caption\":\"WMT Baltic\"},\"image\":{\"@id\":\"https:\\\/\\\/wmtbaltic.lv\\\/#\\\/schema\\\/logo\\\/image\\\/\"},\"sameAs\":[\"https:\\\/\\\/www.facebook.com\\\/WMT.Baltic.viscom\\\/?locale=lv_LV\",\"https:\\\/\\\/www.instagram.com\\\/viscom_wmt\\\/\"]}]}<\/script>\n<!-- \/ Yoast SEO plugin. -->","yoast_head_json":{"title":"Secabo TM5 termoprese kr\u016bz\u0113m pas\u016bt\u012bt veikal\u0101 R\u012bg\u0101","description":"Secabo TM5 termoprese kr\u016bz\u0113m. Izmantojot TM5\u00a0 termopresi vienlaikus var p\u0101rnest att\u0113lu l\u012bdz 5 kr\u016bz\u0113m. Secabo TM5 ide\u0101li piem\u0113rota sublim\u0101cijas p\u0101rne\u0161anai uz keramikas kr\u016bz\u0113m un l\u012bdz\u012bgiem priek\u0161metiem.Komplekt\u0101cij\u0101 ietilpst 5 kr\u016bzes (325 ml) un\u00a0rezerves sildelements. WMT Baltic R\u012bga veiklas","robots":{"index":"index","follow":"follow","max-snippet":"max-snippet:-1","max-image-preview":"max-image-preview:large","max-video-preview":"max-video-preview:-1"},"canonical":"https:\/\/wmtbaltic.lv\/Produkts\/secabo-tm5-termoprese-kruzem\/","og_locale":"en_US","og_type":"article","og_title":"Secabo TM5 termoprese kr\u016bz\u0113m pas\u016bt\u012bt veikal\u0101 R\u012bg\u0101","og_description":"Secabo TM5 termoprese kr\u016bz\u0113m. Izmantojot TM5\u00a0 termopresi vienlaikus var p\u0101rnest att\u0113lu l\u012bdz 5 kr\u016bz\u0113m. Secabo TM5 ide\u0101li piem\u0113rota sublim\u0101cijas p\u0101rne\u0161anai uz keramikas kr\u016bz\u0113m un l\u012bdz\u012bgiem priek\u0161metiem.Komplekt\u0101cij\u0101 ietilpst 5 kr\u016bzes (325 ml) un\u00a0rezerves sildelements. WMT Baltic R\u012bga veiklas","og_url":"https:\/\/wmtbaltic.lv\/Produkts\/secabo-tm5-termoprese-kruzem\/","og_site_name":"WMT Baltic","article_publisher":"https:\/\/www.facebook.com\/WMT.Baltic.viscom\/?locale=lv_LV","article_modified_time":"2022-11-24T09:35:19+00:00","og_image":[{"width":2560,"height":1652,"url":"http:\/\/wmtbaltic.lv\/wp-content\/uploads\/2021\/05\/Gj425f1A-scaled.jpeg","type":"image\/jpeg"}],"twitter_card":"summary_large_image","twitter_misc":{"Est. reading time":"1 minute"},"schema":{"@context":"https:\/\/schema.org","@graph":[{"@type":"WebPage","@id":"https:\/\/wmtbaltic.lv\/Produkts\/secabo-tm5-termoprese-kruzem\/","url":"https:\/\/wmtbaltic.lv\/Produkts\/secabo-tm5-termoprese-kruzem\/","name":"Secabo TM5 termoprese kr\u016bz\u0113m pas\u016bt\u012bt veikal\u0101 R\u012bg\u0101","isPartOf":{"@id":"https:\/\/wmtbaltic.lv\/#website"},"primaryImageOfPage":{"@id":"https:\/\/wmtbaltic.lv\/Produkts\/secabo-tm5-termoprese-kruzem\/#primaryimage"},"image":{"@id":"https:\/\/wmtbaltic.lv\/Produkts\/secabo-tm5-termoprese-kruzem\/#primaryimage"},"thumbnailUrl":"https:\/\/wmtbaltic.lv\/wp-content\/uploads\/2021\/05\/Gj425f1A-scaled.jpeg","datePublished":"2021-05-11T08:53:50+00:00","dateModified":"2022-11-24T09:35:19+00:00","description":"Secabo TM5 termoprese kr\u016bz\u0113m. Izmantojot TM5\u00a0 termopresi vienlaikus var p\u0101rnest att\u0113lu l\u012bdz 5 kr\u016bz\u0113m. Secabo TM5 ide\u0101li piem\u0113rota sublim\u0101cijas p\u0101rne\u0161anai uz keramikas kr\u016bz\u0113m un l\u012bdz\u012bgiem priek\u0161metiem.Komplekt\u0101cij\u0101 ietilpst 5 kr\u016bzes (325 ml) un\u00a0rezerves sildelements. WMT Baltic R\u012bga veiklas","breadcrumb":{"@id":"https:\/\/wmtbaltic.lv\/Produkts\/secabo-tm5-termoprese-kruzem\/#breadcrumb"},"inLanguage":"en-US","potentialAction":[{"@type":"ReadAction","target":["https:\/\/wmtbaltic.lv\/Produkts\/secabo-tm5-termoprese-kruzem\/"]}]},{"@type":"ImageObject","inLanguage":"en-US","@id":"https:\/\/wmtbaltic.lv\/Produkts\/secabo-tm5-termoprese-kruzem\/#primaryimage","url":"https:\/\/wmtbaltic.lv\/wp-content\/uploads\/2021\/05\/Gj425f1A-scaled.jpeg","contentUrl":"https:\/\/wmtbaltic.lv\/wp-content\/uploads\/2021\/05\/Gj425f1A-scaled.jpeg","width":2560,"height":1652},{"@type":"BreadcrumbList","@id":"https:\/\/wmtbaltic.lv\/Produkts\/secabo-tm5-termoprese-kruzem\/#breadcrumb","itemListElement":[{"@type":"ListItem","position":1,"name":"Home","item":"https:\/\/wmtbaltic.lv\/en\/"},{"@type":"ListItem","position":2,"name":"Shop","item":"https:\/\/wmtbaltic.lv\/shop\/"},{"@type":"ListItem","position":3,"name":"Secabo TM5 termoprese kr\u016bz\u0113m"}]},{"@type":"WebSite","@id":"https:\/\/wmtbaltic.lv\/#website","url":"https:\/\/wmtbaltic.lv\/","name":"WMT Baltic","description":"Rekl\u0101mas produkti, pl\u0113ves","publisher":{"@id":"https:\/\/wmtbaltic.lv\/#organization"},"potentialAction":[{"@type":"SearchAction","target":{"@type":"EntryPoint","urlTemplate":"https:\/\/wmtbaltic.lv\/?s={search_term_string}"},"query-input":{"@type":"PropertyValueSpecification","valueRequired":true,"valueName":"search_term_string"}}],"inLanguage":"en-US"},{"@type":"Organization","@id":"https:\/\/wmtbaltic.lv\/#organization","name":"WMT Baltic","url":"https:\/\/wmtbaltic.lv\/","logo":{"@type":"ImageObject","inLanguage":"en-US","@id":"https:\/\/wmtbaltic.lv\/#\/schema\/logo\/image\/","url":"https:\/\/wmtbaltic.lv\/wp-content\/uploads\/2024\/12\/wmt-baltic-sia_107142_9_420x180.jpg","contentUrl":"https:\/\/wmtbaltic.lv\/wp-content\/uploads\/2024\/12\/wmt-baltic-sia_107142_9_420x180.jpg","width":420,"height":180,"caption":"WMT Baltic"},"image":{"@id":"https:\/\/wmtbaltic.lv\/#\/schema\/logo\/image\/"},"sameAs":["https:\/\/www.facebook.com\/WMT.Baltic.viscom\/?locale=lv_LV","https:\/\/www.instagram.com\/viscom_wmt\/"]}]}},"_links":{"self":[{"href":"https:\/\/wmtbaltic.lv\/en\/wp-json\/wp\/v2\/product\/7558","targetHints":{"allow":["GET"]}}],"collection":[{"href":"https:\/\/wmtbaltic.lv\/en\/wp-json\/wp\/v2\/product"}],"about":[{"href":"https:\/\/wmtbaltic.lv\/en\/wp-json\/wp\/v2\/types\/product"}],"wp:featuredmedia":[{"embeddable":true,"href":"https:\/\/wmtbaltic.lv\/en\/wp-json\/wp\/v2\/media\/7559"}],"wp:attachment":[{"href":"https:\/\/wmtbaltic.lv\/en\/wp-json\/wp\/v2\/media?parent=7558"}],"wp:term":[{"taxonomy":"product_brand","embeddable":true,"href":"https:\/\/wmtbaltic.lv\/en\/wp-json\/wp\/v2\/product_brand?post=7558"},{"taxonomy":"product_cat","embeddable":true,"href":"https:\/\/wmtbaltic.lv\/en\/wp-json\/wp\/v2\/product_cat?post=7558"},{"taxonomy":"product_tag","embeddable":true,"href":"https:\/\/wmtbaltic.lv\/en\/wp-json\/wp\/v2\/product_tag?post=7558"}],"curies":[{"name":"wp","href":"https:\/\/api.w.org\/{rel}","templated":true}]}}