{"id":7275,"date":"2021-04-23T12:57:27","date_gmt":"2021-04-23T12:57:27","guid":{"rendered":"https:\/\/wmtbaltic.lv\/?post_type=product&#038;p=7275"},"modified":"2022-11-09T08:54:03","modified_gmt":"2022-11-09T08:54:03","slug":"brivstavoss-info-clic-menu-stends","status":"publish","type":"product","link":"https:\/\/wmtbaltic.lv\/en\/product\/brivstavoss-info-clic-menu-stends\/","title":{"rendered":"Br\u012bvst\u0101vo\u0161s Info Clic Menu stends"},"content":{"rendered":"<p>Br\u012bvst\u0101vo\u0161s stends, kuru var novietot jums v\u0113lamaj\u0101 viet\u0101. M\u016bsu stends ir daudzfunkcion\u0101ls. R\u0101mja un stat\u0146a augstums ir regul\u0113jams, le\u0146\u0137is 0 &#8211; 90 \u00b0. Smag\u0101 dekorat\u012bv\u0101 b\u0101ze nodro\u0161ina elegantu izskatu un stabilit\u0101ti. Pieejams A4 un A3 izm\u0113ros portreta un ainavas poz\u012bcij\u0101s. A4 mode\u013ca augstums ir 1000 mm. A3 mode\u013ca augstums ir 1200 mm. R\u0101mis ar saspied\u0113jmeh\u0101nismu atvieglos plak\u0101tu nomai\u0146u.<br \/>\nProfils: 25mm sudraba anod\u0113ts.<\/p>\n<p>Stenda svars salikt\u0101 veid\u0101:<\/p>\n<p>A3 &#8211; 3,6 Kg.<\/p>\n<p>A4 &#8211; 2,5 Kg<\/p>\n<p>&nbsp;<\/p>\n<h3><strong><a href=\"https:\/\/www.cosign.be\/decorative-menuboard\/\">Ra\u017eot\u0101ja inform\u0101cija<\/a><\/strong><\/h3>\n<p>Raksti:\u00a0<strong>support@wmt.lv<\/strong>\u00a0vai zvani:<strong>\u00a0+371 67 800830<\/strong><\/p>\n<p>&nbsp;<\/p>\n","protected":false},"excerpt":{"rendered":"Br\u012bvst\u0101vo\u0161s stends, kuru var novietot jums v\u0113lamaj\u0101 viet\u0101. M\u016bsu stends ir daudzfunkcion\u0101ls. R\u0101mja un stat\u0146a augstums ir regul\u0113jams, le\u0146\u0137is 0 - 90 \u00b0. Smag\u0101 dekorat\u012bv\u0101 b\u0101ze nodro\u0161ina elegantu izskatu un stabilit\u0101ti. Pieejams A4 un A3 izm\u0113ros portreta un ainavas poz\u012bcij\u0101s. A4 mode\u013ca augstums ir 1000 mm. A3 mode\u013ca augstums ir 1200 mm. R\u0101mis ar saspied\u0113jmeh\u0101nismu [...]","protected":false},"featured_media":7283,"template":"","meta":[],"product_brand":[],"product_cat":[598],"product_tag":[727,726,614],"class_list":{"0":"post-7275","1":"product","2":"type-product","3":"status-publish","4":"has-post-thumbnail","6":"product_cat-stendi-ar-clic-sistemu","7":"product_tag-aluminija-stends","8":"product_tag-clic-ramis","9":"product_tag-stends","11":"first","12":"instock","13":"shipping-taxable","14":"purchasable","15":"product-type-variable"},"yoast_head":"<!-- This site is optimized with the Yoast SEO plugin v27.4 - https:\/\/yoast.com\/product\/yoast-seo-wordpress\/ -->\n<title>Cosign Br\u012bvst\u0101vo\u0161s Info Clic Menu stends veikal\u0101 R\u012bg\u0101<\/title>\n<meta name=\"robots\" content=\"index, follow, max-snippet:-1, max-image-preview:large, max-video-preview:-1\" \/>\n<link rel=\"canonical\" href=\"https:\/\/wmtbaltic.lv\/Produkts\/brivstavoss-info-clic-menu-stends\/\" \/>\n<meta property=\"og:locale\" content=\"en_US\" \/>\n<meta property=\"og:type\" content=\"article\" \/>\n<meta property=\"og:title\" content=\"Cosign Br\u012bvst\u0101vo\u0161s Info Clic Menu stends veikal\u0101 R\u012bg\u0101\" \/>\n<meta property=\"og:url\" content=\"https:\/\/wmtbaltic.lv\/Produkts\/brivstavoss-info-clic-menu-stends\/\" \/>\n<meta property=\"og:site_name\" content=\"WMT Baltic\" \/>\n<meta property=\"article:publisher\" content=\"https:\/\/www.facebook.com\/WMT.Baltic.viscom\/?locale=lv_LV\" \/>\n<meta property=\"article:modified_time\" content=\"2022-11-09T08:54:03+00:00\" \/>\n<meta property=\"og:image\" content=\"http:\/\/wmtbaltic.lv\/wp-content\/uploads\/2021\/04\/menu_stends.jpg\" \/>\n\t<meta property=\"og:image:width\" content=\"616\" \/>\n\t<meta property=\"og:image:height\" content=\"615\" \/>\n\t<meta property=\"og:image:type\" content=\"image\/jpeg\" \/>\n<meta name=\"twitter:card\" content=\"summary_large_image\" \/>\n<meta name=\"twitter:label1\" content=\"Est. reading time\" \/>\n\t<meta name=\"twitter:data1\" content=\"1 minute\" \/>\n<script type=\"application\/ld+json\" class=\"yoast-schema-graph\">{\"@context\":\"https:\\\/\\\/schema.org\",\"@graph\":[{\"@type\":\"WebPage\",\"@id\":\"https:\\\/\\\/wmtbaltic.lv\\\/Produkts\\\/brivstavoss-info-clic-menu-stends\\\/\",\"url\":\"https:\\\/\\\/wmtbaltic.lv\\\/Produkts\\\/brivstavoss-info-clic-menu-stends\\\/\",\"name\":\"Cosign Br\u012bvst\u0101vo\u0161s Info Clic Menu stends veikal\u0101 R\u012bg\u0101\",\"isPartOf\":{\"@id\":\"https:\\\/\\\/wmtbaltic.lv\\\/#website\"},\"primaryImageOfPage\":{\"@id\":\"https:\\\/\\\/wmtbaltic.lv\\\/Produkts\\\/brivstavoss-info-clic-menu-stends\\\/#primaryimage\"},\"image\":{\"@id\":\"https:\\\/\\\/wmtbaltic.lv\\\/Produkts\\\/brivstavoss-info-clic-menu-stends\\\/#primaryimage\"},\"thumbnailUrl\":\"https:\\\/\\\/wmtbaltic.lv\\\/wp-content\\\/uploads\\\/2021\\\/04\\\/menu_stends.jpg\",\"datePublished\":\"2021-04-23T12:57:27+00:00\",\"dateModified\":\"2022-11-09T08:54:03+00:00\",\"breadcrumb\":{\"@id\":\"https:\\\/\\\/wmtbaltic.lv\\\/Produkts\\\/brivstavoss-info-clic-menu-stends\\\/#breadcrumb\"},\"inLanguage\":\"en-US\",\"potentialAction\":[{\"@type\":\"ReadAction\",\"target\":[\"https:\\\/\\\/wmtbaltic.lv\\\/Produkts\\\/brivstavoss-info-clic-menu-stends\\\/\"]}]},{\"@type\":\"ImageObject\",\"inLanguage\":\"en-US\",\"@id\":\"https:\\\/\\\/wmtbaltic.lv\\\/Produkts\\\/brivstavoss-info-clic-menu-stends\\\/#primaryimage\",\"url\":\"https:\\\/\\\/wmtbaltic.lv\\\/wp-content\\\/uploads\\\/2021\\\/04\\\/menu_stends.jpg\",\"contentUrl\":\"https:\\\/\\\/wmtbaltic.lv\\\/wp-content\\\/uploads\\\/2021\\\/04\\\/menu_stends.jpg\",\"width\":616,\"height\":615},{\"@type\":\"BreadcrumbList\",\"@id\":\"https:\\\/\\\/wmtbaltic.lv\\\/Produkts\\\/brivstavoss-info-clic-menu-stends\\\/#breadcrumb\",\"itemListElement\":[{\"@type\":\"ListItem\",\"position\":1,\"name\":\"Home\",\"item\":\"https:\\\/\\\/wmtbaltic.lv\\\/en\\\/\"},{\"@type\":\"ListItem\",\"position\":2,\"name\":\"Shop\",\"item\":\"https:\\\/\\\/wmtbaltic.lv\\\/shop\\\/\"},{\"@type\":\"ListItem\",\"position\":3,\"name\":\"Br\u012bvst\u0101vo\u0161s Info Clic Menu stends\"}]},{\"@type\":\"WebSite\",\"@id\":\"https:\\\/\\\/wmtbaltic.lv\\\/#website\",\"url\":\"https:\\\/\\\/wmtbaltic.lv\\\/\",\"name\":\"WMT Baltic\",\"description\":\"Rekl\u0101mas produkti, pl\u0113ves\",\"publisher\":{\"@id\":\"https:\\\/\\\/wmtbaltic.lv\\\/#organization\"},\"potentialAction\":[{\"@type\":\"SearchAction\",\"target\":{\"@type\":\"EntryPoint\",\"urlTemplate\":\"https:\\\/\\\/wmtbaltic.lv\\\/?s={search_term_string}\"},\"query-input\":{\"@type\":\"PropertyValueSpecification\",\"valueRequired\":true,\"valueName\":\"search_term_string\"}}],\"inLanguage\":\"en-US\"},{\"@type\":\"Organization\",\"@id\":\"https:\\\/\\\/wmtbaltic.lv\\\/#organization\",\"name\":\"WMT Baltic\",\"url\":\"https:\\\/\\\/wmtbaltic.lv\\\/\",\"logo\":{\"@type\":\"ImageObject\",\"inLanguage\":\"en-US\",\"@id\":\"https:\\\/\\\/wmtbaltic.lv\\\/#\\\/schema\\\/logo\\\/image\\\/\",\"url\":\"https:\\\/\\\/wmtbaltic.lv\\\/wp-content\\\/uploads\\\/2024\\\/12\\\/wmt-baltic-sia_107142_9_420x180.jpg\",\"contentUrl\":\"https:\\\/\\\/wmtbaltic.lv\\\/wp-content\\\/uploads\\\/2024\\\/12\\\/wmt-baltic-sia_107142_9_420x180.jpg\",\"width\":420,\"height\":180,\"caption\":\"WMT Baltic\"},\"image\":{\"@id\":\"https:\\\/\\\/wmtbaltic.lv\\\/#\\\/schema\\\/logo\\\/image\\\/\"},\"sameAs\":[\"https:\\\/\\\/www.facebook.com\\\/WMT.Baltic.viscom\\\/?locale=lv_LV\",\"https:\\\/\\\/www.instagram.com\\\/viscom_wmt\\\/\"]}]}<\/script>\n<!-- \/ Yoast SEO plugin. -->","yoast_head_json":{"title":"Cosign Br\u012bvst\u0101vo\u0161s Info Clic Menu stends veikal\u0101 R\u012bg\u0101","robots":{"index":"index","follow":"follow","max-snippet":"max-snippet:-1","max-image-preview":"max-image-preview:large","max-video-preview":"max-video-preview:-1"},"canonical":"https:\/\/wmtbaltic.lv\/Produkts\/brivstavoss-info-clic-menu-stends\/","og_locale":"en_US","og_type":"article","og_title":"Cosign Br\u012bvst\u0101vo\u0161s Info Clic Menu stends veikal\u0101 R\u012bg\u0101","og_url":"https:\/\/wmtbaltic.lv\/Produkts\/brivstavoss-info-clic-menu-stends\/","og_site_name":"WMT Baltic","article_publisher":"https:\/\/www.facebook.com\/WMT.Baltic.viscom\/?locale=lv_LV","article_modified_time":"2022-11-09T08:54:03+00:00","og_image":[{"width":616,"height":615,"url":"http:\/\/wmtbaltic.lv\/wp-content\/uploads\/2021\/04\/menu_stends.jpg","type":"image\/jpeg"}],"twitter_card":"summary_large_image","twitter_misc":{"Est. reading time":"1 minute"},"schema":{"@context":"https:\/\/schema.org","@graph":[{"@type":"WebPage","@id":"https:\/\/wmtbaltic.lv\/Produkts\/brivstavoss-info-clic-menu-stends\/","url":"https:\/\/wmtbaltic.lv\/Produkts\/brivstavoss-info-clic-menu-stends\/","name":"Cosign Br\u012bvst\u0101vo\u0161s Info Clic Menu stends veikal\u0101 R\u012bg\u0101","isPartOf":{"@id":"https:\/\/wmtbaltic.lv\/#website"},"primaryImageOfPage":{"@id":"https:\/\/wmtbaltic.lv\/Produkts\/brivstavoss-info-clic-menu-stends\/#primaryimage"},"image":{"@id":"https:\/\/wmtbaltic.lv\/Produkts\/brivstavoss-info-clic-menu-stends\/#primaryimage"},"thumbnailUrl":"https:\/\/wmtbaltic.lv\/wp-content\/uploads\/2021\/04\/menu_stends.jpg","datePublished":"2021-04-23T12:57:27+00:00","dateModified":"2022-11-09T08:54:03+00:00","breadcrumb":{"@id":"https:\/\/wmtbaltic.lv\/Produkts\/brivstavoss-info-clic-menu-stends\/#breadcrumb"},"inLanguage":"en-US","potentialAction":[{"@type":"ReadAction","target":["https:\/\/wmtbaltic.lv\/Produkts\/brivstavoss-info-clic-menu-stends\/"]}]},{"@type":"ImageObject","inLanguage":"en-US","@id":"https:\/\/wmtbaltic.lv\/Produkts\/brivstavoss-info-clic-menu-stends\/#primaryimage","url":"https:\/\/wmtbaltic.lv\/wp-content\/uploads\/2021\/04\/menu_stends.jpg","contentUrl":"https:\/\/wmtbaltic.lv\/wp-content\/uploads\/2021\/04\/menu_stends.jpg","width":616,"height":615},{"@type":"BreadcrumbList","@id":"https:\/\/wmtbaltic.lv\/Produkts\/brivstavoss-info-clic-menu-stends\/#breadcrumb","itemListElement":[{"@type":"ListItem","position":1,"name":"Home","item":"https:\/\/wmtbaltic.lv\/en\/"},{"@type":"ListItem","position":2,"name":"Shop","item":"https:\/\/wmtbaltic.lv\/shop\/"},{"@type":"ListItem","position":3,"name":"Br\u012bvst\u0101vo\u0161s Info Clic Menu stends"}]},{"@type":"WebSite","@id":"https:\/\/wmtbaltic.lv\/#website","url":"https:\/\/wmtbaltic.lv\/","name":"WMT Baltic","description":"Rekl\u0101mas produkti, pl\u0113ves","publisher":{"@id":"https:\/\/wmtbaltic.lv\/#organization"},"potentialAction":[{"@type":"SearchAction","target":{"@type":"EntryPoint","urlTemplate":"https:\/\/wmtbaltic.lv\/?s={search_term_string}"},"query-input":{"@type":"PropertyValueSpecification","valueRequired":true,"valueName":"search_term_string"}}],"inLanguage":"en-US"},{"@type":"Organization","@id":"https:\/\/wmtbaltic.lv\/#organization","name":"WMT Baltic","url":"https:\/\/wmtbaltic.lv\/","logo":{"@type":"ImageObject","inLanguage":"en-US","@id":"https:\/\/wmtbaltic.lv\/#\/schema\/logo\/image\/","url":"https:\/\/wmtbaltic.lv\/wp-content\/uploads\/2024\/12\/wmt-baltic-sia_107142_9_420x180.jpg","contentUrl":"https:\/\/wmtbaltic.lv\/wp-content\/uploads\/2024\/12\/wmt-baltic-sia_107142_9_420x180.jpg","width":420,"height":180,"caption":"WMT Baltic"},"image":{"@id":"https:\/\/wmtbaltic.lv\/#\/schema\/logo\/image\/"},"sameAs":["https:\/\/www.facebook.com\/WMT.Baltic.viscom\/?locale=lv_LV","https:\/\/www.instagram.com\/viscom_wmt\/"]}]}},"_links":{"self":[{"href":"https:\/\/wmtbaltic.lv\/en\/wp-json\/wp\/v2\/product\/7275","targetHints":{"allow":["GET"]}}],"collection":[{"href":"https:\/\/wmtbaltic.lv\/en\/wp-json\/wp\/v2\/product"}],"about":[{"href":"https:\/\/wmtbaltic.lv\/en\/wp-json\/wp\/v2\/types\/product"}],"wp:featuredmedia":[{"embeddable":true,"href":"https:\/\/wmtbaltic.lv\/en\/wp-json\/wp\/v2\/media\/7283"}],"wp:attachment":[{"href":"https:\/\/wmtbaltic.lv\/en\/wp-json\/wp\/v2\/media?parent=7275"}],"wp:term":[{"taxonomy":"product_brand","embeddable":true,"href":"https:\/\/wmtbaltic.lv\/en\/wp-json\/wp\/v2\/product_brand?post=7275"},{"taxonomy":"product_cat","embeddable":true,"href":"https:\/\/wmtbaltic.lv\/en\/wp-json\/wp\/v2\/product_cat?post=7275"},{"taxonomy":"product_tag","embeddable":true,"href":"https:\/\/wmtbaltic.lv\/en\/wp-json\/wp\/v2\/product_tag?post=7275"}],"curies":[{"name":"wp","href":"https:\/\/api.w.org\/{rel}","templated":true}]}}