{"id":7257,"date":"2021-04-23T12:11:45","date_gmt":"2021-04-23T12:11:45","guid":{"rendered":"https:\/\/wmtbaltic.lv\/?post_type=product&#038;p=7257"},"modified":"2021-10-12T12:00:29","modified_gmt":"2021-10-12T12:00:29","slug":"informacijas-izvietosanas-stends-ar-clic-rami","status":"publish","type":"product","link":"https:\/\/wmtbaltic.lv\/en\/product\/informacijas-izvietosanas-stends-ar-clic-rami\/","title":{"rendered":"Inform\u0101cijas izvieto\u0161anas stends ar Clic r\u0101mi"},"content":{"rendered":"<p>Br\u012bvst\u0101vo\u0161s vienpus\u0113js vai divpus\u0113js rekl\u0101mas stends. Rekl\u0101mas plak\u0101tu ir iesp\u0113jams novietot vertik\u0101li vai horizont\u0101li. Anod\u0113ta alum\u012bnija Clic r\u0101mis 25mm (A4, A3, A2) vai 32mm (A1) ar saspied\u0113jmeh\u0101nismu, \u0101trai un \u0113rtai plak\u0101tu, afi\u0161u un citu drukas produkcijas veidu izvieto\u0161anai un nomai\u0146ai. Anodeta alum\u012bnija k\u0101ja 50mm x 25mm un met\u0101la gr\u012bdas b\u0101ze.<br \/>\nIndoor, Outdoor lieto\u0161anai.<\/p>\n<p>&nbsp;<\/p>\n<p>Stenda aprasts: <a href=\"http:\/\/wmtbaltic.lv\/wp-content\/uploads\/2021\/04\/REKLAMA_CLIC_STENDS_WEB.pdf\">REKLAMA_CLIC_STENDS_WEB<\/a><\/p>\n<p>&nbsp;<\/p>\n","protected":false},"excerpt":{"rendered":"Br\u012bvst\u0101vo\u0161s vienpus\u0113js vai divpus\u0113js rekl\u0101mas stends. Rekl\u0101mas plak\u0101tu ir iesp\u0113jams novietot vertik\u0101li vai horizont\u0101li. Anod\u0113ta alum\u012bnija Clic r\u0101mis 25mm (A4, A3, A2) vai 32mm (A1) ar saspied\u0113jmeh\u0101nismu, \u0101trai un \u0113rtai plak\u0101tu, afi\u0161u un citu drukas produkcijas veidu izvieto\u0161anai un nomai\u0146ai. Anodeta alum\u012bnija k\u0101ja 50mm x 25mm un met\u0101la gr\u012bdas b\u0101ze. Indoor, Outdoor lieto\u0161anai. &nbsp; Stenda [...]","protected":false},"featured_media":7264,"template":"","meta":[],"product_brand":[],"product_cat":[598],"product_tag":[727,726,614],"class_list":{"0":"post-7257","1":"product","2":"type-product","3":"status-publish","4":"has-post-thumbnail","6":"product_cat-stendi-ar-clic-sistemu","7":"product_tag-aluminija-stends","8":"product_tag-clic-ramis","9":"product_tag-stends","11":"first","12":"instock","13":"shipping-taxable","14":"purchasable","15":"product-type-variable"},"yoast_head":"<!-- This site is optimized with the Yoast SEO plugin v27.4 - https:\/\/yoast.com\/product\/yoast-seo-wordpress\/ -->\n<title>Inform\u0101cijas izvieto\u0161anas stends ar Clic r\u0101mi - WMT Baltic<\/title>\n<meta name=\"robots\" content=\"index, follow, max-snippet:-1, max-image-preview:large, max-video-preview:-1\" \/>\n<link rel=\"canonical\" href=\"https:\/\/wmtbaltic.lv\/Produkts\/informacijas-izvietosanas-stends-ar-clic-rami\/\" \/>\n<meta property=\"og:locale\" content=\"en_US\" \/>\n<meta property=\"og:type\" content=\"article\" \/>\n<meta property=\"og:title\" content=\"Inform\u0101cijas izvieto\u0161anas stends ar Clic r\u0101mi - WMT Baltic\" \/>\n<meta property=\"og:url\" content=\"https:\/\/wmtbaltic.lv\/Produkts\/informacijas-izvietosanas-stends-ar-clic-rami\/\" \/>\n<meta property=\"og:site_name\" content=\"WMT Baltic\" \/>\n<meta property=\"article:publisher\" content=\"https:\/\/www.facebook.com\/WMT.Baltic.viscom\/?locale=lv_LV\" \/>\n<meta property=\"article:modified_time\" content=\"2021-10-12T12:00:29+00:00\" \/>\n<meta property=\"og:image\" content=\"https:\/\/wmtbaltic.lv\/wp-content\/uploads\/2021\/04\/info_stends.jpg\" \/>\n\t<meta property=\"og:image:width\" content=\"615\" \/>\n\t<meta property=\"og:image:height\" content=\"614\" \/>\n\t<meta property=\"og:image:type\" content=\"image\/jpeg\" \/>\n<meta name=\"twitter:card\" content=\"summary_large_image\" \/>\n<meta name=\"twitter:label1\" content=\"Est. reading time\" \/>\n\t<meta name=\"twitter:data1\" content=\"1 minute\" \/>\n<script type=\"application\/ld+json\" class=\"yoast-schema-graph\">{\"@context\":\"https:\\\/\\\/schema.org\",\"@graph\":[{\"@type\":\"WebPage\",\"@id\":\"https:\\\/\\\/wmtbaltic.lv\\\/Produkts\\\/informacijas-izvietosanas-stends-ar-clic-rami\\\/\",\"url\":\"https:\\\/\\\/wmtbaltic.lv\\\/Produkts\\\/informacijas-izvietosanas-stends-ar-clic-rami\\\/\",\"name\":\"Inform\u0101cijas izvieto\u0161anas stends ar Clic r\u0101mi - WMT Baltic\",\"isPartOf\":{\"@id\":\"https:\\\/\\\/wmtbaltic.lv\\\/#website\"},\"primaryImageOfPage\":{\"@id\":\"https:\\\/\\\/wmtbaltic.lv\\\/Produkts\\\/informacijas-izvietosanas-stends-ar-clic-rami\\\/#primaryimage\"},\"image\":{\"@id\":\"https:\\\/\\\/wmtbaltic.lv\\\/Produkts\\\/informacijas-izvietosanas-stends-ar-clic-rami\\\/#primaryimage\"},\"thumbnailUrl\":\"https:\\\/\\\/wmtbaltic.lv\\\/wp-content\\\/uploads\\\/2021\\\/04\\\/info_stends.jpg\",\"datePublished\":\"2021-04-23T12:11:45+00:00\",\"dateModified\":\"2021-10-12T12:00:29+00:00\",\"breadcrumb\":{\"@id\":\"https:\\\/\\\/wmtbaltic.lv\\\/Produkts\\\/informacijas-izvietosanas-stends-ar-clic-rami\\\/#breadcrumb\"},\"inLanguage\":\"en-US\",\"potentialAction\":[{\"@type\":\"ReadAction\",\"target\":[\"https:\\\/\\\/wmtbaltic.lv\\\/Produkts\\\/informacijas-izvietosanas-stends-ar-clic-rami\\\/\"]}]},{\"@type\":\"ImageObject\",\"inLanguage\":\"en-US\",\"@id\":\"https:\\\/\\\/wmtbaltic.lv\\\/Produkts\\\/informacijas-izvietosanas-stends-ar-clic-rami\\\/#primaryimage\",\"url\":\"https:\\\/\\\/wmtbaltic.lv\\\/wp-content\\\/uploads\\\/2021\\\/04\\\/info_stends.jpg\",\"contentUrl\":\"https:\\\/\\\/wmtbaltic.lv\\\/wp-content\\\/uploads\\\/2021\\\/04\\\/info_stends.jpg\",\"width\":615,\"height\":614},{\"@type\":\"BreadcrumbList\",\"@id\":\"https:\\\/\\\/wmtbaltic.lv\\\/Produkts\\\/informacijas-izvietosanas-stends-ar-clic-rami\\\/#breadcrumb\",\"itemListElement\":[{\"@type\":\"ListItem\",\"position\":1,\"name\":\"Home\",\"item\":\"https:\\\/\\\/wmtbaltic.lv\\\/en\\\/\"},{\"@type\":\"ListItem\",\"position\":2,\"name\":\"Shop\",\"item\":\"https:\\\/\\\/wmtbaltic.lv\\\/shop\\\/\"},{\"@type\":\"ListItem\",\"position\":3,\"name\":\"Inform\u0101cijas izvieto\u0161anas stends ar Clic r\u0101mi\"}]},{\"@type\":\"WebSite\",\"@id\":\"https:\\\/\\\/wmtbaltic.lv\\\/#website\",\"url\":\"https:\\\/\\\/wmtbaltic.lv\\\/\",\"name\":\"WMT Baltic\",\"description\":\"Rekl\u0101mas produkti, pl\u0113ves\",\"publisher\":{\"@id\":\"https:\\\/\\\/wmtbaltic.lv\\\/#organization\"},\"potentialAction\":[{\"@type\":\"SearchAction\",\"target\":{\"@type\":\"EntryPoint\",\"urlTemplate\":\"https:\\\/\\\/wmtbaltic.lv\\\/?s={search_term_string}\"},\"query-input\":{\"@type\":\"PropertyValueSpecification\",\"valueRequired\":true,\"valueName\":\"search_term_string\"}}],\"inLanguage\":\"en-US\"},{\"@type\":\"Organization\",\"@id\":\"https:\\\/\\\/wmtbaltic.lv\\\/#organization\",\"name\":\"WMT Baltic\",\"url\":\"https:\\\/\\\/wmtbaltic.lv\\\/\",\"logo\":{\"@type\":\"ImageObject\",\"inLanguage\":\"en-US\",\"@id\":\"https:\\\/\\\/wmtbaltic.lv\\\/#\\\/schema\\\/logo\\\/image\\\/\",\"url\":\"https:\\\/\\\/wmtbaltic.lv\\\/wp-content\\\/uploads\\\/2024\\\/12\\\/wmt-baltic-sia_107142_9_420x180.jpg\",\"contentUrl\":\"https:\\\/\\\/wmtbaltic.lv\\\/wp-content\\\/uploads\\\/2024\\\/12\\\/wmt-baltic-sia_107142_9_420x180.jpg\",\"width\":420,\"height\":180,\"caption\":\"WMT Baltic\"},\"image\":{\"@id\":\"https:\\\/\\\/wmtbaltic.lv\\\/#\\\/schema\\\/logo\\\/image\\\/\"},\"sameAs\":[\"https:\\\/\\\/www.facebook.com\\\/WMT.Baltic.viscom\\\/?locale=lv_LV\",\"https:\\\/\\\/www.instagram.com\\\/viscom_wmt\\\/\"]}]}<\/script>\n<!-- \/ Yoast SEO plugin. -->","yoast_head_json":{"title":"Inform\u0101cijas izvieto\u0161anas stends ar Clic r\u0101mi - WMT Baltic","robots":{"index":"index","follow":"follow","max-snippet":"max-snippet:-1","max-image-preview":"max-image-preview:large","max-video-preview":"max-video-preview:-1"},"canonical":"https:\/\/wmtbaltic.lv\/Produkts\/informacijas-izvietosanas-stends-ar-clic-rami\/","og_locale":"en_US","og_type":"article","og_title":"Inform\u0101cijas izvieto\u0161anas stends ar Clic r\u0101mi - WMT Baltic","og_url":"https:\/\/wmtbaltic.lv\/Produkts\/informacijas-izvietosanas-stends-ar-clic-rami\/","og_site_name":"WMT Baltic","article_publisher":"https:\/\/www.facebook.com\/WMT.Baltic.viscom\/?locale=lv_LV","article_modified_time":"2021-10-12T12:00:29+00:00","og_image":[{"width":615,"height":614,"url":"https:\/\/wmtbaltic.lv\/wp-content\/uploads\/2021\/04\/info_stends.jpg","type":"image\/jpeg"}],"twitter_card":"summary_large_image","twitter_misc":{"Est. reading time":"1 minute"},"schema":{"@context":"https:\/\/schema.org","@graph":[{"@type":"WebPage","@id":"https:\/\/wmtbaltic.lv\/Produkts\/informacijas-izvietosanas-stends-ar-clic-rami\/","url":"https:\/\/wmtbaltic.lv\/Produkts\/informacijas-izvietosanas-stends-ar-clic-rami\/","name":"Inform\u0101cijas izvieto\u0161anas stends ar Clic r\u0101mi - WMT Baltic","isPartOf":{"@id":"https:\/\/wmtbaltic.lv\/#website"},"primaryImageOfPage":{"@id":"https:\/\/wmtbaltic.lv\/Produkts\/informacijas-izvietosanas-stends-ar-clic-rami\/#primaryimage"},"image":{"@id":"https:\/\/wmtbaltic.lv\/Produkts\/informacijas-izvietosanas-stends-ar-clic-rami\/#primaryimage"},"thumbnailUrl":"https:\/\/wmtbaltic.lv\/wp-content\/uploads\/2021\/04\/info_stends.jpg","datePublished":"2021-04-23T12:11:45+00:00","dateModified":"2021-10-12T12:00:29+00:00","breadcrumb":{"@id":"https:\/\/wmtbaltic.lv\/Produkts\/informacijas-izvietosanas-stends-ar-clic-rami\/#breadcrumb"},"inLanguage":"en-US","potentialAction":[{"@type":"ReadAction","target":["https:\/\/wmtbaltic.lv\/Produkts\/informacijas-izvietosanas-stends-ar-clic-rami\/"]}]},{"@type":"ImageObject","inLanguage":"en-US","@id":"https:\/\/wmtbaltic.lv\/Produkts\/informacijas-izvietosanas-stends-ar-clic-rami\/#primaryimage","url":"https:\/\/wmtbaltic.lv\/wp-content\/uploads\/2021\/04\/info_stends.jpg","contentUrl":"https:\/\/wmtbaltic.lv\/wp-content\/uploads\/2021\/04\/info_stends.jpg","width":615,"height":614},{"@type":"BreadcrumbList","@id":"https:\/\/wmtbaltic.lv\/Produkts\/informacijas-izvietosanas-stends-ar-clic-rami\/#breadcrumb","itemListElement":[{"@type":"ListItem","position":1,"name":"Home","item":"https:\/\/wmtbaltic.lv\/en\/"},{"@type":"ListItem","position":2,"name":"Shop","item":"https:\/\/wmtbaltic.lv\/shop\/"},{"@type":"ListItem","position":3,"name":"Inform\u0101cijas izvieto\u0161anas stends ar Clic r\u0101mi"}]},{"@type":"WebSite","@id":"https:\/\/wmtbaltic.lv\/#website","url":"https:\/\/wmtbaltic.lv\/","name":"WMT Baltic","description":"Rekl\u0101mas produkti, pl\u0113ves","publisher":{"@id":"https:\/\/wmtbaltic.lv\/#organization"},"potentialAction":[{"@type":"SearchAction","target":{"@type":"EntryPoint","urlTemplate":"https:\/\/wmtbaltic.lv\/?s={search_term_string}"},"query-input":{"@type":"PropertyValueSpecification","valueRequired":true,"valueName":"search_term_string"}}],"inLanguage":"en-US"},{"@type":"Organization","@id":"https:\/\/wmtbaltic.lv\/#organization","name":"WMT Baltic","url":"https:\/\/wmtbaltic.lv\/","logo":{"@type":"ImageObject","inLanguage":"en-US","@id":"https:\/\/wmtbaltic.lv\/#\/schema\/logo\/image\/","url":"https:\/\/wmtbaltic.lv\/wp-content\/uploads\/2024\/12\/wmt-baltic-sia_107142_9_420x180.jpg","contentUrl":"https:\/\/wmtbaltic.lv\/wp-content\/uploads\/2024\/12\/wmt-baltic-sia_107142_9_420x180.jpg","width":420,"height":180,"caption":"WMT Baltic"},"image":{"@id":"https:\/\/wmtbaltic.lv\/#\/schema\/logo\/image\/"},"sameAs":["https:\/\/www.facebook.com\/WMT.Baltic.viscom\/?locale=lv_LV","https:\/\/www.instagram.com\/viscom_wmt\/"]}]}},"_links":{"self":[{"href":"https:\/\/wmtbaltic.lv\/en\/wp-json\/wp\/v2\/product\/7257","targetHints":{"allow":["GET"]}}],"collection":[{"href":"https:\/\/wmtbaltic.lv\/en\/wp-json\/wp\/v2\/product"}],"about":[{"href":"https:\/\/wmtbaltic.lv\/en\/wp-json\/wp\/v2\/types\/product"}],"wp:featuredmedia":[{"embeddable":true,"href":"https:\/\/wmtbaltic.lv\/en\/wp-json\/wp\/v2\/media\/7264"}],"wp:attachment":[{"href":"https:\/\/wmtbaltic.lv\/en\/wp-json\/wp\/v2\/media?parent=7257"}],"wp:term":[{"taxonomy":"product_brand","embeddable":true,"href":"https:\/\/wmtbaltic.lv\/en\/wp-json\/wp\/v2\/product_brand?post=7257"},{"taxonomy":"product_cat","embeddable":true,"href":"https:\/\/wmtbaltic.lv\/en\/wp-json\/wp\/v2\/product_cat?post=7257"},{"taxonomy":"product_tag","embeddable":true,"href":"https:\/\/wmtbaltic.lv\/en\/wp-json\/wp\/v2\/product_tag?post=7257"}],"curies":[{"name":"wp","href":"https:\/\/api.w.org\/{rel}","templated":true}]}}