{"id":7246,"date":"2021-04-23T12:07:40","date_gmt":"2021-04-23T12:07:40","guid":{"rendered":"https:\/\/wmtbaltic.lv\/?post_type=product&#038;p=7246"},"modified":"2021-10-12T10:25:55","modified_gmt":"2021-10-12T10:25:55","slug":"a-veida-informacijas-izvietosanas-stends-ar-clic-rami","status":"publish","type":"product","link":"https:\/\/wmtbaltic.lv\/en\/product\/a-veida-informacijas-izvietosanas-stends-ar-clic-rami\/","title":{"rendered":"A-veida inform\u0101cijas izvieto\u0161anas stends ar Clic r\u0101mi"},"content":{"rendered":"<p>Notur\u012bgs divpus\u0113js plak\u0101tu stends izgatavots no alum\u012bnija profiliem. Pamatne ir izgatavota no 33 mm alum\u012bnija profila ar antikorozijas p\u0101rkl\u0101jumu, r\u0101mja Clic profili sava starp\u0101 savienoti 45\u00b0 len\u0137\u012b. Pateicoties caurumiem pamatnes profil\u0101 \u016bdens un kondens\u0101ta nopl\u016bdei, stendu ir iesp\u0113jams lietot jebkuros laika apst\u0101k\u013cos. Speci\u0101la plastik\u0101ta loksne pasarg\u0101 plak\u0101tu no meh\u0101niskiem boj\u0101jumiem un izbal\u0113\u0161anas. \u0100ra rekl\u0101mas stends<\/p>\n<p>Stenda aprasts: <a href=\"http:\/\/wmtbaltic.lv\/wp-content\/uploads\/2021\/04\/PLAKATU_STENDS_WEB.pdf\">PLAKATU_STENDS_<\/a><\/p>\n<p>&nbsp;<\/p>\n","protected":false},"excerpt":{"rendered":"Notur\u012bgs divpus\u0113js plak\u0101tu stends izgatavots no alum\u012bnija profiliem. Pamatne ir izgatavota no 33 mm alum\u012bnija profila ar antikorozijas p\u0101rkl\u0101jumu, r\u0101mja Clic profili sava starp\u0101 savienoti 45\u00b0 len\u0137\u012b. Pateicoties caurumiem pamatnes profil\u0101 \u016bdens un kondens\u0101ta nopl\u016bdei, stendu ir iesp\u0113jams lietot jebkuros laika apst\u0101k\u013cos. Speci\u0101la plastik\u0101ta loksne pasarg\u0101 plak\u0101tu no meh\u0101niskiem boj\u0101jumiem un izbal\u0113\u0161anas. \u0100ra rekl\u0101mas stends [...]","protected":false},"featured_media":7255,"template":"","meta":[],"product_brand":[],"product_cat":[598],"product_tag":[727,726,728,614],"class_list":{"0":"post-7246","1":"product","2":"type-product","3":"status-publish","4":"has-post-thumbnail","6":"product_cat-stendi-ar-clic-sistemu","7":"product_tag-aluminija-stends","8":"product_tag-clic-ramis","9":"product_tag-outdoor-stends","10":"product_tag-stends","12":"first","13":"instock","14":"shipping-taxable","15":"purchasable","16":"product-type-variable"},"yoast_head":"<!-- This site is optimized with the Yoast SEO plugin v27.4 - https:\/\/yoast.com\/product\/yoast-seo-wordpress\/ -->\n<title>A-veida inform\u0101cijas izvieto\u0161anas stends ar Clic r\u0101mi - WMT Baltic<\/title>\n<meta name=\"robots\" content=\"index, follow, max-snippet:-1, max-image-preview:large, max-video-preview:-1\" \/>\n<link rel=\"canonical\" href=\"https:\/\/wmtbaltic.lv\/Produkts\/a-veida-informacijas-izvietosanas-stends-ar-clic-rami\/\" \/>\n<meta property=\"og:locale\" content=\"en_US\" \/>\n<meta property=\"og:type\" content=\"article\" \/>\n<meta property=\"og:title\" content=\"A-veida inform\u0101cijas izvieto\u0161anas stends ar Clic r\u0101mi - WMT Baltic\" \/>\n<meta property=\"og:url\" content=\"https:\/\/wmtbaltic.lv\/Produkts\/a-veida-informacijas-izvietosanas-stends-ar-clic-rami\/\" \/>\n<meta property=\"og:site_name\" content=\"WMT Baltic\" \/>\n<meta property=\"article:publisher\" content=\"https:\/\/www.facebook.com\/WMT.Baltic.viscom\/?locale=lv_LV\" \/>\n<meta property=\"article:modified_time\" content=\"2021-10-12T10:25:55+00:00\" \/>\n<meta property=\"og:image\" content=\"https:\/\/wmtbaltic.lv\/wp-content\/uploads\/2021\/04\/A_veida_stends-1.jpg\" \/>\n\t<meta property=\"og:image:width\" content=\"616\" \/>\n\t<meta property=\"og:image:height\" content=\"615\" \/>\n\t<meta property=\"og:image:type\" content=\"image\/jpeg\" \/>\n<meta name=\"twitter:card\" content=\"summary_large_image\" \/>\n<meta name=\"twitter:label1\" content=\"Est. reading time\" \/>\n\t<meta name=\"twitter:data1\" content=\"1 minute\" \/>\n<script type=\"application\/ld+json\" class=\"yoast-schema-graph\">{\"@context\":\"https:\\\/\\\/schema.org\",\"@graph\":[{\"@type\":\"WebPage\",\"@id\":\"https:\\\/\\\/wmtbaltic.lv\\\/Produkts\\\/a-veida-informacijas-izvietosanas-stends-ar-clic-rami\\\/\",\"url\":\"https:\\\/\\\/wmtbaltic.lv\\\/Produkts\\\/a-veida-informacijas-izvietosanas-stends-ar-clic-rami\\\/\",\"name\":\"A-veida inform\u0101cijas izvieto\u0161anas stends ar Clic r\u0101mi - WMT Baltic\",\"isPartOf\":{\"@id\":\"https:\\\/\\\/wmtbaltic.lv\\\/#website\"},\"primaryImageOfPage\":{\"@id\":\"https:\\\/\\\/wmtbaltic.lv\\\/Produkts\\\/a-veida-informacijas-izvietosanas-stends-ar-clic-rami\\\/#primaryimage\"},\"image\":{\"@id\":\"https:\\\/\\\/wmtbaltic.lv\\\/Produkts\\\/a-veida-informacijas-izvietosanas-stends-ar-clic-rami\\\/#primaryimage\"},\"thumbnailUrl\":\"https:\\\/\\\/wmtbaltic.lv\\\/wp-content\\\/uploads\\\/2021\\\/04\\\/A_veida_stends-1.jpg\",\"datePublished\":\"2021-04-23T12:07:40+00:00\",\"dateModified\":\"2021-10-12T10:25:55+00:00\",\"breadcrumb\":{\"@id\":\"https:\\\/\\\/wmtbaltic.lv\\\/Produkts\\\/a-veida-informacijas-izvietosanas-stends-ar-clic-rami\\\/#breadcrumb\"},\"inLanguage\":\"en-US\",\"potentialAction\":[{\"@type\":\"ReadAction\",\"target\":[\"https:\\\/\\\/wmtbaltic.lv\\\/Produkts\\\/a-veida-informacijas-izvietosanas-stends-ar-clic-rami\\\/\"]}]},{\"@type\":\"ImageObject\",\"inLanguage\":\"en-US\",\"@id\":\"https:\\\/\\\/wmtbaltic.lv\\\/Produkts\\\/a-veida-informacijas-izvietosanas-stends-ar-clic-rami\\\/#primaryimage\",\"url\":\"https:\\\/\\\/wmtbaltic.lv\\\/wp-content\\\/uploads\\\/2021\\\/04\\\/A_veida_stends-1.jpg\",\"contentUrl\":\"https:\\\/\\\/wmtbaltic.lv\\\/wp-content\\\/uploads\\\/2021\\\/04\\\/A_veida_stends-1.jpg\",\"width\":616,\"height\":615},{\"@type\":\"BreadcrumbList\",\"@id\":\"https:\\\/\\\/wmtbaltic.lv\\\/Produkts\\\/a-veida-informacijas-izvietosanas-stends-ar-clic-rami\\\/#breadcrumb\",\"itemListElement\":[{\"@type\":\"ListItem\",\"position\":1,\"name\":\"Home\",\"item\":\"https:\\\/\\\/wmtbaltic.lv\\\/en\\\/\"},{\"@type\":\"ListItem\",\"position\":2,\"name\":\"Shop\",\"item\":\"https:\\\/\\\/wmtbaltic.lv\\\/shop\\\/\"},{\"@type\":\"ListItem\",\"position\":3,\"name\":\"A-veida inform\u0101cijas izvieto\u0161anas stends ar Clic r\u0101mi\"}]},{\"@type\":\"WebSite\",\"@id\":\"https:\\\/\\\/wmtbaltic.lv\\\/#website\",\"url\":\"https:\\\/\\\/wmtbaltic.lv\\\/\",\"name\":\"WMT Baltic\",\"description\":\"Rekl\u0101mas produkti, pl\u0113ves\",\"publisher\":{\"@id\":\"https:\\\/\\\/wmtbaltic.lv\\\/#organization\"},\"potentialAction\":[{\"@type\":\"SearchAction\",\"target\":{\"@type\":\"EntryPoint\",\"urlTemplate\":\"https:\\\/\\\/wmtbaltic.lv\\\/?s={search_term_string}\"},\"query-input\":{\"@type\":\"PropertyValueSpecification\",\"valueRequired\":true,\"valueName\":\"search_term_string\"}}],\"inLanguage\":\"en-US\"},{\"@type\":\"Organization\",\"@id\":\"https:\\\/\\\/wmtbaltic.lv\\\/#organization\",\"name\":\"WMT Baltic\",\"url\":\"https:\\\/\\\/wmtbaltic.lv\\\/\",\"logo\":{\"@type\":\"ImageObject\",\"inLanguage\":\"en-US\",\"@id\":\"https:\\\/\\\/wmtbaltic.lv\\\/#\\\/schema\\\/logo\\\/image\\\/\",\"url\":\"https:\\\/\\\/wmtbaltic.lv\\\/wp-content\\\/uploads\\\/2024\\\/12\\\/wmt-baltic-sia_107142_9_420x180.jpg\",\"contentUrl\":\"https:\\\/\\\/wmtbaltic.lv\\\/wp-content\\\/uploads\\\/2024\\\/12\\\/wmt-baltic-sia_107142_9_420x180.jpg\",\"width\":420,\"height\":180,\"caption\":\"WMT Baltic\"},\"image\":{\"@id\":\"https:\\\/\\\/wmtbaltic.lv\\\/#\\\/schema\\\/logo\\\/image\\\/\"},\"sameAs\":[\"https:\\\/\\\/www.facebook.com\\\/WMT.Baltic.viscom\\\/?locale=lv_LV\",\"https:\\\/\\\/www.instagram.com\\\/viscom_wmt\\\/\"]}]}<\/script>\n<!-- \/ Yoast SEO plugin. -->","yoast_head_json":{"title":"A-veida inform\u0101cijas izvieto\u0161anas stends ar Clic r\u0101mi - WMT Baltic","robots":{"index":"index","follow":"follow","max-snippet":"max-snippet:-1","max-image-preview":"max-image-preview:large","max-video-preview":"max-video-preview:-1"},"canonical":"https:\/\/wmtbaltic.lv\/Produkts\/a-veida-informacijas-izvietosanas-stends-ar-clic-rami\/","og_locale":"en_US","og_type":"article","og_title":"A-veida inform\u0101cijas izvieto\u0161anas stends ar Clic r\u0101mi - WMT Baltic","og_url":"https:\/\/wmtbaltic.lv\/Produkts\/a-veida-informacijas-izvietosanas-stends-ar-clic-rami\/","og_site_name":"WMT Baltic","article_publisher":"https:\/\/www.facebook.com\/WMT.Baltic.viscom\/?locale=lv_LV","article_modified_time":"2021-10-12T10:25:55+00:00","og_image":[{"width":616,"height":615,"url":"https:\/\/wmtbaltic.lv\/wp-content\/uploads\/2021\/04\/A_veida_stends-1.jpg","type":"image\/jpeg"}],"twitter_card":"summary_large_image","twitter_misc":{"Est. reading time":"1 minute"},"schema":{"@context":"https:\/\/schema.org","@graph":[{"@type":"WebPage","@id":"https:\/\/wmtbaltic.lv\/Produkts\/a-veida-informacijas-izvietosanas-stends-ar-clic-rami\/","url":"https:\/\/wmtbaltic.lv\/Produkts\/a-veida-informacijas-izvietosanas-stends-ar-clic-rami\/","name":"A-veida inform\u0101cijas izvieto\u0161anas stends ar Clic r\u0101mi - WMT Baltic","isPartOf":{"@id":"https:\/\/wmtbaltic.lv\/#website"},"primaryImageOfPage":{"@id":"https:\/\/wmtbaltic.lv\/Produkts\/a-veida-informacijas-izvietosanas-stends-ar-clic-rami\/#primaryimage"},"image":{"@id":"https:\/\/wmtbaltic.lv\/Produkts\/a-veida-informacijas-izvietosanas-stends-ar-clic-rami\/#primaryimage"},"thumbnailUrl":"https:\/\/wmtbaltic.lv\/wp-content\/uploads\/2021\/04\/A_veida_stends-1.jpg","datePublished":"2021-04-23T12:07:40+00:00","dateModified":"2021-10-12T10:25:55+00:00","breadcrumb":{"@id":"https:\/\/wmtbaltic.lv\/Produkts\/a-veida-informacijas-izvietosanas-stends-ar-clic-rami\/#breadcrumb"},"inLanguage":"en-US","potentialAction":[{"@type":"ReadAction","target":["https:\/\/wmtbaltic.lv\/Produkts\/a-veida-informacijas-izvietosanas-stends-ar-clic-rami\/"]}]},{"@type":"ImageObject","inLanguage":"en-US","@id":"https:\/\/wmtbaltic.lv\/Produkts\/a-veida-informacijas-izvietosanas-stends-ar-clic-rami\/#primaryimage","url":"https:\/\/wmtbaltic.lv\/wp-content\/uploads\/2021\/04\/A_veida_stends-1.jpg","contentUrl":"https:\/\/wmtbaltic.lv\/wp-content\/uploads\/2021\/04\/A_veida_stends-1.jpg","width":616,"height":615},{"@type":"BreadcrumbList","@id":"https:\/\/wmtbaltic.lv\/Produkts\/a-veida-informacijas-izvietosanas-stends-ar-clic-rami\/#breadcrumb","itemListElement":[{"@type":"ListItem","position":1,"name":"Home","item":"https:\/\/wmtbaltic.lv\/en\/"},{"@type":"ListItem","position":2,"name":"Shop","item":"https:\/\/wmtbaltic.lv\/shop\/"},{"@type":"ListItem","position":3,"name":"A-veida inform\u0101cijas izvieto\u0161anas stends ar Clic r\u0101mi"}]},{"@type":"WebSite","@id":"https:\/\/wmtbaltic.lv\/#website","url":"https:\/\/wmtbaltic.lv\/","name":"WMT Baltic","description":"Rekl\u0101mas produkti, pl\u0113ves","publisher":{"@id":"https:\/\/wmtbaltic.lv\/#organization"},"potentialAction":[{"@type":"SearchAction","target":{"@type":"EntryPoint","urlTemplate":"https:\/\/wmtbaltic.lv\/?s={search_term_string}"},"query-input":{"@type":"PropertyValueSpecification","valueRequired":true,"valueName":"search_term_string"}}],"inLanguage":"en-US"},{"@type":"Organization","@id":"https:\/\/wmtbaltic.lv\/#organization","name":"WMT Baltic","url":"https:\/\/wmtbaltic.lv\/","logo":{"@type":"ImageObject","inLanguage":"en-US","@id":"https:\/\/wmtbaltic.lv\/#\/schema\/logo\/image\/","url":"https:\/\/wmtbaltic.lv\/wp-content\/uploads\/2024\/12\/wmt-baltic-sia_107142_9_420x180.jpg","contentUrl":"https:\/\/wmtbaltic.lv\/wp-content\/uploads\/2024\/12\/wmt-baltic-sia_107142_9_420x180.jpg","width":420,"height":180,"caption":"WMT Baltic"},"image":{"@id":"https:\/\/wmtbaltic.lv\/#\/schema\/logo\/image\/"},"sameAs":["https:\/\/www.facebook.com\/WMT.Baltic.viscom\/?locale=lv_LV","https:\/\/www.instagram.com\/viscom_wmt\/"]}]}},"_links":{"self":[{"href":"https:\/\/wmtbaltic.lv\/en\/wp-json\/wp\/v2\/product\/7246","targetHints":{"allow":["GET"]}}],"collection":[{"href":"https:\/\/wmtbaltic.lv\/en\/wp-json\/wp\/v2\/product"}],"about":[{"href":"https:\/\/wmtbaltic.lv\/en\/wp-json\/wp\/v2\/types\/product"}],"wp:featuredmedia":[{"embeddable":true,"href":"https:\/\/wmtbaltic.lv\/en\/wp-json\/wp\/v2\/media\/7255"}],"wp:attachment":[{"href":"https:\/\/wmtbaltic.lv\/en\/wp-json\/wp\/v2\/media?parent=7246"}],"wp:term":[{"taxonomy":"product_brand","embeddable":true,"href":"https:\/\/wmtbaltic.lv\/en\/wp-json\/wp\/v2\/product_brand?post=7246"},{"taxonomy":"product_cat","embeddable":true,"href":"https:\/\/wmtbaltic.lv\/en\/wp-json\/wp\/v2\/product_cat?post=7246"},{"taxonomy":"product_tag","embeddable":true,"href":"https:\/\/wmtbaltic.lv\/en\/wp-json\/wp\/v2\/product_tag?post=7246"}],"curies":[{"name":"wp","href":"https:\/\/api.w.org\/{rel}","templated":true}]}}