{"id":7206,"date":"2021-04-22T14:09:12","date_gmt":"2021-04-22T14:09:12","guid":{"rendered":"https:\/\/wmtbaltic.lv\/?post_type=product&#038;p=7206"},"modified":"2023-11-14T10:42:15","modified_gmt":"2023-11-14T10:42:15","slug":"giljotina-rc-331","status":"publish","type":"product","link":"https:\/\/wmtbaltic.lv\/en\/product\/giljotina-rc-331\/","title":{"rendered":"Giljot\u012bna RC 331"},"content":{"rendered":"<p>Manu\u0101lie giljot\u012bnas no \u201c<b>RC Systems <\/b><span style=\"color: #000000;\"><b>Giljot\u012bna RC 331 (s\u0113rija 3)<\/b><\/span>\u201d hobijiem, skolai, m\u0101j\u0101m, foto un birojam<br \/>\nVisa m\u016bsu iek\u0101rtu konstrukcija ir izgatavota no t\u0113rauda ar pl\u0101niem un veidojo\u0161\u0101m mal\u0101m ar stiliz\u0113t\u0101m ergonomisk\u0101m l\u012bnij\u0101m, kas kr\u0101sotas elektrostatisk\u0101 lauk\u0101 ar pretskr\u0101p\u0113jumu pulveri, kas ilgst pat atkl\u0101t\u0101s viet\u0101s.<br \/>\nRC griez\u0113ju kl\u0101sts ir apr\u012bkots ar s\u0101nu griez\u0113ju, kas noved pap\u012bru prec\u012bzi l\u012bdz asmenim un pretasmeni, kas \u013cauj \u013coti labi griezt da\u017eu mm\/collu pap\u012brs, piem\u0113ram, viz\u012btkartes.<\/p>\n<p><b>TEHNISK\u0100 INFO<\/b><span style=\"color: #000000;\"><b>RM\u0100CIJA Giljot\u012bna RC 3<\/b><\/span><span style=\"color: #000000;\"><b>31 (s\u0113rija 3)<\/b><\/span><\/p>\n<p><b>Grie\u0161anas garums:<\/b> 330 mm<\/p>\n<p><b>Grie\u0161anas jauda:<\/b> 20 loksnes (80 gr.\/m2) vai 24 loksnes (70 gr.\/m2)<\/p>\n<p><b>Grie\u0161anas biezums:<\/b> 3 mm<\/p>\n<p><b>Pap\u012bra preses sist\u0113ma:<\/b> Manu\u0101l\u0101 ar ergonomisku dizainu<br \/>\n<b>Dro\u0161\u012bbas <\/b><span lang=\"ru-RU\"><b>aizsardz\u012bba<\/b><\/span><span lang=\"ru-RU\">: <\/span><span lang=\"ru-RU\">Dro\u0161\u012bbas<\/span> aizsargs, izgatavots no caursp\u012bd\u012bga nedal\u0101m\u0101 sint\u0113tisk\u0101 stikla<\/p>\n<p><i><b>Sietspiede UNI form\u0101ts:<\/b><\/i><\/p>\n<ul>\n<li><span lang=\"lv-LV\">A<\/span><span lang=\"ru-RU\">inava<\/span> <span lang=\"ru-RU\">un portrets<\/span><span lang=\"ru-RU\">: <\/span><span lang=\"lv-LV\">B5, <\/span><span lang=\"lv-LV\">C5, C4, A4, A5, B6, C6<\/span><\/li>\n<li><span lang=\"lv-LV\">Formats: 81\/2 x 13<\/span><\/li>\n<li>Griezuma l\u012bnija 60\u00b0 &#8211; 45\u00b0 &#8211; 30\u00b0<\/li>\n<\/ul>\n<p><b>M\u0113rskala:<\/b> milimetri un collas<\/p>\n<p><b>Grie\u0161anas zona:<\/b> L 330\u00a0x\u00a0W 245<\/p>\n<p><b>Stat\u012bva<\/b><b> kop\u0113jais izm\u0113rs:<\/b> L 554 x W 286 x H 440<\/p>\n<p><b>Neto svars: <\/b><span lang=\"lv-LV\"><b>3<\/b><\/span><span lang=\"lv-LV\">,<\/span><span lang=\"lv-LV\">200<\/span> \u0122iljotina<\/p>\n<iframe loading=\"lazy\"  id=\"_ytid_43021\"  width=\"780\" height=\"439\"  data-origwidth=\"780\" data-origheight=\"439\" src=\"https:\/\/www.youtube.com\/embed\/Xp05Cigq4Hs?enablejsapi=1&autoplay=0&cc_load_policy=0&cc_lang_pref=&iv_load_policy=1&loop=0&rel=1&fs=1&playsinline=0&autohide=2&theme=dark&color=red&controls=1&disablekb=0&\" class=\"__youtube_prefs__  no-lazyload\" title=\"YouTube player\"  allow=\"fullscreen; accelerometer; autoplay; clipboard-write; encrypted-media; gyroscope; picture-in-picture; web-share\" referrerpolicy=\"strict-origin-when-cross-origin\" allowfullscreen data-no-lazy=\"1\" data-skipgform_ajax_framebjll=\"\"><\/iframe>\n","protected":false},"excerpt":{"rendered":"Manu\u0101lie giljot\u012bnas no \u201cRC Systems Giljot\u012bna RC 331 (s\u0113rija 3)\u201d hobijiem, skolai, m\u0101j\u0101m, foto un birojam Visa m\u016bsu iek\u0101rtu konstrukcija ir izgatavota no t\u0113rauda ar pl\u0101niem un veidojo\u0161\u0101m mal\u0101m ar stiliz\u0113t\u0101m ergonomisk\u0101m l\u012bnij\u0101m, kas kr\u0101sotas elektrostatisk\u0101 lauk\u0101 ar pretskr\u0101p\u0113jumu pulveri, kas ilgst pat atkl\u0101t\u0101s viet\u0101s. RC griez\u0113ju kl\u0101sts ir apr\u012bkots ar s\u0101nu griez\u0113ju, kas noved [...]","protected":false},"featured_media":15878,"template":"","meta":[],"product_brand":[],"product_cat":[71,258,259],"product_tag":[725,502,723],"class_list":{"0":"post-7206","1":"product","2":"type-product","3":"status-publish","4":"has-post-thumbnail","6":"product_cat-griesana-locisana-rievosana","7":"product_cat-iekartas-un-izejmateriali","8":"product_cat-rc-systems","9":"product_tag-giljotina","10":"product_tag-griesana","11":"product_tag-rc-systems","13":"first","14":"instock","15":"shipping-taxable","16":"purchasable","17":"product-type-simple"},"yoast_head":"<!-- This site is optimized with the Yoast SEO plugin v27.4 - https:\/\/yoast.com\/product\/yoast-seo-wordpress\/ -->\n<title>Giljot\u012bna RC 331 - WMT Baltic<\/title>\n<meta name=\"description\" content=\"Giljot\u012bna RC 331. Darba platums\u00a0 330 mm. Materi\u0101la daudzums\u00a0 17 lapas (70gr\/m2) vai\u00a015 lapas (80gr\/m2). Materi\u0101la biezums\u00a0 1.5 mm. Nopirkt R\u012bg\u0101\" \/>\n<meta name=\"robots\" content=\"index, follow, max-snippet:-1, max-image-preview:large, max-video-preview:-1\" \/>\n<link rel=\"canonical\" href=\"https:\/\/wmtbaltic.lv\/Produkts\/giljotina-rc-331\/\" \/>\n<meta property=\"og:locale\" content=\"en_US\" \/>\n<meta property=\"og:type\" content=\"article\" \/>\n<meta property=\"og:title\" content=\"Giljot\u012bna RC 331 - WMT Baltic\" \/>\n<meta property=\"og:description\" content=\"Giljot\u012bna RC 331. Darba platums\u00a0 330 mm. Materi\u0101la daudzums\u00a0 17 lapas (70gr\/m2) vai\u00a015 lapas (80gr\/m2). Materi\u0101la biezums\u00a0 1.5 mm. Nopirkt R\u012bg\u0101\" \/>\n<meta property=\"og:url\" content=\"https:\/\/wmtbaltic.lv\/Produkts\/giljotina-rc-331\/\" \/>\n<meta property=\"og:site_name\" content=\"WMT Baltic\" \/>\n<meta property=\"article:publisher\" content=\"https:\/\/www.facebook.com\/WMT.Baltic.viscom\/?locale=lv_LV\" \/>\n<meta property=\"article:modified_time\" content=\"2023-11-14T10:42:15+00:00\" \/>\n<meta property=\"og:image\" content=\"http:\/\/wmtbaltic.lv\/wp-content\/uploads\/2021\/04\/rc-321_S3_3.jpg\" \/>\n\t<meta property=\"og:image:width\" content=\"874\" \/>\n\t<meta property=\"og:image:height\" content=\"638\" \/>\n\t<meta property=\"og:image:type\" content=\"image\/jpeg\" \/>\n<meta name=\"twitter:card\" content=\"summary_large_image\" \/>\n<meta name=\"twitter:label1\" content=\"Est. reading time\" \/>\n\t<meta name=\"twitter:data1\" content=\"1 minute\" \/>\n<script type=\"application\/ld+json\" class=\"yoast-schema-graph\">{\"@context\":\"https:\\\/\\\/schema.org\",\"@graph\":[{\"@type\":\"WebPage\",\"@id\":\"https:\\\/\\\/wmtbaltic.lv\\\/Produkts\\\/giljotina-rc-331\\\/\",\"url\":\"https:\\\/\\\/wmtbaltic.lv\\\/Produkts\\\/giljotina-rc-331\\\/\",\"name\":\"Giljot\u012bna RC 331 - WMT Baltic\",\"isPartOf\":{\"@id\":\"https:\\\/\\\/wmtbaltic.lv\\\/#website\"},\"primaryImageOfPage\":{\"@id\":\"https:\\\/\\\/wmtbaltic.lv\\\/Produkts\\\/giljotina-rc-331\\\/#primaryimage\"},\"image\":{\"@id\":\"https:\\\/\\\/wmtbaltic.lv\\\/Produkts\\\/giljotina-rc-331\\\/#primaryimage\"},\"thumbnailUrl\":\"https:\\\/\\\/wmtbaltic.lv\\\/wp-content\\\/uploads\\\/2021\\\/04\\\/rc-321_S3_3.jpg\",\"datePublished\":\"2021-04-22T14:09:12+00:00\",\"dateModified\":\"2023-11-14T10:42:15+00:00\",\"description\":\"Giljot\u012bna RC 331. Darba platums\u00a0 330 mm. Materi\u0101la daudzums\u00a0 17 lapas (70gr\\\/m2) vai\u00a015 lapas (80gr\\\/m2). Materi\u0101la biezums\u00a0 1.5 mm. Nopirkt R\u012bg\u0101\",\"breadcrumb\":{\"@id\":\"https:\\\/\\\/wmtbaltic.lv\\\/Produkts\\\/giljotina-rc-331\\\/#breadcrumb\"},\"inLanguage\":\"en-US\",\"potentialAction\":[{\"@type\":\"ReadAction\",\"target\":[\"https:\\\/\\\/wmtbaltic.lv\\\/Produkts\\\/giljotina-rc-331\\\/\"]}]},{\"@type\":\"ImageObject\",\"inLanguage\":\"en-US\",\"@id\":\"https:\\\/\\\/wmtbaltic.lv\\\/Produkts\\\/giljotina-rc-331\\\/#primaryimage\",\"url\":\"https:\\\/\\\/wmtbaltic.lv\\\/wp-content\\\/uploads\\\/2021\\\/04\\\/rc-321_S3_3.jpg\",\"contentUrl\":\"https:\\\/\\\/wmtbaltic.lv\\\/wp-content\\\/uploads\\\/2021\\\/04\\\/rc-321_S3_3.jpg\",\"width\":874,\"height\":638},{\"@type\":\"BreadcrumbList\",\"@id\":\"https:\\\/\\\/wmtbaltic.lv\\\/Produkts\\\/giljotina-rc-331\\\/#breadcrumb\",\"itemListElement\":[{\"@type\":\"ListItem\",\"position\":1,\"name\":\"Home\",\"item\":\"https:\\\/\\\/wmtbaltic.lv\\\/en\\\/\"},{\"@type\":\"ListItem\",\"position\":2,\"name\":\"Shop\",\"item\":\"https:\\\/\\\/wmtbaltic.lv\\\/shop\\\/\"},{\"@type\":\"ListItem\",\"position\":3,\"name\":\"Giljot\u012bna RC 331\"}]},{\"@type\":\"WebSite\",\"@id\":\"https:\\\/\\\/wmtbaltic.lv\\\/#website\",\"url\":\"https:\\\/\\\/wmtbaltic.lv\\\/\",\"name\":\"WMT Baltic\",\"description\":\"Rekl\u0101mas produkti, pl\u0113ves\",\"publisher\":{\"@id\":\"https:\\\/\\\/wmtbaltic.lv\\\/#organization\"},\"potentialAction\":[{\"@type\":\"SearchAction\",\"target\":{\"@type\":\"EntryPoint\",\"urlTemplate\":\"https:\\\/\\\/wmtbaltic.lv\\\/?s={search_term_string}\"},\"query-input\":{\"@type\":\"PropertyValueSpecification\",\"valueRequired\":true,\"valueName\":\"search_term_string\"}}],\"inLanguage\":\"en-US\"},{\"@type\":\"Organization\",\"@id\":\"https:\\\/\\\/wmtbaltic.lv\\\/#organization\",\"name\":\"WMT Baltic\",\"url\":\"https:\\\/\\\/wmtbaltic.lv\\\/\",\"logo\":{\"@type\":\"ImageObject\",\"inLanguage\":\"en-US\",\"@id\":\"https:\\\/\\\/wmtbaltic.lv\\\/#\\\/schema\\\/logo\\\/image\\\/\",\"url\":\"https:\\\/\\\/wmtbaltic.lv\\\/wp-content\\\/uploads\\\/2024\\\/12\\\/wmt-baltic-sia_107142_9_420x180.jpg\",\"contentUrl\":\"https:\\\/\\\/wmtbaltic.lv\\\/wp-content\\\/uploads\\\/2024\\\/12\\\/wmt-baltic-sia_107142_9_420x180.jpg\",\"width\":420,\"height\":180,\"caption\":\"WMT Baltic\"},\"image\":{\"@id\":\"https:\\\/\\\/wmtbaltic.lv\\\/#\\\/schema\\\/logo\\\/image\\\/\"},\"sameAs\":[\"https:\\\/\\\/www.facebook.com\\\/WMT.Baltic.viscom\\\/?locale=lv_LV\",\"https:\\\/\\\/www.instagram.com\\\/viscom_wmt\\\/\"]}]}<\/script>\n<!-- \/ Yoast SEO plugin. -->","yoast_head_json":{"title":"Giljot\u012bna RC 331 - WMT Baltic","description":"Giljot\u012bna RC 331. Darba platums\u00a0 330 mm. Materi\u0101la daudzums\u00a0 17 lapas (70gr\/m2) vai\u00a015 lapas (80gr\/m2). Materi\u0101la biezums\u00a0 1.5 mm. Nopirkt R\u012bg\u0101","robots":{"index":"index","follow":"follow","max-snippet":"max-snippet:-1","max-image-preview":"max-image-preview:large","max-video-preview":"max-video-preview:-1"},"canonical":"https:\/\/wmtbaltic.lv\/Produkts\/giljotina-rc-331\/","og_locale":"en_US","og_type":"article","og_title":"Giljot\u012bna RC 331 - WMT Baltic","og_description":"Giljot\u012bna RC 331. Darba platums\u00a0 330 mm. Materi\u0101la daudzums\u00a0 17 lapas (70gr\/m2) vai\u00a015 lapas (80gr\/m2). Materi\u0101la biezums\u00a0 1.5 mm. Nopirkt R\u012bg\u0101","og_url":"https:\/\/wmtbaltic.lv\/Produkts\/giljotina-rc-331\/","og_site_name":"WMT Baltic","article_publisher":"https:\/\/www.facebook.com\/WMT.Baltic.viscom\/?locale=lv_LV","article_modified_time":"2023-11-14T10:42:15+00:00","og_image":[{"width":874,"height":638,"url":"http:\/\/wmtbaltic.lv\/wp-content\/uploads\/2021\/04\/rc-321_S3_3.jpg","type":"image\/jpeg"}],"twitter_card":"summary_large_image","twitter_misc":{"Est. reading time":"1 minute"},"schema":{"@context":"https:\/\/schema.org","@graph":[{"@type":"WebPage","@id":"https:\/\/wmtbaltic.lv\/Produkts\/giljotina-rc-331\/","url":"https:\/\/wmtbaltic.lv\/Produkts\/giljotina-rc-331\/","name":"Giljot\u012bna RC 331 - WMT Baltic","isPartOf":{"@id":"https:\/\/wmtbaltic.lv\/#website"},"primaryImageOfPage":{"@id":"https:\/\/wmtbaltic.lv\/Produkts\/giljotina-rc-331\/#primaryimage"},"image":{"@id":"https:\/\/wmtbaltic.lv\/Produkts\/giljotina-rc-331\/#primaryimage"},"thumbnailUrl":"https:\/\/wmtbaltic.lv\/wp-content\/uploads\/2021\/04\/rc-321_S3_3.jpg","datePublished":"2021-04-22T14:09:12+00:00","dateModified":"2023-11-14T10:42:15+00:00","description":"Giljot\u012bna RC 331. Darba platums\u00a0 330 mm. Materi\u0101la daudzums\u00a0 17 lapas (70gr\/m2) vai\u00a015 lapas (80gr\/m2). Materi\u0101la biezums\u00a0 1.5 mm. Nopirkt R\u012bg\u0101","breadcrumb":{"@id":"https:\/\/wmtbaltic.lv\/Produkts\/giljotina-rc-331\/#breadcrumb"},"inLanguage":"en-US","potentialAction":[{"@type":"ReadAction","target":["https:\/\/wmtbaltic.lv\/Produkts\/giljotina-rc-331\/"]}]},{"@type":"ImageObject","inLanguage":"en-US","@id":"https:\/\/wmtbaltic.lv\/Produkts\/giljotina-rc-331\/#primaryimage","url":"https:\/\/wmtbaltic.lv\/wp-content\/uploads\/2021\/04\/rc-321_S3_3.jpg","contentUrl":"https:\/\/wmtbaltic.lv\/wp-content\/uploads\/2021\/04\/rc-321_S3_3.jpg","width":874,"height":638},{"@type":"BreadcrumbList","@id":"https:\/\/wmtbaltic.lv\/Produkts\/giljotina-rc-331\/#breadcrumb","itemListElement":[{"@type":"ListItem","position":1,"name":"Home","item":"https:\/\/wmtbaltic.lv\/en\/"},{"@type":"ListItem","position":2,"name":"Shop","item":"https:\/\/wmtbaltic.lv\/shop\/"},{"@type":"ListItem","position":3,"name":"Giljot\u012bna RC 331"}]},{"@type":"WebSite","@id":"https:\/\/wmtbaltic.lv\/#website","url":"https:\/\/wmtbaltic.lv\/","name":"WMT Baltic","description":"Rekl\u0101mas produkti, pl\u0113ves","publisher":{"@id":"https:\/\/wmtbaltic.lv\/#organization"},"potentialAction":[{"@type":"SearchAction","target":{"@type":"EntryPoint","urlTemplate":"https:\/\/wmtbaltic.lv\/?s={search_term_string}"},"query-input":{"@type":"PropertyValueSpecification","valueRequired":true,"valueName":"search_term_string"}}],"inLanguage":"en-US"},{"@type":"Organization","@id":"https:\/\/wmtbaltic.lv\/#organization","name":"WMT Baltic","url":"https:\/\/wmtbaltic.lv\/","logo":{"@type":"ImageObject","inLanguage":"en-US","@id":"https:\/\/wmtbaltic.lv\/#\/schema\/logo\/image\/","url":"https:\/\/wmtbaltic.lv\/wp-content\/uploads\/2024\/12\/wmt-baltic-sia_107142_9_420x180.jpg","contentUrl":"https:\/\/wmtbaltic.lv\/wp-content\/uploads\/2024\/12\/wmt-baltic-sia_107142_9_420x180.jpg","width":420,"height":180,"caption":"WMT Baltic"},"image":{"@id":"https:\/\/wmtbaltic.lv\/#\/schema\/logo\/image\/"},"sameAs":["https:\/\/www.facebook.com\/WMT.Baltic.viscom\/?locale=lv_LV","https:\/\/www.instagram.com\/viscom_wmt\/"]}]}},"_links":{"self":[{"href":"https:\/\/wmtbaltic.lv\/en\/wp-json\/wp\/v2\/product\/7206","targetHints":{"allow":["GET"]}}],"collection":[{"href":"https:\/\/wmtbaltic.lv\/en\/wp-json\/wp\/v2\/product"}],"about":[{"href":"https:\/\/wmtbaltic.lv\/en\/wp-json\/wp\/v2\/types\/product"}],"wp:featuredmedia":[{"embeddable":true,"href":"https:\/\/wmtbaltic.lv\/en\/wp-json\/wp\/v2\/media\/15878"}],"wp:attachment":[{"href":"https:\/\/wmtbaltic.lv\/en\/wp-json\/wp\/v2\/media?parent=7206"}],"wp:term":[{"taxonomy":"product_brand","embeddable":true,"href":"https:\/\/wmtbaltic.lv\/en\/wp-json\/wp\/v2\/product_brand?post=7206"},{"taxonomy":"product_cat","embeddable":true,"href":"https:\/\/wmtbaltic.lv\/en\/wp-json\/wp\/v2\/product_cat?post=7206"},{"taxonomy":"product_tag","embeddable":true,"href":"https:\/\/wmtbaltic.lv\/en\/wp-json\/wp\/v2\/product_tag?post=7206"}],"curies":[{"name":"wp","href":"https:\/\/api.w.org\/{rel}","templated":true}]}}