{"id":7178,"date":"2021-04-22T13:43:01","date_gmt":"2021-04-22T13:43:01","guid":{"rendered":"https:\/\/wmtbaltic.lv\/?post_type=product&#038;p=7178"},"modified":"2023-11-14T07:52:52","modified_gmt":"2023-11-14T07:52:52","slug":"stativs-rc-1260","status":"publish","type":"product","link":"https:\/\/wmtbaltic.lv\/en\/product\/stativs-rc-1260\/","title":{"rendered":"Stat\u012bvs RC 1260"},"content":{"rendered":"<p><span style=\"color: #666666;\"><strong><span style=\"font-family: Tahoma, sans-serif;\"><span style=\"font-size: small;\">Giljot\u012bna ar stat\u012bvu RC 1260<\/span><\/span><\/strong><span style=\"font-family: Tahoma, sans-serif;\"><span style=\"font-size: small;\"><br \/>\n<\/span><\/span><\/span><\/p>\n<p>Manu\u0101la pap\u012bra giljot\u012bna no RC Systems \u201c<strong>S<\/strong><b>tat\u012bvs<\/b>\u00a0<b>Cut RC 1260<\/b>\u201d hobijam, skolai, m\u0101jai, foto un birojam &#8211; form\u0101ts A4.<br \/>\nRokas pap\u012bra ru\u013c\u013cgriezums, birojam un grafikas lietojumprogramm\u0101m &#8211; form\u0101ts A0 plus<br \/>\nGiljot\u012bnai ir t\u0113rauda pamatne ar s\u0101nu mal\u0101m, kas izgatavotas no plastmasas. Pel\u0113ka kr\u0101sa RAL 7036. Kr\u0101sota ar pulverkr\u0101su pret skr\u0101p\u0113jumiem. Caursp\u012bd\u012bga un autom\u0101tiska pap\u012bra prese.<\/p>\n<p><b>TEHNISK\u0100 INFORM\u0100CIJA Stat\u012bvs <\/b><b>-Cut RC 1260<\/b><\/p>\n<p><strong>Grie\u0161anas garums:<\/strong> 1260 mm<\/p>\n<p><strong>Grie\u0161anas jauda:<\/strong> 5 loksnes (80 gr.\/m2) vai 7 loksnes (70 gr.\/m2)<\/p>\n<p><strong>Grie\u0161anas biezums<\/strong>: 1 mm<\/p>\n<p><strong>Pap\u012bra preses sist\u0113ma:<\/strong> <span lang=\"lv-LV\">A<\/span>utom\u0101tiska pap\u012bra prese<\/p>\n<p><em><strong>Sietspiede UNI form\u0101ts:<\/strong><\/em><\/p>\n<ul>\n<li><strong>Ainava un portrets:<\/strong> <span lang=\"en-US\">A0, A1, A2, A3, A4, <\/span>A5, A6<span lang=\"ru-RU\">,<\/span><span lang=\"lv-LV\"> B3, B4, B5<\/span><span lang=\"lv-LV\"> \u2013<\/span> Pap\u012brs<span lang=\"ru-RU\">, <\/span><span lang=\"lv-LV\">\u017e<\/span><span lang=\"ru-RU\">urn\u0101ls<\/span><\/li>\n<li><strong>Griezuma l\u012bnija:<\/strong>\u00a060\u00b0 &#8211; 45\u00b0 &#8211; 30\u00b0<\/li>\n<\/ul>\n<p><strong>M\u0113rskala:<\/strong> milimetri un collas<\/p>\n<p><strong>Grie\u0161anas zona:<\/strong> L 460\u00a0x\u00a0W 170<\/p>\n<p><strong>Stat\u012bvs kop\u0113jais izm\u0113rs:<\/strong> L 1145 x W 200 x H 70<\/p>\n<p><strong>Neto svars:<\/strong> trimmers <span lang=\"ru-RU\">6,80<\/span><span lang=\"ru-RU\">0<\/span> kg + stat\u012bvs 5,950 Kg<\/p>\n<p><span style=\"color: #666666;\"><span style=\"font-family: Tahoma, sans-serif;\"><span style=\"font-size: small;\"><iframe loading=\"lazy\"  id=\"_ytid_59148\"  width=\"780\" height=\"585\"  data-origwidth=\"780\" data-origheight=\"585\" src=\"https:\/\/www.youtube.com\/embed\/0f1eoDjjAGA?enablejsapi=1&autoplay=0&cc_load_policy=0&cc_lang_pref=&iv_load_policy=1&loop=0&rel=1&fs=1&playsinline=0&autohide=2&theme=dark&color=red&controls=1&disablekb=0&\" class=\"__youtube_prefs__  no-lazyload\" title=\"YouTube player\"  allow=\"fullscreen; accelerometer; autoplay; clipboard-write; encrypted-media; gyroscope; picture-in-picture; web-share\" referrerpolicy=\"strict-origin-when-cross-origin\" allowfullscreen data-no-lazy=\"1\" data-skipgform_ajax_framebjll=\"\"><\/iframe><\/span><\/span><\/span><\/p>\n","protected":false},"excerpt":{"rendered":"Giljot\u012bna ar stat\u012bvu RC 1260 Manu\u0101la pap\u012bra giljot\u012bna no RC Systems \u201cStat\u012bvs\u00a0Cut RC 1260\u201d hobijam, skolai, m\u0101jai, foto un birojam - form\u0101ts A4. Rokas pap\u012bra ru\u013c\u013cgriezums, birojam un grafikas lietojumprogramm\u0101m - form\u0101ts A0 plus Giljot\u012bnai ir t\u0113rauda pamatne ar s\u0101nu mal\u0101m, kas izgatavotas no plastmasas. Pel\u0113ka kr\u0101sa RAL 7036. Kr\u0101sota ar pulverkr\u0101su pret skr\u0101p\u0113jumiem. Caursp\u012bd\u012bga [...]","protected":false},"featured_media":7194,"comment_status":"closed","ping_status":"closed","template":"","meta":[],"product_brand":[],"product_cat":[71,258,259],"product_tag":[723,724,722],"class_list":{"0":"post-7178","1":"product","2":"type-product","3":"status-publish","4":"has-post-thumbnail","6":"product_cat-griesana-locisana-rievosana","7":"product_cat-iekartas-un-izejmateriali","8":"product_cat-rc-systems","9":"product_tag-rc-systems","10":"product_tag-stativs","11":"product_tag-trimmeris","13":"first","14":"instock","15":"shipping-taxable","16":"purchasable","17":"product-type-simple"},"yoast_head":"<!-- This site is optimized with the Yoast SEO plugin v27.4 - https:\/\/yoast.com\/product\/yoast-seo-wordpress\/ -->\n<title>Stat\u012bvs RC 1260 - WMT Baltic<\/title>\n<meta name=\"description\" content=\"RC SYSTEMS stat\u012bvs trimmerim RC 1260 . Darba platums\u00a0 1260 mm . Grie\u0161ana, loc\u012b\u0161ana, rievo\u0161ana . WMT Baltic veikals.\" \/>\n<meta name=\"robots\" content=\"index, follow, max-snippet:-1, max-image-preview:large, max-video-preview:-1\" \/>\n<link rel=\"canonical\" href=\"https:\/\/wmtbaltic.lv\/Produkts\/stativs-rc-1260\/\" \/>\n<meta property=\"og:locale\" content=\"en_US\" \/>\n<meta property=\"og:type\" content=\"article\" \/>\n<meta property=\"og:title\" content=\"Stat\u012bvs RC 1260 - WMT Baltic\" \/>\n<meta property=\"og:description\" content=\"RC SYSTEMS stat\u012bvs trimmerim RC 1260 . Darba platums\u00a0 1260 mm . Grie\u0161ana, loc\u012b\u0161ana, rievo\u0161ana . WMT Baltic veikals.\" \/>\n<meta property=\"og:url\" content=\"https:\/\/wmtbaltic.lv\/Produkts\/stativs-rc-1260\/\" \/>\n<meta property=\"og:site_name\" content=\"WMT Baltic\" \/>\n<meta property=\"article:publisher\" content=\"https:\/\/www.facebook.com\/WMT.Baltic.viscom\/?locale=lv_LV\" \/>\n<meta property=\"article:modified_time\" content=\"2023-11-14T07:52:52+00:00\" \/>\n<meta property=\"og:image\" content=\"http:\/\/wmtbaltic.lv\/wp-content\/uploads\/2021\/04\/stativs-1260.jpg\" \/>\n\t<meta property=\"og:image:width\" content=\"500\" \/>\n\t<meta property=\"og:image:height\" content=\"431\" \/>\n\t<meta property=\"og:image:type\" content=\"image\/jpeg\" \/>\n<meta name=\"twitter:card\" content=\"summary_large_image\" \/>\n<meta name=\"twitter:label1\" content=\"Est. reading time\" \/>\n\t<meta name=\"twitter:data1\" content=\"1 minute\" \/>\n<script type=\"application\/ld+json\" class=\"yoast-schema-graph\">{\"@context\":\"https:\\\/\\\/schema.org\",\"@graph\":[{\"@type\":\"WebPage\",\"@id\":\"https:\\\/\\\/wmtbaltic.lv\\\/Produkts\\\/stativs-rc-1260\\\/\",\"url\":\"https:\\\/\\\/wmtbaltic.lv\\\/Produkts\\\/stativs-rc-1260\\\/\",\"name\":\"Stat\u012bvs RC 1260 - WMT Baltic\",\"isPartOf\":{\"@id\":\"https:\\\/\\\/wmtbaltic.lv\\\/#website\"},\"primaryImageOfPage\":{\"@id\":\"https:\\\/\\\/wmtbaltic.lv\\\/Produkts\\\/stativs-rc-1260\\\/#primaryimage\"},\"image\":{\"@id\":\"https:\\\/\\\/wmtbaltic.lv\\\/Produkts\\\/stativs-rc-1260\\\/#primaryimage\"},\"thumbnailUrl\":\"https:\\\/\\\/wmtbaltic.lv\\\/wp-content\\\/uploads\\\/2021\\\/04\\\/stativs-1260.jpg\",\"datePublished\":\"2021-04-22T13:43:01+00:00\",\"dateModified\":\"2023-11-14T07:52:52+00:00\",\"description\":\"RC SYSTEMS stat\u012bvs trimmerim RC 1260 . Darba platums\u00a0 1260 mm . Grie\u0161ana, loc\u012b\u0161ana, rievo\u0161ana . WMT Baltic veikals.\",\"breadcrumb\":{\"@id\":\"https:\\\/\\\/wmtbaltic.lv\\\/Produkts\\\/stativs-rc-1260\\\/#breadcrumb\"},\"inLanguage\":\"en-US\",\"potentialAction\":[{\"@type\":\"ReadAction\",\"target\":[\"https:\\\/\\\/wmtbaltic.lv\\\/Produkts\\\/stativs-rc-1260\\\/\"]}]},{\"@type\":\"ImageObject\",\"inLanguage\":\"en-US\",\"@id\":\"https:\\\/\\\/wmtbaltic.lv\\\/Produkts\\\/stativs-rc-1260\\\/#primaryimage\",\"url\":\"https:\\\/\\\/wmtbaltic.lv\\\/wp-content\\\/uploads\\\/2021\\\/04\\\/stativs-1260.jpg\",\"contentUrl\":\"https:\\\/\\\/wmtbaltic.lv\\\/wp-content\\\/uploads\\\/2021\\\/04\\\/stativs-1260.jpg\",\"width\":500,\"height\":431},{\"@type\":\"BreadcrumbList\",\"@id\":\"https:\\\/\\\/wmtbaltic.lv\\\/Produkts\\\/stativs-rc-1260\\\/#breadcrumb\",\"itemListElement\":[{\"@type\":\"ListItem\",\"position\":1,\"name\":\"Home\",\"item\":\"https:\\\/\\\/wmtbaltic.lv\\\/en\\\/\"},{\"@type\":\"ListItem\",\"position\":2,\"name\":\"Products\",\"item\":\"https:\\\/\\\/wmtbaltic.lv\\\/en\\\/shop\\\/\"},{\"@type\":\"ListItem\",\"position\":3,\"name\":\"Stat\u012bvs RC 1260\"}]},{\"@type\":\"WebSite\",\"@id\":\"https:\\\/\\\/wmtbaltic.lv\\\/#website\",\"url\":\"https:\\\/\\\/wmtbaltic.lv\\\/\",\"name\":\"WMT Baltic\",\"description\":\"Rekl\u0101mas produkti, pl\u0113ves\",\"publisher\":{\"@id\":\"https:\\\/\\\/wmtbaltic.lv\\\/#organization\"},\"potentialAction\":[{\"@type\":\"SearchAction\",\"target\":{\"@type\":\"EntryPoint\",\"urlTemplate\":\"https:\\\/\\\/wmtbaltic.lv\\\/?s={search_term_string}\"},\"query-input\":{\"@type\":\"PropertyValueSpecification\",\"valueRequired\":true,\"valueName\":\"search_term_string\"}}],\"inLanguage\":\"en-US\"},{\"@type\":\"Organization\",\"@id\":\"https:\\\/\\\/wmtbaltic.lv\\\/#organization\",\"name\":\"WMT Baltic\",\"url\":\"https:\\\/\\\/wmtbaltic.lv\\\/\",\"logo\":{\"@type\":\"ImageObject\",\"inLanguage\":\"en-US\",\"@id\":\"https:\\\/\\\/wmtbaltic.lv\\\/#\\\/schema\\\/logo\\\/image\\\/\",\"url\":\"https:\\\/\\\/wmtbaltic.lv\\\/wp-content\\\/uploads\\\/2024\\\/12\\\/wmt-baltic-sia_107142_9_420x180.jpg\",\"contentUrl\":\"https:\\\/\\\/wmtbaltic.lv\\\/wp-content\\\/uploads\\\/2024\\\/12\\\/wmt-baltic-sia_107142_9_420x180.jpg\",\"width\":420,\"height\":180,\"caption\":\"WMT Baltic\"},\"image\":{\"@id\":\"https:\\\/\\\/wmtbaltic.lv\\\/#\\\/schema\\\/logo\\\/image\\\/\"},\"sameAs\":[\"https:\\\/\\\/www.facebook.com\\\/WMT.Baltic.viscom\\\/?locale=lv_LV\",\"https:\\\/\\\/www.instagram.com\\\/viscom_wmt\\\/\"]}]}<\/script>\n<!-- \/ Yoast SEO plugin. -->","yoast_head_json":{"title":"Stat\u012bvs RC 1260 - WMT Baltic","description":"RC SYSTEMS stat\u012bvs trimmerim RC 1260 . Darba platums\u00a0 1260 mm . Grie\u0161ana, loc\u012b\u0161ana, rievo\u0161ana . WMT Baltic veikals.","robots":{"index":"index","follow":"follow","max-snippet":"max-snippet:-1","max-image-preview":"max-image-preview:large","max-video-preview":"max-video-preview:-1"},"canonical":"https:\/\/wmtbaltic.lv\/Produkts\/stativs-rc-1260\/","og_locale":"en_US","og_type":"article","og_title":"Stat\u012bvs RC 1260 - WMT Baltic","og_description":"RC SYSTEMS stat\u012bvs trimmerim RC 1260 . Darba platums\u00a0 1260 mm . Grie\u0161ana, loc\u012b\u0161ana, rievo\u0161ana . WMT Baltic veikals.","og_url":"https:\/\/wmtbaltic.lv\/Produkts\/stativs-rc-1260\/","og_site_name":"WMT Baltic","article_publisher":"https:\/\/www.facebook.com\/WMT.Baltic.viscom\/?locale=lv_LV","article_modified_time":"2023-11-14T07:52:52+00:00","og_image":[{"width":500,"height":431,"url":"http:\/\/wmtbaltic.lv\/wp-content\/uploads\/2021\/04\/stativs-1260.jpg","type":"image\/jpeg"}],"twitter_card":"summary_large_image","twitter_misc":{"Est. reading time":"1 minute"},"schema":{"@context":"https:\/\/schema.org","@graph":[{"@type":"WebPage","@id":"https:\/\/wmtbaltic.lv\/Produkts\/stativs-rc-1260\/","url":"https:\/\/wmtbaltic.lv\/Produkts\/stativs-rc-1260\/","name":"Stat\u012bvs RC 1260 - WMT Baltic","isPartOf":{"@id":"https:\/\/wmtbaltic.lv\/#website"},"primaryImageOfPage":{"@id":"https:\/\/wmtbaltic.lv\/Produkts\/stativs-rc-1260\/#primaryimage"},"image":{"@id":"https:\/\/wmtbaltic.lv\/Produkts\/stativs-rc-1260\/#primaryimage"},"thumbnailUrl":"https:\/\/wmtbaltic.lv\/wp-content\/uploads\/2021\/04\/stativs-1260.jpg","datePublished":"2021-04-22T13:43:01+00:00","dateModified":"2023-11-14T07:52:52+00:00","description":"RC SYSTEMS stat\u012bvs trimmerim RC 1260 . Darba platums\u00a0 1260 mm . Grie\u0161ana, loc\u012b\u0161ana, rievo\u0161ana . WMT Baltic veikals.","breadcrumb":{"@id":"https:\/\/wmtbaltic.lv\/Produkts\/stativs-rc-1260\/#breadcrumb"},"inLanguage":"en-US","potentialAction":[{"@type":"ReadAction","target":["https:\/\/wmtbaltic.lv\/Produkts\/stativs-rc-1260\/"]}]},{"@type":"ImageObject","inLanguage":"en-US","@id":"https:\/\/wmtbaltic.lv\/Produkts\/stativs-rc-1260\/#primaryimage","url":"https:\/\/wmtbaltic.lv\/wp-content\/uploads\/2021\/04\/stativs-1260.jpg","contentUrl":"https:\/\/wmtbaltic.lv\/wp-content\/uploads\/2021\/04\/stativs-1260.jpg","width":500,"height":431},{"@type":"BreadcrumbList","@id":"https:\/\/wmtbaltic.lv\/Produkts\/stativs-rc-1260\/#breadcrumb","itemListElement":[{"@type":"ListItem","position":1,"name":"Home","item":"https:\/\/wmtbaltic.lv\/en\/"},{"@type":"ListItem","position":2,"name":"Products","item":"https:\/\/wmtbaltic.lv\/en\/shop\/"},{"@type":"ListItem","position":3,"name":"Stat\u012bvs RC 1260"}]},{"@type":"WebSite","@id":"https:\/\/wmtbaltic.lv\/#website","url":"https:\/\/wmtbaltic.lv\/","name":"WMT Baltic","description":"Rekl\u0101mas produkti, pl\u0113ves","publisher":{"@id":"https:\/\/wmtbaltic.lv\/#organization"},"potentialAction":[{"@type":"SearchAction","target":{"@type":"EntryPoint","urlTemplate":"https:\/\/wmtbaltic.lv\/?s={search_term_string}"},"query-input":{"@type":"PropertyValueSpecification","valueRequired":true,"valueName":"search_term_string"}}],"inLanguage":"en-US"},{"@type":"Organization","@id":"https:\/\/wmtbaltic.lv\/#organization","name":"WMT Baltic","url":"https:\/\/wmtbaltic.lv\/","logo":{"@type":"ImageObject","inLanguage":"en-US","@id":"https:\/\/wmtbaltic.lv\/#\/schema\/logo\/image\/","url":"https:\/\/wmtbaltic.lv\/wp-content\/uploads\/2024\/12\/wmt-baltic-sia_107142_9_420x180.jpg","contentUrl":"https:\/\/wmtbaltic.lv\/wp-content\/uploads\/2024\/12\/wmt-baltic-sia_107142_9_420x180.jpg","width":420,"height":180,"caption":"WMT Baltic"},"image":{"@id":"https:\/\/wmtbaltic.lv\/#\/schema\/logo\/image\/"},"sameAs":["https:\/\/www.facebook.com\/WMT.Baltic.viscom\/?locale=lv_LV","https:\/\/www.instagram.com\/viscom_wmt\/"]}]}},"_links":{"self":[{"href":"https:\/\/wmtbaltic.lv\/en\/wp-json\/wp\/v2\/product\/7178","targetHints":{"allow":["GET"]}}],"collection":[{"href":"https:\/\/wmtbaltic.lv\/en\/wp-json\/wp\/v2\/product"}],"about":[{"href":"https:\/\/wmtbaltic.lv\/en\/wp-json\/wp\/v2\/types\/product"}],"replies":[{"embeddable":true,"href":"https:\/\/wmtbaltic.lv\/en\/wp-json\/wp\/v2\/comments?post=7178"}],"wp:featuredmedia":[{"embeddable":true,"href":"https:\/\/wmtbaltic.lv\/en\/wp-json\/wp\/v2\/media\/7194"}],"wp:attachment":[{"href":"https:\/\/wmtbaltic.lv\/en\/wp-json\/wp\/v2\/media?parent=7178"}],"wp:term":[{"taxonomy":"product_brand","embeddable":true,"href":"https:\/\/wmtbaltic.lv\/en\/wp-json\/wp\/v2\/product_brand?post=7178"},{"taxonomy":"product_cat","embeddable":true,"href":"https:\/\/wmtbaltic.lv\/en\/wp-json\/wp\/v2\/product_cat?post=7178"},{"taxonomy":"product_tag","embeddable":true,"href":"https:\/\/wmtbaltic.lv\/en\/wp-json\/wp\/v2\/product_tag?post=7178"}],"curies":[{"name":"wp","href":"https:\/\/api.w.org\/{rel}","templated":true}]}}