{"id":7170,"date":"2021-04-22T13:35:02","date_gmt":"2021-04-22T13:35:02","guid":{"rendered":"https:\/\/wmtbaltic.lv\/?post_type=product&#038;p=7170"},"modified":"2023-11-14T08:52:54","modified_gmt":"2023-11-14T08:52:54","slug":"trimmeris-rc-460","status":"publish","type":"product","link":"https:\/\/wmtbaltic.lv\/en\/product\/trimmeris-rc-460\/","title":{"rendered":"Trimmeris RC 460"},"content":{"rendered":"<p><strong><span style=\"font-family: Tahoma, sans-serif;\"><span style=\"font-size: small;\">Trimmeris RC 460<\/span><\/span><\/strong><\/p>\n<p>Manu\u0101la pap\u012bra giljot\u012bna no RC Systems \u201c<strong>Trimmeris <span style=\"font-family: Tahoma, sans-serif;\"><span style=\"font-size: small;\">RC 460<\/span><\/span><\/strong>\u201d hobijam, skolai, m\u0101jai, foto un birojam &#8211; form\u0101ts A3.<br \/>\nTrimmeris ir t\u0113rauda pamatne ar s\u0101nu mal\u0101m, kas izgatavotas no plastmasas. Pel\u0113ka kr\u0101sa RAL 7036. Kr\u0101sota ar pulverkr\u0101su pret skr\u0101p\u0113jumiem. Caursp\u012bd\u012bga un autom\u0101tiska pap\u012bra prese.<\/p>\n<p><b>TEHNISK\u0100 INFORM\u0100CIJA Trimmer <\/b><b>Rolling-Cut RC 460<\/b><\/p>\n<p><strong>Grie\u0161anas garums<\/strong>: 460 mm<\/p>\n<p><strong>Grie\u0161anas jauda:<\/strong> 8 loksnes (80 gr.\/m2) vai 12 loksnes (70 gr.\/m2)<\/p>\n<p><strong>Grie\u0161anas biezums:<\/strong> 1 mm<\/p>\n<p><strong>Pap\u012bra preses sist\u0113ma:<\/strong> Caursp\u012bd\u012bga un autom\u0101tiska pap\u012bra prese<\/p>\n<p><em><strong>Sietspiede UNI form\u0101ts:<\/strong><\/em><\/p>\n<ul>\n<li><strong>Ainava un portrets:<\/strong> <span lang=\"en-US\">A0, A1, A2, A3, A4, <\/span>A5, A6<span lang=\"ru-RU\">,<\/span><span lang=\"lv-LV\"> B3, B4, B5<\/span><span lang=\"lv-LV\"> \u2013<\/span> Pap\u012brs<span lang=\"ru-RU\">, <\/span><span lang=\"lv-LV\">\u017e<\/span><span lang=\"ru-RU\">urn\u0101ls<\/span><\/li>\n<li><strong><span lang=\"lv-LV\">A<\/span><span lang=\"ru-RU\">inava<\/span> <span lang=\"lv-LV\">A2<\/span> <span lang=\"ru-RU\">un portrets<\/span><span lang=\"ru-RU\">: <\/span><\/strong><span lang=\"lv-LV\">20&#215;30, 20&#215;25, 18&#215;24, 13&#215;18<\/span><\/li>\n<li><strong>Griezuma l\u012bnija:<\/strong> 60\u00b0 &#8211; 45\u00b0 &#8211; 30\u00b0<\/li>\n<\/ul>\n<p><strong>M\u0113rskala<\/strong>: milimetri un collas<\/p>\n<p><strong>Grie\u0161anas zona:<\/strong> L 460\u00a0x\u00a0W 170<\/p>\n<p><strong>Giljot\u012bnas kop\u0113jais izm\u0113rs:<\/strong> L 645 x W 200 x H 70<\/p>\n<p><strong>Neto svars:<\/strong> <span lang=\"lv-LV\">2<\/span><span lang=\"lv-LV\">,<\/span><span lang=\"lv-LV\">17<\/span><span lang=\"lv-LV\">0<\/span> kg<\/p>\n","protected":false},"excerpt":{"rendered":"Trimmeris RC 460 Manu\u0101la pap\u012bra giljot\u012bna no RC Systems \u201cTrimmeris RC 460\u201d hobijam, skolai, m\u0101jai, foto un birojam - form\u0101ts A3. Trimmeris ir t\u0113rauda pamatne ar s\u0101nu mal\u0101m, kas izgatavotas no plastmasas. Pel\u0113ka kr\u0101sa RAL 7036. Kr\u0101sota ar pulverkr\u0101su pret skr\u0101p\u0113jumiem. Caursp\u012bd\u012bga un autom\u0101tiska pap\u012bra prese. TEHNISK\u0100 INFORM\u0100CIJA Trimmer Rolling-Cut RC 460 Grie\u0161anas garums: 460 [...]","protected":false},"featured_media":7456,"comment_status":"closed","ping_status":"closed","template":"","meta":[],"product_brand":[],"product_cat":[71,258,259],"product_tag":[502,723,722],"class_list":{"0":"post-7170","1":"product","2":"type-product","3":"status-publish","4":"has-post-thumbnail","6":"product_cat-griesana-locisana-rievosana","7":"product_cat-iekartas-un-izejmateriali","8":"product_cat-rc-systems","9":"product_tag-griesana","10":"product_tag-rc-systems","11":"product_tag-trimmeris","13":"first","14":"instock","15":"shipping-taxable","16":"purchasable","17":"product-type-simple"},"yoast_head":"<!-- This site is optimized with the Yoast SEO plugin v27.4 - https:\/\/yoast.com\/product\/yoast-seo-wordpress\/ -->\n<title>Trimmeris RC 460 - WMT Baltic<\/title>\n<meta name=\"description\" content=\"Trimmeris RC 460. Darba platums\u00a0 460 mm (A3 ). Materi\u0101la daudzums\u00a0 11 lapas (70gr\/m2) vai\u00a010 lapas (80gr\/m2). Materi\u0101la biezums\u00a0 1 mm.\" \/>\n<meta name=\"robots\" content=\"index, follow, max-snippet:-1, max-image-preview:large, max-video-preview:-1\" \/>\n<link rel=\"canonical\" href=\"https:\/\/wmtbaltic.lv\/Produkts\/trimmeris-rc-460\/\" \/>\n<meta property=\"og:locale\" content=\"en_US\" \/>\n<meta property=\"og:type\" content=\"article\" \/>\n<meta property=\"og:title\" content=\"Trimmeris RC 460 - WMT Baltic\" \/>\n<meta property=\"og:description\" content=\"Trimmeris RC 460. Darba platums\u00a0 460 mm (A3 ). Materi\u0101la daudzums\u00a0 11 lapas (70gr\/m2) vai\u00a010 lapas (80gr\/m2). Materi\u0101la biezums\u00a0 1 mm.\" \/>\n<meta property=\"og:url\" content=\"https:\/\/wmtbaltic.lv\/Produkts\/trimmeris-rc-460\/\" \/>\n<meta property=\"og:site_name\" content=\"WMT Baltic\" \/>\n<meta property=\"article:publisher\" content=\"https:\/\/www.facebook.com\/WMT.Baltic.viscom\/?locale=lv_LV\" \/>\n<meta property=\"article:modified_time\" content=\"2023-11-14T08:52:54+00:00\" \/>\n<meta property=\"og:image\" content=\"http:\/\/wmtbaltic.lv\/wp-content\/uploads\/2021\/04\/RC-460-1-1.jpg\" \/>\n\t<meta property=\"og:image:width\" content=\"762\" \/>\n\t<meta property=\"og:image:height\" content=\"555\" \/>\n\t<meta property=\"og:image:type\" content=\"image\/jpeg\" \/>\n<meta name=\"twitter:card\" content=\"summary_large_image\" \/>\n<meta name=\"twitter:label1\" content=\"Est. reading time\" \/>\n\t<meta name=\"twitter:data1\" content=\"1 minute\" \/>\n<script type=\"application\/ld+json\" class=\"yoast-schema-graph\">{\"@context\":\"https:\\\/\\\/schema.org\",\"@graph\":[{\"@type\":\"WebPage\",\"@id\":\"https:\\\/\\\/wmtbaltic.lv\\\/Produkts\\\/trimmeris-rc-460\\\/\",\"url\":\"https:\\\/\\\/wmtbaltic.lv\\\/Produkts\\\/trimmeris-rc-460\\\/\",\"name\":\"Trimmeris RC 460 - WMT Baltic\",\"isPartOf\":{\"@id\":\"https:\\\/\\\/wmtbaltic.lv\\\/#website\"},\"primaryImageOfPage\":{\"@id\":\"https:\\\/\\\/wmtbaltic.lv\\\/Produkts\\\/trimmeris-rc-460\\\/#primaryimage\"},\"image\":{\"@id\":\"https:\\\/\\\/wmtbaltic.lv\\\/Produkts\\\/trimmeris-rc-460\\\/#primaryimage\"},\"thumbnailUrl\":\"https:\\\/\\\/wmtbaltic.lv\\\/wp-content\\\/uploads\\\/2021\\\/04\\\/RC-460-1-1.jpg\",\"datePublished\":\"2021-04-22T13:35:02+00:00\",\"dateModified\":\"2023-11-14T08:52:54+00:00\",\"description\":\"Trimmeris RC 460. Darba platums\u00a0 460 mm (A3 ). Materi\u0101la daudzums\u00a0 11 lapas (70gr\\\/m2) vai\u00a010 lapas (80gr\\\/m2). Materi\u0101la biezums\u00a0 1 mm.\",\"breadcrumb\":{\"@id\":\"https:\\\/\\\/wmtbaltic.lv\\\/Produkts\\\/trimmeris-rc-460\\\/#breadcrumb\"},\"inLanguage\":\"en-US\",\"potentialAction\":[{\"@type\":\"ReadAction\",\"target\":[\"https:\\\/\\\/wmtbaltic.lv\\\/Produkts\\\/trimmeris-rc-460\\\/\"]}]},{\"@type\":\"ImageObject\",\"inLanguage\":\"en-US\",\"@id\":\"https:\\\/\\\/wmtbaltic.lv\\\/Produkts\\\/trimmeris-rc-460\\\/#primaryimage\",\"url\":\"https:\\\/\\\/wmtbaltic.lv\\\/wp-content\\\/uploads\\\/2021\\\/04\\\/RC-460-1-1.jpg\",\"contentUrl\":\"https:\\\/\\\/wmtbaltic.lv\\\/wp-content\\\/uploads\\\/2021\\\/04\\\/RC-460-1-1.jpg\",\"width\":762,\"height\":555},{\"@type\":\"BreadcrumbList\",\"@id\":\"https:\\\/\\\/wmtbaltic.lv\\\/Produkts\\\/trimmeris-rc-460\\\/#breadcrumb\",\"itemListElement\":[{\"@type\":\"ListItem\",\"position\":1,\"name\":\"Home\",\"item\":\"https:\\\/\\\/wmtbaltic.lv\\\/en\\\/\"},{\"@type\":\"ListItem\",\"position\":2,\"name\":\"Products\",\"item\":\"https:\\\/\\\/wmtbaltic.lv\\\/en\\\/shop\\\/\"},{\"@type\":\"ListItem\",\"position\":3,\"name\":\"Trimmeris RC 460\"}]},{\"@type\":\"WebSite\",\"@id\":\"https:\\\/\\\/wmtbaltic.lv\\\/#website\",\"url\":\"https:\\\/\\\/wmtbaltic.lv\\\/\",\"name\":\"WMT Baltic\",\"description\":\"Rekl\u0101mas produkti, pl\u0113ves\",\"publisher\":{\"@id\":\"https:\\\/\\\/wmtbaltic.lv\\\/#organization\"},\"potentialAction\":[{\"@type\":\"SearchAction\",\"target\":{\"@type\":\"EntryPoint\",\"urlTemplate\":\"https:\\\/\\\/wmtbaltic.lv\\\/?s={search_term_string}\"},\"query-input\":{\"@type\":\"PropertyValueSpecification\",\"valueRequired\":true,\"valueName\":\"search_term_string\"}}],\"inLanguage\":\"en-US\"},{\"@type\":\"Organization\",\"@id\":\"https:\\\/\\\/wmtbaltic.lv\\\/#organization\",\"name\":\"WMT Baltic\",\"url\":\"https:\\\/\\\/wmtbaltic.lv\\\/\",\"logo\":{\"@type\":\"ImageObject\",\"inLanguage\":\"en-US\",\"@id\":\"https:\\\/\\\/wmtbaltic.lv\\\/#\\\/schema\\\/logo\\\/image\\\/\",\"url\":\"https:\\\/\\\/wmtbaltic.lv\\\/wp-content\\\/uploads\\\/2024\\\/12\\\/wmt-baltic-sia_107142_9_420x180.jpg\",\"contentUrl\":\"https:\\\/\\\/wmtbaltic.lv\\\/wp-content\\\/uploads\\\/2024\\\/12\\\/wmt-baltic-sia_107142_9_420x180.jpg\",\"width\":420,\"height\":180,\"caption\":\"WMT Baltic\"},\"image\":{\"@id\":\"https:\\\/\\\/wmtbaltic.lv\\\/#\\\/schema\\\/logo\\\/image\\\/\"},\"sameAs\":[\"https:\\\/\\\/www.facebook.com\\\/WMT.Baltic.viscom\\\/?locale=lv_LV\",\"https:\\\/\\\/www.instagram.com\\\/viscom_wmt\\\/\"]}]}<\/script>\n<!-- \/ Yoast SEO plugin. -->","yoast_head_json":{"title":"Trimmeris RC 460 - WMT Baltic","description":"Trimmeris RC 460. Darba platums\u00a0 460 mm (A3 ). Materi\u0101la daudzums\u00a0 11 lapas (70gr\/m2) vai\u00a010 lapas (80gr\/m2). Materi\u0101la biezums\u00a0 1 mm.","robots":{"index":"index","follow":"follow","max-snippet":"max-snippet:-1","max-image-preview":"max-image-preview:large","max-video-preview":"max-video-preview:-1"},"canonical":"https:\/\/wmtbaltic.lv\/Produkts\/trimmeris-rc-460\/","og_locale":"en_US","og_type":"article","og_title":"Trimmeris RC 460 - WMT Baltic","og_description":"Trimmeris RC 460. Darba platums\u00a0 460 mm (A3 ). Materi\u0101la daudzums\u00a0 11 lapas (70gr\/m2) vai\u00a010 lapas (80gr\/m2). Materi\u0101la biezums\u00a0 1 mm.","og_url":"https:\/\/wmtbaltic.lv\/Produkts\/trimmeris-rc-460\/","og_site_name":"WMT Baltic","article_publisher":"https:\/\/www.facebook.com\/WMT.Baltic.viscom\/?locale=lv_LV","article_modified_time":"2023-11-14T08:52:54+00:00","og_image":[{"width":762,"height":555,"url":"http:\/\/wmtbaltic.lv\/wp-content\/uploads\/2021\/04\/RC-460-1-1.jpg","type":"image\/jpeg"}],"twitter_card":"summary_large_image","twitter_misc":{"Est. reading time":"1 minute"},"schema":{"@context":"https:\/\/schema.org","@graph":[{"@type":"WebPage","@id":"https:\/\/wmtbaltic.lv\/Produkts\/trimmeris-rc-460\/","url":"https:\/\/wmtbaltic.lv\/Produkts\/trimmeris-rc-460\/","name":"Trimmeris RC 460 - WMT Baltic","isPartOf":{"@id":"https:\/\/wmtbaltic.lv\/#website"},"primaryImageOfPage":{"@id":"https:\/\/wmtbaltic.lv\/Produkts\/trimmeris-rc-460\/#primaryimage"},"image":{"@id":"https:\/\/wmtbaltic.lv\/Produkts\/trimmeris-rc-460\/#primaryimage"},"thumbnailUrl":"https:\/\/wmtbaltic.lv\/wp-content\/uploads\/2021\/04\/RC-460-1-1.jpg","datePublished":"2021-04-22T13:35:02+00:00","dateModified":"2023-11-14T08:52:54+00:00","description":"Trimmeris RC 460. Darba platums\u00a0 460 mm (A3 ). Materi\u0101la daudzums\u00a0 11 lapas (70gr\/m2) vai\u00a010 lapas (80gr\/m2). Materi\u0101la biezums\u00a0 1 mm.","breadcrumb":{"@id":"https:\/\/wmtbaltic.lv\/Produkts\/trimmeris-rc-460\/#breadcrumb"},"inLanguage":"en-US","potentialAction":[{"@type":"ReadAction","target":["https:\/\/wmtbaltic.lv\/Produkts\/trimmeris-rc-460\/"]}]},{"@type":"ImageObject","inLanguage":"en-US","@id":"https:\/\/wmtbaltic.lv\/Produkts\/trimmeris-rc-460\/#primaryimage","url":"https:\/\/wmtbaltic.lv\/wp-content\/uploads\/2021\/04\/RC-460-1-1.jpg","contentUrl":"https:\/\/wmtbaltic.lv\/wp-content\/uploads\/2021\/04\/RC-460-1-1.jpg","width":762,"height":555},{"@type":"BreadcrumbList","@id":"https:\/\/wmtbaltic.lv\/Produkts\/trimmeris-rc-460\/#breadcrumb","itemListElement":[{"@type":"ListItem","position":1,"name":"Home","item":"https:\/\/wmtbaltic.lv\/en\/"},{"@type":"ListItem","position":2,"name":"Products","item":"https:\/\/wmtbaltic.lv\/en\/shop\/"},{"@type":"ListItem","position":3,"name":"Trimmeris RC 460"}]},{"@type":"WebSite","@id":"https:\/\/wmtbaltic.lv\/#website","url":"https:\/\/wmtbaltic.lv\/","name":"WMT Baltic","description":"Rekl\u0101mas produkti, pl\u0113ves","publisher":{"@id":"https:\/\/wmtbaltic.lv\/#organization"},"potentialAction":[{"@type":"SearchAction","target":{"@type":"EntryPoint","urlTemplate":"https:\/\/wmtbaltic.lv\/?s={search_term_string}"},"query-input":{"@type":"PropertyValueSpecification","valueRequired":true,"valueName":"search_term_string"}}],"inLanguage":"en-US"},{"@type":"Organization","@id":"https:\/\/wmtbaltic.lv\/#organization","name":"WMT Baltic","url":"https:\/\/wmtbaltic.lv\/","logo":{"@type":"ImageObject","inLanguage":"en-US","@id":"https:\/\/wmtbaltic.lv\/#\/schema\/logo\/image\/","url":"https:\/\/wmtbaltic.lv\/wp-content\/uploads\/2024\/12\/wmt-baltic-sia_107142_9_420x180.jpg","contentUrl":"https:\/\/wmtbaltic.lv\/wp-content\/uploads\/2024\/12\/wmt-baltic-sia_107142_9_420x180.jpg","width":420,"height":180,"caption":"WMT Baltic"},"image":{"@id":"https:\/\/wmtbaltic.lv\/#\/schema\/logo\/image\/"},"sameAs":["https:\/\/www.facebook.com\/WMT.Baltic.viscom\/?locale=lv_LV","https:\/\/www.instagram.com\/viscom_wmt\/"]}]}},"_links":{"self":[{"href":"https:\/\/wmtbaltic.lv\/en\/wp-json\/wp\/v2\/product\/7170","targetHints":{"allow":["GET"]}}],"collection":[{"href":"https:\/\/wmtbaltic.lv\/en\/wp-json\/wp\/v2\/product"}],"about":[{"href":"https:\/\/wmtbaltic.lv\/en\/wp-json\/wp\/v2\/types\/product"}],"replies":[{"embeddable":true,"href":"https:\/\/wmtbaltic.lv\/en\/wp-json\/wp\/v2\/comments?post=7170"}],"wp:featuredmedia":[{"embeddable":true,"href":"https:\/\/wmtbaltic.lv\/en\/wp-json\/wp\/v2\/media\/7456"}],"wp:attachment":[{"href":"https:\/\/wmtbaltic.lv\/en\/wp-json\/wp\/v2\/media?parent=7170"}],"wp:term":[{"taxonomy":"product_brand","embeddable":true,"href":"https:\/\/wmtbaltic.lv\/en\/wp-json\/wp\/v2\/product_brand?post=7170"},{"taxonomy":"product_cat","embeddable":true,"href":"https:\/\/wmtbaltic.lv\/en\/wp-json\/wp\/v2\/product_cat?post=7170"},{"taxonomy":"product_tag","embeddable":true,"href":"https:\/\/wmtbaltic.lv\/en\/wp-json\/wp\/v2\/product_tag?post=7170"}],"curies":[{"name":"wp","href":"https:\/\/api.w.org\/{rel}","templated":true}]}}