{"id":7157,"date":"2021-04-22T12:19:18","date_gmt":"2021-04-22T12:19:18","guid":{"rendered":"https:\/\/wmtbaltic.lv\/?post_type=product&#038;p=7157"},"modified":"2026-03-26T13:51:18","modified_gmt":"2026-03-26T13:51:18","slug":"kartinu-griezejs-cs-325","status":"publish","type":"product","link":"https:\/\/wmtbaltic.lv\/en\/product\/kartinu-griezejs-cs-325\/","title":{"rendered":"CYKLOS Karti\u0146u griez\u0113js CS 325"},"content":{"rendered":"<p><strong><span style=\"font-family: Tahoma, sans-serif;\"><span style=\"font-size: small;\">Karti\u0146u griez\u0113js CS 325<\/span><\/span><\/strong><b><\/b><\/p>\n<p>\u0160is viz\u012btkar\u0161u griez\u0113js ir \u013coti iztur\u012bga un vienk\u0101r\u0161a ier\u012bce ar divk\u0101r\u0161u padeves sist\u0113mu un viegli main\u0101miem griez\u0113jinstrumentiem, kas nodro\u0161ina darba apjoma daudzpus\u012bgumu. Gan garenvirziena, gan platuma griezumus var veikt, nemainot instrumentus vai noregul\u0113jot att\u0101lumus starp na\u017eiem. Ja nepiecie\u0161ams, kase\u0161u sist\u0113ma \u013cauj nomain\u012bt asme\u0146us da\u017eu sekun\u017eu laik\u0101.<\/p>\n<p>-Kase\u0161u sist\u0113ma \u0101trai un vienk\u0101r\u0161ai grie\u0161anas instrumentu nomai\u0146ai<br \/>\n-Tr\u012bs veidu griez\u0113jinstrumenti un iesp\u0113ja izgriezt netipiskus izm\u0113rus<br \/>\n-Iepriek\u0161 iestat\u012btas navig\u0101cijas joslas A4 form\u0101ta pap\u012bram<br \/>\n-S\u0101nu rull\u012b\u0161i navig\u0101cijas joslu prec\u012bzai regul\u0113\u0161anai<br \/>\n-Sensors autom\u0101tiskai grie\u0161anas darb\u012bbas uzs\u0101k\u0161anai<br \/>\n-Sl\u012bpuma regul\u0113\u0161ana atgriezumu pl\u0101ksnei<br \/>\n-Vienk\u0101r\u0161a manu\u0101la vad\u012bba<\/p>\n<p>&nbsp;<\/p>\n<table style=\"font-weight: 400; height: 252px;\" width=\"627\">\n<tbody>\n<tr>\n<td>Main\u0101mie grie\u0161anas instrumenti<\/p>\n<p>&nbsp;<\/p>\n<p>&nbsp;<\/p>\n<p>Lok\u0161\u0146u svars<\/p>\n<p>Izm\u0113rs<\/p>\n<p>Svars<\/p>\n<p>Spriegums\/ Frekvence<\/td>\n<td>&nbsp;<\/p>\n<p>A- 90 x 50 mm 10 karti\u0146as\/ A4<\/p>\n<p>C- 90 x 50 mm, 4 mm nazis 10 karti\u0146as\/A4<\/p>\n<p>D- netipiski izm\u0113ri, konsult\u0113jieties ar mums<\/p>\n<p>80-400g\/m2<\/p>\n<p>620 x 490 x 300 mm<\/p>\n<p>14 Kg<\/p>\n<p>220 V\/ 50 Hz<\/p>\n<p>&nbsp;<\/td>\n<\/tr>\n<\/tbody>\n<\/table>\n<p>&nbsp;<\/p>\n<p style=\"font-weight: 400;\"><strong><a href=\"http:\/\/wmtbaltic.lv\/wp-content\/uploads\/2021\/04\/leaflet_cs_325_smart.pdf\">TEHNISKAIS APRAKSTS<\/a><\/strong><\/p>\n<p>&nbsp;<\/p>\n<p><iframe loading=\"lazy\"  id=\"_ytid_95149\"  width=\"780\" height=\"439\"  data-origwidth=\"780\" data-origheight=\"439\" src=\"https:\/\/www.youtube.com\/embed\/7lCGp2nMKQc?enablejsapi=1&#038;autoplay=0&#038;cc_load_policy=0&#038;cc_lang_pref=&#038;iv_load_policy=1&#038;loop=0&#038;rel=1&#038;fs=1&#038;playsinline=0&#038;autohide=2&#038;theme=dark&#038;color=red&#038;controls=1&#038;disablekb=0&#038;\" class=\"__youtube_prefs__  epyt-is-override  no-lazyload\" title=\"YouTube player\"  allow=\"fullscreen; accelerometer; autoplay; clipboard-write; encrypted-media; gyroscope; picture-in-picture; web-share\" referrerpolicy=\"strict-origin-when-cross-origin\" allowfullscreen data-no-lazy=\"1\" data-skipgform_ajax_framebjll=\"\"><\/iframe><\/p>\n<p>&nbsp;<\/p>\n<p>S\u012bk\u0101ka inform\u0101cija:\u00a0e-mail: info@<a href=\"mailto:info@signmaker.lv\">signmaker.lv<\/a><\/p>\n<p>&nbsp;<\/p>\n","protected":false},"excerpt":{"rendered":"Karti\u0146u griez\u0113js CS 325 \u0160is viz\u012btkar\u0161u griez\u0113js ir \u013coti iztur\u012bga un vienk\u0101r\u0161a ier\u012bce ar divk\u0101r\u0161u padeves sist\u0113mu un viegli main\u0101miem griez\u0113jinstrumentiem, kas nodro\u0161ina darba apjoma daudzpus\u012bgumu. Gan garenvirziena, gan platuma griezumus var veikt, nemainot instrumentus vai noregul\u0113jot att\u0101lumus starp na\u017eiem. Ja nepiecie\u0161ams, kase\u0161u sist\u0113ma \u013cauj nomain\u012bt asme\u0146us da\u017eu sekun\u017eu laik\u0101. -Kase\u0161u sist\u0113ma \u0101trai un vienk\u0101r\u0161ai [...]","protected":false},"featured_media":7158,"comment_status":"closed","ping_status":"closed","template":"","meta":[],"product_brand":[],"product_cat":[426,71,258],"product_tag":[719,502,1022],"class_list":{"0":"post-7157","1":"product","2":"type-product","3":"status-publish","4":"has-post-thumbnail","6":"product_cat-cyklos","7":"product_cat-griesana-locisana-rievosana","8":"product_cat-iekartas-un-izejmateriali","9":"product_tag-cyklos","10":"product_tag-griesana","11":"product_tag-vizitkarsu-iekarta","13":"first","14":"instock","15":"shipping-taxable","16":"purchasable","17":"product-type-simple"},"yoast_head":"<!-- This site is optimized with the Yoast SEO plugin v27.4 - https:\/\/yoast.com\/product\/yoast-seo-wordpress\/ -->\n<title>CYKLOS Karti\u0146u griez\u0113js CS 325 - WMT Baltic<\/title>\n<meta name=\"description\" content=\"Karti\u0146u griez\u0113js CS 325. Max.\u00a0biezums\u00a0l\u012bdz\u00a0 2 mm. Form\u0101ts\u00a0 85-95x50-55\/A4. Materi\u0101la svars\u00a0 80-400g\/m2. Darbagalda izm\u0113rs\u00a0 410x560x380 mm.\" \/>\n<meta name=\"robots\" content=\"index, follow, max-snippet:-1, max-image-preview:large, max-video-preview:-1\" \/>\n<link rel=\"canonical\" href=\"https:\/\/wmtbaltic.lv\/product\/kartinu-griezejs-cs-325\/\" \/>\n<meta property=\"og:locale\" content=\"en_US\" \/>\n<meta property=\"og:type\" content=\"article\" \/>\n<meta property=\"og:title\" content=\"CYKLOS Karti\u0146u griez\u0113js CS 325 - WMT Baltic\" \/>\n<meta property=\"og:description\" content=\"Karti\u0146u griez\u0113js CS 325. Max.\u00a0biezums\u00a0l\u012bdz\u00a0 2 mm. Form\u0101ts\u00a0 85-95x50-55\/A4. Materi\u0101la svars\u00a0 80-400g\/m2. Darbagalda izm\u0113rs\u00a0 410x560x380 mm.\" \/>\n<meta property=\"og:url\" content=\"https:\/\/wmtbaltic.lv\/product\/kartinu-griezejs-cs-325\/\" \/>\n<meta property=\"og:site_name\" content=\"WMT Baltic\" \/>\n<meta property=\"article:publisher\" content=\"https:\/\/www.facebook.com\/WMT.Baltic.viscom\/?locale=lv_LV\" \/>\n<meta property=\"article:modified_time\" content=\"2026-03-26T13:51:18+00:00\" \/>\n<meta property=\"og:image\" content=\"http:\/\/wmtbaltic.lv\/wp-content\/uploads\/2021\/04\/CS-325pic.jpg\" \/>\n\t<meta property=\"og:image:width\" content=\"233\" \/>\n\t<meta property=\"og:image:height\" content=\"216\" \/>\n\t<meta property=\"og:image:type\" content=\"image\/jpeg\" \/>\n<meta name=\"twitter:card\" content=\"summary_large_image\" \/>\n<meta name=\"twitter:label1\" content=\"Est. reading time\" \/>\n\t<meta name=\"twitter:data1\" content=\"1 minute\" \/>\n<script type=\"application\/ld+json\" class=\"yoast-schema-graph\">{\"@context\":\"https:\\\/\\\/schema.org\",\"@graph\":[{\"@type\":\"WebPage\",\"@id\":\"https:\\\/\\\/wmtbaltic.lv\\\/product\\\/kartinu-griezejs-cs-325\\\/\",\"url\":\"https:\\\/\\\/wmtbaltic.lv\\\/product\\\/kartinu-griezejs-cs-325\\\/\",\"name\":\"CYKLOS Karti\u0146u griez\u0113js CS 325 - WMT Baltic\",\"isPartOf\":{\"@id\":\"https:\\\/\\\/wmtbaltic.lv\\\/#website\"},\"primaryImageOfPage\":{\"@id\":\"https:\\\/\\\/wmtbaltic.lv\\\/product\\\/kartinu-griezejs-cs-325\\\/#primaryimage\"},\"image\":{\"@id\":\"https:\\\/\\\/wmtbaltic.lv\\\/product\\\/kartinu-griezejs-cs-325\\\/#primaryimage\"},\"thumbnailUrl\":\"https:\\\/\\\/wmtbaltic.lv\\\/wp-content\\\/uploads\\\/2021\\\/04\\\/CS-325pic.jpg\",\"datePublished\":\"2021-04-22T12:19:18+00:00\",\"dateModified\":\"2026-03-26T13:51:18+00:00\",\"description\":\"Karti\u0146u griez\u0113js CS 325. Max.\u00a0biezums\u00a0l\u012bdz\u00a0 2 mm. Form\u0101ts\u00a0 85-95x50-55\\\/A4. Materi\u0101la svars\u00a0 80-400g\\\/m2. Darbagalda izm\u0113rs\u00a0 410x560x380 mm.\",\"breadcrumb\":{\"@id\":\"https:\\\/\\\/wmtbaltic.lv\\\/product\\\/kartinu-griezejs-cs-325\\\/#breadcrumb\"},\"inLanguage\":\"en-US\",\"potentialAction\":[{\"@type\":\"ReadAction\",\"target\":[\"https:\\\/\\\/wmtbaltic.lv\\\/product\\\/kartinu-griezejs-cs-325\\\/\"]}]},{\"@type\":\"ImageObject\",\"inLanguage\":\"en-US\",\"@id\":\"https:\\\/\\\/wmtbaltic.lv\\\/product\\\/kartinu-griezejs-cs-325\\\/#primaryimage\",\"url\":\"https:\\\/\\\/wmtbaltic.lv\\\/wp-content\\\/uploads\\\/2021\\\/04\\\/CS-325pic.jpg\",\"contentUrl\":\"https:\\\/\\\/wmtbaltic.lv\\\/wp-content\\\/uploads\\\/2021\\\/04\\\/CS-325pic.jpg\",\"width\":233,\"height\":216},{\"@type\":\"BreadcrumbList\",\"@id\":\"https:\\\/\\\/wmtbaltic.lv\\\/product\\\/kartinu-griezejs-cs-325\\\/#breadcrumb\",\"itemListElement\":[{\"@type\":\"ListItem\",\"position\":1,\"name\":\"Home\",\"item\":\"https:\\\/\\\/wmtbaltic.lv\\\/en\\\/\"},{\"@type\":\"ListItem\",\"position\":2,\"name\":\"Products\",\"item\":\"https:\\\/\\\/wmtbaltic.lv\\\/en\\\/shop\\\/\"},{\"@type\":\"ListItem\",\"position\":3,\"name\":\"CYKLOS Karti\u0146u griez\u0113js CS 325\"}]},{\"@type\":\"WebSite\",\"@id\":\"https:\\\/\\\/wmtbaltic.lv\\\/#website\",\"url\":\"https:\\\/\\\/wmtbaltic.lv\\\/\",\"name\":\"WMT Baltic\",\"description\":\"Rekl\u0101mas produkti, pl\u0113ves\",\"publisher\":{\"@id\":\"https:\\\/\\\/wmtbaltic.lv\\\/#organization\"},\"potentialAction\":[{\"@type\":\"SearchAction\",\"target\":{\"@type\":\"EntryPoint\",\"urlTemplate\":\"https:\\\/\\\/wmtbaltic.lv\\\/?s={search_term_string}\"},\"query-input\":{\"@type\":\"PropertyValueSpecification\",\"valueRequired\":true,\"valueName\":\"search_term_string\"}}],\"inLanguage\":\"en-US\"},{\"@type\":\"Organization\",\"@id\":\"https:\\\/\\\/wmtbaltic.lv\\\/#organization\",\"name\":\"WMT Baltic\",\"url\":\"https:\\\/\\\/wmtbaltic.lv\\\/\",\"logo\":{\"@type\":\"ImageObject\",\"inLanguage\":\"en-US\",\"@id\":\"https:\\\/\\\/wmtbaltic.lv\\\/#\\\/schema\\\/logo\\\/image\\\/\",\"url\":\"https:\\\/\\\/wmtbaltic.lv\\\/wp-content\\\/uploads\\\/2024\\\/12\\\/wmt-baltic-sia_107142_9_420x180.jpg\",\"contentUrl\":\"https:\\\/\\\/wmtbaltic.lv\\\/wp-content\\\/uploads\\\/2024\\\/12\\\/wmt-baltic-sia_107142_9_420x180.jpg\",\"width\":420,\"height\":180,\"caption\":\"WMT Baltic\"},\"image\":{\"@id\":\"https:\\\/\\\/wmtbaltic.lv\\\/#\\\/schema\\\/logo\\\/image\\\/\"},\"sameAs\":[\"https:\\\/\\\/www.facebook.com\\\/WMT.Baltic.viscom\\\/?locale=lv_LV\",\"https:\\\/\\\/www.instagram.com\\\/viscom_wmt\\\/\"]}]}<\/script>\n<!-- \/ Yoast SEO plugin. -->","yoast_head_json":{"title":"CYKLOS Karti\u0146u griez\u0113js CS 325 - WMT Baltic","description":"Karti\u0146u griez\u0113js CS 325. Max.\u00a0biezums\u00a0l\u012bdz\u00a0 2 mm. Form\u0101ts\u00a0 85-95x50-55\/A4. Materi\u0101la svars\u00a0 80-400g\/m2. Darbagalda izm\u0113rs\u00a0 410x560x380 mm.","robots":{"index":"index","follow":"follow","max-snippet":"max-snippet:-1","max-image-preview":"max-image-preview:large","max-video-preview":"max-video-preview:-1"},"canonical":"https:\/\/wmtbaltic.lv\/product\/kartinu-griezejs-cs-325\/","og_locale":"en_US","og_type":"article","og_title":"CYKLOS Karti\u0146u griez\u0113js CS 325 - WMT Baltic","og_description":"Karti\u0146u griez\u0113js CS 325. Max.\u00a0biezums\u00a0l\u012bdz\u00a0 2 mm. Form\u0101ts\u00a0 85-95x50-55\/A4. Materi\u0101la svars\u00a0 80-400g\/m2. Darbagalda izm\u0113rs\u00a0 410x560x380 mm.","og_url":"https:\/\/wmtbaltic.lv\/product\/kartinu-griezejs-cs-325\/","og_site_name":"WMT Baltic","article_publisher":"https:\/\/www.facebook.com\/WMT.Baltic.viscom\/?locale=lv_LV","article_modified_time":"2026-03-26T13:51:18+00:00","og_image":[{"width":233,"height":216,"url":"http:\/\/wmtbaltic.lv\/wp-content\/uploads\/2021\/04\/CS-325pic.jpg","type":"image\/jpeg"}],"twitter_card":"summary_large_image","twitter_misc":{"Est. reading time":"1 minute"},"schema":{"@context":"https:\/\/schema.org","@graph":[{"@type":"WebPage","@id":"https:\/\/wmtbaltic.lv\/product\/kartinu-griezejs-cs-325\/","url":"https:\/\/wmtbaltic.lv\/product\/kartinu-griezejs-cs-325\/","name":"CYKLOS Karti\u0146u griez\u0113js CS 325 - WMT Baltic","isPartOf":{"@id":"https:\/\/wmtbaltic.lv\/#website"},"primaryImageOfPage":{"@id":"https:\/\/wmtbaltic.lv\/product\/kartinu-griezejs-cs-325\/#primaryimage"},"image":{"@id":"https:\/\/wmtbaltic.lv\/product\/kartinu-griezejs-cs-325\/#primaryimage"},"thumbnailUrl":"https:\/\/wmtbaltic.lv\/wp-content\/uploads\/2021\/04\/CS-325pic.jpg","datePublished":"2021-04-22T12:19:18+00:00","dateModified":"2026-03-26T13:51:18+00:00","description":"Karti\u0146u griez\u0113js CS 325. Max.\u00a0biezums\u00a0l\u012bdz\u00a0 2 mm. Form\u0101ts\u00a0 85-95x50-55\/A4. Materi\u0101la svars\u00a0 80-400g\/m2. Darbagalda izm\u0113rs\u00a0 410x560x380 mm.","breadcrumb":{"@id":"https:\/\/wmtbaltic.lv\/product\/kartinu-griezejs-cs-325\/#breadcrumb"},"inLanguage":"en-US","potentialAction":[{"@type":"ReadAction","target":["https:\/\/wmtbaltic.lv\/product\/kartinu-griezejs-cs-325\/"]}]},{"@type":"ImageObject","inLanguage":"en-US","@id":"https:\/\/wmtbaltic.lv\/product\/kartinu-griezejs-cs-325\/#primaryimage","url":"https:\/\/wmtbaltic.lv\/wp-content\/uploads\/2021\/04\/CS-325pic.jpg","contentUrl":"https:\/\/wmtbaltic.lv\/wp-content\/uploads\/2021\/04\/CS-325pic.jpg","width":233,"height":216},{"@type":"BreadcrumbList","@id":"https:\/\/wmtbaltic.lv\/product\/kartinu-griezejs-cs-325\/#breadcrumb","itemListElement":[{"@type":"ListItem","position":1,"name":"Home","item":"https:\/\/wmtbaltic.lv\/en\/"},{"@type":"ListItem","position":2,"name":"Products","item":"https:\/\/wmtbaltic.lv\/en\/shop\/"},{"@type":"ListItem","position":3,"name":"CYKLOS Karti\u0146u griez\u0113js CS 325"}]},{"@type":"WebSite","@id":"https:\/\/wmtbaltic.lv\/#website","url":"https:\/\/wmtbaltic.lv\/","name":"WMT Baltic","description":"Rekl\u0101mas produkti, pl\u0113ves","publisher":{"@id":"https:\/\/wmtbaltic.lv\/#organization"},"potentialAction":[{"@type":"SearchAction","target":{"@type":"EntryPoint","urlTemplate":"https:\/\/wmtbaltic.lv\/?s={search_term_string}"},"query-input":{"@type":"PropertyValueSpecification","valueRequired":true,"valueName":"search_term_string"}}],"inLanguage":"en-US"},{"@type":"Organization","@id":"https:\/\/wmtbaltic.lv\/#organization","name":"WMT Baltic","url":"https:\/\/wmtbaltic.lv\/","logo":{"@type":"ImageObject","inLanguage":"en-US","@id":"https:\/\/wmtbaltic.lv\/#\/schema\/logo\/image\/","url":"https:\/\/wmtbaltic.lv\/wp-content\/uploads\/2024\/12\/wmt-baltic-sia_107142_9_420x180.jpg","contentUrl":"https:\/\/wmtbaltic.lv\/wp-content\/uploads\/2024\/12\/wmt-baltic-sia_107142_9_420x180.jpg","width":420,"height":180,"caption":"WMT Baltic"},"image":{"@id":"https:\/\/wmtbaltic.lv\/#\/schema\/logo\/image\/"},"sameAs":["https:\/\/www.facebook.com\/WMT.Baltic.viscom\/?locale=lv_LV","https:\/\/www.instagram.com\/viscom_wmt\/"]}]}},"_links":{"self":[{"href":"https:\/\/wmtbaltic.lv\/en\/wp-json\/wp\/v2\/product\/7157","targetHints":{"allow":["GET"]}}],"collection":[{"href":"https:\/\/wmtbaltic.lv\/en\/wp-json\/wp\/v2\/product"}],"about":[{"href":"https:\/\/wmtbaltic.lv\/en\/wp-json\/wp\/v2\/types\/product"}],"replies":[{"embeddable":true,"href":"https:\/\/wmtbaltic.lv\/en\/wp-json\/wp\/v2\/comments?post=7157"}],"wp:featuredmedia":[{"embeddable":true,"href":"https:\/\/wmtbaltic.lv\/en\/wp-json\/wp\/v2\/media\/7158"}],"wp:attachment":[{"href":"https:\/\/wmtbaltic.lv\/en\/wp-json\/wp\/v2\/media?parent=7157"}],"wp:term":[{"taxonomy":"product_brand","embeddable":true,"href":"https:\/\/wmtbaltic.lv\/en\/wp-json\/wp\/v2\/product_brand?post=7157"},{"taxonomy":"product_cat","embeddable":true,"href":"https:\/\/wmtbaltic.lv\/en\/wp-json\/wp\/v2\/product_cat?post=7157"},{"taxonomy":"product_tag","embeddable":true,"href":"https:\/\/wmtbaltic.lv\/en\/wp-json\/wp\/v2\/product_tag?post=7157"}],"curies":[{"name":"wp","href":"https:\/\/api.w.org\/{rel}","templated":true}]}}