{"id":7154,"date":"2021-04-22T11:56:49","date_gmt":"2021-04-22T11:56:49","guid":{"rendered":"https:\/\/wmtbaltic.lv\/?post_type=product&#038;p=7154"},"modified":"2025-10-15T08:36:37","modified_gmt":"2025-10-15T08:36:37","slug":"sturu-apalotajs-ucr-9","status":"publish","type":"product","link":"https:\/\/wmtbaltic.lv\/en\/product\/sturu-apalotajs-ucr-9\/","title":{"rendered":"CYKLOS St\u016bru apa\u013cot\u0101js UCR-9"},"content":{"rendered":"<p><strong>CYKLOS St\u016bru apa\u013cot\u0101js UCR-9<\/strong><\/p>\n<p>vienk\u0101r\u0161s, bet efekt\u012bvs instruments dokumentu st\u016bru noapa\u013co\u0161anai apr\u012bkots ar 3 main\u0101miem grie\u0161anas na\u017eiem<strong>.<\/strong><\/p>\n<p><strong>Tehniskie parametri:<\/strong><\/p>\n<ul>\n<li>Maksim\u0101lais materi\u0101la biezums: 1.5mm<\/li>\n<li>R\u0101diuss: 6mm, 9mm, 12mm<\/li>\n<li>Iek\u0101rtas izm\u0113ri: 30 X 25 X 9 cm<\/li>\n<li>Svars: 3.2kg (netto) \/ 3.5kg (brutto)<\/li>\n<\/ul>\n<p>&nbsp;<\/p>\n<p><a href=\"http:\/\/wmtbaltic.lv\/wp-content\/uploads\/2021\/04\/leaflet_ksl_320-2-3.pdf\">TEHNISKAIS APRAKSTS<\/a><\/p>\n<iframe loading=\"lazy\"  id=\"_ytid_23750\"  width=\"780\" height=\"439\"  data-origwidth=\"780\" data-origheight=\"439\" src=\"https:\/\/www.youtube.com\/embed\/F31ZFXGGY8g?enablejsapi=1&autoplay=0&cc_load_policy=0&cc_lang_pref=&iv_load_policy=1&loop=0&rel=1&fs=1&playsinline=0&autohide=2&theme=dark&color=red&controls=1&disablekb=0&\" class=\"__youtube_prefs__  no-lazyload\" title=\"YouTube player\"  allow=\"fullscreen; accelerometer; autoplay; clipboard-write; encrypted-media; gyroscope; picture-in-picture; web-share\" referrerpolicy=\"strict-origin-when-cross-origin\" allowfullscreen data-no-lazy=\"1\" data-skipgform_ajax_framebjll=\"\"><\/iframe>\n<p>&nbsp;<\/p>\n<p><span style=\"color: #666666; font-size: small;\">S\u012bk\u0101ka inform\u0101cija: <\/span><span style=\"color: #666666; font-size: small;\">e-mail: info@<\/span><a href=\"mailto:info@signmaker.lv\"><span style=\"color: #666666; font-size: small;\">signmaker.lv<\/span><\/a><\/p>\n<p>&nbsp;<\/p>\n","protected":false},"excerpt":{"rendered":"CYKLOS St\u016bru apa\u013cot\u0101js UCR-9 vienk\u0101r\u0161s, bet efekt\u012bvs instruments dokumentu st\u016bru noapa\u013co\u0161anai apr\u012bkots ar 3 main\u0101miem grie\u0161anas na\u017eiem. Tehniskie parametri: Maksim\u0101lais materi\u0101la biezums: 1.5mm R\u0101diuss: 6mm, 9mm, 12mm Iek\u0101rtas izm\u0113ri: 30 X 25 X 9 cm Svars: 3.2kg (netto) \/ 3.5kg (brutto) &nbsp; TEHNISKAIS APRAKSTS &nbsp; S\u012bk\u0101ka inform\u0101cija: e-mail: info@signmaker.lv &nbsp;","protected":false},"featured_media":7155,"comment_status":"closed","ping_status":"closed","template":"","meta":[],"product_brand":[],"product_cat":[426,71,258],"product_tag":[719,718,721],"class_list":{"0":"post-7154","1":"product","2":"type-product","3":"status-publish","4":"has-post-thumbnail","6":"product_cat-cyklos","7":"product_cat-griesana-locisana-rievosana","8":"product_cat-iekartas-un-izejmateriali","9":"product_tag-cyklos","10":"product_tag-ierice","11":"product_tag-sturu-apalotajs","13":"first","14":"instock","15":"shipping-taxable","16":"purchasable","17":"product-type-simple"},"yoast_head":"<!-- This site is optimized with the Yoast SEO plugin v27.4 - https:\/\/yoast.com\/product\/yoast-seo-wordpress\/ -->\n<title>CYKLOS St\u016bru apa\u013cot\u0101js UCR-9 - WMT Baltic<\/title>\n<meta name=\"description\" content=\"St\u016bru apa\u013cot\u0101js UCR-9 . Max. biezums\u00a05mm. Form\u0101ts\u00a0no\u00a050x90. R\u0101diuss\u00a06, 9, 12. Darba galda izm\u0113rs\u00a0300x250x92 mm.\" \/>\n<meta name=\"robots\" content=\"index, follow, max-snippet:-1, max-image-preview:large, max-video-preview:-1\" \/>\n<link rel=\"canonical\" href=\"https:\/\/wmtbaltic.lv\/product\/sturu-apalotajs-ucr-9\/\" \/>\n<meta property=\"og:locale\" content=\"en_US\" \/>\n<meta property=\"og:type\" content=\"article\" \/>\n<meta property=\"og:title\" content=\"CYKLOS St\u016bru apa\u013cot\u0101js UCR-9 - WMT Baltic\" \/>\n<meta property=\"og:description\" content=\"St\u016bru apa\u013cot\u0101js UCR-9 . Max. biezums\u00a05mm. Form\u0101ts\u00a0no\u00a050x90. R\u0101diuss\u00a06, 9, 12. Darba galda izm\u0113rs\u00a0300x250x92 mm.\" \/>\n<meta property=\"og:url\" content=\"https:\/\/wmtbaltic.lv\/product\/sturu-apalotajs-ucr-9\/\" \/>\n<meta property=\"og:site_name\" content=\"WMT Baltic\" \/>\n<meta property=\"article:publisher\" content=\"https:\/\/www.facebook.com\/WMT.Baltic.viscom\/?locale=lv_LV\" \/>\n<meta property=\"article:modified_time\" content=\"2025-10-15T08:36:37+00:00\" \/>\n<meta property=\"og:image\" content=\"http:\/\/wmtbaltic.lv\/wp-content\/uploads\/2021\/04\/UCR-9.jpg\" \/>\n\t<meta property=\"og:image:width\" content=\"485\" \/>\n\t<meta property=\"og:image:height\" content=\"500\" \/>\n\t<meta property=\"og:image:type\" content=\"image\/jpeg\" \/>\n<meta name=\"twitter:card\" content=\"summary_large_image\" \/>\n<meta name=\"twitter:label1\" content=\"Est. reading time\" \/>\n\t<meta name=\"twitter:data1\" content=\"1 minute\" \/>\n<script type=\"application\/ld+json\" class=\"yoast-schema-graph\">{\"@context\":\"https:\\\/\\\/schema.org\",\"@graph\":[{\"@type\":\"WebPage\",\"@id\":\"https:\\\/\\\/wmtbaltic.lv\\\/product\\\/sturu-apalotajs-ucr-9\\\/\",\"url\":\"https:\\\/\\\/wmtbaltic.lv\\\/product\\\/sturu-apalotajs-ucr-9\\\/\",\"name\":\"CYKLOS St\u016bru apa\u013cot\u0101js UCR-9 - WMT Baltic\",\"isPartOf\":{\"@id\":\"https:\\\/\\\/wmtbaltic.lv\\\/#website\"},\"primaryImageOfPage\":{\"@id\":\"https:\\\/\\\/wmtbaltic.lv\\\/product\\\/sturu-apalotajs-ucr-9\\\/#primaryimage\"},\"image\":{\"@id\":\"https:\\\/\\\/wmtbaltic.lv\\\/product\\\/sturu-apalotajs-ucr-9\\\/#primaryimage\"},\"thumbnailUrl\":\"https:\\\/\\\/wmtbaltic.lv\\\/wp-content\\\/uploads\\\/2021\\\/04\\\/UCR-9.jpg\",\"datePublished\":\"2021-04-22T11:56:49+00:00\",\"dateModified\":\"2025-10-15T08:36:37+00:00\",\"description\":\"St\u016bru apa\u013cot\u0101js UCR-9 . Max. biezums\u00a05mm. Form\u0101ts\u00a0no\u00a050x90. R\u0101diuss\u00a06, 9, 12. Darba galda izm\u0113rs\u00a0300x250x92 mm.\",\"breadcrumb\":{\"@id\":\"https:\\\/\\\/wmtbaltic.lv\\\/product\\\/sturu-apalotajs-ucr-9\\\/#breadcrumb\"},\"inLanguage\":\"en-US\",\"potentialAction\":[{\"@type\":\"ReadAction\",\"target\":[\"https:\\\/\\\/wmtbaltic.lv\\\/product\\\/sturu-apalotajs-ucr-9\\\/\"]}]},{\"@type\":\"ImageObject\",\"inLanguage\":\"en-US\",\"@id\":\"https:\\\/\\\/wmtbaltic.lv\\\/product\\\/sturu-apalotajs-ucr-9\\\/#primaryimage\",\"url\":\"https:\\\/\\\/wmtbaltic.lv\\\/wp-content\\\/uploads\\\/2021\\\/04\\\/UCR-9.jpg\",\"contentUrl\":\"https:\\\/\\\/wmtbaltic.lv\\\/wp-content\\\/uploads\\\/2021\\\/04\\\/UCR-9.jpg\",\"width\":485,\"height\":500},{\"@type\":\"BreadcrumbList\",\"@id\":\"https:\\\/\\\/wmtbaltic.lv\\\/product\\\/sturu-apalotajs-ucr-9\\\/#breadcrumb\",\"itemListElement\":[{\"@type\":\"ListItem\",\"position\":1,\"name\":\"Home\",\"item\":\"https:\\\/\\\/wmtbaltic.lv\\\/en\\\/\"},{\"@type\":\"ListItem\",\"position\":2,\"name\":\"Products\",\"item\":\"https:\\\/\\\/wmtbaltic.lv\\\/en\\\/shop\\\/\"},{\"@type\":\"ListItem\",\"position\":3,\"name\":\"CYKLOS St\u016bru apa\u013cot\u0101js UCR-9\"}]},{\"@type\":\"WebSite\",\"@id\":\"https:\\\/\\\/wmtbaltic.lv\\\/#website\",\"url\":\"https:\\\/\\\/wmtbaltic.lv\\\/\",\"name\":\"WMT Baltic\",\"description\":\"Rekl\u0101mas produkti, pl\u0113ves\",\"publisher\":{\"@id\":\"https:\\\/\\\/wmtbaltic.lv\\\/#organization\"},\"potentialAction\":[{\"@type\":\"SearchAction\",\"target\":{\"@type\":\"EntryPoint\",\"urlTemplate\":\"https:\\\/\\\/wmtbaltic.lv\\\/?s={search_term_string}\"},\"query-input\":{\"@type\":\"PropertyValueSpecification\",\"valueRequired\":true,\"valueName\":\"search_term_string\"}}],\"inLanguage\":\"en-US\"},{\"@type\":\"Organization\",\"@id\":\"https:\\\/\\\/wmtbaltic.lv\\\/#organization\",\"name\":\"WMT Baltic\",\"url\":\"https:\\\/\\\/wmtbaltic.lv\\\/\",\"logo\":{\"@type\":\"ImageObject\",\"inLanguage\":\"en-US\",\"@id\":\"https:\\\/\\\/wmtbaltic.lv\\\/#\\\/schema\\\/logo\\\/image\\\/\",\"url\":\"https:\\\/\\\/wmtbaltic.lv\\\/wp-content\\\/uploads\\\/2024\\\/12\\\/wmt-baltic-sia_107142_9_420x180.jpg\",\"contentUrl\":\"https:\\\/\\\/wmtbaltic.lv\\\/wp-content\\\/uploads\\\/2024\\\/12\\\/wmt-baltic-sia_107142_9_420x180.jpg\",\"width\":420,\"height\":180,\"caption\":\"WMT Baltic\"},\"image\":{\"@id\":\"https:\\\/\\\/wmtbaltic.lv\\\/#\\\/schema\\\/logo\\\/image\\\/\"},\"sameAs\":[\"https:\\\/\\\/www.facebook.com\\\/WMT.Baltic.viscom\\\/?locale=lv_LV\",\"https:\\\/\\\/www.instagram.com\\\/viscom_wmt\\\/\"]}]}<\/script>\n<!-- \/ Yoast SEO plugin. -->","yoast_head_json":{"title":"CYKLOS St\u016bru apa\u013cot\u0101js UCR-9 - WMT Baltic","description":"St\u016bru apa\u013cot\u0101js UCR-9 . Max. biezums\u00a05mm. Form\u0101ts\u00a0no\u00a050x90. R\u0101diuss\u00a06, 9, 12. Darba galda izm\u0113rs\u00a0300x250x92 mm.","robots":{"index":"index","follow":"follow","max-snippet":"max-snippet:-1","max-image-preview":"max-image-preview:large","max-video-preview":"max-video-preview:-1"},"canonical":"https:\/\/wmtbaltic.lv\/product\/sturu-apalotajs-ucr-9\/","og_locale":"en_US","og_type":"article","og_title":"CYKLOS St\u016bru apa\u013cot\u0101js UCR-9 - WMT Baltic","og_description":"St\u016bru apa\u013cot\u0101js UCR-9 . Max. biezums\u00a05mm. Form\u0101ts\u00a0no\u00a050x90. R\u0101diuss\u00a06, 9, 12. Darba galda izm\u0113rs\u00a0300x250x92 mm.","og_url":"https:\/\/wmtbaltic.lv\/product\/sturu-apalotajs-ucr-9\/","og_site_name":"WMT Baltic","article_publisher":"https:\/\/www.facebook.com\/WMT.Baltic.viscom\/?locale=lv_LV","article_modified_time":"2025-10-15T08:36:37+00:00","og_image":[{"width":485,"height":500,"url":"http:\/\/wmtbaltic.lv\/wp-content\/uploads\/2021\/04\/UCR-9.jpg","type":"image\/jpeg"}],"twitter_card":"summary_large_image","twitter_misc":{"Est. reading time":"1 minute"},"schema":{"@context":"https:\/\/schema.org","@graph":[{"@type":"WebPage","@id":"https:\/\/wmtbaltic.lv\/product\/sturu-apalotajs-ucr-9\/","url":"https:\/\/wmtbaltic.lv\/product\/sturu-apalotajs-ucr-9\/","name":"CYKLOS St\u016bru apa\u013cot\u0101js UCR-9 - WMT Baltic","isPartOf":{"@id":"https:\/\/wmtbaltic.lv\/#website"},"primaryImageOfPage":{"@id":"https:\/\/wmtbaltic.lv\/product\/sturu-apalotajs-ucr-9\/#primaryimage"},"image":{"@id":"https:\/\/wmtbaltic.lv\/product\/sturu-apalotajs-ucr-9\/#primaryimage"},"thumbnailUrl":"https:\/\/wmtbaltic.lv\/wp-content\/uploads\/2021\/04\/UCR-9.jpg","datePublished":"2021-04-22T11:56:49+00:00","dateModified":"2025-10-15T08:36:37+00:00","description":"St\u016bru apa\u013cot\u0101js UCR-9 . Max. biezums\u00a05mm. Form\u0101ts\u00a0no\u00a050x90. R\u0101diuss\u00a06, 9, 12. Darba galda izm\u0113rs\u00a0300x250x92 mm.","breadcrumb":{"@id":"https:\/\/wmtbaltic.lv\/product\/sturu-apalotajs-ucr-9\/#breadcrumb"},"inLanguage":"en-US","potentialAction":[{"@type":"ReadAction","target":["https:\/\/wmtbaltic.lv\/product\/sturu-apalotajs-ucr-9\/"]}]},{"@type":"ImageObject","inLanguage":"en-US","@id":"https:\/\/wmtbaltic.lv\/product\/sturu-apalotajs-ucr-9\/#primaryimage","url":"https:\/\/wmtbaltic.lv\/wp-content\/uploads\/2021\/04\/UCR-9.jpg","contentUrl":"https:\/\/wmtbaltic.lv\/wp-content\/uploads\/2021\/04\/UCR-9.jpg","width":485,"height":500},{"@type":"BreadcrumbList","@id":"https:\/\/wmtbaltic.lv\/product\/sturu-apalotajs-ucr-9\/#breadcrumb","itemListElement":[{"@type":"ListItem","position":1,"name":"Home","item":"https:\/\/wmtbaltic.lv\/en\/"},{"@type":"ListItem","position":2,"name":"Products","item":"https:\/\/wmtbaltic.lv\/en\/shop\/"},{"@type":"ListItem","position":3,"name":"CYKLOS St\u016bru apa\u013cot\u0101js UCR-9"}]},{"@type":"WebSite","@id":"https:\/\/wmtbaltic.lv\/#website","url":"https:\/\/wmtbaltic.lv\/","name":"WMT Baltic","description":"Rekl\u0101mas produkti, pl\u0113ves","publisher":{"@id":"https:\/\/wmtbaltic.lv\/#organization"},"potentialAction":[{"@type":"SearchAction","target":{"@type":"EntryPoint","urlTemplate":"https:\/\/wmtbaltic.lv\/?s={search_term_string}"},"query-input":{"@type":"PropertyValueSpecification","valueRequired":true,"valueName":"search_term_string"}}],"inLanguage":"en-US"},{"@type":"Organization","@id":"https:\/\/wmtbaltic.lv\/#organization","name":"WMT Baltic","url":"https:\/\/wmtbaltic.lv\/","logo":{"@type":"ImageObject","inLanguage":"en-US","@id":"https:\/\/wmtbaltic.lv\/#\/schema\/logo\/image\/","url":"https:\/\/wmtbaltic.lv\/wp-content\/uploads\/2024\/12\/wmt-baltic-sia_107142_9_420x180.jpg","contentUrl":"https:\/\/wmtbaltic.lv\/wp-content\/uploads\/2024\/12\/wmt-baltic-sia_107142_9_420x180.jpg","width":420,"height":180,"caption":"WMT Baltic"},"image":{"@id":"https:\/\/wmtbaltic.lv\/#\/schema\/logo\/image\/"},"sameAs":["https:\/\/www.facebook.com\/WMT.Baltic.viscom\/?locale=lv_LV","https:\/\/www.instagram.com\/viscom_wmt\/"]}]}},"_links":{"self":[{"href":"https:\/\/wmtbaltic.lv\/en\/wp-json\/wp\/v2\/product\/7154","targetHints":{"allow":["GET"]}}],"collection":[{"href":"https:\/\/wmtbaltic.lv\/en\/wp-json\/wp\/v2\/product"}],"about":[{"href":"https:\/\/wmtbaltic.lv\/en\/wp-json\/wp\/v2\/types\/product"}],"replies":[{"embeddable":true,"href":"https:\/\/wmtbaltic.lv\/en\/wp-json\/wp\/v2\/comments?post=7154"}],"wp:featuredmedia":[{"embeddable":true,"href":"https:\/\/wmtbaltic.lv\/en\/wp-json\/wp\/v2\/media\/7155"}],"wp:attachment":[{"href":"https:\/\/wmtbaltic.lv\/en\/wp-json\/wp\/v2\/media?parent=7154"}],"wp:term":[{"taxonomy":"product_brand","embeddable":true,"href":"https:\/\/wmtbaltic.lv\/en\/wp-json\/wp\/v2\/product_brand?post=7154"},{"taxonomy":"product_cat","embeddable":true,"href":"https:\/\/wmtbaltic.lv\/en\/wp-json\/wp\/v2\/product_cat?post=7154"},{"taxonomy":"product_tag","embeddable":true,"href":"https:\/\/wmtbaltic.lv\/en\/wp-json\/wp\/v2\/product_tag?post=7154"}],"curies":[{"name":"wp","href":"https:\/\/api.w.org\/{rel}","templated":true}]}}