{"id":7151,"date":"2021-04-22T11:48:08","date_gmt":"2021-04-22T11:48:08","guid":{"rendered":"https:\/\/wmtbaltic.lv\/?post_type=product&#038;p=7151"},"modified":"2023-07-24T08:52:23","modified_gmt":"2023-07-24T08:52:23","slug":"automatiska-perforacijas-iekarta-rpm-350-plus","status":"publish","type":"product","link":"https:\/\/wmtbaltic.lv\/en\/product\/automatiska-perforacijas-iekarta-rpm-350-plus\/","title":{"rendered":"CYKLOS Automatisk\u0101 perfor\u0101cijas iek\u0101rta RPM 350 Plus"},"content":{"rendered":"<p><strong>CYKLOS Automatisk\u0101 perfor\u0101cijas iek\u0101rta RPM 350 Plus<\/strong><\/p>\n<ul>\n<li>\u0101truma regul\u0113\u0161ana 66 &#8211; 118 A4 loksnes\/min<\/li>\n<li>iesp\u0113ja regul\u0113t 1 &#8211; 5 perfor\u0101cijas rite\u0146us<\/li>\n<li>apstr\u0101d\u0101 l\u012bdz A3 form\u0101tam<\/li>\n<li>main\u0101mi perfor\u0113jo\u0161ie rite\u0146i<\/li>\n<li>s\u0101nu pieturu le\u0146\u0137a regul\u0113\u0161ana perfor\u0113\u0161anas instrumenta virzien\u0101<\/li>\n<li>teleskopiskais baro\u0161anas un pieg\u0101des galds<\/li>\n<li>skait\u012bt\u0101js<\/li>\n<\/ul>\n<p><strong>Tehniskie parametri:<\/strong><\/p>\n<ul>\n<li>Darba platums 150 &#8211; 350 mm<\/li>\n<li>Materi\u0101la svars: 55 &#8211; 180 g\/m2<\/li>\n<li>\u0100trums: 66 &#8211; 118 A4 lapas\/min<\/li>\n<li>Spriegums: 220 V \/ 50 Hz<\/li>\n<li>Perfor\u0101cijas na\u017ei: 2 gab.<\/li>\n<li>Iek\u0101rtas izm\u0113rs: 108 x 49 x 38 cm<\/li>\n<li>Kapacit\u0101te: 30mm<\/li>\n<li>Svars: 18.5kg (netto) \/ 21kg (brutto)<\/li>\n<\/ul>\n<p><a href=\"http:\/\/wmtbaltic.lv\/wp-content\/uploads\/2021\/04\/leaflet_rpm_350_plus.pdf\">TEHNISKAIS APRAKSTS<\/a><\/p>\n<p><iframe loading=\"lazy\"  id=\"_ytid_84825\"  width=\"780\" height=\"439\"  data-origwidth=\"780\" data-origheight=\"439\" src=\"https:\/\/www.youtube.com\/embed\/YlcENSYEUts?enablejsapi=1&#038;autoplay=0&#038;cc_load_policy=0&#038;cc_lang_pref=&#038;iv_load_policy=1&#038;loop=0&#038;rel=1&#038;fs=1&#038;playsinline=0&#038;autohide=2&#038;theme=dark&#038;color=red&#038;controls=1&#038;disablekb=0&#038;\" class=\"__youtube_prefs__  epyt-is-override  no-lazyload\" title=\"YouTube player\"  allow=\"fullscreen; accelerometer; autoplay; clipboard-write; encrypted-media; gyroscope; picture-in-picture; web-share\" referrerpolicy=\"strict-origin-when-cross-origin\" allowfullscreen data-no-lazy=\"1\" data-skipgform_ajax_framebjll=\"\"><\/iframe><\/p>\n<p><span style=\"color: #666666; font-size: small;\">S\u012bk\u0101ka inform\u0101cija: <\/span><span style=\"color: #666666; font-size: small;\">e-mail: info@<\/span><a href=\"mailto:info@signmaker.lv\"><span style=\"color: #666666; font-size: small;\">signmaker.lv<\/span><\/a><\/p>\n","protected":false},"excerpt":{"rendered":"CYKLOS Automatisk\u0101 perfor\u0101cijas iek\u0101rta RPM 350 Plus \u0101truma regul\u0113\u0161ana 66 - 118 A4 loksnes\/min iesp\u0113ja regul\u0113t 1 - 5 perfor\u0101cijas rite\u0146us apstr\u0101d\u0101 l\u012bdz A3 form\u0101tam main\u0101mi perfor\u0113jo\u0161ie rite\u0146i s\u0101nu pieturu le\u0146\u0137a regul\u0113\u0161ana perfor\u0113\u0161anas instrumenta virzien\u0101 teleskopiskais baro\u0161anas un pieg\u0101des galds skait\u012bt\u0101js Tehniskie parametri: Darba platums 150 - 350 mm Materi\u0101la svars: 55 - 180 g\/m2 [...]","protected":false},"featured_media":11528,"comment_status":"closed","ping_status":"closed","template":"","meta":[],"product_brand":[],"product_cat":[426,71,258],"product_tag":[719,1058,1059],"class_list":{"0":"post-7151","1":"product","2":"type-product","3":"status-publish","4":"has-post-thumbnail","6":"product_cat-cyklos","7":"product_cat-griesana-locisana-rievosana","8":"product_cat-iekartas-un-izejmateriali","9":"product_tag-cyklos","10":"product_tag-perforacija","11":"product_tag-perforacijas-iekarta","13":"first","14":"instock","15":"shipping-taxable","16":"purchasable","17":"product-type-simple"},"yoast_head":"<!-- This site is optimized with the Yoast SEO plugin v27.4 - https:\/\/yoast.com\/product\/yoast-seo-wordpress\/ -->\n<title>Automatisk\u0101 perfor\u0101cijas iek\u0101rta RPM 350 Plus, nopirkt veikal\u0101 R\u012bg\u0101<\/title>\n<meta name=\"description\" content=\"Perfor\u0101cijas ier\u012bce RPM 350 Plus. Darba platums 350 mm. Form\u0101ts SRA3 . Grie\u0161anas asme\u0146u skaits 2-5. Materi\u0101la svars 80-250 g\/m2\" \/>\n<meta name=\"robots\" content=\"index, follow, max-snippet:-1, max-image-preview:large, max-video-preview:-1\" \/>\n<link rel=\"canonical\" href=\"https:\/\/wmtbaltic.lv\/Produkts\/automatiska-perforacijas-iekarta-rpm-350-plus\/\" \/>\n<meta property=\"og:locale\" content=\"en_US\" \/>\n<meta property=\"og:type\" content=\"article\" \/>\n<meta property=\"og:title\" content=\"Automatisk\u0101 perfor\u0101cijas iek\u0101rta RPM 350 Plus, nopirkt veikal\u0101 R\u012bg\u0101\" \/>\n<meta property=\"og:description\" content=\"Perfor\u0101cijas ier\u012bce RPM 350 Plus. Darba platums 350 mm. Form\u0101ts SRA3 . Grie\u0161anas asme\u0146u skaits 2-5. Materi\u0101la svars 80-250 g\/m2\" \/>\n<meta property=\"og:url\" content=\"https:\/\/wmtbaltic.lv\/Produkts\/automatiska-perforacijas-iekarta-rpm-350-plus\/\" \/>\n<meta property=\"og:site_name\" content=\"WMT Baltic\" \/>\n<meta property=\"article:publisher\" content=\"https:\/\/www.facebook.com\/WMT.Baltic.viscom\/?locale=lv_LV\" \/>\n<meta property=\"article:modified_time\" content=\"2023-07-24T08:52:23+00:00\" \/>\n<meta property=\"og:image\" content=\"http:\/\/wmtbaltic.lv\/wp-content\/uploads\/2021\/04\/Rotary-Perforator-RPM-350-Plus.jpg\" \/>\n\t<meta property=\"og:image:width\" content=\"800\" \/>\n\t<meta property=\"og:image:height\" content=\"533\" \/>\n\t<meta property=\"og:image:type\" content=\"image\/jpeg\" \/>\n<meta name=\"twitter:card\" content=\"summary_large_image\" \/>\n<meta name=\"twitter:label1\" content=\"Est. reading time\" \/>\n\t<meta name=\"twitter:data1\" content=\"1 minute\" \/>\n<script type=\"application\/ld+json\" class=\"yoast-schema-graph\">{\"@context\":\"https:\\\/\\\/schema.org\",\"@graph\":[{\"@type\":\"WebPage\",\"@id\":\"https:\\\/\\\/wmtbaltic.lv\\\/Produkts\\\/automatiska-perforacijas-iekarta-rpm-350-plus\\\/\",\"url\":\"https:\\\/\\\/wmtbaltic.lv\\\/Produkts\\\/automatiska-perforacijas-iekarta-rpm-350-plus\\\/\",\"name\":\"Automatisk\u0101 perfor\u0101cijas iek\u0101rta RPM 350 Plus, nopirkt veikal\u0101 R\u012bg\u0101\",\"isPartOf\":{\"@id\":\"https:\\\/\\\/wmtbaltic.lv\\\/#website\"},\"primaryImageOfPage\":{\"@id\":\"https:\\\/\\\/wmtbaltic.lv\\\/Produkts\\\/automatiska-perforacijas-iekarta-rpm-350-plus\\\/#primaryimage\"},\"image\":{\"@id\":\"https:\\\/\\\/wmtbaltic.lv\\\/Produkts\\\/automatiska-perforacijas-iekarta-rpm-350-plus\\\/#primaryimage\"},\"thumbnailUrl\":\"https:\\\/\\\/wmtbaltic.lv\\\/wp-content\\\/uploads\\\/2021\\\/04\\\/Rotary-Perforator-RPM-350-Plus.jpg\",\"datePublished\":\"2021-04-22T11:48:08+00:00\",\"dateModified\":\"2023-07-24T08:52:23+00:00\",\"description\":\"Perfor\u0101cijas ier\u012bce RPM 350 Plus. Darba platums 350 mm. Form\u0101ts SRA3 . Grie\u0161anas asme\u0146u skaits 2-5. Materi\u0101la svars 80-250 g\\\/m2\",\"breadcrumb\":{\"@id\":\"https:\\\/\\\/wmtbaltic.lv\\\/Produkts\\\/automatiska-perforacijas-iekarta-rpm-350-plus\\\/#breadcrumb\"},\"inLanguage\":\"en-US\",\"potentialAction\":[{\"@type\":\"ReadAction\",\"target\":[\"https:\\\/\\\/wmtbaltic.lv\\\/Produkts\\\/automatiska-perforacijas-iekarta-rpm-350-plus\\\/\"]}]},{\"@type\":\"ImageObject\",\"inLanguage\":\"en-US\",\"@id\":\"https:\\\/\\\/wmtbaltic.lv\\\/Produkts\\\/automatiska-perforacijas-iekarta-rpm-350-plus\\\/#primaryimage\",\"url\":\"https:\\\/\\\/wmtbaltic.lv\\\/wp-content\\\/uploads\\\/2021\\\/04\\\/Rotary-Perforator-RPM-350-Plus.jpg\",\"contentUrl\":\"https:\\\/\\\/wmtbaltic.lv\\\/wp-content\\\/uploads\\\/2021\\\/04\\\/Rotary-Perforator-RPM-350-Plus.jpg\",\"width\":800,\"height\":533},{\"@type\":\"BreadcrumbList\",\"@id\":\"https:\\\/\\\/wmtbaltic.lv\\\/Produkts\\\/automatiska-perforacijas-iekarta-rpm-350-plus\\\/#breadcrumb\",\"itemListElement\":[{\"@type\":\"ListItem\",\"position\":1,\"name\":\"Home\",\"item\":\"https:\\\/\\\/wmtbaltic.lv\\\/en\\\/\"},{\"@type\":\"ListItem\",\"position\":2,\"name\":\"Products\",\"item\":\"https:\\\/\\\/wmtbaltic.lv\\\/en\\\/shop\\\/\"},{\"@type\":\"ListItem\",\"position\":3,\"name\":\"CYKLOS Automatisk\u0101 perfor\u0101cijas iek\u0101rta RPM 350 Plus\"}]},{\"@type\":\"WebSite\",\"@id\":\"https:\\\/\\\/wmtbaltic.lv\\\/#website\",\"url\":\"https:\\\/\\\/wmtbaltic.lv\\\/\",\"name\":\"WMT Baltic\",\"description\":\"Rekl\u0101mas produkti, pl\u0113ves\",\"publisher\":{\"@id\":\"https:\\\/\\\/wmtbaltic.lv\\\/#organization\"},\"potentialAction\":[{\"@type\":\"SearchAction\",\"target\":{\"@type\":\"EntryPoint\",\"urlTemplate\":\"https:\\\/\\\/wmtbaltic.lv\\\/?s={search_term_string}\"},\"query-input\":{\"@type\":\"PropertyValueSpecification\",\"valueRequired\":true,\"valueName\":\"search_term_string\"}}],\"inLanguage\":\"en-US\"},{\"@type\":\"Organization\",\"@id\":\"https:\\\/\\\/wmtbaltic.lv\\\/#organization\",\"name\":\"WMT Baltic\",\"url\":\"https:\\\/\\\/wmtbaltic.lv\\\/\",\"logo\":{\"@type\":\"ImageObject\",\"inLanguage\":\"en-US\",\"@id\":\"https:\\\/\\\/wmtbaltic.lv\\\/#\\\/schema\\\/logo\\\/image\\\/\",\"url\":\"https:\\\/\\\/wmtbaltic.lv\\\/wp-content\\\/uploads\\\/2024\\\/12\\\/wmt-baltic-sia_107142_9_420x180.jpg\",\"contentUrl\":\"https:\\\/\\\/wmtbaltic.lv\\\/wp-content\\\/uploads\\\/2024\\\/12\\\/wmt-baltic-sia_107142_9_420x180.jpg\",\"width\":420,\"height\":180,\"caption\":\"WMT Baltic\"},\"image\":{\"@id\":\"https:\\\/\\\/wmtbaltic.lv\\\/#\\\/schema\\\/logo\\\/image\\\/\"},\"sameAs\":[\"https:\\\/\\\/www.facebook.com\\\/WMT.Baltic.viscom\\\/?locale=lv_LV\",\"https:\\\/\\\/www.instagram.com\\\/viscom_wmt\\\/\"]}]}<\/script>\n<!-- \/ Yoast SEO plugin. -->","yoast_head_json":{"title":"Automatisk\u0101 perfor\u0101cijas iek\u0101rta RPM 350 Plus, nopirkt veikal\u0101 R\u012bg\u0101","description":"Perfor\u0101cijas ier\u012bce RPM 350 Plus. Darba platums 350 mm. Form\u0101ts SRA3 . Grie\u0161anas asme\u0146u skaits 2-5. Materi\u0101la svars 80-250 g\/m2","robots":{"index":"index","follow":"follow","max-snippet":"max-snippet:-1","max-image-preview":"max-image-preview:large","max-video-preview":"max-video-preview:-1"},"canonical":"https:\/\/wmtbaltic.lv\/Produkts\/automatiska-perforacijas-iekarta-rpm-350-plus\/","og_locale":"en_US","og_type":"article","og_title":"Automatisk\u0101 perfor\u0101cijas iek\u0101rta RPM 350 Plus, nopirkt veikal\u0101 R\u012bg\u0101","og_description":"Perfor\u0101cijas ier\u012bce RPM 350 Plus. Darba platums 350 mm. Form\u0101ts SRA3 . Grie\u0161anas asme\u0146u skaits 2-5. Materi\u0101la svars 80-250 g\/m2","og_url":"https:\/\/wmtbaltic.lv\/Produkts\/automatiska-perforacijas-iekarta-rpm-350-plus\/","og_site_name":"WMT Baltic","article_publisher":"https:\/\/www.facebook.com\/WMT.Baltic.viscom\/?locale=lv_LV","article_modified_time":"2023-07-24T08:52:23+00:00","og_image":[{"width":800,"height":533,"url":"http:\/\/wmtbaltic.lv\/wp-content\/uploads\/2021\/04\/Rotary-Perforator-RPM-350-Plus.jpg","type":"image\/jpeg"}],"twitter_card":"summary_large_image","twitter_misc":{"Est. reading time":"1 minute"},"schema":{"@context":"https:\/\/schema.org","@graph":[{"@type":"WebPage","@id":"https:\/\/wmtbaltic.lv\/Produkts\/automatiska-perforacijas-iekarta-rpm-350-plus\/","url":"https:\/\/wmtbaltic.lv\/Produkts\/automatiska-perforacijas-iekarta-rpm-350-plus\/","name":"Automatisk\u0101 perfor\u0101cijas iek\u0101rta RPM 350 Plus, nopirkt veikal\u0101 R\u012bg\u0101","isPartOf":{"@id":"https:\/\/wmtbaltic.lv\/#website"},"primaryImageOfPage":{"@id":"https:\/\/wmtbaltic.lv\/Produkts\/automatiska-perforacijas-iekarta-rpm-350-plus\/#primaryimage"},"image":{"@id":"https:\/\/wmtbaltic.lv\/Produkts\/automatiska-perforacijas-iekarta-rpm-350-plus\/#primaryimage"},"thumbnailUrl":"https:\/\/wmtbaltic.lv\/wp-content\/uploads\/2021\/04\/Rotary-Perforator-RPM-350-Plus.jpg","datePublished":"2021-04-22T11:48:08+00:00","dateModified":"2023-07-24T08:52:23+00:00","description":"Perfor\u0101cijas ier\u012bce RPM 350 Plus. Darba platums 350 mm. Form\u0101ts SRA3 . Grie\u0161anas asme\u0146u skaits 2-5. Materi\u0101la svars 80-250 g\/m2","breadcrumb":{"@id":"https:\/\/wmtbaltic.lv\/Produkts\/automatiska-perforacijas-iekarta-rpm-350-plus\/#breadcrumb"},"inLanguage":"en-US","potentialAction":[{"@type":"ReadAction","target":["https:\/\/wmtbaltic.lv\/Produkts\/automatiska-perforacijas-iekarta-rpm-350-plus\/"]}]},{"@type":"ImageObject","inLanguage":"en-US","@id":"https:\/\/wmtbaltic.lv\/Produkts\/automatiska-perforacijas-iekarta-rpm-350-plus\/#primaryimage","url":"https:\/\/wmtbaltic.lv\/wp-content\/uploads\/2021\/04\/Rotary-Perforator-RPM-350-Plus.jpg","contentUrl":"https:\/\/wmtbaltic.lv\/wp-content\/uploads\/2021\/04\/Rotary-Perforator-RPM-350-Plus.jpg","width":800,"height":533},{"@type":"BreadcrumbList","@id":"https:\/\/wmtbaltic.lv\/Produkts\/automatiska-perforacijas-iekarta-rpm-350-plus\/#breadcrumb","itemListElement":[{"@type":"ListItem","position":1,"name":"Home","item":"https:\/\/wmtbaltic.lv\/en\/"},{"@type":"ListItem","position":2,"name":"Products","item":"https:\/\/wmtbaltic.lv\/en\/shop\/"},{"@type":"ListItem","position":3,"name":"CYKLOS Automatisk\u0101 perfor\u0101cijas iek\u0101rta RPM 350 Plus"}]},{"@type":"WebSite","@id":"https:\/\/wmtbaltic.lv\/#website","url":"https:\/\/wmtbaltic.lv\/","name":"WMT Baltic","description":"Rekl\u0101mas produkti, pl\u0113ves","publisher":{"@id":"https:\/\/wmtbaltic.lv\/#organization"},"potentialAction":[{"@type":"SearchAction","target":{"@type":"EntryPoint","urlTemplate":"https:\/\/wmtbaltic.lv\/?s={search_term_string}"},"query-input":{"@type":"PropertyValueSpecification","valueRequired":true,"valueName":"search_term_string"}}],"inLanguage":"en-US"},{"@type":"Organization","@id":"https:\/\/wmtbaltic.lv\/#organization","name":"WMT Baltic","url":"https:\/\/wmtbaltic.lv\/","logo":{"@type":"ImageObject","inLanguage":"en-US","@id":"https:\/\/wmtbaltic.lv\/#\/schema\/logo\/image\/","url":"https:\/\/wmtbaltic.lv\/wp-content\/uploads\/2024\/12\/wmt-baltic-sia_107142_9_420x180.jpg","contentUrl":"https:\/\/wmtbaltic.lv\/wp-content\/uploads\/2024\/12\/wmt-baltic-sia_107142_9_420x180.jpg","width":420,"height":180,"caption":"WMT Baltic"},"image":{"@id":"https:\/\/wmtbaltic.lv\/#\/schema\/logo\/image\/"},"sameAs":["https:\/\/www.facebook.com\/WMT.Baltic.viscom\/?locale=lv_LV","https:\/\/www.instagram.com\/viscom_wmt\/"]}]}},"_links":{"self":[{"href":"https:\/\/wmtbaltic.lv\/en\/wp-json\/wp\/v2\/product\/7151","targetHints":{"allow":["GET"]}}],"collection":[{"href":"https:\/\/wmtbaltic.lv\/en\/wp-json\/wp\/v2\/product"}],"about":[{"href":"https:\/\/wmtbaltic.lv\/en\/wp-json\/wp\/v2\/types\/product"}],"replies":[{"embeddable":true,"href":"https:\/\/wmtbaltic.lv\/en\/wp-json\/wp\/v2\/comments?post=7151"}],"wp:featuredmedia":[{"embeddable":true,"href":"https:\/\/wmtbaltic.lv\/en\/wp-json\/wp\/v2\/media\/11528"}],"wp:attachment":[{"href":"https:\/\/wmtbaltic.lv\/en\/wp-json\/wp\/v2\/media?parent=7151"}],"wp:term":[{"taxonomy":"product_brand","embeddable":true,"href":"https:\/\/wmtbaltic.lv\/en\/wp-json\/wp\/v2\/product_brand?post=7151"},{"taxonomy":"product_cat","embeddable":true,"href":"https:\/\/wmtbaltic.lv\/en\/wp-json\/wp\/v2\/product_cat?post=7151"},{"taxonomy":"product_tag","embeddable":true,"href":"https:\/\/wmtbaltic.lv\/en\/wp-json\/wp\/v2\/product_tag?post=7151"}],"curies":[{"name":"wp","href":"https:\/\/api.w.org\/{rel}","templated":true}]}}