{"id":7134,"date":"2021-04-22T10:01:10","date_gmt":"2021-04-22T10:01:10","guid":{"rendered":"https:\/\/wmtbaltic.lv\/?post_type=product&#038;p=7134"},"modified":"2024-02-29T10:47:18","modified_gmt":"2024-02-29T10:47:18","slug":"rievosanas-ierice-ksl-435","status":"publish","type":"product","link":"https:\/\/wmtbaltic.lv\/en\/product\/rievosanas-ierice-ksl-435\/","title":{"rendered":"CYKLOS Rievo\u0161anas-loc\u012b\u0161anas ier\u012bce KSL 435"},"content":{"rendered":"<p><strong>CYKLOS Rievo\u0161anas-loc\u012b\u0161anas ier\u012bce KSL 435<\/strong><\/p>\n<ul>\n<li>Pieejami \u010detri da\u017e\u0101di loc\u012b\u0161anas izm\u0113ri<\/li>\n<li>liela darbvirsma form\u0101tiem ar darba platumu 435 mm<\/li>\n<li>divas regul\u0113\u0161anas skr\u016bves absol\u016btai precizit\u0101tei<\/li>\n<li>noder ar\u012b lamin\u0113tu dokumentu loc\u012b\u0161anai\/rievo\u0161anai<\/li>\n<li>iesp\u0113ja saloc\u012bt dokumentus 45\u00b0 le\u0146\u0137\u012b<\/li>\n<li>\u0101tra loc\u012b\u0161anas instrumenta nomai\u0146a<\/li>\n<\/ul>\n<p>Tehniskie parametri:<\/p>\n<ul>\n<li>Darba platums 435mm<\/li>\n<li>Materi\u0101la svars: 80 &#8211; 400 g\/m2 (rievo\u0161ana)<\/li>\n<li>Loc\u012b\u0161anas\/rievo\u0161anas len\u0137is: 0 &#8211; 90\u00b0<\/li>\n<li>Rievo\u0161anas platums: 0,8 \/1,0 \/1,5 \/1,8 mm<\/li>\n<li>Iek\u0101rtas izm\u0113rs: 51 x 51 x 10 cm<\/li>\n<li>Svars: 13.5kg (netto) \/ 16.5kg (brutto)<a href=\"http:\/\/wmtbaltic.lv\/wp-content\/uploads\/2021\/04\/leaflet_ksl_435.pdf\">TEHNISKAIS APRAKSTS<\/a><\/li>\n<\/ul>\n<p>&nbsp;<\/p>\n<p><span style=\"color: #666666; font-size: small;\">S\u012bk\u0101ka inform\u0101cija: <\/span><span style=\"color: #666666; font-size: small;\">e-mail: info@<\/span><a href=\"mailto:info@signmaker.lv\"><span style=\"color: #666666; font-size: small;\">signmaker.lv<\/span><\/a><\/p>\n","protected":false},"excerpt":{"rendered":"CYKLOS Rievo\u0161anas-loc\u012b\u0161anas ier\u012bce KSL 435 Pieejami \u010detri da\u017e\u0101di loc\u012b\u0161anas izm\u0113ri liela darbvirsma form\u0101tiem ar darba platumu 435 mm divas regul\u0113\u0161anas skr\u016bves absol\u016btai precizit\u0101tei noder ar\u012b lamin\u0113tu dokumentu loc\u012b\u0161anai\/rievo\u0161anai iesp\u0113ja saloc\u012bt dokumentus 45\u00b0 le\u0146\u0137\u012b \u0101tra loc\u012b\u0161anas instrumenta nomai\u0146a Tehniskie parametri: Darba platums 435mm Materi\u0101la svars: 80 - 400 g\/m2 (rievo\u0161ana) Loc\u012b\u0161anas\/rievo\u0161anas len\u0137is: 0 - 90\u00b0 Rievo\u0161anas [...]","protected":false},"featured_media":7443,"template":"","meta":[],"product_brand":[],"product_cat":[426,71,258],"product_tag":[502,718,490,717],"class_list":{"0":"post-7134","1":"product","2":"type-product","3":"status-publish","4":"has-post-thumbnail","6":"product_cat-cyklos","7":"product_cat-griesana-locisana-rievosana","8":"product_cat-iekartas-un-izejmateriali","9":"product_tag-griesana","10":"product_tag-ierice","11":"product_tag-locisana","12":"product_tag-rievosana","14":"first","15":"instock","16":"shipping-taxable","17":"purchasable","18":"product-type-simple"},"yoast_head":"<!-- This site is optimized with the Yoast SEO plugin v27.3 - https:\/\/yoast.com\/product\/yoast-seo-wordpress\/ -->\n<title>CYKLOS Rievo\u0161anas-loc\u012b\u0161anas ier\u012bce KSL 435 - WMT Baltic<\/title>\n<meta name=\"description\" content=\"Rievo\u0161anas ier\u012bce Darba . Form\u0101ts\u00a0 A2 . Iek\u0101rtas Grie\u0161ana ,rievo\u0161ana\/ perfor\u0101cija\u00a0 . CYKLOS. WMT Baltic veikals\" \/>\n<meta name=\"robots\" content=\"index, follow, max-snippet:-1, max-image-preview:large, max-video-preview:-1\" \/>\n<link rel=\"canonical\" href=\"https:\/\/wmtbaltic.lv\/Produkts\/rievosanas-ierice-ksl-435\/\" \/>\n<meta property=\"og:locale\" content=\"en_US\" \/>\n<meta property=\"og:type\" content=\"article\" \/>\n<meta property=\"og:title\" content=\"CYKLOS Rievo\u0161anas-loc\u012b\u0161anas ier\u012bce KSL 435 - WMT Baltic\" \/>\n<meta property=\"og:description\" content=\"Rievo\u0161anas ier\u012bce Darba . Form\u0101ts\u00a0 A2 . Iek\u0101rtas Grie\u0161ana ,rievo\u0161ana\/ perfor\u0101cija\u00a0 . CYKLOS. WMT Baltic veikals\" \/>\n<meta property=\"og:url\" content=\"https:\/\/wmtbaltic.lv\/Produkts\/rievosanas-ierice-ksl-435\/\" \/>\n<meta property=\"og:site_name\" content=\"WMT Baltic\" \/>\n<meta property=\"article:publisher\" content=\"https:\/\/www.facebook.com\/WMT.Baltic.viscom\/?locale=lv_LV\" \/>\n<meta property=\"article:modified_time\" content=\"2024-02-29T10:47:18+00:00\" \/>\n<meta property=\"og:image\" content=\"http:\/\/wmtbaltic.lv\/wp-content\/uploads\/2021\/04\/KSL435-1.jpg\" \/>\n\t<meta property=\"og:image:width\" content=\"903\" \/>\n\t<meta property=\"og:image:height\" content=\"648\" \/>\n\t<meta property=\"og:image:type\" content=\"image\/jpeg\" \/>\n<meta name=\"twitter:card\" content=\"summary_large_image\" \/>\n<meta name=\"twitter:label1\" content=\"Est. reading time\" \/>\n\t<meta name=\"twitter:data1\" content=\"1 minute\" \/>\n<script type=\"application\/ld+json\" class=\"yoast-schema-graph\">{\"@context\":\"https:\\\/\\\/schema.org\",\"@graph\":[{\"@type\":\"WebPage\",\"@id\":\"https:\\\/\\\/wmtbaltic.lv\\\/Produkts\\\/rievosanas-ierice-ksl-435\\\/\",\"url\":\"https:\\\/\\\/wmtbaltic.lv\\\/Produkts\\\/rievosanas-ierice-ksl-435\\\/\",\"name\":\"CYKLOS Rievo\u0161anas-loc\u012b\u0161anas ier\u012bce KSL 435 - WMT Baltic\",\"isPartOf\":{\"@id\":\"https:\\\/\\\/wmtbaltic.lv\\\/#website\"},\"primaryImageOfPage\":{\"@id\":\"https:\\\/\\\/wmtbaltic.lv\\\/Produkts\\\/rievosanas-ierice-ksl-435\\\/#primaryimage\"},\"image\":{\"@id\":\"https:\\\/\\\/wmtbaltic.lv\\\/Produkts\\\/rievosanas-ierice-ksl-435\\\/#primaryimage\"},\"thumbnailUrl\":\"https:\\\/\\\/wmtbaltic.lv\\\/wp-content\\\/uploads\\\/2021\\\/04\\\/KSL435-1.jpg\",\"datePublished\":\"2021-04-22T10:01:10+00:00\",\"dateModified\":\"2024-02-29T10:47:18+00:00\",\"description\":\"Rievo\u0161anas ier\u012bce Darba . Form\u0101ts\u00a0 A2 . Iek\u0101rtas Grie\u0161ana ,rievo\u0161ana\\\/ perfor\u0101cija\u00a0 . CYKLOS. WMT Baltic veikals\",\"breadcrumb\":{\"@id\":\"https:\\\/\\\/wmtbaltic.lv\\\/Produkts\\\/rievosanas-ierice-ksl-435\\\/#breadcrumb\"},\"inLanguage\":\"en-US\",\"potentialAction\":[{\"@type\":\"ReadAction\",\"target\":[\"https:\\\/\\\/wmtbaltic.lv\\\/Produkts\\\/rievosanas-ierice-ksl-435\\\/\"]}]},{\"@type\":\"ImageObject\",\"inLanguage\":\"en-US\",\"@id\":\"https:\\\/\\\/wmtbaltic.lv\\\/Produkts\\\/rievosanas-ierice-ksl-435\\\/#primaryimage\",\"url\":\"https:\\\/\\\/wmtbaltic.lv\\\/wp-content\\\/uploads\\\/2021\\\/04\\\/KSL435-1.jpg\",\"contentUrl\":\"https:\\\/\\\/wmtbaltic.lv\\\/wp-content\\\/uploads\\\/2021\\\/04\\\/KSL435-1.jpg\",\"width\":903,\"height\":648},{\"@type\":\"BreadcrumbList\",\"@id\":\"https:\\\/\\\/wmtbaltic.lv\\\/Produkts\\\/rievosanas-ierice-ksl-435\\\/#breadcrumb\",\"itemListElement\":[{\"@type\":\"ListItem\",\"position\":1,\"name\":\"Home\",\"item\":\"https:\\\/\\\/wmtbaltic.lv\\\/en\\\/\"},{\"@type\":\"ListItem\",\"position\":2,\"name\":\"Shop\",\"item\":\"https:\\\/\\\/wmtbaltic.lv\\\/shop\\\/\"},{\"@type\":\"ListItem\",\"position\":3,\"name\":\"CYKLOS Rievo\u0161anas-loc\u012b\u0161anas ier\u012bce KSL 435\"}]},{\"@type\":\"WebSite\",\"@id\":\"https:\\\/\\\/wmtbaltic.lv\\\/#website\",\"url\":\"https:\\\/\\\/wmtbaltic.lv\\\/\",\"name\":\"WMT Baltic\",\"description\":\"Rekl\u0101mas produkti, pl\u0113ves\",\"publisher\":{\"@id\":\"https:\\\/\\\/wmtbaltic.lv\\\/#organization\"},\"potentialAction\":[{\"@type\":\"SearchAction\",\"target\":{\"@type\":\"EntryPoint\",\"urlTemplate\":\"https:\\\/\\\/wmtbaltic.lv\\\/?s={search_term_string}\"},\"query-input\":{\"@type\":\"PropertyValueSpecification\",\"valueRequired\":true,\"valueName\":\"search_term_string\"}}],\"inLanguage\":\"en-US\"},{\"@type\":\"Organization\",\"@id\":\"https:\\\/\\\/wmtbaltic.lv\\\/#organization\",\"name\":\"WMT Baltic\",\"url\":\"https:\\\/\\\/wmtbaltic.lv\\\/\",\"logo\":{\"@type\":\"ImageObject\",\"inLanguage\":\"en-US\",\"@id\":\"https:\\\/\\\/wmtbaltic.lv\\\/#\\\/schema\\\/logo\\\/image\\\/\",\"url\":\"https:\\\/\\\/wmtbaltic.lv\\\/wp-content\\\/uploads\\\/2024\\\/12\\\/wmt-baltic-sia_107142_9_420x180.jpg\",\"contentUrl\":\"https:\\\/\\\/wmtbaltic.lv\\\/wp-content\\\/uploads\\\/2024\\\/12\\\/wmt-baltic-sia_107142_9_420x180.jpg\",\"width\":420,\"height\":180,\"caption\":\"WMT Baltic\"},\"image\":{\"@id\":\"https:\\\/\\\/wmtbaltic.lv\\\/#\\\/schema\\\/logo\\\/image\\\/\"},\"sameAs\":[\"https:\\\/\\\/www.facebook.com\\\/WMT.Baltic.viscom\\\/?locale=lv_LV\",\"https:\\\/\\\/www.instagram.com\\\/viscom_wmt\\\/\"]}]}<\/script>\n<!-- \/ Yoast SEO plugin. -->","yoast_head_json":{"title":"CYKLOS Rievo\u0161anas-loc\u012b\u0161anas ier\u012bce KSL 435 - WMT Baltic","description":"Rievo\u0161anas ier\u012bce Darba . Form\u0101ts\u00a0 A2 . Iek\u0101rtas Grie\u0161ana ,rievo\u0161ana\/ perfor\u0101cija\u00a0 . CYKLOS. WMT Baltic veikals","robots":{"index":"index","follow":"follow","max-snippet":"max-snippet:-1","max-image-preview":"max-image-preview:large","max-video-preview":"max-video-preview:-1"},"canonical":"https:\/\/wmtbaltic.lv\/Produkts\/rievosanas-ierice-ksl-435\/","og_locale":"en_US","og_type":"article","og_title":"CYKLOS Rievo\u0161anas-loc\u012b\u0161anas ier\u012bce KSL 435 - WMT Baltic","og_description":"Rievo\u0161anas ier\u012bce Darba . Form\u0101ts\u00a0 A2 . Iek\u0101rtas Grie\u0161ana ,rievo\u0161ana\/ perfor\u0101cija\u00a0 . CYKLOS. WMT Baltic veikals","og_url":"https:\/\/wmtbaltic.lv\/Produkts\/rievosanas-ierice-ksl-435\/","og_site_name":"WMT Baltic","article_publisher":"https:\/\/www.facebook.com\/WMT.Baltic.viscom\/?locale=lv_LV","article_modified_time":"2024-02-29T10:47:18+00:00","og_image":[{"width":903,"height":648,"url":"http:\/\/wmtbaltic.lv\/wp-content\/uploads\/2021\/04\/KSL435-1.jpg","type":"image\/jpeg"}],"twitter_card":"summary_large_image","twitter_misc":{"Est. reading time":"1 minute"},"schema":{"@context":"https:\/\/schema.org","@graph":[{"@type":"WebPage","@id":"https:\/\/wmtbaltic.lv\/Produkts\/rievosanas-ierice-ksl-435\/","url":"https:\/\/wmtbaltic.lv\/Produkts\/rievosanas-ierice-ksl-435\/","name":"CYKLOS Rievo\u0161anas-loc\u012b\u0161anas ier\u012bce KSL 435 - WMT Baltic","isPartOf":{"@id":"https:\/\/wmtbaltic.lv\/#website"},"primaryImageOfPage":{"@id":"https:\/\/wmtbaltic.lv\/Produkts\/rievosanas-ierice-ksl-435\/#primaryimage"},"image":{"@id":"https:\/\/wmtbaltic.lv\/Produkts\/rievosanas-ierice-ksl-435\/#primaryimage"},"thumbnailUrl":"https:\/\/wmtbaltic.lv\/wp-content\/uploads\/2021\/04\/KSL435-1.jpg","datePublished":"2021-04-22T10:01:10+00:00","dateModified":"2024-02-29T10:47:18+00:00","description":"Rievo\u0161anas ier\u012bce Darba . Form\u0101ts\u00a0 A2 . Iek\u0101rtas Grie\u0161ana ,rievo\u0161ana\/ perfor\u0101cija\u00a0 . CYKLOS. WMT Baltic veikals","breadcrumb":{"@id":"https:\/\/wmtbaltic.lv\/Produkts\/rievosanas-ierice-ksl-435\/#breadcrumb"},"inLanguage":"en-US","potentialAction":[{"@type":"ReadAction","target":["https:\/\/wmtbaltic.lv\/Produkts\/rievosanas-ierice-ksl-435\/"]}]},{"@type":"ImageObject","inLanguage":"en-US","@id":"https:\/\/wmtbaltic.lv\/Produkts\/rievosanas-ierice-ksl-435\/#primaryimage","url":"https:\/\/wmtbaltic.lv\/wp-content\/uploads\/2021\/04\/KSL435-1.jpg","contentUrl":"https:\/\/wmtbaltic.lv\/wp-content\/uploads\/2021\/04\/KSL435-1.jpg","width":903,"height":648},{"@type":"BreadcrumbList","@id":"https:\/\/wmtbaltic.lv\/Produkts\/rievosanas-ierice-ksl-435\/#breadcrumb","itemListElement":[{"@type":"ListItem","position":1,"name":"Home","item":"https:\/\/wmtbaltic.lv\/en\/"},{"@type":"ListItem","position":2,"name":"Shop","item":"https:\/\/wmtbaltic.lv\/shop\/"},{"@type":"ListItem","position":3,"name":"CYKLOS Rievo\u0161anas-loc\u012b\u0161anas ier\u012bce KSL 435"}]},{"@type":"WebSite","@id":"https:\/\/wmtbaltic.lv\/#website","url":"https:\/\/wmtbaltic.lv\/","name":"WMT Baltic","description":"Rekl\u0101mas produkti, pl\u0113ves","publisher":{"@id":"https:\/\/wmtbaltic.lv\/#organization"},"potentialAction":[{"@type":"SearchAction","target":{"@type":"EntryPoint","urlTemplate":"https:\/\/wmtbaltic.lv\/?s={search_term_string}"},"query-input":{"@type":"PropertyValueSpecification","valueRequired":true,"valueName":"search_term_string"}}],"inLanguage":"en-US"},{"@type":"Organization","@id":"https:\/\/wmtbaltic.lv\/#organization","name":"WMT Baltic","url":"https:\/\/wmtbaltic.lv\/","logo":{"@type":"ImageObject","inLanguage":"en-US","@id":"https:\/\/wmtbaltic.lv\/#\/schema\/logo\/image\/","url":"https:\/\/wmtbaltic.lv\/wp-content\/uploads\/2024\/12\/wmt-baltic-sia_107142_9_420x180.jpg","contentUrl":"https:\/\/wmtbaltic.lv\/wp-content\/uploads\/2024\/12\/wmt-baltic-sia_107142_9_420x180.jpg","width":420,"height":180,"caption":"WMT Baltic"},"image":{"@id":"https:\/\/wmtbaltic.lv\/#\/schema\/logo\/image\/"},"sameAs":["https:\/\/www.facebook.com\/WMT.Baltic.viscom\/?locale=lv_LV","https:\/\/www.instagram.com\/viscom_wmt\/"]}]}},"_links":{"self":[{"href":"https:\/\/wmtbaltic.lv\/en\/wp-json\/wp\/v2\/product\/7134","targetHints":{"allow":["GET"]}}],"collection":[{"href":"https:\/\/wmtbaltic.lv\/en\/wp-json\/wp\/v2\/product"}],"about":[{"href":"https:\/\/wmtbaltic.lv\/en\/wp-json\/wp\/v2\/types\/product"}],"wp:featuredmedia":[{"embeddable":true,"href":"https:\/\/wmtbaltic.lv\/en\/wp-json\/wp\/v2\/media\/7443"}],"wp:attachment":[{"href":"https:\/\/wmtbaltic.lv\/en\/wp-json\/wp\/v2\/media?parent=7134"}],"wp:term":[{"taxonomy":"product_brand","embeddable":true,"href":"https:\/\/wmtbaltic.lv\/en\/wp-json\/wp\/v2\/product_brand?post=7134"},{"taxonomy":"product_cat","embeddable":true,"href":"https:\/\/wmtbaltic.lv\/en\/wp-json\/wp\/v2\/product_cat?post=7134"},{"taxonomy":"product_tag","embeddable":true,"href":"https:\/\/wmtbaltic.lv\/en\/wp-json\/wp\/v2\/product_tag?post=7134"}],"curies":[{"name":"wp","href":"https:\/\/api.w.org\/{rel}","templated":true}]}}