{"id":7060,"date":"2021-04-21T07:43:22","date_gmt":"2021-04-21T07:43:22","guid":{"rendered":"https:\/\/wmtbaltic.lv\/?post_type=product&#038;p=7060"},"modified":"2023-07-24T08:45:53","modified_gmt":"2023-07-24T08:45:53","slug":"rievosanas-ierice-ksl-320","status":"publish","type":"product","link":"https:\/\/wmtbaltic.lv\/en\/product\/rievosanas-ierice-ksl-320\/","title":{"rendered":"CYKLOS Rievo\u0161anas ier\u012bce KSL 320"},"content":{"rendered":"<p>CYKLOS Rievo\u0161anas ier\u012bce KSL 320<\/p>\n<ul>\n<li>s\u0101nu regul\u0113\u0161anas rite\u0146i \u0101trai pap\u012bra poz\u012bcijas mai\u0146ai<\/li>\n<li>liela darbvirsma form\u0101tiem l\u012bdz SRA 3<\/li>\n<li>\u0101tra loc\u012b\u0161anas instrumenta nomai\u0146a<\/li>\n<li>ergonomisks stienis<\/li>\n<\/ul>\n<p>Tehniskie parametri:<\/p>\n<ul>\n<li>Darba platums 320mm<\/li>\n<li>Materi\u0101la svars: 80 &#8211; 400 g\/m2 (rievo\u0161ana)<\/li>\n<li>Rievo\u0161anas platums: 1,0\/ 1,5 mm<\/li>\n<li>Iek\u0101rtas izm\u0113rs: 53 x 38 x 12cm<\/li>\n<li>Svars: 8kg (netto) \/ 9.5kg (brutto)<\/li>\n<\/ul>\n<p>&nbsp;<\/p>\n<p><a href=\"http:\/\/wmtbaltic.lv\/wp-content\/uploads\/2021\/04\/leaflet_ksl_320-2-1.pdf\">TEHNISKAIS APRAKSTS<\/a><\/p>\n<p><iframe loading=\"lazy\"  id=\"_ytid_69897\"  width=\"780\" height=\"439\"  data-origwidth=\"780\" data-origheight=\"439\" src=\"https:\/\/www.youtube.com\/embed\/s6OKmeFIt7U?enablejsapi=1&#038;autoplay=0&#038;cc_load_policy=0&#038;cc_lang_pref=&#038;iv_load_policy=1&#038;loop=0&#038;rel=1&#038;fs=1&#038;playsinline=0&#038;autohide=2&#038;theme=dark&#038;color=red&#038;controls=1&#038;disablekb=0&#038;\" class=\"__youtube_prefs__  epyt-is-override  no-lazyload\" title=\"YouTube player\"  allow=\"fullscreen; accelerometer; autoplay; clipboard-write; encrypted-media; gyroscope; picture-in-picture; web-share\" referrerpolicy=\"strict-origin-when-cross-origin\" allowfullscreen data-no-lazy=\"1\" data-skipgform_ajax_framebjll=\"\"><\/iframe><\/p>\n<p>S\u012bk\u0101ka inform\u0101cija: e-mail: info@signmaker.lv<\/p>\n","protected":false},"excerpt":{"rendered":"CYKLOS Rievo\u0161anas ier\u012bce KSL 320 s\u0101nu regul\u0113\u0161anas rite\u0146i \u0101trai pap\u012bra poz\u012bcijas mai\u0146ai liela darbvirsma form\u0101tiem l\u012bdz SRA 3 \u0101tra loc\u012b\u0161anas instrumenta nomai\u0146a ergonomisks stienis Tehniskie parametri: Darba platums 320mm Materi\u0101la svars: 80 - 400 g\/m2 (rievo\u0161ana) Rievo\u0161anas platums: 1,0\/ 1,5 mm Iek\u0101rtas izm\u0113rs: 53 x 38 x 12cm Svars: 8kg (netto) \/ 9.5kg (brutto) &nbsp; [...]","protected":false},"featured_media":7069,"comment_status":"closed","ping_status":"closed","template":"","meta":[],"product_brand":[],"product_cat":[426,71,258],"product_tag":[502,716,715],"class_list":{"0":"post-7060","1":"product","2":"type-product","3":"status-publish","4":"has-post-thumbnail","6":"product_cat-cyklos","7":"product_cat-griesana-locisana-rievosana","8":"product_cat-iekartas-un-izejmateriali","9":"product_tag-griesana","10":"product_tag-griezeji","11":"product_tag-rievosanas-ierice","13":"first","14":"instock","15":"shipping-taxable","16":"purchasable","17":"product-type-simple"},"yoast_head":"<!-- This site is optimized with the Yoast SEO plugin v27.4 - https:\/\/yoast.com\/product\/yoast-seo-wordpress\/ -->\n<title>CYKLOS Rievo\u0161anas ier\u012bce KSL 320 - WMT Baltic<\/title>\n<meta name=\"description\" content=\"Rievo\u0161anas ier\u012bce KSL 320. Grie\u0161ana, loc\u012b\u0161ana, rievo\u0161ana CYKLOS WMT Baltic veikals R\u012bga.\" \/>\n<meta name=\"robots\" content=\"index, follow, max-snippet:-1, max-image-preview:large, max-video-preview:-1\" \/>\n<link rel=\"canonical\" href=\"https:\/\/wmtbaltic.lv\/Produkts\/rievosanas-ierice-ksl-320\/\" \/>\n<meta property=\"og:locale\" content=\"en_US\" \/>\n<meta property=\"og:type\" content=\"article\" \/>\n<meta property=\"og:title\" content=\"CYKLOS Rievo\u0161anas ier\u012bce KSL 320 - WMT Baltic\" \/>\n<meta property=\"og:description\" content=\"Rievo\u0161anas ier\u012bce KSL 320. Grie\u0161ana, loc\u012b\u0161ana, rievo\u0161ana CYKLOS WMT Baltic veikals R\u012bga.\" \/>\n<meta property=\"og:url\" content=\"https:\/\/wmtbaltic.lv\/Produkts\/rievosanas-ierice-ksl-320\/\" \/>\n<meta property=\"og:site_name\" content=\"WMT Baltic\" \/>\n<meta property=\"article:publisher\" content=\"https:\/\/www.facebook.com\/WMT.Baltic.viscom\/?locale=lv_LV\" \/>\n<meta property=\"article:modified_time\" content=\"2023-07-24T08:45:53+00:00\" \/>\n<meta property=\"og:image\" content=\"http:\/\/wmtbaltic.lv\/wp-content\/uploads\/2021\/04\/ksl-320.jpg\" \/>\n\t<meta property=\"og:image:width\" content=\"500\" \/>\n\t<meta property=\"og:image:height\" content=\"475\" \/>\n\t<meta property=\"og:image:type\" content=\"image\/jpeg\" \/>\n<meta name=\"twitter:card\" content=\"summary_large_image\" \/>\n<meta name=\"twitter:label1\" content=\"Est. reading time\" \/>\n\t<meta name=\"twitter:data1\" content=\"1 minute\" \/>\n<script type=\"application\/ld+json\" class=\"yoast-schema-graph\">{\"@context\":\"https:\\\/\\\/schema.org\",\"@graph\":[{\"@type\":\"WebPage\",\"@id\":\"https:\\\/\\\/wmtbaltic.lv\\\/Produkts\\\/rievosanas-ierice-ksl-320\\\/\",\"url\":\"https:\\\/\\\/wmtbaltic.lv\\\/Produkts\\\/rievosanas-ierice-ksl-320\\\/\",\"name\":\"CYKLOS Rievo\u0161anas ier\u012bce KSL 320 - WMT Baltic\",\"isPartOf\":{\"@id\":\"https:\\\/\\\/wmtbaltic.lv\\\/#website\"},\"primaryImageOfPage\":{\"@id\":\"https:\\\/\\\/wmtbaltic.lv\\\/Produkts\\\/rievosanas-ierice-ksl-320\\\/#primaryimage\"},\"image\":{\"@id\":\"https:\\\/\\\/wmtbaltic.lv\\\/Produkts\\\/rievosanas-ierice-ksl-320\\\/#primaryimage\"},\"thumbnailUrl\":\"https:\\\/\\\/wmtbaltic.lv\\\/wp-content\\\/uploads\\\/2021\\\/04\\\/ksl-320.jpg\",\"datePublished\":\"2021-04-21T07:43:22+00:00\",\"dateModified\":\"2023-07-24T08:45:53+00:00\",\"description\":\"Rievo\u0161anas ier\u012bce KSL 320. Grie\u0161ana, loc\u012b\u0161ana, rievo\u0161ana CYKLOS WMT Baltic veikals R\u012bga.\",\"breadcrumb\":{\"@id\":\"https:\\\/\\\/wmtbaltic.lv\\\/Produkts\\\/rievosanas-ierice-ksl-320\\\/#breadcrumb\"},\"inLanguage\":\"en-US\",\"potentialAction\":[{\"@type\":\"ReadAction\",\"target\":[\"https:\\\/\\\/wmtbaltic.lv\\\/Produkts\\\/rievosanas-ierice-ksl-320\\\/\"]}]},{\"@type\":\"ImageObject\",\"inLanguage\":\"en-US\",\"@id\":\"https:\\\/\\\/wmtbaltic.lv\\\/Produkts\\\/rievosanas-ierice-ksl-320\\\/#primaryimage\",\"url\":\"https:\\\/\\\/wmtbaltic.lv\\\/wp-content\\\/uploads\\\/2021\\\/04\\\/ksl-320.jpg\",\"contentUrl\":\"https:\\\/\\\/wmtbaltic.lv\\\/wp-content\\\/uploads\\\/2021\\\/04\\\/ksl-320.jpg\",\"width\":500,\"height\":475},{\"@type\":\"BreadcrumbList\",\"@id\":\"https:\\\/\\\/wmtbaltic.lv\\\/Produkts\\\/rievosanas-ierice-ksl-320\\\/#breadcrumb\",\"itemListElement\":[{\"@type\":\"ListItem\",\"position\":1,\"name\":\"Home\",\"item\":\"https:\\\/\\\/wmtbaltic.lv\\\/en\\\/\"},{\"@type\":\"ListItem\",\"position\":2,\"name\":\"Products\",\"item\":\"https:\\\/\\\/wmtbaltic.lv\\\/en\\\/shop\\\/\"},{\"@type\":\"ListItem\",\"position\":3,\"name\":\"CYKLOS Rievo\u0161anas ier\u012bce KSL 320\"}]},{\"@type\":\"WebSite\",\"@id\":\"https:\\\/\\\/wmtbaltic.lv\\\/#website\",\"url\":\"https:\\\/\\\/wmtbaltic.lv\\\/\",\"name\":\"WMT Baltic\",\"description\":\"Rekl\u0101mas produkti, pl\u0113ves\",\"publisher\":{\"@id\":\"https:\\\/\\\/wmtbaltic.lv\\\/#organization\"},\"potentialAction\":[{\"@type\":\"SearchAction\",\"target\":{\"@type\":\"EntryPoint\",\"urlTemplate\":\"https:\\\/\\\/wmtbaltic.lv\\\/?s={search_term_string}\"},\"query-input\":{\"@type\":\"PropertyValueSpecification\",\"valueRequired\":true,\"valueName\":\"search_term_string\"}}],\"inLanguage\":\"en-US\"},{\"@type\":\"Organization\",\"@id\":\"https:\\\/\\\/wmtbaltic.lv\\\/#organization\",\"name\":\"WMT Baltic\",\"url\":\"https:\\\/\\\/wmtbaltic.lv\\\/\",\"logo\":{\"@type\":\"ImageObject\",\"inLanguage\":\"en-US\",\"@id\":\"https:\\\/\\\/wmtbaltic.lv\\\/#\\\/schema\\\/logo\\\/image\\\/\",\"url\":\"https:\\\/\\\/wmtbaltic.lv\\\/wp-content\\\/uploads\\\/2024\\\/12\\\/wmt-baltic-sia_107142_9_420x180.jpg\",\"contentUrl\":\"https:\\\/\\\/wmtbaltic.lv\\\/wp-content\\\/uploads\\\/2024\\\/12\\\/wmt-baltic-sia_107142_9_420x180.jpg\",\"width\":420,\"height\":180,\"caption\":\"WMT Baltic\"},\"image\":{\"@id\":\"https:\\\/\\\/wmtbaltic.lv\\\/#\\\/schema\\\/logo\\\/image\\\/\"},\"sameAs\":[\"https:\\\/\\\/www.facebook.com\\\/WMT.Baltic.viscom\\\/?locale=lv_LV\",\"https:\\\/\\\/www.instagram.com\\\/viscom_wmt\\\/\"]}]}<\/script>\n<!-- \/ Yoast SEO plugin. -->","yoast_head_json":{"title":"CYKLOS Rievo\u0161anas ier\u012bce KSL 320 - WMT Baltic","description":"Rievo\u0161anas ier\u012bce KSL 320. Grie\u0161ana, loc\u012b\u0161ana, rievo\u0161ana CYKLOS WMT Baltic veikals R\u012bga.","robots":{"index":"index","follow":"follow","max-snippet":"max-snippet:-1","max-image-preview":"max-image-preview:large","max-video-preview":"max-video-preview:-1"},"canonical":"https:\/\/wmtbaltic.lv\/Produkts\/rievosanas-ierice-ksl-320\/","og_locale":"en_US","og_type":"article","og_title":"CYKLOS Rievo\u0161anas ier\u012bce KSL 320 - WMT Baltic","og_description":"Rievo\u0161anas ier\u012bce KSL 320. Grie\u0161ana, loc\u012b\u0161ana, rievo\u0161ana CYKLOS WMT Baltic veikals R\u012bga.","og_url":"https:\/\/wmtbaltic.lv\/Produkts\/rievosanas-ierice-ksl-320\/","og_site_name":"WMT Baltic","article_publisher":"https:\/\/www.facebook.com\/WMT.Baltic.viscom\/?locale=lv_LV","article_modified_time":"2023-07-24T08:45:53+00:00","og_image":[{"width":500,"height":475,"url":"http:\/\/wmtbaltic.lv\/wp-content\/uploads\/2021\/04\/ksl-320.jpg","type":"image\/jpeg"}],"twitter_card":"summary_large_image","twitter_misc":{"Est. reading time":"1 minute"},"schema":{"@context":"https:\/\/schema.org","@graph":[{"@type":"WebPage","@id":"https:\/\/wmtbaltic.lv\/Produkts\/rievosanas-ierice-ksl-320\/","url":"https:\/\/wmtbaltic.lv\/Produkts\/rievosanas-ierice-ksl-320\/","name":"CYKLOS Rievo\u0161anas ier\u012bce KSL 320 - WMT Baltic","isPartOf":{"@id":"https:\/\/wmtbaltic.lv\/#website"},"primaryImageOfPage":{"@id":"https:\/\/wmtbaltic.lv\/Produkts\/rievosanas-ierice-ksl-320\/#primaryimage"},"image":{"@id":"https:\/\/wmtbaltic.lv\/Produkts\/rievosanas-ierice-ksl-320\/#primaryimage"},"thumbnailUrl":"https:\/\/wmtbaltic.lv\/wp-content\/uploads\/2021\/04\/ksl-320.jpg","datePublished":"2021-04-21T07:43:22+00:00","dateModified":"2023-07-24T08:45:53+00:00","description":"Rievo\u0161anas ier\u012bce KSL 320. Grie\u0161ana, loc\u012b\u0161ana, rievo\u0161ana CYKLOS WMT Baltic veikals R\u012bga.","breadcrumb":{"@id":"https:\/\/wmtbaltic.lv\/Produkts\/rievosanas-ierice-ksl-320\/#breadcrumb"},"inLanguage":"en-US","potentialAction":[{"@type":"ReadAction","target":["https:\/\/wmtbaltic.lv\/Produkts\/rievosanas-ierice-ksl-320\/"]}]},{"@type":"ImageObject","inLanguage":"en-US","@id":"https:\/\/wmtbaltic.lv\/Produkts\/rievosanas-ierice-ksl-320\/#primaryimage","url":"https:\/\/wmtbaltic.lv\/wp-content\/uploads\/2021\/04\/ksl-320.jpg","contentUrl":"https:\/\/wmtbaltic.lv\/wp-content\/uploads\/2021\/04\/ksl-320.jpg","width":500,"height":475},{"@type":"BreadcrumbList","@id":"https:\/\/wmtbaltic.lv\/Produkts\/rievosanas-ierice-ksl-320\/#breadcrumb","itemListElement":[{"@type":"ListItem","position":1,"name":"Home","item":"https:\/\/wmtbaltic.lv\/en\/"},{"@type":"ListItem","position":2,"name":"Products","item":"https:\/\/wmtbaltic.lv\/en\/shop\/"},{"@type":"ListItem","position":3,"name":"CYKLOS Rievo\u0161anas ier\u012bce KSL 320"}]},{"@type":"WebSite","@id":"https:\/\/wmtbaltic.lv\/#website","url":"https:\/\/wmtbaltic.lv\/","name":"WMT Baltic","description":"Rekl\u0101mas produkti, pl\u0113ves","publisher":{"@id":"https:\/\/wmtbaltic.lv\/#organization"},"potentialAction":[{"@type":"SearchAction","target":{"@type":"EntryPoint","urlTemplate":"https:\/\/wmtbaltic.lv\/?s={search_term_string}"},"query-input":{"@type":"PropertyValueSpecification","valueRequired":true,"valueName":"search_term_string"}}],"inLanguage":"en-US"},{"@type":"Organization","@id":"https:\/\/wmtbaltic.lv\/#organization","name":"WMT Baltic","url":"https:\/\/wmtbaltic.lv\/","logo":{"@type":"ImageObject","inLanguage":"en-US","@id":"https:\/\/wmtbaltic.lv\/#\/schema\/logo\/image\/","url":"https:\/\/wmtbaltic.lv\/wp-content\/uploads\/2024\/12\/wmt-baltic-sia_107142_9_420x180.jpg","contentUrl":"https:\/\/wmtbaltic.lv\/wp-content\/uploads\/2024\/12\/wmt-baltic-sia_107142_9_420x180.jpg","width":420,"height":180,"caption":"WMT Baltic"},"image":{"@id":"https:\/\/wmtbaltic.lv\/#\/schema\/logo\/image\/"},"sameAs":["https:\/\/www.facebook.com\/WMT.Baltic.viscom\/?locale=lv_LV","https:\/\/www.instagram.com\/viscom_wmt\/"]}]}},"_links":{"self":[{"href":"https:\/\/wmtbaltic.lv\/en\/wp-json\/wp\/v2\/product\/7060","targetHints":{"allow":["GET"]}}],"collection":[{"href":"https:\/\/wmtbaltic.lv\/en\/wp-json\/wp\/v2\/product"}],"about":[{"href":"https:\/\/wmtbaltic.lv\/en\/wp-json\/wp\/v2\/types\/product"}],"replies":[{"embeddable":true,"href":"https:\/\/wmtbaltic.lv\/en\/wp-json\/wp\/v2\/comments?post=7060"}],"wp:featuredmedia":[{"embeddable":true,"href":"https:\/\/wmtbaltic.lv\/en\/wp-json\/wp\/v2\/media\/7069"}],"wp:attachment":[{"href":"https:\/\/wmtbaltic.lv\/en\/wp-json\/wp\/v2\/media?parent=7060"}],"wp:term":[{"taxonomy":"product_brand","embeddable":true,"href":"https:\/\/wmtbaltic.lv\/en\/wp-json\/wp\/v2\/product_brand?post=7060"},{"taxonomy":"product_cat","embeddable":true,"href":"https:\/\/wmtbaltic.lv\/en\/wp-json\/wp\/v2\/product_cat?post=7060"},{"taxonomy":"product_tag","embeddable":true,"href":"https:\/\/wmtbaltic.lv\/en\/wp-json\/wp\/v2\/product_tag?post=7060"}],"curies":[{"name":"wp","href":"https:\/\/api.w.org\/{rel}","templated":true}]}}