{"id":6724,"date":"2021-04-15T12:57:35","date_gmt":"2021-04-15T12:57:35","guid":{"rendered":"https:\/\/wmtbaltic.lv\/?post_type=product&#038;p=6724"},"modified":"2021-09-17T11:43:35","modified_gmt":"2021-09-17T11:43:35","slug":"uzlex-fiber-salvetesanti-dustanti-scratch-400mm-x400mm-5gb","status":"publish","type":"product","link":"https:\/\/wmtbaltic.lv\/en\/product\/uzlex-fiber-salvetesanti-dustanti-scratch-400mm-x400mm-5gb\/","title":{"rendered":"UZLEX FIBER salvetes&#8221;Anti-dust,anti-scratch&#8221;(400 x400mm)"},"content":{"rendered":"<p>UZLEX FIBER salvetes&#8221;Anti-dust,anti-scratch&#8221;<\/p>\n<ul>\n<li>400mm x 400mm &#8211;\u00a0 1gb.<\/li>\n<li>400mm x 400mm &#8211; 3 gb.<\/li>\n<li>400mm x 400mm &#8211; 5 gb.<\/li>\n<\/ul>\n<p>&nbsp;<\/p>\n<p>&nbsp;<\/p>\n","protected":false},"excerpt":{"rendered":"UZLEX FIBER salvetes\"Anti-dust,anti-scratch\" 400mm x 400mm -\u00a0 1gb. 400mm x 400mm - 3 gb. 400mm x 400mm - 5 gb. &nbsp; &nbsp;","protected":false},"featured_media":6672,"comment_status":"closed","ping_status":"closed","template":"","meta":[],"product_brand":[],"product_cat":[200,61,398],"product_tag":[700,707,290],"class_list":{"0":"post-6724","1":"product","2":"type-product","3":"status-publish","4":"has-post-thumbnail","6":"product_cat-aksesuari-aplimesanai","7":"product_cat-instrumenti-aksesuari","8":"product_cat-virsmas-tirisana","9":"product_tag-aksesuari-aplimesanai","10":"product_tag-fiber-salvetes","11":"product_tag-uzlex","13":"first","14":"instock","15":"shipping-taxable","16":"purchasable","17":"product-type-variable"},"yoast_head":"<!-- This site is optimized with the Yoast SEO plugin v27.4 - https:\/\/yoast.com\/product\/yoast-seo-wordpress\/ -->\n<title>UZLEX FIBER salvetes&quot;Anti-dust,anti-scratch&quot;- (400mm x400mm, 5gb)<\/title>\n<meta name=\"description\" content=\"UZLEX FIBER salvetes&quot;Anti-dust,anti-scratch&quot;- (400mm x400mm, 5gb) Aksesu\u0101ri apl\u012bm\u0113\u0161anai Pl\u0113ve Veirsmas t\u012br\u012b\u0161ana\" \/>\n<meta name=\"robots\" content=\"index, follow, max-snippet:-1, max-image-preview:large, max-video-preview:-1\" \/>\n<link rel=\"canonical\" href=\"https:\/\/wmtbaltic.lv\/Produkts\/uzlex-fiber-salvetesanti-dustanti-scratch-400mm-x400mm-5gb\/\" \/>\n<meta property=\"og:locale\" content=\"en_US\" \/>\n<meta property=\"og:type\" content=\"article\" \/>\n<meta property=\"og:title\" content=\"UZLEX FIBER salvetes&quot;Anti-dust,anti-scratch&quot;- (400mm x400mm, 5gb)\" \/>\n<meta property=\"og:description\" content=\"UZLEX FIBER salvetes&quot;Anti-dust,anti-scratch&quot;- (400mm x400mm, 5gb) Aksesu\u0101ri apl\u012bm\u0113\u0161anai Pl\u0113ve Veirsmas t\u012br\u012b\u0161ana\" \/>\n<meta property=\"og:url\" content=\"https:\/\/wmtbaltic.lv\/Produkts\/uzlex-fiber-salvetesanti-dustanti-scratch-400mm-x400mm-5gb\/\" \/>\n<meta property=\"og:site_name\" content=\"WMT Baltic\" \/>\n<meta property=\"article:publisher\" content=\"https:\/\/www.facebook.com\/WMT.Baltic.viscom\/?locale=lv_LV\" \/>\n<meta property=\"article:modified_time\" content=\"2021-09-17T11:43:35+00:00\" \/>\n<meta property=\"og:image\" content=\"https:\/\/wmtbaltic.lv\/wp-content\/uploads\/2021\/04\/tools.uzlex_fiber-1.jpg\" \/>\n\t<meta property=\"og:image:width\" content=\"2000\" \/>\n\t<meta property=\"og:image:height\" content=\"1500\" \/>\n\t<meta property=\"og:image:type\" content=\"image\/jpeg\" \/>\n<meta name=\"twitter:card\" content=\"summary_large_image\" \/>\n<meta name=\"twitter:label1\" content=\"Est. reading time\" \/>\n\t<meta name=\"twitter:data1\" content=\"1 minute\" \/>\n<script type=\"application\/ld+json\" class=\"yoast-schema-graph\">{\"@context\":\"https:\\\/\\\/schema.org\",\"@graph\":[{\"@type\":\"WebPage\",\"@id\":\"https:\\\/\\\/wmtbaltic.lv\\\/Produkts\\\/uzlex-fiber-salvetesanti-dustanti-scratch-400mm-x400mm-5gb\\\/\",\"url\":\"https:\\\/\\\/wmtbaltic.lv\\\/Produkts\\\/uzlex-fiber-salvetesanti-dustanti-scratch-400mm-x400mm-5gb\\\/\",\"name\":\"UZLEX FIBER salvetes\\\"Anti-dust,anti-scratch\\\"- (400mm x400mm, 5gb)\",\"isPartOf\":{\"@id\":\"https:\\\/\\\/wmtbaltic.lv\\\/#website\"},\"primaryImageOfPage\":{\"@id\":\"https:\\\/\\\/wmtbaltic.lv\\\/Produkts\\\/uzlex-fiber-salvetesanti-dustanti-scratch-400mm-x400mm-5gb\\\/#primaryimage\"},\"image\":{\"@id\":\"https:\\\/\\\/wmtbaltic.lv\\\/Produkts\\\/uzlex-fiber-salvetesanti-dustanti-scratch-400mm-x400mm-5gb\\\/#primaryimage\"},\"thumbnailUrl\":\"https:\\\/\\\/wmtbaltic.lv\\\/wp-content\\\/uploads\\\/2021\\\/04\\\/tools.uzlex_fiber-1.jpg\",\"datePublished\":\"2021-04-15T12:57:35+00:00\",\"dateModified\":\"2021-09-17T11:43:35+00:00\",\"description\":\"UZLEX FIBER salvetes\\\"Anti-dust,anti-scratch\\\"- (400mm x400mm, 5gb) Aksesu\u0101ri apl\u012bm\u0113\u0161anai Pl\u0113ve Veirsmas t\u012br\u012b\u0161ana\",\"breadcrumb\":{\"@id\":\"https:\\\/\\\/wmtbaltic.lv\\\/Produkts\\\/uzlex-fiber-salvetesanti-dustanti-scratch-400mm-x400mm-5gb\\\/#breadcrumb\"},\"inLanguage\":\"en-US\",\"potentialAction\":[{\"@type\":\"ReadAction\",\"target\":[\"https:\\\/\\\/wmtbaltic.lv\\\/Produkts\\\/uzlex-fiber-salvetesanti-dustanti-scratch-400mm-x400mm-5gb\\\/\"]}]},{\"@type\":\"ImageObject\",\"inLanguage\":\"en-US\",\"@id\":\"https:\\\/\\\/wmtbaltic.lv\\\/Produkts\\\/uzlex-fiber-salvetesanti-dustanti-scratch-400mm-x400mm-5gb\\\/#primaryimage\",\"url\":\"https:\\\/\\\/wmtbaltic.lv\\\/wp-content\\\/uploads\\\/2021\\\/04\\\/tools.uzlex_fiber-1.jpg\",\"contentUrl\":\"https:\\\/\\\/wmtbaltic.lv\\\/wp-content\\\/uploads\\\/2021\\\/04\\\/tools.uzlex_fiber-1.jpg\",\"width\":2000,\"height\":1500},{\"@type\":\"BreadcrumbList\",\"@id\":\"https:\\\/\\\/wmtbaltic.lv\\\/Produkts\\\/uzlex-fiber-salvetesanti-dustanti-scratch-400mm-x400mm-5gb\\\/#breadcrumb\",\"itemListElement\":[{\"@type\":\"ListItem\",\"position\":1,\"name\":\"Home\",\"item\":\"https:\\\/\\\/wmtbaltic.lv\\\/en\\\/\"},{\"@type\":\"ListItem\",\"position\":2,\"name\":\"Products\",\"item\":\"https:\\\/\\\/wmtbaltic.lv\\\/en\\\/shop\\\/\"},{\"@type\":\"ListItem\",\"position\":3,\"name\":\"UZLEX FIBER salvetes&#8221;Anti-dust,anti-scratch&#8221;(400 x400mm)\"}]},{\"@type\":\"WebSite\",\"@id\":\"https:\\\/\\\/wmtbaltic.lv\\\/#website\",\"url\":\"https:\\\/\\\/wmtbaltic.lv\\\/\",\"name\":\"WMT Baltic\",\"description\":\"Rekl\u0101mas produkti, pl\u0113ves\",\"publisher\":{\"@id\":\"https:\\\/\\\/wmtbaltic.lv\\\/#organization\"},\"potentialAction\":[{\"@type\":\"SearchAction\",\"target\":{\"@type\":\"EntryPoint\",\"urlTemplate\":\"https:\\\/\\\/wmtbaltic.lv\\\/?s={search_term_string}\"},\"query-input\":{\"@type\":\"PropertyValueSpecification\",\"valueRequired\":true,\"valueName\":\"search_term_string\"}}],\"inLanguage\":\"en-US\"},{\"@type\":\"Organization\",\"@id\":\"https:\\\/\\\/wmtbaltic.lv\\\/#organization\",\"name\":\"WMT Baltic\",\"url\":\"https:\\\/\\\/wmtbaltic.lv\\\/\",\"logo\":{\"@type\":\"ImageObject\",\"inLanguage\":\"en-US\",\"@id\":\"https:\\\/\\\/wmtbaltic.lv\\\/#\\\/schema\\\/logo\\\/image\\\/\",\"url\":\"https:\\\/\\\/wmtbaltic.lv\\\/wp-content\\\/uploads\\\/2024\\\/12\\\/wmt-baltic-sia_107142_9_420x180.jpg\",\"contentUrl\":\"https:\\\/\\\/wmtbaltic.lv\\\/wp-content\\\/uploads\\\/2024\\\/12\\\/wmt-baltic-sia_107142_9_420x180.jpg\",\"width\":420,\"height\":180,\"caption\":\"WMT Baltic\"},\"image\":{\"@id\":\"https:\\\/\\\/wmtbaltic.lv\\\/#\\\/schema\\\/logo\\\/image\\\/\"},\"sameAs\":[\"https:\\\/\\\/www.facebook.com\\\/WMT.Baltic.viscom\\\/?locale=lv_LV\",\"https:\\\/\\\/www.instagram.com\\\/viscom_wmt\\\/\"]}]}<\/script>\n<!-- \/ Yoast SEO plugin. -->","yoast_head_json":{"title":"UZLEX FIBER salvetes\"Anti-dust,anti-scratch\"- (400mm x400mm, 5gb)","description":"UZLEX FIBER salvetes\"Anti-dust,anti-scratch\"- (400mm x400mm, 5gb) Aksesu\u0101ri apl\u012bm\u0113\u0161anai Pl\u0113ve Veirsmas t\u012br\u012b\u0161ana","robots":{"index":"index","follow":"follow","max-snippet":"max-snippet:-1","max-image-preview":"max-image-preview:large","max-video-preview":"max-video-preview:-1"},"canonical":"https:\/\/wmtbaltic.lv\/Produkts\/uzlex-fiber-salvetesanti-dustanti-scratch-400mm-x400mm-5gb\/","og_locale":"en_US","og_type":"article","og_title":"UZLEX FIBER salvetes\"Anti-dust,anti-scratch\"- (400mm x400mm, 5gb)","og_description":"UZLEX FIBER salvetes\"Anti-dust,anti-scratch\"- (400mm x400mm, 5gb) Aksesu\u0101ri apl\u012bm\u0113\u0161anai Pl\u0113ve Veirsmas t\u012br\u012b\u0161ana","og_url":"https:\/\/wmtbaltic.lv\/Produkts\/uzlex-fiber-salvetesanti-dustanti-scratch-400mm-x400mm-5gb\/","og_site_name":"WMT Baltic","article_publisher":"https:\/\/www.facebook.com\/WMT.Baltic.viscom\/?locale=lv_LV","article_modified_time":"2021-09-17T11:43:35+00:00","og_image":[{"width":2000,"height":1500,"url":"https:\/\/wmtbaltic.lv\/wp-content\/uploads\/2021\/04\/tools.uzlex_fiber-1.jpg","type":"image\/jpeg"}],"twitter_card":"summary_large_image","twitter_misc":{"Est. reading time":"1 minute"},"schema":{"@context":"https:\/\/schema.org","@graph":[{"@type":"WebPage","@id":"https:\/\/wmtbaltic.lv\/Produkts\/uzlex-fiber-salvetesanti-dustanti-scratch-400mm-x400mm-5gb\/","url":"https:\/\/wmtbaltic.lv\/Produkts\/uzlex-fiber-salvetesanti-dustanti-scratch-400mm-x400mm-5gb\/","name":"UZLEX FIBER salvetes\"Anti-dust,anti-scratch\"- (400mm x400mm, 5gb)","isPartOf":{"@id":"https:\/\/wmtbaltic.lv\/#website"},"primaryImageOfPage":{"@id":"https:\/\/wmtbaltic.lv\/Produkts\/uzlex-fiber-salvetesanti-dustanti-scratch-400mm-x400mm-5gb\/#primaryimage"},"image":{"@id":"https:\/\/wmtbaltic.lv\/Produkts\/uzlex-fiber-salvetesanti-dustanti-scratch-400mm-x400mm-5gb\/#primaryimage"},"thumbnailUrl":"https:\/\/wmtbaltic.lv\/wp-content\/uploads\/2021\/04\/tools.uzlex_fiber-1.jpg","datePublished":"2021-04-15T12:57:35+00:00","dateModified":"2021-09-17T11:43:35+00:00","description":"UZLEX FIBER salvetes\"Anti-dust,anti-scratch\"- (400mm x400mm, 5gb) Aksesu\u0101ri apl\u012bm\u0113\u0161anai Pl\u0113ve Veirsmas t\u012br\u012b\u0161ana","breadcrumb":{"@id":"https:\/\/wmtbaltic.lv\/Produkts\/uzlex-fiber-salvetesanti-dustanti-scratch-400mm-x400mm-5gb\/#breadcrumb"},"inLanguage":"en-US","potentialAction":[{"@type":"ReadAction","target":["https:\/\/wmtbaltic.lv\/Produkts\/uzlex-fiber-salvetesanti-dustanti-scratch-400mm-x400mm-5gb\/"]}]},{"@type":"ImageObject","inLanguage":"en-US","@id":"https:\/\/wmtbaltic.lv\/Produkts\/uzlex-fiber-salvetesanti-dustanti-scratch-400mm-x400mm-5gb\/#primaryimage","url":"https:\/\/wmtbaltic.lv\/wp-content\/uploads\/2021\/04\/tools.uzlex_fiber-1.jpg","contentUrl":"https:\/\/wmtbaltic.lv\/wp-content\/uploads\/2021\/04\/tools.uzlex_fiber-1.jpg","width":2000,"height":1500},{"@type":"BreadcrumbList","@id":"https:\/\/wmtbaltic.lv\/Produkts\/uzlex-fiber-salvetesanti-dustanti-scratch-400mm-x400mm-5gb\/#breadcrumb","itemListElement":[{"@type":"ListItem","position":1,"name":"Home","item":"https:\/\/wmtbaltic.lv\/en\/"},{"@type":"ListItem","position":2,"name":"Products","item":"https:\/\/wmtbaltic.lv\/en\/shop\/"},{"@type":"ListItem","position":3,"name":"UZLEX FIBER salvetes&#8221;Anti-dust,anti-scratch&#8221;(400 x400mm)"}]},{"@type":"WebSite","@id":"https:\/\/wmtbaltic.lv\/#website","url":"https:\/\/wmtbaltic.lv\/","name":"WMT Baltic","description":"Rekl\u0101mas produkti, pl\u0113ves","publisher":{"@id":"https:\/\/wmtbaltic.lv\/#organization"},"potentialAction":[{"@type":"SearchAction","target":{"@type":"EntryPoint","urlTemplate":"https:\/\/wmtbaltic.lv\/?s={search_term_string}"},"query-input":{"@type":"PropertyValueSpecification","valueRequired":true,"valueName":"search_term_string"}}],"inLanguage":"en-US"},{"@type":"Organization","@id":"https:\/\/wmtbaltic.lv\/#organization","name":"WMT Baltic","url":"https:\/\/wmtbaltic.lv\/","logo":{"@type":"ImageObject","inLanguage":"en-US","@id":"https:\/\/wmtbaltic.lv\/#\/schema\/logo\/image\/","url":"https:\/\/wmtbaltic.lv\/wp-content\/uploads\/2024\/12\/wmt-baltic-sia_107142_9_420x180.jpg","contentUrl":"https:\/\/wmtbaltic.lv\/wp-content\/uploads\/2024\/12\/wmt-baltic-sia_107142_9_420x180.jpg","width":420,"height":180,"caption":"WMT Baltic"},"image":{"@id":"https:\/\/wmtbaltic.lv\/#\/schema\/logo\/image\/"},"sameAs":["https:\/\/www.facebook.com\/WMT.Baltic.viscom\/?locale=lv_LV","https:\/\/www.instagram.com\/viscom_wmt\/"]}]}},"_links":{"self":[{"href":"https:\/\/wmtbaltic.lv\/en\/wp-json\/wp\/v2\/product\/6724","targetHints":{"allow":["GET"]}}],"collection":[{"href":"https:\/\/wmtbaltic.lv\/en\/wp-json\/wp\/v2\/product"}],"about":[{"href":"https:\/\/wmtbaltic.lv\/en\/wp-json\/wp\/v2\/types\/product"}],"replies":[{"embeddable":true,"href":"https:\/\/wmtbaltic.lv\/en\/wp-json\/wp\/v2\/comments?post=6724"}],"wp:featuredmedia":[{"embeddable":true,"href":"https:\/\/wmtbaltic.lv\/en\/wp-json\/wp\/v2\/media\/6672"}],"wp:attachment":[{"href":"https:\/\/wmtbaltic.lv\/en\/wp-json\/wp\/v2\/media?parent=6724"}],"wp:term":[{"taxonomy":"product_brand","embeddable":true,"href":"https:\/\/wmtbaltic.lv\/en\/wp-json\/wp\/v2\/product_brand?post=6724"},{"taxonomy":"product_cat","embeddable":true,"href":"https:\/\/wmtbaltic.lv\/en\/wp-json\/wp\/v2\/product_cat?post=6724"},{"taxonomy":"product_tag","embeddable":true,"href":"https:\/\/wmtbaltic.lv\/en\/wp-json\/wp\/v2\/product_tag?post=6724"}],"curies":[{"name":"wp","href":"https:\/\/api.w.org\/{rel}","templated":true}]}}