{"id":6668,"date":"2021-04-15T11:24:14","date_gmt":"2021-04-15T11:24:14","guid":{"rendered":"https:\/\/wmtbaltic.lv\/?post_type=product&#038;p=6668"},"modified":"2021-09-17T12:14:40","modified_gmt":"2021-09-17T12:14:40","slug":"uzlex-fiber-salvetesanti-dustanti-scratch-100mm-x150mm-10gb","status":"publish","type":"product","link":"https:\/\/wmtbaltic.lv\/en\/product\/uzlex-fiber-salvetesanti-dustanti-scratch-100mm-x150mm-10gb\/","title":{"rendered":"UZLEX FIBER salvetes&#8221;Anti-dust,anti-scratch&#8221;(100 x 150mm)"},"content":{"rendered":"<p>UZLEX FIBER salvetes&#8221;Anti-dust,anti-scratch&#8221;<\/p>\n<ul>\n<li>100mm x150mm -5 gb.<\/li>\n<li>100mm x150mm -10gb.<\/li>\n<\/ul>\n","protected":false},"excerpt":{"rendered":"UZLEX FIBER salvetes\"Anti-dust,anti-scratch\" 100mm x150mm -5 gb. 100mm x150mm -10gb.","protected":false},"featured_media":6664,"comment_status":"closed","ping_status":"closed","template":"","meta":[],"product_brand":[],"product_cat":[200,61,398],"product_tag":[695,692,693,694],"class_list":{"0":"post-6668","1":"product","2":"type-product","3":"status-publish","4":"has-post-thumbnail","6":"product_cat-aksesuari-aplimesanai","7":"product_cat-instrumenti-aksesuari","8":"product_cat-virsmas-tirisana","9":"product_tag-anti-scrath","10":"product_tag-instrumeti","11":"product_tag-uzlex-fiber","12":"product_tag-virsmas-tirisana","14":"first","15":"instock","16":"shipping-taxable","17":"purchasable","18":"product-type-variable"},"yoast_head":"<!-- This site is optimized with the Yoast SEO plugin v27.6 - https:\/\/yoast.com\/product\/yoast-seo-wordpress\/ -->\n<title>UZLEX FIBER salvetes&quot;Anti-dust,anti-scratch&quot;- (100mm x150mm, 10gb)<\/title>\n<meta name=\"description\" content=\"UZLEX FIBER salvetes&quot;Anti-dust,anti-scratch&quot;- (100mm x150mm, 10gb) Aksesu\u0101ri apl\u012bm\u0113\u0161anai Salvetes virsmas t\u012br\u012b\u0161anai.\" \/>\n<meta name=\"robots\" content=\"index, follow, max-snippet:-1, max-image-preview:large, max-video-preview:-1\" \/>\n<link rel=\"canonical\" href=\"https:\/\/wmtbaltic.lv\/Produkts\/uzlex-fiber-salvetesanti-dustanti-scratch-100mm-x150mm-10gb\/\" \/>\n<meta property=\"og:locale\" content=\"en_US\" \/>\n<meta property=\"og:type\" content=\"article\" \/>\n<meta property=\"og:title\" content=\"UZLEX FIBER salvetes&quot;Anti-dust,anti-scratch&quot;- (100mm x150mm, 10gb)\" \/>\n<meta property=\"og:description\" content=\"UZLEX FIBER salvetes&quot;Anti-dust,anti-scratch&quot;- (100mm x150mm, 10gb) Aksesu\u0101ri apl\u012bm\u0113\u0161anai Salvetes virsmas t\u012br\u012b\u0161anai.\" \/>\n<meta property=\"og:url\" content=\"https:\/\/wmtbaltic.lv\/Produkts\/uzlex-fiber-salvetesanti-dustanti-scratch-100mm-x150mm-10gb\/\" \/>\n<meta property=\"og:site_name\" content=\"WMT Baltic\" \/>\n<meta property=\"article:publisher\" content=\"https:\/\/www.facebook.com\/WMT.Baltic.viscom\/?locale=lv_LV\" \/>\n<meta property=\"article:modified_time\" content=\"2021-09-17T12:14:40+00:00\" \/>\n<meta property=\"og:image\" content=\"https:\/\/wmtbaltic.lv\/wp-content\/uploads\/2021\/04\/tools.uzlex_fiber.jpg\" \/>\n\t<meta property=\"og:image:width\" content=\"2000\" \/>\n\t<meta property=\"og:image:height\" content=\"1500\" \/>\n\t<meta property=\"og:image:type\" content=\"image\/jpeg\" \/>\n<meta name=\"twitter:card\" content=\"summary_large_image\" \/>\n<meta name=\"twitter:label1\" content=\"Est. reading time\" \/>\n\t<meta name=\"twitter:data1\" content=\"1 minute\" \/>\n<script type=\"application\/ld+json\" class=\"yoast-schema-graph\">{\"@context\":\"https:\\\/\\\/schema.org\",\"@graph\":[{\"@type\":\"WebPage\",\"@id\":\"https:\\\/\\\/wmtbaltic.lv\\\/Produkts\\\/uzlex-fiber-salvetesanti-dustanti-scratch-100mm-x150mm-10gb\\\/\",\"url\":\"https:\\\/\\\/wmtbaltic.lv\\\/Produkts\\\/uzlex-fiber-salvetesanti-dustanti-scratch-100mm-x150mm-10gb\\\/\",\"name\":\"UZLEX FIBER salvetes\\\"Anti-dust,anti-scratch\\\"- (100mm x150mm, 10gb)\",\"isPartOf\":{\"@id\":\"https:\\\/\\\/wmtbaltic.lv\\\/#website\"},\"primaryImageOfPage\":{\"@id\":\"https:\\\/\\\/wmtbaltic.lv\\\/Produkts\\\/uzlex-fiber-salvetesanti-dustanti-scratch-100mm-x150mm-10gb\\\/#primaryimage\"},\"image\":{\"@id\":\"https:\\\/\\\/wmtbaltic.lv\\\/Produkts\\\/uzlex-fiber-salvetesanti-dustanti-scratch-100mm-x150mm-10gb\\\/#primaryimage\"},\"thumbnailUrl\":\"https:\\\/\\\/wmtbaltic.lv\\\/wp-content\\\/uploads\\\/2021\\\/04\\\/tools.uzlex_fiber.jpg\",\"datePublished\":\"2021-04-15T11:24:14+00:00\",\"dateModified\":\"2021-09-17T12:14:40+00:00\",\"description\":\"UZLEX FIBER salvetes\\\"Anti-dust,anti-scratch\\\"- (100mm x150mm, 10gb) Aksesu\u0101ri apl\u012bm\u0113\u0161anai Salvetes virsmas t\u012br\u012b\u0161anai.\",\"breadcrumb\":{\"@id\":\"https:\\\/\\\/wmtbaltic.lv\\\/Produkts\\\/uzlex-fiber-salvetesanti-dustanti-scratch-100mm-x150mm-10gb\\\/#breadcrumb\"},\"inLanguage\":\"en-US\",\"potentialAction\":[{\"@type\":\"ReadAction\",\"target\":[\"https:\\\/\\\/wmtbaltic.lv\\\/Produkts\\\/uzlex-fiber-salvetesanti-dustanti-scratch-100mm-x150mm-10gb\\\/\"]}]},{\"@type\":\"ImageObject\",\"inLanguage\":\"en-US\",\"@id\":\"https:\\\/\\\/wmtbaltic.lv\\\/Produkts\\\/uzlex-fiber-salvetesanti-dustanti-scratch-100mm-x150mm-10gb\\\/#primaryimage\",\"url\":\"https:\\\/\\\/wmtbaltic.lv\\\/wp-content\\\/uploads\\\/2021\\\/04\\\/tools.uzlex_fiber.jpg\",\"contentUrl\":\"https:\\\/\\\/wmtbaltic.lv\\\/wp-content\\\/uploads\\\/2021\\\/04\\\/tools.uzlex_fiber.jpg\",\"width\":2000,\"height\":1500},{\"@type\":\"BreadcrumbList\",\"@id\":\"https:\\\/\\\/wmtbaltic.lv\\\/Produkts\\\/uzlex-fiber-salvetesanti-dustanti-scratch-100mm-x150mm-10gb\\\/#breadcrumb\",\"itemListElement\":[{\"@type\":\"ListItem\",\"position\":1,\"name\":\"Home\",\"item\":\"https:\\\/\\\/wmtbaltic.lv\\\/en\\\/\"},{\"@type\":\"ListItem\",\"position\":2,\"name\":\"Products\",\"item\":\"https:\\\/\\\/wmtbaltic.lv\\\/en\\\/shop\\\/\"},{\"@type\":\"ListItem\",\"position\":3,\"name\":\"UZLEX FIBER salvetes&#8221;Anti-dust,anti-scratch&#8221;(100 x 150mm)\"}]},{\"@type\":\"WebSite\",\"@id\":\"https:\\\/\\\/wmtbaltic.lv\\\/#website\",\"url\":\"https:\\\/\\\/wmtbaltic.lv\\\/\",\"name\":\"WMT Baltic\",\"description\":\"Rekl\u0101mas produkti, pl\u0113ves\",\"publisher\":{\"@id\":\"https:\\\/\\\/wmtbaltic.lv\\\/#organization\"},\"potentialAction\":[{\"@type\":\"SearchAction\",\"target\":{\"@type\":\"EntryPoint\",\"urlTemplate\":\"https:\\\/\\\/wmtbaltic.lv\\\/?s={search_term_string}\"},\"query-input\":{\"@type\":\"PropertyValueSpecification\",\"valueRequired\":true,\"valueName\":\"search_term_string\"}}],\"inLanguage\":\"en-US\"},{\"@type\":\"Organization\",\"@id\":\"https:\\\/\\\/wmtbaltic.lv\\\/#organization\",\"name\":\"WMT Baltic\",\"url\":\"https:\\\/\\\/wmtbaltic.lv\\\/\",\"logo\":{\"@type\":\"ImageObject\",\"inLanguage\":\"en-US\",\"@id\":\"https:\\\/\\\/wmtbaltic.lv\\\/#\\\/schema\\\/logo\\\/image\\\/\",\"url\":\"https:\\\/\\\/wmtbaltic.lv\\\/wp-content\\\/uploads\\\/2024\\\/12\\\/wmt-baltic-sia_107142_9_420x180.jpg\",\"contentUrl\":\"https:\\\/\\\/wmtbaltic.lv\\\/wp-content\\\/uploads\\\/2024\\\/12\\\/wmt-baltic-sia_107142_9_420x180.jpg\",\"width\":420,\"height\":180,\"caption\":\"WMT Baltic\"},\"image\":{\"@id\":\"https:\\\/\\\/wmtbaltic.lv\\\/#\\\/schema\\\/logo\\\/image\\\/\"},\"sameAs\":[\"https:\\\/\\\/www.facebook.com\\\/WMT.Baltic.viscom\\\/?locale=lv_LV\",\"https:\\\/\\\/www.instagram.com\\\/viscom_wmt\\\/\"]}]}<\/script>\n<!-- \/ Yoast SEO plugin. -->","yoast_head_json":{"title":"UZLEX FIBER salvetes\"Anti-dust,anti-scratch\"- (100mm x150mm, 10gb)","description":"UZLEX FIBER salvetes\"Anti-dust,anti-scratch\"- (100mm x150mm, 10gb) Aksesu\u0101ri apl\u012bm\u0113\u0161anai Salvetes virsmas t\u012br\u012b\u0161anai.","robots":{"index":"index","follow":"follow","max-snippet":"max-snippet:-1","max-image-preview":"max-image-preview:large","max-video-preview":"max-video-preview:-1"},"canonical":"https:\/\/wmtbaltic.lv\/Produkts\/uzlex-fiber-salvetesanti-dustanti-scratch-100mm-x150mm-10gb\/","og_locale":"en_US","og_type":"article","og_title":"UZLEX FIBER salvetes\"Anti-dust,anti-scratch\"- (100mm x150mm, 10gb)","og_description":"UZLEX FIBER salvetes\"Anti-dust,anti-scratch\"- (100mm x150mm, 10gb) Aksesu\u0101ri apl\u012bm\u0113\u0161anai Salvetes virsmas t\u012br\u012b\u0161anai.","og_url":"https:\/\/wmtbaltic.lv\/Produkts\/uzlex-fiber-salvetesanti-dustanti-scratch-100mm-x150mm-10gb\/","og_site_name":"WMT Baltic","article_publisher":"https:\/\/www.facebook.com\/WMT.Baltic.viscom\/?locale=lv_LV","article_modified_time":"2021-09-17T12:14:40+00:00","og_image":[{"width":2000,"height":1500,"url":"https:\/\/wmtbaltic.lv\/wp-content\/uploads\/2021\/04\/tools.uzlex_fiber.jpg","type":"image\/jpeg"}],"twitter_card":"summary_large_image","twitter_misc":{"Est. reading time":"1 minute"},"schema":{"@context":"https:\/\/schema.org","@graph":[{"@type":"WebPage","@id":"https:\/\/wmtbaltic.lv\/Produkts\/uzlex-fiber-salvetesanti-dustanti-scratch-100mm-x150mm-10gb\/","url":"https:\/\/wmtbaltic.lv\/Produkts\/uzlex-fiber-salvetesanti-dustanti-scratch-100mm-x150mm-10gb\/","name":"UZLEX FIBER salvetes\"Anti-dust,anti-scratch\"- (100mm x150mm, 10gb)","isPartOf":{"@id":"https:\/\/wmtbaltic.lv\/#website"},"primaryImageOfPage":{"@id":"https:\/\/wmtbaltic.lv\/Produkts\/uzlex-fiber-salvetesanti-dustanti-scratch-100mm-x150mm-10gb\/#primaryimage"},"image":{"@id":"https:\/\/wmtbaltic.lv\/Produkts\/uzlex-fiber-salvetesanti-dustanti-scratch-100mm-x150mm-10gb\/#primaryimage"},"thumbnailUrl":"https:\/\/wmtbaltic.lv\/wp-content\/uploads\/2021\/04\/tools.uzlex_fiber.jpg","datePublished":"2021-04-15T11:24:14+00:00","dateModified":"2021-09-17T12:14:40+00:00","description":"UZLEX FIBER salvetes\"Anti-dust,anti-scratch\"- (100mm x150mm, 10gb) Aksesu\u0101ri apl\u012bm\u0113\u0161anai Salvetes virsmas t\u012br\u012b\u0161anai.","breadcrumb":{"@id":"https:\/\/wmtbaltic.lv\/Produkts\/uzlex-fiber-salvetesanti-dustanti-scratch-100mm-x150mm-10gb\/#breadcrumb"},"inLanguage":"en-US","potentialAction":[{"@type":"ReadAction","target":["https:\/\/wmtbaltic.lv\/Produkts\/uzlex-fiber-salvetesanti-dustanti-scratch-100mm-x150mm-10gb\/"]}]},{"@type":"ImageObject","inLanguage":"en-US","@id":"https:\/\/wmtbaltic.lv\/Produkts\/uzlex-fiber-salvetesanti-dustanti-scratch-100mm-x150mm-10gb\/#primaryimage","url":"https:\/\/wmtbaltic.lv\/wp-content\/uploads\/2021\/04\/tools.uzlex_fiber.jpg","contentUrl":"https:\/\/wmtbaltic.lv\/wp-content\/uploads\/2021\/04\/tools.uzlex_fiber.jpg","width":2000,"height":1500},{"@type":"BreadcrumbList","@id":"https:\/\/wmtbaltic.lv\/Produkts\/uzlex-fiber-salvetesanti-dustanti-scratch-100mm-x150mm-10gb\/#breadcrumb","itemListElement":[{"@type":"ListItem","position":1,"name":"Home","item":"https:\/\/wmtbaltic.lv\/en\/"},{"@type":"ListItem","position":2,"name":"Products","item":"https:\/\/wmtbaltic.lv\/en\/shop\/"},{"@type":"ListItem","position":3,"name":"UZLEX FIBER salvetes&#8221;Anti-dust,anti-scratch&#8221;(100 x 150mm)"}]},{"@type":"WebSite","@id":"https:\/\/wmtbaltic.lv\/#website","url":"https:\/\/wmtbaltic.lv\/","name":"WMT Baltic","description":"Rekl\u0101mas produkti, pl\u0113ves","publisher":{"@id":"https:\/\/wmtbaltic.lv\/#organization"},"potentialAction":[{"@type":"SearchAction","target":{"@type":"EntryPoint","urlTemplate":"https:\/\/wmtbaltic.lv\/?s={search_term_string}"},"query-input":{"@type":"PropertyValueSpecification","valueRequired":true,"valueName":"search_term_string"}}],"inLanguage":"en-US"},{"@type":"Organization","@id":"https:\/\/wmtbaltic.lv\/#organization","name":"WMT Baltic","url":"https:\/\/wmtbaltic.lv\/","logo":{"@type":"ImageObject","inLanguage":"en-US","@id":"https:\/\/wmtbaltic.lv\/#\/schema\/logo\/image\/","url":"https:\/\/wmtbaltic.lv\/wp-content\/uploads\/2024\/12\/wmt-baltic-sia_107142_9_420x180.jpg","contentUrl":"https:\/\/wmtbaltic.lv\/wp-content\/uploads\/2024\/12\/wmt-baltic-sia_107142_9_420x180.jpg","width":420,"height":180,"caption":"WMT Baltic"},"image":{"@id":"https:\/\/wmtbaltic.lv\/#\/schema\/logo\/image\/"},"sameAs":["https:\/\/www.facebook.com\/WMT.Baltic.viscom\/?locale=lv_LV","https:\/\/www.instagram.com\/viscom_wmt\/"]}]}},"_links":{"self":[{"href":"https:\/\/wmtbaltic.lv\/en\/wp-json\/wp\/v2\/product\/6668","targetHints":{"allow":["GET"]}}],"collection":[{"href":"https:\/\/wmtbaltic.lv\/en\/wp-json\/wp\/v2\/product"}],"about":[{"href":"https:\/\/wmtbaltic.lv\/en\/wp-json\/wp\/v2\/types\/product"}],"replies":[{"embeddable":true,"href":"https:\/\/wmtbaltic.lv\/en\/wp-json\/wp\/v2\/comments?post=6668"}],"wp:featuredmedia":[{"embeddable":true,"href":"https:\/\/wmtbaltic.lv\/en\/wp-json\/wp\/v2\/media\/6664"}],"wp:attachment":[{"href":"https:\/\/wmtbaltic.lv\/en\/wp-json\/wp\/v2\/media?parent=6668"}],"wp:term":[{"taxonomy":"product_brand","embeddable":true,"href":"https:\/\/wmtbaltic.lv\/en\/wp-json\/wp\/v2\/product_brand?post=6668"},{"taxonomy":"product_cat","embeddable":true,"href":"https:\/\/wmtbaltic.lv\/en\/wp-json\/wp\/v2\/product_cat?post=6668"},{"taxonomy":"product_tag","embeddable":true,"href":"https:\/\/wmtbaltic.lv\/en\/wp-json\/wp\/v2\/product_tag?post=6668"}],"curies":[{"name":"wp","href":"https:\/\/api.w.org\/{rel}","templated":true}]}}