{"id":6639,"date":"2021-04-15T08:39:13","date_gmt":"2021-04-15T08:39:13","guid":{"rendered":"https:\/\/wmtbaltic.lv\/?post_type=product&#038;p=6639"},"modified":"2021-04-15T08:39:14","modified_gmt":"2021-04-15T08:39:14","slug":"soma-instrumentiem-ts3","status":"publish","type":"product","link":"https:\/\/wmtbaltic.lv\/en\/product\/soma-instrumentiem-ts3\/","title":{"rendered":"Soma instrumentiem TS3"},"content":{"rendered":"<p>Kompakta un \u0113rti lietojama soma instrumentiem TS3, \u013cauj \u0113rti organiz\u0113t nepiecie\u0161amos instrumentus.<\/p>\n<div class=\"detail-block\">\n<div class=\"row\">\n<div id=\"post-6632\" class=\"post post-6632 product type-product status-publish has-post-thumbnail product_cat-cits product_cat-darbavietas-organizacija product_cat-instrumenti-aksesuari product_tag-aksesuari product_tag-instrumenti product_tag-instrumentu-somas product_tag-tool-bag product_tag-uzlex instock shipping-taxable purchasable product-type-simple\"><\/div>\n<\/div>\n<\/div>\n","protected":false},"excerpt":{"rendered":"Kompakta un \u0113rti lietojama soma instrumentiem TS3, \u013cauj \u0113rti organiz\u0113t nepiecie\u0161amos instrumentus.","protected":false},"featured_media":6641,"comment_status":"closed","ping_status":"closed","template":"","meta":[],"product_brand":[],"product_cat":[311,308,61],"product_tag":[342,690,290],"class_list":{"0":"post-6639","1":"product","2":"type-product","3":"status-publish","4":"has-post-thumbnail","6":"product_cat-cits","7":"product_cat-darbavietas-organizacija","8":"product_cat-instrumenti-aksesuari","9":"product_tag-instrumenti","10":"product_tag-soma-instrumentiem","11":"product_tag-uzlex","13":"first","14":"instock","15":"shipping-taxable","16":"purchasable","17":"product-type-simple"},"yoast_head":"<!-- This site is optimized with the Yoast SEO plugin v27.4 - https:\/\/yoast.com\/product\/yoast-seo-wordpress\/ -->\n<title>Soma instrumentiem TS3 - WMT Baltic veiklas R\u012bga<\/title>\n<meta name=\"description\" content=\"soma instrumentiem TS3, Kompakta un \u0113rti lietojama soma instrumentiem , \u013cauj \u0113rti organiz\u0113t nepiecie\u0161amos instrumentus.\" \/>\n<meta name=\"robots\" content=\"index, follow, max-snippet:-1, max-image-preview:large, max-video-preview:-1\" \/>\n<link rel=\"canonical\" href=\"https:\/\/wmtbaltic.lv\/Produkts\/soma-instrumentiem-ts3\/\" \/>\n<meta property=\"og:locale\" content=\"en_US\" \/>\n<meta property=\"og:type\" content=\"article\" \/>\n<meta property=\"og:title\" content=\"Soma instrumentiem TS3 - WMT Baltic veiklas R\u012bga\" \/>\n<meta property=\"og:description\" content=\"soma instrumentiem TS3, Kompakta un \u0113rti lietojama soma instrumentiem , \u013cauj \u0113rti organiz\u0113t nepiecie\u0161amos instrumentus.\" \/>\n<meta property=\"og:url\" content=\"https:\/\/wmtbaltic.lv\/Produkts\/soma-instrumentiem-ts3\/\" \/>\n<meta property=\"og:site_name\" content=\"WMT Baltic\" \/>\n<meta property=\"article:publisher\" content=\"https:\/\/www.facebook.com\/WMT.Baltic.viscom\/?locale=lv_LV\" \/>\n<meta property=\"article:modified_time\" content=\"2021-04-15T08:39:14+00:00\" \/>\n<meta property=\"og:image\" content=\"https:\/\/wmtbaltic.lv\/wp-content\/uploads\/2021\/04\/UZLEX_tool.bag_21930037.jpg\" \/>\n\t<meta property=\"og:image:width\" content=\"2000\" \/>\n\t<meta property=\"og:image:height\" content=\"1500\" \/>\n\t<meta property=\"og:image:type\" content=\"image\/jpeg\" \/>\n<meta name=\"twitter:card\" content=\"summary_large_image\" \/>\n<meta name=\"twitter:label1\" content=\"Est. reading time\" \/>\n\t<meta name=\"twitter:data1\" content=\"1 minute\" \/>\n<script type=\"application\/ld+json\" class=\"yoast-schema-graph\">{\"@context\":\"https:\\\/\\\/schema.org\",\"@graph\":[{\"@type\":\"WebPage\",\"@id\":\"https:\\\/\\\/wmtbaltic.lv\\\/Produkts\\\/soma-instrumentiem-ts3\\\/\",\"url\":\"https:\\\/\\\/wmtbaltic.lv\\\/Produkts\\\/soma-instrumentiem-ts3\\\/\",\"name\":\"Soma instrumentiem TS3 - WMT Baltic veiklas R\u012bga\",\"isPartOf\":{\"@id\":\"https:\\\/\\\/wmtbaltic.lv\\\/#website\"},\"primaryImageOfPage\":{\"@id\":\"https:\\\/\\\/wmtbaltic.lv\\\/Produkts\\\/soma-instrumentiem-ts3\\\/#primaryimage\"},\"image\":{\"@id\":\"https:\\\/\\\/wmtbaltic.lv\\\/Produkts\\\/soma-instrumentiem-ts3\\\/#primaryimage\"},\"thumbnailUrl\":\"https:\\\/\\\/wmtbaltic.lv\\\/wp-content\\\/uploads\\\/2021\\\/04\\\/UZLEX_tool.bag_21930037.jpg\",\"datePublished\":\"2021-04-15T08:39:13+00:00\",\"dateModified\":\"2021-04-15T08:39:14+00:00\",\"description\":\"soma instrumentiem TS3, Kompakta un \u0113rti lietojama soma instrumentiem , \u013cauj \u0113rti organiz\u0113t nepiecie\u0161amos instrumentus.\",\"breadcrumb\":{\"@id\":\"https:\\\/\\\/wmtbaltic.lv\\\/Produkts\\\/soma-instrumentiem-ts3\\\/#breadcrumb\"},\"inLanguage\":\"en-US\",\"potentialAction\":[{\"@type\":\"ReadAction\",\"target\":[\"https:\\\/\\\/wmtbaltic.lv\\\/Produkts\\\/soma-instrumentiem-ts3\\\/\"]}]},{\"@type\":\"ImageObject\",\"inLanguage\":\"en-US\",\"@id\":\"https:\\\/\\\/wmtbaltic.lv\\\/Produkts\\\/soma-instrumentiem-ts3\\\/#primaryimage\",\"url\":\"https:\\\/\\\/wmtbaltic.lv\\\/wp-content\\\/uploads\\\/2021\\\/04\\\/UZLEX_tool.bag_21930037.jpg\",\"contentUrl\":\"https:\\\/\\\/wmtbaltic.lv\\\/wp-content\\\/uploads\\\/2021\\\/04\\\/UZLEX_tool.bag_21930037.jpg\",\"width\":2000,\"height\":1500},{\"@type\":\"BreadcrumbList\",\"@id\":\"https:\\\/\\\/wmtbaltic.lv\\\/Produkts\\\/soma-instrumentiem-ts3\\\/#breadcrumb\",\"itemListElement\":[{\"@type\":\"ListItem\",\"position\":1,\"name\":\"Home\",\"item\":\"https:\\\/\\\/wmtbaltic.lv\\\/en\\\/\"},{\"@type\":\"ListItem\",\"position\":2,\"name\":\"Products\",\"item\":\"https:\\\/\\\/wmtbaltic.lv\\\/en\\\/shop\\\/\"},{\"@type\":\"ListItem\",\"position\":3,\"name\":\"Soma instrumentiem TS3\"}]},{\"@type\":\"WebSite\",\"@id\":\"https:\\\/\\\/wmtbaltic.lv\\\/#website\",\"url\":\"https:\\\/\\\/wmtbaltic.lv\\\/\",\"name\":\"WMT Baltic\",\"description\":\"Rekl\u0101mas produkti, pl\u0113ves\",\"publisher\":{\"@id\":\"https:\\\/\\\/wmtbaltic.lv\\\/#organization\"},\"potentialAction\":[{\"@type\":\"SearchAction\",\"target\":{\"@type\":\"EntryPoint\",\"urlTemplate\":\"https:\\\/\\\/wmtbaltic.lv\\\/?s={search_term_string}\"},\"query-input\":{\"@type\":\"PropertyValueSpecification\",\"valueRequired\":true,\"valueName\":\"search_term_string\"}}],\"inLanguage\":\"en-US\"},{\"@type\":\"Organization\",\"@id\":\"https:\\\/\\\/wmtbaltic.lv\\\/#organization\",\"name\":\"WMT Baltic\",\"url\":\"https:\\\/\\\/wmtbaltic.lv\\\/\",\"logo\":{\"@type\":\"ImageObject\",\"inLanguage\":\"en-US\",\"@id\":\"https:\\\/\\\/wmtbaltic.lv\\\/#\\\/schema\\\/logo\\\/image\\\/\",\"url\":\"https:\\\/\\\/wmtbaltic.lv\\\/wp-content\\\/uploads\\\/2024\\\/12\\\/wmt-baltic-sia_107142_9_420x180.jpg\",\"contentUrl\":\"https:\\\/\\\/wmtbaltic.lv\\\/wp-content\\\/uploads\\\/2024\\\/12\\\/wmt-baltic-sia_107142_9_420x180.jpg\",\"width\":420,\"height\":180,\"caption\":\"WMT Baltic\"},\"image\":{\"@id\":\"https:\\\/\\\/wmtbaltic.lv\\\/#\\\/schema\\\/logo\\\/image\\\/\"},\"sameAs\":[\"https:\\\/\\\/www.facebook.com\\\/WMT.Baltic.viscom\\\/?locale=lv_LV\",\"https:\\\/\\\/www.instagram.com\\\/viscom_wmt\\\/\"]}]}<\/script>\n<!-- \/ Yoast SEO plugin. -->","yoast_head_json":{"title":"Soma instrumentiem TS3 - WMT Baltic veiklas R\u012bga","description":"soma instrumentiem TS3, Kompakta un \u0113rti lietojama soma instrumentiem , \u013cauj \u0113rti organiz\u0113t nepiecie\u0161amos instrumentus.","robots":{"index":"index","follow":"follow","max-snippet":"max-snippet:-1","max-image-preview":"max-image-preview:large","max-video-preview":"max-video-preview:-1"},"canonical":"https:\/\/wmtbaltic.lv\/Produkts\/soma-instrumentiem-ts3\/","og_locale":"en_US","og_type":"article","og_title":"Soma instrumentiem TS3 - WMT Baltic veiklas R\u012bga","og_description":"soma instrumentiem TS3, Kompakta un \u0113rti lietojama soma instrumentiem , \u013cauj \u0113rti organiz\u0113t nepiecie\u0161amos instrumentus.","og_url":"https:\/\/wmtbaltic.lv\/Produkts\/soma-instrumentiem-ts3\/","og_site_name":"WMT Baltic","article_publisher":"https:\/\/www.facebook.com\/WMT.Baltic.viscom\/?locale=lv_LV","article_modified_time":"2021-04-15T08:39:14+00:00","og_image":[{"width":2000,"height":1500,"url":"https:\/\/wmtbaltic.lv\/wp-content\/uploads\/2021\/04\/UZLEX_tool.bag_21930037.jpg","type":"image\/jpeg"}],"twitter_card":"summary_large_image","twitter_misc":{"Est. reading time":"1 minute"},"schema":{"@context":"https:\/\/schema.org","@graph":[{"@type":"WebPage","@id":"https:\/\/wmtbaltic.lv\/Produkts\/soma-instrumentiem-ts3\/","url":"https:\/\/wmtbaltic.lv\/Produkts\/soma-instrumentiem-ts3\/","name":"Soma instrumentiem TS3 - WMT Baltic veiklas R\u012bga","isPartOf":{"@id":"https:\/\/wmtbaltic.lv\/#website"},"primaryImageOfPage":{"@id":"https:\/\/wmtbaltic.lv\/Produkts\/soma-instrumentiem-ts3\/#primaryimage"},"image":{"@id":"https:\/\/wmtbaltic.lv\/Produkts\/soma-instrumentiem-ts3\/#primaryimage"},"thumbnailUrl":"https:\/\/wmtbaltic.lv\/wp-content\/uploads\/2021\/04\/UZLEX_tool.bag_21930037.jpg","datePublished":"2021-04-15T08:39:13+00:00","dateModified":"2021-04-15T08:39:14+00:00","description":"soma instrumentiem TS3, Kompakta un \u0113rti lietojama soma instrumentiem , \u013cauj \u0113rti organiz\u0113t nepiecie\u0161amos instrumentus.","breadcrumb":{"@id":"https:\/\/wmtbaltic.lv\/Produkts\/soma-instrumentiem-ts3\/#breadcrumb"},"inLanguage":"en-US","potentialAction":[{"@type":"ReadAction","target":["https:\/\/wmtbaltic.lv\/Produkts\/soma-instrumentiem-ts3\/"]}]},{"@type":"ImageObject","inLanguage":"en-US","@id":"https:\/\/wmtbaltic.lv\/Produkts\/soma-instrumentiem-ts3\/#primaryimage","url":"https:\/\/wmtbaltic.lv\/wp-content\/uploads\/2021\/04\/UZLEX_tool.bag_21930037.jpg","contentUrl":"https:\/\/wmtbaltic.lv\/wp-content\/uploads\/2021\/04\/UZLEX_tool.bag_21930037.jpg","width":2000,"height":1500},{"@type":"BreadcrumbList","@id":"https:\/\/wmtbaltic.lv\/Produkts\/soma-instrumentiem-ts3\/#breadcrumb","itemListElement":[{"@type":"ListItem","position":1,"name":"Home","item":"https:\/\/wmtbaltic.lv\/en\/"},{"@type":"ListItem","position":2,"name":"Products","item":"https:\/\/wmtbaltic.lv\/en\/shop\/"},{"@type":"ListItem","position":3,"name":"Soma instrumentiem TS3"}]},{"@type":"WebSite","@id":"https:\/\/wmtbaltic.lv\/#website","url":"https:\/\/wmtbaltic.lv\/","name":"WMT Baltic","description":"Rekl\u0101mas produkti, pl\u0113ves","publisher":{"@id":"https:\/\/wmtbaltic.lv\/#organization"},"potentialAction":[{"@type":"SearchAction","target":{"@type":"EntryPoint","urlTemplate":"https:\/\/wmtbaltic.lv\/?s={search_term_string}"},"query-input":{"@type":"PropertyValueSpecification","valueRequired":true,"valueName":"search_term_string"}}],"inLanguage":"en-US"},{"@type":"Organization","@id":"https:\/\/wmtbaltic.lv\/#organization","name":"WMT Baltic","url":"https:\/\/wmtbaltic.lv\/","logo":{"@type":"ImageObject","inLanguage":"en-US","@id":"https:\/\/wmtbaltic.lv\/#\/schema\/logo\/image\/","url":"https:\/\/wmtbaltic.lv\/wp-content\/uploads\/2024\/12\/wmt-baltic-sia_107142_9_420x180.jpg","contentUrl":"https:\/\/wmtbaltic.lv\/wp-content\/uploads\/2024\/12\/wmt-baltic-sia_107142_9_420x180.jpg","width":420,"height":180,"caption":"WMT Baltic"},"image":{"@id":"https:\/\/wmtbaltic.lv\/#\/schema\/logo\/image\/"},"sameAs":["https:\/\/www.facebook.com\/WMT.Baltic.viscom\/?locale=lv_LV","https:\/\/www.instagram.com\/viscom_wmt\/"]}]}},"_links":{"self":[{"href":"https:\/\/wmtbaltic.lv\/en\/wp-json\/wp\/v2\/product\/6639","targetHints":{"allow":["GET"]}}],"collection":[{"href":"https:\/\/wmtbaltic.lv\/en\/wp-json\/wp\/v2\/product"}],"about":[{"href":"https:\/\/wmtbaltic.lv\/en\/wp-json\/wp\/v2\/types\/product"}],"replies":[{"embeddable":true,"href":"https:\/\/wmtbaltic.lv\/en\/wp-json\/wp\/v2\/comments?post=6639"}],"wp:featuredmedia":[{"embeddable":true,"href":"https:\/\/wmtbaltic.lv\/en\/wp-json\/wp\/v2\/media\/6641"}],"wp:attachment":[{"href":"https:\/\/wmtbaltic.lv\/en\/wp-json\/wp\/v2\/media?parent=6639"}],"wp:term":[{"taxonomy":"product_brand","embeddable":true,"href":"https:\/\/wmtbaltic.lv\/en\/wp-json\/wp\/v2\/product_brand?post=6639"},{"taxonomy":"product_cat","embeddable":true,"href":"https:\/\/wmtbaltic.lv\/en\/wp-json\/wp\/v2\/product_cat?post=6639"},{"taxonomy":"product_tag","embeddable":true,"href":"https:\/\/wmtbaltic.lv\/en\/wp-json\/wp\/v2\/product_tag?post=6639"}],"curies":[{"name":"wp","href":"https:\/\/api.w.org\/{rel}","templated":true}]}}