{"id":6635,"date":"2021-04-15T08:24:31","date_gmt":"2021-04-15T08:24:31","guid":{"rendered":"https:\/\/wmtbaltic.lv\/?post_type=product&#038;p=6635"},"modified":"2021-04-15T08:27:44","modified_gmt":"2021-04-15T08:27:44","slug":"soma-instrumentiem-ts4","status":"publish","type":"product","link":"https:\/\/wmtbaltic.lv\/en\/product\/soma-instrumentiem-ts4\/","title":{"rendered":"Soma instrumentiem TS4"},"content":{"rendered":"<p>Kompakta un \u0113rti lietojama soma instrumentiem TS4, \u013cauj \u0113rti organiz\u0113t nepiecie\u0161amos instrumentus.<\/p>\n<div class=\"detail-block\">\n<div class=\"row\">\n<div id=\"post-6632\" class=\"post post-6632 product type-product status-publish has-post-thumbnail product_cat-cits product_cat-darbavietas-organizacija product_cat-instrumenti-aksesuari product_tag-aksesuari product_tag-instrumenti product_tag-instrumentu-somas product_tag-tool-bag product_tag-uzlex instock shipping-taxable purchasable product-type-simple\">\n<div class=\"summary entry-summary col-sm-6 col-md-7 product-info-block\">\n<div class=\"product-info\"><\/div>\n<\/div>\n<\/div>\n<\/div>\n<\/div>\n<div id=\"reviews-content\" class=\"product-tabs inner-bottom-xs post-6632 product type-product status-publish has-post-thumbnail product_cat-cits product_cat-darbavietas-organizacija product_cat-instrumenti-aksesuari product_tag-aksesuari product_tag-instrumenti product_tag-instrumentu-somas product_tag-tool-bag product_tag-uzlex instock shipping-taxable purchasable product-type-simple\">\n<div class=\"row\">\n<div class=\"col-sm-12\">\n<div class=\"tab-content\">\n<div id=\"tab-description\" class=\"tab-pane active in\">\n<h4 class=\"title\"><\/h4>\n<\/div>\n<\/div>\n<\/div>\n<\/div>\n<\/div>\n","protected":false},"excerpt":{"rendered":"Kompakta un \u0113rti lietojama soma instrumentiem TS4, \u013cauj \u0113rti organiz\u0113t nepiecie\u0161amos instrumentus.","protected":false},"featured_media":6636,"comment_status":"closed","ping_status":"closed","template":"","meta":[],"product_brand":[],"product_cat":[311,308,61,83],"product_tag":[378,342,690,290],"class_list":{"0":"post-6635","1":"product","2":"type-product","3":"status-publish","4":"has-post-thumbnail","6":"product_cat-cits","7":"product_cat-darbavietas-organizacija","8":"product_cat-instrumenti-aksesuari","9":"product_cat-uncategorized-lv","10":"product_tag-aksesuari","11":"product_tag-instrumenti","12":"product_tag-soma-instrumentiem","13":"product_tag-uzlex","15":"first","16":"instock","17":"shipping-taxable","18":"purchasable","19":"product-type-simple"},"yoast_head":"<!-- This site is optimized with the Yoast SEO plugin v27.6 - https:\/\/yoast.com\/product\/yoast-seo-wordpress\/ -->\n<title>Soma instrumentiem TS4 - WMT Baltic veikals R\u012bga<\/title>\n<meta name=\"description\" content=\"Soma instrumentiem TS4 Kompakta\u00a0un\u00a0\u0113rti lietojama Soma instrumentiem \u013cauj \u0113rti organiz\u0113t nepiecie\u0161amos instrumentus.\" \/>\n<meta name=\"robots\" content=\"index, follow, max-snippet:-1, max-image-preview:large, max-video-preview:-1\" \/>\n<link rel=\"canonical\" href=\"https:\/\/wmtbaltic.lv\/Produkts\/soma-instrumentiem-ts4\/\" \/>\n<meta property=\"og:locale\" content=\"en_US\" \/>\n<meta property=\"og:type\" content=\"article\" \/>\n<meta property=\"og:title\" content=\"Soma instrumentiem TS4 - WMT Baltic veikals R\u012bga\" \/>\n<meta property=\"og:description\" content=\"Soma instrumentiem TS4 Kompakta\u00a0un\u00a0\u0113rti lietojama Soma instrumentiem \u013cauj \u0113rti organiz\u0113t nepiecie\u0161amos instrumentus.\" \/>\n<meta property=\"og:url\" content=\"https:\/\/wmtbaltic.lv\/Produkts\/soma-instrumentiem-ts4\/\" \/>\n<meta property=\"og:site_name\" content=\"WMT Baltic\" \/>\n<meta property=\"article:publisher\" content=\"https:\/\/www.facebook.com\/WMT.Baltic.viscom\/?locale=lv_LV\" \/>\n<meta property=\"article:modified_time\" content=\"2021-04-15T08:27:44+00:00\" \/>\n<meta property=\"og:image\" content=\"https:\/\/wmtbaltic.lv\/wp-content\/uploads\/2021\/04\/UZLEX_tool.bag_21930039.jpg\" \/>\n\t<meta property=\"og:image:width\" content=\"2000\" \/>\n\t<meta property=\"og:image:height\" content=\"1500\" \/>\n\t<meta property=\"og:image:type\" content=\"image\/jpeg\" \/>\n<meta name=\"twitter:card\" content=\"summary_large_image\" \/>\n<meta name=\"twitter:label1\" content=\"Est. reading time\" \/>\n\t<meta name=\"twitter:data1\" content=\"1 minute\" \/>\n<script type=\"application\/ld+json\" class=\"yoast-schema-graph\">{\"@context\":\"https:\\\/\\\/schema.org\",\"@graph\":[{\"@type\":\"WebPage\",\"@id\":\"https:\\\/\\\/wmtbaltic.lv\\\/Produkts\\\/soma-instrumentiem-ts4\\\/\",\"url\":\"https:\\\/\\\/wmtbaltic.lv\\\/Produkts\\\/soma-instrumentiem-ts4\\\/\",\"name\":\"Soma instrumentiem TS4 - WMT Baltic veikals R\u012bga\",\"isPartOf\":{\"@id\":\"https:\\\/\\\/wmtbaltic.lv\\\/#website\"},\"primaryImageOfPage\":{\"@id\":\"https:\\\/\\\/wmtbaltic.lv\\\/Produkts\\\/soma-instrumentiem-ts4\\\/#primaryimage\"},\"image\":{\"@id\":\"https:\\\/\\\/wmtbaltic.lv\\\/Produkts\\\/soma-instrumentiem-ts4\\\/#primaryimage\"},\"thumbnailUrl\":\"https:\\\/\\\/wmtbaltic.lv\\\/wp-content\\\/uploads\\\/2021\\\/04\\\/UZLEX_tool.bag_21930039.jpg\",\"datePublished\":\"2021-04-15T08:24:31+00:00\",\"dateModified\":\"2021-04-15T08:27:44+00:00\",\"description\":\"Soma instrumentiem TS4 Kompakta\u00a0un\u00a0\u0113rti lietojama Soma instrumentiem \u013cauj \u0113rti organiz\u0113t nepiecie\u0161amos instrumentus.\",\"breadcrumb\":{\"@id\":\"https:\\\/\\\/wmtbaltic.lv\\\/Produkts\\\/soma-instrumentiem-ts4\\\/#breadcrumb\"},\"inLanguage\":\"en-US\",\"potentialAction\":[{\"@type\":\"ReadAction\",\"target\":[\"https:\\\/\\\/wmtbaltic.lv\\\/Produkts\\\/soma-instrumentiem-ts4\\\/\"]}]},{\"@type\":\"ImageObject\",\"inLanguage\":\"en-US\",\"@id\":\"https:\\\/\\\/wmtbaltic.lv\\\/Produkts\\\/soma-instrumentiem-ts4\\\/#primaryimage\",\"url\":\"https:\\\/\\\/wmtbaltic.lv\\\/wp-content\\\/uploads\\\/2021\\\/04\\\/UZLEX_tool.bag_21930039.jpg\",\"contentUrl\":\"https:\\\/\\\/wmtbaltic.lv\\\/wp-content\\\/uploads\\\/2021\\\/04\\\/UZLEX_tool.bag_21930039.jpg\",\"width\":2000,\"height\":1500},{\"@type\":\"BreadcrumbList\",\"@id\":\"https:\\\/\\\/wmtbaltic.lv\\\/Produkts\\\/soma-instrumentiem-ts4\\\/#breadcrumb\",\"itemListElement\":[{\"@type\":\"ListItem\",\"position\":1,\"name\":\"Home\",\"item\":\"https:\\\/\\\/wmtbaltic.lv\\\/en\\\/\"},{\"@type\":\"ListItem\",\"position\":2,\"name\":\"Products\",\"item\":\"https:\\\/\\\/wmtbaltic.lv\\\/en\\\/shop\\\/\"},{\"@type\":\"ListItem\",\"position\":3,\"name\":\"Soma instrumentiem TS4\"}]},{\"@type\":\"WebSite\",\"@id\":\"https:\\\/\\\/wmtbaltic.lv\\\/#website\",\"url\":\"https:\\\/\\\/wmtbaltic.lv\\\/\",\"name\":\"WMT Baltic\",\"description\":\"Rekl\u0101mas produkti, pl\u0113ves\",\"publisher\":{\"@id\":\"https:\\\/\\\/wmtbaltic.lv\\\/#organization\"},\"potentialAction\":[{\"@type\":\"SearchAction\",\"target\":{\"@type\":\"EntryPoint\",\"urlTemplate\":\"https:\\\/\\\/wmtbaltic.lv\\\/?s={search_term_string}\"},\"query-input\":{\"@type\":\"PropertyValueSpecification\",\"valueRequired\":true,\"valueName\":\"search_term_string\"}}],\"inLanguage\":\"en-US\"},{\"@type\":\"Organization\",\"@id\":\"https:\\\/\\\/wmtbaltic.lv\\\/#organization\",\"name\":\"WMT Baltic\",\"url\":\"https:\\\/\\\/wmtbaltic.lv\\\/\",\"logo\":{\"@type\":\"ImageObject\",\"inLanguage\":\"en-US\",\"@id\":\"https:\\\/\\\/wmtbaltic.lv\\\/#\\\/schema\\\/logo\\\/image\\\/\",\"url\":\"https:\\\/\\\/wmtbaltic.lv\\\/wp-content\\\/uploads\\\/2024\\\/12\\\/wmt-baltic-sia_107142_9_420x180.jpg\",\"contentUrl\":\"https:\\\/\\\/wmtbaltic.lv\\\/wp-content\\\/uploads\\\/2024\\\/12\\\/wmt-baltic-sia_107142_9_420x180.jpg\",\"width\":420,\"height\":180,\"caption\":\"WMT Baltic\"},\"image\":{\"@id\":\"https:\\\/\\\/wmtbaltic.lv\\\/#\\\/schema\\\/logo\\\/image\\\/\"},\"sameAs\":[\"https:\\\/\\\/www.facebook.com\\\/WMT.Baltic.viscom\\\/?locale=lv_LV\",\"https:\\\/\\\/www.instagram.com\\\/viscom_wmt\\\/\"]}]}<\/script>\n<!-- \/ Yoast SEO plugin. -->","yoast_head_json":{"title":"Soma instrumentiem TS4 - WMT Baltic veikals R\u012bga","description":"Soma instrumentiem TS4 Kompakta\u00a0un\u00a0\u0113rti lietojama Soma instrumentiem \u013cauj \u0113rti organiz\u0113t nepiecie\u0161amos instrumentus.","robots":{"index":"index","follow":"follow","max-snippet":"max-snippet:-1","max-image-preview":"max-image-preview:large","max-video-preview":"max-video-preview:-1"},"canonical":"https:\/\/wmtbaltic.lv\/Produkts\/soma-instrumentiem-ts4\/","og_locale":"en_US","og_type":"article","og_title":"Soma instrumentiem TS4 - WMT Baltic veikals R\u012bga","og_description":"Soma instrumentiem TS4 Kompakta\u00a0un\u00a0\u0113rti lietojama Soma instrumentiem \u013cauj \u0113rti organiz\u0113t nepiecie\u0161amos instrumentus.","og_url":"https:\/\/wmtbaltic.lv\/Produkts\/soma-instrumentiem-ts4\/","og_site_name":"WMT Baltic","article_publisher":"https:\/\/www.facebook.com\/WMT.Baltic.viscom\/?locale=lv_LV","article_modified_time":"2021-04-15T08:27:44+00:00","og_image":[{"width":2000,"height":1500,"url":"https:\/\/wmtbaltic.lv\/wp-content\/uploads\/2021\/04\/UZLEX_tool.bag_21930039.jpg","type":"image\/jpeg"}],"twitter_card":"summary_large_image","twitter_misc":{"Est. reading time":"1 minute"},"schema":{"@context":"https:\/\/schema.org","@graph":[{"@type":"WebPage","@id":"https:\/\/wmtbaltic.lv\/Produkts\/soma-instrumentiem-ts4\/","url":"https:\/\/wmtbaltic.lv\/Produkts\/soma-instrumentiem-ts4\/","name":"Soma instrumentiem TS4 - WMT Baltic veikals R\u012bga","isPartOf":{"@id":"https:\/\/wmtbaltic.lv\/#website"},"primaryImageOfPage":{"@id":"https:\/\/wmtbaltic.lv\/Produkts\/soma-instrumentiem-ts4\/#primaryimage"},"image":{"@id":"https:\/\/wmtbaltic.lv\/Produkts\/soma-instrumentiem-ts4\/#primaryimage"},"thumbnailUrl":"https:\/\/wmtbaltic.lv\/wp-content\/uploads\/2021\/04\/UZLEX_tool.bag_21930039.jpg","datePublished":"2021-04-15T08:24:31+00:00","dateModified":"2021-04-15T08:27:44+00:00","description":"Soma instrumentiem TS4 Kompakta\u00a0un\u00a0\u0113rti lietojama Soma instrumentiem \u013cauj \u0113rti organiz\u0113t nepiecie\u0161amos instrumentus.","breadcrumb":{"@id":"https:\/\/wmtbaltic.lv\/Produkts\/soma-instrumentiem-ts4\/#breadcrumb"},"inLanguage":"en-US","potentialAction":[{"@type":"ReadAction","target":["https:\/\/wmtbaltic.lv\/Produkts\/soma-instrumentiem-ts4\/"]}]},{"@type":"ImageObject","inLanguage":"en-US","@id":"https:\/\/wmtbaltic.lv\/Produkts\/soma-instrumentiem-ts4\/#primaryimage","url":"https:\/\/wmtbaltic.lv\/wp-content\/uploads\/2021\/04\/UZLEX_tool.bag_21930039.jpg","contentUrl":"https:\/\/wmtbaltic.lv\/wp-content\/uploads\/2021\/04\/UZLEX_tool.bag_21930039.jpg","width":2000,"height":1500},{"@type":"BreadcrumbList","@id":"https:\/\/wmtbaltic.lv\/Produkts\/soma-instrumentiem-ts4\/#breadcrumb","itemListElement":[{"@type":"ListItem","position":1,"name":"Home","item":"https:\/\/wmtbaltic.lv\/en\/"},{"@type":"ListItem","position":2,"name":"Products","item":"https:\/\/wmtbaltic.lv\/en\/shop\/"},{"@type":"ListItem","position":3,"name":"Soma instrumentiem TS4"}]},{"@type":"WebSite","@id":"https:\/\/wmtbaltic.lv\/#website","url":"https:\/\/wmtbaltic.lv\/","name":"WMT Baltic","description":"Rekl\u0101mas produkti, pl\u0113ves","publisher":{"@id":"https:\/\/wmtbaltic.lv\/#organization"},"potentialAction":[{"@type":"SearchAction","target":{"@type":"EntryPoint","urlTemplate":"https:\/\/wmtbaltic.lv\/?s={search_term_string}"},"query-input":{"@type":"PropertyValueSpecification","valueRequired":true,"valueName":"search_term_string"}}],"inLanguage":"en-US"},{"@type":"Organization","@id":"https:\/\/wmtbaltic.lv\/#organization","name":"WMT Baltic","url":"https:\/\/wmtbaltic.lv\/","logo":{"@type":"ImageObject","inLanguage":"en-US","@id":"https:\/\/wmtbaltic.lv\/#\/schema\/logo\/image\/","url":"https:\/\/wmtbaltic.lv\/wp-content\/uploads\/2024\/12\/wmt-baltic-sia_107142_9_420x180.jpg","contentUrl":"https:\/\/wmtbaltic.lv\/wp-content\/uploads\/2024\/12\/wmt-baltic-sia_107142_9_420x180.jpg","width":420,"height":180,"caption":"WMT Baltic"},"image":{"@id":"https:\/\/wmtbaltic.lv\/#\/schema\/logo\/image\/"},"sameAs":["https:\/\/www.facebook.com\/WMT.Baltic.viscom\/?locale=lv_LV","https:\/\/www.instagram.com\/viscom_wmt\/"]}]}},"_links":{"self":[{"href":"https:\/\/wmtbaltic.lv\/en\/wp-json\/wp\/v2\/product\/6635","targetHints":{"allow":["GET"]}}],"collection":[{"href":"https:\/\/wmtbaltic.lv\/en\/wp-json\/wp\/v2\/product"}],"about":[{"href":"https:\/\/wmtbaltic.lv\/en\/wp-json\/wp\/v2\/types\/product"}],"replies":[{"embeddable":true,"href":"https:\/\/wmtbaltic.lv\/en\/wp-json\/wp\/v2\/comments?post=6635"}],"wp:featuredmedia":[{"embeddable":true,"href":"https:\/\/wmtbaltic.lv\/en\/wp-json\/wp\/v2\/media\/6636"}],"wp:attachment":[{"href":"https:\/\/wmtbaltic.lv\/en\/wp-json\/wp\/v2\/media?parent=6635"}],"wp:term":[{"taxonomy":"product_brand","embeddable":true,"href":"https:\/\/wmtbaltic.lv\/en\/wp-json\/wp\/v2\/product_brand?post=6635"},{"taxonomy":"product_cat","embeddable":true,"href":"https:\/\/wmtbaltic.lv\/en\/wp-json\/wp\/v2\/product_cat?post=6635"},{"taxonomy":"product_tag","embeddable":true,"href":"https:\/\/wmtbaltic.lv\/en\/wp-json\/wp\/v2\/product_tag?post=6635"}],"curies":[{"name":"wp","href":"https:\/\/api.w.org\/{rel}","templated":true}]}}