{"id":6626,"date":"2021-04-15T07:24:53","date_gmt":"2021-04-15T07:24:53","guid":{"rendered":"https:\/\/wmtbaltic.lv\/?post_type=product&#038;p=6626"},"modified":"2021-07-28T11:40:13","modified_gmt":"2021-07-28T11:40:13","slug":"paliktnis-rullu-turetajs-700x700mm-9rulliem-vertikalai-glabasanai","status":"publish","type":"product","link":"https:\/\/wmtbaltic.lv\/en\/product\/paliktnis-rullu-turetajs-700x700mm-9rulliem-vertikalai-glabasanai\/","title":{"rendered":"Paliktnis-ru\u013c\u013cu tur\u0113t\u0101js, 700x700mm (9ru\u013c\u013ciem), vertik\u0101lai glab\u0101\u0161anai"},"content":{"rendered":"<p>Paliktnis-ru\u013c\u013cu tur\u0113t\u0101js, 700x700mm (9 ru\u013c\u013ciem), vertik\u0101lai glab\u0101\u0161anai.<\/p>\n","protected":false},"excerpt":{"rendered":"Paliktnis-ru\u013c\u013cu tur\u0113t\u0101js, 700x700mm (9 ru\u013c\u013ciem), vertik\u0101lai glab\u0101\u0161anai.","protected":false},"featured_media":8351,"comment_status":"closed","ping_status":"closed","template":"","meta":[],"product_brand":[],"product_cat":[308,61,310],"product_tag":[342,686,684,290],"class_list":{"0":"post-6626","1":"product","2":"type-product","3":"status-publish","4":"has-post-thumbnail","6":"product_cat-darbavietas-organizacija","7":"product_cat-instrumenti-aksesuari","8":"product_cat-rullu-turetaji","9":"product_tag-instrumenti","10":"product_tag-paliktnis","11":"product_tag-rullu-turetajs","12":"product_tag-uzlex","14":"first","15":"instock","16":"shipping-taxable","17":"purchasable","18":"product-type-simple"},"yoast_head":"<!-- This site is optimized with the Yoast SEO plugin v27.4 - https:\/\/yoast.com\/product\/yoast-seo-wordpress\/ -->\n<title>Paliktnis-ru\u013c\u013cu tur\u0113t\u0101js, 700x700mm (9ru\u013c\u013ciem), vertik\u0101lai glab\u0101\u0161anai.<\/title>\n<meta name=\"description\" content=\"Paliktnis-ru\u013c\u013cu tur\u0113t\u0101js, 700x700mm (9ru\u013c\u013ciem), vertik\u0101lai glab\u0101\u0161anai. Ru\u013c\u013cu uzglab\u0101\u0161ana. Pre\u010du uzglab\u0101\u0161ana.\" \/>\n<meta name=\"robots\" content=\"index, follow, max-snippet:-1, max-image-preview:large, max-video-preview:-1\" \/>\n<link rel=\"canonical\" href=\"https:\/\/wmtbaltic.lv\/Produkts\/paliktnis-rullu-turetajs-700x700mm-9rulliem-vertikalai-glabasanai\/\" \/>\n<meta property=\"og:locale\" content=\"en_US\" \/>\n<meta property=\"og:type\" content=\"article\" \/>\n<meta property=\"og:title\" content=\"Paliktnis-ru\u013c\u013cu tur\u0113t\u0101js, 700x700mm (9ru\u013c\u013ciem), vertik\u0101lai glab\u0101\u0161anai.\" \/>\n<meta property=\"og:description\" content=\"Paliktnis-ru\u013c\u013cu tur\u0113t\u0101js, 700x700mm (9ru\u013c\u013ciem), vertik\u0101lai glab\u0101\u0161anai. Ru\u013c\u013cu uzglab\u0101\u0161ana. Pre\u010du uzglab\u0101\u0161ana.\" \/>\n<meta property=\"og:url\" content=\"https:\/\/wmtbaltic.lv\/Produkts\/paliktnis-rullu-turetajs-700x700mm-9rulliem-vertikalai-glabasanai\/\" \/>\n<meta property=\"og:site_name\" content=\"WMT Baltic\" \/>\n<meta property=\"article:publisher\" content=\"https:\/\/www.facebook.com\/WMT.Baltic.viscom\/?locale=lv_LV\" \/>\n<meta property=\"article:modified_time\" content=\"2021-07-28T11:40:13+00:00\" \/>\n<meta property=\"og:image\" content=\"https:\/\/wmtbaltic.lv\/wp-content\/uploads\/2021\/04\/new-in-stock_tools.uzlex_-3-768x526.jpg\" \/>\n\t<meta property=\"og:image:width\" content=\"768\" \/>\n\t<meta property=\"og:image:height\" content=\"526\" \/>\n\t<meta property=\"og:image:type\" content=\"image\/jpeg\" \/>\n<meta name=\"twitter:card\" content=\"summary_large_image\" \/>\n<meta name=\"twitter:label1\" content=\"Est. reading time\" \/>\n\t<meta name=\"twitter:data1\" content=\"1 minute\" \/>\n<script type=\"application\/ld+json\" class=\"yoast-schema-graph\">{\"@context\":\"https:\\\/\\\/schema.org\",\"@graph\":[{\"@type\":\"WebPage\",\"@id\":\"https:\\\/\\\/wmtbaltic.lv\\\/Produkts\\\/paliktnis-rullu-turetajs-700x700mm-9rulliem-vertikalai-glabasanai\\\/\",\"url\":\"https:\\\/\\\/wmtbaltic.lv\\\/Produkts\\\/paliktnis-rullu-turetajs-700x700mm-9rulliem-vertikalai-glabasanai\\\/\",\"name\":\"Paliktnis-ru\u013c\u013cu tur\u0113t\u0101js, 700x700mm (9ru\u013c\u013ciem), vertik\u0101lai glab\u0101\u0161anai.\",\"isPartOf\":{\"@id\":\"https:\\\/\\\/wmtbaltic.lv\\\/#website\"},\"primaryImageOfPage\":{\"@id\":\"https:\\\/\\\/wmtbaltic.lv\\\/Produkts\\\/paliktnis-rullu-turetajs-700x700mm-9rulliem-vertikalai-glabasanai\\\/#primaryimage\"},\"image\":{\"@id\":\"https:\\\/\\\/wmtbaltic.lv\\\/Produkts\\\/paliktnis-rullu-turetajs-700x700mm-9rulliem-vertikalai-glabasanai\\\/#primaryimage\"},\"thumbnailUrl\":\"https:\\\/\\\/wmtbaltic.lv\\\/wp-content\\\/uploads\\\/2021\\\/04\\\/new-in-stock_tools.uzlex_-3.jpg\",\"datePublished\":\"2021-04-15T07:24:53+00:00\",\"dateModified\":\"2021-07-28T11:40:13+00:00\",\"description\":\"Paliktnis-ru\u013c\u013cu tur\u0113t\u0101js, 700x700mm (9ru\u013c\u013ciem), vertik\u0101lai glab\u0101\u0161anai. Ru\u013c\u013cu uzglab\u0101\u0161ana. Pre\u010du uzglab\u0101\u0161ana.\",\"breadcrumb\":{\"@id\":\"https:\\\/\\\/wmtbaltic.lv\\\/Produkts\\\/paliktnis-rullu-turetajs-700x700mm-9rulliem-vertikalai-glabasanai\\\/#breadcrumb\"},\"inLanguage\":\"en-US\",\"potentialAction\":[{\"@type\":\"ReadAction\",\"target\":[\"https:\\\/\\\/wmtbaltic.lv\\\/Produkts\\\/paliktnis-rullu-turetajs-700x700mm-9rulliem-vertikalai-glabasanai\\\/\"]}]},{\"@type\":\"ImageObject\",\"inLanguage\":\"en-US\",\"@id\":\"https:\\\/\\\/wmtbaltic.lv\\\/Produkts\\\/paliktnis-rullu-turetajs-700x700mm-9rulliem-vertikalai-glabasanai\\\/#primaryimage\",\"url\":\"https:\\\/\\\/wmtbaltic.lv\\\/wp-content\\\/uploads\\\/2021\\\/04\\\/new-in-stock_tools.uzlex_-3.jpg\",\"contentUrl\":\"https:\\\/\\\/wmtbaltic.lv\\\/wp-content\\\/uploads\\\/2021\\\/04\\\/new-in-stock_tools.uzlex_-3.jpg\",\"width\":780,\"height\":534},{\"@type\":\"BreadcrumbList\",\"@id\":\"https:\\\/\\\/wmtbaltic.lv\\\/Produkts\\\/paliktnis-rullu-turetajs-700x700mm-9rulliem-vertikalai-glabasanai\\\/#breadcrumb\",\"itemListElement\":[{\"@type\":\"ListItem\",\"position\":1,\"name\":\"Home\",\"item\":\"https:\\\/\\\/wmtbaltic.lv\\\/en\\\/\"},{\"@type\":\"ListItem\",\"position\":2,\"name\":\"Products\",\"item\":\"https:\\\/\\\/wmtbaltic.lv\\\/en\\\/shop\\\/\"},{\"@type\":\"ListItem\",\"position\":3,\"name\":\"Paliktnis-ru\u013c\u013cu tur\u0113t\u0101js, 700x700mm (9ru\u013c\u013ciem), vertik\u0101lai glab\u0101\u0161anai\"}]},{\"@type\":\"WebSite\",\"@id\":\"https:\\\/\\\/wmtbaltic.lv\\\/#website\",\"url\":\"https:\\\/\\\/wmtbaltic.lv\\\/\",\"name\":\"WMT Baltic\",\"description\":\"Rekl\u0101mas produkti, pl\u0113ves\",\"publisher\":{\"@id\":\"https:\\\/\\\/wmtbaltic.lv\\\/#organization\"},\"potentialAction\":[{\"@type\":\"SearchAction\",\"target\":{\"@type\":\"EntryPoint\",\"urlTemplate\":\"https:\\\/\\\/wmtbaltic.lv\\\/?s={search_term_string}\"},\"query-input\":{\"@type\":\"PropertyValueSpecification\",\"valueRequired\":true,\"valueName\":\"search_term_string\"}}],\"inLanguage\":\"en-US\"},{\"@type\":\"Organization\",\"@id\":\"https:\\\/\\\/wmtbaltic.lv\\\/#organization\",\"name\":\"WMT Baltic\",\"url\":\"https:\\\/\\\/wmtbaltic.lv\\\/\",\"logo\":{\"@type\":\"ImageObject\",\"inLanguage\":\"en-US\",\"@id\":\"https:\\\/\\\/wmtbaltic.lv\\\/#\\\/schema\\\/logo\\\/image\\\/\",\"url\":\"https:\\\/\\\/wmtbaltic.lv\\\/wp-content\\\/uploads\\\/2024\\\/12\\\/wmt-baltic-sia_107142_9_420x180.jpg\",\"contentUrl\":\"https:\\\/\\\/wmtbaltic.lv\\\/wp-content\\\/uploads\\\/2024\\\/12\\\/wmt-baltic-sia_107142_9_420x180.jpg\",\"width\":420,\"height\":180,\"caption\":\"WMT Baltic\"},\"image\":{\"@id\":\"https:\\\/\\\/wmtbaltic.lv\\\/#\\\/schema\\\/logo\\\/image\\\/\"},\"sameAs\":[\"https:\\\/\\\/www.facebook.com\\\/WMT.Baltic.viscom\\\/?locale=lv_LV\",\"https:\\\/\\\/www.instagram.com\\\/viscom_wmt\\\/\"]}]}<\/script>\n<!-- \/ Yoast SEO plugin. -->","yoast_head_json":{"title":"Paliktnis-ru\u013c\u013cu tur\u0113t\u0101js, 700x700mm (9ru\u013c\u013ciem), vertik\u0101lai glab\u0101\u0161anai.","description":"Paliktnis-ru\u013c\u013cu tur\u0113t\u0101js, 700x700mm (9ru\u013c\u013ciem), vertik\u0101lai glab\u0101\u0161anai. Ru\u013c\u013cu uzglab\u0101\u0161ana. Pre\u010du uzglab\u0101\u0161ana.","robots":{"index":"index","follow":"follow","max-snippet":"max-snippet:-1","max-image-preview":"max-image-preview:large","max-video-preview":"max-video-preview:-1"},"canonical":"https:\/\/wmtbaltic.lv\/Produkts\/paliktnis-rullu-turetajs-700x700mm-9rulliem-vertikalai-glabasanai\/","og_locale":"en_US","og_type":"article","og_title":"Paliktnis-ru\u013c\u013cu tur\u0113t\u0101js, 700x700mm (9ru\u013c\u013ciem), vertik\u0101lai glab\u0101\u0161anai.","og_description":"Paliktnis-ru\u013c\u013cu tur\u0113t\u0101js, 700x700mm (9ru\u013c\u013ciem), vertik\u0101lai glab\u0101\u0161anai. Ru\u013c\u013cu uzglab\u0101\u0161ana. Pre\u010du uzglab\u0101\u0161ana.","og_url":"https:\/\/wmtbaltic.lv\/Produkts\/paliktnis-rullu-turetajs-700x700mm-9rulliem-vertikalai-glabasanai\/","og_site_name":"WMT Baltic","article_publisher":"https:\/\/www.facebook.com\/WMT.Baltic.viscom\/?locale=lv_LV","article_modified_time":"2021-07-28T11:40:13+00:00","og_image":[{"width":768,"height":526,"url":"https:\/\/wmtbaltic.lv\/wp-content\/uploads\/2021\/04\/new-in-stock_tools.uzlex_-3-768x526.jpg","type":"image\/jpeg"}],"twitter_card":"summary_large_image","twitter_misc":{"Est. reading time":"1 minute"},"schema":{"@context":"https:\/\/schema.org","@graph":[{"@type":"WebPage","@id":"https:\/\/wmtbaltic.lv\/Produkts\/paliktnis-rullu-turetajs-700x700mm-9rulliem-vertikalai-glabasanai\/","url":"https:\/\/wmtbaltic.lv\/Produkts\/paliktnis-rullu-turetajs-700x700mm-9rulliem-vertikalai-glabasanai\/","name":"Paliktnis-ru\u013c\u013cu tur\u0113t\u0101js, 700x700mm (9ru\u013c\u013ciem), vertik\u0101lai glab\u0101\u0161anai.","isPartOf":{"@id":"https:\/\/wmtbaltic.lv\/#website"},"primaryImageOfPage":{"@id":"https:\/\/wmtbaltic.lv\/Produkts\/paliktnis-rullu-turetajs-700x700mm-9rulliem-vertikalai-glabasanai\/#primaryimage"},"image":{"@id":"https:\/\/wmtbaltic.lv\/Produkts\/paliktnis-rullu-turetajs-700x700mm-9rulliem-vertikalai-glabasanai\/#primaryimage"},"thumbnailUrl":"https:\/\/wmtbaltic.lv\/wp-content\/uploads\/2021\/04\/new-in-stock_tools.uzlex_-3.jpg","datePublished":"2021-04-15T07:24:53+00:00","dateModified":"2021-07-28T11:40:13+00:00","description":"Paliktnis-ru\u013c\u013cu tur\u0113t\u0101js, 700x700mm (9ru\u013c\u013ciem), vertik\u0101lai glab\u0101\u0161anai. Ru\u013c\u013cu uzglab\u0101\u0161ana. Pre\u010du uzglab\u0101\u0161ana.","breadcrumb":{"@id":"https:\/\/wmtbaltic.lv\/Produkts\/paliktnis-rullu-turetajs-700x700mm-9rulliem-vertikalai-glabasanai\/#breadcrumb"},"inLanguage":"en-US","potentialAction":[{"@type":"ReadAction","target":["https:\/\/wmtbaltic.lv\/Produkts\/paliktnis-rullu-turetajs-700x700mm-9rulliem-vertikalai-glabasanai\/"]}]},{"@type":"ImageObject","inLanguage":"en-US","@id":"https:\/\/wmtbaltic.lv\/Produkts\/paliktnis-rullu-turetajs-700x700mm-9rulliem-vertikalai-glabasanai\/#primaryimage","url":"https:\/\/wmtbaltic.lv\/wp-content\/uploads\/2021\/04\/new-in-stock_tools.uzlex_-3.jpg","contentUrl":"https:\/\/wmtbaltic.lv\/wp-content\/uploads\/2021\/04\/new-in-stock_tools.uzlex_-3.jpg","width":780,"height":534},{"@type":"BreadcrumbList","@id":"https:\/\/wmtbaltic.lv\/Produkts\/paliktnis-rullu-turetajs-700x700mm-9rulliem-vertikalai-glabasanai\/#breadcrumb","itemListElement":[{"@type":"ListItem","position":1,"name":"Home","item":"https:\/\/wmtbaltic.lv\/en\/"},{"@type":"ListItem","position":2,"name":"Products","item":"https:\/\/wmtbaltic.lv\/en\/shop\/"},{"@type":"ListItem","position":3,"name":"Paliktnis-ru\u013c\u013cu tur\u0113t\u0101js, 700x700mm (9ru\u013c\u013ciem), vertik\u0101lai glab\u0101\u0161anai"}]},{"@type":"WebSite","@id":"https:\/\/wmtbaltic.lv\/#website","url":"https:\/\/wmtbaltic.lv\/","name":"WMT Baltic","description":"Rekl\u0101mas produkti, pl\u0113ves","publisher":{"@id":"https:\/\/wmtbaltic.lv\/#organization"},"potentialAction":[{"@type":"SearchAction","target":{"@type":"EntryPoint","urlTemplate":"https:\/\/wmtbaltic.lv\/?s={search_term_string}"},"query-input":{"@type":"PropertyValueSpecification","valueRequired":true,"valueName":"search_term_string"}}],"inLanguage":"en-US"},{"@type":"Organization","@id":"https:\/\/wmtbaltic.lv\/#organization","name":"WMT Baltic","url":"https:\/\/wmtbaltic.lv\/","logo":{"@type":"ImageObject","inLanguage":"en-US","@id":"https:\/\/wmtbaltic.lv\/#\/schema\/logo\/image\/","url":"https:\/\/wmtbaltic.lv\/wp-content\/uploads\/2024\/12\/wmt-baltic-sia_107142_9_420x180.jpg","contentUrl":"https:\/\/wmtbaltic.lv\/wp-content\/uploads\/2024\/12\/wmt-baltic-sia_107142_9_420x180.jpg","width":420,"height":180,"caption":"WMT Baltic"},"image":{"@id":"https:\/\/wmtbaltic.lv\/#\/schema\/logo\/image\/"},"sameAs":["https:\/\/www.facebook.com\/WMT.Baltic.viscom\/?locale=lv_LV","https:\/\/www.instagram.com\/viscom_wmt\/"]}]}},"_links":{"self":[{"href":"https:\/\/wmtbaltic.lv\/en\/wp-json\/wp\/v2\/product\/6626","targetHints":{"allow":["GET"]}}],"collection":[{"href":"https:\/\/wmtbaltic.lv\/en\/wp-json\/wp\/v2\/product"}],"about":[{"href":"https:\/\/wmtbaltic.lv\/en\/wp-json\/wp\/v2\/types\/product"}],"replies":[{"embeddable":true,"href":"https:\/\/wmtbaltic.lv\/en\/wp-json\/wp\/v2\/comments?post=6626"}],"wp:featuredmedia":[{"embeddable":true,"href":"https:\/\/wmtbaltic.lv\/en\/wp-json\/wp\/v2\/media\/8351"}],"wp:attachment":[{"href":"https:\/\/wmtbaltic.lv\/en\/wp-json\/wp\/v2\/media?parent=6626"}],"wp:term":[{"taxonomy":"product_brand","embeddable":true,"href":"https:\/\/wmtbaltic.lv\/en\/wp-json\/wp\/v2\/product_brand?post=6626"},{"taxonomy":"product_cat","embeddable":true,"href":"https:\/\/wmtbaltic.lv\/en\/wp-json\/wp\/v2\/product_cat?post=6626"},{"taxonomy":"product_tag","embeddable":true,"href":"https:\/\/wmtbaltic.lv\/en\/wp-json\/wp\/v2\/product_tag?post=6626"}],"curies":[{"name":"wp","href":"https:\/\/api.w.org\/{rel}","templated":true}]}}