{"id":6623,"date":"2021-04-15T07:08:18","date_gmt":"2021-04-15T07:08:18","guid":{"rendered":"https:\/\/wmtbaltic.lv\/?post_type=product&#038;p=6623"},"modified":"2021-04-15T07:08:19","modified_gmt":"2021-04-15T07:08:19","slug":"elastigs-rulla-turetajs-clic-clic-mini0-015x5m","status":"publish","type":"product","link":"https:\/\/wmtbaltic.lv\/en\/product\/elastigs-rulla-turetajs-clic-clic-mini0-015x5m\/","title":{"rendered":"Elast\u012bgs ru\u013c\u013ca tur\u0113tajs *CLIC CLIC MINI*,0.015x5m"},"content":{"rendered":"<p>Elast\u012bgs ru\u013c\u013ca tur\u0113tajs *CLIC CLIC MINI*,0.015x5m.<\/p>\n","protected":false},"excerpt":{"rendered":"Elast\u012bgs ru\u013c\u013ca tur\u0113tajs *CLIC CLIC MINI*,0.015x5m.","protected":false},"featured_media":6624,"template":"","meta":[],"product_brand":[],"product_cat":[200,308,61,310],"product_tag":[342,675,684,290],"class_list":{"0":"post-6623","1":"product","2":"type-product","3":"status-publish","4":"has-post-thumbnail","6":"product_cat-aksesuari-aplimesanai","7":"product_cat-darbavietas-organizacija","8":"product_cat-instrumenti-aksesuari","9":"product_cat-rullu-turetaji","10":"product_tag-instrumenti","11":"product_tag-pleve","12":"product_tag-rullu-turetajs","13":"product_tag-uzlex","15":"first","16":"instock","17":"shipping-taxable","18":"purchasable","19":"product-type-simple"},"yoast_head":"<!-- This site is optimized with the Yoast SEO plugin v27.4 - https:\/\/yoast.com\/product\/yoast-seo-wordpress\/ -->\n<title>Elast\u012bgs ru\u013c\u013ca tur\u0113tajs *CLIC CLIC MINI*,0.015x5m - WMT Baltic<\/title>\n<meta name=\"description\" content=\"Elast\u012bgs ru\u013c\u013ca tur\u0113tajs *CLIC CLIC MINI*,0.015x5m. Instrumenti Ru\u013c\u013ci Ru\u013c\u013cu tur\u0113tajs pl\u0113ve WMT Baltic veikals.\" \/>\n<meta name=\"robots\" content=\"index, follow, max-snippet:-1, max-image-preview:large, max-video-preview:-1\" \/>\n<link rel=\"canonical\" href=\"https:\/\/wmtbaltic.lv\/Produkts\/elastigs-rulla-turetajs-clic-clic-mini0-015x5m\/\" \/>\n<meta property=\"og:locale\" content=\"en_US\" \/>\n<meta property=\"og:type\" content=\"article\" \/>\n<meta property=\"og:title\" content=\"Elast\u012bgs ru\u013c\u013ca tur\u0113tajs *CLIC CLIC MINI*,0.015x5m - WMT Baltic\" \/>\n<meta property=\"og:description\" content=\"Elast\u012bgs ru\u013c\u013ca tur\u0113tajs *CLIC CLIC MINI*,0.015x5m. Instrumenti Ru\u013c\u013ci Ru\u013c\u013cu tur\u0113tajs pl\u0113ve WMT Baltic veikals.\" \/>\n<meta property=\"og:url\" content=\"https:\/\/wmtbaltic.lv\/Produkts\/elastigs-rulla-turetajs-clic-clic-mini0-015x5m\/\" \/>\n<meta property=\"og:site_name\" content=\"WMT Baltic\" \/>\n<meta property=\"article:publisher\" content=\"https:\/\/www.facebook.com\/WMT.Baltic.viscom\/?locale=lv_LV\" \/>\n<meta property=\"article:modified_time\" content=\"2021-04-15T07:08:19+00:00\" \/>\n<meta property=\"og:image\" content=\"https:\/\/wmtbaltic.lv\/wp-content\/uploads\/2021\/04\/UZLEX_Elastic.Roll_.Holder_21911098.jpg\" \/>\n\t<meta property=\"og:image:width\" content=\"1600\" \/>\n\t<meta property=\"og:image:height\" content=\"1200\" \/>\n\t<meta property=\"og:image:type\" content=\"image\/jpeg\" \/>\n<meta name=\"twitter:card\" content=\"summary_large_image\" \/>\n<meta name=\"twitter:label1\" content=\"Est. reading time\" \/>\n\t<meta name=\"twitter:data1\" content=\"1 minute\" \/>\n<script type=\"application\/ld+json\" class=\"yoast-schema-graph\">{\"@context\":\"https:\\\/\\\/schema.org\",\"@graph\":[{\"@type\":\"WebPage\",\"@id\":\"https:\\\/\\\/wmtbaltic.lv\\\/Produkts\\\/elastigs-rulla-turetajs-clic-clic-mini0-015x5m\\\/\",\"url\":\"https:\\\/\\\/wmtbaltic.lv\\\/Produkts\\\/elastigs-rulla-turetajs-clic-clic-mini0-015x5m\\\/\",\"name\":\"Elast\u012bgs ru\u013c\u013ca tur\u0113tajs *CLIC CLIC MINI*,0.015x5m - WMT Baltic\",\"isPartOf\":{\"@id\":\"https:\\\/\\\/wmtbaltic.lv\\\/#website\"},\"primaryImageOfPage\":{\"@id\":\"https:\\\/\\\/wmtbaltic.lv\\\/Produkts\\\/elastigs-rulla-turetajs-clic-clic-mini0-015x5m\\\/#primaryimage\"},\"image\":{\"@id\":\"https:\\\/\\\/wmtbaltic.lv\\\/Produkts\\\/elastigs-rulla-turetajs-clic-clic-mini0-015x5m\\\/#primaryimage\"},\"thumbnailUrl\":\"https:\\\/\\\/wmtbaltic.lv\\\/wp-content\\\/uploads\\\/2021\\\/04\\\/UZLEX_Elastic.Roll_.Holder_21911098.jpg\",\"datePublished\":\"2021-04-15T07:08:18+00:00\",\"dateModified\":\"2021-04-15T07:08:19+00:00\",\"description\":\"Elast\u012bgs ru\u013c\u013ca tur\u0113tajs *CLIC CLIC MINI*,0.015x5m. Instrumenti Ru\u013c\u013ci Ru\u013c\u013cu tur\u0113tajs pl\u0113ve WMT Baltic veikals.\",\"breadcrumb\":{\"@id\":\"https:\\\/\\\/wmtbaltic.lv\\\/Produkts\\\/elastigs-rulla-turetajs-clic-clic-mini0-015x5m\\\/#breadcrumb\"},\"inLanguage\":\"en-US\",\"potentialAction\":[{\"@type\":\"ReadAction\",\"target\":[\"https:\\\/\\\/wmtbaltic.lv\\\/Produkts\\\/elastigs-rulla-turetajs-clic-clic-mini0-015x5m\\\/\"]}]},{\"@type\":\"ImageObject\",\"inLanguage\":\"en-US\",\"@id\":\"https:\\\/\\\/wmtbaltic.lv\\\/Produkts\\\/elastigs-rulla-turetajs-clic-clic-mini0-015x5m\\\/#primaryimage\",\"url\":\"https:\\\/\\\/wmtbaltic.lv\\\/wp-content\\\/uploads\\\/2021\\\/04\\\/UZLEX_Elastic.Roll_.Holder_21911098.jpg\",\"contentUrl\":\"https:\\\/\\\/wmtbaltic.lv\\\/wp-content\\\/uploads\\\/2021\\\/04\\\/UZLEX_Elastic.Roll_.Holder_21911098.jpg\",\"width\":1600,\"height\":1200},{\"@type\":\"BreadcrumbList\",\"@id\":\"https:\\\/\\\/wmtbaltic.lv\\\/Produkts\\\/elastigs-rulla-turetajs-clic-clic-mini0-015x5m\\\/#breadcrumb\",\"itemListElement\":[{\"@type\":\"ListItem\",\"position\":1,\"name\":\"Home\",\"item\":\"https:\\\/\\\/wmtbaltic.lv\\\/en\\\/\"},{\"@type\":\"ListItem\",\"position\":2,\"name\":\"Shop\",\"item\":\"https:\\\/\\\/wmtbaltic.lv\\\/shop\\\/\"},{\"@type\":\"ListItem\",\"position\":3,\"name\":\"Elast\u012bgs ru\u013c\u013ca tur\u0113tajs *CLIC CLIC MINI*,0.015x5m\"}]},{\"@type\":\"WebSite\",\"@id\":\"https:\\\/\\\/wmtbaltic.lv\\\/#website\",\"url\":\"https:\\\/\\\/wmtbaltic.lv\\\/\",\"name\":\"WMT Baltic\",\"description\":\"Rekl\u0101mas produkti, pl\u0113ves\",\"publisher\":{\"@id\":\"https:\\\/\\\/wmtbaltic.lv\\\/#organization\"},\"potentialAction\":[{\"@type\":\"SearchAction\",\"target\":{\"@type\":\"EntryPoint\",\"urlTemplate\":\"https:\\\/\\\/wmtbaltic.lv\\\/?s={search_term_string}\"},\"query-input\":{\"@type\":\"PropertyValueSpecification\",\"valueRequired\":true,\"valueName\":\"search_term_string\"}}],\"inLanguage\":\"en-US\"},{\"@type\":\"Organization\",\"@id\":\"https:\\\/\\\/wmtbaltic.lv\\\/#organization\",\"name\":\"WMT Baltic\",\"url\":\"https:\\\/\\\/wmtbaltic.lv\\\/\",\"logo\":{\"@type\":\"ImageObject\",\"inLanguage\":\"en-US\",\"@id\":\"https:\\\/\\\/wmtbaltic.lv\\\/#\\\/schema\\\/logo\\\/image\\\/\",\"url\":\"https:\\\/\\\/wmtbaltic.lv\\\/wp-content\\\/uploads\\\/2024\\\/12\\\/wmt-baltic-sia_107142_9_420x180.jpg\",\"contentUrl\":\"https:\\\/\\\/wmtbaltic.lv\\\/wp-content\\\/uploads\\\/2024\\\/12\\\/wmt-baltic-sia_107142_9_420x180.jpg\",\"width\":420,\"height\":180,\"caption\":\"WMT Baltic\"},\"image\":{\"@id\":\"https:\\\/\\\/wmtbaltic.lv\\\/#\\\/schema\\\/logo\\\/image\\\/\"},\"sameAs\":[\"https:\\\/\\\/www.facebook.com\\\/WMT.Baltic.viscom\\\/?locale=lv_LV\",\"https:\\\/\\\/www.instagram.com\\\/viscom_wmt\\\/\"]}]}<\/script>\n<!-- \/ Yoast SEO plugin. -->","yoast_head_json":{"title":"Elast\u012bgs ru\u013c\u013ca tur\u0113tajs *CLIC CLIC MINI*,0.015x5m - WMT Baltic","description":"Elast\u012bgs ru\u013c\u013ca tur\u0113tajs *CLIC CLIC MINI*,0.015x5m. Instrumenti Ru\u013c\u013ci Ru\u013c\u013cu tur\u0113tajs pl\u0113ve WMT Baltic veikals.","robots":{"index":"index","follow":"follow","max-snippet":"max-snippet:-1","max-image-preview":"max-image-preview:large","max-video-preview":"max-video-preview:-1"},"canonical":"https:\/\/wmtbaltic.lv\/Produkts\/elastigs-rulla-turetajs-clic-clic-mini0-015x5m\/","og_locale":"en_US","og_type":"article","og_title":"Elast\u012bgs ru\u013c\u013ca tur\u0113tajs *CLIC CLIC MINI*,0.015x5m - WMT Baltic","og_description":"Elast\u012bgs ru\u013c\u013ca tur\u0113tajs *CLIC CLIC MINI*,0.015x5m. Instrumenti Ru\u013c\u013ci Ru\u013c\u013cu tur\u0113tajs pl\u0113ve WMT Baltic veikals.","og_url":"https:\/\/wmtbaltic.lv\/Produkts\/elastigs-rulla-turetajs-clic-clic-mini0-015x5m\/","og_site_name":"WMT Baltic","article_publisher":"https:\/\/www.facebook.com\/WMT.Baltic.viscom\/?locale=lv_LV","article_modified_time":"2021-04-15T07:08:19+00:00","og_image":[{"width":1600,"height":1200,"url":"https:\/\/wmtbaltic.lv\/wp-content\/uploads\/2021\/04\/UZLEX_Elastic.Roll_.Holder_21911098.jpg","type":"image\/jpeg"}],"twitter_card":"summary_large_image","twitter_misc":{"Est. reading time":"1 minute"},"schema":{"@context":"https:\/\/schema.org","@graph":[{"@type":"WebPage","@id":"https:\/\/wmtbaltic.lv\/Produkts\/elastigs-rulla-turetajs-clic-clic-mini0-015x5m\/","url":"https:\/\/wmtbaltic.lv\/Produkts\/elastigs-rulla-turetajs-clic-clic-mini0-015x5m\/","name":"Elast\u012bgs ru\u013c\u013ca tur\u0113tajs *CLIC CLIC MINI*,0.015x5m - WMT Baltic","isPartOf":{"@id":"https:\/\/wmtbaltic.lv\/#website"},"primaryImageOfPage":{"@id":"https:\/\/wmtbaltic.lv\/Produkts\/elastigs-rulla-turetajs-clic-clic-mini0-015x5m\/#primaryimage"},"image":{"@id":"https:\/\/wmtbaltic.lv\/Produkts\/elastigs-rulla-turetajs-clic-clic-mini0-015x5m\/#primaryimage"},"thumbnailUrl":"https:\/\/wmtbaltic.lv\/wp-content\/uploads\/2021\/04\/UZLEX_Elastic.Roll_.Holder_21911098.jpg","datePublished":"2021-04-15T07:08:18+00:00","dateModified":"2021-04-15T07:08:19+00:00","description":"Elast\u012bgs ru\u013c\u013ca tur\u0113tajs *CLIC CLIC MINI*,0.015x5m. Instrumenti Ru\u013c\u013ci Ru\u013c\u013cu tur\u0113tajs pl\u0113ve WMT Baltic veikals.","breadcrumb":{"@id":"https:\/\/wmtbaltic.lv\/Produkts\/elastigs-rulla-turetajs-clic-clic-mini0-015x5m\/#breadcrumb"},"inLanguage":"en-US","potentialAction":[{"@type":"ReadAction","target":["https:\/\/wmtbaltic.lv\/Produkts\/elastigs-rulla-turetajs-clic-clic-mini0-015x5m\/"]}]},{"@type":"ImageObject","inLanguage":"en-US","@id":"https:\/\/wmtbaltic.lv\/Produkts\/elastigs-rulla-turetajs-clic-clic-mini0-015x5m\/#primaryimage","url":"https:\/\/wmtbaltic.lv\/wp-content\/uploads\/2021\/04\/UZLEX_Elastic.Roll_.Holder_21911098.jpg","contentUrl":"https:\/\/wmtbaltic.lv\/wp-content\/uploads\/2021\/04\/UZLEX_Elastic.Roll_.Holder_21911098.jpg","width":1600,"height":1200},{"@type":"BreadcrumbList","@id":"https:\/\/wmtbaltic.lv\/Produkts\/elastigs-rulla-turetajs-clic-clic-mini0-015x5m\/#breadcrumb","itemListElement":[{"@type":"ListItem","position":1,"name":"Home","item":"https:\/\/wmtbaltic.lv\/en\/"},{"@type":"ListItem","position":2,"name":"Shop","item":"https:\/\/wmtbaltic.lv\/shop\/"},{"@type":"ListItem","position":3,"name":"Elast\u012bgs ru\u013c\u013ca tur\u0113tajs *CLIC CLIC MINI*,0.015x5m"}]},{"@type":"WebSite","@id":"https:\/\/wmtbaltic.lv\/#website","url":"https:\/\/wmtbaltic.lv\/","name":"WMT Baltic","description":"Rekl\u0101mas produkti, pl\u0113ves","publisher":{"@id":"https:\/\/wmtbaltic.lv\/#organization"},"potentialAction":[{"@type":"SearchAction","target":{"@type":"EntryPoint","urlTemplate":"https:\/\/wmtbaltic.lv\/?s={search_term_string}"},"query-input":{"@type":"PropertyValueSpecification","valueRequired":true,"valueName":"search_term_string"}}],"inLanguage":"en-US"},{"@type":"Organization","@id":"https:\/\/wmtbaltic.lv\/#organization","name":"WMT Baltic","url":"https:\/\/wmtbaltic.lv\/","logo":{"@type":"ImageObject","inLanguage":"en-US","@id":"https:\/\/wmtbaltic.lv\/#\/schema\/logo\/image\/","url":"https:\/\/wmtbaltic.lv\/wp-content\/uploads\/2024\/12\/wmt-baltic-sia_107142_9_420x180.jpg","contentUrl":"https:\/\/wmtbaltic.lv\/wp-content\/uploads\/2024\/12\/wmt-baltic-sia_107142_9_420x180.jpg","width":420,"height":180,"caption":"WMT Baltic"},"image":{"@id":"https:\/\/wmtbaltic.lv\/#\/schema\/logo\/image\/"},"sameAs":["https:\/\/www.facebook.com\/WMT.Baltic.viscom\/?locale=lv_LV","https:\/\/www.instagram.com\/viscom_wmt\/"]}]}},"_links":{"self":[{"href":"https:\/\/wmtbaltic.lv\/en\/wp-json\/wp\/v2\/product\/6623","targetHints":{"allow":["GET"]}}],"collection":[{"href":"https:\/\/wmtbaltic.lv\/en\/wp-json\/wp\/v2\/product"}],"about":[{"href":"https:\/\/wmtbaltic.lv\/en\/wp-json\/wp\/v2\/types\/product"}],"wp:featuredmedia":[{"embeddable":true,"href":"https:\/\/wmtbaltic.lv\/en\/wp-json\/wp\/v2\/media\/6624"}],"wp:attachment":[{"href":"https:\/\/wmtbaltic.lv\/en\/wp-json\/wp\/v2\/media?parent=6623"}],"wp:term":[{"taxonomy":"product_brand","embeddable":true,"href":"https:\/\/wmtbaltic.lv\/en\/wp-json\/wp\/v2\/product_brand?post=6623"},{"taxonomy":"product_cat","embeddable":true,"href":"https:\/\/wmtbaltic.lv\/en\/wp-json\/wp\/v2\/product_cat?post=6623"},{"taxonomy":"product_tag","embeddable":true,"href":"https:\/\/wmtbaltic.lv\/en\/wp-json\/wp\/v2\/product_tag?post=6623"}],"curies":[{"name":"wp","href":"https:\/\/api.w.org\/{rel}","templated":true}]}}