{"id":6537,"date":"2021-04-13T12:56:14","date_gmt":"2021-04-13T12:56:14","guid":{"rendered":"https:\/\/wmtbaltic.lv\/?post_type=product&#038;p=6537"},"modified":"2025-07-29T07:29:08","modified_gmt":"2025-07-29T07:29:08","slug":"skrapis-ar-metala-asmeni","status":"publish","type":"product","link":"https:\/\/wmtbaltic.lv\/en\/product\/skrapis-ar-metala-asmeni\/","title":{"rendered":"Skr\u0101pis ar met\u0101la asmeni"},"content":{"rendered":"<p><strong>Skr\u0101pis ar met\u0101la asmeni.<\/strong><\/p>\n<p>&nbsp;<\/p>\n","protected":false},"excerpt":{"rendered":"Skr\u0101pis ar met\u0101la asmeni. &nbsp;","protected":false},"featured_media":6538,"comment_status":"closed","ping_status":"closed","template":"","meta":[],"product_brand":[],"product_cat":[200,305,61],"product_tag":[342,676,674,290],"class_list":{"0":"post-6537","1":"product","2":"type-product","3":"status-publish","4":"has-post-thumbnail","6":"product_cat-aksesuari-aplimesanai","7":"product_cat-instrumenti-materialu-nonemsanai","8":"product_cat-instrumenti-aksesuari","9":"product_tag-instrumenti","10":"product_tag-nonemsana","11":"product_tag-skrapis","12":"product_tag-uzlex","14":"first","15":"instock","16":"shipping-taxable","17":"purchasable","18":"product-type-simple"},"yoast_head":"<!-- This site is optimized with the Yoast SEO plugin v27.4 - https:\/\/yoast.com\/product\/yoast-seo-wordpress\/ -->\n<title>Skr\u0101pis ar met\u0101la asmeni. WMT Baltic. Instrumenti materi\u0101la no\u0146em\u0161anai.<\/title>\n<meta name=\"description\" content=\"Skr\u0101pis ar met\u0101la asmeni. Aksesu\u0101ri apl\u012bm\u0113\u0161anai. Instrumenti materi\u0101la no\u0146em\u0161anai. WMT Baltic veikals R\u012bga.\" \/>\n<meta name=\"robots\" content=\"index, follow, max-snippet:-1, max-image-preview:large, max-video-preview:-1\" \/>\n<link rel=\"canonical\" href=\"https:\/\/wmtbaltic.lv\/product\/skrapis-ar-metala-asmeni\/\" \/>\n<meta property=\"og:locale\" content=\"en_US\" \/>\n<meta property=\"og:type\" content=\"article\" \/>\n<meta property=\"og:title\" content=\"Skr\u0101pis ar met\u0101la asmeni. WMT Baltic. Instrumenti materi\u0101la no\u0146em\u0161anai.\" \/>\n<meta property=\"og:description\" content=\"Skr\u0101pis ar met\u0101la asmeni. Aksesu\u0101ri apl\u012bm\u0113\u0161anai. Instrumenti materi\u0101la no\u0146em\u0161anai. WMT Baltic veikals R\u012bga.\" \/>\n<meta property=\"og:url\" content=\"https:\/\/wmtbaltic.lv\/product\/skrapis-ar-metala-asmeni\/\" \/>\n<meta property=\"og:site_name\" content=\"WMT Baltic\" \/>\n<meta property=\"article:publisher\" content=\"https:\/\/www.facebook.com\/WMT.Baltic.viscom\/?locale=lv_LV\" \/>\n<meta property=\"article:modified_time\" content=\"2025-07-29T07:29:08+00:00\" \/>\n<meta property=\"og:image\" content=\"http:\/\/wmtbaltic.lv\/wp-content\/uploads\/2021\/04\/tools.uzlex_.eu_removal.tool_.jpg\" \/>\n\t<meta property=\"og:image:width\" content=\"800\" \/>\n\t<meta property=\"og:image:height\" content=\"600\" \/>\n\t<meta property=\"og:image:type\" content=\"image\/jpeg\" \/>\n<meta name=\"twitter:card\" content=\"summary_large_image\" \/>\n<meta name=\"twitter:label1\" content=\"Est. reading time\" \/>\n\t<meta name=\"twitter:data1\" content=\"1 minute\" \/>\n<script type=\"application\/ld+json\" class=\"yoast-schema-graph\">{\"@context\":\"https:\\\/\\\/schema.org\",\"@graph\":[{\"@type\":\"WebPage\",\"@id\":\"https:\\\/\\\/wmtbaltic.lv\\\/product\\\/skrapis-ar-metala-asmeni\\\/\",\"url\":\"https:\\\/\\\/wmtbaltic.lv\\\/product\\\/skrapis-ar-metala-asmeni\\\/\",\"name\":\"Skr\u0101pis ar met\u0101la asmeni. WMT Baltic. Instrumenti materi\u0101la no\u0146em\u0161anai.\",\"isPartOf\":{\"@id\":\"https:\\\/\\\/wmtbaltic.lv\\\/#website\"},\"primaryImageOfPage\":{\"@id\":\"https:\\\/\\\/wmtbaltic.lv\\\/product\\\/skrapis-ar-metala-asmeni\\\/#primaryimage\"},\"image\":{\"@id\":\"https:\\\/\\\/wmtbaltic.lv\\\/product\\\/skrapis-ar-metala-asmeni\\\/#primaryimage\"},\"thumbnailUrl\":\"https:\\\/\\\/wmtbaltic.lv\\\/wp-content\\\/uploads\\\/2021\\\/04\\\/tools.uzlex_.eu_removal.tool_.jpg\",\"datePublished\":\"2021-04-13T12:56:14+00:00\",\"dateModified\":\"2025-07-29T07:29:08+00:00\",\"description\":\"Skr\u0101pis ar met\u0101la asmeni. Aksesu\u0101ri apl\u012bm\u0113\u0161anai. Instrumenti materi\u0101la no\u0146em\u0161anai. WMT Baltic veikals R\u012bga.\",\"breadcrumb\":{\"@id\":\"https:\\\/\\\/wmtbaltic.lv\\\/product\\\/skrapis-ar-metala-asmeni\\\/#breadcrumb\"},\"inLanguage\":\"en-US\",\"potentialAction\":[{\"@type\":\"ReadAction\",\"target\":[\"https:\\\/\\\/wmtbaltic.lv\\\/product\\\/skrapis-ar-metala-asmeni\\\/\"]}]},{\"@type\":\"ImageObject\",\"inLanguage\":\"en-US\",\"@id\":\"https:\\\/\\\/wmtbaltic.lv\\\/product\\\/skrapis-ar-metala-asmeni\\\/#primaryimage\",\"url\":\"https:\\\/\\\/wmtbaltic.lv\\\/wp-content\\\/uploads\\\/2021\\\/04\\\/tools.uzlex_.eu_removal.tool_.jpg\",\"contentUrl\":\"https:\\\/\\\/wmtbaltic.lv\\\/wp-content\\\/uploads\\\/2021\\\/04\\\/tools.uzlex_.eu_removal.tool_.jpg\",\"width\":800,\"height\":600},{\"@type\":\"BreadcrumbList\",\"@id\":\"https:\\\/\\\/wmtbaltic.lv\\\/product\\\/skrapis-ar-metala-asmeni\\\/#breadcrumb\",\"itemListElement\":[{\"@type\":\"ListItem\",\"position\":1,\"name\":\"Home\",\"item\":\"https:\\\/\\\/wmtbaltic.lv\\\/en\\\/\"},{\"@type\":\"ListItem\",\"position\":2,\"name\":\"Products\",\"item\":\"https:\\\/\\\/wmtbaltic.lv\\\/en\\\/shop\\\/\"},{\"@type\":\"ListItem\",\"position\":3,\"name\":\"Skr\u0101pis ar met\u0101la asmeni\"}]},{\"@type\":\"WebSite\",\"@id\":\"https:\\\/\\\/wmtbaltic.lv\\\/#website\",\"url\":\"https:\\\/\\\/wmtbaltic.lv\\\/\",\"name\":\"WMT Baltic\",\"description\":\"Rekl\u0101mas produkti, pl\u0113ves\",\"publisher\":{\"@id\":\"https:\\\/\\\/wmtbaltic.lv\\\/#organization\"},\"potentialAction\":[{\"@type\":\"SearchAction\",\"target\":{\"@type\":\"EntryPoint\",\"urlTemplate\":\"https:\\\/\\\/wmtbaltic.lv\\\/?s={search_term_string}\"},\"query-input\":{\"@type\":\"PropertyValueSpecification\",\"valueRequired\":true,\"valueName\":\"search_term_string\"}}],\"inLanguage\":\"en-US\"},{\"@type\":\"Organization\",\"@id\":\"https:\\\/\\\/wmtbaltic.lv\\\/#organization\",\"name\":\"WMT Baltic\",\"url\":\"https:\\\/\\\/wmtbaltic.lv\\\/\",\"logo\":{\"@type\":\"ImageObject\",\"inLanguage\":\"en-US\",\"@id\":\"https:\\\/\\\/wmtbaltic.lv\\\/#\\\/schema\\\/logo\\\/image\\\/\",\"url\":\"https:\\\/\\\/wmtbaltic.lv\\\/wp-content\\\/uploads\\\/2024\\\/12\\\/wmt-baltic-sia_107142_9_420x180.jpg\",\"contentUrl\":\"https:\\\/\\\/wmtbaltic.lv\\\/wp-content\\\/uploads\\\/2024\\\/12\\\/wmt-baltic-sia_107142_9_420x180.jpg\",\"width\":420,\"height\":180,\"caption\":\"WMT Baltic\"},\"image\":{\"@id\":\"https:\\\/\\\/wmtbaltic.lv\\\/#\\\/schema\\\/logo\\\/image\\\/\"},\"sameAs\":[\"https:\\\/\\\/www.facebook.com\\\/WMT.Baltic.viscom\\\/?locale=lv_LV\",\"https:\\\/\\\/www.instagram.com\\\/viscom_wmt\\\/\"]}]}<\/script>\n<!-- \/ Yoast SEO plugin. -->","yoast_head_json":{"title":"Skr\u0101pis ar met\u0101la asmeni. WMT Baltic. Instrumenti materi\u0101la no\u0146em\u0161anai.","description":"Skr\u0101pis ar met\u0101la asmeni. Aksesu\u0101ri apl\u012bm\u0113\u0161anai. Instrumenti materi\u0101la no\u0146em\u0161anai. WMT Baltic veikals R\u012bga.","robots":{"index":"index","follow":"follow","max-snippet":"max-snippet:-1","max-image-preview":"max-image-preview:large","max-video-preview":"max-video-preview:-1"},"canonical":"https:\/\/wmtbaltic.lv\/product\/skrapis-ar-metala-asmeni\/","og_locale":"en_US","og_type":"article","og_title":"Skr\u0101pis ar met\u0101la asmeni. WMT Baltic. Instrumenti materi\u0101la no\u0146em\u0161anai.","og_description":"Skr\u0101pis ar met\u0101la asmeni. Aksesu\u0101ri apl\u012bm\u0113\u0161anai. Instrumenti materi\u0101la no\u0146em\u0161anai. WMT Baltic veikals R\u012bga.","og_url":"https:\/\/wmtbaltic.lv\/product\/skrapis-ar-metala-asmeni\/","og_site_name":"WMT Baltic","article_publisher":"https:\/\/www.facebook.com\/WMT.Baltic.viscom\/?locale=lv_LV","article_modified_time":"2025-07-29T07:29:08+00:00","og_image":[{"width":800,"height":600,"url":"http:\/\/wmtbaltic.lv\/wp-content\/uploads\/2021\/04\/tools.uzlex_.eu_removal.tool_.jpg","type":"image\/jpeg"}],"twitter_card":"summary_large_image","twitter_misc":{"Est. reading time":"1 minute"},"schema":{"@context":"https:\/\/schema.org","@graph":[{"@type":"WebPage","@id":"https:\/\/wmtbaltic.lv\/product\/skrapis-ar-metala-asmeni\/","url":"https:\/\/wmtbaltic.lv\/product\/skrapis-ar-metala-asmeni\/","name":"Skr\u0101pis ar met\u0101la asmeni. WMT Baltic. Instrumenti materi\u0101la no\u0146em\u0161anai.","isPartOf":{"@id":"https:\/\/wmtbaltic.lv\/#website"},"primaryImageOfPage":{"@id":"https:\/\/wmtbaltic.lv\/product\/skrapis-ar-metala-asmeni\/#primaryimage"},"image":{"@id":"https:\/\/wmtbaltic.lv\/product\/skrapis-ar-metala-asmeni\/#primaryimage"},"thumbnailUrl":"https:\/\/wmtbaltic.lv\/wp-content\/uploads\/2021\/04\/tools.uzlex_.eu_removal.tool_.jpg","datePublished":"2021-04-13T12:56:14+00:00","dateModified":"2025-07-29T07:29:08+00:00","description":"Skr\u0101pis ar met\u0101la asmeni. Aksesu\u0101ri apl\u012bm\u0113\u0161anai. Instrumenti materi\u0101la no\u0146em\u0161anai. WMT Baltic veikals R\u012bga.","breadcrumb":{"@id":"https:\/\/wmtbaltic.lv\/product\/skrapis-ar-metala-asmeni\/#breadcrumb"},"inLanguage":"en-US","potentialAction":[{"@type":"ReadAction","target":["https:\/\/wmtbaltic.lv\/product\/skrapis-ar-metala-asmeni\/"]}]},{"@type":"ImageObject","inLanguage":"en-US","@id":"https:\/\/wmtbaltic.lv\/product\/skrapis-ar-metala-asmeni\/#primaryimage","url":"https:\/\/wmtbaltic.lv\/wp-content\/uploads\/2021\/04\/tools.uzlex_.eu_removal.tool_.jpg","contentUrl":"https:\/\/wmtbaltic.lv\/wp-content\/uploads\/2021\/04\/tools.uzlex_.eu_removal.tool_.jpg","width":800,"height":600},{"@type":"BreadcrumbList","@id":"https:\/\/wmtbaltic.lv\/product\/skrapis-ar-metala-asmeni\/#breadcrumb","itemListElement":[{"@type":"ListItem","position":1,"name":"Home","item":"https:\/\/wmtbaltic.lv\/en\/"},{"@type":"ListItem","position":2,"name":"Products","item":"https:\/\/wmtbaltic.lv\/en\/shop\/"},{"@type":"ListItem","position":3,"name":"Skr\u0101pis ar met\u0101la asmeni"}]},{"@type":"WebSite","@id":"https:\/\/wmtbaltic.lv\/#website","url":"https:\/\/wmtbaltic.lv\/","name":"WMT Baltic","description":"Rekl\u0101mas produkti, pl\u0113ves","publisher":{"@id":"https:\/\/wmtbaltic.lv\/#organization"},"potentialAction":[{"@type":"SearchAction","target":{"@type":"EntryPoint","urlTemplate":"https:\/\/wmtbaltic.lv\/?s={search_term_string}"},"query-input":{"@type":"PropertyValueSpecification","valueRequired":true,"valueName":"search_term_string"}}],"inLanguage":"en-US"},{"@type":"Organization","@id":"https:\/\/wmtbaltic.lv\/#organization","name":"WMT Baltic","url":"https:\/\/wmtbaltic.lv\/","logo":{"@type":"ImageObject","inLanguage":"en-US","@id":"https:\/\/wmtbaltic.lv\/#\/schema\/logo\/image\/","url":"https:\/\/wmtbaltic.lv\/wp-content\/uploads\/2024\/12\/wmt-baltic-sia_107142_9_420x180.jpg","contentUrl":"https:\/\/wmtbaltic.lv\/wp-content\/uploads\/2024\/12\/wmt-baltic-sia_107142_9_420x180.jpg","width":420,"height":180,"caption":"WMT Baltic"},"image":{"@id":"https:\/\/wmtbaltic.lv\/#\/schema\/logo\/image\/"},"sameAs":["https:\/\/www.facebook.com\/WMT.Baltic.viscom\/?locale=lv_LV","https:\/\/www.instagram.com\/viscom_wmt\/"]}]}},"_links":{"self":[{"href":"https:\/\/wmtbaltic.lv\/en\/wp-json\/wp\/v2\/product\/6537","targetHints":{"allow":["GET"]}}],"collection":[{"href":"https:\/\/wmtbaltic.lv\/en\/wp-json\/wp\/v2\/product"}],"about":[{"href":"https:\/\/wmtbaltic.lv\/en\/wp-json\/wp\/v2\/types\/product"}],"replies":[{"embeddable":true,"href":"https:\/\/wmtbaltic.lv\/en\/wp-json\/wp\/v2\/comments?post=6537"}],"wp:featuredmedia":[{"embeddable":true,"href":"https:\/\/wmtbaltic.lv\/en\/wp-json\/wp\/v2\/media\/6538"}],"wp:attachment":[{"href":"https:\/\/wmtbaltic.lv\/en\/wp-json\/wp\/v2\/media?parent=6537"}],"wp:term":[{"taxonomy":"product_brand","embeddable":true,"href":"https:\/\/wmtbaltic.lv\/en\/wp-json\/wp\/v2\/product_brand?post=6537"},{"taxonomy":"product_cat","embeddable":true,"href":"https:\/\/wmtbaltic.lv\/en\/wp-json\/wp\/v2\/product_cat?post=6537"},{"taxonomy":"product_tag","embeddable":true,"href":"https:\/\/wmtbaltic.lv\/en\/wp-json\/wp\/v2\/product_tag?post=6537"}],"curies":[{"name":"wp","href":"https:\/\/api.w.org\/{rel}","templated":true}]}}